{"id":1503,"date":"2024-08-16T16:36:17","date_gmt":"2024-08-16T21:36:17","guid":{"rendered":"https:\/\/tecnnova.org\/portafolio-de-capacidades\/?post_type=product&#038;p=1503"},"modified":"2024-08-16T16:36:20","modified_gmt":"2024-08-16T21:36:20","slug":"determinar-emisiones-entericas-de-gases-de-efecto-invernadero-en-vacunos-empleando-tecnicas-respirometricas","status":"publish","type":"product","link":"https:\/\/tecnnova.org\/portafolio-de-capacidades\/naturaleza-y-recursos\/determinar-emisiones-de-gases-en-vacunos\/","title":{"rendered":"Determinar emisiones ent\u00e9ricas de gases de efecto invernadero en vacunos empleando t\u00e9cnicas respirom\u00e9tricas"},"content":{"rendered":"<p>El sistema permite establecer factores de emisi\u00f3n de gases de efecto invernadero, evaluar estrategias de mitigaci\u00f3n, desarrollo de aditivos encaminados a reducir las emisiones de gases de efecto invernadero, establecer inventarios de emisiones, determinar eficiencias de utilizaci\u00f3n de la energ\u00eda, intensidad de la emisi\u00f3n, determinar aportes energ\u00e9ticos de los alimentos para animales y determinaci\u00f3n de requerimientos nutricionales en animales de inter\u00e9s zootecnico<\/p>\n","protected":false},"excerpt":{"rendered":"<p>El sistema permite establecer factores de emisi\u00f3n de gases de efecto invernadero, evaluar estrategias de mitigaci\u00f3n, desarrollo de aditivos encaminados a reducir las emisiones de gases de efecto invernadero, establecer inventarios de emisiones, determinar eficiencias de utilizaci\u00f3n de la energ\u00eda, intensidad de la emisi\u00f3n, determinar aportes energ\u00e9ticos de los alimentos para animales y determinaci\u00f3n de [&hellip;]<\/p>\n","protected":false},"featured_media":903,"template":"","meta":{"_acf_changed":false},"product_cat":[2579],"product_tag":[2673,2674,2675,2676,2677,2678,2679,2680,2681,2682,2578,2683],"class_list":{"0":"post-1503","1":"product","2":"type-product","3":"status-publish","4":"has-post-thumbnail","6":"product_cat-naturaleza-y-recursos","7":"product_tag-emisiones-entericas","8":"product_tag-gases-de-efecto-invernadero","9":"product_tag-grica","10":"product_tag-impacto-ambiental","11":"product_tag-medicion-de-emisiones","12":"product_tag-monitoreo-de-gases","13":"product_tag-produccion-animal","14":"product_tag-respirometria","15":"product_tag-sostenibilidad-agropecuaria","16":"product_tag-tecnicas-respirometricas","17":"product_tag-tecnnova","18":"product_tag-vacunos","20":"first","21":"instock","22":"shipping-taxable","23":"product-type-simple"},"acf":[],"yoast_head":"<!-- This site is optimized with the Yoast SEO plugin v23.3 - https:\/\/yoast.com\/wordpress\/plugins\/seo\/ -->\n<title>Determinar emisiones ent\u00e9ricas de gases de efecto invernadero en vacunos empleando t\u00e9cnicas respirom\u00e9tricas - Portafolio de capacidades - Tecnnova<\/title>\n<meta name=\"robots\" content=\"index, follow, max-snippet:-1, max-image-preview:large, max-video-preview:-1\" \/>\n<link rel=\"canonical\" href=\"https:\/\/tecnnova.org\/portafolio-de-capacidades\/naturaleza-y-recursos\/determinar-emisiones-de-gases-en-vacunos\/\" \/>\n<meta property=\"og:locale\" content=\"es_ES\" \/>\n<meta property=\"og:type\" content=\"article\" \/>\n<meta property=\"og:title\" content=\"Determinar emisiones ent\u00e9ricas de gases de efecto invernadero en vacunos empleando t\u00e9cnicas respirom\u00e9tricas - Portafolio de capacidades - Tecnnova\" \/>\n<meta property=\"og:description\" content=\"El sistema permite establecer factores de emisi\u00f3n de gases de efecto invernadero, evaluar estrategias de mitigaci\u00f3n, desarrollo de aditivos encaminados a reducir las emisiones de gases de efecto invernadero, establecer inventarios de emisiones, determinar eficiencias de utilizaci\u00f3n de la energ\u00eda, intensidad de la emisi\u00f3n, determinar aportes energ\u00e9ticos de los alimentos para animales y determinaci\u00f3n de [&hellip;]\" \/>\n<meta property=\"og:url\" content=\"https:\/\/tecnnova.org\/portafolio-de-capacidades\/naturaleza-y-recursos\/determinar-emisiones-de-gases-en-vacunos\/\" \/>\n<meta property=\"og:site_name\" content=\"Portafolio de capacidades - Tecnnova\" \/>\n<meta property=\"article:publisher\" content=\"https:\/\/www.facebook.com\/Tecnnova_UEE-637591033015381\" \/>\n<meta property=\"article:modified_time\" content=\"2024-08-16T21:36:20+00:00\" \/>\n<meta property=\"og:image\" content=\"https:\/\/tecnnova.org\/portafolio-de-capacidades\/wp-content\/uploads\/2024\/08\/iconnaturalezayrecursos.png\" \/>\n\t<meta property=\"og:image:width\" content=\"100\" \/>\n\t<meta property=\"og:image:height\" content=\"100\" \/>\n\t<meta property=\"og:image:type\" content=\"image\/png\" \/>\n<meta name=\"twitter:card\" content=\"summary_large_image\" \/>\n<meta name=\"twitter:site\" content=\"@Tecnnova_UEE\" \/>\n<script type=\"application\/ld+json\" class=\"yoast-schema-graph\">{\"@context\":\"https:\/\/schema.org\",\"@graph\":[{\"@type\":\"WebPage\",\"@id\":\"https:\/\/tecnnova.org\/portafolio-de-capacidades\/naturaleza-y-recursos\/determinar-emisiones-de-gases-en-vacunos\/\",\"url\":\"https:\/\/tecnnova.org\/portafolio-de-capacidades\/naturaleza-y-recursos\/determinar-emisiones-de-gases-en-vacunos\/\",\"name\":\"Determinar emisiones ent\u00e9ricas de gases de efecto invernadero en vacunos empleando t\u00e9cnicas respirom\u00e9tricas - Portafolio de capacidades - Tecnnova\",\"isPartOf\":{\"@id\":\"https:\/\/tecnnova.org\/portafolio-de-capacidades\/#website\"},\"primaryImageOfPage\":{\"@id\":\"https:\/\/tecnnova.org\/portafolio-de-capacidades\/naturaleza-y-recursos\/determinar-emisiones-de-gases-en-vacunos\/#primaryimage\"},\"image\":{\"@id\":\"https:\/\/tecnnova.org\/portafolio-de-capacidades\/naturaleza-y-recursos\/determinar-emisiones-de-gases-en-vacunos\/#primaryimage\"},\"thumbnailUrl\":\"https:\/\/tecnnova.org\/portafolio-de-capacidades\/wp-content\/uploads\/2024\/08\/iconnaturalezayrecursos.png\",\"datePublished\":\"2024-08-16T21:36:17+00:00\",\"dateModified\":\"2024-08-16T21:36:20+00:00\",\"breadcrumb\":{\"@id\":\"https:\/\/tecnnova.org\/portafolio-de-capacidades\/naturaleza-y-recursos\/determinar-emisiones-de-gases-en-vacunos\/#breadcrumb\"},\"inLanguage\":\"es-CO\",\"potentialAction\":[{\"@type\":\"ReadAction\",\"target\":[\"https:\/\/tecnnova.org\/portafolio-de-capacidades\/naturaleza-y-recursos\/determinar-emisiones-de-gases-en-vacunos\/\"]}]},{\"@type\":\"ImageObject\",\"inLanguage\":\"es-CO\",\"@id\":\"https:\/\/tecnnova.org\/portafolio-de-capacidades\/naturaleza-y-recursos\/determinar-emisiones-de-gases-en-vacunos\/#primaryimage\",\"url\":\"https:\/\/tecnnova.org\/portafolio-de-capacidades\/wp-content\/uploads\/2024\/08\/iconnaturalezayrecursos.png\",\"contentUrl\":\"https:\/\/tecnnova.org\/portafolio-de-capacidades\/wp-content\/uploads\/2024\/08\/iconnaturalezayrecursos.png\",\"width\":100,\"height\":100},{\"@type\":\"BreadcrumbList\",\"@id\":\"https:\/\/tecnnova.org\/portafolio-de-capacidades\/naturaleza-y-recursos\/determinar-emisiones-de-gases-en-vacunos\/#breadcrumb\",\"itemListElement\":[{\"@type\":\"ListItem\",\"position\":1,\"name\":\"Inicio\",\"item\":\"https:\/\/tecnnova.org\/portafolio-de-capacidades\/\"},{\"@type\":\"ListItem\",\"position\":2,\"name\":\"Portafolio de Capacidades\",\"item\":\"https:\/\/tecnnova.org\/portafolio-de-capacidades\/\"},{\"@type\":\"ListItem\",\"position\":3,\"name\":\"Determinar emisiones ent\u00e9ricas de gases de efecto invernadero en vacunos empleando t\u00e9cnicas respirom\u00e9tricas\"}]},{\"@type\":\"WebSite\",\"@id\":\"https:\/\/tecnnova.org\/portafolio-de-capacidades\/#website\",\"url\":\"https:\/\/tecnnova.org\/portafolio-de-capacidades\/\",\"name\":\"Portafolio de capacidades - Tecnnova\",\"description\":\"\",\"publisher\":{\"@id\":\"https:\/\/tecnnova.org\/portafolio-de-capacidades\/#organization\"},\"potentialAction\":[{\"@type\":\"SearchAction\",\"target\":{\"@type\":\"EntryPoint\",\"urlTemplate\":\"https:\/\/tecnnova.org\/portafolio-de-capacidades\/?s={search_term_string}\"},\"query-input\":\"required name=search_term_string\"}],\"inLanguage\":\"es-CO\"},{\"@type\":\"Organization\",\"@id\":\"https:\/\/tecnnova.org\/portafolio-de-capacidades\/#organization\",\"name\":\"Portafolio de capacidades - Tecnnova\",\"url\":\"https:\/\/tecnnova.org\/portafolio-de-capacidades\/\",\"logo\":{\"@type\":\"ImageObject\",\"inLanguage\":\"es-CO\",\"@id\":\"https:\/\/tecnnova.org\/portafolio-de-capacidades\/#\/schema\/logo\/image\/\",\"url\":\"https:\/\/tecnnova.org\/portafolio-de-capacidades\/wp-content\/uploads\/2024\/07\/cropped-TECNNOVA-2022-02.png\",\"contentUrl\":\"https:\/\/tecnnova.org\/portafolio-de-capacidades\/wp-content\/uploads\/2024\/07\/cropped-TECNNOVA-2022-02.png\",\"width\":1609,\"height\":428,\"caption\":\"Portafolio de capacidades - Tecnnova\"},\"image\":{\"@id\":\"https:\/\/tecnnova.org\/portafolio-de-capacidades\/#\/schema\/logo\/image\/\"},\"sameAs\":[\"https:\/\/www.facebook.com\/Tecnnova_UEE-637591033015381\",\"https:\/\/x.com\/Tecnnova_UEE\"]}]}<\/script>\n<!-- \/ Yoast SEO plugin. -->","yoast_head_json":{"title":"Determinar emisiones ent\u00e9ricas de gases de efecto invernadero en vacunos empleando t\u00e9cnicas respirom\u00e9tricas - Portafolio de capacidades - Tecnnova","robots":{"index":"index","follow":"follow","max-snippet":"max-snippet:-1","max-image-preview":"max-image-preview:large","max-video-preview":"max-video-preview:-1"},"canonical":"https:\/\/tecnnova.org\/portafolio-de-capacidades\/naturaleza-y-recursos\/determinar-emisiones-de-gases-en-vacunos\/","og_locale":"es_ES","og_type":"article","og_title":"Determinar emisiones ent\u00e9ricas de gases de efecto invernadero en vacunos empleando t\u00e9cnicas respirom\u00e9tricas - Portafolio de capacidades - Tecnnova","og_description":"El sistema permite establecer factores de emisi\u00f3n de gases de efecto invernadero, evaluar estrategias de mitigaci\u00f3n, desarrollo de aditivos encaminados a reducir las emisiones de gases de efecto invernadero, establecer inventarios de emisiones, determinar eficiencias de utilizaci\u00f3n de la energ\u00eda, intensidad de la emisi\u00f3n, determinar aportes energ\u00e9ticos de los alimentos para animales y determinaci\u00f3n de [&hellip;]","og_url":"https:\/\/tecnnova.org\/portafolio-de-capacidades\/naturaleza-y-recursos\/determinar-emisiones-de-gases-en-vacunos\/","og_site_name":"Portafolio de capacidades - Tecnnova","article_publisher":"https:\/\/www.facebook.com\/Tecnnova_UEE-637591033015381","article_modified_time":"2024-08-16T21:36:20+00:00","og_image":[{"width":100,"height":100,"url":"https:\/\/tecnnova.org\/portafolio-de-capacidades\/wp-content\/uploads\/2024\/08\/iconnaturalezayrecursos.png","type":"image\/png"}],"twitter_card":"summary_large_image","twitter_site":"@Tecnnova_UEE","schema":{"@context":"https:\/\/schema.org","@graph":[{"@type":"WebPage","@id":"https:\/\/tecnnova.org\/portafolio-de-capacidades\/naturaleza-y-recursos\/determinar-emisiones-de-gases-en-vacunos\/","url":"https:\/\/tecnnova.org\/portafolio-de-capacidades\/naturaleza-y-recursos\/determinar-emisiones-de-gases-en-vacunos\/","name":"Determinar emisiones ent\u00e9ricas de gases de efecto invernadero en vacunos empleando t\u00e9cnicas respirom\u00e9tricas - Portafolio de capacidades - Tecnnova","isPartOf":{"@id":"https:\/\/tecnnova.org\/portafolio-de-capacidades\/#website"},"primaryImageOfPage":{"@id":"https:\/\/tecnnova.org\/portafolio-de-capacidades\/naturaleza-y-recursos\/determinar-emisiones-de-gases-en-vacunos\/#primaryimage"},"image":{"@id":"https:\/\/tecnnova.org\/portafolio-de-capacidades\/naturaleza-y-recursos\/determinar-emisiones-de-gases-en-vacunos\/#primaryimage"},"thumbnailUrl":"https:\/\/tecnnova.org\/portafolio-de-capacidades\/wp-content\/uploads\/2024\/08\/iconnaturalezayrecursos.png","datePublished":"2024-08-16T21:36:17+00:00","dateModified":"2024-08-16T21:36:20+00:00","breadcrumb":{"@id":"https:\/\/tecnnova.org\/portafolio-de-capacidades\/naturaleza-y-recursos\/determinar-emisiones-de-gases-en-vacunos\/#breadcrumb"},"inLanguage":"es-CO","potentialAction":[{"@type":"ReadAction","target":["https:\/\/tecnnova.org\/portafolio-de-capacidades\/naturaleza-y-recursos\/determinar-emisiones-de-gases-en-vacunos\/"]}]},{"@type":"ImageObject","inLanguage":"es-CO","@id":"https:\/\/tecnnova.org\/portafolio-de-capacidades\/naturaleza-y-recursos\/determinar-emisiones-de-gases-en-vacunos\/#primaryimage","url":"https:\/\/tecnnova.org\/portafolio-de-capacidades\/wp-content\/uploads\/2024\/08\/iconnaturalezayrecursos.png","contentUrl":"https:\/\/tecnnova.org\/portafolio-de-capacidades\/wp-content\/uploads\/2024\/08\/iconnaturalezayrecursos.png","width":100,"height":100},{"@type":"BreadcrumbList","@id":"https:\/\/tecnnova.org\/portafolio-de-capacidades\/naturaleza-y-recursos\/determinar-emisiones-de-gases-en-vacunos\/#breadcrumb","itemListElement":[{"@type":"ListItem","position":1,"name":"Inicio","item":"https:\/\/tecnnova.org\/portafolio-de-capacidades\/"},{"@type":"ListItem","position":2,"name":"Portafolio de Capacidades","item":"https:\/\/tecnnova.org\/portafolio-de-capacidades\/"},{"@type":"ListItem","position":3,"name":"Determinar emisiones ent\u00e9ricas de gases de efecto invernadero en vacunos empleando t\u00e9cnicas respirom\u00e9tricas"}]},{"@type":"WebSite","@id":"https:\/\/tecnnova.org\/portafolio-de-capacidades\/#website","url":"https:\/\/tecnnova.org\/portafolio-de-capacidades\/","name":"Portafolio de capacidades - Tecnnova","description":"","publisher":{"@id":"https:\/\/tecnnova.org\/portafolio-de-capacidades\/#organization"},"potentialAction":[{"@type":"SearchAction","target":{"@type":"EntryPoint","urlTemplate":"https:\/\/tecnnova.org\/portafolio-de-capacidades\/?s={search_term_string}"},"query-input":"required name=search_term_string"}],"inLanguage":"es-CO"},{"@type":"Organization","@id":"https:\/\/tecnnova.org\/portafolio-de-capacidades\/#organization","name":"Portafolio de capacidades - Tecnnova","url":"https:\/\/tecnnova.org\/portafolio-de-capacidades\/","logo":{"@type":"ImageObject","inLanguage":"es-CO","@id":"https:\/\/tecnnova.org\/portafolio-de-capacidades\/#\/schema\/logo\/image\/","url":"https:\/\/tecnnova.org\/portafolio-de-capacidades\/wp-content\/uploads\/2024\/07\/cropped-TECNNOVA-2022-02.png","contentUrl":"https:\/\/tecnnova.org\/portafolio-de-capacidades\/wp-content\/uploads\/2024\/07\/cropped-TECNNOVA-2022-02.png","width":1609,"height":428,"caption":"Portafolio de capacidades - Tecnnova"},"image":{"@id":"https:\/\/tecnnova.org\/portafolio-de-capacidades\/#\/schema\/logo\/image\/"},"sameAs":["https:\/\/www.facebook.com\/Tecnnova_UEE-637591033015381","https:\/\/x.com\/Tecnnova_UEE"]}]}},"_links":{"self":[{"href":"https:\/\/tecnnova.org\/portafolio-de-capacidades\/wp-json\/wp\/v2\/product\/1503","targetHints":{"allow":["GET"]}}],"collection":[{"href":"https:\/\/tecnnova.org\/portafolio-de-capacidades\/wp-json\/wp\/v2\/product"}],"about":[{"href":"https:\/\/tecnnova.org\/portafolio-de-capacidades\/wp-json\/wp\/v2\/types\/product"}],"version-history":[{"count":1,"href":"https:\/\/tecnnova.org\/portafolio-de-capacidades\/wp-json\/wp\/v2\/product\/1503\/revisions"}],"predecessor-version":[{"id":1533,"href":"https:\/\/tecnnova.org\/portafolio-de-capacidades\/wp-json\/wp\/v2\/product\/1503\/revisions\/1533"}],"wp:featuredmedia":[{"embeddable":true,"href":"https:\/\/tecnnova.org\/portafolio-de-capacidades\/wp-json\/wp\/v2\/media\/903"}],"wp:attachment":[{"href":"https:\/\/tecnnova.org\/portafolio-de-capacidades\/wp-json\/wp\/v2\/media?parent=1503"}],"wp:term":[{"taxonomy":"product_cat","embeddable":true,"href":"https:\/\/tecnnova.org\/portafolio-de-capacidades\/wp-json\/wp\/v2\/product_cat?post=1503"},{"taxonomy":"product_tag","embeddable":true,"href":"https:\/\/tecnnova.org\/portafolio-de-capacidades\/wp-json\/wp\/v2\/product_tag?post=1503"}],"curies":[{"name":"wp","href":"https:\/\/api.w.org\/{rel}","templated":true}]}}