{"id":1506,"date":"2024-08-16T16:36:17","date_gmt":"2024-08-16T21:36:17","guid":{"rendered":"https:\/\/tecnnova.org\/portafolio-de-capacidades\/?post_type=product&#038;p=1506"},"modified":"2024-08-16T16:36:21","modified_gmt":"2024-08-16T21:36:21","slug":"identificar-disenar-y-fabricar-nanomateriales-para-encapsular-compuestos-de-diferente-naturaleza-incluyendo-biomoleculas-con-aplicaciones-en-diagnostico-e-intervencion-en-los-campos-biomedico-agri","status":"publish","type":"product","link":"https:\/\/tecnnova.org\/portafolio-de-capacidades\/naturaleza-y-recursos\/fabricar-nanomateriales-para-encapsular-compuestos\/","title":{"rendered":"Identificar, dise\u00f1ar y fabricar nanomateriales para encapsular compuestos de diferente naturaleza, incluyendo biomol\u00e9culas, con aplicaciones en diagn\u00f3stico e intervenci\u00f3n en los campos biom\u00e9dico, agr\u00edcola, cat\u00e1lisis y remediaci\u00f3n ambiental."},"content":{"rendered":"<p>El valor agregado de esta capacidad radica en su habilidad para abordar m\u00faltiples desaf\u00edos y ofrecer soluciones vers\u00e1tiles y eficientes, lo que abre oportunidades para el desarrollo de nuevos productos y tecnolog\u00edas avanzadas.<\/p>\n","protected":false},"excerpt":{"rendered":"<p>El valor agregado de esta capacidad radica en su habilidad para abordar m\u00faltiples desaf\u00edos y ofrecer soluciones vers\u00e1tiles y eficientes, lo que abre oportunidades para el desarrollo de nuevos productos y tecnolog\u00edas avanzadas.<\/p>\n","protected":false},"featured_media":902,"template":"","meta":{"_acf_changed":false},"product_cat":[2579,2566],"product_tag":[2706,2707,2708,2709,2710,2698,2711,2712,2713,2714,2701,2715,2716,2705,2578],"class_list":{"0":"post-1506","1":"product","2":"type-product","3":"status-publish","4":"has-post-thumbnail","6":"product_cat-naturaleza-y-recursos","7":"product_cat-salud-y-vida","8":"product_tag-biomedico","9":"product_tag-biomoleculas","10":"product_tag-catalisis","11":"product_tag-compuestos","12":"product_tag-diagnostico","13":"product_tag-disenar","14":"product_tag-encapsular","15":"product_tag-fabricar","16":"product_tag-identificar","17":"product_tag-intervencion","18":"product_tag-nano-bio-fisica","19":"product_tag-nanomateriales","20":"product_tag-remediacion-ambiental","21":"product_tag-tandem","22":"product_tag-tecnnova","24":"first","25":"instock","26":"shipping-taxable","27":"product-type-simple"},"acf":[],"yoast_head":"<!-- This site is optimized with the Yoast SEO plugin v23.3 - https:\/\/yoast.com\/wordpress\/plugins\/seo\/ -->\n<title>Identificar, dise\u00f1ar y fabricar nanomateriales para encapsular compuestos de diferente naturaleza, incluyendo biomol\u00e9culas, con aplicaciones en diagn\u00f3stico e intervenci\u00f3n en los campos biom\u00e9dico, agr\u00edcola, cat\u00e1lisis y remediaci\u00f3n ambiental. - Portafolio de capacidades - Tecnnova<\/title>\n<meta name=\"robots\" content=\"index, follow, max-snippet:-1, max-image-preview:large, max-video-preview:-1\" \/>\n<link rel=\"canonical\" href=\"https:\/\/tecnnova.org\/portafolio-de-capacidades\/naturaleza-y-recursos\/fabricar-nanomateriales-para-encapsular-compuestos\/\" \/>\n<meta property=\"og:locale\" content=\"es_ES\" \/>\n<meta property=\"og:type\" content=\"article\" \/>\n<meta property=\"og:title\" content=\"Identificar, dise\u00f1ar y fabricar nanomateriales para encapsular compuestos de diferente naturaleza, incluyendo biomol\u00e9culas, con aplicaciones en diagn\u00f3stico e intervenci\u00f3n en los campos biom\u00e9dico, agr\u00edcola, cat\u00e1lisis y remediaci\u00f3n ambiental. - Portafolio de capacidades - Tecnnova\" \/>\n<meta property=\"og:description\" content=\"El valor agregado de esta capacidad radica en su habilidad para abordar m\u00faltiples desaf\u00edos y ofrecer soluciones vers\u00e1tiles y eficientes, lo que abre oportunidades para el desarrollo de nuevos productos y tecnolog\u00edas avanzadas.\" \/>\n<meta property=\"og:url\" content=\"https:\/\/tecnnova.org\/portafolio-de-capacidades\/naturaleza-y-recursos\/fabricar-nanomateriales-para-encapsular-compuestos\/\" \/>\n<meta property=\"og:site_name\" content=\"Portafolio de capacidades - Tecnnova\" \/>\n<meta property=\"article:publisher\" content=\"https:\/\/www.facebook.com\/Tecnnova_UEE-637591033015381\" \/>\n<meta property=\"article:modified_time\" content=\"2024-08-16T21:36:21+00:00\" \/>\n<meta property=\"og:image\" content=\"https:\/\/tecnnova.org\/portafolio-de-capacidades\/wp-content\/uploads\/2024\/08\/iconsaludyvida.png\" \/>\n\t<meta property=\"og:image:width\" content=\"100\" \/>\n\t<meta property=\"og:image:height\" content=\"100\" \/>\n\t<meta property=\"og:image:type\" content=\"image\/png\" \/>\n<meta name=\"twitter:card\" content=\"summary_large_image\" \/>\n<meta name=\"twitter:site\" content=\"@Tecnnova_UEE\" \/>\n<script type=\"application\/ld+json\" class=\"yoast-schema-graph\">{\"@context\":\"https:\/\/schema.org\",\"@graph\":[{\"@type\":\"WebPage\",\"@id\":\"https:\/\/tecnnova.org\/portafolio-de-capacidades\/naturaleza-y-recursos\/fabricar-nanomateriales-para-encapsular-compuestos\/\",\"url\":\"https:\/\/tecnnova.org\/portafolio-de-capacidades\/naturaleza-y-recursos\/fabricar-nanomateriales-para-encapsular-compuestos\/\",\"name\":\"Identificar, dise\u00f1ar y fabricar nanomateriales para encapsular compuestos de diferente naturaleza, incluyendo biomol\u00e9culas, con aplicaciones en diagn\u00f3stico e intervenci\u00f3n en los campos biom\u00e9dico, agr\u00edcola, cat\u00e1lisis y remediaci\u00f3n ambiental. - Portafolio de capacidades - Tecnnova\",\"isPartOf\":{\"@id\":\"https:\/\/tecnnova.org\/portafolio-de-capacidades\/#website\"},\"primaryImageOfPage\":{\"@id\":\"https:\/\/tecnnova.org\/portafolio-de-capacidades\/naturaleza-y-recursos\/fabricar-nanomateriales-para-encapsular-compuestos\/#primaryimage\"},\"image\":{\"@id\":\"https:\/\/tecnnova.org\/portafolio-de-capacidades\/naturaleza-y-recursos\/fabricar-nanomateriales-para-encapsular-compuestos\/#primaryimage\"},\"thumbnailUrl\":\"https:\/\/tecnnova.org\/portafolio-de-capacidades\/wp-content\/uploads\/2024\/08\/iconsaludyvida.png\",\"datePublished\":\"2024-08-16T21:36:17+00:00\",\"dateModified\":\"2024-08-16T21:36:21+00:00\",\"breadcrumb\":{\"@id\":\"https:\/\/tecnnova.org\/portafolio-de-capacidades\/naturaleza-y-recursos\/fabricar-nanomateriales-para-encapsular-compuestos\/#breadcrumb\"},\"inLanguage\":\"es-CO\",\"potentialAction\":[{\"@type\":\"ReadAction\",\"target\":[\"https:\/\/tecnnova.org\/portafolio-de-capacidades\/naturaleza-y-recursos\/fabricar-nanomateriales-para-encapsular-compuestos\/\"]}]},{\"@type\":\"ImageObject\",\"inLanguage\":\"es-CO\",\"@id\":\"https:\/\/tecnnova.org\/portafolio-de-capacidades\/naturaleza-y-recursos\/fabricar-nanomateriales-para-encapsular-compuestos\/#primaryimage\",\"url\":\"https:\/\/tecnnova.org\/portafolio-de-capacidades\/wp-content\/uploads\/2024\/08\/iconsaludyvida.png\",\"contentUrl\":\"https:\/\/tecnnova.org\/portafolio-de-capacidades\/wp-content\/uploads\/2024\/08\/iconsaludyvida.png\",\"width\":100,\"height\":100},{\"@type\":\"BreadcrumbList\",\"@id\":\"https:\/\/tecnnova.org\/portafolio-de-capacidades\/naturaleza-y-recursos\/fabricar-nanomateriales-para-encapsular-compuestos\/#breadcrumb\",\"itemListElement\":[{\"@type\":\"ListItem\",\"position\":1,\"name\":\"Inicio\",\"item\":\"https:\/\/tecnnova.org\/portafolio-de-capacidades\/\"},{\"@type\":\"ListItem\",\"position\":2,\"name\":\"Portafolio de Capacidades\",\"item\":\"https:\/\/tecnnova.org\/portafolio-de-capacidades\/\"},{\"@type\":\"ListItem\",\"position\":3,\"name\":\"Identificar, dise\u00f1ar y fabricar nanomateriales para encapsular compuestos de diferente naturaleza, incluyendo biomol\u00e9culas, con aplicaciones en diagn\u00f3stico e intervenci\u00f3n en los campos biom\u00e9dico, agr\u00edcola, cat\u00e1lisis y remediaci\u00f3n ambiental.\"}]},{\"@type\":\"WebSite\",\"@id\":\"https:\/\/tecnnova.org\/portafolio-de-capacidades\/#website\",\"url\":\"https:\/\/tecnnova.org\/portafolio-de-capacidades\/\",\"name\":\"Portafolio de capacidades - Tecnnova\",\"description\":\"\",\"publisher\":{\"@id\":\"https:\/\/tecnnova.org\/portafolio-de-capacidades\/#organization\"},\"potentialAction\":[{\"@type\":\"SearchAction\",\"target\":{\"@type\":\"EntryPoint\",\"urlTemplate\":\"https:\/\/tecnnova.org\/portafolio-de-capacidades\/?s={search_term_string}\"},\"query-input\":\"required name=search_term_string\"}],\"inLanguage\":\"es-CO\"},{\"@type\":\"Organization\",\"@id\":\"https:\/\/tecnnova.org\/portafolio-de-capacidades\/#organization\",\"name\":\"Portafolio de capacidades - Tecnnova\",\"url\":\"https:\/\/tecnnova.org\/portafolio-de-capacidades\/\",\"logo\":{\"@type\":\"ImageObject\",\"inLanguage\":\"es-CO\",\"@id\":\"https:\/\/tecnnova.org\/portafolio-de-capacidades\/#\/schema\/logo\/image\/\",\"url\":\"https:\/\/tecnnova.org\/portafolio-de-capacidades\/wp-content\/uploads\/2024\/07\/cropped-TECNNOVA-2022-02.png\",\"contentUrl\":\"https:\/\/tecnnova.org\/portafolio-de-capacidades\/wp-content\/uploads\/2024\/07\/cropped-TECNNOVA-2022-02.png\",\"width\":1609,\"height\":428,\"caption\":\"Portafolio de capacidades - Tecnnova\"},\"image\":{\"@id\":\"https:\/\/tecnnova.org\/portafolio-de-capacidades\/#\/schema\/logo\/image\/\"},\"sameAs\":[\"https:\/\/www.facebook.com\/Tecnnova_UEE-637591033015381\",\"https:\/\/x.com\/Tecnnova_UEE\"]}]}<\/script>\n<!-- \/ Yoast SEO plugin. -->","yoast_head_json":{"title":"Identificar, dise\u00f1ar y fabricar nanomateriales para encapsular compuestos de diferente naturaleza, incluyendo biomol\u00e9culas, con aplicaciones en diagn\u00f3stico e intervenci\u00f3n en los campos biom\u00e9dico, agr\u00edcola, cat\u00e1lisis y remediaci\u00f3n ambiental. - Portafolio de capacidades - Tecnnova","robots":{"index":"index","follow":"follow","max-snippet":"max-snippet:-1","max-image-preview":"max-image-preview:large","max-video-preview":"max-video-preview:-1"},"canonical":"https:\/\/tecnnova.org\/portafolio-de-capacidades\/naturaleza-y-recursos\/fabricar-nanomateriales-para-encapsular-compuestos\/","og_locale":"es_ES","og_type":"article","og_title":"Identificar, dise\u00f1ar y fabricar nanomateriales para encapsular compuestos de diferente naturaleza, incluyendo biomol\u00e9culas, con aplicaciones en diagn\u00f3stico e intervenci\u00f3n en los campos biom\u00e9dico, agr\u00edcola, cat\u00e1lisis y remediaci\u00f3n ambiental. - Portafolio de capacidades - Tecnnova","og_description":"El valor agregado de esta capacidad radica en su habilidad para abordar m\u00faltiples desaf\u00edos y ofrecer soluciones vers\u00e1tiles y eficientes, lo que abre oportunidades para el desarrollo de nuevos productos y tecnolog\u00edas avanzadas.","og_url":"https:\/\/tecnnova.org\/portafolio-de-capacidades\/naturaleza-y-recursos\/fabricar-nanomateriales-para-encapsular-compuestos\/","og_site_name":"Portafolio de capacidades - Tecnnova","article_publisher":"https:\/\/www.facebook.com\/Tecnnova_UEE-637591033015381","article_modified_time":"2024-08-16T21:36:21+00:00","og_image":[{"width":100,"height":100,"url":"https:\/\/tecnnova.org\/portafolio-de-capacidades\/wp-content\/uploads\/2024\/08\/iconsaludyvida.png","type":"image\/png"}],"twitter_card":"summary_large_image","twitter_site":"@Tecnnova_UEE","schema":{"@context":"https:\/\/schema.org","@graph":[{"@type":"WebPage","@id":"https:\/\/tecnnova.org\/portafolio-de-capacidades\/naturaleza-y-recursos\/fabricar-nanomateriales-para-encapsular-compuestos\/","url":"https:\/\/tecnnova.org\/portafolio-de-capacidades\/naturaleza-y-recursos\/fabricar-nanomateriales-para-encapsular-compuestos\/","name":"Identificar, dise\u00f1ar y fabricar nanomateriales para encapsular compuestos de diferente naturaleza, incluyendo biomol\u00e9culas, con aplicaciones en diagn\u00f3stico e intervenci\u00f3n en los campos biom\u00e9dico, agr\u00edcola, cat\u00e1lisis y remediaci\u00f3n ambiental. - Portafolio de capacidades - Tecnnova","isPartOf":{"@id":"https:\/\/tecnnova.org\/portafolio-de-capacidades\/#website"},"primaryImageOfPage":{"@id":"https:\/\/tecnnova.org\/portafolio-de-capacidades\/naturaleza-y-recursos\/fabricar-nanomateriales-para-encapsular-compuestos\/#primaryimage"},"image":{"@id":"https:\/\/tecnnova.org\/portafolio-de-capacidades\/naturaleza-y-recursos\/fabricar-nanomateriales-para-encapsular-compuestos\/#primaryimage"},"thumbnailUrl":"https:\/\/tecnnova.org\/portafolio-de-capacidades\/wp-content\/uploads\/2024\/08\/iconsaludyvida.png","datePublished":"2024-08-16T21:36:17+00:00","dateModified":"2024-08-16T21:36:21+00:00","breadcrumb":{"@id":"https:\/\/tecnnova.org\/portafolio-de-capacidades\/naturaleza-y-recursos\/fabricar-nanomateriales-para-encapsular-compuestos\/#breadcrumb"},"inLanguage":"es-CO","potentialAction":[{"@type":"ReadAction","target":["https:\/\/tecnnova.org\/portafolio-de-capacidades\/naturaleza-y-recursos\/fabricar-nanomateriales-para-encapsular-compuestos\/"]}]},{"@type":"ImageObject","inLanguage":"es-CO","@id":"https:\/\/tecnnova.org\/portafolio-de-capacidades\/naturaleza-y-recursos\/fabricar-nanomateriales-para-encapsular-compuestos\/#primaryimage","url":"https:\/\/tecnnova.org\/portafolio-de-capacidades\/wp-content\/uploads\/2024\/08\/iconsaludyvida.png","contentUrl":"https:\/\/tecnnova.org\/portafolio-de-capacidades\/wp-content\/uploads\/2024\/08\/iconsaludyvida.png","width":100,"height":100},{"@type":"BreadcrumbList","@id":"https:\/\/tecnnova.org\/portafolio-de-capacidades\/naturaleza-y-recursos\/fabricar-nanomateriales-para-encapsular-compuestos\/#breadcrumb","itemListElement":[{"@type":"ListItem","position":1,"name":"Inicio","item":"https:\/\/tecnnova.org\/portafolio-de-capacidades\/"},{"@type":"ListItem","position":2,"name":"Portafolio de Capacidades","item":"https:\/\/tecnnova.org\/portafolio-de-capacidades\/"},{"@type":"ListItem","position":3,"name":"Identificar, dise\u00f1ar y fabricar nanomateriales para encapsular compuestos de diferente naturaleza, incluyendo biomol\u00e9culas, con aplicaciones en diagn\u00f3stico e intervenci\u00f3n en los campos biom\u00e9dico, agr\u00edcola, cat\u00e1lisis y remediaci\u00f3n ambiental."}]},{"@type":"WebSite","@id":"https:\/\/tecnnova.org\/portafolio-de-capacidades\/#website","url":"https:\/\/tecnnova.org\/portafolio-de-capacidades\/","name":"Portafolio de capacidades - Tecnnova","description":"","publisher":{"@id":"https:\/\/tecnnova.org\/portafolio-de-capacidades\/#organization"},"potentialAction":[{"@type":"SearchAction","target":{"@type":"EntryPoint","urlTemplate":"https:\/\/tecnnova.org\/portafolio-de-capacidades\/?s={search_term_string}"},"query-input":"required name=search_term_string"}],"inLanguage":"es-CO"},{"@type":"Organization","@id":"https:\/\/tecnnova.org\/portafolio-de-capacidades\/#organization","name":"Portafolio de capacidades - Tecnnova","url":"https:\/\/tecnnova.org\/portafolio-de-capacidades\/","logo":{"@type":"ImageObject","inLanguage":"es-CO","@id":"https:\/\/tecnnova.org\/portafolio-de-capacidades\/#\/schema\/logo\/image\/","url":"https:\/\/tecnnova.org\/portafolio-de-capacidades\/wp-content\/uploads\/2024\/07\/cropped-TECNNOVA-2022-02.png","contentUrl":"https:\/\/tecnnova.org\/portafolio-de-capacidades\/wp-content\/uploads\/2024\/07\/cropped-TECNNOVA-2022-02.png","width":1609,"height":428,"caption":"Portafolio de capacidades - Tecnnova"},"image":{"@id":"https:\/\/tecnnova.org\/portafolio-de-capacidades\/#\/schema\/logo\/image\/"},"sameAs":["https:\/\/www.facebook.com\/Tecnnova_UEE-637591033015381","https:\/\/x.com\/Tecnnova_UEE"]}]}},"_links":{"self":[{"href":"https:\/\/tecnnova.org\/portafolio-de-capacidades\/wp-json\/wp\/v2\/product\/1506","targetHints":{"allow":["GET"]}}],"collection":[{"href":"https:\/\/tecnnova.org\/portafolio-de-capacidades\/wp-json\/wp\/v2\/product"}],"about":[{"href":"https:\/\/tecnnova.org\/portafolio-de-capacidades\/wp-json\/wp\/v2\/types\/product"}],"version-history":[{"count":1,"href":"https:\/\/tecnnova.org\/portafolio-de-capacidades\/wp-json\/wp\/v2\/product\/1506\/revisions"}],"predecessor-version":[{"id":1536,"href":"https:\/\/tecnnova.org\/portafolio-de-capacidades\/wp-json\/wp\/v2\/product\/1506\/revisions\/1536"}],"wp:featuredmedia":[{"embeddable":true,"href":"https:\/\/tecnnova.org\/portafolio-de-capacidades\/wp-json\/wp\/v2\/media\/902"}],"wp:attachment":[{"href":"https:\/\/tecnnova.org\/portafolio-de-capacidades\/wp-json\/wp\/v2\/media?parent=1506"}],"wp:term":[{"taxonomy":"product_cat","embeddable":true,"href":"https:\/\/tecnnova.org\/portafolio-de-capacidades\/wp-json\/wp\/v2\/product_cat?post=1506"},{"taxonomy":"product_tag","embeddable":true,"href":"https:\/\/tecnnova.org\/portafolio-de-capacidades\/wp-json\/wp\/v2\/product_tag?post=1506"}],"curies":[{"name":"wp","href":"https:\/\/api.w.org\/{rel}","templated":true}]}}