{"id":1562,"date":"2024-08-16T16:36:25","date_gmt":"2024-08-16T21:36:25","guid":{"rendered":"https:\/\/tecnnova.org\/portafolio-de-capacidades\/?post_type=product&#038;p=1562"},"modified":"2024-08-16T16:36:28","modified_gmt":"2024-08-16T21:36:28","slug":"diagnosticar-sars-cov-2-mediante-dispositivo-inmunosensor","status":"publish","type":"product","link":"https:\/\/tecnnova.org\/portafolio-de-capacidades\/salud-y-vida\/diagnosticar-sars-cov-2-con-inmunosensor\/","title":{"rendered":"Diagnosticar SARS-CoV-2 mediante dispositivo inmunosensor"},"content":{"rendered":"<p>Detecci\u00f3n R\u00e1pida y Sensible: Ofrece una detecci\u00f3n r\u00e1pida y altamente sensible del SARS-CoV-2, facilitando su uso en puntos de atenci\u00f3n cercanos al paciente y en el hogar. Econ\u00f3mico y Adaptable: Proporciona una soluci\u00f3n econ\u00f3mica para la detecci\u00f3n del virus y es potencialmente adaptable para detectar otros pat\u00f3genos emergentes. Portabilidad: Uso de un potenciostato port\u00e1til para la medici\u00f3n electroqu\u00edmica, permitiendo la portabilidad y facilidad de uso. Validaci\u00f3n en Entorno Real: Ha sido probado y validado en condiciones de laboratorio y en entornos relevantes, demostrando su efectividad.<\/p>\n","protected":false},"excerpt":{"rendered":"<p>Detecci\u00f3n R\u00e1pida y Sensible: Ofrece una detecci\u00f3n r\u00e1pida y altamente sensible del SARS-CoV-2, facilitando su uso en puntos de atenci\u00f3n cercanos al paciente y en el hogar. Econ\u00f3mico y Adaptable: Proporciona una soluci\u00f3n econ\u00f3mica para la detecci\u00f3n del virus y es potencialmente adaptable para detectar otros pat\u00f3genos emergentes. Portabilidad: Uso de un potenciostato port\u00e1til para [&hellip;]<\/p>\n","protected":false},"featured_media":902,"template":"","meta":{"_acf_changed":false},"product_cat":[2566],"product_tag":[2945,2946,2947,2735,2701,2948,2949,2650,2773,2705,2578,2950,2951],"class_list":{"0":"post-1562","1":"product","2":"type-product","3":"status-publish","4":"has-post-thumbnail","6":"product_cat-salud-y-vida","7":"product_tag-diagnosticar","8":"product_tag-diagnostico-rapido","9":"product_tag-dispositivo-inmunosensor","10":"product_tag-innovacion","11":"product_tag-nano-bio-fisica","12":"product_tag-pandemia","13":"product_tag-pruebas-de-diagnostico","14":"product_tag-salud-publica","15":"product_tag-sars-cov-2","16":"product_tag-tandem","17":"product_tag-tecnnova","18":"product_tag-tecnologia-medica","19":"product_tag-virus-respiratorio","21":"first","22":"instock","23":"shipping-taxable","24":"product-type-simple"},"acf":[],"yoast_head":"<!-- This site is optimized with the Yoast SEO plugin v23.3 - https:\/\/yoast.com\/wordpress\/plugins\/seo\/ -->\n<title>Diagnosticar SARS-CoV-2 mediante dispositivo inmunosensor - Portafolio de capacidades - Tecnnova<\/title>\n<meta name=\"robots\" content=\"index, follow, max-snippet:-1, max-image-preview:large, max-video-preview:-1\" \/>\n<link rel=\"canonical\" href=\"https:\/\/tecnnova.org\/portafolio-de-capacidades\/salud-y-vida\/diagnosticar-sars-cov-2-con-inmunosensor\/\" \/>\n<meta property=\"og:locale\" content=\"es_ES\" \/>\n<meta property=\"og:type\" content=\"article\" \/>\n<meta property=\"og:title\" content=\"Diagnosticar SARS-CoV-2 mediante dispositivo inmunosensor - Portafolio de capacidades - Tecnnova\" \/>\n<meta property=\"og:description\" content=\"Detecci\u00f3n R\u00e1pida y Sensible: Ofrece una detecci\u00f3n r\u00e1pida y altamente sensible del SARS-CoV-2, facilitando su uso en puntos de atenci\u00f3n cercanos al paciente y en el hogar. Econ\u00f3mico y Adaptable: Proporciona una soluci\u00f3n econ\u00f3mica para la detecci\u00f3n del virus y es potencialmente adaptable para detectar otros pat\u00f3genos emergentes. Portabilidad: Uso de un potenciostato port\u00e1til para [&hellip;]\" \/>\n<meta property=\"og:url\" content=\"https:\/\/tecnnova.org\/portafolio-de-capacidades\/salud-y-vida\/diagnosticar-sars-cov-2-con-inmunosensor\/\" \/>\n<meta property=\"og:site_name\" content=\"Portafolio de capacidades - Tecnnova\" \/>\n<meta property=\"article:publisher\" content=\"https:\/\/www.facebook.com\/Tecnnova_UEE-637591033015381\" \/>\n<meta property=\"article:modified_time\" content=\"2024-08-16T21:36:28+00:00\" \/>\n<meta property=\"og:image\" content=\"https:\/\/tecnnova.org\/portafolio-de-capacidades\/wp-content\/uploads\/2024\/08\/iconsaludyvida.png\" \/>\n\t<meta property=\"og:image:width\" content=\"100\" \/>\n\t<meta property=\"og:image:height\" content=\"100\" \/>\n\t<meta property=\"og:image:type\" content=\"image\/png\" \/>\n<meta name=\"twitter:card\" content=\"summary_large_image\" \/>\n<meta name=\"twitter:site\" content=\"@Tecnnova_UEE\" \/>\n<script type=\"application\/ld+json\" class=\"yoast-schema-graph\">{\"@context\":\"https:\/\/schema.org\",\"@graph\":[{\"@type\":\"WebPage\",\"@id\":\"https:\/\/tecnnova.org\/portafolio-de-capacidades\/salud-y-vida\/diagnosticar-sars-cov-2-con-inmunosensor\/\",\"url\":\"https:\/\/tecnnova.org\/portafolio-de-capacidades\/salud-y-vida\/diagnosticar-sars-cov-2-con-inmunosensor\/\",\"name\":\"Diagnosticar SARS-CoV-2 mediante dispositivo inmunosensor - Portafolio de capacidades - Tecnnova\",\"isPartOf\":{\"@id\":\"https:\/\/tecnnova.org\/portafolio-de-capacidades\/#website\"},\"primaryImageOfPage\":{\"@id\":\"https:\/\/tecnnova.org\/portafolio-de-capacidades\/salud-y-vida\/diagnosticar-sars-cov-2-con-inmunosensor\/#primaryimage\"},\"image\":{\"@id\":\"https:\/\/tecnnova.org\/portafolio-de-capacidades\/salud-y-vida\/diagnosticar-sars-cov-2-con-inmunosensor\/#primaryimage\"},\"thumbnailUrl\":\"https:\/\/tecnnova.org\/portafolio-de-capacidades\/wp-content\/uploads\/2024\/08\/iconsaludyvida.png\",\"datePublished\":\"2024-08-16T21:36:25+00:00\",\"dateModified\":\"2024-08-16T21:36:28+00:00\",\"breadcrumb\":{\"@id\":\"https:\/\/tecnnova.org\/portafolio-de-capacidades\/salud-y-vida\/diagnosticar-sars-cov-2-con-inmunosensor\/#breadcrumb\"},\"inLanguage\":\"es-CO\",\"potentialAction\":[{\"@type\":\"ReadAction\",\"target\":[\"https:\/\/tecnnova.org\/portafolio-de-capacidades\/salud-y-vida\/diagnosticar-sars-cov-2-con-inmunosensor\/\"]}]},{\"@type\":\"ImageObject\",\"inLanguage\":\"es-CO\",\"@id\":\"https:\/\/tecnnova.org\/portafolio-de-capacidades\/salud-y-vida\/diagnosticar-sars-cov-2-con-inmunosensor\/#primaryimage\",\"url\":\"https:\/\/tecnnova.org\/portafolio-de-capacidades\/wp-content\/uploads\/2024\/08\/iconsaludyvida.png\",\"contentUrl\":\"https:\/\/tecnnova.org\/portafolio-de-capacidades\/wp-content\/uploads\/2024\/08\/iconsaludyvida.png\",\"width\":100,\"height\":100},{\"@type\":\"BreadcrumbList\",\"@id\":\"https:\/\/tecnnova.org\/portafolio-de-capacidades\/salud-y-vida\/diagnosticar-sars-cov-2-con-inmunosensor\/#breadcrumb\",\"itemListElement\":[{\"@type\":\"ListItem\",\"position\":1,\"name\":\"Inicio\",\"item\":\"https:\/\/tecnnova.org\/portafolio-de-capacidades\/\"},{\"@type\":\"ListItem\",\"position\":2,\"name\":\"Portafolio de Capacidades\",\"item\":\"https:\/\/tecnnova.org\/portafolio-de-capacidades\/\"},{\"@type\":\"ListItem\",\"position\":3,\"name\":\"Diagnosticar SARS-CoV-2 mediante dispositivo inmunosensor\"}]},{\"@type\":\"WebSite\",\"@id\":\"https:\/\/tecnnova.org\/portafolio-de-capacidades\/#website\",\"url\":\"https:\/\/tecnnova.org\/portafolio-de-capacidades\/\",\"name\":\"Portafolio de capacidades - Tecnnova\",\"description\":\"\",\"publisher\":{\"@id\":\"https:\/\/tecnnova.org\/portafolio-de-capacidades\/#organization\"},\"potentialAction\":[{\"@type\":\"SearchAction\",\"target\":{\"@type\":\"EntryPoint\",\"urlTemplate\":\"https:\/\/tecnnova.org\/portafolio-de-capacidades\/?s={search_term_string}\"},\"query-input\":\"required name=search_term_string\"}],\"inLanguage\":\"es-CO\"},{\"@type\":\"Organization\",\"@id\":\"https:\/\/tecnnova.org\/portafolio-de-capacidades\/#organization\",\"name\":\"Portafolio de capacidades - Tecnnova\",\"url\":\"https:\/\/tecnnova.org\/portafolio-de-capacidades\/\",\"logo\":{\"@type\":\"ImageObject\",\"inLanguage\":\"es-CO\",\"@id\":\"https:\/\/tecnnova.org\/portafolio-de-capacidades\/#\/schema\/logo\/image\/\",\"url\":\"https:\/\/tecnnova.org\/portafolio-de-capacidades\/wp-content\/uploads\/2024\/07\/cropped-TECNNOVA-2022-02.png\",\"contentUrl\":\"https:\/\/tecnnova.org\/portafolio-de-capacidades\/wp-content\/uploads\/2024\/07\/cropped-TECNNOVA-2022-02.png\",\"width\":1609,\"height\":428,\"caption\":\"Portafolio de capacidades - Tecnnova\"},\"image\":{\"@id\":\"https:\/\/tecnnova.org\/portafolio-de-capacidades\/#\/schema\/logo\/image\/\"},\"sameAs\":[\"https:\/\/www.facebook.com\/Tecnnova_UEE-637591033015381\",\"https:\/\/x.com\/Tecnnova_UEE\"]}]}<\/script>\n<!-- \/ Yoast SEO plugin. -->","yoast_head_json":{"title":"Diagnosticar SARS-CoV-2 mediante dispositivo inmunosensor - Portafolio de capacidades - Tecnnova","robots":{"index":"index","follow":"follow","max-snippet":"max-snippet:-1","max-image-preview":"max-image-preview:large","max-video-preview":"max-video-preview:-1"},"canonical":"https:\/\/tecnnova.org\/portafolio-de-capacidades\/salud-y-vida\/diagnosticar-sars-cov-2-con-inmunosensor\/","og_locale":"es_ES","og_type":"article","og_title":"Diagnosticar SARS-CoV-2 mediante dispositivo inmunosensor - Portafolio de capacidades - Tecnnova","og_description":"Detecci\u00f3n R\u00e1pida y Sensible: Ofrece una detecci\u00f3n r\u00e1pida y altamente sensible del SARS-CoV-2, facilitando su uso en puntos de atenci\u00f3n cercanos al paciente y en el hogar. Econ\u00f3mico y Adaptable: Proporciona una soluci\u00f3n econ\u00f3mica para la detecci\u00f3n del virus y es potencialmente adaptable para detectar otros pat\u00f3genos emergentes. Portabilidad: Uso de un potenciostato port\u00e1til para [&hellip;]","og_url":"https:\/\/tecnnova.org\/portafolio-de-capacidades\/salud-y-vida\/diagnosticar-sars-cov-2-con-inmunosensor\/","og_site_name":"Portafolio de capacidades - Tecnnova","article_publisher":"https:\/\/www.facebook.com\/Tecnnova_UEE-637591033015381","article_modified_time":"2024-08-16T21:36:28+00:00","og_image":[{"width":100,"height":100,"url":"https:\/\/tecnnova.org\/portafolio-de-capacidades\/wp-content\/uploads\/2024\/08\/iconsaludyvida.png","type":"image\/png"}],"twitter_card":"summary_large_image","twitter_site":"@Tecnnova_UEE","schema":{"@context":"https:\/\/schema.org","@graph":[{"@type":"WebPage","@id":"https:\/\/tecnnova.org\/portafolio-de-capacidades\/salud-y-vida\/diagnosticar-sars-cov-2-con-inmunosensor\/","url":"https:\/\/tecnnova.org\/portafolio-de-capacidades\/salud-y-vida\/diagnosticar-sars-cov-2-con-inmunosensor\/","name":"Diagnosticar SARS-CoV-2 mediante dispositivo inmunosensor - Portafolio de capacidades - Tecnnova","isPartOf":{"@id":"https:\/\/tecnnova.org\/portafolio-de-capacidades\/#website"},"primaryImageOfPage":{"@id":"https:\/\/tecnnova.org\/portafolio-de-capacidades\/salud-y-vida\/diagnosticar-sars-cov-2-con-inmunosensor\/#primaryimage"},"image":{"@id":"https:\/\/tecnnova.org\/portafolio-de-capacidades\/salud-y-vida\/diagnosticar-sars-cov-2-con-inmunosensor\/#primaryimage"},"thumbnailUrl":"https:\/\/tecnnova.org\/portafolio-de-capacidades\/wp-content\/uploads\/2024\/08\/iconsaludyvida.png","datePublished":"2024-08-16T21:36:25+00:00","dateModified":"2024-08-16T21:36:28+00:00","breadcrumb":{"@id":"https:\/\/tecnnova.org\/portafolio-de-capacidades\/salud-y-vida\/diagnosticar-sars-cov-2-con-inmunosensor\/#breadcrumb"},"inLanguage":"es-CO","potentialAction":[{"@type":"ReadAction","target":["https:\/\/tecnnova.org\/portafolio-de-capacidades\/salud-y-vida\/diagnosticar-sars-cov-2-con-inmunosensor\/"]}]},{"@type":"ImageObject","inLanguage":"es-CO","@id":"https:\/\/tecnnova.org\/portafolio-de-capacidades\/salud-y-vida\/diagnosticar-sars-cov-2-con-inmunosensor\/#primaryimage","url":"https:\/\/tecnnova.org\/portafolio-de-capacidades\/wp-content\/uploads\/2024\/08\/iconsaludyvida.png","contentUrl":"https:\/\/tecnnova.org\/portafolio-de-capacidades\/wp-content\/uploads\/2024\/08\/iconsaludyvida.png","width":100,"height":100},{"@type":"BreadcrumbList","@id":"https:\/\/tecnnova.org\/portafolio-de-capacidades\/salud-y-vida\/diagnosticar-sars-cov-2-con-inmunosensor\/#breadcrumb","itemListElement":[{"@type":"ListItem","position":1,"name":"Inicio","item":"https:\/\/tecnnova.org\/portafolio-de-capacidades\/"},{"@type":"ListItem","position":2,"name":"Portafolio de Capacidades","item":"https:\/\/tecnnova.org\/portafolio-de-capacidades\/"},{"@type":"ListItem","position":3,"name":"Diagnosticar SARS-CoV-2 mediante dispositivo inmunosensor"}]},{"@type":"WebSite","@id":"https:\/\/tecnnova.org\/portafolio-de-capacidades\/#website","url":"https:\/\/tecnnova.org\/portafolio-de-capacidades\/","name":"Portafolio de capacidades - Tecnnova","description":"","publisher":{"@id":"https:\/\/tecnnova.org\/portafolio-de-capacidades\/#organization"},"potentialAction":[{"@type":"SearchAction","target":{"@type":"EntryPoint","urlTemplate":"https:\/\/tecnnova.org\/portafolio-de-capacidades\/?s={search_term_string}"},"query-input":"required name=search_term_string"}],"inLanguage":"es-CO"},{"@type":"Organization","@id":"https:\/\/tecnnova.org\/portafolio-de-capacidades\/#organization","name":"Portafolio de capacidades - Tecnnova","url":"https:\/\/tecnnova.org\/portafolio-de-capacidades\/","logo":{"@type":"ImageObject","inLanguage":"es-CO","@id":"https:\/\/tecnnova.org\/portafolio-de-capacidades\/#\/schema\/logo\/image\/","url":"https:\/\/tecnnova.org\/portafolio-de-capacidades\/wp-content\/uploads\/2024\/07\/cropped-TECNNOVA-2022-02.png","contentUrl":"https:\/\/tecnnova.org\/portafolio-de-capacidades\/wp-content\/uploads\/2024\/07\/cropped-TECNNOVA-2022-02.png","width":1609,"height":428,"caption":"Portafolio de capacidades - Tecnnova"},"image":{"@id":"https:\/\/tecnnova.org\/portafolio-de-capacidades\/#\/schema\/logo\/image\/"},"sameAs":["https:\/\/www.facebook.com\/Tecnnova_UEE-637591033015381","https:\/\/x.com\/Tecnnova_UEE"]}]}},"_links":{"self":[{"href":"https:\/\/tecnnova.org\/portafolio-de-capacidades\/wp-json\/wp\/v2\/product\/1562","targetHints":{"allow":["GET"]}}],"collection":[{"href":"https:\/\/tecnnova.org\/portafolio-de-capacidades\/wp-json\/wp\/v2\/product"}],"about":[{"href":"https:\/\/tecnnova.org\/portafolio-de-capacidades\/wp-json\/wp\/v2\/types\/product"}],"version-history":[{"count":1,"href":"https:\/\/tecnnova.org\/portafolio-de-capacidades\/wp-json\/wp\/v2\/product\/1562\/revisions"}],"predecessor-version":[{"id":1592,"href":"https:\/\/tecnnova.org\/portafolio-de-capacidades\/wp-json\/wp\/v2\/product\/1562\/revisions\/1592"}],"wp:featuredmedia":[{"embeddable":true,"href":"https:\/\/tecnnova.org\/portafolio-de-capacidades\/wp-json\/wp\/v2\/media\/902"}],"wp:attachment":[{"href":"https:\/\/tecnnova.org\/portafolio-de-capacidades\/wp-json\/wp\/v2\/media?parent=1562"}],"wp:term":[{"taxonomy":"product_cat","embeddable":true,"href":"https:\/\/tecnnova.org\/portafolio-de-capacidades\/wp-json\/wp\/v2\/product_cat?post=1562"},{"taxonomy":"product_tag","embeddable":true,"href":"https:\/\/tecnnova.org\/portafolio-de-capacidades\/wp-json\/wp\/v2\/product_tag?post=1562"}],"curies":[{"name":"wp","href":"https:\/\/api.w.org\/{rel}","templated":true}]}}