{"id":1565,"date":"2024-08-16T16:36:25","date_gmt":"2024-08-16T21:36:25","guid":{"rendered":"https:\/\/tecnnova.org\/portafolio-de-capacidades\/?post_type=product&#038;p=1565"},"modified":"2024-08-16T16:36:28","modified_gmt":"2024-08-16T21:36:28","slug":"diagnosticar-baterias-de-movilidad-electrica-mediante-evaluaciones-exhaustivas","status":"publish","type":"product","link":"https:\/\/tecnnova.org\/portafolio-de-capacidades\/organizaciones-y-territorios-competitivos\/diagnosticar-baterias-electricas-con-evaluaciones\/","title":{"rendered":"Diagnosticar bater\u00edas de movilidad el\u00e9ctrica mediante evaluaciones exhaustivas"},"content":{"rendered":"<p>Reutilizaci\u00f3n de Bater\u00edas: Clasificaci\u00f3n, acondicionamiento y adaptaci\u00f3n de bater\u00edas retiradas para almacenamiento estacionario de energ\u00eda, promoviendo la sostenibilidad y reduciendo costos. Evaluaci\u00f3n Integral: Evaluaci\u00f3n de bater\u00edas ensambladas con celdas nuevas o recicladas, asegurando el cumplimiento de especificaciones t\u00e9cnicas. Protocolo Validado: Desarrollo y validaci\u00f3n de protocolos de diagn\u00f3stico, desensamble, ensamble y monitoreo remoto. Demostraci\u00f3n en Entorno Real: Implementado y probado en condiciones reales, demostrando su efectividad y funcionalidad.<\/p>\n","protected":false},"excerpt":{"rendered":"<p>Reutilizaci\u00f3n de Bater\u00edas: Clasificaci\u00f3n, acondicionamiento y adaptaci\u00f3n de bater\u00edas retiradas para almacenamiento estacionario de energ\u00eda, promoviendo la sostenibilidad y reduciendo costos. Evaluaci\u00f3n Integral: Evaluaci\u00f3n de bater\u00edas ensambladas con celdas nuevas o recicladas, asegurando el cumplimiento de especificaciones t\u00e9cnicas. Protocolo Validado: Desarrollo y validaci\u00f3n de protocolos de diagn\u00f3stico, desensamble, ensamble y monitoreo remoto. Demostraci\u00f3n en Entorno [&hellip;]<\/p>\n","protected":false},"featured_media":904,"template":"","meta":{"_acf_changed":false},"product_cat":[2925],"product_tag":[2971,2972,2973,2945,2974,2975,2976,2977,2626,2578,2978,2979],"class_list":{"0":"post-1565","1":"product","2":"type-product","3":"status-publish","4":"has-post-thumbnail","6":"product_cat-organizaciones-y-territorios-competitivos","7":"product_tag-analisis-tecnico","8":"product_tag-baterias","9":"product_tag-cidemat","10":"product_tag-diagnosticar","11":"product_tag-evaluaciones-exhaustivas","12":"product_tag-ingenieria-electrica","13":"product_tag-movilidad-electrica","14":"product_tag-pruebas-de-rendimiento","15":"product_tag-sostenibilidad","16":"product_tag-tecnnova","17":"product_tag-tecnologia-energetica","18":"product_tag-vehiculos-electricos","20":"first","21":"instock","22":"shipping-taxable","23":"product-type-simple"},"acf":[],"yoast_head":"<!-- This site is optimized with the Yoast SEO plugin v23.3 - https:\/\/yoast.com\/wordpress\/plugins\/seo\/ -->\n<title>Diagnosticar bater\u00edas de movilidad el\u00e9ctrica mediante evaluaciones exhaustivas - Portafolio de capacidades - Tecnnova<\/title>\n<meta name=\"robots\" content=\"index, follow, max-snippet:-1, max-image-preview:large, max-video-preview:-1\" \/>\n<link rel=\"canonical\" href=\"https:\/\/tecnnova.org\/portafolio-de-capacidades\/organizaciones-y-territorios-competitivos\/diagnosticar-baterias-electricas-con-evaluaciones\/\" \/>\n<meta property=\"og:locale\" content=\"es_ES\" \/>\n<meta property=\"og:type\" content=\"article\" \/>\n<meta property=\"og:title\" content=\"Diagnosticar bater\u00edas de movilidad el\u00e9ctrica mediante evaluaciones exhaustivas - Portafolio de capacidades - Tecnnova\" \/>\n<meta property=\"og:description\" content=\"Reutilizaci\u00f3n de Bater\u00edas: Clasificaci\u00f3n, acondicionamiento y adaptaci\u00f3n de bater\u00edas retiradas para almacenamiento estacionario de energ\u00eda, promoviendo la sostenibilidad y reduciendo costos. Evaluaci\u00f3n Integral: Evaluaci\u00f3n de bater\u00edas ensambladas con celdas nuevas o recicladas, asegurando el cumplimiento de especificaciones t\u00e9cnicas. Protocolo Validado: Desarrollo y validaci\u00f3n de protocolos de diagn\u00f3stico, desensamble, ensamble y monitoreo remoto. Demostraci\u00f3n en Entorno [&hellip;]\" \/>\n<meta property=\"og:url\" content=\"https:\/\/tecnnova.org\/portafolio-de-capacidades\/organizaciones-y-territorios-competitivos\/diagnosticar-baterias-electricas-con-evaluaciones\/\" \/>\n<meta property=\"og:site_name\" content=\"Portafolio de capacidades - Tecnnova\" \/>\n<meta property=\"article:publisher\" content=\"https:\/\/www.facebook.com\/Tecnnova_UEE-637591033015381\" \/>\n<meta property=\"article:modified_time\" content=\"2024-08-16T21:36:28+00:00\" \/>\n<meta property=\"og:image\" content=\"https:\/\/tecnnova.org\/portafolio-de-capacidades\/wp-content\/uploads\/2024\/08\/iconorganizaciones.png\" \/>\n\t<meta property=\"og:image:width\" content=\"100\" \/>\n\t<meta property=\"og:image:height\" content=\"100\" \/>\n\t<meta property=\"og:image:type\" content=\"image\/png\" \/>\n<meta name=\"twitter:card\" content=\"summary_large_image\" \/>\n<meta name=\"twitter:site\" content=\"@Tecnnova_UEE\" \/>\n<script type=\"application\/ld+json\" class=\"yoast-schema-graph\">{\"@context\":\"https:\/\/schema.org\",\"@graph\":[{\"@type\":\"WebPage\",\"@id\":\"https:\/\/tecnnova.org\/portafolio-de-capacidades\/organizaciones-y-territorios-competitivos\/diagnosticar-baterias-electricas-con-evaluaciones\/\",\"url\":\"https:\/\/tecnnova.org\/portafolio-de-capacidades\/organizaciones-y-territorios-competitivos\/diagnosticar-baterias-electricas-con-evaluaciones\/\",\"name\":\"Diagnosticar bater\u00edas de movilidad el\u00e9ctrica mediante evaluaciones exhaustivas - Portafolio de capacidades - Tecnnova\",\"isPartOf\":{\"@id\":\"https:\/\/tecnnova.org\/portafolio-de-capacidades\/#website\"},\"primaryImageOfPage\":{\"@id\":\"https:\/\/tecnnova.org\/portafolio-de-capacidades\/organizaciones-y-territorios-competitivos\/diagnosticar-baterias-electricas-con-evaluaciones\/#primaryimage\"},\"image\":{\"@id\":\"https:\/\/tecnnova.org\/portafolio-de-capacidades\/organizaciones-y-territorios-competitivos\/diagnosticar-baterias-electricas-con-evaluaciones\/#primaryimage\"},\"thumbnailUrl\":\"https:\/\/tecnnova.org\/portafolio-de-capacidades\/wp-content\/uploads\/2024\/08\/iconorganizaciones.png\",\"datePublished\":\"2024-08-16T21:36:25+00:00\",\"dateModified\":\"2024-08-16T21:36:28+00:00\",\"breadcrumb\":{\"@id\":\"https:\/\/tecnnova.org\/portafolio-de-capacidades\/organizaciones-y-territorios-competitivos\/diagnosticar-baterias-electricas-con-evaluaciones\/#breadcrumb\"},\"inLanguage\":\"es-CO\",\"potentialAction\":[{\"@type\":\"ReadAction\",\"target\":[\"https:\/\/tecnnova.org\/portafolio-de-capacidades\/organizaciones-y-territorios-competitivos\/diagnosticar-baterias-electricas-con-evaluaciones\/\"]}]},{\"@type\":\"ImageObject\",\"inLanguage\":\"es-CO\",\"@id\":\"https:\/\/tecnnova.org\/portafolio-de-capacidades\/organizaciones-y-territorios-competitivos\/diagnosticar-baterias-electricas-con-evaluaciones\/#primaryimage\",\"url\":\"https:\/\/tecnnova.org\/portafolio-de-capacidades\/wp-content\/uploads\/2024\/08\/iconorganizaciones.png\",\"contentUrl\":\"https:\/\/tecnnova.org\/portafolio-de-capacidades\/wp-content\/uploads\/2024\/08\/iconorganizaciones.png\",\"width\":100,\"height\":100},{\"@type\":\"BreadcrumbList\",\"@id\":\"https:\/\/tecnnova.org\/portafolio-de-capacidades\/organizaciones-y-territorios-competitivos\/diagnosticar-baterias-electricas-con-evaluaciones\/#breadcrumb\",\"itemListElement\":[{\"@type\":\"ListItem\",\"position\":1,\"name\":\"Inicio\",\"item\":\"https:\/\/tecnnova.org\/portafolio-de-capacidades\/\"},{\"@type\":\"ListItem\",\"position\":2,\"name\":\"Portafolio de Capacidades\",\"item\":\"https:\/\/tecnnova.org\/portafolio-de-capacidades\/\"},{\"@type\":\"ListItem\",\"position\":3,\"name\":\"Diagnosticar bater\u00edas de movilidad el\u00e9ctrica mediante evaluaciones exhaustivas\"}]},{\"@type\":\"WebSite\",\"@id\":\"https:\/\/tecnnova.org\/portafolio-de-capacidades\/#website\",\"url\":\"https:\/\/tecnnova.org\/portafolio-de-capacidades\/\",\"name\":\"Portafolio de capacidades - Tecnnova\",\"description\":\"\",\"publisher\":{\"@id\":\"https:\/\/tecnnova.org\/portafolio-de-capacidades\/#organization\"},\"potentialAction\":[{\"@type\":\"SearchAction\",\"target\":{\"@type\":\"EntryPoint\",\"urlTemplate\":\"https:\/\/tecnnova.org\/portafolio-de-capacidades\/?s={search_term_string}\"},\"query-input\":\"required name=search_term_string\"}],\"inLanguage\":\"es-CO\"},{\"@type\":\"Organization\",\"@id\":\"https:\/\/tecnnova.org\/portafolio-de-capacidades\/#organization\",\"name\":\"Portafolio de capacidades - Tecnnova\",\"url\":\"https:\/\/tecnnova.org\/portafolio-de-capacidades\/\",\"logo\":{\"@type\":\"ImageObject\",\"inLanguage\":\"es-CO\",\"@id\":\"https:\/\/tecnnova.org\/portafolio-de-capacidades\/#\/schema\/logo\/image\/\",\"url\":\"https:\/\/tecnnova.org\/portafolio-de-capacidades\/wp-content\/uploads\/2024\/07\/cropped-TECNNOVA-2022-02.png\",\"contentUrl\":\"https:\/\/tecnnova.org\/portafolio-de-capacidades\/wp-content\/uploads\/2024\/07\/cropped-TECNNOVA-2022-02.png\",\"width\":1609,\"height\":428,\"caption\":\"Portafolio de capacidades - Tecnnova\"},\"image\":{\"@id\":\"https:\/\/tecnnova.org\/portafolio-de-capacidades\/#\/schema\/logo\/image\/\"},\"sameAs\":[\"https:\/\/www.facebook.com\/Tecnnova_UEE-637591033015381\",\"https:\/\/x.com\/Tecnnova_UEE\"]}]}<\/script>\n<!-- \/ Yoast SEO plugin. -->","yoast_head_json":{"title":"Diagnosticar bater\u00edas de movilidad el\u00e9ctrica mediante evaluaciones exhaustivas - Portafolio de capacidades - Tecnnova","robots":{"index":"index","follow":"follow","max-snippet":"max-snippet:-1","max-image-preview":"max-image-preview:large","max-video-preview":"max-video-preview:-1"},"canonical":"https:\/\/tecnnova.org\/portafolio-de-capacidades\/organizaciones-y-territorios-competitivos\/diagnosticar-baterias-electricas-con-evaluaciones\/","og_locale":"es_ES","og_type":"article","og_title":"Diagnosticar bater\u00edas de movilidad el\u00e9ctrica mediante evaluaciones exhaustivas - Portafolio de capacidades - Tecnnova","og_description":"Reutilizaci\u00f3n de Bater\u00edas: Clasificaci\u00f3n, acondicionamiento y adaptaci\u00f3n de bater\u00edas retiradas para almacenamiento estacionario de energ\u00eda, promoviendo la sostenibilidad y reduciendo costos. Evaluaci\u00f3n Integral: Evaluaci\u00f3n de bater\u00edas ensambladas con celdas nuevas o recicladas, asegurando el cumplimiento de especificaciones t\u00e9cnicas. Protocolo Validado: Desarrollo y validaci\u00f3n de protocolos de diagn\u00f3stico, desensamble, ensamble y monitoreo remoto. Demostraci\u00f3n en Entorno [&hellip;]","og_url":"https:\/\/tecnnova.org\/portafolio-de-capacidades\/organizaciones-y-territorios-competitivos\/diagnosticar-baterias-electricas-con-evaluaciones\/","og_site_name":"Portafolio de capacidades - Tecnnova","article_publisher":"https:\/\/www.facebook.com\/Tecnnova_UEE-637591033015381","article_modified_time":"2024-08-16T21:36:28+00:00","og_image":[{"width":100,"height":100,"url":"https:\/\/tecnnova.org\/portafolio-de-capacidades\/wp-content\/uploads\/2024\/08\/iconorganizaciones.png","type":"image\/png"}],"twitter_card":"summary_large_image","twitter_site":"@Tecnnova_UEE","schema":{"@context":"https:\/\/schema.org","@graph":[{"@type":"WebPage","@id":"https:\/\/tecnnova.org\/portafolio-de-capacidades\/organizaciones-y-territorios-competitivos\/diagnosticar-baterias-electricas-con-evaluaciones\/","url":"https:\/\/tecnnova.org\/portafolio-de-capacidades\/organizaciones-y-territorios-competitivos\/diagnosticar-baterias-electricas-con-evaluaciones\/","name":"Diagnosticar bater\u00edas de movilidad el\u00e9ctrica mediante evaluaciones exhaustivas - Portafolio de capacidades - Tecnnova","isPartOf":{"@id":"https:\/\/tecnnova.org\/portafolio-de-capacidades\/#website"},"primaryImageOfPage":{"@id":"https:\/\/tecnnova.org\/portafolio-de-capacidades\/organizaciones-y-territorios-competitivos\/diagnosticar-baterias-electricas-con-evaluaciones\/#primaryimage"},"image":{"@id":"https:\/\/tecnnova.org\/portafolio-de-capacidades\/organizaciones-y-territorios-competitivos\/diagnosticar-baterias-electricas-con-evaluaciones\/#primaryimage"},"thumbnailUrl":"https:\/\/tecnnova.org\/portafolio-de-capacidades\/wp-content\/uploads\/2024\/08\/iconorganizaciones.png","datePublished":"2024-08-16T21:36:25+00:00","dateModified":"2024-08-16T21:36:28+00:00","breadcrumb":{"@id":"https:\/\/tecnnova.org\/portafolio-de-capacidades\/organizaciones-y-territorios-competitivos\/diagnosticar-baterias-electricas-con-evaluaciones\/#breadcrumb"},"inLanguage":"es-CO","potentialAction":[{"@type":"ReadAction","target":["https:\/\/tecnnova.org\/portafolio-de-capacidades\/organizaciones-y-territorios-competitivos\/diagnosticar-baterias-electricas-con-evaluaciones\/"]}]},{"@type":"ImageObject","inLanguage":"es-CO","@id":"https:\/\/tecnnova.org\/portafolio-de-capacidades\/organizaciones-y-territorios-competitivos\/diagnosticar-baterias-electricas-con-evaluaciones\/#primaryimage","url":"https:\/\/tecnnova.org\/portafolio-de-capacidades\/wp-content\/uploads\/2024\/08\/iconorganizaciones.png","contentUrl":"https:\/\/tecnnova.org\/portafolio-de-capacidades\/wp-content\/uploads\/2024\/08\/iconorganizaciones.png","width":100,"height":100},{"@type":"BreadcrumbList","@id":"https:\/\/tecnnova.org\/portafolio-de-capacidades\/organizaciones-y-territorios-competitivos\/diagnosticar-baterias-electricas-con-evaluaciones\/#breadcrumb","itemListElement":[{"@type":"ListItem","position":1,"name":"Inicio","item":"https:\/\/tecnnova.org\/portafolio-de-capacidades\/"},{"@type":"ListItem","position":2,"name":"Portafolio de Capacidades","item":"https:\/\/tecnnova.org\/portafolio-de-capacidades\/"},{"@type":"ListItem","position":3,"name":"Diagnosticar bater\u00edas de movilidad el\u00e9ctrica mediante evaluaciones exhaustivas"}]},{"@type":"WebSite","@id":"https:\/\/tecnnova.org\/portafolio-de-capacidades\/#website","url":"https:\/\/tecnnova.org\/portafolio-de-capacidades\/","name":"Portafolio de capacidades - Tecnnova","description":"","publisher":{"@id":"https:\/\/tecnnova.org\/portafolio-de-capacidades\/#organization"},"potentialAction":[{"@type":"SearchAction","target":{"@type":"EntryPoint","urlTemplate":"https:\/\/tecnnova.org\/portafolio-de-capacidades\/?s={search_term_string}"},"query-input":"required name=search_term_string"}],"inLanguage":"es-CO"},{"@type":"Organization","@id":"https:\/\/tecnnova.org\/portafolio-de-capacidades\/#organization","name":"Portafolio de capacidades - Tecnnova","url":"https:\/\/tecnnova.org\/portafolio-de-capacidades\/","logo":{"@type":"ImageObject","inLanguage":"es-CO","@id":"https:\/\/tecnnova.org\/portafolio-de-capacidades\/#\/schema\/logo\/image\/","url":"https:\/\/tecnnova.org\/portafolio-de-capacidades\/wp-content\/uploads\/2024\/07\/cropped-TECNNOVA-2022-02.png","contentUrl":"https:\/\/tecnnova.org\/portafolio-de-capacidades\/wp-content\/uploads\/2024\/07\/cropped-TECNNOVA-2022-02.png","width":1609,"height":428,"caption":"Portafolio de capacidades - Tecnnova"},"image":{"@id":"https:\/\/tecnnova.org\/portafolio-de-capacidades\/#\/schema\/logo\/image\/"},"sameAs":["https:\/\/www.facebook.com\/Tecnnova_UEE-637591033015381","https:\/\/x.com\/Tecnnova_UEE"]}]}},"_links":{"self":[{"href":"https:\/\/tecnnova.org\/portafolio-de-capacidades\/wp-json\/wp\/v2\/product\/1565","targetHints":{"allow":["GET"]}}],"collection":[{"href":"https:\/\/tecnnova.org\/portafolio-de-capacidades\/wp-json\/wp\/v2\/product"}],"about":[{"href":"https:\/\/tecnnova.org\/portafolio-de-capacidades\/wp-json\/wp\/v2\/types\/product"}],"version-history":[{"count":1,"href":"https:\/\/tecnnova.org\/portafolio-de-capacidades\/wp-json\/wp\/v2\/product\/1565\/revisions"}],"predecessor-version":[{"id":1595,"href":"https:\/\/tecnnova.org\/portafolio-de-capacidades\/wp-json\/wp\/v2\/product\/1565\/revisions\/1595"}],"wp:featuredmedia":[{"embeddable":true,"href":"https:\/\/tecnnova.org\/portafolio-de-capacidades\/wp-json\/wp\/v2\/media\/904"}],"wp:attachment":[{"href":"https:\/\/tecnnova.org\/portafolio-de-capacidades\/wp-json\/wp\/v2\/media?parent=1565"}],"wp:term":[{"taxonomy":"product_cat","embeddable":true,"href":"https:\/\/tecnnova.org\/portafolio-de-capacidades\/wp-json\/wp\/v2\/product_cat?post=1565"},{"taxonomy":"product_tag","embeddable":true,"href":"https:\/\/tecnnova.org\/portafolio-de-capacidades\/wp-json\/wp\/v2\/product_tag?post=1565"}],"curies":[{"name":"wp","href":"https:\/\/api.w.org\/{rel}","templated":true}]}}