{"id":1574,"date":"2024-08-16T16:36:25","date_gmt":"2024-08-16T21:36:25","guid":{"rendered":"https:\/\/tecnnova.org\/portafolio-de-capacidades\/?post_type=product&#038;p=1574"},"modified":"2024-08-16T16:36:30","modified_gmt":"2024-08-16T21:36:30","slug":"identificar-medicamentos-en-matrices-biologicas-mediante-espectrometria-de-masas-maldi-tof","status":"publish","type":"product","link":"https:\/\/tecnnova.org\/portafolio-de-capacidades\/salud-y-vida\/identificar-medicamentos-en-matrices-con-maldi-tof\/","title":{"rendered":"Identificar medicamentos en matrices biol\u00f3gicas mediante espectrometr\u00eda de masas MALDI-TOF"},"content":{"rendered":"<p>Alta Precisi\u00f3n y Rapidez: Permite la identificaci\u00f3n y cuantificaci\u00f3n precisa de m\u00faltiples medicamentos en diversas matrices biol\u00f3gicas como plasma u orina, con resultados r\u00e1pidos. Optimizaci\u00f3n de la Pr\u00e1ctica Cl\u00ednica: Ideal para la pr\u00e1ctica cl\u00ednica moderna, optimizando la dosificaci\u00f3n de medicamentos y reduciendo efectos adversos en pacientes con enfermedades cr\u00f3nicas. Validaci\u00f3n T\u00e9cnica en Entornos Relevantes: Probado en laboratorios cl\u00ednicos, demostrando su eficacia en la identificaci\u00f3n y cuantificaci\u00f3n de f\u00e1rmacos. Procedimientos Operativos Est\u00e1ndar (SOP): Implementaci\u00f3n de SOP para el pretratamiento de muestras, incluyendo la precipitaci\u00f3n de prote\u00ednas, asegurando la reproducibilidad y precisi\u00f3n de los resultados. Software RUO: Utilizaci\u00f3n del software RUO para el an\u00e1lisis de datos y optimizaci\u00f3n del proceso de cuantificaci\u00f3n, permitiendo una medici\u00f3n precisa en el rango de picogramos con menor volumen de muestra.<\/p>\n","protected":false},"excerpt":{"rendered":"<p>Alta Precisi\u00f3n y Rapidez: Permite la identificaci\u00f3n y cuantificaci\u00f3n precisa de m\u00faltiples medicamentos en diversas matrices biol\u00f3gicas como plasma u orina, con resultados r\u00e1pidos. Optimizaci\u00f3n de la Pr\u00e1ctica Cl\u00ednica: Ideal para la pr\u00e1ctica cl\u00ednica moderna, optimizando la dosificaci\u00f3n de medicamentos y reduciendo efectos adversos en pacientes con enfermedades cr\u00f3nicas. Validaci\u00f3n T\u00e9cnica en Entornos Relevantes: Probado [&hellip;]<\/p>\n","protected":false},"featured_media":902,"template":"","meta":{"_acf_changed":false},"product_cat":[2566],"product_tag":[3047,2903,3048,3049,3050,3051,3052,3053,3054,3055,3056,2578,3057],"class_list":{"0":"post-1574","1":"product","2":"type-product","3":"status-publish","4":"has-post-thumbnail","6":"product_cat-salud-y-vida","7":"product_tag-analisis-proteomico","8":"product_tag-biomarcadores","9":"product_tag-desorcion-ionizacion-laser","10":"product_tag-espectrometria-de-masas","11":"product_tag-farmacocinetica","12":"product_tag-farmacologia","13":"product_tag-identificacion-de-medicamentos","14":"product_tag-maldi-tof","15":"product_tag-matrices-biologicas","16":"product_tag-perfilado-molecular","17":"product_tag-quimica-analitica","18":"product_tag-tecnnova","19":"product_tag-toxicologia","21":"first","22":"instock","23":"shipping-taxable","24":"product-type-simple"},"acf":[],"yoast_head":"<!-- This site is optimized with the Yoast SEO plugin v23.3 - https:\/\/yoast.com\/wordpress\/plugins\/seo\/ -->\n<title>Identificar medicamentos en matrices biol\u00f3gicas mediante espectrometr\u00eda de masas MALDI-TOF - Portafolio de capacidades - Tecnnova<\/title>\n<meta name=\"robots\" content=\"index, follow, max-snippet:-1, max-image-preview:large, max-video-preview:-1\" \/>\n<link rel=\"canonical\" href=\"https:\/\/tecnnova.org\/portafolio-de-capacidades\/salud-y-vida\/identificar-medicamentos-en-matrices-con-maldi-tof\/\" \/>\n<meta property=\"og:locale\" content=\"es_ES\" \/>\n<meta property=\"og:type\" content=\"article\" \/>\n<meta property=\"og:title\" content=\"Identificar medicamentos en matrices biol\u00f3gicas mediante espectrometr\u00eda de masas MALDI-TOF - Portafolio de capacidades - Tecnnova\" \/>\n<meta property=\"og:description\" content=\"Alta Precisi\u00f3n y Rapidez: Permite la identificaci\u00f3n y cuantificaci\u00f3n precisa de m\u00faltiples medicamentos en diversas matrices biol\u00f3gicas como plasma u orina, con resultados r\u00e1pidos. Optimizaci\u00f3n de la Pr\u00e1ctica Cl\u00ednica: Ideal para la pr\u00e1ctica cl\u00ednica moderna, optimizando la dosificaci\u00f3n de medicamentos y reduciendo efectos adversos en pacientes con enfermedades cr\u00f3nicas. Validaci\u00f3n T\u00e9cnica en Entornos Relevantes: Probado [&hellip;]\" \/>\n<meta property=\"og:url\" content=\"https:\/\/tecnnova.org\/portafolio-de-capacidades\/salud-y-vida\/identificar-medicamentos-en-matrices-con-maldi-tof\/\" \/>\n<meta property=\"og:site_name\" content=\"Portafolio de capacidades - Tecnnova\" \/>\n<meta property=\"article:publisher\" content=\"https:\/\/www.facebook.com\/Tecnnova_UEE-637591033015381\" \/>\n<meta property=\"article:modified_time\" content=\"2024-08-16T21:36:30+00:00\" \/>\n<meta property=\"og:image\" content=\"https:\/\/tecnnova.org\/portafolio-de-capacidades\/wp-content\/uploads\/2024\/08\/iconsaludyvida.png\" \/>\n\t<meta property=\"og:image:width\" content=\"100\" \/>\n\t<meta property=\"og:image:height\" content=\"100\" \/>\n\t<meta property=\"og:image:type\" content=\"image\/png\" \/>\n<meta name=\"twitter:card\" content=\"summary_large_image\" \/>\n<meta name=\"twitter:site\" content=\"@Tecnnova_UEE\" \/>\n<meta name=\"twitter:label1\" content=\"Tiempo de lectura\" \/>\n\t<meta name=\"twitter:data1\" content=\"1 minuto\" \/>\n<script type=\"application\/ld+json\" class=\"yoast-schema-graph\">{\"@context\":\"https:\/\/schema.org\",\"@graph\":[{\"@type\":\"WebPage\",\"@id\":\"https:\/\/tecnnova.org\/portafolio-de-capacidades\/salud-y-vida\/identificar-medicamentos-en-matrices-con-maldi-tof\/\",\"url\":\"https:\/\/tecnnova.org\/portafolio-de-capacidades\/salud-y-vida\/identificar-medicamentos-en-matrices-con-maldi-tof\/\",\"name\":\"Identificar medicamentos en matrices biol\u00f3gicas mediante espectrometr\u00eda de masas MALDI-TOF - Portafolio de capacidades - Tecnnova\",\"isPartOf\":{\"@id\":\"https:\/\/tecnnova.org\/portafolio-de-capacidades\/#website\"},\"primaryImageOfPage\":{\"@id\":\"https:\/\/tecnnova.org\/portafolio-de-capacidades\/salud-y-vida\/identificar-medicamentos-en-matrices-con-maldi-tof\/#primaryimage\"},\"image\":{\"@id\":\"https:\/\/tecnnova.org\/portafolio-de-capacidades\/salud-y-vida\/identificar-medicamentos-en-matrices-con-maldi-tof\/#primaryimage\"},\"thumbnailUrl\":\"https:\/\/tecnnova.org\/portafolio-de-capacidades\/wp-content\/uploads\/2024\/08\/iconsaludyvida.png\",\"datePublished\":\"2024-08-16T21:36:25+00:00\",\"dateModified\":\"2024-08-16T21:36:30+00:00\",\"breadcrumb\":{\"@id\":\"https:\/\/tecnnova.org\/portafolio-de-capacidades\/salud-y-vida\/identificar-medicamentos-en-matrices-con-maldi-tof\/#breadcrumb\"},\"inLanguage\":\"es-CO\",\"potentialAction\":[{\"@type\":\"ReadAction\",\"target\":[\"https:\/\/tecnnova.org\/portafolio-de-capacidades\/salud-y-vida\/identificar-medicamentos-en-matrices-con-maldi-tof\/\"]}]},{\"@type\":\"ImageObject\",\"inLanguage\":\"es-CO\",\"@id\":\"https:\/\/tecnnova.org\/portafolio-de-capacidades\/salud-y-vida\/identificar-medicamentos-en-matrices-con-maldi-tof\/#primaryimage\",\"url\":\"https:\/\/tecnnova.org\/portafolio-de-capacidades\/wp-content\/uploads\/2024\/08\/iconsaludyvida.png\",\"contentUrl\":\"https:\/\/tecnnova.org\/portafolio-de-capacidades\/wp-content\/uploads\/2024\/08\/iconsaludyvida.png\",\"width\":100,\"height\":100},{\"@type\":\"BreadcrumbList\",\"@id\":\"https:\/\/tecnnova.org\/portafolio-de-capacidades\/salud-y-vida\/identificar-medicamentos-en-matrices-con-maldi-tof\/#breadcrumb\",\"itemListElement\":[{\"@type\":\"ListItem\",\"position\":1,\"name\":\"Inicio\",\"item\":\"https:\/\/tecnnova.org\/portafolio-de-capacidades\/\"},{\"@type\":\"ListItem\",\"position\":2,\"name\":\"Portafolio de Capacidades\",\"item\":\"https:\/\/tecnnova.org\/portafolio-de-capacidades\/\"},{\"@type\":\"ListItem\",\"position\":3,\"name\":\"Identificar medicamentos en matrices biol\u00f3gicas mediante espectrometr\u00eda de masas MALDI-TOF\"}]},{\"@type\":\"WebSite\",\"@id\":\"https:\/\/tecnnova.org\/portafolio-de-capacidades\/#website\",\"url\":\"https:\/\/tecnnova.org\/portafolio-de-capacidades\/\",\"name\":\"Portafolio de capacidades - Tecnnova\",\"description\":\"\",\"publisher\":{\"@id\":\"https:\/\/tecnnova.org\/portafolio-de-capacidades\/#organization\"},\"potentialAction\":[{\"@type\":\"SearchAction\",\"target\":{\"@type\":\"EntryPoint\",\"urlTemplate\":\"https:\/\/tecnnova.org\/portafolio-de-capacidades\/?s={search_term_string}\"},\"query-input\":\"required name=search_term_string\"}],\"inLanguage\":\"es-CO\"},{\"@type\":\"Organization\",\"@id\":\"https:\/\/tecnnova.org\/portafolio-de-capacidades\/#organization\",\"name\":\"Portafolio de capacidades - Tecnnova\",\"url\":\"https:\/\/tecnnova.org\/portafolio-de-capacidades\/\",\"logo\":{\"@type\":\"ImageObject\",\"inLanguage\":\"es-CO\",\"@id\":\"https:\/\/tecnnova.org\/portafolio-de-capacidades\/#\/schema\/logo\/image\/\",\"url\":\"https:\/\/tecnnova.org\/portafolio-de-capacidades\/wp-content\/uploads\/2024\/07\/cropped-TECNNOVA-2022-02.png\",\"contentUrl\":\"https:\/\/tecnnova.org\/portafolio-de-capacidades\/wp-content\/uploads\/2024\/07\/cropped-TECNNOVA-2022-02.png\",\"width\":1609,\"height\":428,\"caption\":\"Portafolio de capacidades - Tecnnova\"},\"image\":{\"@id\":\"https:\/\/tecnnova.org\/portafolio-de-capacidades\/#\/schema\/logo\/image\/\"},\"sameAs\":[\"https:\/\/www.facebook.com\/Tecnnova_UEE-637591033015381\",\"https:\/\/x.com\/Tecnnova_UEE\"]}]}<\/script>\n<!-- \/ Yoast SEO plugin. -->","yoast_head_json":{"title":"Identificar medicamentos en matrices biol\u00f3gicas mediante espectrometr\u00eda de masas MALDI-TOF - Portafolio de capacidades - Tecnnova","robots":{"index":"index","follow":"follow","max-snippet":"max-snippet:-1","max-image-preview":"max-image-preview:large","max-video-preview":"max-video-preview:-1"},"canonical":"https:\/\/tecnnova.org\/portafolio-de-capacidades\/salud-y-vida\/identificar-medicamentos-en-matrices-con-maldi-tof\/","og_locale":"es_ES","og_type":"article","og_title":"Identificar medicamentos en matrices biol\u00f3gicas mediante espectrometr\u00eda de masas MALDI-TOF - Portafolio de capacidades - Tecnnova","og_description":"Alta Precisi\u00f3n y Rapidez: Permite la identificaci\u00f3n y cuantificaci\u00f3n precisa de m\u00faltiples medicamentos en diversas matrices biol\u00f3gicas como plasma u orina, con resultados r\u00e1pidos. Optimizaci\u00f3n de la Pr\u00e1ctica Cl\u00ednica: Ideal para la pr\u00e1ctica cl\u00ednica moderna, optimizando la dosificaci\u00f3n de medicamentos y reduciendo efectos adversos en pacientes con enfermedades cr\u00f3nicas. Validaci\u00f3n T\u00e9cnica en Entornos Relevantes: Probado [&hellip;]","og_url":"https:\/\/tecnnova.org\/portafolio-de-capacidades\/salud-y-vida\/identificar-medicamentos-en-matrices-con-maldi-tof\/","og_site_name":"Portafolio de capacidades - Tecnnova","article_publisher":"https:\/\/www.facebook.com\/Tecnnova_UEE-637591033015381","article_modified_time":"2024-08-16T21:36:30+00:00","og_image":[{"width":100,"height":100,"url":"https:\/\/tecnnova.org\/portafolio-de-capacidades\/wp-content\/uploads\/2024\/08\/iconsaludyvida.png","type":"image\/png"}],"twitter_card":"summary_large_image","twitter_site":"@Tecnnova_UEE","twitter_misc":{"Tiempo de lectura":"1 minuto"},"schema":{"@context":"https:\/\/schema.org","@graph":[{"@type":"WebPage","@id":"https:\/\/tecnnova.org\/portafolio-de-capacidades\/salud-y-vida\/identificar-medicamentos-en-matrices-con-maldi-tof\/","url":"https:\/\/tecnnova.org\/portafolio-de-capacidades\/salud-y-vida\/identificar-medicamentos-en-matrices-con-maldi-tof\/","name":"Identificar medicamentos en matrices biol\u00f3gicas mediante espectrometr\u00eda de masas MALDI-TOF - Portafolio de capacidades - Tecnnova","isPartOf":{"@id":"https:\/\/tecnnova.org\/portafolio-de-capacidades\/#website"},"primaryImageOfPage":{"@id":"https:\/\/tecnnova.org\/portafolio-de-capacidades\/salud-y-vida\/identificar-medicamentos-en-matrices-con-maldi-tof\/#primaryimage"},"image":{"@id":"https:\/\/tecnnova.org\/portafolio-de-capacidades\/salud-y-vida\/identificar-medicamentos-en-matrices-con-maldi-tof\/#primaryimage"},"thumbnailUrl":"https:\/\/tecnnova.org\/portafolio-de-capacidades\/wp-content\/uploads\/2024\/08\/iconsaludyvida.png","datePublished":"2024-08-16T21:36:25+00:00","dateModified":"2024-08-16T21:36:30+00:00","breadcrumb":{"@id":"https:\/\/tecnnova.org\/portafolio-de-capacidades\/salud-y-vida\/identificar-medicamentos-en-matrices-con-maldi-tof\/#breadcrumb"},"inLanguage":"es-CO","potentialAction":[{"@type":"ReadAction","target":["https:\/\/tecnnova.org\/portafolio-de-capacidades\/salud-y-vida\/identificar-medicamentos-en-matrices-con-maldi-tof\/"]}]},{"@type":"ImageObject","inLanguage":"es-CO","@id":"https:\/\/tecnnova.org\/portafolio-de-capacidades\/salud-y-vida\/identificar-medicamentos-en-matrices-con-maldi-tof\/#primaryimage","url":"https:\/\/tecnnova.org\/portafolio-de-capacidades\/wp-content\/uploads\/2024\/08\/iconsaludyvida.png","contentUrl":"https:\/\/tecnnova.org\/portafolio-de-capacidades\/wp-content\/uploads\/2024\/08\/iconsaludyvida.png","width":100,"height":100},{"@type":"BreadcrumbList","@id":"https:\/\/tecnnova.org\/portafolio-de-capacidades\/salud-y-vida\/identificar-medicamentos-en-matrices-con-maldi-tof\/#breadcrumb","itemListElement":[{"@type":"ListItem","position":1,"name":"Inicio","item":"https:\/\/tecnnova.org\/portafolio-de-capacidades\/"},{"@type":"ListItem","position":2,"name":"Portafolio de Capacidades","item":"https:\/\/tecnnova.org\/portafolio-de-capacidades\/"},{"@type":"ListItem","position":3,"name":"Identificar medicamentos en matrices biol\u00f3gicas mediante espectrometr\u00eda de masas MALDI-TOF"}]},{"@type":"WebSite","@id":"https:\/\/tecnnova.org\/portafolio-de-capacidades\/#website","url":"https:\/\/tecnnova.org\/portafolio-de-capacidades\/","name":"Portafolio de capacidades - Tecnnova","description":"","publisher":{"@id":"https:\/\/tecnnova.org\/portafolio-de-capacidades\/#organization"},"potentialAction":[{"@type":"SearchAction","target":{"@type":"EntryPoint","urlTemplate":"https:\/\/tecnnova.org\/portafolio-de-capacidades\/?s={search_term_string}"},"query-input":"required name=search_term_string"}],"inLanguage":"es-CO"},{"@type":"Organization","@id":"https:\/\/tecnnova.org\/portafolio-de-capacidades\/#organization","name":"Portafolio de capacidades - Tecnnova","url":"https:\/\/tecnnova.org\/portafolio-de-capacidades\/","logo":{"@type":"ImageObject","inLanguage":"es-CO","@id":"https:\/\/tecnnova.org\/portafolio-de-capacidades\/#\/schema\/logo\/image\/","url":"https:\/\/tecnnova.org\/portafolio-de-capacidades\/wp-content\/uploads\/2024\/07\/cropped-TECNNOVA-2022-02.png","contentUrl":"https:\/\/tecnnova.org\/portafolio-de-capacidades\/wp-content\/uploads\/2024\/07\/cropped-TECNNOVA-2022-02.png","width":1609,"height":428,"caption":"Portafolio de capacidades - Tecnnova"},"image":{"@id":"https:\/\/tecnnova.org\/portafolio-de-capacidades\/#\/schema\/logo\/image\/"},"sameAs":["https:\/\/www.facebook.com\/Tecnnova_UEE-637591033015381","https:\/\/x.com\/Tecnnova_UEE"]}]}},"_links":{"self":[{"href":"https:\/\/tecnnova.org\/portafolio-de-capacidades\/wp-json\/wp\/v2\/product\/1574","targetHints":{"allow":["GET"]}}],"collection":[{"href":"https:\/\/tecnnova.org\/portafolio-de-capacidades\/wp-json\/wp\/v2\/product"}],"about":[{"href":"https:\/\/tecnnova.org\/portafolio-de-capacidades\/wp-json\/wp\/v2\/types\/product"}],"version-history":[{"count":1,"href":"https:\/\/tecnnova.org\/portafolio-de-capacidades\/wp-json\/wp\/v2\/product\/1574\/revisions"}],"predecessor-version":[{"id":1604,"href":"https:\/\/tecnnova.org\/portafolio-de-capacidades\/wp-json\/wp\/v2\/product\/1574\/revisions\/1604"}],"wp:featuredmedia":[{"embeddable":true,"href":"https:\/\/tecnnova.org\/portafolio-de-capacidades\/wp-json\/wp\/v2\/media\/902"}],"wp:attachment":[{"href":"https:\/\/tecnnova.org\/portafolio-de-capacidades\/wp-json\/wp\/v2\/media?parent=1574"}],"wp:term":[{"taxonomy":"product_cat","embeddable":true,"href":"https:\/\/tecnnova.org\/portafolio-de-capacidades\/wp-json\/wp\/v2\/product_cat?post=1574"},{"taxonomy":"product_tag","embeddable":true,"href":"https:\/\/tecnnova.org\/portafolio-de-capacidades\/wp-json\/wp\/v2\/product_tag?post=1574"}],"curies":[{"name":"wp","href":"https:\/\/api.w.org\/{rel}","templated":true}]}}