{"id":1580,"date":"2024-08-16T16:36:26","date_gmt":"2024-08-16T21:36:26","guid":{"rendered":"https:\/\/tecnnova.org\/portafolio-de-capacidades\/?post_type=product&#038;p=1580"},"modified":"2024-08-16T16:36:31","modified_gmt":"2024-08-16T21:36:31","slug":"analizar-problematicas-sociojuridicas-e-identificar-posibles-soluciones-para-dichas-problematicas","status":"publish","type":"product","link":"https:\/\/tecnnova.org\/portafolio-de-capacidades\/organizaciones-y-territorios-competitivos\/analizar-problematica-sociojuridica-y-posibles-soluciones\/","title":{"rendered":"Analizar problem\u00e1ticas sociojur\u00eddicas e identificar posibles soluciones para dichas problem\u00e1ticas."},"content":{"rendered":"<p>Soluciones Efectivas: Desarrollo de estrategias y soluciones basadas en un an\u00e1lisis profundo que aborden de manera efectiva las problem\u00e1ticas sociojur\u00eddicas identificadas. Mejora de la Justicia Social: Contribuir a la justicia social mediante la identificaci\u00f3n y resoluci\u00f3n de conflictos y desigualdades dentro de los sistemas jur\u00eddicos y sociales. Optimizaci\u00f3n de Pol\u00edticas P\u00fablicas: Proporcionar recomendaciones informadas que pueden mejorar las pol\u00edticas p\u00fablicas y las pr\u00e1cticas jur\u00eddicas, fortaleciendo el marco normativo y su aplicaci\u00f3n. Prevenci\u00f3n de Conflictos: Identificar problemas potenciales antes de que se conviertan en conflictos mayores, lo que puede prevenir la escalada de problemas y reducir su impacto. Fortalecimiento Institucional: Apoyar a las instituciones en la mejora de sus pr\u00e1cticas y pol\u00edticas mediante el an\u00e1lisis y la soluci\u00f3n de problemas, fortaleciendo su capacidad operativa y de respuesta. Eficiencia en la Gesti\u00f3n: Optimizar la gesti\u00f3n de recursos y procesos legales y sociales al ofrecer soluciones pr\u00e1cticas y basadas en evidencia. Desarrollo de Capacidades: Aportar conocimientos y herramientas que mejoren la capacidad de las organizaciones y profesionales para enfrentar desaf\u00edos sociojur\u00eddicos. Adaptaci\u00f3n a Cambios: Facilitar la adaptaci\u00f3n a cambios legislativos, sociales o econ\u00f3micos mediante un an\u00e1lisis proactivo y la identificaci\u00f3n de soluciones innovadoras. Empoderamiento Comunitario: Contribuir al empoderamiento de comunidades al abordar y resolver problemas que afectan su bienestar y cohesi\u00f3n social. Reducci\u00f3n de Riesgos Legales: Minimizar riesgos legales y de cumplimiento mediante la anticipaci\u00f3n y resoluci\u00f3n de problemas que puedan surgir en el \u00e1mbito jur\u00eddico.<\/p>\n","protected":false},"excerpt":{"rendered":"<p>Soluciones Efectivas: Desarrollo de estrategias y soluciones basadas en un an\u00e1lisis profundo que aborden de manera efectiva las problem\u00e1ticas sociojur\u00eddicas identificadas. Mejora de la Justicia Social: Contribuir a la justicia social mediante la identificaci\u00f3n y resoluci\u00f3n de conflictos y desigualdades dentro de los sistemas jur\u00eddicos y sociales. Optimizaci\u00f3n de Pol\u00edticas P\u00fablicas: Proporcionar recomendaciones informadas que [&hellip;]<\/p>\n","protected":false},"featured_media":904,"template":"","meta":{"_acf_changed":false},"product_cat":[2925],"product_tag":[2796,3101,3102,2713,3103,3104,3105,3106,3107,3108,2578],"class_list":{"0":"post-1580","1":"product","2":"type-product","3":"status-publish","4":"has-post-thumbnail","6":"product_cat-organizaciones-y-territorios-competitivos","7":"product_tag-analizar","8":"product_tag-derecho","9":"product_tag-evaluacion-de-politicas","10":"product_tag-identificar","11":"product_tag-investigacion-legal","12":"product_tag-justicia","13":"product_tag-problematicas-sociojuridicas","14":"product_tag-resolucion-de-conflictos","15":"product_tag-sociologia","16":"product_tag-soluciones","17":"product_tag-tecnnova","19":"first","20":"instock","21":"shipping-taxable","22":"product-type-simple"},"acf":[],"yoast_head":"<!-- This site is optimized with the Yoast SEO plugin v23.3 - https:\/\/yoast.com\/wordpress\/plugins\/seo\/ -->\n<title>Analizar problem\u00e1ticas sociojur\u00eddicas e identificar posibles soluciones para dichas problem\u00e1ticas. - Portafolio de capacidades - Tecnnova<\/title>\n<meta name=\"robots\" content=\"index, follow, max-snippet:-1, max-image-preview:large, max-video-preview:-1\" \/>\n<link rel=\"canonical\" href=\"https:\/\/tecnnova.org\/portafolio-de-capacidades\/organizaciones-y-territorios-competitivos\/analizar-problematica-sociojuridica-y-posibles-soluciones\/\" \/>\n<meta property=\"og:locale\" content=\"es_ES\" \/>\n<meta property=\"og:type\" content=\"article\" \/>\n<meta property=\"og:title\" content=\"Analizar problem\u00e1ticas sociojur\u00eddicas e identificar posibles soluciones para dichas problem\u00e1ticas. - Portafolio de capacidades - Tecnnova\" \/>\n<meta property=\"og:description\" content=\"Soluciones Efectivas: Desarrollo de estrategias y soluciones basadas en un an\u00e1lisis profundo que aborden de manera efectiva las problem\u00e1ticas sociojur\u00eddicas identificadas. Mejora de la Justicia Social: Contribuir a la justicia social mediante la identificaci\u00f3n y resoluci\u00f3n de conflictos y desigualdades dentro de los sistemas jur\u00eddicos y sociales. Optimizaci\u00f3n de Pol\u00edticas P\u00fablicas: Proporcionar recomendaciones informadas que [&hellip;]\" \/>\n<meta property=\"og:url\" content=\"https:\/\/tecnnova.org\/portafolio-de-capacidades\/organizaciones-y-territorios-competitivos\/analizar-problematica-sociojuridica-y-posibles-soluciones\/\" \/>\n<meta property=\"og:site_name\" content=\"Portafolio de capacidades - Tecnnova\" \/>\n<meta property=\"article:publisher\" content=\"https:\/\/www.facebook.com\/Tecnnova_UEE-637591033015381\" \/>\n<meta property=\"article:modified_time\" content=\"2024-08-16T21:36:31+00:00\" \/>\n<meta property=\"og:image\" content=\"https:\/\/tecnnova.org\/portafolio-de-capacidades\/wp-content\/uploads\/2024\/08\/iconorganizaciones.png\" \/>\n\t<meta property=\"og:image:width\" content=\"100\" \/>\n\t<meta property=\"og:image:height\" content=\"100\" \/>\n\t<meta property=\"og:image:type\" content=\"image\/png\" \/>\n<meta name=\"twitter:card\" content=\"summary_large_image\" \/>\n<meta name=\"twitter:site\" content=\"@Tecnnova_UEE\" \/>\n<meta name=\"twitter:label1\" content=\"Tiempo de lectura\" \/>\n\t<meta name=\"twitter:data1\" content=\"1 minuto\" \/>\n<script type=\"application\/ld+json\" class=\"yoast-schema-graph\">{\"@context\":\"https:\/\/schema.org\",\"@graph\":[{\"@type\":\"WebPage\",\"@id\":\"https:\/\/tecnnova.org\/portafolio-de-capacidades\/organizaciones-y-territorios-competitivos\/analizar-problematica-sociojuridica-y-posibles-soluciones\/\",\"url\":\"https:\/\/tecnnova.org\/portafolio-de-capacidades\/organizaciones-y-territorios-competitivos\/analizar-problematica-sociojuridica-y-posibles-soluciones\/\",\"name\":\"Analizar problem\u00e1ticas sociojur\u00eddicas e identificar posibles soluciones para dichas problem\u00e1ticas. - Portafolio de capacidades - Tecnnova\",\"isPartOf\":{\"@id\":\"https:\/\/tecnnova.org\/portafolio-de-capacidades\/#website\"},\"primaryImageOfPage\":{\"@id\":\"https:\/\/tecnnova.org\/portafolio-de-capacidades\/organizaciones-y-territorios-competitivos\/analizar-problematica-sociojuridica-y-posibles-soluciones\/#primaryimage\"},\"image\":{\"@id\":\"https:\/\/tecnnova.org\/portafolio-de-capacidades\/organizaciones-y-territorios-competitivos\/analizar-problematica-sociojuridica-y-posibles-soluciones\/#primaryimage\"},\"thumbnailUrl\":\"https:\/\/tecnnova.org\/portafolio-de-capacidades\/wp-content\/uploads\/2024\/08\/iconorganizaciones.png\",\"datePublished\":\"2024-08-16T21:36:26+00:00\",\"dateModified\":\"2024-08-16T21:36:31+00:00\",\"breadcrumb\":{\"@id\":\"https:\/\/tecnnova.org\/portafolio-de-capacidades\/organizaciones-y-territorios-competitivos\/analizar-problematica-sociojuridica-y-posibles-soluciones\/#breadcrumb\"},\"inLanguage\":\"es-CO\",\"potentialAction\":[{\"@type\":\"ReadAction\",\"target\":[\"https:\/\/tecnnova.org\/portafolio-de-capacidades\/organizaciones-y-territorios-competitivos\/analizar-problematica-sociojuridica-y-posibles-soluciones\/\"]}]},{\"@type\":\"ImageObject\",\"inLanguage\":\"es-CO\",\"@id\":\"https:\/\/tecnnova.org\/portafolio-de-capacidades\/organizaciones-y-territorios-competitivos\/analizar-problematica-sociojuridica-y-posibles-soluciones\/#primaryimage\",\"url\":\"https:\/\/tecnnova.org\/portafolio-de-capacidades\/wp-content\/uploads\/2024\/08\/iconorganizaciones.png\",\"contentUrl\":\"https:\/\/tecnnova.org\/portafolio-de-capacidades\/wp-content\/uploads\/2024\/08\/iconorganizaciones.png\",\"width\":100,\"height\":100},{\"@type\":\"BreadcrumbList\",\"@id\":\"https:\/\/tecnnova.org\/portafolio-de-capacidades\/organizaciones-y-territorios-competitivos\/analizar-problematica-sociojuridica-y-posibles-soluciones\/#breadcrumb\",\"itemListElement\":[{\"@type\":\"ListItem\",\"position\":1,\"name\":\"Inicio\",\"item\":\"https:\/\/tecnnova.org\/portafolio-de-capacidades\/\"},{\"@type\":\"ListItem\",\"position\":2,\"name\":\"Portafolio de Capacidades\",\"item\":\"https:\/\/tecnnova.org\/portafolio-de-capacidades\/\"},{\"@type\":\"ListItem\",\"position\":3,\"name\":\"Analizar problem\u00e1ticas sociojur\u00eddicas e identificar posibles soluciones para dichas problem\u00e1ticas.\"}]},{\"@type\":\"WebSite\",\"@id\":\"https:\/\/tecnnova.org\/portafolio-de-capacidades\/#website\",\"url\":\"https:\/\/tecnnova.org\/portafolio-de-capacidades\/\",\"name\":\"Portafolio de capacidades - Tecnnova\",\"description\":\"\",\"publisher\":{\"@id\":\"https:\/\/tecnnova.org\/portafolio-de-capacidades\/#organization\"},\"potentialAction\":[{\"@type\":\"SearchAction\",\"target\":{\"@type\":\"EntryPoint\",\"urlTemplate\":\"https:\/\/tecnnova.org\/portafolio-de-capacidades\/?s={search_term_string}\"},\"query-input\":\"required name=search_term_string\"}],\"inLanguage\":\"es-CO\"},{\"@type\":\"Organization\",\"@id\":\"https:\/\/tecnnova.org\/portafolio-de-capacidades\/#organization\",\"name\":\"Portafolio de capacidades - Tecnnova\",\"url\":\"https:\/\/tecnnova.org\/portafolio-de-capacidades\/\",\"logo\":{\"@type\":\"ImageObject\",\"inLanguage\":\"es-CO\",\"@id\":\"https:\/\/tecnnova.org\/portafolio-de-capacidades\/#\/schema\/logo\/image\/\",\"url\":\"https:\/\/tecnnova.org\/portafolio-de-capacidades\/wp-content\/uploads\/2024\/07\/cropped-TECNNOVA-2022-02.png\",\"contentUrl\":\"https:\/\/tecnnova.org\/portafolio-de-capacidades\/wp-content\/uploads\/2024\/07\/cropped-TECNNOVA-2022-02.png\",\"width\":1609,\"height\":428,\"caption\":\"Portafolio de capacidades - Tecnnova\"},\"image\":{\"@id\":\"https:\/\/tecnnova.org\/portafolio-de-capacidades\/#\/schema\/logo\/image\/\"},\"sameAs\":[\"https:\/\/www.facebook.com\/Tecnnova_UEE-637591033015381\",\"https:\/\/x.com\/Tecnnova_UEE\"]}]}<\/script>\n<!-- \/ Yoast SEO plugin. -->","yoast_head_json":{"title":"Analizar problem\u00e1ticas sociojur\u00eddicas e identificar posibles soluciones para dichas problem\u00e1ticas. - Portafolio de capacidades - Tecnnova","robots":{"index":"index","follow":"follow","max-snippet":"max-snippet:-1","max-image-preview":"max-image-preview:large","max-video-preview":"max-video-preview:-1"},"canonical":"https:\/\/tecnnova.org\/portafolio-de-capacidades\/organizaciones-y-territorios-competitivos\/analizar-problematica-sociojuridica-y-posibles-soluciones\/","og_locale":"es_ES","og_type":"article","og_title":"Analizar problem\u00e1ticas sociojur\u00eddicas e identificar posibles soluciones para dichas problem\u00e1ticas. - Portafolio de capacidades - Tecnnova","og_description":"Soluciones Efectivas: Desarrollo de estrategias y soluciones basadas en un an\u00e1lisis profundo que aborden de manera efectiva las problem\u00e1ticas sociojur\u00eddicas identificadas. Mejora de la Justicia Social: Contribuir a la justicia social mediante la identificaci\u00f3n y resoluci\u00f3n de conflictos y desigualdades dentro de los sistemas jur\u00eddicos y sociales. Optimizaci\u00f3n de Pol\u00edticas P\u00fablicas: Proporcionar recomendaciones informadas que [&hellip;]","og_url":"https:\/\/tecnnova.org\/portafolio-de-capacidades\/organizaciones-y-territorios-competitivos\/analizar-problematica-sociojuridica-y-posibles-soluciones\/","og_site_name":"Portafolio de capacidades - Tecnnova","article_publisher":"https:\/\/www.facebook.com\/Tecnnova_UEE-637591033015381","article_modified_time":"2024-08-16T21:36:31+00:00","og_image":[{"width":100,"height":100,"url":"https:\/\/tecnnova.org\/portafolio-de-capacidades\/wp-content\/uploads\/2024\/08\/iconorganizaciones.png","type":"image\/png"}],"twitter_card":"summary_large_image","twitter_site":"@Tecnnova_UEE","twitter_misc":{"Tiempo de lectura":"1 minuto"},"schema":{"@context":"https:\/\/schema.org","@graph":[{"@type":"WebPage","@id":"https:\/\/tecnnova.org\/portafolio-de-capacidades\/organizaciones-y-territorios-competitivos\/analizar-problematica-sociojuridica-y-posibles-soluciones\/","url":"https:\/\/tecnnova.org\/portafolio-de-capacidades\/organizaciones-y-territorios-competitivos\/analizar-problematica-sociojuridica-y-posibles-soluciones\/","name":"Analizar problem\u00e1ticas sociojur\u00eddicas e identificar posibles soluciones para dichas problem\u00e1ticas. - Portafolio de capacidades - Tecnnova","isPartOf":{"@id":"https:\/\/tecnnova.org\/portafolio-de-capacidades\/#website"},"primaryImageOfPage":{"@id":"https:\/\/tecnnova.org\/portafolio-de-capacidades\/organizaciones-y-territorios-competitivos\/analizar-problematica-sociojuridica-y-posibles-soluciones\/#primaryimage"},"image":{"@id":"https:\/\/tecnnova.org\/portafolio-de-capacidades\/organizaciones-y-territorios-competitivos\/analizar-problematica-sociojuridica-y-posibles-soluciones\/#primaryimage"},"thumbnailUrl":"https:\/\/tecnnova.org\/portafolio-de-capacidades\/wp-content\/uploads\/2024\/08\/iconorganizaciones.png","datePublished":"2024-08-16T21:36:26+00:00","dateModified":"2024-08-16T21:36:31+00:00","breadcrumb":{"@id":"https:\/\/tecnnova.org\/portafolio-de-capacidades\/organizaciones-y-territorios-competitivos\/analizar-problematica-sociojuridica-y-posibles-soluciones\/#breadcrumb"},"inLanguage":"es-CO","potentialAction":[{"@type":"ReadAction","target":["https:\/\/tecnnova.org\/portafolio-de-capacidades\/organizaciones-y-territorios-competitivos\/analizar-problematica-sociojuridica-y-posibles-soluciones\/"]}]},{"@type":"ImageObject","inLanguage":"es-CO","@id":"https:\/\/tecnnova.org\/portafolio-de-capacidades\/organizaciones-y-territorios-competitivos\/analizar-problematica-sociojuridica-y-posibles-soluciones\/#primaryimage","url":"https:\/\/tecnnova.org\/portafolio-de-capacidades\/wp-content\/uploads\/2024\/08\/iconorganizaciones.png","contentUrl":"https:\/\/tecnnova.org\/portafolio-de-capacidades\/wp-content\/uploads\/2024\/08\/iconorganizaciones.png","width":100,"height":100},{"@type":"BreadcrumbList","@id":"https:\/\/tecnnova.org\/portafolio-de-capacidades\/organizaciones-y-territorios-competitivos\/analizar-problematica-sociojuridica-y-posibles-soluciones\/#breadcrumb","itemListElement":[{"@type":"ListItem","position":1,"name":"Inicio","item":"https:\/\/tecnnova.org\/portafolio-de-capacidades\/"},{"@type":"ListItem","position":2,"name":"Portafolio de Capacidades","item":"https:\/\/tecnnova.org\/portafolio-de-capacidades\/"},{"@type":"ListItem","position":3,"name":"Analizar problem\u00e1ticas sociojur\u00eddicas e identificar posibles soluciones para dichas problem\u00e1ticas."}]},{"@type":"WebSite","@id":"https:\/\/tecnnova.org\/portafolio-de-capacidades\/#website","url":"https:\/\/tecnnova.org\/portafolio-de-capacidades\/","name":"Portafolio de capacidades - Tecnnova","description":"","publisher":{"@id":"https:\/\/tecnnova.org\/portafolio-de-capacidades\/#organization"},"potentialAction":[{"@type":"SearchAction","target":{"@type":"EntryPoint","urlTemplate":"https:\/\/tecnnova.org\/portafolio-de-capacidades\/?s={search_term_string}"},"query-input":"required name=search_term_string"}],"inLanguage":"es-CO"},{"@type":"Organization","@id":"https:\/\/tecnnova.org\/portafolio-de-capacidades\/#organization","name":"Portafolio de capacidades - Tecnnova","url":"https:\/\/tecnnova.org\/portafolio-de-capacidades\/","logo":{"@type":"ImageObject","inLanguage":"es-CO","@id":"https:\/\/tecnnova.org\/portafolio-de-capacidades\/#\/schema\/logo\/image\/","url":"https:\/\/tecnnova.org\/portafolio-de-capacidades\/wp-content\/uploads\/2024\/07\/cropped-TECNNOVA-2022-02.png","contentUrl":"https:\/\/tecnnova.org\/portafolio-de-capacidades\/wp-content\/uploads\/2024\/07\/cropped-TECNNOVA-2022-02.png","width":1609,"height":428,"caption":"Portafolio de capacidades - Tecnnova"},"image":{"@id":"https:\/\/tecnnova.org\/portafolio-de-capacidades\/#\/schema\/logo\/image\/"},"sameAs":["https:\/\/www.facebook.com\/Tecnnova_UEE-637591033015381","https:\/\/x.com\/Tecnnova_UEE"]}]}},"_links":{"self":[{"href":"https:\/\/tecnnova.org\/portafolio-de-capacidades\/wp-json\/wp\/v2\/product\/1580","targetHints":{"allow":["GET"]}}],"collection":[{"href":"https:\/\/tecnnova.org\/portafolio-de-capacidades\/wp-json\/wp\/v2\/product"}],"about":[{"href":"https:\/\/tecnnova.org\/portafolio-de-capacidades\/wp-json\/wp\/v2\/types\/product"}],"version-history":[{"count":1,"href":"https:\/\/tecnnova.org\/portafolio-de-capacidades\/wp-json\/wp\/v2\/product\/1580\/revisions"}],"predecessor-version":[{"id":1610,"href":"https:\/\/tecnnova.org\/portafolio-de-capacidades\/wp-json\/wp\/v2\/product\/1580\/revisions\/1610"}],"wp:featuredmedia":[{"embeddable":true,"href":"https:\/\/tecnnova.org\/portafolio-de-capacidades\/wp-json\/wp\/v2\/media\/904"}],"wp:attachment":[{"href":"https:\/\/tecnnova.org\/portafolio-de-capacidades\/wp-json\/wp\/v2\/media?parent=1580"}],"wp:term":[{"taxonomy":"product_cat","embeddable":true,"href":"https:\/\/tecnnova.org\/portafolio-de-capacidades\/wp-json\/wp\/v2\/product_cat?post=1580"},{"taxonomy":"product_tag","embeddable":true,"href":"https:\/\/tecnnova.org\/portafolio-de-capacidades\/wp-json\/wp\/v2\/product_tag?post=1580"}],"curies":[{"name":"wp","href":"https:\/\/api.w.org\/{rel}","templated":true}]}}