{"id":1812,"date":"2024-08-16T16:36:59","date_gmt":"2024-08-16T21:36:59","guid":{"rendered":"https:\/\/tecnnova.org\/portafolio-de-capacidades\/?post_type=product&#038;p=1812"},"modified":"2024-08-16T16:37:03","modified_gmt":"2024-08-16T21:37:03","slug":"sintetizar-materiales-polimericos-que-puedan-ser-utilizados-en-la-obtencion-de-andamios","status":"publish","type":"product","link":"https:\/\/tecnnova.org\/portafolio-de-capacidades\/organizaciones-y-territorios-competitivos\/materiales-polim\u00e9ricos-utilizados-en-la-obtenci\u00f3n-de-andamios\/","title":{"rendered":"Sintetizar materiales polim\u00e9ricos que puedan ser utilizados en la obtenci\u00f3n de andamios"},"content":{"rendered":"<p>El valor agregado en la capacidad &#8220;Sintetizar materiales polim\u00e9ricos que puedan ser utilizados en la obtenci\u00f3n de andamios&#8221; radica en varios aspectos clave:<br \/>\nInnovaci\u00f3n en Materiales: Desarrollar nuevos materiales polim\u00e9ricos que puedan ser utilizados para andamios representa un avance significativo en la ingenier\u00eda de materiales y la tecnolog\u00eda. Estos materiales pueden ofrecer mejores propiedades mec\u00e1nicas, biocompatibilidad o funcionalidades espec\u00edficas.<br \/>\nAplicaciones en Ingenier\u00eda y Medicina: Los andamios sintetizados a partir de estos materiales polim\u00e9ricos pueden ser utilizados en aplicaciones avanzadas, como la ingenier\u00eda de tejidos y la medicina regenerativa, mejorando as\u00ed las t\u00e9cnicas de reparaci\u00f3n y reemplazo de tejidos.<br \/>\nOptimizaci\u00f3n de Procesos: La capacidad de sintetizar estos materiales permite la personalizaci\u00f3n y optimizaci\u00f3n de las propiedades del andamio para aplicaciones espec\u00edficas, lo que puede llevar a mejoras en la eficacia y eficiencia de los procedimientos en los que se utilizan.<br \/>\nSostenibilidad: El desarrollo de nuevos materiales polim\u00e9ricos puede incluir enfoques m\u00e1s sostenibles y ecol\u00f3gicos, contribuyendo a la reducci\u00f3n del impacto ambiental asociado con la producci\u00f3n y uso de andamios.<br \/>\nAvance Tecnol\u00f3gico: La capacidad de sintetizar materiales polim\u00e9ricos para andamios impulsa el avance tecnol\u00f3gico en el campo de los materiales y las aplicaciones industriales y m\u00e9dicas, posicionando a los investigadores y empresas en la vanguardia de la innovaci\u00f3n.<br \/>\nEn resumen, el valor agregado se manifiesta en la mejora de propiedades materiales, la expansi\u00f3n de aplicaciones en campos avanzados, la optimizaci\u00f3n de procesos, y la contribuci\u00f3n a la sostenibilidad y el avance tecnol\u00f3gico.<\/p>\n","protected":false},"excerpt":{"rendered":"<p>El valor agregado en la capacidad &#8220;Sintetizar materiales polim\u00e9ricos que puedan ser utilizados en la obtenci\u00f3n de andamios&#8221; radica en varios aspectos clave: Innovaci\u00f3n en Materiales: Desarrollar nuevos materiales polim\u00e9ricos que puedan ser utilizados para andamios representa un avance significativo en la ingenier\u00eda de materiales y la tecnolog\u00eda. Estos materiales pueden ofrecer mejores propiedades mec\u00e1nicas, [&hellip;]<\/p>\n","protected":false},"featured_media":904,"template":"","meta":{"_acf_changed":false},"product_cat":[2925,2566],"product_tag":[3745,2618,2684,2718,3344,3746,3747,3748,3749,3750,3352,3751,2578],"class_list":{"0":"post-1812","1":"product","2":"type-product","3":"status-publish","4":"has-post-thumbnail","6":"product_cat-organizaciones-y-territorios-competitivos","7":"product_cat-salud-y-vida","8":"product_tag-andamios","9":"product_tag-aplicaciones","10":"product_tag-biomateriales","11":"product_tag-diseno","12":"product_tag-eia","13":"product_tag-ingenieria-de-materiales","14":"product_tag-materiales-polimericos","15":"product_tag-obtencion","16":"product_tag-polimeros","17":"product_tag-procesos-de-sintesis","18":"product_tag-sinbiotec","19":"product_tag-sintetizar","20":"product_tag-tecnnova","22":"first","23":"instock","24":"shipping-taxable","25":"product-type-simple"},"acf":[],"yoast_head":"<!-- This site is optimized with the Yoast SEO plugin v23.3 - https:\/\/yoast.com\/wordpress\/plugins\/seo\/ -->\n<title>Sintetizar materiales polim\u00e9ricos que puedan ser utilizados en la obtenci\u00f3n de andamios - Portafolio de capacidades - Tecnnova<\/title>\n<meta name=\"robots\" content=\"index, follow, max-snippet:-1, max-image-preview:large, max-video-preview:-1\" \/>\n<link rel=\"canonical\" href=\"https:\/\/tecnnova.org\/portafolio-de-capacidades\/organizaciones-y-territorios-competitivos\/materiales-polim\u00e9ricos-utilizados-en-la-obtenci\u00f3n-de-andamios\/\" \/>\n<meta property=\"og:locale\" content=\"es_ES\" \/>\n<meta property=\"og:type\" content=\"article\" \/>\n<meta property=\"og:title\" content=\"Sintetizar materiales polim\u00e9ricos que puedan ser utilizados en la obtenci\u00f3n de andamios - Portafolio de capacidades - Tecnnova\" \/>\n<meta property=\"og:description\" content=\"El valor agregado en la capacidad &#8220;Sintetizar materiales polim\u00e9ricos que puedan ser utilizados en la obtenci\u00f3n de andamios&#8221; radica en varios aspectos clave: Innovaci\u00f3n en Materiales: Desarrollar nuevos materiales polim\u00e9ricos que puedan ser utilizados para andamios representa un avance significativo en la ingenier\u00eda de materiales y la tecnolog\u00eda. Estos materiales pueden ofrecer mejores propiedades mec\u00e1nicas, [&hellip;]\" \/>\n<meta property=\"og:url\" content=\"https:\/\/tecnnova.org\/portafolio-de-capacidades\/organizaciones-y-territorios-competitivos\/materiales-polim\u00e9ricos-utilizados-en-la-obtenci\u00f3n-de-andamios\/\" \/>\n<meta property=\"og:site_name\" content=\"Portafolio de capacidades - Tecnnova\" \/>\n<meta property=\"article:publisher\" content=\"https:\/\/www.facebook.com\/Tecnnova_UEE-637591033015381\" \/>\n<meta property=\"article:modified_time\" content=\"2024-08-16T21:37:03+00:00\" \/>\n<meta property=\"og:image\" content=\"https:\/\/tecnnova.org\/portafolio-de-capacidades\/wp-content\/uploads\/2024\/08\/iconorganizaciones.png\" \/>\n\t<meta property=\"og:image:width\" content=\"100\" \/>\n\t<meta property=\"og:image:height\" content=\"100\" \/>\n\t<meta property=\"og:image:type\" content=\"image\/png\" \/>\n<meta name=\"twitter:card\" content=\"summary_large_image\" \/>\n<meta name=\"twitter:site\" content=\"@Tecnnova_UEE\" \/>\n<meta name=\"twitter:label1\" content=\"Tiempo de lectura\" \/>\n\t<meta name=\"twitter:data1\" content=\"1 minuto\" \/>\n<script type=\"application\/ld+json\" class=\"yoast-schema-graph\">{\"@context\":\"https:\/\/schema.org\",\"@graph\":[{\"@type\":\"WebPage\",\"@id\":\"https:\/\/tecnnova.org\/portafolio-de-capacidades\/organizaciones-y-territorios-competitivos\/materiales-polim\u00e9ricos-utilizados-en-la-obtenci\u00f3n-de-andamios\/\",\"url\":\"https:\/\/tecnnova.org\/portafolio-de-capacidades\/organizaciones-y-territorios-competitivos\/materiales-polim\u00e9ricos-utilizados-en-la-obtenci\u00f3n-de-andamios\/\",\"name\":\"Sintetizar materiales polim\u00e9ricos que puedan ser utilizados en la obtenci\u00f3n de andamios - Portafolio de capacidades - Tecnnova\",\"isPartOf\":{\"@id\":\"https:\/\/tecnnova.org\/portafolio-de-capacidades\/#website\"},\"primaryImageOfPage\":{\"@id\":\"https:\/\/tecnnova.org\/portafolio-de-capacidades\/organizaciones-y-territorios-competitivos\/materiales-polim\u00e9ricos-utilizados-en-la-obtenci\u00f3n-de-andamios\/#primaryimage\"},\"image\":{\"@id\":\"https:\/\/tecnnova.org\/portafolio-de-capacidades\/organizaciones-y-territorios-competitivos\/materiales-polim\u00e9ricos-utilizados-en-la-obtenci\u00f3n-de-andamios\/#primaryimage\"},\"thumbnailUrl\":\"https:\/\/tecnnova.org\/portafolio-de-capacidades\/wp-content\/uploads\/2024\/08\/iconorganizaciones.png\",\"datePublished\":\"2024-08-16T21:36:59+00:00\",\"dateModified\":\"2024-08-16T21:37:03+00:00\",\"breadcrumb\":{\"@id\":\"https:\/\/tecnnova.org\/portafolio-de-capacidades\/organizaciones-y-territorios-competitivos\/materiales-polim\u00e9ricos-utilizados-en-la-obtenci\u00f3n-de-andamios\/#breadcrumb\"},\"inLanguage\":\"es-CO\",\"potentialAction\":[{\"@type\":\"ReadAction\",\"target\":[\"https:\/\/tecnnova.org\/portafolio-de-capacidades\/organizaciones-y-territorios-competitivos\/materiales-polim\u00e9ricos-utilizados-en-la-obtenci\u00f3n-de-andamios\/\"]}]},{\"@type\":\"ImageObject\",\"inLanguage\":\"es-CO\",\"@id\":\"https:\/\/tecnnova.org\/portafolio-de-capacidades\/organizaciones-y-territorios-competitivos\/materiales-polim\u00e9ricos-utilizados-en-la-obtenci\u00f3n-de-andamios\/#primaryimage\",\"url\":\"https:\/\/tecnnova.org\/portafolio-de-capacidades\/wp-content\/uploads\/2024\/08\/iconorganizaciones.png\",\"contentUrl\":\"https:\/\/tecnnova.org\/portafolio-de-capacidades\/wp-content\/uploads\/2024\/08\/iconorganizaciones.png\",\"width\":100,\"height\":100},{\"@type\":\"BreadcrumbList\",\"@id\":\"https:\/\/tecnnova.org\/portafolio-de-capacidades\/organizaciones-y-territorios-competitivos\/materiales-polim\u00e9ricos-utilizados-en-la-obtenci\u00f3n-de-andamios\/#breadcrumb\",\"itemListElement\":[{\"@type\":\"ListItem\",\"position\":1,\"name\":\"Inicio\",\"item\":\"https:\/\/tecnnova.org\/portafolio-de-capacidades\/\"},{\"@type\":\"ListItem\",\"position\":2,\"name\":\"Portafolio de Capacidades\",\"item\":\"https:\/\/tecnnova.org\/portafolio-de-capacidades\/\"},{\"@type\":\"ListItem\",\"position\":3,\"name\":\"Sintetizar materiales polim\u00e9ricos que puedan ser utilizados en la obtenci\u00f3n de andamios\"}]},{\"@type\":\"WebSite\",\"@id\":\"https:\/\/tecnnova.org\/portafolio-de-capacidades\/#website\",\"url\":\"https:\/\/tecnnova.org\/portafolio-de-capacidades\/\",\"name\":\"Portafolio de capacidades - Tecnnova\",\"description\":\"\",\"publisher\":{\"@id\":\"https:\/\/tecnnova.org\/portafolio-de-capacidades\/#organization\"},\"potentialAction\":[{\"@type\":\"SearchAction\",\"target\":{\"@type\":\"EntryPoint\",\"urlTemplate\":\"https:\/\/tecnnova.org\/portafolio-de-capacidades\/?s={search_term_string}\"},\"query-input\":\"required name=search_term_string\"}],\"inLanguage\":\"es-CO\"},{\"@type\":\"Organization\",\"@id\":\"https:\/\/tecnnova.org\/portafolio-de-capacidades\/#organization\",\"name\":\"Portafolio de capacidades - Tecnnova\",\"url\":\"https:\/\/tecnnova.org\/portafolio-de-capacidades\/\",\"logo\":{\"@type\":\"ImageObject\",\"inLanguage\":\"es-CO\",\"@id\":\"https:\/\/tecnnova.org\/portafolio-de-capacidades\/#\/schema\/logo\/image\/\",\"url\":\"https:\/\/tecnnova.org\/portafolio-de-capacidades\/wp-content\/uploads\/2024\/07\/cropped-TECNNOVA-2022-02.png\",\"contentUrl\":\"https:\/\/tecnnova.org\/portafolio-de-capacidades\/wp-content\/uploads\/2024\/07\/cropped-TECNNOVA-2022-02.png\",\"width\":1609,\"height\":428,\"caption\":\"Portafolio de capacidades - Tecnnova\"},\"image\":{\"@id\":\"https:\/\/tecnnova.org\/portafolio-de-capacidades\/#\/schema\/logo\/image\/\"},\"sameAs\":[\"https:\/\/www.facebook.com\/Tecnnova_UEE-637591033015381\",\"https:\/\/x.com\/Tecnnova_UEE\"]}]}<\/script>\n<!-- \/ Yoast SEO plugin. -->","yoast_head_json":{"title":"Sintetizar materiales polim\u00e9ricos que puedan ser utilizados en la obtenci\u00f3n de andamios - Portafolio de capacidades - Tecnnova","robots":{"index":"index","follow":"follow","max-snippet":"max-snippet:-1","max-image-preview":"max-image-preview:large","max-video-preview":"max-video-preview:-1"},"canonical":"https:\/\/tecnnova.org\/portafolio-de-capacidades\/organizaciones-y-territorios-competitivos\/materiales-polim\u00e9ricos-utilizados-en-la-obtenci\u00f3n-de-andamios\/","og_locale":"es_ES","og_type":"article","og_title":"Sintetizar materiales polim\u00e9ricos que puedan ser utilizados en la obtenci\u00f3n de andamios - Portafolio de capacidades - Tecnnova","og_description":"El valor agregado en la capacidad &#8220;Sintetizar materiales polim\u00e9ricos que puedan ser utilizados en la obtenci\u00f3n de andamios&#8221; radica en varios aspectos clave: Innovaci\u00f3n en Materiales: Desarrollar nuevos materiales polim\u00e9ricos que puedan ser utilizados para andamios representa un avance significativo en la ingenier\u00eda de materiales y la tecnolog\u00eda. Estos materiales pueden ofrecer mejores propiedades mec\u00e1nicas, [&hellip;]","og_url":"https:\/\/tecnnova.org\/portafolio-de-capacidades\/organizaciones-y-territorios-competitivos\/materiales-polim\u00e9ricos-utilizados-en-la-obtenci\u00f3n-de-andamios\/","og_site_name":"Portafolio de capacidades - Tecnnova","article_publisher":"https:\/\/www.facebook.com\/Tecnnova_UEE-637591033015381","article_modified_time":"2024-08-16T21:37:03+00:00","og_image":[{"width":100,"height":100,"url":"https:\/\/tecnnova.org\/portafolio-de-capacidades\/wp-content\/uploads\/2024\/08\/iconorganizaciones.png","type":"image\/png"}],"twitter_card":"summary_large_image","twitter_site":"@Tecnnova_UEE","twitter_misc":{"Tiempo de lectura":"1 minuto"},"schema":{"@context":"https:\/\/schema.org","@graph":[{"@type":"WebPage","@id":"https:\/\/tecnnova.org\/portafolio-de-capacidades\/organizaciones-y-territorios-competitivos\/materiales-polim\u00e9ricos-utilizados-en-la-obtenci\u00f3n-de-andamios\/","url":"https:\/\/tecnnova.org\/portafolio-de-capacidades\/organizaciones-y-territorios-competitivos\/materiales-polim\u00e9ricos-utilizados-en-la-obtenci\u00f3n-de-andamios\/","name":"Sintetizar materiales polim\u00e9ricos que puedan ser utilizados en la obtenci\u00f3n de andamios - Portafolio de capacidades - Tecnnova","isPartOf":{"@id":"https:\/\/tecnnova.org\/portafolio-de-capacidades\/#website"},"primaryImageOfPage":{"@id":"https:\/\/tecnnova.org\/portafolio-de-capacidades\/organizaciones-y-territorios-competitivos\/materiales-polim\u00e9ricos-utilizados-en-la-obtenci\u00f3n-de-andamios\/#primaryimage"},"image":{"@id":"https:\/\/tecnnova.org\/portafolio-de-capacidades\/organizaciones-y-territorios-competitivos\/materiales-polim\u00e9ricos-utilizados-en-la-obtenci\u00f3n-de-andamios\/#primaryimage"},"thumbnailUrl":"https:\/\/tecnnova.org\/portafolio-de-capacidades\/wp-content\/uploads\/2024\/08\/iconorganizaciones.png","datePublished":"2024-08-16T21:36:59+00:00","dateModified":"2024-08-16T21:37:03+00:00","breadcrumb":{"@id":"https:\/\/tecnnova.org\/portafolio-de-capacidades\/organizaciones-y-territorios-competitivos\/materiales-polim\u00e9ricos-utilizados-en-la-obtenci\u00f3n-de-andamios\/#breadcrumb"},"inLanguage":"es-CO","potentialAction":[{"@type":"ReadAction","target":["https:\/\/tecnnova.org\/portafolio-de-capacidades\/organizaciones-y-territorios-competitivos\/materiales-polim\u00e9ricos-utilizados-en-la-obtenci\u00f3n-de-andamios\/"]}]},{"@type":"ImageObject","inLanguage":"es-CO","@id":"https:\/\/tecnnova.org\/portafolio-de-capacidades\/organizaciones-y-territorios-competitivos\/materiales-polim\u00e9ricos-utilizados-en-la-obtenci\u00f3n-de-andamios\/#primaryimage","url":"https:\/\/tecnnova.org\/portafolio-de-capacidades\/wp-content\/uploads\/2024\/08\/iconorganizaciones.png","contentUrl":"https:\/\/tecnnova.org\/portafolio-de-capacidades\/wp-content\/uploads\/2024\/08\/iconorganizaciones.png","width":100,"height":100},{"@type":"BreadcrumbList","@id":"https:\/\/tecnnova.org\/portafolio-de-capacidades\/organizaciones-y-territorios-competitivos\/materiales-polim\u00e9ricos-utilizados-en-la-obtenci\u00f3n-de-andamios\/#breadcrumb","itemListElement":[{"@type":"ListItem","position":1,"name":"Inicio","item":"https:\/\/tecnnova.org\/portafolio-de-capacidades\/"},{"@type":"ListItem","position":2,"name":"Portafolio de Capacidades","item":"https:\/\/tecnnova.org\/portafolio-de-capacidades\/"},{"@type":"ListItem","position":3,"name":"Sintetizar materiales polim\u00e9ricos que puedan ser utilizados en la obtenci\u00f3n de andamios"}]},{"@type":"WebSite","@id":"https:\/\/tecnnova.org\/portafolio-de-capacidades\/#website","url":"https:\/\/tecnnova.org\/portafolio-de-capacidades\/","name":"Portafolio de capacidades - Tecnnova","description":"","publisher":{"@id":"https:\/\/tecnnova.org\/portafolio-de-capacidades\/#organization"},"potentialAction":[{"@type":"SearchAction","target":{"@type":"EntryPoint","urlTemplate":"https:\/\/tecnnova.org\/portafolio-de-capacidades\/?s={search_term_string}"},"query-input":"required name=search_term_string"}],"inLanguage":"es-CO"},{"@type":"Organization","@id":"https:\/\/tecnnova.org\/portafolio-de-capacidades\/#organization","name":"Portafolio de capacidades - Tecnnova","url":"https:\/\/tecnnova.org\/portafolio-de-capacidades\/","logo":{"@type":"ImageObject","inLanguage":"es-CO","@id":"https:\/\/tecnnova.org\/portafolio-de-capacidades\/#\/schema\/logo\/image\/","url":"https:\/\/tecnnova.org\/portafolio-de-capacidades\/wp-content\/uploads\/2024\/07\/cropped-TECNNOVA-2022-02.png","contentUrl":"https:\/\/tecnnova.org\/portafolio-de-capacidades\/wp-content\/uploads\/2024\/07\/cropped-TECNNOVA-2022-02.png","width":1609,"height":428,"caption":"Portafolio de capacidades - Tecnnova"},"image":{"@id":"https:\/\/tecnnova.org\/portafolio-de-capacidades\/#\/schema\/logo\/image\/"},"sameAs":["https:\/\/www.facebook.com\/Tecnnova_UEE-637591033015381","https:\/\/x.com\/Tecnnova_UEE"]}]}},"_links":{"self":[{"href":"https:\/\/tecnnova.org\/portafolio-de-capacidades\/wp-json\/wp\/v2\/product\/1812","targetHints":{"allow":["GET"]}}],"collection":[{"href":"https:\/\/tecnnova.org\/portafolio-de-capacidades\/wp-json\/wp\/v2\/product"}],"about":[{"href":"https:\/\/tecnnova.org\/portafolio-de-capacidades\/wp-json\/wp\/v2\/types\/product"}],"version-history":[{"count":1,"href":"https:\/\/tecnnova.org\/portafolio-de-capacidades\/wp-json\/wp\/v2\/product\/1812\/revisions"}],"predecessor-version":[{"id":1842,"href":"https:\/\/tecnnova.org\/portafolio-de-capacidades\/wp-json\/wp\/v2\/product\/1812\/revisions\/1842"}],"wp:featuredmedia":[{"embeddable":true,"href":"https:\/\/tecnnova.org\/portafolio-de-capacidades\/wp-json\/wp\/v2\/media\/904"}],"wp:attachment":[{"href":"https:\/\/tecnnova.org\/portafolio-de-capacidades\/wp-json\/wp\/v2\/media?parent=1812"}],"wp:term":[{"taxonomy":"product_cat","embeddable":true,"href":"https:\/\/tecnnova.org\/portafolio-de-capacidades\/wp-json\/wp\/v2\/product_cat?post=1812"},{"taxonomy":"product_tag","embeddable":true,"href":"https:\/\/tecnnova.org\/portafolio-de-capacidades\/wp-json\/wp\/v2\/product_tag?post=1812"}],"curies":[{"name":"wp","href":"https:\/\/api.w.org\/{rel}","templated":true}]}}