{"id":1862,"date":"2024-08-16T16:37:07","date_gmt":"2024-08-16T21:37:07","guid":{"rendered":"https:\/\/tecnnova.org\/portafolio-de-capacidades\/?post_type=product&#038;p=1862"},"modified":"2024-08-16T16:37:09","modified_gmt":"2024-08-16T21:37:09","slug":"optimizar-procesos-de-extraccion-de-adn-de-muestras-ambientales-asociadas-con-contaminacion-atmosferica-para-el-estudio-de-las-comunidades-de-microorganismos-alli-presentes","status":"publish","type":"product","link":"https:\/\/tecnnova.org\/portafolio-de-capacidades\/salud-y-vida\/procesos-de-extracci\u00f3n-de-adn-\/","title":{"rendered":"Optimizar procesos de extracci\u00f3n de ADN de muestras ambientales asociadas con contaminaci\u00f3n atmosf\u00e9rica para el estudio de las comunidades de microorganismos all\u00ed presentes."},"content":{"rendered":"","protected":false},"excerpt":{"rendered":"","protected":false},"featured_media":902,"template":"","meta":{"_acf_changed":false},"product_cat":[2566],"product_tag":[3854,3855,3856,2786,3241,3857,3502,3503,3482,3858,3075,3077,2578],"class_list":{"0":"post-1862","1":"product","2":"type-product","3":"status-publish","4":"has-post-thumbnail","6":"product_cat-salud-y-vida","7":"product_tag-adn","8":"product_tag-ambientales","9":"product_tag-atmosferica","10":"product_tag-comunidades","11":"product_tag-contaminacion","12":"product_tag-extraccion","13":"product_tag-gibec","14":"product_tag-ingenieria-biomedica","15":"product_tag-microorganismos","16":"product_tag-muestras","17":"product_tag-optimizar","18":"product_tag-procesos","19":"product_tag-tecnnova","21":"first","22":"instock","23":"shipping-taxable","24":"product-type-simple"},"acf":[],"yoast_head":"<!-- This site is optimized with the Yoast SEO plugin v23.3 - https:\/\/yoast.com\/wordpress\/plugins\/seo\/ -->\n<title>Optimizar procesos de extracci\u00f3n de ADN de muestras ambientales asociadas con contaminaci\u00f3n atmosf\u00e9rica para el estudio de las comunidades de microorganismos all\u00ed presentes. - Portafolio de capacidades - Tecnnova<\/title>\n<meta name=\"robots\" content=\"index, follow, max-snippet:-1, max-image-preview:large, max-video-preview:-1\" \/>\n<link rel=\"canonical\" href=\"https:\/\/tecnnova.org\/portafolio-de-capacidades\/salud-y-vida\/procesos-de-extracci\u00f3n-de-adn-\/\" \/>\n<meta property=\"og:locale\" content=\"es_ES\" \/>\n<meta property=\"og:type\" content=\"article\" \/>\n<meta property=\"og:title\" content=\"Optimizar procesos de extracci\u00f3n de ADN de muestras ambientales asociadas con contaminaci\u00f3n atmosf\u00e9rica para el estudio de las comunidades de microorganismos all\u00ed presentes. - Portafolio de capacidades - Tecnnova\" \/>\n<meta property=\"og:url\" content=\"https:\/\/tecnnova.org\/portafolio-de-capacidades\/salud-y-vida\/procesos-de-extracci\u00f3n-de-adn-\/\" \/>\n<meta property=\"og:site_name\" content=\"Portafolio de capacidades - Tecnnova\" \/>\n<meta property=\"article:publisher\" content=\"https:\/\/www.facebook.com\/Tecnnova_UEE-637591033015381\" \/>\n<meta property=\"article:modified_time\" content=\"2024-08-16T21:37:09+00:00\" \/>\n<meta property=\"og:image\" content=\"https:\/\/tecnnova.org\/portafolio-de-capacidades\/wp-content\/uploads\/2024\/08\/iconsaludyvida.png\" \/>\n\t<meta property=\"og:image:width\" content=\"100\" \/>\n\t<meta property=\"og:image:height\" content=\"100\" \/>\n\t<meta property=\"og:image:type\" content=\"image\/png\" \/>\n<meta name=\"twitter:card\" content=\"summary_large_image\" \/>\n<meta name=\"twitter:site\" content=\"@Tecnnova_UEE\" \/>\n<script type=\"application\/ld+json\" class=\"yoast-schema-graph\">{\"@context\":\"https:\/\/schema.org\",\"@graph\":[{\"@type\":\"WebPage\",\"@id\":\"https:\/\/tecnnova.org\/portafolio-de-capacidades\/salud-y-vida\/procesos-de-extracci\u00f3n-de-adn-\/\",\"url\":\"https:\/\/tecnnova.org\/portafolio-de-capacidades\/salud-y-vida\/procesos-de-extracci\u00f3n-de-adn-\/\",\"name\":\"Optimizar procesos de extracci\u00f3n de ADN de muestras ambientales asociadas con contaminaci\u00f3n atmosf\u00e9rica para el estudio de las comunidades de microorganismos all\u00ed presentes. - Portafolio de capacidades - Tecnnova\",\"isPartOf\":{\"@id\":\"https:\/\/tecnnova.org\/portafolio-de-capacidades\/#website\"},\"primaryImageOfPage\":{\"@id\":\"https:\/\/tecnnova.org\/portafolio-de-capacidades\/salud-y-vida\/procesos-de-extracci\u00f3n-de-adn-\/#primaryimage\"},\"image\":{\"@id\":\"https:\/\/tecnnova.org\/portafolio-de-capacidades\/salud-y-vida\/procesos-de-extracci\u00f3n-de-adn-\/#primaryimage\"},\"thumbnailUrl\":\"https:\/\/tecnnova.org\/portafolio-de-capacidades\/wp-content\/uploads\/2024\/08\/iconsaludyvida.png\",\"datePublished\":\"2024-08-16T21:37:07+00:00\",\"dateModified\":\"2024-08-16T21:37:09+00:00\",\"breadcrumb\":{\"@id\":\"https:\/\/tecnnova.org\/portafolio-de-capacidades\/salud-y-vida\/procesos-de-extracci\u00f3n-de-adn-\/#breadcrumb\"},\"inLanguage\":\"es-CO\",\"potentialAction\":[{\"@type\":\"ReadAction\",\"target\":[\"https:\/\/tecnnova.org\/portafolio-de-capacidades\/salud-y-vida\/procesos-de-extracci\u00f3n-de-adn-\/\"]}]},{\"@type\":\"ImageObject\",\"inLanguage\":\"es-CO\",\"@id\":\"https:\/\/tecnnova.org\/portafolio-de-capacidades\/salud-y-vida\/procesos-de-extracci\u00f3n-de-adn-\/#primaryimage\",\"url\":\"https:\/\/tecnnova.org\/portafolio-de-capacidades\/wp-content\/uploads\/2024\/08\/iconsaludyvida.png\",\"contentUrl\":\"https:\/\/tecnnova.org\/portafolio-de-capacidades\/wp-content\/uploads\/2024\/08\/iconsaludyvida.png\",\"width\":100,\"height\":100},{\"@type\":\"BreadcrumbList\",\"@id\":\"https:\/\/tecnnova.org\/portafolio-de-capacidades\/salud-y-vida\/procesos-de-extracci\u00f3n-de-adn-\/#breadcrumb\",\"itemListElement\":[{\"@type\":\"ListItem\",\"position\":1,\"name\":\"Inicio\",\"item\":\"https:\/\/tecnnova.org\/portafolio-de-capacidades\/\"},{\"@type\":\"ListItem\",\"position\":2,\"name\":\"Portafolio de Capacidades\",\"item\":\"https:\/\/tecnnova.org\/portafolio-de-capacidades\/\"},{\"@type\":\"ListItem\",\"position\":3,\"name\":\"Optimizar procesos de extracci\u00f3n de ADN de muestras ambientales asociadas con contaminaci\u00f3n atmosf\u00e9rica para el estudio de las comunidades de microorganismos all\u00ed presentes.\"}]},{\"@type\":\"WebSite\",\"@id\":\"https:\/\/tecnnova.org\/portafolio-de-capacidades\/#website\",\"url\":\"https:\/\/tecnnova.org\/portafolio-de-capacidades\/\",\"name\":\"Portafolio de capacidades - Tecnnova\",\"description\":\"\",\"publisher\":{\"@id\":\"https:\/\/tecnnova.org\/portafolio-de-capacidades\/#organization\"},\"potentialAction\":[{\"@type\":\"SearchAction\",\"target\":{\"@type\":\"EntryPoint\",\"urlTemplate\":\"https:\/\/tecnnova.org\/portafolio-de-capacidades\/?s={search_term_string}\"},\"query-input\":\"required name=search_term_string\"}],\"inLanguage\":\"es-CO\"},{\"@type\":\"Organization\",\"@id\":\"https:\/\/tecnnova.org\/portafolio-de-capacidades\/#organization\",\"name\":\"Portafolio de capacidades - Tecnnova\",\"url\":\"https:\/\/tecnnova.org\/portafolio-de-capacidades\/\",\"logo\":{\"@type\":\"ImageObject\",\"inLanguage\":\"es-CO\",\"@id\":\"https:\/\/tecnnova.org\/portafolio-de-capacidades\/#\/schema\/logo\/image\/\",\"url\":\"https:\/\/tecnnova.org\/portafolio-de-capacidades\/wp-content\/uploads\/2024\/07\/cropped-TECNNOVA-2022-02.png\",\"contentUrl\":\"https:\/\/tecnnova.org\/portafolio-de-capacidades\/wp-content\/uploads\/2024\/07\/cropped-TECNNOVA-2022-02.png\",\"width\":1609,\"height\":428,\"caption\":\"Portafolio de capacidades - Tecnnova\"},\"image\":{\"@id\":\"https:\/\/tecnnova.org\/portafolio-de-capacidades\/#\/schema\/logo\/image\/\"},\"sameAs\":[\"https:\/\/www.facebook.com\/Tecnnova_UEE-637591033015381\",\"https:\/\/x.com\/Tecnnova_UEE\"]}]}<\/script>\n<!-- \/ Yoast SEO plugin. -->","yoast_head_json":{"title":"Optimizar procesos de extracci\u00f3n de ADN de muestras ambientales asociadas con contaminaci\u00f3n atmosf\u00e9rica para el estudio de las comunidades de microorganismos all\u00ed presentes. - Portafolio de capacidades - Tecnnova","robots":{"index":"index","follow":"follow","max-snippet":"max-snippet:-1","max-image-preview":"max-image-preview:large","max-video-preview":"max-video-preview:-1"},"canonical":"https:\/\/tecnnova.org\/portafolio-de-capacidades\/salud-y-vida\/procesos-de-extracci\u00f3n-de-adn-\/","og_locale":"es_ES","og_type":"article","og_title":"Optimizar procesos de extracci\u00f3n de ADN de muestras ambientales asociadas con contaminaci\u00f3n atmosf\u00e9rica para el estudio de las comunidades de microorganismos all\u00ed presentes. - Portafolio de capacidades - Tecnnova","og_url":"https:\/\/tecnnova.org\/portafolio-de-capacidades\/salud-y-vida\/procesos-de-extracci\u00f3n-de-adn-\/","og_site_name":"Portafolio de capacidades - Tecnnova","article_publisher":"https:\/\/www.facebook.com\/Tecnnova_UEE-637591033015381","article_modified_time":"2024-08-16T21:37:09+00:00","og_image":[{"width":100,"height":100,"url":"https:\/\/tecnnova.org\/portafolio-de-capacidades\/wp-content\/uploads\/2024\/08\/iconsaludyvida.png","type":"image\/png"}],"twitter_card":"summary_large_image","twitter_site":"@Tecnnova_UEE","schema":{"@context":"https:\/\/schema.org","@graph":[{"@type":"WebPage","@id":"https:\/\/tecnnova.org\/portafolio-de-capacidades\/salud-y-vida\/procesos-de-extracci\u00f3n-de-adn-\/","url":"https:\/\/tecnnova.org\/portafolio-de-capacidades\/salud-y-vida\/procesos-de-extracci\u00f3n-de-adn-\/","name":"Optimizar procesos de extracci\u00f3n de ADN de muestras ambientales asociadas con contaminaci\u00f3n atmosf\u00e9rica para el estudio de las comunidades de microorganismos all\u00ed presentes. - Portafolio de capacidades - Tecnnova","isPartOf":{"@id":"https:\/\/tecnnova.org\/portafolio-de-capacidades\/#website"},"primaryImageOfPage":{"@id":"https:\/\/tecnnova.org\/portafolio-de-capacidades\/salud-y-vida\/procesos-de-extracci\u00f3n-de-adn-\/#primaryimage"},"image":{"@id":"https:\/\/tecnnova.org\/portafolio-de-capacidades\/salud-y-vida\/procesos-de-extracci\u00f3n-de-adn-\/#primaryimage"},"thumbnailUrl":"https:\/\/tecnnova.org\/portafolio-de-capacidades\/wp-content\/uploads\/2024\/08\/iconsaludyvida.png","datePublished":"2024-08-16T21:37:07+00:00","dateModified":"2024-08-16T21:37:09+00:00","breadcrumb":{"@id":"https:\/\/tecnnova.org\/portafolio-de-capacidades\/salud-y-vida\/procesos-de-extracci\u00f3n-de-adn-\/#breadcrumb"},"inLanguage":"es-CO","potentialAction":[{"@type":"ReadAction","target":["https:\/\/tecnnova.org\/portafolio-de-capacidades\/salud-y-vida\/procesos-de-extracci\u00f3n-de-adn-\/"]}]},{"@type":"ImageObject","inLanguage":"es-CO","@id":"https:\/\/tecnnova.org\/portafolio-de-capacidades\/salud-y-vida\/procesos-de-extracci\u00f3n-de-adn-\/#primaryimage","url":"https:\/\/tecnnova.org\/portafolio-de-capacidades\/wp-content\/uploads\/2024\/08\/iconsaludyvida.png","contentUrl":"https:\/\/tecnnova.org\/portafolio-de-capacidades\/wp-content\/uploads\/2024\/08\/iconsaludyvida.png","width":100,"height":100},{"@type":"BreadcrumbList","@id":"https:\/\/tecnnova.org\/portafolio-de-capacidades\/salud-y-vida\/procesos-de-extracci\u00f3n-de-adn-\/#breadcrumb","itemListElement":[{"@type":"ListItem","position":1,"name":"Inicio","item":"https:\/\/tecnnova.org\/portafolio-de-capacidades\/"},{"@type":"ListItem","position":2,"name":"Portafolio de Capacidades","item":"https:\/\/tecnnova.org\/portafolio-de-capacidades\/"},{"@type":"ListItem","position":3,"name":"Optimizar procesos de extracci\u00f3n de ADN de muestras ambientales asociadas con contaminaci\u00f3n atmosf\u00e9rica para el estudio de las comunidades de microorganismos all\u00ed presentes."}]},{"@type":"WebSite","@id":"https:\/\/tecnnova.org\/portafolio-de-capacidades\/#website","url":"https:\/\/tecnnova.org\/portafolio-de-capacidades\/","name":"Portafolio de capacidades - Tecnnova","description":"","publisher":{"@id":"https:\/\/tecnnova.org\/portafolio-de-capacidades\/#organization"},"potentialAction":[{"@type":"SearchAction","target":{"@type":"EntryPoint","urlTemplate":"https:\/\/tecnnova.org\/portafolio-de-capacidades\/?s={search_term_string}"},"query-input":"required name=search_term_string"}],"inLanguage":"es-CO"},{"@type":"Organization","@id":"https:\/\/tecnnova.org\/portafolio-de-capacidades\/#organization","name":"Portafolio de capacidades - Tecnnova","url":"https:\/\/tecnnova.org\/portafolio-de-capacidades\/","logo":{"@type":"ImageObject","inLanguage":"es-CO","@id":"https:\/\/tecnnova.org\/portafolio-de-capacidades\/#\/schema\/logo\/image\/","url":"https:\/\/tecnnova.org\/portafolio-de-capacidades\/wp-content\/uploads\/2024\/07\/cropped-TECNNOVA-2022-02.png","contentUrl":"https:\/\/tecnnova.org\/portafolio-de-capacidades\/wp-content\/uploads\/2024\/07\/cropped-TECNNOVA-2022-02.png","width":1609,"height":428,"caption":"Portafolio de capacidades - Tecnnova"},"image":{"@id":"https:\/\/tecnnova.org\/portafolio-de-capacidades\/#\/schema\/logo\/image\/"},"sameAs":["https:\/\/www.facebook.com\/Tecnnova_UEE-637591033015381","https:\/\/x.com\/Tecnnova_UEE"]}]}},"_links":{"self":[{"href":"https:\/\/tecnnova.org\/portafolio-de-capacidades\/wp-json\/wp\/v2\/product\/1862","targetHints":{"allow":["GET"]}}],"collection":[{"href":"https:\/\/tecnnova.org\/portafolio-de-capacidades\/wp-json\/wp\/v2\/product"}],"about":[{"href":"https:\/\/tecnnova.org\/portafolio-de-capacidades\/wp-json\/wp\/v2\/types\/product"}],"version-history":[{"count":1,"href":"https:\/\/tecnnova.org\/portafolio-de-capacidades\/wp-json\/wp\/v2\/product\/1862\/revisions"}],"predecessor-version":[{"id":1892,"href":"https:\/\/tecnnova.org\/portafolio-de-capacidades\/wp-json\/wp\/v2\/product\/1862\/revisions\/1892"}],"wp:featuredmedia":[{"embeddable":true,"href":"https:\/\/tecnnova.org\/portafolio-de-capacidades\/wp-json\/wp\/v2\/media\/902"}],"wp:attachment":[{"href":"https:\/\/tecnnova.org\/portafolio-de-capacidades\/wp-json\/wp\/v2\/media?parent=1862"}],"wp:term":[{"taxonomy":"product_cat","embeddable":true,"href":"https:\/\/tecnnova.org\/portafolio-de-capacidades\/wp-json\/wp\/v2\/product_cat?post=1862"},{"taxonomy":"product_tag","embeddable":true,"href":"https:\/\/tecnnova.org\/portafolio-de-capacidades\/wp-json\/wp\/v2\/product_tag?post=1862"}],"curies":[{"name":"wp","href":"https:\/\/api.w.org\/{rel}","templated":true}]}}