{"id":1918,"date":"2024-08-16T16:37:13","date_gmt":"2024-08-16T21:37:13","guid":{"rendered":"https:\/\/tecnnova.org\/portafolio-de-capacidades\/?post_type=product&#038;p=1918"},"modified":"2024-08-16T16:37:16","modified_gmt":"2024-08-16T21:37:16","slug":"fabricar-dispositivos-de-agarre-para-aplicaciones-medicas-en-cirugia-laparoscopica-empleando-tecnicas-de-manufactura-aditiva-de-tipo-impresion-de-polimeros-termoplasticos-por-deposicion-de-filamentos","status":"publish","type":"product","link":"https:\/\/tecnnova.org\/portafolio-de-capacidades\/naturaleza-y-recursos\/fabricar-dispositivos-de-agarre-para-aplicaciones-m\u00e9dicas-en-cirug\u00eda-laparosc\u00f3pica-\/","title":{"rendered":"Fabricar dispositivos de agarre para aplicaciones m\u00e9dicas en cirug\u00eda laparosc\u00f3pica empleando t\u00e9cnicas de manufactura aditiva de tipo impresi\u00f3n de pol\u00edmeros termopl\u00e1sticos por deposici\u00f3n de filamentos 3D empleando, tambi\u00e9n, m\u00e9todos para impresi\u00f3n de conjuntos de partes que no requieren de un proceso de ensamble."},"content":{"rendered":"<p>La flexibilidad para personalizar instrumental quir\u00fargico a la medida y al gusto del cirujano empleando t\u00e9cnicas de manufactura novedosas, como es la impresi\u00f3n 3D de pol\u00edmeros.<\/p>\n","protected":false},"excerpt":{"rendered":"<p>La flexibilidad para personalizar instrumental quir\u00fargico a la medida y al gusto del cirujano empleando t\u00e9cnicas de manufactura novedosas, como es la impresi\u00f3n 3D de pol\u00edmeros.<\/p>\n","protected":false},"featured_media":902,"template":"","meta":{"_acf_changed":false},"product_cat":[2579,2566],"product_tag":[3971,3972,2618,3973,3741,2712,3502,3974,3503,3975,3771,3896,2578],"class_list":{"0":"post-1918","1":"product","2":"type-product","3":"status-publish","4":"has-post-thumbnail","6":"product_cat-naturaleza-y-recursos","7":"product_cat-salud-y-vida","8":"product_tag-aditiva","9":"product_tag-agarre","10":"product_tag-aplicaciones","11":"product_tag-cirugia","12":"product_tag-dispositivos","13":"product_tag-fabricar","14":"product_tag-gibec","15":"product_tag-impresion","16":"product_tag-ingenieria-biomedica","17":"product_tag-laparoscopica","18":"product_tag-manufactura","19":"product_tag-medicas","20":"product_tag-tecnnova","22":"first","23":"instock","24":"shipping-taxable","25":"product-type-simple"},"acf":[],"yoast_head":"<!-- This site is optimized with the Yoast SEO plugin v23.3 - https:\/\/yoast.com\/wordpress\/plugins\/seo\/ -->\n<title>Fabricar dispositivos de agarre para aplicaciones m\u00e9dicas en cirug\u00eda laparosc\u00f3pica empleando t\u00e9cnicas de manufactura aditiva de tipo impresi\u00f3n de pol\u00edmeros termopl\u00e1sticos por deposici\u00f3n de filamentos 3D empleando, tambi\u00e9n, m\u00e9todos para impresi\u00f3n de conjuntos de partes que no requieren de un proceso de ensamble. - Portafolio de capacidades - Tecnnova<\/title>\n<meta name=\"robots\" content=\"index, follow, max-snippet:-1, max-image-preview:large, max-video-preview:-1\" \/>\n<link rel=\"canonical\" href=\"https:\/\/tecnnova.org\/portafolio-de-capacidades\/naturaleza-y-recursos\/fabricar-dispositivos-de-agarre-para-aplicaciones-m\u00e9dicas-en-cirug\u00eda-laparosc\u00f3pica-\/\" \/>\n<meta property=\"og:locale\" content=\"es_ES\" \/>\n<meta property=\"og:type\" content=\"article\" \/>\n<meta property=\"og:title\" content=\"Fabricar dispositivos de agarre para aplicaciones m\u00e9dicas en cirug\u00eda laparosc\u00f3pica empleando t\u00e9cnicas de manufactura aditiva de tipo impresi\u00f3n de pol\u00edmeros termopl\u00e1sticos por deposici\u00f3n de filamentos 3D empleando, tambi\u00e9n, m\u00e9todos para impresi\u00f3n de conjuntos de partes que no requieren de un proceso de ensamble. - Portafolio de capacidades - Tecnnova\" \/>\n<meta property=\"og:description\" content=\"La flexibilidad para personalizar instrumental quir\u00fargico a la medida y al gusto del cirujano empleando t\u00e9cnicas de manufactura novedosas, como es la impresi\u00f3n 3D de pol\u00edmeros.\" \/>\n<meta property=\"og:url\" content=\"https:\/\/tecnnova.org\/portafolio-de-capacidades\/naturaleza-y-recursos\/fabricar-dispositivos-de-agarre-para-aplicaciones-m\u00e9dicas-en-cirug\u00eda-laparosc\u00f3pica-\/\" \/>\n<meta property=\"og:site_name\" content=\"Portafolio de capacidades - Tecnnova\" \/>\n<meta property=\"article:publisher\" content=\"https:\/\/www.facebook.com\/Tecnnova_UEE-637591033015381\" \/>\n<meta property=\"article:modified_time\" content=\"2024-08-16T21:37:16+00:00\" \/>\n<meta property=\"og:image\" content=\"https:\/\/tecnnova.org\/portafolio-de-capacidades\/wp-content\/uploads\/2024\/08\/iconsaludyvida.png\" \/>\n\t<meta property=\"og:image:width\" content=\"100\" \/>\n\t<meta property=\"og:image:height\" content=\"100\" \/>\n\t<meta property=\"og:image:type\" content=\"image\/png\" \/>\n<meta name=\"twitter:card\" content=\"summary_large_image\" \/>\n<meta name=\"twitter:site\" content=\"@Tecnnova_UEE\" \/>\n<script type=\"application\/ld+json\" class=\"yoast-schema-graph\">{\"@context\":\"https:\/\/schema.org\",\"@graph\":[{\"@type\":\"WebPage\",\"@id\":\"https:\/\/tecnnova.org\/portafolio-de-capacidades\/naturaleza-y-recursos\/fabricar-dispositivos-de-agarre-para-aplicaciones-m\u00e9dicas-en-cirug\u00eda-laparosc\u00f3pica-\/\",\"url\":\"https:\/\/tecnnova.org\/portafolio-de-capacidades\/naturaleza-y-recursos\/fabricar-dispositivos-de-agarre-para-aplicaciones-m\u00e9dicas-en-cirug\u00eda-laparosc\u00f3pica-\/\",\"name\":\"Fabricar dispositivos de agarre para aplicaciones m\u00e9dicas en cirug\u00eda laparosc\u00f3pica empleando t\u00e9cnicas de manufactura aditiva de tipo impresi\u00f3n de pol\u00edmeros termopl\u00e1sticos por deposici\u00f3n de filamentos 3D empleando, tambi\u00e9n, m\u00e9todos para impresi\u00f3n de conjuntos de partes que no requieren de un proceso de ensamble. - Portafolio de capacidades - Tecnnova\",\"isPartOf\":{\"@id\":\"https:\/\/tecnnova.org\/portafolio-de-capacidades\/#website\"},\"primaryImageOfPage\":{\"@id\":\"https:\/\/tecnnova.org\/portafolio-de-capacidades\/naturaleza-y-recursos\/fabricar-dispositivos-de-agarre-para-aplicaciones-m\u00e9dicas-en-cirug\u00eda-laparosc\u00f3pica-\/#primaryimage\"},\"image\":{\"@id\":\"https:\/\/tecnnova.org\/portafolio-de-capacidades\/naturaleza-y-recursos\/fabricar-dispositivos-de-agarre-para-aplicaciones-m\u00e9dicas-en-cirug\u00eda-laparosc\u00f3pica-\/#primaryimage\"},\"thumbnailUrl\":\"https:\/\/tecnnova.org\/portafolio-de-capacidades\/wp-content\/uploads\/2024\/08\/iconsaludyvida.png\",\"datePublished\":\"2024-08-16T21:37:13+00:00\",\"dateModified\":\"2024-08-16T21:37:16+00:00\",\"breadcrumb\":{\"@id\":\"https:\/\/tecnnova.org\/portafolio-de-capacidades\/naturaleza-y-recursos\/fabricar-dispositivos-de-agarre-para-aplicaciones-m\u00e9dicas-en-cirug\u00eda-laparosc\u00f3pica-\/#breadcrumb\"},\"inLanguage\":\"es-CO\",\"potentialAction\":[{\"@type\":\"ReadAction\",\"target\":[\"https:\/\/tecnnova.org\/portafolio-de-capacidades\/naturaleza-y-recursos\/fabricar-dispositivos-de-agarre-para-aplicaciones-m\u00e9dicas-en-cirug\u00eda-laparosc\u00f3pica-\/\"]}]},{\"@type\":\"ImageObject\",\"inLanguage\":\"es-CO\",\"@id\":\"https:\/\/tecnnova.org\/portafolio-de-capacidades\/naturaleza-y-recursos\/fabricar-dispositivos-de-agarre-para-aplicaciones-m\u00e9dicas-en-cirug\u00eda-laparosc\u00f3pica-\/#primaryimage\",\"url\":\"https:\/\/tecnnova.org\/portafolio-de-capacidades\/wp-content\/uploads\/2024\/08\/iconsaludyvida.png\",\"contentUrl\":\"https:\/\/tecnnova.org\/portafolio-de-capacidades\/wp-content\/uploads\/2024\/08\/iconsaludyvida.png\",\"width\":100,\"height\":100},{\"@type\":\"BreadcrumbList\",\"@id\":\"https:\/\/tecnnova.org\/portafolio-de-capacidades\/naturaleza-y-recursos\/fabricar-dispositivos-de-agarre-para-aplicaciones-m\u00e9dicas-en-cirug\u00eda-laparosc\u00f3pica-\/#breadcrumb\",\"itemListElement\":[{\"@type\":\"ListItem\",\"position\":1,\"name\":\"Inicio\",\"item\":\"https:\/\/tecnnova.org\/portafolio-de-capacidades\/\"},{\"@type\":\"ListItem\",\"position\":2,\"name\":\"Portafolio de Capacidades\",\"item\":\"https:\/\/tecnnova.org\/portafolio-de-capacidades\/\"},{\"@type\":\"ListItem\",\"position\":3,\"name\":\"Fabricar dispositivos de agarre para aplicaciones m\u00e9dicas en cirug\u00eda laparosc\u00f3pica empleando t\u00e9cnicas de manufactura aditiva de tipo impresi\u00f3n de pol\u00edmeros termopl\u00e1sticos por deposici\u00f3n de filamentos 3D empleando, tambi\u00e9n, m\u00e9todos para impresi\u00f3n de conjuntos de partes que no requieren de un proceso de ensamble.\"}]},{\"@type\":\"WebSite\",\"@id\":\"https:\/\/tecnnova.org\/portafolio-de-capacidades\/#website\",\"url\":\"https:\/\/tecnnova.org\/portafolio-de-capacidades\/\",\"name\":\"Portafolio de capacidades - Tecnnova\",\"description\":\"\",\"publisher\":{\"@id\":\"https:\/\/tecnnova.org\/portafolio-de-capacidades\/#organization\"},\"potentialAction\":[{\"@type\":\"SearchAction\",\"target\":{\"@type\":\"EntryPoint\",\"urlTemplate\":\"https:\/\/tecnnova.org\/portafolio-de-capacidades\/?s={search_term_string}\"},\"query-input\":\"required name=search_term_string\"}],\"inLanguage\":\"es-CO\"},{\"@type\":\"Organization\",\"@id\":\"https:\/\/tecnnova.org\/portafolio-de-capacidades\/#organization\",\"name\":\"Portafolio de capacidades - Tecnnova\",\"url\":\"https:\/\/tecnnova.org\/portafolio-de-capacidades\/\",\"logo\":{\"@type\":\"ImageObject\",\"inLanguage\":\"es-CO\",\"@id\":\"https:\/\/tecnnova.org\/portafolio-de-capacidades\/#\/schema\/logo\/image\/\",\"url\":\"https:\/\/tecnnova.org\/portafolio-de-capacidades\/wp-content\/uploads\/2024\/07\/cropped-TECNNOVA-2022-02.png\",\"contentUrl\":\"https:\/\/tecnnova.org\/portafolio-de-capacidades\/wp-content\/uploads\/2024\/07\/cropped-TECNNOVA-2022-02.png\",\"width\":1609,\"height\":428,\"caption\":\"Portafolio de capacidades - Tecnnova\"},\"image\":{\"@id\":\"https:\/\/tecnnova.org\/portafolio-de-capacidades\/#\/schema\/logo\/image\/\"},\"sameAs\":[\"https:\/\/www.facebook.com\/Tecnnova_UEE-637591033015381\",\"https:\/\/x.com\/Tecnnova_UEE\"]}]}<\/script>\n<!-- \/ Yoast SEO plugin. -->","yoast_head_json":{"title":"Fabricar dispositivos de agarre para aplicaciones m\u00e9dicas en cirug\u00eda laparosc\u00f3pica empleando t\u00e9cnicas de manufactura aditiva de tipo impresi\u00f3n de pol\u00edmeros termopl\u00e1sticos por deposici\u00f3n de filamentos 3D empleando, tambi\u00e9n, m\u00e9todos para impresi\u00f3n de conjuntos de partes que no requieren de un proceso de ensamble. - Portafolio de capacidades - Tecnnova","robots":{"index":"index","follow":"follow","max-snippet":"max-snippet:-1","max-image-preview":"max-image-preview:large","max-video-preview":"max-video-preview:-1"},"canonical":"https:\/\/tecnnova.org\/portafolio-de-capacidades\/naturaleza-y-recursos\/fabricar-dispositivos-de-agarre-para-aplicaciones-m\u00e9dicas-en-cirug\u00eda-laparosc\u00f3pica-\/","og_locale":"es_ES","og_type":"article","og_title":"Fabricar dispositivos de agarre para aplicaciones m\u00e9dicas en cirug\u00eda laparosc\u00f3pica empleando t\u00e9cnicas de manufactura aditiva de tipo impresi\u00f3n de pol\u00edmeros termopl\u00e1sticos por deposici\u00f3n de filamentos 3D empleando, tambi\u00e9n, m\u00e9todos para impresi\u00f3n de conjuntos de partes que no requieren de un proceso de ensamble. - Portafolio de capacidades - Tecnnova","og_description":"La flexibilidad para personalizar instrumental quir\u00fargico a la medida y al gusto del cirujano empleando t\u00e9cnicas de manufactura novedosas, como es la impresi\u00f3n 3D de pol\u00edmeros.","og_url":"https:\/\/tecnnova.org\/portafolio-de-capacidades\/naturaleza-y-recursos\/fabricar-dispositivos-de-agarre-para-aplicaciones-m\u00e9dicas-en-cirug\u00eda-laparosc\u00f3pica-\/","og_site_name":"Portafolio de capacidades - Tecnnova","article_publisher":"https:\/\/www.facebook.com\/Tecnnova_UEE-637591033015381","article_modified_time":"2024-08-16T21:37:16+00:00","og_image":[{"width":100,"height":100,"url":"https:\/\/tecnnova.org\/portafolio-de-capacidades\/wp-content\/uploads\/2024\/08\/iconsaludyvida.png","type":"image\/png"}],"twitter_card":"summary_large_image","twitter_site":"@Tecnnova_UEE","schema":{"@context":"https:\/\/schema.org","@graph":[{"@type":"WebPage","@id":"https:\/\/tecnnova.org\/portafolio-de-capacidades\/naturaleza-y-recursos\/fabricar-dispositivos-de-agarre-para-aplicaciones-m\u00e9dicas-en-cirug\u00eda-laparosc\u00f3pica-\/","url":"https:\/\/tecnnova.org\/portafolio-de-capacidades\/naturaleza-y-recursos\/fabricar-dispositivos-de-agarre-para-aplicaciones-m\u00e9dicas-en-cirug\u00eda-laparosc\u00f3pica-\/","name":"Fabricar dispositivos de agarre para aplicaciones m\u00e9dicas en cirug\u00eda laparosc\u00f3pica empleando t\u00e9cnicas de manufactura aditiva de tipo impresi\u00f3n de pol\u00edmeros termopl\u00e1sticos por deposici\u00f3n de filamentos 3D empleando, tambi\u00e9n, m\u00e9todos para impresi\u00f3n de conjuntos de partes que no requieren de un proceso de ensamble. - Portafolio de capacidades - Tecnnova","isPartOf":{"@id":"https:\/\/tecnnova.org\/portafolio-de-capacidades\/#website"},"primaryImageOfPage":{"@id":"https:\/\/tecnnova.org\/portafolio-de-capacidades\/naturaleza-y-recursos\/fabricar-dispositivos-de-agarre-para-aplicaciones-m\u00e9dicas-en-cirug\u00eda-laparosc\u00f3pica-\/#primaryimage"},"image":{"@id":"https:\/\/tecnnova.org\/portafolio-de-capacidades\/naturaleza-y-recursos\/fabricar-dispositivos-de-agarre-para-aplicaciones-m\u00e9dicas-en-cirug\u00eda-laparosc\u00f3pica-\/#primaryimage"},"thumbnailUrl":"https:\/\/tecnnova.org\/portafolio-de-capacidades\/wp-content\/uploads\/2024\/08\/iconsaludyvida.png","datePublished":"2024-08-16T21:37:13+00:00","dateModified":"2024-08-16T21:37:16+00:00","breadcrumb":{"@id":"https:\/\/tecnnova.org\/portafolio-de-capacidades\/naturaleza-y-recursos\/fabricar-dispositivos-de-agarre-para-aplicaciones-m\u00e9dicas-en-cirug\u00eda-laparosc\u00f3pica-\/#breadcrumb"},"inLanguage":"es-CO","potentialAction":[{"@type":"ReadAction","target":["https:\/\/tecnnova.org\/portafolio-de-capacidades\/naturaleza-y-recursos\/fabricar-dispositivos-de-agarre-para-aplicaciones-m\u00e9dicas-en-cirug\u00eda-laparosc\u00f3pica-\/"]}]},{"@type":"ImageObject","inLanguage":"es-CO","@id":"https:\/\/tecnnova.org\/portafolio-de-capacidades\/naturaleza-y-recursos\/fabricar-dispositivos-de-agarre-para-aplicaciones-m\u00e9dicas-en-cirug\u00eda-laparosc\u00f3pica-\/#primaryimage","url":"https:\/\/tecnnova.org\/portafolio-de-capacidades\/wp-content\/uploads\/2024\/08\/iconsaludyvida.png","contentUrl":"https:\/\/tecnnova.org\/portafolio-de-capacidades\/wp-content\/uploads\/2024\/08\/iconsaludyvida.png","width":100,"height":100},{"@type":"BreadcrumbList","@id":"https:\/\/tecnnova.org\/portafolio-de-capacidades\/naturaleza-y-recursos\/fabricar-dispositivos-de-agarre-para-aplicaciones-m\u00e9dicas-en-cirug\u00eda-laparosc\u00f3pica-\/#breadcrumb","itemListElement":[{"@type":"ListItem","position":1,"name":"Inicio","item":"https:\/\/tecnnova.org\/portafolio-de-capacidades\/"},{"@type":"ListItem","position":2,"name":"Portafolio de Capacidades","item":"https:\/\/tecnnova.org\/portafolio-de-capacidades\/"},{"@type":"ListItem","position":3,"name":"Fabricar dispositivos de agarre para aplicaciones m\u00e9dicas en cirug\u00eda laparosc\u00f3pica empleando t\u00e9cnicas de manufactura aditiva de tipo impresi\u00f3n de pol\u00edmeros termopl\u00e1sticos por deposici\u00f3n de filamentos 3D empleando, tambi\u00e9n, m\u00e9todos para impresi\u00f3n de conjuntos de partes que no requieren de un proceso de ensamble."}]},{"@type":"WebSite","@id":"https:\/\/tecnnova.org\/portafolio-de-capacidades\/#website","url":"https:\/\/tecnnova.org\/portafolio-de-capacidades\/","name":"Portafolio de capacidades - Tecnnova","description":"","publisher":{"@id":"https:\/\/tecnnova.org\/portafolio-de-capacidades\/#organization"},"potentialAction":[{"@type":"SearchAction","target":{"@type":"EntryPoint","urlTemplate":"https:\/\/tecnnova.org\/portafolio-de-capacidades\/?s={search_term_string}"},"query-input":"required name=search_term_string"}],"inLanguage":"es-CO"},{"@type":"Organization","@id":"https:\/\/tecnnova.org\/portafolio-de-capacidades\/#organization","name":"Portafolio de capacidades - Tecnnova","url":"https:\/\/tecnnova.org\/portafolio-de-capacidades\/","logo":{"@type":"ImageObject","inLanguage":"es-CO","@id":"https:\/\/tecnnova.org\/portafolio-de-capacidades\/#\/schema\/logo\/image\/","url":"https:\/\/tecnnova.org\/portafolio-de-capacidades\/wp-content\/uploads\/2024\/07\/cropped-TECNNOVA-2022-02.png","contentUrl":"https:\/\/tecnnova.org\/portafolio-de-capacidades\/wp-content\/uploads\/2024\/07\/cropped-TECNNOVA-2022-02.png","width":1609,"height":428,"caption":"Portafolio de capacidades - Tecnnova"},"image":{"@id":"https:\/\/tecnnova.org\/portafolio-de-capacidades\/#\/schema\/logo\/image\/"},"sameAs":["https:\/\/www.facebook.com\/Tecnnova_UEE-637591033015381","https:\/\/x.com\/Tecnnova_UEE"]}]}},"_links":{"self":[{"href":"https:\/\/tecnnova.org\/portafolio-de-capacidades\/wp-json\/wp\/v2\/product\/1918","targetHints":{"allow":["GET"]}}],"collection":[{"href":"https:\/\/tecnnova.org\/portafolio-de-capacidades\/wp-json\/wp\/v2\/product"}],"about":[{"href":"https:\/\/tecnnova.org\/portafolio-de-capacidades\/wp-json\/wp\/v2\/types\/product"}],"version-history":[{"count":1,"href":"https:\/\/tecnnova.org\/portafolio-de-capacidades\/wp-json\/wp\/v2\/product\/1918\/revisions"}],"predecessor-version":[{"id":1948,"href":"https:\/\/tecnnova.org\/portafolio-de-capacidades\/wp-json\/wp\/v2\/product\/1918\/revisions\/1948"}],"wp:featuredmedia":[{"embeddable":true,"href":"https:\/\/tecnnova.org\/portafolio-de-capacidades\/wp-json\/wp\/v2\/media\/902"}],"wp:attachment":[{"href":"https:\/\/tecnnova.org\/portafolio-de-capacidades\/wp-json\/wp\/v2\/media?parent=1918"}],"wp:term":[{"taxonomy":"product_cat","embeddable":true,"href":"https:\/\/tecnnova.org\/portafolio-de-capacidades\/wp-json\/wp\/v2\/product_cat?post=1918"},{"taxonomy":"product_tag","embeddable":true,"href":"https:\/\/tecnnova.org\/portafolio-de-capacidades\/wp-json\/wp\/v2\/product_tag?post=1918"}],"curies":[{"name":"wp","href":"https:\/\/api.w.org\/{rel}","templated":true}]}}