{"id":1973,"date":"2024-08-16T16:37:19","date_gmt":"2024-08-16T21:37:19","guid":{"rendered":"https:\/\/tecnnova.org\/portafolio-de-capacidades\/?post_type=product&#038;p=1973"},"modified":"2024-08-16T16:37:21","modified_gmt":"2024-08-16T21:37:21","slug":"escalamiento-y-formulacion-de-nuevos-productos-de-bioinsumos-agricolas-para-la-generacion-de-polvos-y-granulos-dispersables-incluyendo-el-escalamiento-del-cultivo-microbiano-a-nivel-de-hongos-levadu","status":"publish","type":"product","link":"https:\/\/tecnnova.org\/portafolio-de-capacidades\/naturaleza-y-recursos\/escalamiento-de-bioinsumos-agr\u00edcolas-y-cultivos-microbianos\/","title":{"rendered":"Escalamiento y formulaci\u00f3n de nuevos productos de bioinsumos agr\u00edcolas para la generaci\u00f3n de polvos y gr\u00e1nulos dispersables. Incluyendo el escalamiento del cultivo microbiano a nivel de hongos, levadura y bacterias y los procesos de obtenci\u00f3n de las materias primas para la generaci\u00f3n de los formulados"},"content":{"rendered":"<p>Articulaci\u00f3n con redes y empresas<\/p>\n","protected":false},"excerpt":{"rendered":"<p>Articulaci\u00f3n con redes y empresas<\/p>\n","protected":false},"featured_media":903,"template":"","meta":{"_acf_changed":false},"product_cat":[2579],"product_tag":[3469,4066,4067,4085,2747,4086,4087,4088,4089,4073,3473,4090,4091,4092,2578],"class_list":{"0":"post-1973","1":"product","2":"type-product","3":"status-publish","4":"has-post-thumbnail","6":"product_cat-naturaleza-y-recursos","7":"product_tag-bacterias","8":"product_tag-biodiversidad","9":"product_tag-bioingenieria","10":"product_tag-bioinsumos-agricolas","11":"product_tag-biotecnologia","12":"product_tag-cultivo-microbiano","13":"product_tag-escalamiento-de-productos","14":"product_tag-formulacion-de-productos","15":"product_tag-granulos-dispersables","16":"product_tag-grinibio","17":"product_tag-hongos","18":"product_tag-levadura","19":"product_tag-obtencion-de-materias-primas","20":"product_tag-polvos-dispersables","21":"product_tag-tecnnova","23":"first","24":"instock","25":"shipping-taxable","26":"product-type-simple"},"acf":[],"yoast_head":"<!-- This site is optimized with the Yoast SEO plugin v23.3 - https:\/\/yoast.com\/wordpress\/plugins\/seo\/ -->\n<title>Escalamiento y formulaci\u00f3n de nuevos productos de bioinsumos agr\u00edcolas para la generaci\u00f3n de polvos y gr\u00e1nulos dispersables. Incluyendo el escalamiento del cultivo microbiano a nivel de hongos, levadura y bacterias y los procesos de obtenci\u00f3n de las materias primas para la generaci\u00f3n de los formulados - Portafolio de capacidades - Tecnnova<\/title>\n<meta name=\"robots\" content=\"index, follow, max-snippet:-1, max-image-preview:large, max-video-preview:-1\" \/>\n<link rel=\"canonical\" href=\"https:\/\/tecnnova.org\/portafolio-de-capacidades\/naturaleza-y-recursos\/escalamiento-de-bioinsumos-agr\u00edcolas-y-cultivos-microbianos\/\" \/>\n<meta property=\"og:locale\" content=\"es_ES\" \/>\n<meta property=\"og:type\" content=\"article\" \/>\n<meta property=\"og:title\" content=\"Escalamiento y formulaci\u00f3n de nuevos productos de bioinsumos agr\u00edcolas para la generaci\u00f3n de polvos y gr\u00e1nulos dispersables. Incluyendo el escalamiento del cultivo microbiano a nivel de hongos, levadura y bacterias y los procesos de obtenci\u00f3n de las materias primas para la generaci\u00f3n de los formulados - Portafolio de capacidades - Tecnnova\" \/>\n<meta property=\"og:description\" content=\"Articulaci\u00f3n con redes y empresas\" \/>\n<meta property=\"og:url\" content=\"https:\/\/tecnnova.org\/portafolio-de-capacidades\/naturaleza-y-recursos\/escalamiento-de-bioinsumos-agr\u00edcolas-y-cultivos-microbianos\/\" \/>\n<meta property=\"og:site_name\" content=\"Portafolio de capacidades - Tecnnova\" \/>\n<meta property=\"article:publisher\" content=\"https:\/\/www.facebook.com\/Tecnnova_UEE-637591033015381\" \/>\n<meta property=\"article:modified_time\" content=\"2024-08-16T21:37:21+00:00\" \/>\n<meta property=\"og:image\" content=\"https:\/\/tecnnova.org\/portafolio-de-capacidades\/wp-content\/uploads\/2024\/08\/iconnaturalezayrecursos.png\" \/>\n\t<meta property=\"og:image:width\" content=\"100\" \/>\n\t<meta property=\"og:image:height\" content=\"100\" \/>\n\t<meta property=\"og:image:type\" content=\"image\/png\" \/>\n<meta name=\"twitter:card\" content=\"summary_large_image\" \/>\n<meta name=\"twitter:site\" content=\"@Tecnnova_UEE\" \/>\n<script type=\"application\/ld+json\" class=\"yoast-schema-graph\">{\"@context\":\"https:\/\/schema.org\",\"@graph\":[{\"@type\":\"WebPage\",\"@id\":\"https:\/\/tecnnova.org\/portafolio-de-capacidades\/naturaleza-y-recursos\/escalamiento-de-bioinsumos-agr\u00edcolas-y-cultivos-microbianos\/\",\"url\":\"https:\/\/tecnnova.org\/portafolio-de-capacidades\/naturaleza-y-recursos\/escalamiento-de-bioinsumos-agr\u00edcolas-y-cultivos-microbianos\/\",\"name\":\"Escalamiento y formulaci\u00f3n de nuevos productos de bioinsumos agr\u00edcolas para la generaci\u00f3n de polvos y gr\u00e1nulos dispersables. Incluyendo el escalamiento del cultivo microbiano a nivel de hongos, levadura y bacterias y los procesos de obtenci\u00f3n de las materias primas para la generaci\u00f3n de los formulados - Portafolio de capacidades - Tecnnova\",\"isPartOf\":{\"@id\":\"https:\/\/tecnnova.org\/portafolio-de-capacidades\/#website\"},\"primaryImageOfPage\":{\"@id\":\"https:\/\/tecnnova.org\/portafolio-de-capacidades\/naturaleza-y-recursos\/escalamiento-de-bioinsumos-agr\u00edcolas-y-cultivos-microbianos\/#primaryimage\"},\"image\":{\"@id\":\"https:\/\/tecnnova.org\/portafolio-de-capacidades\/naturaleza-y-recursos\/escalamiento-de-bioinsumos-agr\u00edcolas-y-cultivos-microbianos\/#primaryimage\"},\"thumbnailUrl\":\"https:\/\/tecnnova.org\/portafolio-de-capacidades\/wp-content\/uploads\/2024\/08\/iconnaturalezayrecursos.png\",\"datePublished\":\"2024-08-16T21:37:19+00:00\",\"dateModified\":\"2024-08-16T21:37:21+00:00\",\"breadcrumb\":{\"@id\":\"https:\/\/tecnnova.org\/portafolio-de-capacidades\/naturaleza-y-recursos\/escalamiento-de-bioinsumos-agr\u00edcolas-y-cultivos-microbianos\/#breadcrumb\"},\"inLanguage\":\"es-CO\",\"potentialAction\":[{\"@type\":\"ReadAction\",\"target\":[\"https:\/\/tecnnova.org\/portafolio-de-capacidades\/naturaleza-y-recursos\/escalamiento-de-bioinsumos-agr\u00edcolas-y-cultivos-microbianos\/\"]}]},{\"@type\":\"ImageObject\",\"inLanguage\":\"es-CO\",\"@id\":\"https:\/\/tecnnova.org\/portafolio-de-capacidades\/naturaleza-y-recursos\/escalamiento-de-bioinsumos-agr\u00edcolas-y-cultivos-microbianos\/#primaryimage\",\"url\":\"https:\/\/tecnnova.org\/portafolio-de-capacidades\/wp-content\/uploads\/2024\/08\/iconnaturalezayrecursos.png\",\"contentUrl\":\"https:\/\/tecnnova.org\/portafolio-de-capacidades\/wp-content\/uploads\/2024\/08\/iconnaturalezayrecursos.png\",\"width\":100,\"height\":100},{\"@type\":\"BreadcrumbList\",\"@id\":\"https:\/\/tecnnova.org\/portafolio-de-capacidades\/naturaleza-y-recursos\/escalamiento-de-bioinsumos-agr\u00edcolas-y-cultivos-microbianos\/#breadcrumb\",\"itemListElement\":[{\"@type\":\"ListItem\",\"position\":1,\"name\":\"Inicio\",\"item\":\"https:\/\/tecnnova.org\/portafolio-de-capacidades\/\"},{\"@type\":\"ListItem\",\"position\":2,\"name\":\"Portafolio de Capacidades\",\"item\":\"https:\/\/tecnnova.org\/portafolio-de-capacidades\/\"},{\"@type\":\"ListItem\",\"position\":3,\"name\":\"Escalamiento y formulaci\u00f3n de nuevos productos de bioinsumos agr\u00edcolas para la generaci\u00f3n de polvos y gr\u00e1nulos dispersables. Incluyendo el escalamiento del cultivo microbiano a nivel de hongos, levadura y bacterias y los procesos de obtenci\u00f3n de las materias primas para la generaci\u00f3n de los formulados\"}]},{\"@type\":\"WebSite\",\"@id\":\"https:\/\/tecnnova.org\/portafolio-de-capacidades\/#website\",\"url\":\"https:\/\/tecnnova.org\/portafolio-de-capacidades\/\",\"name\":\"Portafolio de capacidades - Tecnnova\",\"description\":\"\",\"publisher\":{\"@id\":\"https:\/\/tecnnova.org\/portafolio-de-capacidades\/#organization\"},\"potentialAction\":[{\"@type\":\"SearchAction\",\"target\":{\"@type\":\"EntryPoint\",\"urlTemplate\":\"https:\/\/tecnnova.org\/portafolio-de-capacidades\/?s={search_term_string}\"},\"query-input\":\"required name=search_term_string\"}],\"inLanguage\":\"es-CO\"},{\"@type\":\"Organization\",\"@id\":\"https:\/\/tecnnova.org\/portafolio-de-capacidades\/#organization\",\"name\":\"Portafolio de capacidades - Tecnnova\",\"url\":\"https:\/\/tecnnova.org\/portafolio-de-capacidades\/\",\"logo\":{\"@type\":\"ImageObject\",\"inLanguage\":\"es-CO\",\"@id\":\"https:\/\/tecnnova.org\/portafolio-de-capacidades\/#\/schema\/logo\/image\/\",\"url\":\"https:\/\/tecnnova.org\/portafolio-de-capacidades\/wp-content\/uploads\/2024\/07\/cropped-TECNNOVA-2022-02.png\",\"contentUrl\":\"https:\/\/tecnnova.org\/portafolio-de-capacidades\/wp-content\/uploads\/2024\/07\/cropped-TECNNOVA-2022-02.png\",\"width\":1609,\"height\":428,\"caption\":\"Portafolio de capacidades - Tecnnova\"},\"image\":{\"@id\":\"https:\/\/tecnnova.org\/portafolio-de-capacidades\/#\/schema\/logo\/image\/\"},\"sameAs\":[\"https:\/\/www.facebook.com\/Tecnnova_UEE-637591033015381\",\"https:\/\/x.com\/Tecnnova_UEE\"]}]}<\/script>\n<!-- \/ Yoast SEO plugin. -->","yoast_head_json":{"title":"Escalamiento y formulaci\u00f3n de nuevos productos de bioinsumos agr\u00edcolas para la generaci\u00f3n de polvos y gr\u00e1nulos dispersables. Incluyendo el escalamiento del cultivo microbiano a nivel de hongos, levadura y bacterias y los procesos de obtenci\u00f3n de las materias primas para la generaci\u00f3n de los formulados - Portafolio de capacidades - Tecnnova","robots":{"index":"index","follow":"follow","max-snippet":"max-snippet:-1","max-image-preview":"max-image-preview:large","max-video-preview":"max-video-preview:-1"},"canonical":"https:\/\/tecnnova.org\/portafolio-de-capacidades\/naturaleza-y-recursos\/escalamiento-de-bioinsumos-agr\u00edcolas-y-cultivos-microbianos\/","og_locale":"es_ES","og_type":"article","og_title":"Escalamiento y formulaci\u00f3n de nuevos productos de bioinsumos agr\u00edcolas para la generaci\u00f3n de polvos y gr\u00e1nulos dispersables. Incluyendo el escalamiento del cultivo microbiano a nivel de hongos, levadura y bacterias y los procesos de obtenci\u00f3n de las materias primas para la generaci\u00f3n de los formulados - Portafolio de capacidades - Tecnnova","og_description":"Articulaci\u00f3n con redes y empresas","og_url":"https:\/\/tecnnova.org\/portafolio-de-capacidades\/naturaleza-y-recursos\/escalamiento-de-bioinsumos-agr\u00edcolas-y-cultivos-microbianos\/","og_site_name":"Portafolio de capacidades - Tecnnova","article_publisher":"https:\/\/www.facebook.com\/Tecnnova_UEE-637591033015381","article_modified_time":"2024-08-16T21:37:21+00:00","og_image":[{"width":100,"height":100,"url":"https:\/\/tecnnova.org\/portafolio-de-capacidades\/wp-content\/uploads\/2024\/08\/iconnaturalezayrecursos.png","type":"image\/png"}],"twitter_card":"summary_large_image","twitter_site":"@Tecnnova_UEE","schema":{"@context":"https:\/\/schema.org","@graph":[{"@type":"WebPage","@id":"https:\/\/tecnnova.org\/portafolio-de-capacidades\/naturaleza-y-recursos\/escalamiento-de-bioinsumos-agr\u00edcolas-y-cultivos-microbianos\/","url":"https:\/\/tecnnova.org\/portafolio-de-capacidades\/naturaleza-y-recursos\/escalamiento-de-bioinsumos-agr\u00edcolas-y-cultivos-microbianos\/","name":"Escalamiento y formulaci\u00f3n de nuevos productos de bioinsumos agr\u00edcolas para la generaci\u00f3n de polvos y gr\u00e1nulos dispersables. Incluyendo el escalamiento del cultivo microbiano a nivel de hongos, levadura y bacterias y los procesos de obtenci\u00f3n de las materias primas para la generaci\u00f3n de los formulados - Portafolio de capacidades - Tecnnova","isPartOf":{"@id":"https:\/\/tecnnova.org\/portafolio-de-capacidades\/#website"},"primaryImageOfPage":{"@id":"https:\/\/tecnnova.org\/portafolio-de-capacidades\/naturaleza-y-recursos\/escalamiento-de-bioinsumos-agr\u00edcolas-y-cultivos-microbianos\/#primaryimage"},"image":{"@id":"https:\/\/tecnnova.org\/portafolio-de-capacidades\/naturaleza-y-recursos\/escalamiento-de-bioinsumos-agr\u00edcolas-y-cultivos-microbianos\/#primaryimage"},"thumbnailUrl":"https:\/\/tecnnova.org\/portafolio-de-capacidades\/wp-content\/uploads\/2024\/08\/iconnaturalezayrecursos.png","datePublished":"2024-08-16T21:37:19+00:00","dateModified":"2024-08-16T21:37:21+00:00","breadcrumb":{"@id":"https:\/\/tecnnova.org\/portafolio-de-capacidades\/naturaleza-y-recursos\/escalamiento-de-bioinsumos-agr\u00edcolas-y-cultivos-microbianos\/#breadcrumb"},"inLanguage":"es-CO","potentialAction":[{"@type":"ReadAction","target":["https:\/\/tecnnova.org\/portafolio-de-capacidades\/naturaleza-y-recursos\/escalamiento-de-bioinsumos-agr\u00edcolas-y-cultivos-microbianos\/"]}]},{"@type":"ImageObject","inLanguage":"es-CO","@id":"https:\/\/tecnnova.org\/portafolio-de-capacidades\/naturaleza-y-recursos\/escalamiento-de-bioinsumos-agr\u00edcolas-y-cultivos-microbianos\/#primaryimage","url":"https:\/\/tecnnova.org\/portafolio-de-capacidades\/wp-content\/uploads\/2024\/08\/iconnaturalezayrecursos.png","contentUrl":"https:\/\/tecnnova.org\/portafolio-de-capacidades\/wp-content\/uploads\/2024\/08\/iconnaturalezayrecursos.png","width":100,"height":100},{"@type":"BreadcrumbList","@id":"https:\/\/tecnnova.org\/portafolio-de-capacidades\/naturaleza-y-recursos\/escalamiento-de-bioinsumos-agr\u00edcolas-y-cultivos-microbianos\/#breadcrumb","itemListElement":[{"@type":"ListItem","position":1,"name":"Inicio","item":"https:\/\/tecnnova.org\/portafolio-de-capacidades\/"},{"@type":"ListItem","position":2,"name":"Portafolio de Capacidades","item":"https:\/\/tecnnova.org\/portafolio-de-capacidades\/"},{"@type":"ListItem","position":3,"name":"Escalamiento y formulaci\u00f3n de nuevos productos de bioinsumos agr\u00edcolas para la generaci\u00f3n de polvos y gr\u00e1nulos dispersables. Incluyendo el escalamiento del cultivo microbiano a nivel de hongos, levadura y bacterias y los procesos de obtenci\u00f3n de las materias primas para la generaci\u00f3n de los formulados"}]},{"@type":"WebSite","@id":"https:\/\/tecnnova.org\/portafolio-de-capacidades\/#website","url":"https:\/\/tecnnova.org\/portafolio-de-capacidades\/","name":"Portafolio de capacidades - Tecnnova","description":"","publisher":{"@id":"https:\/\/tecnnova.org\/portafolio-de-capacidades\/#organization"},"potentialAction":[{"@type":"SearchAction","target":{"@type":"EntryPoint","urlTemplate":"https:\/\/tecnnova.org\/portafolio-de-capacidades\/?s={search_term_string}"},"query-input":"required name=search_term_string"}],"inLanguage":"es-CO"},{"@type":"Organization","@id":"https:\/\/tecnnova.org\/portafolio-de-capacidades\/#organization","name":"Portafolio de capacidades - Tecnnova","url":"https:\/\/tecnnova.org\/portafolio-de-capacidades\/","logo":{"@type":"ImageObject","inLanguage":"es-CO","@id":"https:\/\/tecnnova.org\/portafolio-de-capacidades\/#\/schema\/logo\/image\/","url":"https:\/\/tecnnova.org\/portafolio-de-capacidades\/wp-content\/uploads\/2024\/07\/cropped-TECNNOVA-2022-02.png","contentUrl":"https:\/\/tecnnova.org\/portafolio-de-capacidades\/wp-content\/uploads\/2024\/07\/cropped-TECNNOVA-2022-02.png","width":1609,"height":428,"caption":"Portafolio de capacidades - Tecnnova"},"image":{"@id":"https:\/\/tecnnova.org\/portafolio-de-capacidades\/#\/schema\/logo\/image\/"},"sameAs":["https:\/\/www.facebook.com\/Tecnnova_UEE-637591033015381","https:\/\/x.com\/Tecnnova_UEE"]}]}},"_links":{"self":[{"href":"https:\/\/tecnnova.org\/portafolio-de-capacidades\/wp-json\/wp\/v2\/product\/1973","targetHints":{"allow":["GET"]}}],"collection":[{"href":"https:\/\/tecnnova.org\/portafolio-de-capacidades\/wp-json\/wp\/v2\/product"}],"about":[{"href":"https:\/\/tecnnova.org\/portafolio-de-capacidades\/wp-json\/wp\/v2\/types\/product"}],"version-history":[{"count":1,"href":"https:\/\/tecnnova.org\/portafolio-de-capacidades\/wp-json\/wp\/v2\/product\/1973\/revisions"}],"predecessor-version":[{"id":2003,"href":"https:\/\/tecnnova.org\/portafolio-de-capacidades\/wp-json\/wp\/v2\/product\/1973\/revisions\/2003"}],"wp:featuredmedia":[{"embeddable":true,"href":"https:\/\/tecnnova.org\/portafolio-de-capacidades\/wp-json\/wp\/v2\/media\/903"}],"wp:attachment":[{"href":"https:\/\/tecnnova.org\/portafolio-de-capacidades\/wp-json\/wp\/v2\/media?parent=1973"}],"wp:term":[{"taxonomy":"product_cat","embeddable":true,"href":"https:\/\/tecnnova.org\/portafolio-de-capacidades\/wp-json\/wp\/v2\/product_cat?post=1973"},{"taxonomy":"product_tag","embeddable":true,"href":"https:\/\/tecnnova.org\/portafolio-de-capacidades\/wp-json\/wp\/v2\/product_tag?post=1973"}],"curies":[{"name":"wp","href":"https:\/\/api.w.org\/{rel}","templated":true}]}}