{"id":1998,"date":"2024-08-16T16:37:21","date_gmt":"2024-08-16T21:37:21","guid":{"rendered":"https:\/\/tecnnova.org\/portafolio-de-capacidades\/?post_type=product&#038;p=1998"},"modified":"2024-08-16T16:37:25","modified_gmt":"2024-08-16T21:37:25","slug":"asesorar-parte-de-procesos-de-investigacion-centrados-en-construccion-de-memoria-historica","status":"publish","type":"product","link":"https:\/\/tecnnova.org\/portafolio-de-capacidades\/cultura-y-sociedad\/asesor\u00eda-en-investigaci\u00f3n-de-memoria-hist\u00f3rica\/","title":{"rendered":"Asesorar parte de procesos de investigaci\u00f3n centrados en construcci\u00f3n de memoria hist\u00f3rica."},"content":{"rendered":"<p>Trabajos previos en el campo de investigaci\u00f3n referido, adem\u00e1s de ser una de las l\u00edneas de investigaci\u00f3n del grupo<\/p>\n","protected":false},"excerpt":{"rendered":"<p>Trabajos previos en el campo de investigaci\u00f3n referido, adem\u00e1s de ser una de las l\u00edneas de investigaci\u00f3n del grupo<\/p>\n","protected":false},"featured_media":905,"template":"","meta":{"_acf_changed":false},"product_cat":[2629],"product_tag":[4245,4246,4247,4248,4249,3359,4250,4251,4252,4216,4253,4254,3284,2578],"class_list":{"0":"post-1998","1":"product","2":"type-product","3":"status-publish","4":"has-post-thumbnail","6":"product_cat-cultura-y-sociedad","7":"product_tag-analisis-de-fuentes","8":"product_tag-asesoramiento","9":"product_tag-construccion-de-memoria-historica","10":"product_tag-contexto-historico","11":"product_tag-documentacion-historica","12":"product_tag-educacion","13":"product_tag-estudios-de-memoria","14":"product_tag-investigacion-historica","15":"product_tag-metodologia-de-investigacion-2","16":"product_tag-paz","17":"product_tag-preservacion-de-la-historia","18":"product_tag-procesos-de-investigacion","19":"product_tag-sociedad","20":"product_tag-tecnnova","22":"first","23":"instock","24":"shipping-taxable","25":"product-type-simple"},"acf":[],"yoast_head":"<!-- This site is optimized with the Yoast SEO plugin v23.3 - https:\/\/yoast.com\/wordpress\/plugins\/seo\/ -->\n<title>Asesorar parte de procesos de investigaci\u00f3n centrados en construcci\u00f3n de memoria hist\u00f3rica. - Portafolio de capacidades - Tecnnova<\/title>\n<meta name=\"robots\" content=\"index, follow, max-snippet:-1, max-image-preview:large, max-video-preview:-1\" \/>\n<link rel=\"canonical\" href=\"https:\/\/tecnnova.org\/portafolio-de-capacidades\/cultura-y-sociedad\/asesor\u00eda-en-investigaci\u00f3n-de-memoria-hist\u00f3rica\/\" \/>\n<meta property=\"og:locale\" content=\"es_ES\" \/>\n<meta property=\"og:type\" content=\"article\" \/>\n<meta property=\"og:title\" content=\"Asesorar parte de procesos de investigaci\u00f3n centrados en construcci\u00f3n de memoria hist\u00f3rica. - Portafolio de capacidades - Tecnnova\" \/>\n<meta property=\"og:description\" content=\"Trabajos previos en el campo de investigaci\u00f3n referido, adem\u00e1s de ser una de las l\u00edneas de investigaci\u00f3n del grupo\" \/>\n<meta property=\"og:url\" content=\"https:\/\/tecnnova.org\/portafolio-de-capacidades\/cultura-y-sociedad\/asesor\u00eda-en-investigaci\u00f3n-de-memoria-hist\u00f3rica\/\" \/>\n<meta property=\"og:site_name\" content=\"Portafolio de capacidades - Tecnnova\" \/>\n<meta property=\"article:publisher\" content=\"https:\/\/www.facebook.com\/Tecnnova_UEE-637591033015381\" \/>\n<meta property=\"article:modified_time\" content=\"2024-08-16T21:37:25+00:00\" \/>\n<meta property=\"og:image\" content=\"https:\/\/tecnnova.org\/portafolio-de-capacidades\/wp-content\/uploads\/2024\/08\/iconcultura.png\" \/>\n\t<meta property=\"og:image:width\" content=\"100\" \/>\n\t<meta property=\"og:image:height\" content=\"100\" \/>\n\t<meta property=\"og:image:type\" content=\"image\/png\" \/>\n<meta name=\"twitter:card\" content=\"summary_large_image\" \/>\n<meta name=\"twitter:site\" content=\"@Tecnnova_UEE\" \/>\n<script type=\"application\/ld+json\" class=\"yoast-schema-graph\">{\"@context\":\"https:\/\/schema.org\",\"@graph\":[{\"@type\":\"WebPage\",\"@id\":\"https:\/\/tecnnova.org\/portafolio-de-capacidades\/cultura-y-sociedad\/asesor\u00eda-en-investigaci\u00f3n-de-memoria-hist\u00f3rica\/\",\"url\":\"https:\/\/tecnnova.org\/portafolio-de-capacidades\/cultura-y-sociedad\/asesor\u00eda-en-investigaci\u00f3n-de-memoria-hist\u00f3rica\/\",\"name\":\"Asesorar parte de procesos de investigaci\u00f3n centrados en construcci\u00f3n de memoria hist\u00f3rica. - Portafolio de capacidades - Tecnnova\",\"isPartOf\":{\"@id\":\"https:\/\/tecnnova.org\/portafolio-de-capacidades\/#website\"},\"primaryImageOfPage\":{\"@id\":\"https:\/\/tecnnova.org\/portafolio-de-capacidades\/cultura-y-sociedad\/asesor\u00eda-en-investigaci\u00f3n-de-memoria-hist\u00f3rica\/#primaryimage\"},\"image\":{\"@id\":\"https:\/\/tecnnova.org\/portafolio-de-capacidades\/cultura-y-sociedad\/asesor\u00eda-en-investigaci\u00f3n-de-memoria-hist\u00f3rica\/#primaryimage\"},\"thumbnailUrl\":\"https:\/\/tecnnova.org\/portafolio-de-capacidades\/wp-content\/uploads\/2024\/08\/iconcultura.png\",\"datePublished\":\"2024-08-16T21:37:21+00:00\",\"dateModified\":\"2024-08-16T21:37:25+00:00\",\"breadcrumb\":{\"@id\":\"https:\/\/tecnnova.org\/portafolio-de-capacidades\/cultura-y-sociedad\/asesor\u00eda-en-investigaci\u00f3n-de-memoria-hist\u00f3rica\/#breadcrumb\"},\"inLanguage\":\"es-CO\",\"potentialAction\":[{\"@type\":\"ReadAction\",\"target\":[\"https:\/\/tecnnova.org\/portafolio-de-capacidades\/cultura-y-sociedad\/asesor\u00eda-en-investigaci\u00f3n-de-memoria-hist\u00f3rica\/\"]}]},{\"@type\":\"ImageObject\",\"inLanguage\":\"es-CO\",\"@id\":\"https:\/\/tecnnova.org\/portafolio-de-capacidades\/cultura-y-sociedad\/asesor\u00eda-en-investigaci\u00f3n-de-memoria-hist\u00f3rica\/#primaryimage\",\"url\":\"https:\/\/tecnnova.org\/portafolio-de-capacidades\/wp-content\/uploads\/2024\/08\/iconcultura.png\",\"contentUrl\":\"https:\/\/tecnnova.org\/portafolio-de-capacidades\/wp-content\/uploads\/2024\/08\/iconcultura.png\",\"width\":100,\"height\":100},{\"@type\":\"BreadcrumbList\",\"@id\":\"https:\/\/tecnnova.org\/portafolio-de-capacidades\/cultura-y-sociedad\/asesor\u00eda-en-investigaci\u00f3n-de-memoria-hist\u00f3rica\/#breadcrumb\",\"itemListElement\":[{\"@type\":\"ListItem\",\"position\":1,\"name\":\"Inicio\",\"item\":\"https:\/\/tecnnova.org\/portafolio-de-capacidades\/\"},{\"@type\":\"ListItem\",\"position\":2,\"name\":\"Portafolio de Capacidades\",\"item\":\"https:\/\/tecnnova.org\/portafolio-de-capacidades\/\"},{\"@type\":\"ListItem\",\"position\":3,\"name\":\"Asesorar parte de procesos de investigaci\u00f3n centrados en construcci\u00f3n de memoria hist\u00f3rica.\"}]},{\"@type\":\"WebSite\",\"@id\":\"https:\/\/tecnnova.org\/portafolio-de-capacidades\/#website\",\"url\":\"https:\/\/tecnnova.org\/portafolio-de-capacidades\/\",\"name\":\"Portafolio de capacidades - Tecnnova\",\"description\":\"\",\"publisher\":{\"@id\":\"https:\/\/tecnnova.org\/portafolio-de-capacidades\/#organization\"},\"potentialAction\":[{\"@type\":\"SearchAction\",\"target\":{\"@type\":\"EntryPoint\",\"urlTemplate\":\"https:\/\/tecnnova.org\/portafolio-de-capacidades\/?s={search_term_string}\"},\"query-input\":\"required name=search_term_string\"}],\"inLanguage\":\"es-CO\"},{\"@type\":\"Organization\",\"@id\":\"https:\/\/tecnnova.org\/portafolio-de-capacidades\/#organization\",\"name\":\"Portafolio de capacidades - Tecnnova\",\"url\":\"https:\/\/tecnnova.org\/portafolio-de-capacidades\/\",\"logo\":{\"@type\":\"ImageObject\",\"inLanguage\":\"es-CO\",\"@id\":\"https:\/\/tecnnova.org\/portafolio-de-capacidades\/#\/schema\/logo\/image\/\",\"url\":\"https:\/\/tecnnova.org\/portafolio-de-capacidades\/wp-content\/uploads\/2024\/07\/cropped-TECNNOVA-2022-02.png\",\"contentUrl\":\"https:\/\/tecnnova.org\/portafolio-de-capacidades\/wp-content\/uploads\/2024\/07\/cropped-TECNNOVA-2022-02.png\",\"width\":1609,\"height\":428,\"caption\":\"Portafolio de capacidades - Tecnnova\"},\"image\":{\"@id\":\"https:\/\/tecnnova.org\/portafolio-de-capacidades\/#\/schema\/logo\/image\/\"},\"sameAs\":[\"https:\/\/www.facebook.com\/Tecnnova_UEE-637591033015381\",\"https:\/\/x.com\/Tecnnova_UEE\"]}]}<\/script>\n<!-- \/ Yoast SEO plugin. -->","yoast_head_json":{"title":"Asesorar parte de procesos de investigaci\u00f3n centrados en construcci\u00f3n de memoria hist\u00f3rica. - Portafolio de capacidades - Tecnnova","robots":{"index":"index","follow":"follow","max-snippet":"max-snippet:-1","max-image-preview":"max-image-preview:large","max-video-preview":"max-video-preview:-1"},"canonical":"https:\/\/tecnnova.org\/portafolio-de-capacidades\/cultura-y-sociedad\/asesor\u00eda-en-investigaci\u00f3n-de-memoria-hist\u00f3rica\/","og_locale":"es_ES","og_type":"article","og_title":"Asesorar parte de procesos de investigaci\u00f3n centrados en construcci\u00f3n de memoria hist\u00f3rica. - Portafolio de capacidades - Tecnnova","og_description":"Trabajos previos en el campo de investigaci\u00f3n referido, adem\u00e1s de ser una de las l\u00edneas de investigaci\u00f3n del grupo","og_url":"https:\/\/tecnnova.org\/portafolio-de-capacidades\/cultura-y-sociedad\/asesor\u00eda-en-investigaci\u00f3n-de-memoria-hist\u00f3rica\/","og_site_name":"Portafolio de capacidades - Tecnnova","article_publisher":"https:\/\/www.facebook.com\/Tecnnova_UEE-637591033015381","article_modified_time":"2024-08-16T21:37:25+00:00","og_image":[{"width":100,"height":100,"url":"https:\/\/tecnnova.org\/portafolio-de-capacidades\/wp-content\/uploads\/2024\/08\/iconcultura.png","type":"image\/png"}],"twitter_card":"summary_large_image","twitter_site":"@Tecnnova_UEE","schema":{"@context":"https:\/\/schema.org","@graph":[{"@type":"WebPage","@id":"https:\/\/tecnnova.org\/portafolio-de-capacidades\/cultura-y-sociedad\/asesor\u00eda-en-investigaci\u00f3n-de-memoria-hist\u00f3rica\/","url":"https:\/\/tecnnova.org\/portafolio-de-capacidades\/cultura-y-sociedad\/asesor\u00eda-en-investigaci\u00f3n-de-memoria-hist\u00f3rica\/","name":"Asesorar parte de procesos de investigaci\u00f3n centrados en construcci\u00f3n de memoria hist\u00f3rica. - Portafolio de capacidades - Tecnnova","isPartOf":{"@id":"https:\/\/tecnnova.org\/portafolio-de-capacidades\/#website"},"primaryImageOfPage":{"@id":"https:\/\/tecnnova.org\/portafolio-de-capacidades\/cultura-y-sociedad\/asesor\u00eda-en-investigaci\u00f3n-de-memoria-hist\u00f3rica\/#primaryimage"},"image":{"@id":"https:\/\/tecnnova.org\/portafolio-de-capacidades\/cultura-y-sociedad\/asesor\u00eda-en-investigaci\u00f3n-de-memoria-hist\u00f3rica\/#primaryimage"},"thumbnailUrl":"https:\/\/tecnnova.org\/portafolio-de-capacidades\/wp-content\/uploads\/2024\/08\/iconcultura.png","datePublished":"2024-08-16T21:37:21+00:00","dateModified":"2024-08-16T21:37:25+00:00","breadcrumb":{"@id":"https:\/\/tecnnova.org\/portafolio-de-capacidades\/cultura-y-sociedad\/asesor\u00eda-en-investigaci\u00f3n-de-memoria-hist\u00f3rica\/#breadcrumb"},"inLanguage":"es-CO","potentialAction":[{"@type":"ReadAction","target":["https:\/\/tecnnova.org\/portafolio-de-capacidades\/cultura-y-sociedad\/asesor\u00eda-en-investigaci\u00f3n-de-memoria-hist\u00f3rica\/"]}]},{"@type":"ImageObject","inLanguage":"es-CO","@id":"https:\/\/tecnnova.org\/portafolio-de-capacidades\/cultura-y-sociedad\/asesor\u00eda-en-investigaci\u00f3n-de-memoria-hist\u00f3rica\/#primaryimage","url":"https:\/\/tecnnova.org\/portafolio-de-capacidades\/wp-content\/uploads\/2024\/08\/iconcultura.png","contentUrl":"https:\/\/tecnnova.org\/portafolio-de-capacidades\/wp-content\/uploads\/2024\/08\/iconcultura.png","width":100,"height":100},{"@type":"BreadcrumbList","@id":"https:\/\/tecnnova.org\/portafolio-de-capacidades\/cultura-y-sociedad\/asesor\u00eda-en-investigaci\u00f3n-de-memoria-hist\u00f3rica\/#breadcrumb","itemListElement":[{"@type":"ListItem","position":1,"name":"Inicio","item":"https:\/\/tecnnova.org\/portafolio-de-capacidades\/"},{"@type":"ListItem","position":2,"name":"Portafolio de Capacidades","item":"https:\/\/tecnnova.org\/portafolio-de-capacidades\/"},{"@type":"ListItem","position":3,"name":"Asesorar parte de procesos de investigaci\u00f3n centrados en construcci\u00f3n de memoria hist\u00f3rica."}]},{"@type":"WebSite","@id":"https:\/\/tecnnova.org\/portafolio-de-capacidades\/#website","url":"https:\/\/tecnnova.org\/portafolio-de-capacidades\/","name":"Portafolio de capacidades - Tecnnova","description":"","publisher":{"@id":"https:\/\/tecnnova.org\/portafolio-de-capacidades\/#organization"},"potentialAction":[{"@type":"SearchAction","target":{"@type":"EntryPoint","urlTemplate":"https:\/\/tecnnova.org\/portafolio-de-capacidades\/?s={search_term_string}"},"query-input":"required name=search_term_string"}],"inLanguage":"es-CO"},{"@type":"Organization","@id":"https:\/\/tecnnova.org\/portafolio-de-capacidades\/#organization","name":"Portafolio de capacidades - Tecnnova","url":"https:\/\/tecnnova.org\/portafolio-de-capacidades\/","logo":{"@type":"ImageObject","inLanguage":"es-CO","@id":"https:\/\/tecnnova.org\/portafolio-de-capacidades\/#\/schema\/logo\/image\/","url":"https:\/\/tecnnova.org\/portafolio-de-capacidades\/wp-content\/uploads\/2024\/07\/cropped-TECNNOVA-2022-02.png","contentUrl":"https:\/\/tecnnova.org\/portafolio-de-capacidades\/wp-content\/uploads\/2024\/07\/cropped-TECNNOVA-2022-02.png","width":1609,"height":428,"caption":"Portafolio de capacidades - Tecnnova"},"image":{"@id":"https:\/\/tecnnova.org\/portafolio-de-capacidades\/#\/schema\/logo\/image\/"},"sameAs":["https:\/\/www.facebook.com\/Tecnnova_UEE-637591033015381","https:\/\/x.com\/Tecnnova_UEE"]}]}},"_links":{"self":[{"href":"https:\/\/tecnnova.org\/portafolio-de-capacidades\/wp-json\/wp\/v2\/product\/1998","targetHints":{"allow":["GET"]}}],"collection":[{"href":"https:\/\/tecnnova.org\/portafolio-de-capacidades\/wp-json\/wp\/v2\/product"}],"about":[{"href":"https:\/\/tecnnova.org\/portafolio-de-capacidades\/wp-json\/wp\/v2\/types\/product"}],"version-history":[{"count":1,"href":"https:\/\/tecnnova.org\/portafolio-de-capacidades\/wp-json\/wp\/v2\/product\/1998\/revisions"}],"predecessor-version":[{"id":2028,"href":"https:\/\/tecnnova.org\/portafolio-de-capacidades\/wp-json\/wp\/v2\/product\/1998\/revisions\/2028"}],"wp:featuredmedia":[{"embeddable":true,"href":"https:\/\/tecnnova.org\/portafolio-de-capacidades\/wp-json\/wp\/v2\/media\/905"}],"wp:attachment":[{"href":"https:\/\/tecnnova.org\/portafolio-de-capacidades\/wp-json\/wp\/v2\/media?parent=1998"}],"wp:term":[{"taxonomy":"product_cat","embeddable":true,"href":"https:\/\/tecnnova.org\/portafolio-de-capacidades\/wp-json\/wp\/v2\/product_cat?post=1998"},{"taxonomy":"product_tag","embeddable":true,"href":"https:\/\/tecnnova.org\/portafolio-de-capacidades\/wp-json\/wp\/v2\/product_tag?post=1998"}],"curies":[{"name":"wp","href":"https:\/\/api.w.org\/{rel}","templated":true}]}}