{"id":2059,"date":"2024-08-16T16:37:27","date_gmt":"2024-08-16T21:37:27","guid":{"rendered":"https:\/\/tecnnova.org\/portafolio-de-capacidades\/?post_type=product&#038;p=2059"},"modified":"2024-08-16T16:37:32","modified_gmt":"2024-08-16T21:37:32","slug":"aplicar-tecnicas-y-protocolos-de-entrevista-forense-en-investigacion-de-posibles-delitos-a-victimas-testigos-y-sospechosos-con-el-apoyo-de-tecnologias-de-neurociencia-avanzada","status":"publish","type":"product","link":"https:\/\/tecnnova.org\/portafolio-de-capacidades\/cultura-y-sociedad\/entrevista-forense-con-tecnolog\u00edas-de-neurociencia\/","title":{"rendered":"Aplicar t\u00e9cnicas y protocolos de entrevista forense en investigaci\u00f3n de posibles delitos a v\u00edctimas, testigos y sospechosos, con el apoyo de tecnolog\u00edas de neurociencia avanzada."},"content":{"rendered":"<p>Laboratorio de neurociencia<\/p>\n","protected":false},"excerpt":{"rendered":"<p>Laboratorio de neurociencia<\/p>\n","protected":false},"featured_media":904,"template":"","meta":{"_acf_changed":false},"product_cat":[2629,2925],"product_tag":[3318,4442,4478,4449,4479,4480,4481,4482,4452,4453,4454,4483,4484,2578,2861,4485],"class_list":{"0":"post-2059","1":"product","2":"type-product","3":"status-publish","4":"has-post-thumbnail","6":"product_cat-cultura-y-sociedad","7":"product_cat-organizaciones-y-territorios-competitivos","8":"product_tag-ciencias-de-la-tecnologia","9":"product_tag-clinico","10":"product_tag-entrevista-forense","11":"product_tag-gippcs","12":"product_tag-investigacion-criminal","13":"product_tag-investigacion-de-delitos","14":"product_tag-neurociencia-avanzada","15":"product_tag-protocolo-de-entrevista","16":"product_tag-psicologia","17":"product_tag-psicosocial","18":"product_tag-social","19":"product_tag-sospechosos","20":"product_tag-tecnica-de-entrevista","21":"product_tag-tecnnova","22":"product_tag-tecnologia","23":"product_tag-testigos","25":"first","26":"instock","27":"shipping-taxable","28":"product-type-simple"},"acf":[],"yoast_head":"<!-- This site is optimized with the Yoast SEO plugin v23.3 - https:\/\/yoast.com\/wordpress\/plugins\/seo\/ -->\n<title>Aplicar t\u00e9cnicas y protocolos de entrevista forense en investigaci\u00f3n de posibles delitos a v\u00edctimas, testigos y sospechosos, con el apoyo de tecnolog\u00edas de neurociencia avanzada. - Portafolio de capacidades - Tecnnova<\/title>\n<meta name=\"robots\" content=\"index, follow, max-snippet:-1, max-image-preview:large, max-video-preview:-1\" \/>\n<link rel=\"canonical\" href=\"https:\/\/tecnnova.org\/portafolio-de-capacidades\/cultura-y-sociedad\/entrevista-forense-con-tecnolog\u00edas-de-neurociencia\/\" \/>\n<meta property=\"og:locale\" content=\"es_ES\" \/>\n<meta property=\"og:type\" content=\"article\" \/>\n<meta property=\"og:title\" content=\"Aplicar t\u00e9cnicas y protocolos de entrevista forense en investigaci\u00f3n de posibles delitos a v\u00edctimas, testigos y sospechosos, con el apoyo de tecnolog\u00edas de neurociencia avanzada. - Portafolio de capacidades - Tecnnova\" \/>\n<meta property=\"og:description\" content=\"Laboratorio de neurociencia\" \/>\n<meta property=\"og:url\" content=\"https:\/\/tecnnova.org\/portafolio-de-capacidades\/cultura-y-sociedad\/entrevista-forense-con-tecnolog\u00edas-de-neurociencia\/\" \/>\n<meta property=\"og:site_name\" content=\"Portafolio de capacidades - Tecnnova\" \/>\n<meta property=\"article:publisher\" content=\"https:\/\/www.facebook.com\/Tecnnova_UEE-637591033015381\" \/>\n<meta property=\"article:modified_time\" content=\"2024-08-16T21:37:32+00:00\" \/>\n<meta property=\"og:image\" content=\"https:\/\/tecnnova.org\/portafolio-de-capacidades\/wp-content\/uploads\/2024\/08\/iconorganizaciones.png\" \/>\n\t<meta property=\"og:image:width\" content=\"100\" \/>\n\t<meta property=\"og:image:height\" content=\"100\" \/>\n\t<meta property=\"og:image:type\" content=\"image\/png\" \/>\n<meta name=\"twitter:card\" content=\"summary_large_image\" \/>\n<meta name=\"twitter:site\" content=\"@Tecnnova_UEE\" \/>\n<script type=\"application\/ld+json\" class=\"yoast-schema-graph\">{\"@context\":\"https:\/\/schema.org\",\"@graph\":[{\"@type\":\"WebPage\",\"@id\":\"https:\/\/tecnnova.org\/portafolio-de-capacidades\/cultura-y-sociedad\/entrevista-forense-con-tecnolog\u00edas-de-neurociencia\/\",\"url\":\"https:\/\/tecnnova.org\/portafolio-de-capacidades\/cultura-y-sociedad\/entrevista-forense-con-tecnolog\u00edas-de-neurociencia\/\",\"name\":\"Aplicar t\u00e9cnicas y protocolos de entrevista forense en investigaci\u00f3n de posibles delitos a v\u00edctimas, testigos y sospechosos, con el apoyo de tecnolog\u00edas de neurociencia avanzada. - Portafolio de capacidades - Tecnnova\",\"isPartOf\":{\"@id\":\"https:\/\/tecnnova.org\/portafolio-de-capacidades\/#website\"},\"primaryImageOfPage\":{\"@id\":\"https:\/\/tecnnova.org\/portafolio-de-capacidades\/cultura-y-sociedad\/entrevista-forense-con-tecnolog\u00edas-de-neurociencia\/#primaryimage\"},\"image\":{\"@id\":\"https:\/\/tecnnova.org\/portafolio-de-capacidades\/cultura-y-sociedad\/entrevista-forense-con-tecnolog\u00edas-de-neurociencia\/#primaryimage\"},\"thumbnailUrl\":\"https:\/\/tecnnova.org\/portafolio-de-capacidades\/wp-content\/uploads\/2024\/08\/iconorganizaciones.png\",\"datePublished\":\"2024-08-16T21:37:27+00:00\",\"dateModified\":\"2024-08-16T21:37:32+00:00\",\"breadcrumb\":{\"@id\":\"https:\/\/tecnnova.org\/portafolio-de-capacidades\/cultura-y-sociedad\/entrevista-forense-con-tecnolog\u00edas-de-neurociencia\/#breadcrumb\"},\"inLanguage\":\"es-CO\",\"potentialAction\":[{\"@type\":\"ReadAction\",\"target\":[\"https:\/\/tecnnova.org\/portafolio-de-capacidades\/cultura-y-sociedad\/entrevista-forense-con-tecnolog\u00edas-de-neurociencia\/\"]}]},{\"@type\":\"ImageObject\",\"inLanguage\":\"es-CO\",\"@id\":\"https:\/\/tecnnova.org\/portafolio-de-capacidades\/cultura-y-sociedad\/entrevista-forense-con-tecnolog\u00edas-de-neurociencia\/#primaryimage\",\"url\":\"https:\/\/tecnnova.org\/portafolio-de-capacidades\/wp-content\/uploads\/2024\/08\/iconorganizaciones.png\",\"contentUrl\":\"https:\/\/tecnnova.org\/portafolio-de-capacidades\/wp-content\/uploads\/2024\/08\/iconorganizaciones.png\",\"width\":100,\"height\":100},{\"@type\":\"BreadcrumbList\",\"@id\":\"https:\/\/tecnnova.org\/portafolio-de-capacidades\/cultura-y-sociedad\/entrevista-forense-con-tecnolog\u00edas-de-neurociencia\/#breadcrumb\",\"itemListElement\":[{\"@type\":\"ListItem\",\"position\":1,\"name\":\"Inicio\",\"item\":\"https:\/\/tecnnova.org\/portafolio-de-capacidades\/\"},{\"@type\":\"ListItem\",\"position\":2,\"name\":\"Portafolio de Capacidades\",\"item\":\"https:\/\/tecnnova.org\/portafolio-de-capacidades\/\"},{\"@type\":\"ListItem\",\"position\":3,\"name\":\"Aplicar t\u00e9cnicas y protocolos de entrevista forense en investigaci\u00f3n de posibles delitos a v\u00edctimas, testigos y sospechosos, con el apoyo de tecnolog\u00edas de neurociencia avanzada.\"}]},{\"@type\":\"WebSite\",\"@id\":\"https:\/\/tecnnova.org\/portafolio-de-capacidades\/#website\",\"url\":\"https:\/\/tecnnova.org\/portafolio-de-capacidades\/\",\"name\":\"Portafolio de capacidades - Tecnnova\",\"description\":\"\",\"publisher\":{\"@id\":\"https:\/\/tecnnova.org\/portafolio-de-capacidades\/#organization\"},\"potentialAction\":[{\"@type\":\"SearchAction\",\"target\":{\"@type\":\"EntryPoint\",\"urlTemplate\":\"https:\/\/tecnnova.org\/portafolio-de-capacidades\/?s={search_term_string}\"},\"query-input\":\"required name=search_term_string\"}],\"inLanguage\":\"es-CO\"},{\"@type\":\"Organization\",\"@id\":\"https:\/\/tecnnova.org\/portafolio-de-capacidades\/#organization\",\"name\":\"Portafolio de capacidades - Tecnnova\",\"url\":\"https:\/\/tecnnova.org\/portafolio-de-capacidades\/\",\"logo\":{\"@type\":\"ImageObject\",\"inLanguage\":\"es-CO\",\"@id\":\"https:\/\/tecnnova.org\/portafolio-de-capacidades\/#\/schema\/logo\/image\/\",\"url\":\"https:\/\/tecnnova.org\/portafolio-de-capacidades\/wp-content\/uploads\/2024\/07\/cropped-TECNNOVA-2022-02.png\",\"contentUrl\":\"https:\/\/tecnnova.org\/portafolio-de-capacidades\/wp-content\/uploads\/2024\/07\/cropped-TECNNOVA-2022-02.png\",\"width\":1609,\"height\":428,\"caption\":\"Portafolio de capacidades - Tecnnova\"},\"image\":{\"@id\":\"https:\/\/tecnnova.org\/portafolio-de-capacidades\/#\/schema\/logo\/image\/\"},\"sameAs\":[\"https:\/\/www.facebook.com\/Tecnnova_UEE-637591033015381\",\"https:\/\/x.com\/Tecnnova_UEE\"]}]}<\/script>\n<!-- \/ Yoast SEO plugin. -->","yoast_head_json":{"title":"Aplicar t\u00e9cnicas y protocolos de entrevista forense en investigaci\u00f3n de posibles delitos a v\u00edctimas, testigos y sospechosos, con el apoyo de tecnolog\u00edas de neurociencia avanzada. - Portafolio de capacidades - Tecnnova","robots":{"index":"index","follow":"follow","max-snippet":"max-snippet:-1","max-image-preview":"max-image-preview:large","max-video-preview":"max-video-preview:-1"},"canonical":"https:\/\/tecnnova.org\/portafolio-de-capacidades\/cultura-y-sociedad\/entrevista-forense-con-tecnolog\u00edas-de-neurociencia\/","og_locale":"es_ES","og_type":"article","og_title":"Aplicar t\u00e9cnicas y protocolos de entrevista forense en investigaci\u00f3n de posibles delitos a v\u00edctimas, testigos y sospechosos, con el apoyo de tecnolog\u00edas de neurociencia avanzada. - Portafolio de capacidades - Tecnnova","og_description":"Laboratorio de neurociencia","og_url":"https:\/\/tecnnova.org\/portafolio-de-capacidades\/cultura-y-sociedad\/entrevista-forense-con-tecnolog\u00edas-de-neurociencia\/","og_site_name":"Portafolio de capacidades - Tecnnova","article_publisher":"https:\/\/www.facebook.com\/Tecnnova_UEE-637591033015381","article_modified_time":"2024-08-16T21:37:32+00:00","og_image":[{"width":100,"height":100,"url":"https:\/\/tecnnova.org\/portafolio-de-capacidades\/wp-content\/uploads\/2024\/08\/iconorganizaciones.png","type":"image\/png"}],"twitter_card":"summary_large_image","twitter_site":"@Tecnnova_UEE","schema":{"@context":"https:\/\/schema.org","@graph":[{"@type":"WebPage","@id":"https:\/\/tecnnova.org\/portafolio-de-capacidades\/cultura-y-sociedad\/entrevista-forense-con-tecnolog\u00edas-de-neurociencia\/","url":"https:\/\/tecnnova.org\/portafolio-de-capacidades\/cultura-y-sociedad\/entrevista-forense-con-tecnolog\u00edas-de-neurociencia\/","name":"Aplicar t\u00e9cnicas y protocolos de entrevista forense en investigaci\u00f3n de posibles delitos a v\u00edctimas, testigos y sospechosos, con el apoyo de tecnolog\u00edas de neurociencia avanzada. - Portafolio de capacidades - Tecnnova","isPartOf":{"@id":"https:\/\/tecnnova.org\/portafolio-de-capacidades\/#website"},"primaryImageOfPage":{"@id":"https:\/\/tecnnova.org\/portafolio-de-capacidades\/cultura-y-sociedad\/entrevista-forense-con-tecnolog\u00edas-de-neurociencia\/#primaryimage"},"image":{"@id":"https:\/\/tecnnova.org\/portafolio-de-capacidades\/cultura-y-sociedad\/entrevista-forense-con-tecnolog\u00edas-de-neurociencia\/#primaryimage"},"thumbnailUrl":"https:\/\/tecnnova.org\/portafolio-de-capacidades\/wp-content\/uploads\/2024\/08\/iconorganizaciones.png","datePublished":"2024-08-16T21:37:27+00:00","dateModified":"2024-08-16T21:37:32+00:00","breadcrumb":{"@id":"https:\/\/tecnnova.org\/portafolio-de-capacidades\/cultura-y-sociedad\/entrevista-forense-con-tecnolog\u00edas-de-neurociencia\/#breadcrumb"},"inLanguage":"es-CO","potentialAction":[{"@type":"ReadAction","target":["https:\/\/tecnnova.org\/portafolio-de-capacidades\/cultura-y-sociedad\/entrevista-forense-con-tecnolog\u00edas-de-neurociencia\/"]}]},{"@type":"ImageObject","inLanguage":"es-CO","@id":"https:\/\/tecnnova.org\/portafolio-de-capacidades\/cultura-y-sociedad\/entrevista-forense-con-tecnolog\u00edas-de-neurociencia\/#primaryimage","url":"https:\/\/tecnnova.org\/portafolio-de-capacidades\/wp-content\/uploads\/2024\/08\/iconorganizaciones.png","contentUrl":"https:\/\/tecnnova.org\/portafolio-de-capacidades\/wp-content\/uploads\/2024\/08\/iconorganizaciones.png","width":100,"height":100},{"@type":"BreadcrumbList","@id":"https:\/\/tecnnova.org\/portafolio-de-capacidades\/cultura-y-sociedad\/entrevista-forense-con-tecnolog\u00edas-de-neurociencia\/#breadcrumb","itemListElement":[{"@type":"ListItem","position":1,"name":"Inicio","item":"https:\/\/tecnnova.org\/portafolio-de-capacidades\/"},{"@type":"ListItem","position":2,"name":"Portafolio de Capacidades","item":"https:\/\/tecnnova.org\/portafolio-de-capacidades\/"},{"@type":"ListItem","position":3,"name":"Aplicar t\u00e9cnicas y protocolos de entrevista forense en investigaci\u00f3n de posibles delitos a v\u00edctimas, testigos y sospechosos, con el apoyo de tecnolog\u00edas de neurociencia avanzada."}]},{"@type":"WebSite","@id":"https:\/\/tecnnova.org\/portafolio-de-capacidades\/#website","url":"https:\/\/tecnnova.org\/portafolio-de-capacidades\/","name":"Portafolio de capacidades - Tecnnova","description":"","publisher":{"@id":"https:\/\/tecnnova.org\/portafolio-de-capacidades\/#organization"},"potentialAction":[{"@type":"SearchAction","target":{"@type":"EntryPoint","urlTemplate":"https:\/\/tecnnova.org\/portafolio-de-capacidades\/?s={search_term_string}"},"query-input":"required name=search_term_string"}],"inLanguage":"es-CO"},{"@type":"Organization","@id":"https:\/\/tecnnova.org\/portafolio-de-capacidades\/#organization","name":"Portafolio de capacidades - Tecnnova","url":"https:\/\/tecnnova.org\/portafolio-de-capacidades\/","logo":{"@type":"ImageObject","inLanguage":"es-CO","@id":"https:\/\/tecnnova.org\/portafolio-de-capacidades\/#\/schema\/logo\/image\/","url":"https:\/\/tecnnova.org\/portafolio-de-capacidades\/wp-content\/uploads\/2024\/07\/cropped-TECNNOVA-2022-02.png","contentUrl":"https:\/\/tecnnova.org\/portafolio-de-capacidades\/wp-content\/uploads\/2024\/07\/cropped-TECNNOVA-2022-02.png","width":1609,"height":428,"caption":"Portafolio de capacidades - Tecnnova"},"image":{"@id":"https:\/\/tecnnova.org\/portafolio-de-capacidades\/#\/schema\/logo\/image\/"},"sameAs":["https:\/\/www.facebook.com\/Tecnnova_UEE-637591033015381","https:\/\/x.com\/Tecnnova_UEE"]}]}},"_links":{"self":[{"href":"https:\/\/tecnnova.org\/portafolio-de-capacidades\/wp-json\/wp\/v2\/product\/2059","targetHints":{"allow":["GET"]}}],"collection":[{"href":"https:\/\/tecnnova.org\/portafolio-de-capacidades\/wp-json\/wp\/v2\/product"}],"about":[{"href":"https:\/\/tecnnova.org\/portafolio-de-capacidades\/wp-json\/wp\/v2\/types\/product"}],"version-history":[{"count":1,"href":"https:\/\/tecnnova.org\/portafolio-de-capacidades\/wp-json\/wp\/v2\/product\/2059\/revisions"}],"predecessor-version":[{"id":2089,"href":"https:\/\/tecnnova.org\/portafolio-de-capacidades\/wp-json\/wp\/v2\/product\/2059\/revisions\/2089"}],"wp:featuredmedia":[{"embeddable":true,"href":"https:\/\/tecnnova.org\/portafolio-de-capacidades\/wp-json\/wp\/v2\/media\/904"}],"wp:attachment":[{"href":"https:\/\/tecnnova.org\/portafolio-de-capacidades\/wp-json\/wp\/v2\/media?parent=2059"}],"wp:term":[{"taxonomy":"product_cat","embeddable":true,"href":"https:\/\/tecnnova.org\/portafolio-de-capacidades\/wp-json\/wp\/v2\/product_cat?post=2059"},{"taxonomy":"product_tag","embeddable":true,"href":"https:\/\/tecnnova.org\/portafolio-de-capacidades\/wp-json\/wp\/v2\/product_tag?post=2059"}],"curies":[{"name":"wp","href":"https:\/\/api.w.org\/{rel}","templated":true}]}}