{"id":2116,"date":"2024-08-16T16:37:35","date_gmt":"2024-08-16T21:37:35","guid":{"rendered":"https:\/\/tecnnova.org\/portafolio-de-capacidades\/?post_type=product&#038;p=2116"},"modified":"2024-08-16T16:37:40","modified_gmt":"2024-08-16T21:37:40","slug":"redactar-textos-juridicos-en-cuanto-a-conceptos-y-acciones-constitucionales-con-tecnica-interpretativa-y-argumentativa-de-actualidad","status":"publish","type":"product","link":"https:\/\/tecnnova.org\/portafolio-de-capacidades\/cultura-y-sociedad\/redacci\u00f3n-de-textos-jur\u00eddicos-en-conceptos-y-acciones\/","title":{"rendered":"Redactar textos jur\u00eddicos en cuanto a conceptos y acciones constitucionales con t\u00e9cnica interpretativa y argumentativa de actualidad"},"content":{"rendered":"<p>Contribuci\u00f3n al campo de conocimiento espec\u00edfico y colaboraci\u00f3n la cuadruple helice<\/p>\n","protected":false},"excerpt":{"rendered":"<p>Contribuci\u00f3n al campo de conocimiento espec\u00edfico y colaboraci\u00f3n la cuadruple helice<\/p>\n","protected":false},"featured_media":905,"template":"","meta":{"_acf_changed":false},"product_cat":[2629],"product_tag":[4640,4641,4612,4569,4642,4643,4572,4644,4645,4575,4646,4647,4648,2578],"class_list":{"0":"post-2116","1":"product","2":"type-product","3":"status-publish","4":"has-post-thumbnail","6":"product_cat-cultura-y-sociedad","7":"product_tag-acciones-constitucionales","8":"product_tag-actualidad-legal","9":"product_tag-argumentacion-juridica","10":"product_tag-asesorias-juridicas","11":"product_tag-conceptos-constitucionales","12":"product_tag-derecho-constitucional","13":"product_tag-derecho-procesal","14":"product_tag-documentos-legales","15":"product_tag-interpretacion-de-leyes","16":"product_tag-procesal","17":"product_tag-redaccion-de-textos","18":"product_tag-redaccion-juridica","19":"product_tag-tecnica-interpretativa","20":"product_tag-tecnnova","22":"first","23":"instock","24":"shipping-taxable","25":"product-type-simple"},"acf":[],"yoast_head":"<!-- This site is optimized with the Yoast SEO plugin v23.3 - https:\/\/yoast.com\/wordpress\/plugins\/seo\/ -->\n<title>Redactar textos jur\u00eddicos en cuanto a conceptos y acciones constitucionales con t\u00e9cnica interpretativa y argumentativa de actualidad - Portafolio de capacidades - Tecnnova<\/title>\n<meta name=\"robots\" content=\"index, follow, max-snippet:-1, max-image-preview:large, max-video-preview:-1\" \/>\n<link rel=\"canonical\" href=\"https:\/\/tecnnova.org\/portafolio-de-capacidades\/cultura-y-sociedad\/redacci\u00f3n-de-textos-jur\u00eddicos-en-conceptos-y-acciones\/\" \/>\n<meta property=\"og:locale\" content=\"es_ES\" \/>\n<meta property=\"og:type\" content=\"article\" \/>\n<meta property=\"og:title\" content=\"Redactar textos jur\u00eddicos en cuanto a conceptos y acciones constitucionales con t\u00e9cnica interpretativa y argumentativa de actualidad - Portafolio de capacidades - Tecnnova\" \/>\n<meta property=\"og:description\" content=\"Contribuci\u00f3n al campo de conocimiento espec\u00edfico y colaboraci\u00f3n la cuadruple helice\" \/>\n<meta property=\"og:url\" content=\"https:\/\/tecnnova.org\/portafolio-de-capacidades\/cultura-y-sociedad\/redacci\u00f3n-de-textos-jur\u00eddicos-en-conceptos-y-acciones\/\" \/>\n<meta property=\"og:site_name\" content=\"Portafolio de capacidades - Tecnnova\" \/>\n<meta property=\"article:publisher\" content=\"https:\/\/www.facebook.com\/Tecnnova_UEE-637591033015381\" \/>\n<meta property=\"article:modified_time\" content=\"2024-08-16T21:37:40+00:00\" \/>\n<meta property=\"og:image\" content=\"https:\/\/tecnnova.org\/portafolio-de-capacidades\/wp-content\/uploads\/2024\/08\/iconcultura.png\" \/>\n\t<meta property=\"og:image:width\" content=\"100\" \/>\n\t<meta property=\"og:image:height\" content=\"100\" \/>\n\t<meta property=\"og:image:type\" content=\"image\/png\" \/>\n<meta name=\"twitter:card\" content=\"summary_large_image\" \/>\n<meta name=\"twitter:site\" content=\"@Tecnnova_UEE\" \/>\n<script type=\"application\/ld+json\" class=\"yoast-schema-graph\">{\"@context\":\"https:\/\/schema.org\",\"@graph\":[{\"@type\":\"WebPage\",\"@id\":\"https:\/\/tecnnova.org\/portafolio-de-capacidades\/cultura-y-sociedad\/redacci\u00f3n-de-textos-jur\u00eddicos-en-conceptos-y-acciones\/\",\"url\":\"https:\/\/tecnnova.org\/portafolio-de-capacidades\/cultura-y-sociedad\/redacci\u00f3n-de-textos-jur\u00eddicos-en-conceptos-y-acciones\/\",\"name\":\"Redactar textos jur\u00eddicos en cuanto a conceptos y acciones constitucionales con t\u00e9cnica interpretativa y argumentativa de actualidad - Portafolio de capacidades - Tecnnova\",\"isPartOf\":{\"@id\":\"https:\/\/tecnnova.org\/portafolio-de-capacidades\/#website\"},\"primaryImageOfPage\":{\"@id\":\"https:\/\/tecnnova.org\/portafolio-de-capacidades\/cultura-y-sociedad\/redacci\u00f3n-de-textos-jur\u00eddicos-en-conceptos-y-acciones\/#primaryimage\"},\"image\":{\"@id\":\"https:\/\/tecnnova.org\/portafolio-de-capacidades\/cultura-y-sociedad\/redacci\u00f3n-de-textos-jur\u00eddicos-en-conceptos-y-acciones\/#primaryimage\"},\"thumbnailUrl\":\"https:\/\/tecnnova.org\/portafolio-de-capacidades\/wp-content\/uploads\/2024\/08\/iconcultura.png\",\"datePublished\":\"2024-08-16T21:37:35+00:00\",\"dateModified\":\"2024-08-16T21:37:40+00:00\",\"breadcrumb\":{\"@id\":\"https:\/\/tecnnova.org\/portafolio-de-capacidades\/cultura-y-sociedad\/redacci\u00f3n-de-textos-jur\u00eddicos-en-conceptos-y-acciones\/#breadcrumb\"},\"inLanguage\":\"es-CO\",\"potentialAction\":[{\"@type\":\"ReadAction\",\"target\":[\"https:\/\/tecnnova.org\/portafolio-de-capacidades\/cultura-y-sociedad\/redacci\u00f3n-de-textos-jur\u00eddicos-en-conceptos-y-acciones\/\"]}]},{\"@type\":\"ImageObject\",\"inLanguage\":\"es-CO\",\"@id\":\"https:\/\/tecnnova.org\/portafolio-de-capacidades\/cultura-y-sociedad\/redacci\u00f3n-de-textos-jur\u00eddicos-en-conceptos-y-acciones\/#primaryimage\",\"url\":\"https:\/\/tecnnova.org\/portafolio-de-capacidades\/wp-content\/uploads\/2024\/08\/iconcultura.png\",\"contentUrl\":\"https:\/\/tecnnova.org\/portafolio-de-capacidades\/wp-content\/uploads\/2024\/08\/iconcultura.png\",\"width\":100,\"height\":100},{\"@type\":\"BreadcrumbList\",\"@id\":\"https:\/\/tecnnova.org\/portafolio-de-capacidades\/cultura-y-sociedad\/redacci\u00f3n-de-textos-jur\u00eddicos-en-conceptos-y-acciones\/#breadcrumb\",\"itemListElement\":[{\"@type\":\"ListItem\",\"position\":1,\"name\":\"Inicio\",\"item\":\"https:\/\/tecnnova.org\/portafolio-de-capacidades\/\"},{\"@type\":\"ListItem\",\"position\":2,\"name\":\"Portafolio de Capacidades\",\"item\":\"https:\/\/tecnnova.org\/portafolio-de-capacidades\/\"},{\"@type\":\"ListItem\",\"position\":3,\"name\":\"Redactar textos jur\u00eddicos en cuanto a conceptos y acciones constitucionales con t\u00e9cnica interpretativa y argumentativa de actualidad\"}]},{\"@type\":\"WebSite\",\"@id\":\"https:\/\/tecnnova.org\/portafolio-de-capacidades\/#website\",\"url\":\"https:\/\/tecnnova.org\/portafolio-de-capacidades\/\",\"name\":\"Portafolio de capacidades - Tecnnova\",\"description\":\"\",\"publisher\":{\"@id\":\"https:\/\/tecnnova.org\/portafolio-de-capacidades\/#organization\"},\"potentialAction\":[{\"@type\":\"SearchAction\",\"target\":{\"@type\":\"EntryPoint\",\"urlTemplate\":\"https:\/\/tecnnova.org\/portafolio-de-capacidades\/?s={search_term_string}\"},\"query-input\":\"required name=search_term_string\"}],\"inLanguage\":\"es-CO\"},{\"@type\":\"Organization\",\"@id\":\"https:\/\/tecnnova.org\/portafolio-de-capacidades\/#organization\",\"name\":\"Portafolio de capacidades - Tecnnova\",\"url\":\"https:\/\/tecnnova.org\/portafolio-de-capacidades\/\",\"logo\":{\"@type\":\"ImageObject\",\"inLanguage\":\"es-CO\",\"@id\":\"https:\/\/tecnnova.org\/portafolio-de-capacidades\/#\/schema\/logo\/image\/\",\"url\":\"https:\/\/tecnnova.org\/portafolio-de-capacidades\/wp-content\/uploads\/2024\/07\/cropped-TECNNOVA-2022-02.png\",\"contentUrl\":\"https:\/\/tecnnova.org\/portafolio-de-capacidades\/wp-content\/uploads\/2024\/07\/cropped-TECNNOVA-2022-02.png\",\"width\":1609,\"height\":428,\"caption\":\"Portafolio de capacidades - Tecnnova\"},\"image\":{\"@id\":\"https:\/\/tecnnova.org\/portafolio-de-capacidades\/#\/schema\/logo\/image\/\"},\"sameAs\":[\"https:\/\/www.facebook.com\/Tecnnova_UEE-637591033015381\",\"https:\/\/x.com\/Tecnnova_UEE\"]}]}<\/script>\n<!-- \/ Yoast SEO plugin. -->","yoast_head_json":{"title":"Redactar textos jur\u00eddicos en cuanto a conceptos y acciones constitucionales con t\u00e9cnica interpretativa y argumentativa de actualidad - Portafolio de capacidades - Tecnnova","robots":{"index":"index","follow":"follow","max-snippet":"max-snippet:-1","max-image-preview":"max-image-preview:large","max-video-preview":"max-video-preview:-1"},"canonical":"https:\/\/tecnnova.org\/portafolio-de-capacidades\/cultura-y-sociedad\/redacci\u00f3n-de-textos-jur\u00eddicos-en-conceptos-y-acciones\/","og_locale":"es_ES","og_type":"article","og_title":"Redactar textos jur\u00eddicos en cuanto a conceptos y acciones constitucionales con t\u00e9cnica interpretativa y argumentativa de actualidad - Portafolio de capacidades - Tecnnova","og_description":"Contribuci\u00f3n al campo de conocimiento espec\u00edfico y colaboraci\u00f3n la cuadruple helice","og_url":"https:\/\/tecnnova.org\/portafolio-de-capacidades\/cultura-y-sociedad\/redacci\u00f3n-de-textos-jur\u00eddicos-en-conceptos-y-acciones\/","og_site_name":"Portafolio de capacidades - Tecnnova","article_publisher":"https:\/\/www.facebook.com\/Tecnnova_UEE-637591033015381","article_modified_time":"2024-08-16T21:37:40+00:00","og_image":[{"width":100,"height":100,"url":"https:\/\/tecnnova.org\/portafolio-de-capacidades\/wp-content\/uploads\/2024\/08\/iconcultura.png","type":"image\/png"}],"twitter_card":"summary_large_image","twitter_site":"@Tecnnova_UEE","schema":{"@context":"https:\/\/schema.org","@graph":[{"@type":"WebPage","@id":"https:\/\/tecnnova.org\/portafolio-de-capacidades\/cultura-y-sociedad\/redacci\u00f3n-de-textos-jur\u00eddicos-en-conceptos-y-acciones\/","url":"https:\/\/tecnnova.org\/portafolio-de-capacidades\/cultura-y-sociedad\/redacci\u00f3n-de-textos-jur\u00eddicos-en-conceptos-y-acciones\/","name":"Redactar textos jur\u00eddicos en cuanto a conceptos y acciones constitucionales con t\u00e9cnica interpretativa y argumentativa de actualidad - Portafolio de capacidades - Tecnnova","isPartOf":{"@id":"https:\/\/tecnnova.org\/portafolio-de-capacidades\/#website"},"primaryImageOfPage":{"@id":"https:\/\/tecnnova.org\/portafolio-de-capacidades\/cultura-y-sociedad\/redacci\u00f3n-de-textos-jur\u00eddicos-en-conceptos-y-acciones\/#primaryimage"},"image":{"@id":"https:\/\/tecnnova.org\/portafolio-de-capacidades\/cultura-y-sociedad\/redacci\u00f3n-de-textos-jur\u00eddicos-en-conceptos-y-acciones\/#primaryimage"},"thumbnailUrl":"https:\/\/tecnnova.org\/portafolio-de-capacidades\/wp-content\/uploads\/2024\/08\/iconcultura.png","datePublished":"2024-08-16T21:37:35+00:00","dateModified":"2024-08-16T21:37:40+00:00","breadcrumb":{"@id":"https:\/\/tecnnova.org\/portafolio-de-capacidades\/cultura-y-sociedad\/redacci\u00f3n-de-textos-jur\u00eddicos-en-conceptos-y-acciones\/#breadcrumb"},"inLanguage":"es-CO","potentialAction":[{"@type":"ReadAction","target":["https:\/\/tecnnova.org\/portafolio-de-capacidades\/cultura-y-sociedad\/redacci\u00f3n-de-textos-jur\u00eddicos-en-conceptos-y-acciones\/"]}]},{"@type":"ImageObject","inLanguage":"es-CO","@id":"https:\/\/tecnnova.org\/portafolio-de-capacidades\/cultura-y-sociedad\/redacci\u00f3n-de-textos-jur\u00eddicos-en-conceptos-y-acciones\/#primaryimage","url":"https:\/\/tecnnova.org\/portafolio-de-capacidades\/wp-content\/uploads\/2024\/08\/iconcultura.png","contentUrl":"https:\/\/tecnnova.org\/portafolio-de-capacidades\/wp-content\/uploads\/2024\/08\/iconcultura.png","width":100,"height":100},{"@type":"BreadcrumbList","@id":"https:\/\/tecnnova.org\/portafolio-de-capacidades\/cultura-y-sociedad\/redacci\u00f3n-de-textos-jur\u00eddicos-en-conceptos-y-acciones\/#breadcrumb","itemListElement":[{"@type":"ListItem","position":1,"name":"Inicio","item":"https:\/\/tecnnova.org\/portafolio-de-capacidades\/"},{"@type":"ListItem","position":2,"name":"Portafolio de Capacidades","item":"https:\/\/tecnnova.org\/portafolio-de-capacidades\/"},{"@type":"ListItem","position":3,"name":"Redactar textos jur\u00eddicos en cuanto a conceptos y acciones constitucionales con t\u00e9cnica interpretativa y argumentativa de actualidad"}]},{"@type":"WebSite","@id":"https:\/\/tecnnova.org\/portafolio-de-capacidades\/#website","url":"https:\/\/tecnnova.org\/portafolio-de-capacidades\/","name":"Portafolio de capacidades - Tecnnova","description":"","publisher":{"@id":"https:\/\/tecnnova.org\/portafolio-de-capacidades\/#organization"},"potentialAction":[{"@type":"SearchAction","target":{"@type":"EntryPoint","urlTemplate":"https:\/\/tecnnova.org\/portafolio-de-capacidades\/?s={search_term_string}"},"query-input":"required name=search_term_string"}],"inLanguage":"es-CO"},{"@type":"Organization","@id":"https:\/\/tecnnova.org\/portafolio-de-capacidades\/#organization","name":"Portafolio de capacidades - Tecnnova","url":"https:\/\/tecnnova.org\/portafolio-de-capacidades\/","logo":{"@type":"ImageObject","inLanguage":"es-CO","@id":"https:\/\/tecnnova.org\/portafolio-de-capacidades\/#\/schema\/logo\/image\/","url":"https:\/\/tecnnova.org\/portafolio-de-capacidades\/wp-content\/uploads\/2024\/07\/cropped-TECNNOVA-2022-02.png","contentUrl":"https:\/\/tecnnova.org\/portafolio-de-capacidades\/wp-content\/uploads\/2024\/07\/cropped-TECNNOVA-2022-02.png","width":1609,"height":428,"caption":"Portafolio de capacidades - Tecnnova"},"image":{"@id":"https:\/\/tecnnova.org\/portafolio-de-capacidades\/#\/schema\/logo\/image\/"},"sameAs":["https:\/\/www.facebook.com\/Tecnnova_UEE-637591033015381","https:\/\/x.com\/Tecnnova_UEE"]}]}},"_links":{"self":[{"href":"https:\/\/tecnnova.org\/portafolio-de-capacidades\/wp-json\/wp\/v2\/product\/2116","targetHints":{"allow":["GET"]}}],"collection":[{"href":"https:\/\/tecnnova.org\/portafolio-de-capacidades\/wp-json\/wp\/v2\/product"}],"about":[{"href":"https:\/\/tecnnova.org\/portafolio-de-capacidades\/wp-json\/wp\/v2\/types\/product"}],"version-history":[{"count":1,"href":"https:\/\/tecnnova.org\/portafolio-de-capacidades\/wp-json\/wp\/v2\/product\/2116\/revisions"}],"predecessor-version":[{"id":2146,"href":"https:\/\/tecnnova.org\/portafolio-de-capacidades\/wp-json\/wp\/v2\/product\/2116\/revisions\/2146"}],"wp:featuredmedia":[{"embeddable":true,"href":"https:\/\/tecnnova.org\/portafolio-de-capacidades\/wp-json\/wp\/v2\/media\/905"}],"wp:attachment":[{"href":"https:\/\/tecnnova.org\/portafolio-de-capacidades\/wp-json\/wp\/v2\/media?parent=2116"}],"wp:term":[{"taxonomy":"product_cat","embeddable":true,"href":"https:\/\/tecnnova.org\/portafolio-de-capacidades\/wp-json\/wp\/v2\/product_cat?post=2116"},{"taxonomy":"product_tag","embeddable":true,"href":"https:\/\/tecnnova.org\/portafolio-de-capacidades\/wp-json\/wp\/v2\/product_tag?post=2116"}],"curies":[{"name":"wp","href":"https:\/\/api.w.org\/{rel}","templated":true}]}}