{"id":2236,"date":"2024-08-16T16:37:50","date_gmt":"2024-08-16T21:37:50","guid":{"rendered":"https:\/\/tecnnova.org\/portafolio-de-capacidades\/?post_type=product&#038;p=2236"},"modified":"2024-08-16T16:37:54","modified_gmt":"2024-08-16T21:37:54","slug":"desarrollar-estrategias-de-gestion-de-la-sostenibilidad-y-economia-circular-en-el-sector-de-la-construccion-incluye-gestion-de-residuos-de-construccion-y-demolicion-rcd-y-residuos-solidos-industria","status":"publish","type":"product","link":"https:\/\/tecnnova.org\/portafolio-de-capacidades\/naturaleza-y-recursos\/estrategias-de-sostenibilidad-y-econom\u00eda-circular-en-construcci\u00f3n\/","title":{"rendered":"Desarrollar estrategias de gesti\u00f3n de la sostenibilidad y econom\u00eda circular en el sector de la construcci\u00f3n, incluye gesti\u00f3n de Residuos de Construcci\u00f3n y Demolici\u00f3n (RCD) y Residuos s\u00f3lidos Industriales; sistemas de certificaci\u00f3n en sostenibilidad en edificaci\u00f3n e infraestructura."},"content":{"rendered":"<p>Experiencia en economia Circular y huell de carbono. <\/p>\n","protected":false},"excerpt":{"rendered":"<p>Experiencia en economia Circular y huell de carbono.<\/p>\n","protected":false},"featured_media":903,"template":"","meta":{"_acf_changed":false},"product_cat":[2579],"product_tag":[4906,3955,4079,4907,3360,2648,4196,4491,4755,4197,3264,4872,2626,2578],"class_list":{"0":"post-2236","1":"product","2":"type-product","3":"status-publish","4":"has-post-thumbnail","6":"product_cat-naturaleza-y-recursos","7":"product_tag-certificacion","8":"product_tag-construccion","9":"product_tag-economia-circular","10":"product_tag-edificacion","11":"product_tag-estrategias","12":"product_tag-gestion","13":"product_tag-gici","14":"product_tag-gis","15":"product_tag-infraestructura","16":"product_tag-ingenieria-civil","17":"product_tag-reciclaje","18":"product_tag-residuos","19":"product_tag-sostenibilidad","20":"product_tag-tecnnova","22":"first","23":"instock","24":"shipping-taxable","25":"product-type-simple"},"acf":[],"yoast_head":"<!-- This site is optimized with the Yoast SEO plugin v23.3 - https:\/\/yoast.com\/wordpress\/plugins\/seo\/ -->\n<title>Desarrollar estrategias de gesti\u00f3n de la sostenibilidad y econom\u00eda circular en el sector de la construcci\u00f3n, incluye gesti\u00f3n de Residuos de Construcci\u00f3n y Demolici\u00f3n (RCD) y Residuos s\u00f3lidos Industriales; sistemas de certificaci\u00f3n en sostenibilidad en edificaci\u00f3n e infraestructura. - Portafolio de capacidades - Tecnnova<\/title>\n<meta name=\"robots\" content=\"index, follow, max-snippet:-1, max-image-preview:large, max-video-preview:-1\" \/>\n<link rel=\"canonical\" href=\"https:\/\/tecnnova.org\/portafolio-de-capacidades\/naturaleza-y-recursos\/estrategias-de-sostenibilidad-y-econom\u00eda-circular-en-construcci\u00f3n\/\" \/>\n<meta property=\"og:locale\" content=\"es_ES\" \/>\n<meta property=\"og:type\" content=\"article\" \/>\n<meta property=\"og:title\" content=\"Desarrollar estrategias de gesti\u00f3n de la sostenibilidad y econom\u00eda circular en el sector de la construcci\u00f3n, incluye gesti\u00f3n de Residuos de Construcci\u00f3n y Demolici\u00f3n (RCD) y Residuos s\u00f3lidos Industriales; sistemas de certificaci\u00f3n en sostenibilidad en edificaci\u00f3n e infraestructura. - Portafolio de capacidades - Tecnnova\" \/>\n<meta property=\"og:description\" content=\"Experiencia en economia Circular y huell de carbono.\" \/>\n<meta property=\"og:url\" content=\"https:\/\/tecnnova.org\/portafolio-de-capacidades\/naturaleza-y-recursos\/estrategias-de-sostenibilidad-y-econom\u00eda-circular-en-construcci\u00f3n\/\" \/>\n<meta property=\"og:site_name\" content=\"Portafolio de capacidades - Tecnnova\" \/>\n<meta property=\"article:publisher\" content=\"https:\/\/www.facebook.com\/Tecnnova_UEE-637591033015381\" \/>\n<meta property=\"article:modified_time\" content=\"2024-08-16T21:37:54+00:00\" \/>\n<meta property=\"og:image\" content=\"https:\/\/tecnnova.org\/portafolio-de-capacidades\/wp-content\/uploads\/2024\/08\/iconnaturalezayrecursos.png\" \/>\n\t<meta property=\"og:image:width\" content=\"100\" \/>\n\t<meta property=\"og:image:height\" content=\"100\" \/>\n\t<meta property=\"og:image:type\" content=\"image\/png\" \/>\n<meta name=\"twitter:card\" content=\"summary_large_image\" \/>\n<meta name=\"twitter:site\" content=\"@Tecnnova_UEE\" \/>\n<script type=\"application\/ld+json\" class=\"yoast-schema-graph\">{\"@context\":\"https:\/\/schema.org\",\"@graph\":[{\"@type\":\"WebPage\",\"@id\":\"https:\/\/tecnnova.org\/portafolio-de-capacidades\/naturaleza-y-recursos\/estrategias-de-sostenibilidad-y-econom\u00eda-circular-en-construcci\u00f3n\/\",\"url\":\"https:\/\/tecnnova.org\/portafolio-de-capacidades\/naturaleza-y-recursos\/estrategias-de-sostenibilidad-y-econom\u00eda-circular-en-construcci\u00f3n\/\",\"name\":\"Desarrollar estrategias de gesti\u00f3n de la sostenibilidad y econom\u00eda circular en el sector de la construcci\u00f3n, incluye gesti\u00f3n de Residuos de Construcci\u00f3n y Demolici\u00f3n (RCD) y Residuos s\u00f3lidos Industriales; sistemas de certificaci\u00f3n en sostenibilidad en edificaci\u00f3n e infraestructura. - Portafolio de capacidades - Tecnnova\",\"isPartOf\":{\"@id\":\"https:\/\/tecnnova.org\/portafolio-de-capacidades\/#website\"},\"primaryImageOfPage\":{\"@id\":\"https:\/\/tecnnova.org\/portafolio-de-capacidades\/naturaleza-y-recursos\/estrategias-de-sostenibilidad-y-econom\u00eda-circular-en-construcci\u00f3n\/#primaryimage\"},\"image\":{\"@id\":\"https:\/\/tecnnova.org\/portafolio-de-capacidades\/naturaleza-y-recursos\/estrategias-de-sostenibilidad-y-econom\u00eda-circular-en-construcci\u00f3n\/#primaryimage\"},\"thumbnailUrl\":\"https:\/\/tecnnova.org\/portafolio-de-capacidades\/wp-content\/uploads\/2024\/08\/iconnaturalezayrecursos.png\",\"datePublished\":\"2024-08-16T21:37:50+00:00\",\"dateModified\":\"2024-08-16T21:37:54+00:00\",\"breadcrumb\":{\"@id\":\"https:\/\/tecnnova.org\/portafolio-de-capacidades\/naturaleza-y-recursos\/estrategias-de-sostenibilidad-y-econom\u00eda-circular-en-construcci\u00f3n\/#breadcrumb\"},\"inLanguage\":\"es-CO\",\"potentialAction\":[{\"@type\":\"ReadAction\",\"target\":[\"https:\/\/tecnnova.org\/portafolio-de-capacidades\/naturaleza-y-recursos\/estrategias-de-sostenibilidad-y-econom\u00eda-circular-en-construcci\u00f3n\/\"]}]},{\"@type\":\"ImageObject\",\"inLanguage\":\"es-CO\",\"@id\":\"https:\/\/tecnnova.org\/portafolio-de-capacidades\/naturaleza-y-recursos\/estrategias-de-sostenibilidad-y-econom\u00eda-circular-en-construcci\u00f3n\/#primaryimage\",\"url\":\"https:\/\/tecnnova.org\/portafolio-de-capacidades\/wp-content\/uploads\/2024\/08\/iconnaturalezayrecursos.png\",\"contentUrl\":\"https:\/\/tecnnova.org\/portafolio-de-capacidades\/wp-content\/uploads\/2024\/08\/iconnaturalezayrecursos.png\",\"width\":100,\"height\":100},{\"@type\":\"BreadcrumbList\",\"@id\":\"https:\/\/tecnnova.org\/portafolio-de-capacidades\/naturaleza-y-recursos\/estrategias-de-sostenibilidad-y-econom\u00eda-circular-en-construcci\u00f3n\/#breadcrumb\",\"itemListElement\":[{\"@type\":\"ListItem\",\"position\":1,\"name\":\"Inicio\",\"item\":\"https:\/\/tecnnova.org\/portafolio-de-capacidades\/\"},{\"@type\":\"ListItem\",\"position\":2,\"name\":\"Portafolio de Capacidades\",\"item\":\"https:\/\/tecnnova.org\/portafolio-de-capacidades\/\"},{\"@type\":\"ListItem\",\"position\":3,\"name\":\"Desarrollar estrategias de gesti\u00f3n de la sostenibilidad y econom\u00eda circular en el sector de la construcci\u00f3n, incluye gesti\u00f3n de Residuos de Construcci\u00f3n y Demolici\u00f3n (RCD) y Residuos s\u00f3lidos Industriales; sistemas de certificaci\u00f3n en sostenibilidad en edificaci\u00f3n e infraestructura.\"}]},{\"@type\":\"WebSite\",\"@id\":\"https:\/\/tecnnova.org\/portafolio-de-capacidades\/#website\",\"url\":\"https:\/\/tecnnova.org\/portafolio-de-capacidades\/\",\"name\":\"Portafolio de capacidades - Tecnnova\",\"description\":\"\",\"publisher\":{\"@id\":\"https:\/\/tecnnova.org\/portafolio-de-capacidades\/#organization\"},\"potentialAction\":[{\"@type\":\"SearchAction\",\"target\":{\"@type\":\"EntryPoint\",\"urlTemplate\":\"https:\/\/tecnnova.org\/portafolio-de-capacidades\/?s={search_term_string}\"},\"query-input\":\"required name=search_term_string\"}],\"inLanguage\":\"es-CO\"},{\"@type\":\"Organization\",\"@id\":\"https:\/\/tecnnova.org\/portafolio-de-capacidades\/#organization\",\"name\":\"Portafolio de capacidades - Tecnnova\",\"url\":\"https:\/\/tecnnova.org\/portafolio-de-capacidades\/\",\"logo\":{\"@type\":\"ImageObject\",\"inLanguage\":\"es-CO\",\"@id\":\"https:\/\/tecnnova.org\/portafolio-de-capacidades\/#\/schema\/logo\/image\/\",\"url\":\"https:\/\/tecnnova.org\/portafolio-de-capacidades\/wp-content\/uploads\/2024\/07\/cropped-TECNNOVA-2022-02.png\",\"contentUrl\":\"https:\/\/tecnnova.org\/portafolio-de-capacidades\/wp-content\/uploads\/2024\/07\/cropped-TECNNOVA-2022-02.png\",\"width\":1609,\"height\":428,\"caption\":\"Portafolio de capacidades - Tecnnova\"},\"image\":{\"@id\":\"https:\/\/tecnnova.org\/portafolio-de-capacidades\/#\/schema\/logo\/image\/\"},\"sameAs\":[\"https:\/\/www.facebook.com\/Tecnnova_UEE-637591033015381\",\"https:\/\/x.com\/Tecnnova_UEE\"]}]}<\/script>\n<!-- \/ Yoast SEO plugin. -->","yoast_head_json":{"title":"Desarrollar estrategias de gesti\u00f3n de la sostenibilidad y econom\u00eda circular en el sector de la construcci\u00f3n, incluye gesti\u00f3n de Residuos de Construcci\u00f3n y Demolici\u00f3n (RCD) y Residuos s\u00f3lidos Industriales; sistemas de certificaci\u00f3n en sostenibilidad en edificaci\u00f3n e infraestructura. - Portafolio de capacidades - Tecnnova","robots":{"index":"index","follow":"follow","max-snippet":"max-snippet:-1","max-image-preview":"max-image-preview:large","max-video-preview":"max-video-preview:-1"},"canonical":"https:\/\/tecnnova.org\/portafolio-de-capacidades\/naturaleza-y-recursos\/estrategias-de-sostenibilidad-y-econom\u00eda-circular-en-construcci\u00f3n\/","og_locale":"es_ES","og_type":"article","og_title":"Desarrollar estrategias de gesti\u00f3n de la sostenibilidad y econom\u00eda circular en el sector de la construcci\u00f3n, incluye gesti\u00f3n de Residuos de Construcci\u00f3n y Demolici\u00f3n (RCD) y Residuos s\u00f3lidos Industriales; sistemas de certificaci\u00f3n en sostenibilidad en edificaci\u00f3n e infraestructura. - Portafolio de capacidades - Tecnnova","og_description":"Experiencia en economia Circular y huell de carbono.","og_url":"https:\/\/tecnnova.org\/portafolio-de-capacidades\/naturaleza-y-recursos\/estrategias-de-sostenibilidad-y-econom\u00eda-circular-en-construcci\u00f3n\/","og_site_name":"Portafolio de capacidades - Tecnnova","article_publisher":"https:\/\/www.facebook.com\/Tecnnova_UEE-637591033015381","article_modified_time":"2024-08-16T21:37:54+00:00","og_image":[{"width":100,"height":100,"url":"https:\/\/tecnnova.org\/portafolio-de-capacidades\/wp-content\/uploads\/2024\/08\/iconnaturalezayrecursos.png","type":"image\/png"}],"twitter_card":"summary_large_image","twitter_site":"@Tecnnova_UEE","schema":{"@context":"https:\/\/schema.org","@graph":[{"@type":"WebPage","@id":"https:\/\/tecnnova.org\/portafolio-de-capacidades\/naturaleza-y-recursos\/estrategias-de-sostenibilidad-y-econom\u00eda-circular-en-construcci\u00f3n\/","url":"https:\/\/tecnnova.org\/portafolio-de-capacidades\/naturaleza-y-recursos\/estrategias-de-sostenibilidad-y-econom\u00eda-circular-en-construcci\u00f3n\/","name":"Desarrollar estrategias de gesti\u00f3n de la sostenibilidad y econom\u00eda circular en el sector de la construcci\u00f3n, incluye gesti\u00f3n de Residuos de Construcci\u00f3n y Demolici\u00f3n (RCD) y Residuos s\u00f3lidos Industriales; sistemas de certificaci\u00f3n en sostenibilidad en edificaci\u00f3n e infraestructura. - Portafolio de capacidades - Tecnnova","isPartOf":{"@id":"https:\/\/tecnnova.org\/portafolio-de-capacidades\/#website"},"primaryImageOfPage":{"@id":"https:\/\/tecnnova.org\/portafolio-de-capacidades\/naturaleza-y-recursos\/estrategias-de-sostenibilidad-y-econom\u00eda-circular-en-construcci\u00f3n\/#primaryimage"},"image":{"@id":"https:\/\/tecnnova.org\/portafolio-de-capacidades\/naturaleza-y-recursos\/estrategias-de-sostenibilidad-y-econom\u00eda-circular-en-construcci\u00f3n\/#primaryimage"},"thumbnailUrl":"https:\/\/tecnnova.org\/portafolio-de-capacidades\/wp-content\/uploads\/2024\/08\/iconnaturalezayrecursos.png","datePublished":"2024-08-16T21:37:50+00:00","dateModified":"2024-08-16T21:37:54+00:00","breadcrumb":{"@id":"https:\/\/tecnnova.org\/portafolio-de-capacidades\/naturaleza-y-recursos\/estrategias-de-sostenibilidad-y-econom\u00eda-circular-en-construcci\u00f3n\/#breadcrumb"},"inLanguage":"es-CO","potentialAction":[{"@type":"ReadAction","target":["https:\/\/tecnnova.org\/portafolio-de-capacidades\/naturaleza-y-recursos\/estrategias-de-sostenibilidad-y-econom\u00eda-circular-en-construcci\u00f3n\/"]}]},{"@type":"ImageObject","inLanguage":"es-CO","@id":"https:\/\/tecnnova.org\/portafolio-de-capacidades\/naturaleza-y-recursos\/estrategias-de-sostenibilidad-y-econom\u00eda-circular-en-construcci\u00f3n\/#primaryimage","url":"https:\/\/tecnnova.org\/portafolio-de-capacidades\/wp-content\/uploads\/2024\/08\/iconnaturalezayrecursos.png","contentUrl":"https:\/\/tecnnova.org\/portafolio-de-capacidades\/wp-content\/uploads\/2024\/08\/iconnaturalezayrecursos.png","width":100,"height":100},{"@type":"BreadcrumbList","@id":"https:\/\/tecnnova.org\/portafolio-de-capacidades\/naturaleza-y-recursos\/estrategias-de-sostenibilidad-y-econom\u00eda-circular-en-construcci\u00f3n\/#breadcrumb","itemListElement":[{"@type":"ListItem","position":1,"name":"Inicio","item":"https:\/\/tecnnova.org\/portafolio-de-capacidades\/"},{"@type":"ListItem","position":2,"name":"Portafolio de Capacidades","item":"https:\/\/tecnnova.org\/portafolio-de-capacidades\/"},{"@type":"ListItem","position":3,"name":"Desarrollar estrategias de gesti\u00f3n de la sostenibilidad y econom\u00eda circular en el sector de la construcci\u00f3n, incluye gesti\u00f3n de Residuos de Construcci\u00f3n y Demolici\u00f3n (RCD) y Residuos s\u00f3lidos Industriales; sistemas de certificaci\u00f3n en sostenibilidad en edificaci\u00f3n e infraestructura."}]},{"@type":"WebSite","@id":"https:\/\/tecnnova.org\/portafolio-de-capacidades\/#website","url":"https:\/\/tecnnova.org\/portafolio-de-capacidades\/","name":"Portafolio de capacidades - Tecnnova","description":"","publisher":{"@id":"https:\/\/tecnnova.org\/portafolio-de-capacidades\/#organization"},"potentialAction":[{"@type":"SearchAction","target":{"@type":"EntryPoint","urlTemplate":"https:\/\/tecnnova.org\/portafolio-de-capacidades\/?s={search_term_string}"},"query-input":"required name=search_term_string"}],"inLanguage":"es-CO"},{"@type":"Organization","@id":"https:\/\/tecnnova.org\/portafolio-de-capacidades\/#organization","name":"Portafolio de capacidades - Tecnnova","url":"https:\/\/tecnnova.org\/portafolio-de-capacidades\/","logo":{"@type":"ImageObject","inLanguage":"es-CO","@id":"https:\/\/tecnnova.org\/portafolio-de-capacidades\/#\/schema\/logo\/image\/","url":"https:\/\/tecnnova.org\/portafolio-de-capacidades\/wp-content\/uploads\/2024\/07\/cropped-TECNNOVA-2022-02.png","contentUrl":"https:\/\/tecnnova.org\/portafolio-de-capacidades\/wp-content\/uploads\/2024\/07\/cropped-TECNNOVA-2022-02.png","width":1609,"height":428,"caption":"Portafolio de capacidades - Tecnnova"},"image":{"@id":"https:\/\/tecnnova.org\/portafolio-de-capacidades\/#\/schema\/logo\/image\/"},"sameAs":["https:\/\/www.facebook.com\/Tecnnova_UEE-637591033015381","https:\/\/x.com\/Tecnnova_UEE"]}]}},"_links":{"self":[{"href":"https:\/\/tecnnova.org\/portafolio-de-capacidades\/wp-json\/wp\/v2\/product\/2236","targetHints":{"allow":["GET"]}}],"collection":[{"href":"https:\/\/tecnnova.org\/portafolio-de-capacidades\/wp-json\/wp\/v2\/product"}],"about":[{"href":"https:\/\/tecnnova.org\/portafolio-de-capacidades\/wp-json\/wp\/v2\/types\/product"}],"version-history":[{"count":1,"href":"https:\/\/tecnnova.org\/portafolio-de-capacidades\/wp-json\/wp\/v2\/product\/2236\/revisions"}],"predecessor-version":[{"id":2266,"href":"https:\/\/tecnnova.org\/portafolio-de-capacidades\/wp-json\/wp\/v2\/product\/2236\/revisions\/2266"}],"wp:featuredmedia":[{"embeddable":true,"href":"https:\/\/tecnnova.org\/portafolio-de-capacidades\/wp-json\/wp\/v2\/media\/903"}],"wp:attachment":[{"href":"https:\/\/tecnnova.org\/portafolio-de-capacidades\/wp-json\/wp\/v2\/media?parent=2236"}],"wp:term":[{"taxonomy":"product_cat","embeddable":true,"href":"https:\/\/tecnnova.org\/portafolio-de-capacidades\/wp-json\/wp\/v2\/product_cat?post=2236"},{"taxonomy":"product_tag","embeddable":true,"href":"https:\/\/tecnnova.org\/portafolio-de-capacidades\/wp-json\/wp\/v2\/product_tag?post=2236"}],"curies":[{"name":"wp","href":"https:\/\/api.w.org\/{rel}","templated":true}]}}