{"id":2238,"date":"2024-08-16T16:37:50","date_gmt":"2024-08-16T21:37:50","guid":{"rendered":"https:\/\/tecnnova.org\/portafolio-de-capacidades\/?post_type=product&#038;p=2238"},"modified":"2024-08-16T16:37:54","modified_gmt":"2024-08-16T21:37:54","slug":"analizar-textos-normativos-a-partir-de-la-hermeneutica-juridica-y-la-argumentacion-juridica-para-contribuir-a-mejorar-la-calidad-de-los-textos-juridicos","status":"publish","type":"product","link":"https:\/\/tecnnova.org\/portafolio-de-capacidades\/cultura-y-sociedad\/an\u00e1lisis-de-textos-normativos-en-hermen\u00e9utica-jur\u00eddica\/","title":{"rendered":"Analizar textos normativos, a partir de la hermen\u00e9utica jur\u00eddica y la argumentaci\u00f3n jur\u00eddica, para contribuir a mejorar la calidad de los textos jur\u00eddicos."},"content":{"rendered":"<p>Acompa\u00f1amiento a Congresistas, funcionarios de despachos judiciales, hacedores de politica p\u00fablica <\/p>\n","protected":false},"excerpt":{"rendered":"<p>Acompa\u00f1amiento a Congresistas, funcionarios de despachos judiciales, hacedores de politica p\u00fablica<\/p>\n","protected":false},"featured_media":905,"template":"","meta":{"_acf_changed":false},"product_cat":[2629],"product_tag":[4909,4612,4910,4911,4912,4913,4626,4914,4915,4916,4917,2578,4918],"class_list":{"0":"post-2238","1":"product","2":"type-product","3":"status-publish","4":"has-post-thumbnail","6":"product_cat-cultura-y-sociedad","7":"product_tag-analisis-de-textos","8":"product_tag-argumentacion-juridica","9":"product_tag-calidad-juridica","10":"product_tag-evaluacion-juridica","11":"product_tag-hermeneutica-juridica","12":"product_tag-interpretacion-legal","13":"product_tag-investigacion-juridica","14":"product_tag-juridico","15":"product_tag-mejora-de-textos","16":"product_tag-normativa-legal","17":"product_tag-redaccion-de-leyes","18":"product_tag-tecnnova","19":"product_tag-textos-normativos","21":"first","22":"instock","23":"shipping-taxable","24":"product-type-simple"},"acf":[],"yoast_head":"<!-- This site is optimized with the Yoast SEO plugin v23.3 - https:\/\/yoast.com\/wordpress\/plugins\/seo\/ -->\n<title>Analizar textos normativos, a partir de la hermen\u00e9utica jur\u00eddica y la argumentaci\u00f3n jur\u00eddica, para contribuir a mejorar la calidad de los textos jur\u00eddicos. - Portafolio de capacidades - Tecnnova<\/title>\n<meta name=\"robots\" content=\"index, follow, max-snippet:-1, max-image-preview:large, max-video-preview:-1\" \/>\n<link rel=\"canonical\" href=\"https:\/\/tecnnova.org\/portafolio-de-capacidades\/cultura-y-sociedad\/an\u00e1lisis-de-textos-normativos-en-hermen\u00e9utica-jur\u00eddica\/\" \/>\n<meta property=\"og:locale\" content=\"es_ES\" \/>\n<meta property=\"og:type\" content=\"article\" \/>\n<meta property=\"og:title\" content=\"Analizar textos normativos, a partir de la hermen\u00e9utica jur\u00eddica y la argumentaci\u00f3n jur\u00eddica, para contribuir a mejorar la calidad de los textos jur\u00eddicos. - Portafolio de capacidades - Tecnnova\" \/>\n<meta property=\"og:description\" content=\"Acompa\u00f1amiento a Congresistas, funcionarios de despachos judiciales, hacedores de politica p\u00fablica\" \/>\n<meta property=\"og:url\" content=\"https:\/\/tecnnova.org\/portafolio-de-capacidades\/cultura-y-sociedad\/an\u00e1lisis-de-textos-normativos-en-hermen\u00e9utica-jur\u00eddica\/\" \/>\n<meta property=\"og:site_name\" content=\"Portafolio de capacidades - Tecnnova\" \/>\n<meta property=\"article:publisher\" content=\"https:\/\/www.facebook.com\/Tecnnova_UEE-637591033015381\" \/>\n<meta property=\"article:modified_time\" content=\"2024-08-16T21:37:54+00:00\" \/>\n<meta property=\"og:image\" content=\"https:\/\/tecnnova.org\/portafolio-de-capacidades\/wp-content\/uploads\/2024\/08\/iconcultura.png\" \/>\n\t<meta property=\"og:image:width\" content=\"100\" \/>\n\t<meta property=\"og:image:height\" content=\"100\" \/>\n\t<meta property=\"og:image:type\" content=\"image\/png\" \/>\n<meta name=\"twitter:card\" content=\"summary_large_image\" \/>\n<meta name=\"twitter:site\" content=\"@Tecnnova_UEE\" \/>\n<script type=\"application\/ld+json\" class=\"yoast-schema-graph\">{\"@context\":\"https:\/\/schema.org\",\"@graph\":[{\"@type\":\"WebPage\",\"@id\":\"https:\/\/tecnnova.org\/portafolio-de-capacidades\/cultura-y-sociedad\/an\u00e1lisis-de-textos-normativos-en-hermen\u00e9utica-jur\u00eddica\/\",\"url\":\"https:\/\/tecnnova.org\/portafolio-de-capacidades\/cultura-y-sociedad\/an\u00e1lisis-de-textos-normativos-en-hermen\u00e9utica-jur\u00eddica\/\",\"name\":\"Analizar textos normativos, a partir de la hermen\u00e9utica jur\u00eddica y la argumentaci\u00f3n jur\u00eddica, para contribuir a mejorar la calidad de los textos jur\u00eddicos. - Portafolio de capacidades - Tecnnova\",\"isPartOf\":{\"@id\":\"https:\/\/tecnnova.org\/portafolio-de-capacidades\/#website\"},\"primaryImageOfPage\":{\"@id\":\"https:\/\/tecnnova.org\/portafolio-de-capacidades\/cultura-y-sociedad\/an\u00e1lisis-de-textos-normativos-en-hermen\u00e9utica-jur\u00eddica\/#primaryimage\"},\"image\":{\"@id\":\"https:\/\/tecnnova.org\/portafolio-de-capacidades\/cultura-y-sociedad\/an\u00e1lisis-de-textos-normativos-en-hermen\u00e9utica-jur\u00eddica\/#primaryimage\"},\"thumbnailUrl\":\"https:\/\/tecnnova.org\/portafolio-de-capacidades\/wp-content\/uploads\/2024\/08\/iconcultura.png\",\"datePublished\":\"2024-08-16T21:37:50+00:00\",\"dateModified\":\"2024-08-16T21:37:54+00:00\",\"breadcrumb\":{\"@id\":\"https:\/\/tecnnova.org\/portafolio-de-capacidades\/cultura-y-sociedad\/an\u00e1lisis-de-textos-normativos-en-hermen\u00e9utica-jur\u00eddica\/#breadcrumb\"},\"inLanguage\":\"es-CO\",\"potentialAction\":[{\"@type\":\"ReadAction\",\"target\":[\"https:\/\/tecnnova.org\/portafolio-de-capacidades\/cultura-y-sociedad\/an\u00e1lisis-de-textos-normativos-en-hermen\u00e9utica-jur\u00eddica\/\"]}]},{\"@type\":\"ImageObject\",\"inLanguage\":\"es-CO\",\"@id\":\"https:\/\/tecnnova.org\/portafolio-de-capacidades\/cultura-y-sociedad\/an\u00e1lisis-de-textos-normativos-en-hermen\u00e9utica-jur\u00eddica\/#primaryimage\",\"url\":\"https:\/\/tecnnova.org\/portafolio-de-capacidades\/wp-content\/uploads\/2024\/08\/iconcultura.png\",\"contentUrl\":\"https:\/\/tecnnova.org\/portafolio-de-capacidades\/wp-content\/uploads\/2024\/08\/iconcultura.png\",\"width\":100,\"height\":100},{\"@type\":\"BreadcrumbList\",\"@id\":\"https:\/\/tecnnova.org\/portafolio-de-capacidades\/cultura-y-sociedad\/an\u00e1lisis-de-textos-normativos-en-hermen\u00e9utica-jur\u00eddica\/#breadcrumb\",\"itemListElement\":[{\"@type\":\"ListItem\",\"position\":1,\"name\":\"Inicio\",\"item\":\"https:\/\/tecnnova.org\/portafolio-de-capacidades\/\"},{\"@type\":\"ListItem\",\"position\":2,\"name\":\"Portafolio de Capacidades\",\"item\":\"https:\/\/tecnnova.org\/portafolio-de-capacidades\/\"},{\"@type\":\"ListItem\",\"position\":3,\"name\":\"Analizar textos normativos, a partir de la hermen\u00e9utica jur\u00eddica y la argumentaci\u00f3n jur\u00eddica, para contribuir a mejorar la calidad de los textos jur\u00eddicos.\"}]},{\"@type\":\"WebSite\",\"@id\":\"https:\/\/tecnnova.org\/portafolio-de-capacidades\/#website\",\"url\":\"https:\/\/tecnnova.org\/portafolio-de-capacidades\/\",\"name\":\"Portafolio de capacidades - Tecnnova\",\"description\":\"\",\"publisher\":{\"@id\":\"https:\/\/tecnnova.org\/portafolio-de-capacidades\/#organization\"},\"potentialAction\":[{\"@type\":\"SearchAction\",\"target\":{\"@type\":\"EntryPoint\",\"urlTemplate\":\"https:\/\/tecnnova.org\/portafolio-de-capacidades\/?s={search_term_string}\"},\"query-input\":\"required name=search_term_string\"}],\"inLanguage\":\"es-CO\"},{\"@type\":\"Organization\",\"@id\":\"https:\/\/tecnnova.org\/portafolio-de-capacidades\/#organization\",\"name\":\"Portafolio de capacidades - Tecnnova\",\"url\":\"https:\/\/tecnnova.org\/portafolio-de-capacidades\/\",\"logo\":{\"@type\":\"ImageObject\",\"inLanguage\":\"es-CO\",\"@id\":\"https:\/\/tecnnova.org\/portafolio-de-capacidades\/#\/schema\/logo\/image\/\",\"url\":\"https:\/\/tecnnova.org\/portafolio-de-capacidades\/wp-content\/uploads\/2024\/07\/cropped-TECNNOVA-2022-02.png\",\"contentUrl\":\"https:\/\/tecnnova.org\/portafolio-de-capacidades\/wp-content\/uploads\/2024\/07\/cropped-TECNNOVA-2022-02.png\",\"width\":1609,\"height\":428,\"caption\":\"Portafolio de capacidades - Tecnnova\"},\"image\":{\"@id\":\"https:\/\/tecnnova.org\/portafolio-de-capacidades\/#\/schema\/logo\/image\/\"},\"sameAs\":[\"https:\/\/www.facebook.com\/Tecnnova_UEE-637591033015381\",\"https:\/\/x.com\/Tecnnova_UEE\"]}]}<\/script>\n<!-- \/ Yoast SEO plugin. -->","yoast_head_json":{"title":"Analizar textos normativos, a partir de la hermen\u00e9utica jur\u00eddica y la argumentaci\u00f3n jur\u00eddica, para contribuir a mejorar la calidad de los textos jur\u00eddicos. - Portafolio de capacidades - Tecnnova","robots":{"index":"index","follow":"follow","max-snippet":"max-snippet:-1","max-image-preview":"max-image-preview:large","max-video-preview":"max-video-preview:-1"},"canonical":"https:\/\/tecnnova.org\/portafolio-de-capacidades\/cultura-y-sociedad\/an\u00e1lisis-de-textos-normativos-en-hermen\u00e9utica-jur\u00eddica\/","og_locale":"es_ES","og_type":"article","og_title":"Analizar textos normativos, a partir de la hermen\u00e9utica jur\u00eddica y la argumentaci\u00f3n jur\u00eddica, para contribuir a mejorar la calidad de los textos jur\u00eddicos. - Portafolio de capacidades - Tecnnova","og_description":"Acompa\u00f1amiento a Congresistas, funcionarios de despachos judiciales, hacedores de politica p\u00fablica","og_url":"https:\/\/tecnnova.org\/portafolio-de-capacidades\/cultura-y-sociedad\/an\u00e1lisis-de-textos-normativos-en-hermen\u00e9utica-jur\u00eddica\/","og_site_name":"Portafolio de capacidades - Tecnnova","article_publisher":"https:\/\/www.facebook.com\/Tecnnova_UEE-637591033015381","article_modified_time":"2024-08-16T21:37:54+00:00","og_image":[{"width":100,"height":100,"url":"https:\/\/tecnnova.org\/portafolio-de-capacidades\/wp-content\/uploads\/2024\/08\/iconcultura.png","type":"image\/png"}],"twitter_card":"summary_large_image","twitter_site":"@Tecnnova_UEE","schema":{"@context":"https:\/\/schema.org","@graph":[{"@type":"WebPage","@id":"https:\/\/tecnnova.org\/portafolio-de-capacidades\/cultura-y-sociedad\/an\u00e1lisis-de-textos-normativos-en-hermen\u00e9utica-jur\u00eddica\/","url":"https:\/\/tecnnova.org\/portafolio-de-capacidades\/cultura-y-sociedad\/an\u00e1lisis-de-textos-normativos-en-hermen\u00e9utica-jur\u00eddica\/","name":"Analizar textos normativos, a partir de la hermen\u00e9utica jur\u00eddica y la argumentaci\u00f3n jur\u00eddica, para contribuir a mejorar la calidad de los textos jur\u00eddicos. - Portafolio de capacidades - Tecnnova","isPartOf":{"@id":"https:\/\/tecnnova.org\/portafolio-de-capacidades\/#website"},"primaryImageOfPage":{"@id":"https:\/\/tecnnova.org\/portafolio-de-capacidades\/cultura-y-sociedad\/an\u00e1lisis-de-textos-normativos-en-hermen\u00e9utica-jur\u00eddica\/#primaryimage"},"image":{"@id":"https:\/\/tecnnova.org\/portafolio-de-capacidades\/cultura-y-sociedad\/an\u00e1lisis-de-textos-normativos-en-hermen\u00e9utica-jur\u00eddica\/#primaryimage"},"thumbnailUrl":"https:\/\/tecnnova.org\/portafolio-de-capacidades\/wp-content\/uploads\/2024\/08\/iconcultura.png","datePublished":"2024-08-16T21:37:50+00:00","dateModified":"2024-08-16T21:37:54+00:00","breadcrumb":{"@id":"https:\/\/tecnnova.org\/portafolio-de-capacidades\/cultura-y-sociedad\/an\u00e1lisis-de-textos-normativos-en-hermen\u00e9utica-jur\u00eddica\/#breadcrumb"},"inLanguage":"es-CO","potentialAction":[{"@type":"ReadAction","target":["https:\/\/tecnnova.org\/portafolio-de-capacidades\/cultura-y-sociedad\/an\u00e1lisis-de-textos-normativos-en-hermen\u00e9utica-jur\u00eddica\/"]}]},{"@type":"ImageObject","inLanguage":"es-CO","@id":"https:\/\/tecnnova.org\/portafolio-de-capacidades\/cultura-y-sociedad\/an\u00e1lisis-de-textos-normativos-en-hermen\u00e9utica-jur\u00eddica\/#primaryimage","url":"https:\/\/tecnnova.org\/portafolio-de-capacidades\/wp-content\/uploads\/2024\/08\/iconcultura.png","contentUrl":"https:\/\/tecnnova.org\/portafolio-de-capacidades\/wp-content\/uploads\/2024\/08\/iconcultura.png","width":100,"height":100},{"@type":"BreadcrumbList","@id":"https:\/\/tecnnova.org\/portafolio-de-capacidades\/cultura-y-sociedad\/an\u00e1lisis-de-textos-normativos-en-hermen\u00e9utica-jur\u00eddica\/#breadcrumb","itemListElement":[{"@type":"ListItem","position":1,"name":"Inicio","item":"https:\/\/tecnnova.org\/portafolio-de-capacidades\/"},{"@type":"ListItem","position":2,"name":"Portafolio de Capacidades","item":"https:\/\/tecnnova.org\/portafolio-de-capacidades\/"},{"@type":"ListItem","position":3,"name":"Analizar textos normativos, a partir de la hermen\u00e9utica jur\u00eddica y la argumentaci\u00f3n jur\u00eddica, para contribuir a mejorar la calidad de los textos jur\u00eddicos."}]},{"@type":"WebSite","@id":"https:\/\/tecnnova.org\/portafolio-de-capacidades\/#website","url":"https:\/\/tecnnova.org\/portafolio-de-capacidades\/","name":"Portafolio de capacidades - Tecnnova","description":"","publisher":{"@id":"https:\/\/tecnnova.org\/portafolio-de-capacidades\/#organization"},"potentialAction":[{"@type":"SearchAction","target":{"@type":"EntryPoint","urlTemplate":"https:\/\/tecnnova.org\/portafolio-de-capacidades\/?s={search_term_string}"},"query-input":"required name=search_term_string"}],"inLanguage":"es-CO"},{"@type":"Organization","@id":"https:\/\/tecnnova.org\/portafolio-de-capacidades\/#organization","name":"Portafolio de capacidades - Tecnnova","url":"https:\/\/tecnnova.org\/portafolio-de-capacidades\/","logo":{"@type":"ImageObject","inLanguage":"es-CO","@id":"https:\/\/tecnnova.org\/portafolio-de-capacidades\/#\/schema\/logo\/image\/","url":"https:\/\/tecnnova.org\/portafolio-de-capacidades\/wp-content\/uploads\/2024\/07\/cropped-TECNNOVA-2022-02.png","contentUrl":"https:\/\/tecnnova.org\/portafolio-de-capacidades\/wp-content\/uploads\/2024\/07\/cropped-TECNNOVA-2022-02.png","width":1609,"height":428,"caption":"Portafolio de capacidades - Tecnnova"},"image":{"@id":"https:\/\/tecnnova.org\/portafolio-de-capacidades\/#\/schema\/logo\/image\/"},"sameAs":["https:\/\/www.facebook.com\/Tecnnova_UEE-637591033015381","https:\/\/x.com\/Tecnnova_UEE"]}]}},"_links":{"self":[{"href":"https:\/\/tecnnova.org\/portafolio-de-capacidades\/wp-json\/wp\/v2\/product\/2238","targetHints":{"allow":["GET"]}}],"collection":[{"href":"https:\/\/tecnnova.org\/portafolio-de-capacidades\/wp-json\/wp\/v2\/product"}],"about":[{"href":"https:\/\/tecnnova.org\/portafolio-de-capacidades\/wp-json\/wp\/v2\/types\/product"}],"version-history":[{"count":1,"href":"https:\/\/tecnnova.org\/portafolio-de-capacidades\/wp-json\/wp\/v2\/product\/2238\/revisions"}],"predecessor-version":[{"id":2268,"href":"https:\/\/tecnnova.org\/portafolio-de-capacidades\/wp-json\/wp\/v2\/product\/2238\/revisions\/2268"}],"wp:featuredmedia":[{"embeddable":true,"href":"https:\/\/tecnnova.org\/portafolio-de-capacidades\/wp-json\/wp\/v2\/media\/905"}],"wp:attachment":[{"href":"https:\/\/tecnnova.org\/portafolio-de-capacidades\/wp-json\/wp\/v2\/media?parent=2238"}],"wp:term":[{"taxonomy":"product_cat","embeddable":true,"href":"https:\/\/tecnnova.org\/portafolio-de-capacidades\/wp-json\/wp\/v2\/product_cat?post=2238"},{"taxonomy":"product_tag","embeddable":true,"href":"https:\/\/tecnnova.org\/portafolio-de-capacidades\/wp-json\/wp\/v2\/product_tag?post=2238"}],"curies":[{"name":"wp","href":"https:\/\/api.w.org\/{rel}","templated":true}]}}