{"id":2501,"date":"2024-08-29T15:37:10","date_gmt":"2024-08-29T20:37:10","guid":{"rendered":"https:\/\/tecnnova.org\/portafolio-de-capacidades\/tienda\/sin categor\u00eda\/apoyar-el-analisis-y-diseno-de-politicas-publicas-e-instrumentos-de-ordenacion-en-las-diversas-escalas-del-territorio\/"},"modified":"2024-08-29T15:37:10","modified_gmt":"2024-08-29T20:37:10","slug":"apoyar-el-analisis-y-diseno-de-politicas-publicas-e-instrumentos-de-ordenacion-en-las-diversas-escalas-del-territorio","status":"publish","type":"product","link":"https:\/\/tecnnova.org\/portafolio-de-capacidades\/organizaciones-y-territorios-competitivos\/analisis-y-diseno-de-politicas-publicas-territoriales\/","title":{"rendered":"Apoyar el an\u00e1lisis y dise\u00f1o de pol\u00edticas p\u00fablicas e instrumentos de ordenaci\u00f3n en las diversas escalas del territorio."},"content":{"rendered":"<p>Agrega valor al mejorar la toma de decisiones, optimizar pol\u00edticas p\u00fablicas, gestionar el territorio, fomentar la participaci\u00f3n y consulta, evaluar impactos, planificar estrat\u00e9gicamente, promover el desarrollo sostenible, incentivar la innovaci\u00f3n, optimizar recursos, y facilitar la comunicaci\u00f3n y difusi\u00f3n de informaci\u00f3n.<\/p>\n","protected":false},"excerpt":{"rendered":"<p>Agrega valor al mejorar la toma de decisiones, optimizar pol\u00edticas p\u00fablicas, gestionar el territorio, fomentar la participaci\u00f3n y consulta, evaluar impactos, planificar estrat\u00e9gicamente, promover el desarrollo sostenible, incentivar la innovaci\u00f3n, optimizar recursos, y facilitar la comunicaci\u00f3n y difusi\u00f3n de informaci\u00f3n.<\/p>\n","protected":false},"featured_media":904,"template":"","meta":{"_acf_changed":false},"product_cat":[2925],"product_tag":[5180,5179,3265,5178,5181,5182,4347,3315],"class_list":{"0":"post-2501","1":"product","2":"type-product","3":"status-publish","4":"has-post-thumbnail","6":"product_cat-organizaciones-y-territorios-competitivos","7":"product_tag-analisis-y-diseno-de-instrumentos-de-ordenacion","8":"product_tag-analisis-y-diseno-de-politicas","9":"product_tag-desarrollo-territorial","10":"product_tag-gaup","11":"product_tag-instrumentos-de-ordenacion","12":"product_tag-planificacion-territorial","13":"product_tag-politicas-publicas","14":"product_tag-tecnova","16":"first","17":"instock","18":"shipping-taxable","19":"product-type-simple"},"acf":[],"yoast_head":"<!-- This site is optimized with the Yoast SEO plugin v23.3 - https:\/\/yoast.com\/wordpress\/plugins\/seo\/ -->\n<title>Apoyar el an\u00e1lisis y dise\u00f1o de pol\u00edticas p\u00fablicas e instrumentos de ordenaci\u00f3n en las diversas escalas del territorio. - Portafolio de capacidades - Tecnnova<\/title>\n<meta name=\"robots\" content=\"index, follow, max-snippet:-1, max-image-preview:large, max-video-preview:-1\" \/>\n<link rel=\"canonical\" href=\"https:\/\/tecnnova.org\/portafolio-de-capacidades\/tienda\/sin%20categor\u00eda\/apoyar-el-analisis-y-diseno-de-politicas-publicas-e-instrumentos-de-ordenacion-en-las-diversas-escalas-del-territorio\/\" \/>\n<meta property=\"og:locale\" content=\"es_ES\" \/>\n<meta property=\"og:type\" content=\"article\" \/>\n<meta property=\"og:title\" content=\"Apoyar el an\u00e1lisis y dise\u00f1o de pol\u00edticas p\u00fablicas e instrumentos de ordenaci\u00f3n en las diversas escalas del territorio. - Portafolio de capacidades - Tecnnova\" \/>\n<meta property=\"og:description\" content=\"Agrega valor al mejorar la toma de decisiones, optimizar pol\u00edticas p\u00fablicas, gestionar el territorio, fomentar la participaci\u00f3n y consulta, evaluar impactos, planificar estrat\u00e9gicamente, promover el desarrollo sostenible, incentivar la innovaci\u00f3n, optimizar recursos, y facilitar la comunicaci\u00f3n y difusi\u00f3n de informaci\u00f3n.\" \/>\n<meta property=\"og:url\" content=\"https:\/\/tecnnova.org\/portafolio-de-capacidades\/tienda\/sin categor\u00eda\/apoyar-el-analisis-y-diseno-de-politicas-publicas-e-instrumentos-de-ordenacion-en-las-diversas-escalas-del-territorio\/\" \/>\n<meta property=\"og:site_name\" content=\"Portafolio de capacidades - Tecnnova\" \/>\n<meta property=\"article:publisher\" content=\"https:\/\/www.facebook.com\/Tecnnova_UEE-637591033015381\" \/>\n<meta name=\"twitter:card\" content=\"summary_large_image\" \/>\n<meta name=\"twitter:site\" content=\"@Tecnnova_UEE\" \/>\n<script type=\"application\/ld+json\" class=\"yoast-schema-graph\">{\"@context\":\"https:\/\/schema.org\",\"@graph\":[{\"@type\":\"WebPage\",\"@id\":\"https:\/\/tecnnova.org\/portafolio-de-capacidades\/tienda\/sin categor\u00eda\/apoyar-el-analisis-y-diseno-de-politicas-publicas-e-instrumentos-de-ordenacion-en-las-diversas-escalas-del-territorio\/\",\"url\":\"https:\/\/tecnnova.org\/portafolio-de-capacidades\/tienda\/sin categor\u00eda\/apoyar-el-analisis-y-diseno-de-politicas-publicas-e-instrumentos-de-ordenacion-en-las-diversas-escalas-del-territorio\/\",\"name\":\"Apoyar el an\u00e1lisis y dise\u00f1o de pol\u00edticas p\u00fablicas e instrumentos de ordenaci\u00f3n en las diversas escalas del territorio. - Portafolio de capacidades - Tecnnova\",\"isPartOf\":{\"@id\":\"https:\/\/tecnnova.org\/portafolio-de-capacidades\/#website\"},\"primaryImageOfPage\":{\"@id\":\"https:\/\/tecnnova.org\/portafolio-de-capacidades\/tienda\/sin categor\u00eda\/apoyar-el-analisis-y-diseno-de-politicas-publicas-e-instrumentos-de-ordenacion-en-las-diversas-escalas-del-territorio\/#primaryimage\"},\"image\":{\"@id\":\"https:\/\/tecnnova.org\/portafolio-de-capacidades\/tienda\/sin categor\u00eda\/apoyar-el-analisis-y-diseno-de-politicas-publicas-e-instrumentos-de-ordenacion-en-las-diversas-escalas-del-territorio\/#primaryimage\"},\"thumbnailUrl\":\"https:\/\/tecnnova.org\/portafolio-de-capacidades\/wp-content\/uploads\/2024\/08\/iconorganizaciones.png\",\"datePublished\":\"2024-08-29T20:37:10+00:00\",\"dateModified\":\"2024-08-29T20:37:10+00:00\",\"breadcrumb\":{\"@id\":\"https:\/\/tecnnova.org\/portafolio-de-capacidades\/tienda\/sin categor\u00eda\/apoyar-el-analisis-y-diseno-de-politicas-publicas-e-instrumentos-de-ordenacion-en-las-diversas-escalas-del-territorio\/#breadcrumb\"},\"inLanguage\":\"es-CO\",\"potentialAction\":[{\"@type\":\"ReadAction\",\"target\":[\"https:\/\/tecnnova.org\/portafolio-de-capacidades\/tienda\/sin categor\u00eda\/apoyar-el-analisis-y-diseno-de-politicas-publicas-e-instrumentos-de-ordenacion-en-las-diversas-escalas-del-territorio\/\"]}]},{\"@type\":\"ImageObject\",\"inLanguage\":\"es-CO\",\"@id\":\"https:\/\/tecnnova.org\/portafolio-de-capacidades\/tienda\/sin categor\u00eda\/apoyar-el-analisis-y-diseno-de-politicas-publicas-e-instrumentos-de-ordenacion-en-las-diversas-escalas-del-territorio\/#primaryimage\",\"url\":\"https:\/\/tecnnova.org\/portafolio-de-capacidades\/wp-content\/uploads\/2024\/08\/iconorganizaciones.png\",\"contentUrl\":\"https:\/\/tecnnova.org\/portafolio-de-capacidades\/wp-content\/uploads\/2024\/08\/iconorganizaciones.png\",\"width\":100,\"height\":100},{\"@type\":\"BreadcrumbList\",\"@id\":\"https:\/\/tecnnova.org\/portafolio-de-capacidades\/tienda\/sin categor\u00eda\/apoyar-el-analisis-y-diseno-de-politicas-publicas-e-instrumentos-de-ordenacion-en-las-diversas-escalas-del-territorio\/#breadcrumb\",\"itemListElement\":[{\"@type\":\"ListItem\",\"position\":1,\"name\":\"Inicio\",\"item\":\"https:\/\/tecnnova.org\/portafolio-de-capacidades\/\"},{\"@type\":\"ListItem\",\"position\":2,\"name\":\"Portafolio de Capacidades\",\"item\":\"https:\/\/tecnnova.org\/portafolio-de-capacidades\/\"},{\"@type\":\"ListItem\",\"position\":3,\"name\":\"Apoyar el an\u00e1lisis y dise\u00f1o de pol\u00edticas p\u00fablicas e instrumentos de ordenaci\u00f3n en las diversas escalas del territorio.\"}]},{\"@type\":\"WebSite\",\"@id\":\"https:\/\/tecnnova.org\/portafolio-de-capacidades\/#website\",\"url\":\"https:\/\/tecnnova.org\/portafolio-de-capacidades\/\",\"name\":\"Portafolio de capacidades - Tecnnova\",\"description\":\"\",\"publisher\":{\"@id\":\"https:\/\/tecnnova.org\/portafolio-de-capacidades\/#organization\"},\"potentialAction\":[{\"@type\":\"SearchAction\",\"target\":{\"@type\":\"EntryPoint\",\"urlTemplate\":\"https:\/\/tecnnova.org\/portafolio-de-capacidades\/?s={search_term_string}\"},\"query-input\":\"required name=search_term_string\"}],\"inLanguage\":\"es-CO\"},{\"@type\":\"Organization\",\"@id\":\"https:\/\/tecnnova.org\/portafolio-de-capacidades\/#organization\",\"name\":\"Portafolio de capacidades - Tecnnova\",\"url\":\"https:\/\/tecnnova.org\/portafolio-de-capacidades\/\",\"logo\":{\"@type\":\"ImageObject\",\"inLanguage\":\"es-CO\",\"@id\":\"https:\/\/tecnnova.org\/portafolio-de-capacidades\/#\/schema\/logo\/image\/\",\"url\":\"https:\/\/tecnnova.org\/portafolio-de-capacidades\/wp-content\/uploads\/2024\/07\/cropped-TECNNOVA-2022-02.png\",\"contentUrl\":\"https:\/\/tecnnova.org\/portafolio-de-capacidades\/wp-content\/uploads\/2024\/07\/cropped-TECNNOVA-2022-02.png\",\"width\":1609,\"height\":428,\"caption\":\"Portafolio de capacidades - Tecnnova\"},\"image\":{\"@id\":\"https:\/\/tecnnova.org\/portafolio-de-capacidades\/#\/schema\/logo\/image\/\"},\"sameAs\":[\"https:\/\/www.facebook.com\/Tecnnova_UEE-637591033015381\",\"https:\/\/x.com\/Tecnnova_UEE\"]}]}<\/script>\n<!-- \/ Yoast SEO plugin. -->","yoast_head_json":{"title":"Apoyar el an\u00e1lisis y dise\u00f1o de pol\u00edticas p\u00fablicas e instrumentos de ordenaci\u00f3n en las diversas escalas del territorio. - Portafolio de capacidades - Tecnnova","robots":{"index":"index","follow":"follow","max-snippet":"max-snippet:-1","max-image-preview":"max-image-preview:large","max-video-preview":"max-video-preview:-1"},"canonical":"https:\/\/tecnnova.org\/portafolio-de-capacidades\/tienda\/sin categor\u00eda\/apoyar-el-analisis-y-diseno-de-politicas-publicas-e-instrumentos-de-ordenacion-en-las-diversas-escalas-del-territorio\/","og_locale":"es_ES","og_type":"article","og_title":"Apoyar el an\u00e1lisis y dise\u00f1o de pol\u00edticas p\u00fablicas e instrumentos de ordenaci\u00f3n en las diversas escalas del territorio. - Portafolio de capacidades - Tecnnova","og_description":"Agrega valor al mejorar la toma de decisiones, optimizar pol\u00edticas p\u00fablicas, gestionar el territorio, fomentar la participaci\u00f3n y consulta, evaluar impactos, planificar estrat\u00e9gicamente, promover el desarrollo sostenible, incentivar la innovaci\u00f3n, optimizar recursos, y facilitar la comunicaci\u00f3n y difusi\u00f3n de informaci\u00f3n.","og_url":"https:\/\/tecnnova.org\/portafolio-de-capacidades\/tienda\/sin categor\u00eda\/apoyar-el-analisis-y-diseno-de-politicas-publicas-e-instrumentos-de-ordenacion-en-las-diversas-escalas-del-territorio\/","og_site_name":"Portafolio de capacidades - Tecnnova","article_publisher":"https:\/\/www.facebook.com\/Tecnnova_UEE-637591033015381","twitter_card":"summary_large_image","twitter_site":"@Tecnnova_UEE","schema":{"@context":"https:\/\/schema.org","@graph":[{"@type":"WebPage","@id":"https:\/\/tecnnova.org\/portafolio-de-capacidades\/tienda\/sin categor\u00eda\/apoyar-el-analisis-y-diseno-de-politicas-publicas-e-instrumentos-de-ordenacion-en-las-diversas-escalas-del-territorio\/","url":"https:\/\/tecnnova.org\/portafolio-de-capacidades\/tienda\/sin categor\u00eda\/apoyar-el-analisis-y-diseno-de-politicas-publicas-e-instrumentos-de-ordenacion-en-las-diversas-escalas-del-territorio\/","name":"Apoyar el an\u00e1lisis y dise\u00f1o de pol\u00edticas p\u00fablicas e instrumentos de ordenaci\u00f3n en las diversas escalas del territorio. - Portafolio de capacidades - Tecnnova","isPartOf":{"@id":"https:\/\/tecnnova.org\/portafolio-de-capacidades\/#website"},"primaryImageOfPage":{"@id":"https:\/\/tecnnova.org\/portafolio-de-capacidades\/tienda\/sin categor\u00eda\/apoyar-el-analisis-y-diseno-de-politicas-publicas-e-instrumentos-de-ordenacion-en-las-diversas-escalas-del-territorio\/#primaryimage"},"image":{"@id":"https:\/\/tecnnova.org\/portafolio-de-capacidades\/tienda\/sin categor\u00eda\/apoyar-el-analisis-y-diseno-de-politicas-publicas-e-instrumentos-de-ordenacion-en-las-diversas-escalas-del-territorio\/#primaryimage"},"thumbnailUrl":"https:\/\/tecnnova.org\/portafolio-de-capacidades\/wp-content\/uploads\/2024\/08\/iconorganizaciones.png","datePublished":"2024-08-29T20:37:10+00:00","dateModified":"2024-08-29T20:37:10+00:00","breadcrumb":{"@id":"https:\/\/tecnnova.org\/portafolio-de-capacidades\/tienda\/sin categor\u00eda\/apoyar-el-analisis-y-diseno-de-politicas-publicas-e-instrumentos-de-ordenacion-en-las-diversas-escalas-del-territorio\/#breadcrumb"},"inLanguage":"es-CO","potentialAction":[{"@type":"ReadAction","target":["https:\/\/tecnnova.org\/portafolio-de-capacidades\/tienda\/sin categor\u00eda\/apoyar-el-analisis-y-diseno-de-politicas-publicas-e-instrumentos-de-ordenacion-en-las-diversas-escalas-del-territorio\/"]}]},{"@type":"ImageObject","inLanguage":"es-CO","@id":"https:\/\/tecnnova.org\/portafolio-de-capacidades\/tienda\/sin categor\u00eda\/apoyar-el-analisis-y-diseno-de-politicas-publicas-e-instrumentos-de-ordenacion-en-las-diversas-escalas-del-territorio\/#primaryimage","url":"https:\/\/tecnnova.org\/portafolio-de-capacidades\/wp-content\/uploads\/2024\/08\/iconorganizaciones.png","contentUrl":"https:\/\/tecnnova.org\/portafolio-de-capacidades\/wp-content\/uploads\/2024\/08\/iconorganizaciones.png","width":100,"height":100},{"@type":"BreadcrumbList","@id":"https:\/\/tecnnova.org\/portafolio-de-capacidades\/tienda\/sin categor\u00eda\/apoyar-el-analisis-y-diseno-de-politicas-publicas-e-instrumentos-de-ordenacion-en-las-diversas-escalas-del-territorio\/#breadcrumb","itemListElement":[{"@type":"ListItem","position":1,"name":"Inicio","item":"https:\/\/tecnnova.org\/portafolio-de-capacidades\/"},{"@type":"ListItem","position":2,"name":"Portafolio de Capacidades","item":"https:\/\/tecnnova.org\/portafolio-de-capacidades\/"},{"@type":"ListItem","position":3,"name":"Apoyar el an\u00e1lisis y dise\u00f1o de pol\u00edticas p\u00fablicas e instrumentos de ordenaci\u00f3n en las diversas escalas del territorio."}]},{"@type":"WebSite","@id":"https:\/\/tecnnova.org\/portafolio-de-capacidades\/#website","url":"https:\/\/tecnnova.org\/portafolio-de-capacidades\/","name":"Portafolio de capacidades - Tecnnova","description":"","publisher":{"@id":"https:\/\/tecnnova.org\/portafolio-de-capacidades\/#organization"},"potentialAction":[{"@type":"SearchAction","target":{"@type":"EntryPoint","urlTemplate":"https:\/\/tecnnova.org\/portafolio-de-capacidades\/?s={search_term_string}"},"query-input":"required name=search_term_string"}],"inLanguage":"es-CO"},{"@type":"Organization","@id":"https:\/\/tecnnova.org\/portafolio-de-capacidades\/#organization","name":"Portafolio de capacidades - Tecnnova","url":"https:\/\/tecnnova.org\/portafolio-de-capacidades\/","logo":{"@type":"ImageObject","inLanguage":"es-CO","@id":"https:\/\/tecnnova.org\/portafolio-de-capacidades\/#\/schema\/logo\/image\/","url":"https:\/\/tecnnova.org\/portafolio-de-capacidades\/wp-content\/uploads\/2024\/07\/cropped-TECNNOVA-2022-02.png","contentUrl":"https:\/\/tecnnova.org\/portafolio-de-capacidades\/wp-content\/uploads\/2024\/07\/cropped-TECNNOVA-2022-02.png","width":1609,"height":428,"caption":"Portafolio de capacidades - Tecnnova"},"image":{"@id":"https:\/\/tecnnova.org\/portafolio-de-capacidades\/#\/schema\/logo\/image\/"},"sameAs":["https:\/\/www.facebook.com\/Tecnnova_UEE-637591033015381","https:\/\/x.com\/Tecnnova_UEE"]}]}},"_links":{"self":[{"href":"https:\/\/tecnnova.org\/portafolio-de-capacidades\/wp-json\/wp\/v2\/product\/2501","targetHints":{"allow":["GET"]}}],"collection":[{"href":"https:\/\/tecnnova.org\/portafolio-de-capacidades\/wp-json\/wp\/v2\/product"}],"about":[{"href":"https:\/\/tecnnova.org\/portafolio-de-capacidades\/wp-json\/wp\/v2\/types\/product"}],"version-history":[{"count":0,"href":"https:\/\/tecnnova.org\/portafolio-de-capacidades\/wp-json\/wp\/v2\/product\/2501\/revisions"}],"wp:featuredmedia":[{"embeddable":true,"href":"https:\/\/tecnnova.org\/portafolio-de-capacidades\/wp-json\/wp\/v2\/media\/904"}],"wp:attachment":[{"href":"https:\/\/tecnnova.org\/portafolio-de-capacidades\/wp-json\/wp\/v2\/media?parent=2501"}],"wp:term":[{"taxonomy":"product_cat","embeddable":true,"href":"https:\/\/tecnnova.org\/portafolio-de-capacidades\/wp-json\/wp\/v2\/product_cat?post=2501"},{"taxonomy":"product_tag","embeddable":true,"href":"https:\/\/tecnnova.org\/portafolio-de-capacidades\/wp-json\/wp\/v2\/product_tag?post=2501"}],"curies":[{"name":"wp","href":"https:\/\/api.w.org\/{rel}","templated":true}]}}