{"id":2506,"date":"2024-08-29T15:37:11","date_gmt":"2024-08-29T20:37:11","guid":{"rendered":"https:\/\/tecnnova.org\/portafolio-de-capacidades\/tienda\/sin categor\u00eda\/disenar-tarjetas-electronicas-para-diferentes-aplicaciones-alrededor-de-la-movilidad-electrica-la-salud-y-el-control-de-equipos-y-sistemas\/"},"modified":"2024-08-29T15:37:11","modified_gmt":"2024-08-29T20:37:11","slug":"disenar-tarjetas-electronicas-para-diferentes-aplicaciones-alrededor-de-la-movilidad-electrica-la-salud-y-el-control-de-equipos-y-sistemas","status":"publish","type":"product","link":"https:\/\/tecnnova.org\/portafolio-de-capacidades\/organizaciones-y-territorios-competitivos\/diseno-de-tarjetas-electronicas-para-movilidad-y-salud\/","title":{"rendered":"Dise\u00f1ar tarjetas electr\u00f3nicas para diferentes aplicaciones alrededor de la movilidad el\u00e9ctrica, la salud y el control de equipos y sistemas"},"content":{"rendered":"<p>Agrega valor al facilitar la innovaci\u00f3n en aplicaciones especializadas, ofrecer dise\u00f1os personalizados, optimizar el rendimiento, integrar tecnolog\u00edas avanzadas, mejorar la eficiencia en el desarrollo, aumentar la conectividad y la interoperabilidad, asegurar el cumplimiento de normativas, optimizar costos, desarrollar soluciones personalizadas, y tener un impacto significativo en el mercado.<\/p>\n","protected":false},"excerpt":{"rendered":"<p>Agrega valor al facilitar la innovaci\u00f3n en aplicaciones especializadas, ofrecer dise\u00f1os personalizados, optimizar el rendimiento, integrar tecnolog\u00edas avanzadas, mejorar la eficiencia en el desarrollo, aumentar la conectividad y la interoperabilidad, asegurar el cumplimiento de normativas, optimizar costos, desarrollar soluciones personalizadas, y tener un impacto significativo en el mercado.<\/p>\n","protected":false},"featured_media":904,"template":"","meta":{"_acf_changed":false},"product_cat":[2925],"product_tag":[5209,5207,5208,5210,5206,3315],"class_list":{"0":"post-2506","1":"product","2":"type-product","3":"status-publish","4":"has-post-thumbnail","6":"product_cat-organizaciones-y-territorios-competitivos","7":"product_tag-aplicacion-en-control-de-equipos-y-sistemas","8":"product_tag-aplicacion-en-movilidad-electrica","9":"product_tag-aplicacion-en-salud","10":"product_tag-innovacion-en-tecnologia","11":"product_tag-tarjetas-electronicas","12":"product_tag-tecnova","14":"first","15":"instock","16":"shipping-taxable","17":"product-type-simple"},"acf":[],"yoast_head":"<!-- This site is optimized with the Yoast SEO plugin v23.3 - https:\/\/yoast.com\/wordpress\/plugins\/seo\/ -->\n<title>Dise\u00f1ar tarjetas electr\u00f3nicas para diferentes aplicaciones alrededor de la movilidad el\u00e9ctrica, la salud y el control de equipos y sistemas - Portafolio de capacidades - Tecnnova<\/title>\n<meta name=\"robots\" content=\"index, follow, max-snippet:-1, max-image-preview:large, max-video-preview:-1\" \/>\n<link rel=\"canonical\" href=\"https:\/\/tecnnova.org\/portafolio-de-capacidades\/tienda\/sin%20categor\u00eda\/disenar-tarjetas-electronicas-para-diferentes-aplicaciones-alrededor-de-la-movilidad-electrica-la-salud-y-el-control-de-equipos-y-sistemas\/\" \/>\n<meta property=\"og:locale\" content=\"es_ES\" \/>\n<meta property=\"og:type\" content=\"article\" \/>\n<meta property=\"og:title\" content=\"Dise\u00f1ar tarjetas electr\u00f3nicas para diferentes aplicaciones alrededor de la movilidad el\u00e9ctrica, la salud y el control de equipos y sistemas - Portafolio de capacidades - Tecnnova\" \/>\n<meta property=\"og:description\" content=\"Agrega valor al facilitar la innovaci\u00f3n en aplicaciones especializadas, ofrecer dise\u00f1os personalizados, optimizar el rendimiento, integrar tecnolog\u00edas avanzadas, mejorar la eficiencia en el desarrollo, aumentar la conectividad y la interoperabilidad, asegurar el cumplimiento de normativas, optimizar costos, desarrollar soluciones personalizadas, y tener un impacto significativo en el mercado.\" \/>\n<meta property=\"og:url\" content=\"https:\/\/tecnnova.org\/portafolio-de-capacidades\/tienda\/sin categor\u00eda\/disenar-tarjetas-electronicas-para-diferentes-aplicaciones-alrededor-de-la-movilidad-electrica-la-salud-y-el-control-de-equipos-y-sistemas\/\" \/>\n<meta property=\"og:site_name\" content=\"Portafolio de capacidades - Tecnnova\" \/>\n<meta property=\"article:publisher\" content=\"https:\/\/www.facebook.com\/Tecnnova_UEE-637591033015381\" \/>\n<meta name=\"twitter:card\" content=\"summary_large_image\" \/>\n<meta name=\"twitter:site\" content=\"@Tecnnova_UEE\" \/>\n<script type=\"application\/ld+json\" class=\"yoast-schema-graph\">{\"@context\":\"https:\/\/schema.org\",\"@graph\":[{\"@type\":\"WebPage\",\"@id\":\"https:\/\/tecnnova.org\/portafolio-de-capacidades\/tienda\/sin categor\u00eda\/disenar-tarjetas-electronicas-para-diferentes-aplicaciones-alrededor-de-la-movilidad-electrica-la-salud-y-el-control-de-equipos-y-sistemas\/\",\"url\":\"https:\/\/tecnnova.org\/portafolio-de-capacidades\/tienda\/sin categor\u00eda\/disenar-tarjetas-electronicas-para-diferentes-aplicaciones-alrededor-de-la-movilidad-electrica-la-salud-y-el-control-de-equipos-y-sistemas\/\",\"name\":\"Dise\u00f1ar tarjetas electr\u00f3nicas para diferentes aplicaciones alrededor de la movilidad el\u00e9ctrica, la salud y el control de equipos y sistemas - Portafolio de capacidades - Tecnnova\",\"isPartOf\":{\"@id\":\"https:\/\/tecnnova.org\/portafolio-de-capacidades\/#website\"},\"primaryImageOfPage\":{\"@id\":\"https:\/\/tecnnova.org\/portafolio-de-capacidades\/tienda\/sin categor\u00eda\/disenar-tarjetas-electronicas-para-diferentes-aplicaciones-alrededor-de-la-movilidad-electrica-la-salud-y-el-control-de-equipos-y-sistemas\/#primaryimage\"},\"image\":{\"@id\":\"https:\/\/tecnnova.org\/portafolio-de-capacidades\/tienda\/sin categor\u00eda\/disenar-tarjetas-electronicas-para-diferentes-aplicaciones-alrededor-de-la-movilidad-electrica-la-salud-y-el-control-de-equipos-y-sistemas\/#primaryimage\"},\"thumbnailUrl\":\"https:\/\/tecnnova.org\/portafolio-de-capacidades\/wp-content\/uploads\/2024\/08\/iconorganizaciones.png\",\"datePublished\":\"2024-08-29T20:37:11+00:00\",\"dateModified\":\"2024-08-29T20:37:11+00:00\",\"breadcrumb\":{\"@id\":\"https:\/\/tecnnova.org\/portafolio-de-capacidades\/tienda\/sin categor\u00eda\/disenar-tarjetas-electronicas-para-diferentes-aplicaciones-alrededor-de-la-movilidad-electrica-la-salud-y-el-control-de-equipos-y-sistemas\/#breadcrumb\"},\"inLanguage\":\"es-CO\",\"potentialAction\":[{\"@type\":\"ReadAction\",\"target\":[\"https:\/\/tecnnova.org\/portafolio-de-capacidades\/tienda\/sin categor\u00eda\/disenar-tarjetas-electronicas-para-diferentes-aplicaciones-alrededor-de-la-movilidad-electrica-la-salud-y-el-control-de-equipos-y-sistemas\/\"]}]},{\"@type\":\"ImageObject\",\"inLanguage\":\"es-CO\",\"@id\":\"https:\/\/tecnnova.org\/portafolio-de-capacidades\/tienda\/sin categor\u00eda\/disenar-tarjetas-electronicas-para-diferentes-aplicaciones-alrededor-de-la-movilidad-electrica-la-salud-y-el-control-de-equipos-y-sistemas\/#primaryimage\",\"url\":\"https:\/\/tecnnova.org\/portafolio-de-capacidades\/wp-content\/uploads\/2024\/08\/iconorganizaciones.png\",\"contentUrl\":\"https:\/\/tecnnova.org\/portafolio-de-capacidades\/wp-content\/uploads\/2024\/08\/iconorganizaciones.png\",\"width\":100,\"height\":100},{\"@type\":\"BreadcrumbList\",\"@id\":\"https:\/\/tecnnova.org\/portafolio-de-capacidades\/tienda\/sin categor\u00eda\/disenar-tarjetas-electronicas-para-diferentes-aplicaciones-alrededor-de-la-movilidad-electrica-la-salud-y-el-control-de-equipos-y-sistemas\/#breadcrumb\",\"itemListElement\":[{\"@type\":\"ListItem\",\"position\":1,\"name\":\"Inicio\",\"item\":\"https:\/\/tecnnova.org\/portafolio-de-capacidades\/\"},{\"@type\":\"ListItem\",\"position\":2,\"name\":\"Portafolio de Capacidades\",\"item\":\"https:\/\/tecnnova.org\/portafolio-de-capacidades\/\"},{\"@type\":\"ListItem\",\"position\":3,\"name\":\"Dise\u00f1ar tarjetas electr\u00f3nicas para diferentes aplicaciones alrededor de la movilidad el\u00e9ctrica, la salud y el control de equipos y sistemas\"}]},{\"@type\":\"WebSite\",\"@id\":\"https:\/\/tecnnova.org\/portafolio-de-capacidades\/#website\",\"url\":\"https:\/\/tecnnova.org\/portafolio-de-capacidades\/\",\"name\":\"Portafolio de capacidades - Tecnnova\",\"description\":\"\",\"publisher\":{\"@id\":\"https:\/\/tecnnova.org\/portafolio-de-capacidades\/#organization\"},\"potentialAction\":[{\"@type\":\"SearchAction\",\"target\":{\"@type\":\"EntryPoint\",\"urlTemplate\":\"https:\/\/tecnnova.org\/portafolio-de-capacidades\/?s={search_term_string}\"},\"query-input\":\"required name=search_term_string\"}],\"inLanguage\":\"es-CO\"},{\"@type\":\"Organization\",\"@id\":\"https:\/\/tecnnova.org\/portafolio-de-capacidades\/#organization\",\"name\":\"Portafolio de capacidades - Tecnnova\",\"url\":\"https:\/\/tecnnova.org\/portafolio-de-capacidades\/\",\"logo\":{\"@type\":\"ImageObject\",\"inLanguage\":\"es-CO\",\"@id\":\"https:\/\/tecnnova.org\/portafolio-de-capacidades\/#\/schema\/logo\/image\/\",\"url\":\"https:\/\/tecnnova.org\/portafolio-de-capacidades\/wp-content\/uploads\/2024\/07\/cropped-TECNNOVA-2022-02.png\",\"contentUrl\":\"https:\/\/tecnnova.org\/portafolio-de-capacidades\/wp-content\/uploads\/2024\/07\/cropped-TECNNOVA-2022-02.png\",\"width\":1609,\"height\":428,\"caption\":\"Portafolio de capacidades - Tecnnova\"},\"image\":{\"@id\":\"https:\/\/tecnnova.org\/portafolio-de-capacidades\/#\/schema\/logo\/image\/\"},\"sameAs\":[\"https:\/\/www.facebook.com\/Tecnnova_UEE-637591033015381\",\"https:\/\/x.com\/Tecnnova_UEE\"]}]}<\/script>\n<!-- \/ Yoast SEO plugin. -->","yoast_head_json":{"title":"Dise\u00f1ar tarjetas electr\u00f3nicas para diferentes aplicaciones alrededor de la movilidad el\u00e9ctrica, la salud y el control de equipos y sistemas - Portafolio de capacidades - Tecnnova","robots":{"index":"index","follow":"follow","max-snippet":"max-snippet:-1","max-image-preview":"max-image-preview:large","max-video-preview":"max-video-preview:-1"},"canonical":"https:\/\/tecnnova.org\/portafolio-de-capacidades\/tienda\/sin categor\u00eda\/disenar-tarjetas-electronicas-para-diferentes-aplicaciones-alrededor-de-la-movilidad-electrica-la-salud-y-el-control-de-equipos-y-sistemas\/","og_locale":"es_ES","og_type":"article","og_title":"Dise\u00f1ar tarjetas electr\u00f3nicas para diferentes aplicaciones alrededor de la movilidad el\u00e9ctrica, la salud y el control de equipos y sistemas - Portafolio de capacidades - Tecnnova","og_description":"Agrega valor al facilitar la innovaci\u00f3n en aplicaciones especializadas, ofrecer dise\u00f1os personalizados, optimizar el rendimiento, integrar tecnolog\u00edas avanzadas, mejorar la eficiencia en el desarrollo, aumentar la conectividad y la interoperabilidad, asegurar el cumplimiento de normativas, optimizar costos, desarrollar soluciones personalizadas, y tener un impacto significativo en el mercado.","og_url":"https:\/\/tecnnova.org\/portafolio-de-capacidades\/tienda\/sin categor\u00eda\/disenar-tarjetas-electronicas-para-diferentes-aplicaciones-alrededor-de-la-movilidad-electrica-la-salud-y-el-control-de-equipos-y-sistemas\/","og_site_name":"Portafolio de capacidades - Tecnnova","article_publisher":"https:\/\/www.facebook.com\/Tecnnova_UEE-637591033015381","twitter_card":"summary_large_image","twitter_site":"@Tecnnova_UEE","schema":{"@context":"https:\/\/schema.org","@graph":[{"@type":"WebPage","@id":"https:\/\/tecnnova.org\/portafolio-de-capacidades\/tienda\/sin categor\u00eda\/disenar-tarjetas-electronicas-para-diferentes-aplicaciones-alrededor-de-la-movilidad-electrica-la-salud-y-el-control-de-equipos-y-sistemas\/","url":"https:\/\/tecnnova.org\/portafolio-de-capacidades\/tienda\/sin categor\u00eda\/disenar-tarjetas-electronicas-para-diferentes-aplicaciones-alrededor-de-la-movilidad-electrica-la-salud-y-el-control-de-equipos-y-sistemas\/","name":"Dise\u00f1ar tarjetas electr\u00f3nicas para diferentes aplicaciones alrededor de la movilidad el\u00e9ctrica, la salud y el control de equipos y sistemas - Portafolio de capacidades - Tecnnova","isPartOf":{"@id":"https:\/\/tecnnova.org\/portafolio-de-capacidades\/#website"},"primaryImageOfPage":{"@id":"https:\/\/tecnnova.org\/portafolio-de-capacidades\/tienda\/sin categor\u00eda\/disenar-tarjetas-electronicas-para-diferentes-aplicaciones-alrededor-de-la-movilidad-electrica-la-salud-y-el-control-de-equipos-y-sistemas\/#primaryimage"},"image":{"@id":"https:\/\/tecnnova.org\/portafolio-de-capacidades\/tienda\/sin categor\u00eda\/disenar-tarjetas-electronicas-para-diferentes-aplicaciones-alrededor-de-la-movilidad-electrica-la-salud-y-el-control-de-equipos-y-sistemas\/#primaryimage"},"thumbnailUrl":"https:\/\/tecnnova.org\/portafolio-de-capacidades\/wp-content\/uploads\/2024\/08\/iconorganizaciones.png","datePublished":"2024-08-29T20:37:11+00:00","dateModified":"2024-08-29T20:37:11+00:00","breadcrumb":{"@id":"https:\/\/tecnnova.org\/portafolio-de-capacidades\/tienda\/sin categor\u00eda\/disenar-tarjetas-electronicas-para-diferentes-aplicaciones-alrededor-de-la-movilidad-electrica-la-salud-y-el-control-de-equipos-y-sistemas\/#breadcrumb"},"inLanguage":"es-CO","potentialAction":[{"@type":"ReadAction","target":["https:\/\/tecnnova.org\/portafolio-de-capacidades\/tienda\/sin categor\u00eda\/disenar-tarjetas-electronicas-para-diferentes-aplicaciones-alrededor-de-la-movilidad-electrica-la-salud-y-el-control-de-equipos-y-sistemas\/"]}]},{"@type":"ImageObject","inLanguage":"es-CO","@id":"https:\/\/tecnnova.org\/portafolio-de-capacidades\/tienda\/sin categor\u00eda\/disenar-tarjetas-electronicas-para-diferentes-aplicaciones-alrededor-de-la-movilidad-electrica-la-salud-y-el-control-de-equipos-y-sistemas\/#primaryimage","url":"https:\/\/tecnnova.org\/portafolio-de-capacidades\/wp-content\/uploads\/2024\/08\/iconorganizaciones.png","contentUrl":"https:\/\/tecnnova.org\/portafolio-de-capacidades\/wp-content\/uploads\/2024\/08\/iconorganizaciones.png","width":100,"height":100},{"@type":"BreadcrumbList","@id":"https:\/\/tecnnova.org\/portafolio-de-capacidades\/tienda\/sin categor\u00eda\/disenar-tarjetas-electronicas-para-diferentes-aplicaciones-alrededor-de-la-movilidad-electrica-la-salud-y-el-control-de-equipos-y-sistemas\/#breadcrumb","itemListElement":[{"@type":"ListItem","position":1,"name":"Inicio","item":"https:\/\/tecnnova.org\/portafolio-de-capacidades\/"},{"@type":"ListItem","position":2,"name":"Portafolio de Capacidades","item":"https:\/\/tecnnova.org\/portafolio-de-capacidades\/"},{"@type":"ListItem","position":3,"name":"Dise\u00f1ar tarjetas electr\u00f3nicas para diferentes aplicaciones alrededor de la movilidad el\u00e9ctrica, la salud y el control de equipos y sistemas"}]},{"@type":"WebSite","@id":"https:\/\/tecnnova.org\/portafolio-de-capacidades\/#website","url":"https:\/\/tecnnova.org\/portafolio-de-capacidades\/","name":"Portafolio de capacidades - Tecnnova","description":"","publisher":{"@id":"https:\/\/tecnnova.org\/portafolio-de-capacidades\/#organization"},"potentialAction":[{"@type":"SearchAction","target":{"@type":"EntryPoint","urlTemplate":"https:\/\/tecnnova.org\/portafolio-de-capacidades\/?s={search_term_string}"},"query-input":"required name=search_term_string"}],"inLanguage":"es-CO"},{"@type":"Organization","@id":"https:\/\/tecnnova.org\/portafolio-de-capacidades\/#organization","name":"Portafolio de capacidades - Tecnnova","url":"https:\/\/tecnnova.org\/portafolio-de-capacidades\/","logo":{"@type":"ImageObject","inLanguage":"es-CO","@id":"https:\/\/tecnnova.org\/portafolio-de-capacidades\/#\/schema\/logo\/image\/","url":"https:\/\/tecnnova.org\/portafolio-de-capacidades\/wp-content\/uploads\/2024\/07\/cropped-TECNNOVA-2022-02.png","contentUrl":"https:\/\/tecnnova.org\/portafolio-de-capacidades\/wp-content\/uploads\/2024\/07\/cropped-TECNNOVA-2022-02.png","width":1609,"height":428,"caption":"Portafolio de capacidades - Tecnnova"},"image":{"@id":"https:\/\/tecnnova.org\/portafolio-de-capacidades\/#\/schema\/logo\/image\/"},"sameAs":["https:\/\/www.facebook.com\/Tecnnova_UEE-637591033015381","https:\/\/x.com\/Tecnnova_UEE"]}]}},"_links":{"self":[{"href":"https:\/\/tecnnova.org\/portafolio-de-capacidades\/wp-json\/wp\/v2\/product\/2506","targetHints":{"allow":["GET"]}}],"collection":[{"href":"https:\/\/tecnnova.org\/portafolio-de-capacidades\/wp-json\/wp\/v2\/product"}],"about":[{"href":"https:\/\/tecnnova.org\/portafolio-de-capacidades\/wp-json\/wp\/v2\/types\/product"}],"version-history":[{"count":0,"href":"https:\/\/tecnnova.org\/portafolio-de-capacidades\/wp-json\/wp\/v2\/product\/2506\/revisions"}],"wp:featuredmedia":[{"embeddable":true,"href":"https:\/\/tecnnova.org\/portafolio-de-capacidades\/wp-json\/wp\/v2\/media\/904"}],"wp:attachment":[{"href":"https:\/\/tecnnova.org\/portafolio-de-capacidades\/wp-json\/wp\/v2\/media?parent=2506"}],"wp:term":[{"taxonomy":"product_cat","embeddable":true,"href":"https:\/\/tecnnova.org\/portafolio-de-capacidades\/wp-json\/wp\/v2\/product_cat?post=2506"},{"taxonomy":"product_tag","embeddable":true,"href":"https:\/\/tecnnova.org\/portafolio-de-capacidades\/wp-json\/wp\/v2\/product_tag?post=2506"}],"curies":[{"name":"wp","href":"https:\/\/api.w.org\/{rel}","templated":true}]}}