{"id":2508,"date":"2024-08-29T15:37:11","date_gmt":"2024-08-29T20:37:11","guid":{"rendered":""},"modified":"2024-08-29T15:37:11","modified_gmt":"2024-08-29T20:37:11","slug":"construir-estrategias-de-desarrollo-local-para-el-mejoramiento-de-las-finanzas-publicas-territoriales-en-los-municipios-del-pais-y-realizar-analisis-de-econometria-espacial-para-la-toma-de-decisiones","status":"publish","type":"product","link":"https:\/\/tecnnova.org\/portafolio-de-capacidades\/cultura-y-sociedad\/estrategias-de-desarrollo-local-y-analisis-econometrico-territorial\/","title":{"rendered":"Construir estrategias de desarrollo local para el mejoramiento de las finanzas p\u00fablicas territoriales en los municipios del pa\u00eds y realizar analisis de econometr\u00eda espacial para la toma de decisiones en el territorio"},"content":{"rendered":"<p>Puede ayudar a los municpios de Colombia a mejorar sus ingresos y la ejecuci\u00f3n del gasto p\u00fablico<\/p>\n","protected":false},"excerpt":{"rendered":"<p>Puede ayudar a los municpios de Colombia a mejorar sus ingresos y la ejecuci\u00f3n del gasto p\u00fablico<\/p>\n","protected":false},"featured_media":904,"template":"","meta":{"_acf_changed":false},"product_cat":[2629,2925],"product_tag":[5221,5223,5220,5219,5224,5225,3315,5222],"class_list":{"0":"post-2508","1":"product","2":"type-product","3":"status-publish","4":"has-post-thumbnail","6":"product_cat-cultura-y-sociedad","7":"product_cat-organizaciones-y-territorios-competitivos","8":"product_tag-econometria-espacial","9":"product_tag-estrategias-de-desarrollo-local","10":"product_tag-finanzas-publicas-territoriales","11":"product_tag-gae","12":"product_tag-mejoramiento-de-las-finanzas","13":"product_tag-planificacion-financiera","14":"product_tag-tecnova","15":"product_tag-toma-de-desiciones-en-el-territorio","17":"first","18":"instock","19":"shipping-taxable","20":"product-type-simple"},"acf":[],"yoast_head":"<!-- This site is optimized with the Yoast SEO plugin v23.3 - https:\/\/yoast.com\/wordpress\/plugins\/seo\/ -->\n<title>Construir estrategias de desarrollo local para el mejoramiento de las finanzas p\u00fablicas territoriales en los municipios del pa\u00eds y realizar analisis de econometr\u00eda espacial para la toma de decisiones en el territorio - Portafolio de capacidades - Tecnnova<\/title>\n<meta name=\"robots\" content=\"index, follow, max-snippet:-1, max-image-preview:large, max-video-preview:-1\" \/>\n<link rel=\"canonical\" href=\"https:\/\/tecnnova.org\/portafolio-de-capacidades\/tienda\/sin%20categor\u00eda\/construir-estrategias-de-desarrollo-local-para-el-mejoramiento-de-las-finanzas-publicas-territoriales-en-los-municipios-del-pais-y-realizar-analisis-de-econometria-espacial-para-la-toma-de-decisiones\/\" \/>\n<meta property=\"og:locale\" content=\"es_ES\" \/>\n<meta property=\"og:type\" content=\"article\" \/>\n<meta property=\"og:title\" content=\"Construir estrategias de desarrollo local para el mejoramiento de las finanzas p\u00fablicas territoriales en los municipios del pa\u00eds y realizar analisis de econometr\u00eda espacial para la toma de decisiones en el territorio - Portafolio de capacidades - Tecnnova\" \/>\n<meta property=\"og:description\" content=\"Puede ayudar a los municpios de Colombia a mejorar sus ingresos y la ejecuci\u00f3n del gasto p\u00fablico\" \/>\n<meta property=\"og:url\" content=\"https:\/\/tecnnova.org\/portafolio-de-capacidades\/tienda\/sin categor\u00eda\/construir-estrategias-de-desarrollo-local-para-el-mejoramiento-de-las-finanzas-publicas-territoriales-en-los-municipios-del-pais-y-realizar-analisis-de-econometria-espacial-para-la-toma-de-decisiones\/\" \/>\n<meta property=\"og:site_name\" content=\"Portafolio de capacidades - Tecnnova\" \/>\n<meta property=\"article:publisher\" content=\"https:\/\/www.facebook.com\/Tecnnova_UEE-637591033015381\" \/>\n<meta name=\"twitter:card\" content=\"summary_large_image\" \/>\n<meta name=\"twitter:site\" content=\"@Tecnnova_UEE\" \/>\n<script type=\"application\/ld+json\" class=\"yoast-schema-graph\">{\"@context\":\"https:\/\/schema.org\",\"@graph\":[{\"@type\":\"WebPage\",\"@id\":\"https:\/\/tecnnova.org\/portafolio-de-capacidades\/tienda\/sin categor\u00eda\/construir-estrategias-de-desarrollo-local-para-el-mejoramiento-de-las-finanzas-publicas-territoriales-en-los-municipios-del-pais-y-realizar-analisis-de-econometria-espacial-para-la-toma-de-decisiones\/\",\"url\":\"https:\/\/tecnnova.org\/portafolio-de-capacidades\/tienda\/sin categor\u00eda\/construir-estrategias-de-desarrollo-local-para-el-mejoramiento-de-las-finanzas-publicas-territoriales-en-los-municipios-del-pais-y-realizar-analisis-de-econometria-espacial-para-la-toma-de-decisiones\/\",\"name\":\"Construir estrategias de desarrollo local para el mejoramiento de las finanzas p\u00fablicas territoriales en los municipios del pa\u00eds y realizar analisis de econometr\u00eda espacial para la toma de decisiones en el territorio - Portafolio de capacidades - Tecnnova\",\"isPartOf\":{\"@id\":\"https:\/\/tecnnova.org\/portafolio-de-capacidades\/#website\"},\"primaryImageOfPage\":{\"@id\":\"https:\/\/tecnnova.org\/portafolio-de-capacidades\/tienda\/sin categor\u00eda\/construir-estrategias-de-desarrollo-local-para-el-mejoramiento-de-las-finanzas-publicas-territoriales-en-los-municipios-del-pais-y-realizar-analisis-de-econometria-espacial-para-la-toma-de-decisiones\/#primaryimage\"},\"image\":{\"@id\":\"https:\/\/tecnnova.org\/portafolio-de-capacidades\/tienda\/sin categor\u00eda\/construir-estrategias-de-desarrollo-local-para-el-mejoramiento-de-las-finanzas-publicas-territoriales-en-los-municipios-del-pais-y-realizar-analisis-de-econometria-espacial-para-la-toma-de-decisiones\/#primaryimage\"},\"thumbnailUrl\":\"https:\/\/tecnnova.org\/portafolio-de-capacidades\/wp-content\/uploads\/2024\/08\/iconorganizaciones.png\",\"datePublished\":\"2024-08-29T20:37:11+00:00\",\"dateModified\":\"2024-08-29T20:37:11+00:00\",\"breadcrumb\":{\"@id\":\"https:\/\/tecnnova.org\/portafolio-de-capacidades\/tienda\/sin categor\u00eda\/construir-estrategias-de-desarrollo-local-para-el-mejoramiento-de-las-finanzas-publicas-territoriales-en-los-municipios-del-pais-y-realizar-analisis-de-econometria-espacial-para-la-toma-de-decisiones\/#breadcrumb\"},\"inLanguage\":\"es-CO\",\"potentialAction\":[{\"@type\":\"ReadAction\",\"target\":[\"https:\/\/tecnnova.org\/portafolio-de-capacidades\/tienda\/sin categor\u00eda\/construir-estrategias-de-desarrollo-local-para-el-mejoramiento-de-las-finanzas-publicas-territoriales-en-los-municipios-del-pais-y-realizar-analisis-de-econometria-espacial-para-la-toma-de-decisiones\/\"]}]},{\"@type\":\"ImageObject\",\"inLanguage\":\"es-CO\",\"@id\":\"https:\/\/tecnnova.org\/portafolio-de-capacidades\/tienda\/sin categor\u00eda\/construir-estrategias-de-desarrollo-local-para-el-mejoramiento-de-las-finanzas-publicas-territoriales-en-los-municipios-del-pais-y-realizar-analisis-de-econometria-espacial-para-la-toma-de-decisiones\/#primaryimage\",\"url\":\"https:\/\/tecnnova.org\/portafolio-de-capacidades\/wp-content\/uploads\/2024\/08\/iconorganizaciones.png\",\"contentUrl\":\"https:\/\/tecnnova.org\/portafolio-de-capacidades\/wp-content\/uploads\/2024\/08\/iconorganizaciones.png\",\"width\":100,\"height\":100},{\"@type\":\"BreadcrumbList\",\"@id\":\"https:\/\/tecnnova.org\/portafolio-de-capacidades\/tienda\/sin categor\u00eda\/construir-estrategias-de-desarrollo-local-para-el-mejoramiento-de-las-finanzas-publicas-territoriales-en-los-municipios-del-pais-y-realizar-analisis-de-econometria-espacial-para-la-toma-de-decisiones\/#breadcrumb\",\"itemListElement\":[{\"@type\":\"ListItem\",\"position\":1,\"name\":\"Inicio\",\"item\":\"https:\/\/tecnnova.org\/portafolio-de-capacidades\/\"},{\"@type\":\"ListItem\",\"position\":2,\"name\":\"Portafolio de Capacidades\",\"item\":\"https:\/\/tecnnova.org\/portafolio-de-capacidades\/\"},{\"@type\":\"ListItem\",\"position\":3,\"name\":\"Construir estrategias de desarrollo local para el mejoramiento de las finanzas p\u00fablicas territoriales en los municipios del pa\u00eds y realizar analisis de econometr\u00eda espacial para la toma de decisiones en el territorio\"}]},{\"@type\":\"WebSite\",\"@id\":\"https:\/\/tecnnova.org\/portafolio-de-capacidades\/#website\",\"url\":\"https:\/\/tecnnova.org\/portafolio-de-capacidades\/\",\"name\":\"Portafolio de capacidades - Tecnnova\",\"description\":\"\",\"publisher\":{\"@id\":\"https:\/\/tecnnova.org\/portafolio-de-capacidades\/#organization\"},\"potentialAction\":[{\"@type\":\"SearchAction\",\"target\":{\"@type\":\"EntryPoint\",\"urlTemplate\":\"https:\/\/tecnnova.org\/portafolio-de-capacidades\/?s={search_term_string}\"},\"query-input\":\"required name=search_term_string\"}],\"inLanguage\":\"es-CO\"},{\"@type\":\"Organization\",\"@id\":\"https:\/\/tecnnova.org\/portafolio-de-capacidades\/#organization\",\"name\":\"Portafolio de capacidades - Tecnnova\",\"url\":\"https:\/\/tecnnova.org\/portafolio-de-capacidades\/\",\"logo\":{\"@type\":\"ImageObject\",\"inLanguage\":\"es-CO\",\"@id\":\"https:\/\/tecnnova.org\/portafolio-de-capacidades\/#\/schema\/logo\/image\/\",\"url\":\"https:\/\/tecnnova.org\/portafolio-de-capacidades\/wp-content\/uploads\/2024\/07\/cropped-TECNNOVA-2022-02.png\",\"contentUrl\":\"https:\/\/tecnnova.org\/portafolio-de-capacidades\/wp-content\/uploads\/2024\/07\/cropped-TECNNOVA-2022-02.png\",\"width\":1609,\"height\":428,\"caption\":\"Portafolio de capacidades - Tecnnova\"},\"image\":{\"@id\":\"https:\/\/tecnnova.org\/portafolio-de-capacidades\/#\/schema\/logo\/image\/\"},\"sameAs\":[\"https:\/\/www.facebook.com\/Tecnnova_UEE-637591033015381\",\"https:\/\/x.com\/Tecnnova_UEE\"]}]}<\/script>\n<!-- \/ Yoast SEO plugin. -->","yoast_head_json":{"title":"Construir estrategias de desarrollo local para el mejoramiento de las finanzas p\u00fablicas territoriales en los municipios del pa\u00eds y realizar analisis de econometr\u00eda espacial para la toma de decisiones en el territorio - Portafolio de capacidades - Tecnnova","robots":{"index":"index","follow":"follow","max-snippet":"max-snippet:-1","max-image-preview":"max-image-preview:large","max-video-preview":"max-video-preview:-1"},"canonical":"https:\/\/tecnnova.org\/portafolio-de-capacidades\/tienda\/sin categor\u00eda\/construir-estrategias-de-desarrollo-local-para-el-mejoramiento-de-las-finanzas-publicas-territoriales-en-los-municipios-del-pais-y-realizar-analisis-de-econometria-espacial-para-la-toma-de-decisiones\/","og_locale":"es_ES","og_type":"article","og_title":"Construir estrategias de desarrollo local para el mejoramiento de las finanzas p\u00fablicas territoriales en los municipios del pa\u00eds y realizar analisis de econometr\u00eda espacial para la toma de decisiones en el territorio - Portafolio de capacidades - Tecnnova","og_description":"Puede ayudar a los municpios de Colombia a mejorar sus ingresos y la ejecuci\u00f3n del gasto p\u00fablico","og_url":"https:\/\/tecnnova.org\/portafolio-de-capacidades\/tienda\/sin categor\u00eda\/construir-estrategias-de-desarrollo-local-para-el-mejoramiento-de-las-finanzas-publicas-territoriales-en-los-municipios-del-pais-y-realizar-analisis-de-econometria-espacial-para-la-toma-de-decisiones\/","og_site_name":"Portafolio de capacidades - Tecnnova","article_publisher":"https:\/\/www.facebook.com\/Tecnnova_UEE-637591033015381","twitter_card":"summary_large_image","twitter_site":"@Tecnnova_UEE","schema":{"@context":"https:\/\/schema.org","@graph":[{"@type":"WebPage","@id":"https:\/\/tecnnova.org\/portafolio-de-capacidades\/tienda\/sin categor\u00eda\/construir-estrategias-de-desarrollo-local-para-el-mejoramiento-de-las-finanzas-publicas-territoriales-en-los-municipios-del-pais-y-realizar-analisis-de-econometria-espacial-para-la-toma-de-decisiones\/","url":"https:\/\/tecnnova.org\/portafolio-de-capacidades\/tienda\/sin categor\u00eda\/construir-estrategias-de-desarrollo-local-para-el-mejoramiento-de-las-finanzas-publicas-territoriales-en-los-municipios-del-pais-y-realizar-analisis-de-econometria-espacial-para-la-toma-de-decisiones\/","name":"Construir estrategias de desarrollo local para el mejoramiento de las finanzas p\u00fablicas territoriales en los municipios del pa\u00eds y realizar analisis de econometr\u00eda espacial para la toma de decisiones en el territorio - Portafolio de capacidades - Tecnnova","isPartOf":{"@id":"https:\/\/tecnnova.org\/portafolio-de-capacidades\/#website"},"primaryImageOfPage":{"@id":"https:\/\/tecnnova.org\/portafolio-de-capacidades\/tienda\/sin categor\u00eda\/construir-estrategias-de-desarrollo-local-para-el-mejoramiento-de-las-finanzas-publicas-territoriales-en-los-municipios-del-pais-y-realizar-analisis-de-econometria-espacial-para-la-toma-de-decisiones\/#primaryimage"},"image":{"@id":"https:\/\/tecnnova.org\/portafolio-de-capacidades\/tienda\/sin categor\u00eda\/construir-estrategias-de-desarrollo-local-para-el-mejoramiento-de-las-finanzas-publicas-territoriales-en-los-municipios-del-pais-y-realizar-analisis-de-econometria-espacial-para-la-toma-de-decisiones\/#primaryimage"},"thumbnailUrl":"https:\/\/tecnnova.org\/portafolio-de-capacidades\/wp-content\/uploads\/2024\/08\/iconorganizaciones.png","datePublished":"2024-08-29T20:37:11+00:00","dateModified":"2024-08-29T20:37:11+00:00","breadcrumb":{"@id":"https:\/\/tecnnova.org\/portafolio-de-capacidades\/tienda\/sin categor\u00eda\/construir-estrategias-de-desarrollo-local-para-el-mejoramiento-de-las-finanzas-publicas-territoriales-en-los-municipios-del-pais-y-realizar-analisis-de-econometria-espacial-para-la-toma-de-decisiones\/#breadcrumb"},"inLanguage":"es-CO","potentialAction":[{"@type":"ReadAction","target":["https:\/\/tecnnova.org\/portafolio-de-capacidades\/tienda\/sin categor\u00eda\/construir-estrategias-de-desarrollo-local-para-el-mejoramiento-de-las-finanzas-publicas-territoriales-en-los-municipios-del-pais-y-realizar-analisis-de-econometria-espacial-para-la-toma-de-decisiones\/"]}]},{"@type":"ImageObject","inLanguage":"es-CO","@id":"https:\/\/tecnnova.org\/portafolio-de-capacidades\/tienda\/sin categor\u00eda\/construir-estrategias-de-desarrollo-local-para-el-mejoramiento-de-las-finanzas-publicas-territoriales-en-los-municipios-del-pais-y-realizar-analisis-de-econometria-espacial-para-la-toma-de-decisiones\/#primaryimage","url":"https:\/\/tecnnova.org\/portafolio-de-capacidades\/wp-content\/uploads\/2024\/08\/iconorganizaciones.png","contentUrl":"https:\/\/tecnnova.org\/portafolio-de-capacidades\/wp-content\/uploads\/2024\/08\/iconorganizaciones.png","width":100,"height":100},{"@type":"BreadcrumbList","@id":"https:\/\/tecnnova.org\/portafolio-de-capacidades\/tienda\/sin categor\u00eda\/construir-estrategias-de-desarrollo-local-para-el-mejoramiento-de-las-finanzas-publicas-territoriales-en-los-municipios-del-pais-y-realizar-analisis-de-econometria-espacial-para-la-toma-de-decisiones\/#breadcrumb","itemListElement":[{"@type":"ListItem","position":1,"name":"Inicio","item":"https:\/\/tecnnova.org\/portafolio-de-capacidades\/"},{"@type":"ListItem","position":2,"name":"Portafolio de Capacidades","item":"https:\/\/tecnnova.org\/portafolio-de-capacidades\/"},{"@type":"ListItem","position":3,"name":"Construir estrategias de desarrollo local para el mejoramiento de las finanzas p\u00fablicas territoriales en los municipios del pa\u00eds y realizar analisis de econometr\u00eda espacial para la toma de decisiones en el territorio"}]},{"@type":"WebSite","@id":"https:\/\/tecnnova.org\/portafolio-de-capacidades\/#website","url":"https:\/\/tecnnova.org\/portafolio-de-capacidades\/","name":"Portafolio de capacidades - Tecnnova","description":"","publisher":{"@id":"https:\/\/tecnnova.org\/portafolio-de-capacidades\/#organization"},"potentialAction":[{"@type":"SearchAction","target":{"@type":"EntryPoint","urlTemplate":"https:\/\/tecnnova.org\/portafolio-de-capacidades\/?s={search_term_string}"},"query-input":"required name=search_term_string"}],"inLanguage":"es-CO"},{"@type":"Organization","@id":"https:\/\/tecnnova.org\/portafolio-de-capacidades\/#organization","name":"Portafolio de capacidades - Tecnnova","url":"https:\/\/tecnnova.org\/portafolio-de-capacidades\/","logo":{"@type":"ImageObject","inLanguage":"es-CO","@id":"https:\/\/tecnnova.org\/portafolio-de-capacidades\/#\/schema\/logo\/image\/","url":"https:\/\/tecnnova.org\/portafolio-de-capacidades\/wp-content\/uploads\/2024\/07\/cropped-TECNNOVA-2022-02.png","contentUrl":"https:\/\/tecnnova.org\/portafolio-de-capacidades\/wp-content\/uploads\/2024\/07\/cropped-TECNNOVA-2022-02.png","width":1609,"height":428,"caption":"Portafolio de capacidades - Tecnnova"},"image":{"@id":"https:\/\/tecnnova.org\/portafolio-de-capacidades\/#\/schema\/logo\/image\/"},"sameAs":["https:\/\/www.facebook.com\/Tecnnova_UEE-637591033015381","https:\/\/x.com\/Tecnnova_UEE"]}]}},"_links":{"self":[{"href":"https:\/\/tecnnova.org\/portafolio-de-capacidades\/wp-json\/wp\/v2\/product\/2508","targetHints":{"allow":["GET"]}}],"collection":[{"href":"https:\/\/tecnnova.org\/portafolio-de-capacidades\/wp-json\/wp\/v2\/product"}],"about":[{"href":"https:\/\/tecnnova.org\/portafolio-de-capacidades\/wp-json\/wp\/v2\/types\/product"}],"version-history":[{"count":0,"href":"https:\/\/tecnnova.org\/portafolio-de-capacidades\/wp-json\/wp\/v2\/product\/2508\/revisions"}],"wp:featuredmedia":[{"embeddable":true,"href":"https:\/\/tecnnova.org\/portafolio-de-capacidades\/wp-json\/wp\/v2\/media\/904"}],"wp:attachment":[{"href":"https:\/\/tecnnova.org\/portafolio-de-capacidades\/wp-json\/wp\/v2\/media?parent=2508"}],"wp:term":[{"taxonomy":"product_cat","embeddable":true,"href":"https:\/\/tecnnova.org\/portafolio-de-capacidades\/wp-json\/wp\/v2\/product_cat?post=2508"},{"taxonomy":"product_tag","embeddable":true,"href":"https:\/\/tecnnova.org\/portafolio-de-capacidades\/wp-json\/wp\/v2\/product_tag?post=2508"}],"curies":[{"name":"wp","href":"https:\/\/api.w.org\/{rel}","templated":true}]}}