{"id":2536,"date":"2024-08-29T15:37:20","date_gmt":"2024-08-29T20:37:20","guid":{"rendered":"https:\/\/tecnnova.org\/portafolio-de-capacidades\/tienda\/sin categor\u00eda\/crear-herramientas-computacionales-para-el-dimensionamiento-de-sistemas-de-generacion-hibridos\/"},"modified":"2024-08-29T15:37:20","modified_gmt":"2024-08-29T20:37:20","slug":"crear-herramientas-computacionales-para-el-dimensionamiento-de-sistemas-de-generacion-hibridos","status":"publish","type":"product","link":"https:\/\/tecnnova.org\/portafolio-de-capacidades\/organizaciones-y-territorios-competitivos\/herramientas-computacionales-para-dimensionamiento-de-sistemas-hibridos\/","title":{"rendered":"Crear herramientas computacionales para el dimensionamiento de sistemas de generaci\u00f3n h\u00edbridos"},"content":{"rendered":"<p>Ofrece un valor significativo al optimizar el dise\u00f1o y rendimiento de los sistemas de generaci\u00f3n de energ\u00eda, facilitando la integraci\u00f3n de diversas tecnolog\u00edas y asegurando la eficiencia y sostenibilidad. La capacidad de simular y analizar diferentes configuraciones mejora la toma de decisiones, reduce costos, y contribuye a la reducci\u00f3n de emisiones y al cumplimiento normativo. Adem\u00e1s, proporciona oportunidades para la educaci\u00f3n y capacitaci\u00f3n, es adaptable a diferentes escalas, y tiene un impacto positivo en la comunidad al mejorar el acceso a energ\u00eda sostenible.<\/p>\n","protected":false},"excerpt":{"rendered":"<p>Ofrece un valor significativo al optimizar el dise\u00f1o y rendimiento de los sistemas de generaci\u00f3n de energ\u00eda, facilitando la integraci\u00f3n de diversas tecnolog\u00edas y asegurando la eficiencia y sostenibilidad. La capacidad de simular y analizar diferentes configuraciones mejora la toma de decisiones, reduce costos, y contribuye a la reducci\u00f3n de emisiones y al cumplimiento normativo. [&hellip;]<\/p>\n","protected":false},"featured_media":904,"template":"","meta":{"_acf_changed":false},"product_cat":[2925],"product_tag":[5396,2838,4028,4278,5395,2826,3315],"class_list":{"0":"post-2536","1":"product","2":"type-product","3":"status-publish","4":"has-post-thumbnail","6":"product_cat-organizaciones-y-territorios-competitivos","7":"product_tag-dimensionamiento-de-sistemas","8":"product_tag-energia-renovable","9":"product_tag-get","10":"product_tag-herramientas-computacionales","11":"product_tag-sistemas-de-generacion-hibrida","12":"product_tag-software","13":"product_tag-tecnova","15":"first","16":"instock","17":"shipping-taxable","18":"product-type-simple"},"acf":[],"yoast_head":"<!-- This site is optimized with the Yoast SEO plugin v23.3 - https:\/\/yoast.com\/wordpress\/plugins\/seo\/ -->\n<title>Crear herramientas computacionales para el dimensionamiento de sistemas de generaci\u00f3n h\u00edbridos - Portafolio de capacidades - Tecnnova<\/title>\n<meta name=\"robots\" content=\"index, follow, max-snippet:-1, max-image-preview:large, max-video-preview:-1\" \/>\n<link rel=\"canonical\" href=\"https:\/\/tecnnova.org\/portafolio-de-capacidades\/tienda\/sin%20categor\u00eda\/crear-herramientas-computacionales-para-el-dimensionamiento-de-sistemas-de-generacion-hibridos\/\" \/>\n<meta property=\"og:locale\" content=\"es_ES\" \/>\n<meta property=\"og:type\" content=\"article\" \/>\n<meta property=\"og:title\" content=\"Crear herramientas computacionales para el dimensionamiento de sistemas de generaci\u00f3n h\u00edbridos - Portafolio de capacidades - Tecnnova\" \/>\n<meta property=\"og:description\" content=\"Ofrece un valor significativo al optimizar el dise\u00f1o y rendimiento de los sistemas de generaci\u00f3n de energ\u00eda, facilitando la integraci\u00f3n de diversas tecnolog\u00edas y asegurando la eficiencia y sostenibilidad. La capacidad de simular y analizar diferentes configuraciones mejora la toma de decisiones, reduce costos, y contribuye a la reducci\u00f3n de emisiones y al cumplimiento normativo. [&hellip;]\" \/>\n<meta property=\"og:url\" content=\"https:\/\/tecnnova.org\/portafolio-de-capacidades\/tienda\/sin categor\u00eda\/crear-herramientas-computacionales-para-el-dimensionamiento-de-sistemas-de-generacion-hibridos\/\" \/>\n<meta property=\"og:site_name\" content=\"Portafolio de capacidades - Tecnnova\" \/>\n<meta property=\"article:publisher\" content=\"https:\/\/www.facebook.com\/Tecnnova_UEE-637591033015381\" \/>\n<meta name=\"twitter:card\" content=\"summary_large_image\" \/>\n<meta name=\"twitter:site\" content=\"@Tecnnova_UEE\" \/>\n<script type=\"application\/ld+json\" class=\"yoast-schema-graph\">{\"@context\":\"https:\/\/schema.org\",\"@graph\":[{\"@type\":\"WebPage\",\"@id\":\"https:\/\/tecnnova.org\/portafolio-de-capacidades\/tienda\/sin categor\u00eda\/crear-herramientas-computacionales-para-el-dimensionamiento-de-sistemas-de-generacion-hibridos\/\",\"url\":\"https:\/\/tecnnova.org\/portafolio-de-capacidades\/tienda\/sin categor\u00eda\/crear-herramientas-computacionales-para-el-dimensionamiento-de-sistemas-de-generacion-hibridos\/\",\"name\":\"Crear herramientas computacionales para el dimensionamiento de sistemas de generaci\u00f3n h\u00edbridos - Portafolio de capacidades - Tecnnova\",\"isPartOf\":{\"@id\":\"https:\/\/tecnnova.org\/portafolio-de-capacidades\/#website\"},\"primaryImageOfPage\":{\"@id\":\"https:\/\/tecnnova.org\/portafolio-de-capacidades\/tienda\/sin categor\u00eda\/crear-herramientas-computacionales-para-el-dimensionamiento-de-sistemas-de-generacion-hibridos\/#primaryimage\"},\"image\":{\"@id\":\"https:\/\/tecnnova.org\/portafolio-de-capacidades\/tienda\/sin categor\u00eda\/crear-herramientas-computacionales-para-el-dimensionamiento-de-sistemas-de-generacion-hibridos\/#primaryimage\"},\"thumbnailUrl\":\"https:\/\/tecnnova.org\/portafolio-de-capacidades\/wp-content\/uploads\/2024\/08\/iconorganizaciones.png\",\"datePublished\":\"2024-08-29T20:37:20+00:00\",\"dateModified\":\"2024-08-29T20:37:20+00:00\",\"breadcrumb\":{\"@id\":\"https:\/\/tecnnova.org\/portafolio-de-capacidades\/tienda\/sin categor\u00eda\/crear-herramientas-computacionales-para-el-dimensionamiento-de-sistemas-de-generacion-hibridos\/#breadcrumb\"},\"inLanguage\":\"es-CO\",\"potentialAction\":[{\"@type\":\"ReadAction\",\"target\":[\"https:\/\/tecnnova.org\/portafolio-de-capacidades\/tienda\/sin categor\u00eda\/crear-herramientas-computacionales-para-el-dimensionamiento-de-sistemas-de-generacion-hibridos\/\"]}]},{\"@type\":\"ImageObject\",\"inLanguage\":\"es-CO\",\"@id\":\"https:\/\/tecnnova.org\/portafolio-de-capacidades\/tienda\/sin categor\u00eda\/crear-herramientas-computacionales-para-el-dimensionamiento-de-sistemas-de-generacion-hibridos\/#primaryimage\",\"url\":\"https:\/\/tecnnova.org\/portafolio-de-capacidades\/wp-content\/uploads\/2024\/08\/iconorganizaciones.png\",\"contentUrl\":\"https:\/\/tecnnova.org\/portafolio-de-capacidades\/wp-content\/uploads\/2024\/08\/iconorganizaciones.png\",\"width\":100,\"height\":100},{\"@type\":\"BreadcrumbList\",\"@id\":\"https:\/\/tecnnova.org\/portafolio-de-capacidades\/tienda\/sin categor\u00eda\/crear-herramientas-computacionales-para-el-dimensionamiento-de-sistemas-de-generacion-hibridos\/#breadcrumb\",\"itemListElement\":[{\"@type\":\"ListItem\",\"position\":1,\"name\":\"Inicio\",\"item\":\"https:\/\/tecnnova.org\/portafolio-de-capacidades\/\"},{\"@type\":\"ListItem\",\"position\":2,\"name\":\"Portafolio de Capacidades\",\"item\":\"https:\/\/tecnnova.org\/portafolio-de-capacidades\/\"},{\"@type\":\"ListItem\",\"position\":3,\"name\":\"Crear herramientas computacionales para el dimensionamiento de sistemas de generaci\u00f3n h\u00edbridos\"}]},{\"@type\":\"WebSite\",\"@id\":\"https:\/\/tecnnova.org\/portafolio-de-capacidades\/#website\",\"url\":\"https:\/\/tecnnova.org\/portafolio-de-capacidades\/\",\"name\":\"Portafolio de capacidades - Tecnnova\",\"description\":\"\",\"publisher\":{\"@id\":\"https:\/\/tecnnova.org\/portafolio-de-capacidades\/#organization\"},\"potentialAction\":[{\"@type\":\"SearchAction\",\"target\":{\"@type\":\"EntryPoint\",\"urlTemplate\":\"https:\/\/tecnnova.org\/portafolio-de-capacidades\/?s={search_term_string}\"},\"query-input\":\"required name=search_term_string\"}],\"inLanguage\":\"es-CO\"},{\"@type\":\"Organization\",\"@id\":\"https:\/\/tecnnova.org\/portafolio-de-capacidades\/#organization\",\"name\":\"Portafolio de capacidades - Tecnnova\",\"url\":\"https:\/\/tecnnova.org\/portafolio-de-capacidades\/\",\"logo\":{\"@type\":\"ImageObject\",\"inLanguage\":\"es-CO\",\"@id\":\"https:\/\/tecnnova.org\/portafolio-de-capacidades\/#\/schema\/logo\/image\/\",\"url\":\"https:\/\/tecnnova.org\/portafolio-de-capacidades\/wp-content\/uploads\/2024\/07\/cropped-TECNNOVA-2022-02.png\",\"contentUrl\":\"https:\/\/tecnnova.org\/portafolio-de-capacidades\/wp-content\/uploads\/2024\/07\/cropped-TECNNOVA-2022-02.png\",\"width\":1609,\"height\":428,\"caption\":\"Portafolio de capacidades - Tecnnova\"},\"image\":{\"@id\":\"https:\/\/tecnnova.org\/portafolio-de-capacidades\/#\/schema\/logo\/image\/\"},\"sameAs\":[\"https:\/\/www.facebook.com\/Tecnnova_UEE-637591033015381\",\"https:\/\/x.com\/Tecnnova_UEE\"]}]}<\/script>\n<!-- \/ Yoast SEO plugin. -->","yoast_head_json":{"title":"Crear herramientas computacionales para el dimensionamiento de sistemas de generaci\u00f3n h\u00edbridos - Portafolio de capacidades - Tecnnova","robots":{"index":"index","follow":"follow","max-snippet":"max-snippet:-1","max-image-preview":"max-image-preview:large","max-video-preview":"max-video-preview:-1"},"canonical":"https:\/\/tecnnova.org\/portafolio-de-capacidades\/tienda\/sin categor\u00eda\/crear-herramientas-computacionales-para-el-dimensionamiento-de-sistemas-de-generacion-hibridos\/","og_locale":"es_ES","og_type":"article","og_title":"Crear herramientas computacionales para el dimensionamiento de sistemas de generaci\u00f3n h\u00edbridos - Portafolio de capacidades - Tecnnova","og_description":"Ofrece un valor significativo al optimizar el dise\u00f1o y rendimiento de los sistemas de generaci\u00f3n de energ\u00eda, facilitando la integraci\u00f3n de diversas tecnolog\u00edas y asegurando la eficiencia y sostenibilidad. La capacidad de simular y analizar diferentes configuraciones mejora la toma de decisiones, reduce costos, y contribuye a la reducci\u00f3n de emisiones y al cumplimiento normativo. [&hellip;]","og_url":"https:\/\/tecnnova.org\/portafolio-de-capacidades\/tienda\/sin categor\u00eda\/crear-herramientas-computacionales-para-el-dimensionamiento-de-sistemas-de-generacion-hibridos\/","og_site_name":"Portafolio de capacidades - Tecnnova","article_publisher":"https:\/\/www.facebook.com\/Tecnnova_UEE-637591033015381","twitter_card":"summary_large_image","twitter_site":"@Tecnnova_UEE","schema":{"@context":"https:\/\/schema.org","@graph":[{"@type":"WebPage","@id":"https:\/\/tecnnova.org\/portafolio-de-capacidades\/tienda\/sin categor\u00eda\/crear-herramientas-computacionales-para-el-dimensionamiento-de-sistemas-de-generacion-hibridos\/","url":"https:\/\/tecnnova.org\/portafolio-de-capacidades\/tienda\/sin categor\u00eda\/crear-herramientas-computacionales-para-el-dimensionamiento-de-sistemas-de-generacion-hibridos\/","name":"Crear herramientas computacionales para el dimensionamiento de sistemas de generaci\u00f3n h\u00edbridos - Portafolio de capacidades - Tecnnova","isPartOf":{"@id":"https:\/\/tecnnova.org\/portafolio-de-capacidades\/#website"},"primaryImageOfPage":{"@id":"https:\/\/tecnnova.org\/portafolio-de-capacidades\/tienda\/sin categor\u00eda\/crear-herramientas-computacionales-para-el-dimensionamiento-de-sistemas-de-generacion-hibridos\/#primaryimage"},"image":{"@id":"https:\/\/tecnnova.org\/portafolio-de-capacidades\/tienda\/sin categor\u00eda\/crear-herramientas-computacionales-para-el-dimensionamiento-de-sistemas-de-generacion-hibridos\/#primaryimage"},"thumbnailUrl":"https:\/\/tecnnova.org\/portafolio-de-capacidades\/wp-content\/uploads\/2024\/08\/iconorganizaciones.png","datePublished":"2024-08-29T20:37:20+00:00","dateModified":"2024-08-29T20:37:20+00:00","breadcrumb":{"@id":"https:\/\/tecnnova.org\/portafolio-de-capacidades\/tienda\/sin categor\u00eda\/crear-herramientas-computacionales-para-el-dimensionamiento-de-sistemas-de-generacion-hibridos\/#breadcrumb"},"inLanguage":"es-CO","potentialAction":[{"@type":"ReadAction","target":["https:\/\/tecnnova.org\/portafolio-de-capacidades\/tienda\/sin categor\u00eda\/crear-herramientas-computacionales-para-el-dimensionamiento-de-sistemas-de-generacion-hibridos\/"]}]},{"@type":"ImageObject","inLanguage":"es-CO","@id":"https:\/\/tecnnova.org\/portafolio-de-capacidades\/tienda\/sin categor\u00eda\/crear-herramientas-computacionales-para-el-dimensionamiento-de-sistemas-de-generacion-hibridos\/#primaryimage","url":"https:\/\/tecnnova.org\/portafolio-de-capacidades\/wp-content\/uploads\/2024\/08\/iconorganizaciones.png","contentUrl":"https:\/\/tecnnova.org\/portafolio-de-capacidades\/wp-content\/uploads\/2024\/08\/iconorganizaciones.png","width":100,"height":100},{"@type":"BreadcrumbList","@id":"https:\/\/tecnnova.org\/portafolio-de-capacidades\/tienda\/sin categor\u00eda\/crear-herramientas-computacionales-para-el-dimensionamiento-de-sistemas-de-generacion-hibridos\/#breadcrumb","itemListElement":[{"@type":"ListItem","position":1,"name":"Inicio","item":"https:\/\/tecnnova.org\/portafolio-de-capacidades\/"},{"@type":"ListItem","position":2,"name":"Portafolio de Capacidades","item":"https:\/\/tecnnova.org\/portafolio-de-capacidades\/"},{"@type":"ListItem","position":3,"name":"Crear herramientas computacionales para el dimensionamiento de sistemas de generaci\u00f3n h\u00edbridos"}]},{"@type":"WebSite","@id":"https:\/\/tecnnova.org\/portafolio-de-capacidades\/#website","url":"https:\/\/tecnnova.org\/portafolio-de-capacidades\/","name":"Portafolio de capacidades - Tecnnova","description":"","publisher":{"@id":"https:\/\/tecnnova.org\/portafolio-de-capacidades\/#organization"},"potentialAction":[{"@type":"SearchAction","target":{"@type":"EntryPoint","urlTemplate":"https:\/\/tecnnova.org\/portafolio-de-capacidades\/?s={search_term_string}"},"query-input":"required name=search_term_string"}],"inLanguage":"es-CO"},{"@type":"Organization","@id":"https:\/\/tecnnova.org\/portafolio-de-capacidades\/#organization","name":"Portafolio de capacidades - Tecnnova","url":"https:\/\/tecnnova.org\/portafolio-de-capacidades\/","logo":{"@type":"ImageObject","inLanguage":"es-CO","@id":"https:\/\/tecnnova.org\/portafolio-de-capacidades\/#\/schema\/logo\/image\/","url":"https:\/\/tecnnova.org\/portafolio-de-capacidades\/wp-content\/uploads\/2024\/07\/cropped-TECNNOVA-2022-02.png","contentUrl":"https:\/\/tecnnova.org\/portafolio-de-capacidades\/wp-content\/uploads\/2024\/07\/cropped-TECNNOVA-2022-02.png","width":1609,"height":428,"caption":"Portafolio de capacidades - Tecnnova"},"image":{"@id":"https:\/\/tecnnova.org\/portafolio-de-capacidades\/#\/schema\/logo\/image\/"},"sameAs":["https:\/\/www.facebook.com\/Tecnnova_UEE-637591033015381","https:\/\/x.com\/Tecnnova_UEE"]}]}},"_links":{"self":[{"href":"https:\/\/tecnnova.org\/portafolio-de-capacidades\/wp-json\/wp\/v2\/product\/2536","targetHints":{"allow":["GET"]}}],"collection":[{"href":"https:\/\/tecnnova.org\/portafolio-de-capacidades\/wp-json\/wp\/v2\/product"}],"about":[{"href":"https:\/\/tecnnova.org\/portafolio-de-capacidades\/wp-json\/wp\/v2\/types\/product"}],"version-history":[{"count":0,"href":"https:\/\/tecnnova.org\/portafolio-de-capacidades\/wp-json\/wp\/v2\/product\/2536\/revisions"}],"wp:featuredmedia":[{"embeddable":true,"href":"https:\/\/tecnnova.org\/portafolio-de-capacidades\/wp-json\/wp\/v2\/media\/904"}],"wp:attachment":[{"href":"https:\/\/tecnnova.org\/portafolio-de-capacidades\/wp-json\/wp\/v2\/media?parent=2536"}],"wp:term":[{"taxonomy":"product_cat","embeddable":true,"href":"https:\/\/tecnnova.org\/portafolio-de-capacidades\/wp-json\/wp\/v2\/product_cat?post=2536"},{"taxonomy":"product_tag","embeddable":true,"href":"https:\/\/tecnnova.org\/portafolio-de-capacidades\/wp-json\/wp\/v2\/product_tag?post=2536"}],"curies":[{"name":"wp","href":"https:\/\/api.w.org\/{rel}","templated":true}]}}