{"id":2540,"date":"2024-08-29T15:37:21","date_gmt":"2024-08-29T20:37:21","guid":{"rendered":"https:\/\/tecnnova.org\/portafolio-de-capacidades\/tienda\/sin categor\u00eda\/evaluar-la-biocompatibilidad-citotoxicidad-genotoxicidad-y-mutagenicidad-y-actividad-antibacteriana-de-insumos-y-productos-terminados\/"},"modified":"2024-08-29T15:37:21","modified_gmt":"2024-08-29T20:37:21","slug":"evaluar-la-biocompatibilidad-citotoxicidad-genotoxicidad-y-mutagenicidad-y-actividad-antibacteriana-de-insumos-y-productos-terminados","status":"publish","type":"product","link":"https:\/\/tecnnova.org\/portafolio-de-capacidades\/salud-y-vida\/evaluacion-de-biocompatibilidad-y-actividad-antibacteriana-de-productos\/","title":{"rendered":"Evaluar la biocompatibilidad (citotoxicidad, genotoxicidad y mutagenicidad) y actividad antibacteriana de insumos y productos terminados."},"content":{"rendered":"<p>Aporta un valor significativo al garantizar la seguridad y efectividad de productos en diversos contextos. Esta capacidad asegura que los insumos y productos cumplen con los est\u00e1ndares de seguridad y calidad, promoviendo la innovaci\u00f3n y el desarrollo de materiales y productos seguros y eficaces. Adem\u00e1s, facilita el cumplimiento de regulaciones, la protecci\u00f3n de la salud p\u00fablica y la optimizaci\u00f3n de procesos industriales y m\u00e9dicos.<\/p>\n","protected":false},"excerpt":{"rendered":"<p>Aporta un valor significativo al garantizar la seguridad y efectividad de productos en diversos contextos. Esta capacidad asegura que los insumos y productos cumplen con los est\u00e1ndares de seguridad y calidad, promoviendo la innovaci\u00f3n y el desarrollo de materiales y productos seguros y eficaces. Adem\u00e1s, facilita el cumplimiento de regulaciones, la protecci\u00f3n de la salud [&hellip;]<\/p>\n","protected":false},"featured_media":902,"template":"","meta":{"_acf_changed":false},"product_cat":[2566],"product_tag":[5423,3824,5420,5427,5421,5424,5422,5425,5426,3315],"class_list":{"0":"post-2540","1":"product","2":"type-product","3":"status-publish","4":"has-post-thumbnail","6":"product_cat-salud-y-vida","7":"product_tag-actividad-antibacteriana","8":"product_tag-biocompatibilidad","9":"product_tag-citotoxicidad","10":"product_tag-evaluacion-de-biocompatibilidad","11":"product_tag-genotoxicidad","12":"product_tag-insumos","13":"product_tag-mutagenicidad","14":"product_tag-productos-terminados","15":"product_tag-pruebas-de-laboratorio","16":"product_tag-tecnova","18":"first","19":"instock","20":"shipping-taxable","21":"product-type-simple"},"acf":[],"yoast_head":"<!-- This site is optimized with the Yoast SEO plugin v23.3 - https:\/\/yoast.com\/wordpress\/plugins\/seo\/ -->\n<title>Evaluar la biocompatibilidad (citotoxicidad, genotoxicidad y mutagenicidad) y actividad antibacteriana de insumos y productos terminados. - Portafolio de capacidades - Tecnnova<\/title>\n<meta name=\"robots\" content=\"index, follow, max-snippet:-1, max-image-preview:large, max-video-preview:-1\" \/>\n<link rel=\"canonical\" href=\"https:\/\/tecnnova.org\/portafolio-de-capacidades\/tienda\/sin%20categor\u00eda\/evaluar-la-biocompatibilidad-citotoxicidad-genotoxicidad-y-mutagenicidad-y-actividad-antibacteriana-de-insumos-y-productos-terminados\/\" \/>\n<meta property=\"og:locale\" content=\"es_ES\" \/>\n<meta property=\"og:type\" content=\"article\" \/>\n<meta property=\"og:title\" content=\"Evaluar la biocompatibilidad (citotoxicidad, genotoxicidad y mutagenicidad) y actividad antibacteriana de insumos y productos terminados. - Portafolio de capacidades - Tecnnova\" \/>\n<meta property=\"og:description\" content=\"Aporta un valor significativo al garantizar la seguridad y efectividad de productos en diversos contextos. Esta capacidad asegura que los insumos y productos cumplen con los est\u00e1ndares de seguridad y calidad, promoviendo la innovaci\u00f3n y el desarrollo de materiales y productos seguros y eficaces. Adem\u00e1s, facilita el cumplimiento de regulaciones, la protecci\u00f3n de la salud [&hellip;]\" \/>\n<meta property=\"og:url\" content=\"https:\/\/tecnnova.org\/portafolio-de-capacidades\/tienda\/sin categor\u00eda\/evaluar-la-biocompatibilidad-citotoxicidad-genotoxicidad-y-mutagenicidad-y-actividad-antibacteriana-de-insumos-y-productos-terminados\/\" \/>\n<meta property=\"og:site_name\" content=\"Portafolio de capacidades - Tecnnova\" \/>\n<meta property=\"article:publisher\" content=\"https:\/\/www.facebook.com\/Tecnnova_UEE-637591033015381\" \/>\n<meta name=\"twitter:card\" content=\"summary_large_image\" \/>\n<meta name=\"twitter:site\" content=\"@Tecnnova_UEE\" \/>\n<script type=\"application\/ld+json\" class=\"yoast-schema-graph\">{\"@context\":\"https:\/\/schema.org\",\"@graph\":[{\"@type\":\"WebPage\",\"@id\":\"https:\/\/tecnnova.org\/portafolio-de-capacidades\/tienda\/sin categor\u00eda\/evaluar-la-biocompatibilidad-citotoxicidad-genotoxicidad-y-mutagenicidad-y-actividad-antibacteriana-de-insumos-y-productos-terminados\/\",\"url\":\"https:\/\/tecnnova.org\/portafolio-de-capacidades\/tienda\/sin categor\u00eda\/evaluar-la-biocompatibilidad-citotoxicidad-genotoxicidad-y-mutagenicidad-y-actividad-antibacteriana-de-insumos-y-productos-terminados\/\",\"name\":\"Evaluar la biocompatibilidad (citotoxicidad, genotoxicidad y mutagenicidad) y actividad antibacteriana de insumos y productos terminados. - Portafolio de capacidades - Tecnnova\",\"isPartOf\":{\"@id\":\"https:\/\/tecnnova.org\/portafolio-de-capacidades\/#website\"},\"primaryImageOfPage\":{\"@id\":\"https:\/\/tecnnova.org\/portafolio-de-capacidades\/tienda\/sin categor\u00eda\/evaluar-la-biocompatibilidad-citotoxicidad-genotoxicidad-y-mutagenicidad-y-actividad-antibacteriana-de-insumos-y-productos-terminados\/#primaryimage\"},\"image\":{\"@id\":\"https:\/\/tecnnova.org\/portafolio-de-capacidades\/tienda\/sin categor\u00eda\/evaluar-la-biocompatibilidad-citotoxicidad-genotoxicidad-y-mutagenicidad-y-actividad-antibacteriana-de-insumos-y-productos-terminados\/#primaryimage\"},\"thumbnailUrl\":\"https:\/\/tecnnova.org\/portafolio-de-capacidades\/wp-content\/uploads\/2024\/08\/iconsaludyvida.png\",\"datePublished\":\"2024-08-29T20:37:21+00:00\",\"dateModified\":\"2024-08-29T20:37:21+00:00\",\"breadcrumb\":{\"@id\":\"https:\/\/tecnnova.org\/portafolio-de-capacidades\/tienda\/sin categor\u00eda\/evaluar-la-biocompatibilidad-citotoxicidad-genotoxicidad-y-mutagenicidad-y-actividad-antibacteriana-de-insumos-y-productos-terminados\/#breadcrumb\"},\"inLanguage\":\"es-CO\",\"potentialAction\":[{\"@type\":\"ReadAction\",\"target\":[\"https:\/\/tecnnova.org\/portafolio-de-capacidades\/tienda\/sin categor\u00eda\/evaluar-la-biocompatibilidad-citotoxicidad-genotoxicidad-y-mutagenicidad-y-actividad-antibacteriana-de-insumos-y-productos-terminados\/\"]}]},{\"@type\":\"ImageObject\",\"inLanguage\":\"es-CO\",\"@id\":\"https:\/\/tecnnova.org\/portafolio-de-capacidades\/tienda\/sin categor\u00eda\/evaluar-la-biocompatibilidad-citotoxicidad-genotoxicidad-y-mutagenicidad-y-actividad-antibacteriana-de-insumos-y-productos-terminados\/#primaryimage\",\"url\":\"https:\/\/tecnnova.org\/portafolio-de-capacidades\/wp-content\/uploads\/2024\/08\/iconsaludyvida.png\",\"contentUrl\":\"https:\/\/tecnnova.org\/portafolio-de-capacidades\/wp-content\/uploads\/2024\/08\/iconsaludyvida.png\",\"width\":100,\"height\":100},{\"@type\":\"BreadcrumbList\",\"@id\":\"https:\/\/tecnnova.org\/portafolio-de-capacidades\/tienda\/sin categor\u00eda\/evaluar-la-biocompatibilidad-citotoxicidad-genotoxicidad-y-mutagenicidad-y-actividad-antibacteriana-de-insumos-y-productos-terminados\/#breadcrumb\",\"itemListElement\":[{\"@type\":\"ListItem\",\"position\":1,\"name\":\"Inicio\",\"item\":\"https:\/\/tecnnova.org\/portafolio-de-capacidades\/\"},{\"@type\":\"ListItem\",\"position\":2,\"name\":\"Portafolio de Capacidades\",\"item\":\"https:\/\/tecnnova.org\/portafolio-de-capacidades\/\"},{\"@type\":\"ListItem\",\"position\":3,\"name\":\"Evaluar la biocompatibilidad (citotoxicidad, genotoxicidad y mutagenicidad) y actividad antibacteriana de insumos y productos terminados.\"}]},{\"@type\":\"WebSite\",\"@id\":\"https:\/\/tecnnova.org\/portafolio-de-capacidades\/#website\",\"url\":\"https:\/\/tecnnova.org\/portafolio-de-capacidades\/\",\"name\":\"Portafolio de capacidades - Tecnnova\",\"description\":\"\",\"publisher\":{\"@id\":\"https:\/\/tecnnova.org\/portafolio-de-capacidades\/#organization\"},\"potentialAction\":[{\"@type\":\"SearchAction\",\"target\":{\"@type\":\"EntryPoint\",\"urlTemplate\":\"https:\/\/tecnnova.org\/portafolio-de-capacidades\/?s={search_term_string}\"},\"query-input\":\"required name=search_term_string\"}],\"inLanguage\":\"es-CO\"},{\"@type\":\"Organization\",\"@id\":\"https:\/\/tecnnova.org\/portafolio-de-capacidades\/#organization\",\"name\":\"Portafolio de capacidades - Tecnnova\",\"url\":\"https:\/\/tecnnova.org\/portafolio-de-capacidades\/\",\"logo\":{\"@type\":\"ImageObject\",\"inLanguage\":\"es-CO\",\"@id\":\"https:\/\/tecnnova.org\/portafolio-de-capacidades\/#\/schema\/logo\/image\/\",\"url\":\"https:\/\/tecnnova.org\/portafolio-de-capacidades\/wp-content\/uploads\/2024\/07\/cropped-TECNNOVA-2022-02.png\",\"contentUrl\":\"https:\/\/tecnnova.org\/portafolio-de-capacidades\/wp-content\/uploads\/2024\/07\/cropped-TECNNOVA-2022-02.png\",\"width\":1609,\"height\":428,\"caption\":\"Portafolio de capacidades - Tecnnova\"},\"image\":{\"@id\":\"https:\/\/tecnnova.org\/portafolio-de-capacidades\/#\/schema\/logo\/image\/\"},\"sameAs\":[\"https:\/\/www.facebook.com\/Tecnnova_UEE-637591033015381\",\"https:\/\/x.com\/Tecnnova_UEE\"]}]}<\/script>\n<!-- \/ Yoast SEO plugin. -->","yoast_head_json":{"title":"Evaluar la biocompatibilidad (citotoxicidad, genotoxicidad y mutagenicidad) y actividad antibacteriana de insumos y productos terminados. - Portafolio de capacidades - Tecnnova","robots":{"index":"index","follow":"follow","max-snippet":"max-snippet:-1","max-image-preview":"max-image-preview:large","max-video-preview":"max-video-preview:-1"},"canonical":"https:\/\/tecnnova.org\/portafolio-de-capacidades\/tienda\/sin categor\u00eda\/evaluar-la-biocompatibilidad-citotoxicidad-genotoxicidad-y-mutagenicidad-y-actividad-antibacteriana-de-insumos-y-productos-terminados\/","og_locale":"es_ES","og_type":"article","og_title":"Evaluar la biocompatibilidad (citotoxicidad, genotoxicidad y mutagenicidad) y actividad antibacteriana de insumos y productos terminados. - Portafolio de capacidades - Tecnnova","og_description":"Aporta un valor significativo al garantizar la seguridad y efectividad de productos en diversos contextos. Esta capacidad asegura que los insumos y productos cumplen con los est\u00e1ndares de seguridad y calidad, promoviendo la innovaci\u00f3n y el desarrollo de materiales y productos seguros y eficaces. Adem\u00e1s, facilita el cumplimiento de regulaciones, la protecci\u00f3n de la salud [&hellip;]","og_url":"https:\/\/tecnnova.org\/portafolio-de-capacidades\/tienda\/sin categor\u00eda\/evaluar-la-biocompatibilidad-citotoxicidad-genotoxicidad-y-mutagenicidad-y-actividad-antibacteriana-de-insumos-y-productos-terminados\/","og_site_name":"Portafolio de capacidades - Tecnnova","article_publisher":"https:\/\/www.facebook.com\/Tecnnova_UEE-637591033015381","twitter_card":"summary_large_image","twitter_site":"@Tecnnova_UEE","schema":{"@context":"https:\/\/schema.org","@graph":[{"@type":"WebPage","@id":"https:\/\/tecnnova.org\/portafolio-de-capacidades\/tienda\/sin categor\u00eda\/evaluar-la-biocompatibilidad-citotoxicidad-genotoxicidad-y-mutagenicidad-y-actividad-antibacteriana-de-insumos-y-productos-terminados\/","url":"https:\/\/tecnnova.org\/portafolio-de-capacidades\/tienda\/sin categor\u00eda\/evaluar-la-biocompatibilidad-citotoxicidad-genotoxicidad-y-mutagenicidad-y-actividad-antibacteriana-de-insumos-y-productos-terminados\/","name":"Evaluar la biocompatibilidad (citotoxicidad, genotoxicidad y mutagenicidad) y actividad antibacteriana de insumos y productos terminados. - Portafolio de capacidades - Tecnnova","isPartOf":{"@id":"https:\/\/tecnnova.org\/portafolio-de-capacidades\/#website"},"primaryImageOfPage":{"@id":"https:\/\/tecnnova.org\/portafolio-de-capacidades\/tienda\/sin categor\u00eda\/evaluar-la-biocompatibilidad-citotoxicidad-genotoxicidad-y-mutagenicidad-y-actividad-antibacteriana-de-insumos-y-productos-terminados\/#primaryimage"},"image":{"@id":"https:\/\/tecnnova.org\/portafolio-de-capacidades\/tienda\/sin categor\u00eda\/evaluar-la-biocompatibilidad-citotoxicidad-genotoxicidad-y-mutagenicidad-y-actividad-antibacteriana-de-insumos-y-productos-terminados\/#primaryimage"},"thumbnailUrl":"https:\/\/tecnnova.org\/portafolio-de-capacidades\/wp-content\/uploads\/2024\/08\/iconsaludyvida.png","datePublished":"2024-08-29T20:37:21+00:00","dateModified":"2024-08-29T20:37:21+00:00","breadcrumb":{"@id":"https:\/\/tecnnova.org\/portafolio-de-capacidades\/tienda\/sin categor\u00eda\/evaluar-la-biocompatibilidad-citotoxicidad-genotoxicidad-y-mutagenicidad-y-actividad-antibacteriana-de-insumos-y-productos-terminados\/#breadcrumb"},"inLanguage":"es-CO","potentialAction":[{"@type":"ReadAction","target":["https:\/\/tecnnova.org\/portafolio-de-capacidades\/tienda\/sin categor\u00eda\/evaluar-la-biocompatibilidad-citotoxicidad-genotoxicidad-y-mutagenicidad-y-actividad-antibacteriana-de-insumos-y-productos-terminados\/"]}]},{"@type":"ImageObject","inLanguage":"es-CO","@id":"https:\/\/tecnnova.org\/portafolio-de-capacidades\/tienda\/sin categor\u00eda\/evaluar-la-biocompatibilidad-citotoxicidad-genotoxicidad-y-mutagenicidad-y-actividad-antibacteriana-de-insumos-y-productos-terminados\/#primaryimage","url":"https:\/\/tecnnova.org\/portafolio-de-capacidades\/wp-content\/uploads\/2024\/08\/iconsaludyvida.png","contentUrl":"https:\/\/tecnnova.org\/portafolio-de-capacidades\/wp-content\/uploads\/2024\/08\/iconsaludyvida.png","width":100,"height":100},{"@type":"BreadcrumbList","@id":"https:\/\/tecnnova.org\/portafolio-de-capacidades\/tienda\/sin categor\u00eda\/evaluar-la-biocompatibilidad-citotoxicidad-genotoxicidad-y-mutagenicidad-y-actividad-antibacteriana-de-insumos-y-productos-terminados\/#breadcrumb","itemListElement":[{"@type":"ListItem","position":1,"name":"Inicio","item":"https:\/\/tecnnova.org\/portafolio-de-capacidades\/"},{"@type":"ListItem","position":2,"name":"Portafolio de Capacidades","item":"https:\/\/tecnnova.org\/portafolio-de-capacidades\/"},{"@type":"ListItem","position":3,"name":"Evaluar la biocompatibilidad (citotoxicidad, genotoxicidad y mutagenicidad) y actividad antibacteriana de insumos y productos terminados."}]},{"@type":"WebSite","@id":"https:\/\/tecnnova.org\/portafolio-de-capacidades\/#website","url":"https:\/\/tecnnova.org\/portafolio-de-capacidades\/","name":"Portafolio de capacidades - Tecnnova","description":"","publisher":{"@id":"https:\/\/tecnnova.org\/portafolio-de-capacidades\/#organization"},"potentialAction":[{"@type":"SearchAction","target":{"@type":"EntryPoint","urlTemplate":"https:\/\/tecnnova.org\/portafolio-de-capacidades\/?s={search_term_string}"},"query-input":"required name=search_term_string"}],"inLanguage":"es-CO"},{"@type":"Organization","@id":"https:\/\/tecnnova.org\/portafolio-de-capacidades\/#organization","name":"Portafolio de capacidades - Tecnnova","url":"https:\/\/tecnnova.org\/portafolio-de-capacidades\/","logo":{"@type":"ImageObject","inLanguage":"es-CO","@id":"https:\/\/tecnnova.org\/portafolio-de-capacidades\/#\/schema\/logo\/image\/","url":"https:\/\/tecnnova.org\/portafolio-de-capacidades\/wp-content\/uploads\/2024\/07\/cropped-TECNNOVA-2022-02.png","contentUrl":"https:\/\/tecnnova.org\/portafolio-de-capacidades\/wp-content\/uploads\/2024\/07\/cropped-TECNNOVA-2022-02.png","width":1609,"height":428,"caption":"Portafolio de capacidades - Tecnnova"},"image":{"@id":"https:\/\/tecnnova.org\/portafolio-de-capacidades\/#\/schema\/logo\/image\/"},"sameAs":["https:\/\/www.facebook.com\/Tecnnova_UEE-637591033015381","https:\/\/x.com\/Tecnnova_UEE"]}]}},"_links":{"self":[{"href":"https:\/\/tecnnova.org\/portafolio-de-capacidades\/wp-json\/wp\/v2\/product\/2540","targetHints":{"allow":["GET"]}}],"collection":[{"href":"https:\/\/tecnnova.org\/portafolio-de-capacidades\/wp-json\/wp\/v2\/product"}],"about":[{"href":"https:\/\/tecnnova.org\/portafolio-de-capacidades\/wp-json\/wp\/v2\/types\/product"}],"version-history":[{"count":0,"href":"https:\/\/tecnnova.org\/portafolio-de-capacidades\/wp-json\/wp\/v2\/product\/2540\/revisions"}],"wp:featuredmedia":[{"embeddable":true,"href":"https:\/\/tecnnova.org\/portafolio-de-capacidades\/wp-json\/wp\/v2\/media\/902"}],"wp:attachment":[{"href":"https:\/\/tecnnova.org\/portafolio-de-capacidades\/wp-json\/wp\/v2\/media?parent=2540"}],"wp:term":[{"taxonomy":"product_cat","embeddable":true,"href":"https:\/\/tecnnova.org\/portafolio-de-capacidades\/wp-json\/wp\/v2\/product_cat?post=2540"},{"taxonomy":"product_tag","embeddable":true,"href":"https:\/\/tecnnova.org\/portafolio-de-capacidades\/wp-json\/wp\/v2\/product_tag?post=2540"}],"curies":[{"name":"wp","href":"https:\/\/api.w.org\/{rel}","templated":true}]}}