{"id":2545,"date":"2024-08-29T15:37:24","date_gmt":"2024-08-29T20:37:24","guid":{"rendered":"https:\/\/tecnnova.org\/portafolio-de-capacidades\/tienda\/sin%20categor\u00eda\/analizar-imagenes-y-senales-mediante-inteligencia-artificial\/"},"modified":"2026-01-20T13:22:55","modified_gmt":"2026-01-20T18:22:55","slug":"analizar-imagenes-y-senales-mediante-inteligencia-artificial","status":"publish","type":"product","link":"https:\/\/tecnnova.org\/portafolio-de-capacidades\/organizaciones-y-territorios-competitivos\/organizaciones-y-territorios-competitivo\/analisis-de-imagenes-y-senales-con-inteligencia-artificial\/","title":{"rendered":"Analizar im\u00e1genes y se\u00f1ales mediante inteligencia artificial"},"content":{"rendered":"<p>Agrega valor al mejorar la precisi\u00f3n del an\u00e1lisis, optimizar procesos, desarrollar nuevas aplicaciones, mejorar la toma de decisiones, avanzar en investigaci\u00f3n y desarrollo, ofrecer aplicaciones en diversos sectores, optimizar recursos, mejorar la calidad de datos, desarrollar herramientas y aplicaciones, y capacitar en el uso de tecnolog\u00edas avanzadas.<\/p>\n","protected":false},"excerpt":{"rendered":"<p>Agrega valor al mejorar la precisi\u00f3n del an\u00e1lisis, optimizar procesos, desarrollar nuevas aplicaciones, mejorar la toma de decisiones, avanzar en investigaci\u00f3n y desarrollo, ofrecer aplicaciones en diversos sectores, optimizar recursos, mejorar la calidad de datos, desarrollar herramientas y aplicaciones, y capacitar en el uso de tecnolog\u00edas avanzadas.<\/p>\n","protected":false},"featured_media":904,"template":"","meta":{"_acf_changed":false},"product_cat":[2925],"product_tag":[3684,5452,2796,3866,3690,5437,3686,2573,5428,5100,3084,3687,2804,2578],"class_list":{"0":"post-2545","1":"product","2":"type-product","3":"status-publish","4":"has-post-thumbnail","6":"product_cat-organizaciones-y-territorios-competitivos","7":"product_tag-algoritmos","8":"product_tag-analisis-automatico","9":"product_tag-analizar","10":"product_tag-biomedica","11":"product_tag-datos","12":"product_tag-gi2b","13":"product_tag-imagenes","14":"product_tag-inteligencia-artificial","15":"product_tag-itm","16":"product_tag-machine-learning","17":"product_tag-procesamiento","18":"product_tag-reconocimiento","19":"product_tag-senales","20":"product_tag-tecnnova","22":"first","23":"instock","24":"shipping-taxable","25":"product-type-simple"},"acf":[],"yoast_head":"<!-- This site is optimized with the Yoast SEO plugin v23.3 - https:\/\/yoast.com\/wordpress\/plugins\/seo\/ -->\n<title>Analizar im\u00e1genes y se\u00f1ales mediante inteligencia artificial - Portafolio de capacidades - Tecnnova<\/title>\n<meta name=\"robots\" content=\"index, follow, max-snippet:-1, max-image-preview:large, max-video-preview:-1\" \/>\n<link rel=\"canonical\" href=\"https:\/\/tecnnova.org\/portafolio-de-capacidades\/organizaciones-y-territorios-competitivo\/analisis-de-imagenes-y-senales-con-inteligencia-artificial\/\" \/>\n<meta property=\"og:locale\" content=\"es_ES\" \/>\n<meta property=\"og:type\" content=\"article\" \/>\n<meta property=\"og:title\" content=\"Analizar im\u00e1genes y se\u00f1ales mediante inteligencia artificial - Portafolio de capacidades - Tecnnova\" \/>\n<meta property=\"og:description\" content=\"Agrega valor al mejorar la precisi\u00f3n del an\u00e1lisis, optimizar procesos, desarrollar nuevas aplicaciones, mejorar la toma de decisiones, avanzar en investigaci\u00f3n y desarrollo, ofrecer aplicaciones en diversos sectores, optimizar recursos, mejorar la calidad de datos, desarrollar herramientas y aplicaciones, y capacitar en el uso de tecnolog\u00edas avanzadas.\" \/>\n<meta property=\"og:url\" content=\"https:\/\/tecnnova.org\/portafolio-de-capacidades\/organizaciones-y-territorios-competitivo\/analisis-de-imagenes-y-senales-con-inteligencia-artificial\/\" \/>\n<meta property=\"og:site_name\" content=\"Portafolio de capacidades - Tecnnova\" \/>\n<meta property=\"article:publisher\" content=\"https:\/\/www.facebook.com\/Tecnnova_UEE-637591033015381\" \/>\n<meta property=\"article:modified_time\" content=\"2026-01-20T18:22:55+00:00\" \/>\n<meta property=\"og:image\" content=\"https:\/\/tecnnova.org\/portafolio-de-capacidades\/wp-content\/uploads\/2024\/08\/iconorganizaciones.png\" \/>\n\t<meta property=\"og:image:width\" content=\"100\" \/>\n\t<meta property=\"og:image:height\" content=\"100\" \/>\n\t<meta property=\"og:image:type\" content=\"image\/png\" \/>\n<meta name=\"twitter:card\" content=\"summary_large_image\" \/>\n<meta name=\"twitter:site\" content=\"@Tecnnova_UEE\" \/>\n<script type=\"application\/ld+json\" class=\"yoast-schema-graph\">{\"@context\":\"https:\/\/schema.org\",\"@graph\":[{\"@type\":\"WebPage\",\"@id\":\"https:\/\/tecnnova.org\/portafolio-de-capacidades\/organizaciones-y-territorios-competitivo\/analisis-de-imagenes-y-senales-con-inteligencia-artificial\/\",\"url\":\"https:\/\/tecnnova.org\/portafolio-de-capacidades\/organizaciones-y-territorios-competitivo\/analisis-de-imagenes-y-senales-con-inteligencia-artificial\/\",\"name\":\"Analizar im\u00e1genes y se\u00f1ales mediante inteligencia artificial - Portafolio de capacidades - Tecnnova\",\"isPartOf\":{\"@id\":\"https:\/\/tecnnova.org\/portafolio-de-capacidades\/#website\"},\"primaryImageOfPage\":{\"@id\":\"https:\/\/tecnnova.org\/portafolio-de-capacidades\/organizaciones-y-territorios-competitivo\/analisis-de-imagenes-y-senales-con-inteligencia-artificial\/#primaryimage\"},\"image\":{\"@id\":\"https:\/\/tecnnova.org\/portafolio-de-capacidades\/organizaciones-y-territorios-competitivo\/analisis-de-imagenes-y-senales-con-inteligencia-artificial\/#primaryimage\"},\"thumbnailUrl\":\"https:\/\/tecnnova.org\/portafolio-de-capacidades\/wp-content\/uploads\/2024\/08\/iconorganizaciones.png\",\"datePublished\":\"2024-08-29T20:37:24+00:00\",\"dateModified\":\"2026-01-20T18:22:55+00:00\",\"breadcrumb\":{\"@id\":\"https:\/\/tecnnova.org\/portafolio-de-capacidades\/organizaciones-y-territorios-competitivo\/analisis-de-imagenes-y-senales-con-inteligencia-artificial\/#breadcrumb\"},\"inLanguage\":\"es-CO\",\"potentialAction\":[{\"@type\":\"ReadAction\",\"target\":[\"https:\/\/tecnnova.org\/portafolio-de-capacidades\/organizaciones-y-territorios-competitivo\/analisis-de-imagenes-y-senales-con-inteligencia-artificial\/\"]}]},{\"@type\":\"ImageObject\",\"inLanguage\":\"es-CO\",\"@id\":\"https:\/\/tecnnova.org\/portafolio-de-capacidades\/organizaciones-y-territorios-competitivo\/analisis-de-imagenes-y-senales-con-inteligencia-artificial\/#primaryimage\",\"url\":\"https:\/\/tecnnova.org\/portafolio-de-capacidades\/wp-content\/uploads\/2024\/08\/iconorganizaciones.png\",\"contentUrl\":\"https:\/\/tecnnova.org\/portafolio-de-capacidades\/wp-content\/uploads\/2024\/08\/iconorganizaciones.png\",\"width\":100,\"height\":100},{\"@type\":\"BreadcrumbList\",\"@id\":\"https:\/\/tecnnova.org\/portafolio-de-capacidades\/organizaciones-y-territorios-competitivo\/analisis-de-imagenes-y-senales-con-inteligencia-artificial\/#breadcrumb\",\"itemListElement\":[{\"@type\":\"ListItem\",\"position\":1,\"name\":\"Inicio\",\"item\":\"https:\/\/tecnnova.org\/portafolio-de-capacidades\/\"},{\"@type\":\"ListItem\",\"position\":2,\"name\":\"Portafolio de Capacidades\",\"item\":\"https:\/\/tecnnova.org\/portafolio-de-capacidades\/\"},{\"@type\":\"ListItem\",\"position\":3,\"name\":\"Analizar im\u00e1genes y se\u00f1ales mediante inteligencia artificial\"}]},{\"@type\":\"WebSite\",\"@id\":\"https:\/\/tecnnova.org\/portafolio-de-capacidades\/#website\",\"url\":\"https:\/\/tecnnova.org\/portafolio-de-capacidades\/\",\"name\":\"Portafolio de capacidades - Tecnnova\",\"description\":\"\",\"publisher\":{\"@id\":\"https:\/\/tecnnova.org\/portafolio-de-capacidades\/#organization\"},\"potentialAction\":[{\"@type\":\"SearchAction\",\"target\":{\"@type\":\"EntryPoint\",\"urlTemplate\":\"https:\/\/tecnnova.org\/portafolio-de-capacidades\/?s={search_term_string}\"},\"query-input\":\"required name=search_term_string\"}],\"inLanguage\":\"es-CO\"},{\"@type\":\"Organization\",\"@id\":\"https:\/\/tecnnova.org\/portafolio-de-capacidades\/#organization\",\"name\":\"Portafolio de capacidades - Tecnnova\",\"url\":\"https:\/\/tecnnova.org\/portafolio-de-capacidades\/\",\"logo\":{\"@type\":\"ImageObject\",\"inLanguage\":\"es-CO\",\"@id\":\"https:\/\/tecnnova.org\/portafolio-de-capacidades\/#\/schema\/logo\/image\/\",\"url\":\"https:\/\/tecnnova.org\/portafolio-de-capacidades\/wp-content\/uploads\/2024\/07\/cropped-TECNNOVA-2022-02.png\",\"contentUrl\":\"https:\/\/tecnnova.org\/portafolio-de-capacidades\/wp-content\/uploads\/2024\/07\/cropped-TECNNOVA-2022-02.png\",\"width\":1609,\"height\":428,\"caption\":\"Portafolio de capacidades - Tecnnova\"},\"image\":{\"@id\":\"https:\/\/tecnnova.org\/portafolio-de-capacidades\/#\/schema\/logo\/image\/\"},\"sameAs\":[\"https:\/\/www.facebook.com\/Tecnnova_UEE-637591033015381\",\"https:\/\/x.com\/Tecnnova_UEE\"]}]}<\/script>\n<!-- \/ Yoast SEO plugin. -->","yoast_head_json":{"title":"Analizar im\u00e1genes y se\u00f1ales mediante inteligencia artificial - Portafolio de capacidades - Tecnnova","robots":{"index":"index","follow":"follow","max-snippet":"max-snippet:-1","max-image-preview":"max-image-preview:large","max-video-preview":"max-video-preview:-1"},"canonical":"https:\/\/tecnnova.org\/portafolio-de-capacidades\/organizaciones-y-territorios-competitivo\/analisis-de-imagenes-y-senales-con-inteligencia-artificial\/","og_locale":"es_ES","og_type":"article","og_title":"Analizar im\u00e1genes y se\u00f1ales mediante inteligencia artificial - Portafolio de capacidades - Tecnnova","og_description":"Agrega valor al mejorar la precisi\u00f3n del an\u00e1lisis, optimizar procesos, desarrollar nuevas aplicaciones, mejorar la toma de decisiones, avanzar en investigaci\u00f3n y desarrollo, ofrecer aplicaciones en diversos sectores, optimizar recursos, mejorar la calidad de datos, desarrollar herramientas y aplicaciones, y capacitar en el uso de tecnolog\u00edas avanzadas.","og_url":"https:\/\/tecnnova.org\/portafolio-de-capacidades\/organizaciones-y-territorios-competitivo\/analisis-de-imagenes-y-senales-con-inteligencia-artificial\/","og_site_name":"Portafolio de capacidades - Tecnnova","article_publisher":"https:\/\/www.facebook.com\/Tecnnova_UEE-637591033015381","article_modified_time":"2026-01-20T18:22:55+00:00","og_image":[{"width":100,"height":100,"url":"https:\/\/tecnnova.org\/portafolio-de-capacidades\/wp-content\/uploads\/2024\/08\/iconorganizaciones.png","type":"image\/png"}],"twitter_card":"summary_large_image","twitter_site":"@Tecnnova_UEE","schema":{"@context":"https:\/\/schema.org","@graph":[{"@type":"WebPage","@id":"https:\/\/tecnnova.org\/portafolio-de-capacidades\/organizaciones-y-territorios-competitivo\/analisis-de-imagenes-y-senales-con-inteligencia-artificial\/","url":"https:\/\/tecnnova.org\/portafolio-de-capacidades\/organizaciones-y-territorios-competitivo\/analisis-de-imagenes-y-senales-con-inteligencia-artificial\/","name":"Analizar im\u00e1genes y se\u00f1ales mediante inteligencia artificial - Portafolio de capacidades - Tecnnova","isPartOf":{"@id":"https:\/\/tecnnova.org\/portafolio-de-capacidades\/#website"},"primaryImageOfPage":{"@id":"https:\/\/tecnnova.org\/portafolio-de-capacidades\/organizaciones-y-territorios-competitivo\/analisis-de-imagenes-y-senales-con-inteligencia-artificial\/#primaryimage"},"image":{"@id":"https:\/\/tecnnova.org\/portafolio-de-capacidades\/organizaciones-y-territorios-competitivo\/analisis-de-imagenes-y-senales-con-inteligencia-artificial\/#primaryimage"},"thumbnailUrl":"https:\/\/tecnnova.org\/portafolio-de-capacidades\/wp-content\/uploads\/2024\/08\/iconorganizaciones.png","datePublished":"2024-08-29T20:37:24+00:00","dateModified":"2026-01-20T18:22:55+00:00","breadcrumb":{"@id":"https:\/\/tecnnova.org\/portafolio-de-capacidades\/organizaciones-y-territorios-competitivo\/analisis-de-imagenes-y-senales-con-inteligencia-artificial\/#breadcrumb"},"inLanguage":"es-CO","potentialAction":[{"@type":"ReadAction","target":["https:\/\/tecnnova.org\/portafolio-de-capacidades\/organizaciones-y-territorios-competitivo\/analisis-de-imagenes-y-senales-con-inteligencia-artificial\/"]}]},{"@type":"ImageObject","inLanguage":"es-CO","@id":"https:\/\/tecnnova.org\/portafolio-de-capacidades\/organizaciones-y-territorios-competitivo\/analisis-de-imagenes-y-senales-con-inteligencia-artificial\/#primaryimage","url":"https:\/\/tecnnova.org\/portafolio-de-capacidades\/wp-content\/uploads\/2024\/08\/iconorganizaciones.png","contentUrl":"https:\/\/tecnnova.org\/portafolio-de-capacidades\/wp-content\/uploads\/2024\/08\/iconorganizaciones.png","width":100,"height":100},{"@type":"BreadcrumbList","@id":"https:\/\/tecnnova.org\/portafolio-de-capacidades\/organizaciones-y-territorios-competitivo\/analisis-de-imagenes-y-senales-con-inteligencia-artificial\/#breadcrumb","itemListElement":[{"@type":"ListItem","position":1,"name":"Inicio","item":"https:\/\/tecnnova.org\/portafolio-de-capacidades\/"},{"@type":"ListItem","position":2,"name":"Portafolio de Capacidades","item":"https:\/\/tecnnova.org\/portafolio-de-capacidades\/"},{"@type":"ListItem","position":3,"name":"Analizar im\u00e1genes y se\u00f1ales mediante inteligencia artificial"}]},{"@type":"WebSite","@id":"https:\/\/tecnnova.org\/portafolio-de-capacidades\/#website","url":"https:\/\/tecnnova.org\/portafolio-de-capacidades\/","name":"Portafolio de capacidades - Tecnnova","description":"","publisher":{"@id":"https:\/\/tecnnova.org\/portafolio-de-capacidades\/#organization"},"potentialAction":[{"@type":"SearchAction","target":{"@type":"EntryPoint","urlTemplate":"https:\/\/tecnnova.org\/portafolio-de-capacidades\/?s={search_term_string}"},"query-input":"required name=search_term_string"}],"inLanguage":"es-CO"},{"@type":"Organization","@id":"https:\/\/tecnnova.org\/portafolio-de-capacidades\/#organization","name":"Portafolio de capacidades - Tecnnova","url":"https:\/\/tecnnova.org\/portafolio-de-capacidades\/","logo":{"@type":"ImageObject","inLanguage":"es-CO","@id":"https:\/\/tecnnova.org\/portafolio-de-capacidades\/#\/schema\/logo\/image\/","url":"https:\/\/tecnnova.org\/portafolio-de-capacidades\/wp-content\/uploads\/2024\/07\/cropped-TECNNOVA-2022-02.png","contentUrl":"https:\/\/tecnnova.org\/portafolio-de-capacidades\/wp-content\/uploads\/2024\/07\/cropped-TECNNOVA-2022-02.png","width":1609,"height":428,"caption":"Portafolio de capacidades - Tecnnova"},"image":{"@id":"https:\/\/tecnnova.org\/portafolio-de-capacidades\/#\/schema\/logo\/image\/"},"sameAs":["https:\/\/www.facebook.com\/Tecnnova_UEE-637591033015381","https:\/\/x.com\/Tecnnova_UEE"]}]}},"_links":{"self":[{"href":"https:\/\/tecnnova.org\/portafolio-de-capacidades\/wp-json\/wp\/v2\/product\/2545","targetHints":{"allow":["GET"]}}],"collection":[{"href":"https:\/\/tecnnova.org\/portafolio-de-capacidades\/wp-json\/wp\/v2\/product"}],"about":[{"href":"https:\/\/tecnnova.org\/portafolio-de-capacidades\/wp-json\/wp\/v2\/types\/product"}],"version-history":[{"count":1,"href":"https:\/\/tecnnova.org\/portafolio-de-capacidades\/wp-json\/wp\/v2\/product\/2545\/revisions"}],"predecessor-version":[{"id":4204,"href":"https:\/\/tecnnova.org\/portafolio-de-capacidades\/wp-json\/wp\/v2\/product\/2545\/revisions\/4204"}],"wp:featuredmedia":[{"embeddable":true,"href":"https:\/\/tecnnova.org\/portafolio-de-capacidades\/wp-json\/wp\/v2\/media\/904"}],"wp:attachment":[{"href":"https:\/\/tecnnova.org\/portafolio-de-capacidades\/wp-json\/wp\/v2\/media?parent=2545"}],"wp:term":[{"taxonomy":"product_cat","embeddable":true,"href":"https:\/\/tecnnova.org\/portafolio-de-capacidades\/wp-json\/wp\/v2\/product_cat?post=2545"},{"taxonomy":"product_tag","embeddable":true,"href":"https:\/\/tecnnova.org\/portafolio-de-capacidades\/wp-json\/wp\/v2\/product_tag?post=2545"}],"curies":[{"name":"wp","href":"https:\/\/api.w.org\/{rel}","templated":true}]}}