{"id":2554,"date":"2024-08-29T15:37:26","date_gmt":"2024-08-29T20:37:26","guid":{"rendered":"https:\/\/tecnnova.org\/portafolio-de-capacidades\/tienda\/sin categor\u00eda\/diagnosticar-procesos-de-lectura-escritura-y-oralidad-para-el-levantamiento-de-informacion-para-delineacion-de-politicas-publicas\/"},"modified":"2024-08-29T15:37:26","modified_gmt":"2024-08-29T20:37:26","slug":"diagnosticar-procesos-de-lectura-escritura-y-oralidad-para-el-levantamiento-de-informacion-para-delineacion-de-politicas-publicas","status":"publish","type":"product","link":"https:\/\/tecnnova.org\/portafolio-de-capacidades\/cultura-y-sociedad\/diagnostico-de-lectura-y-escritura-para-politicas-publicas\/","title":{"rendered":"Diagnosticar procesos de lectura, escritura y oralidad para el levantamiento de informaci\u00f3n para delineaci\u00f3n de pol\u00edticas p\u00fablicas."},"content":{"rendered":"<p>El valor agregado reside en la creaci\u00f3n de pol\u00edticas educativas efectivas y basadas en datos, la mejora de la calidad de la educaci\u00f3n, la promoci\u00f3n de la inclusi\u00f3n, la alineaci\u00f3n con est\u00e1ndares internacionales, y el fortalecimiento de la capacidad profesional y comunitaria en el \u00e1mbito de la lectura, escritura y oralidad. Esta combinaci\u00f3n asegura un enfoque integral y bien fundamentado para abordar los desaf\u00edos en la educaci\u00f3n y mejorar los resultados de aprendizaje. Estos lineamientos de pol\u00edtica p\u00fablica en lectura, escritura y oralidad se encuentran en convenio con CERLAC.<\/p>\n","protected":false},"excerpt":{"rendered":"<p>El valor agregado reside en la creaci\u00f3n de pol\u00edticas educativas efectivas y basadas en datos, la mejora de la calidad de la educaci\u00f3n, la promoci\u00f3n de la inclusi\u00f3n, la alineaci\u00f3n con est\u00e1ndares internacionales, y el fortalecimiento de la capacidad profesional y comunitaria en el \u00e1mbito de la lectura, escritura y oralidad. Esta combinaci\u00f3n asegura un [&hellip;]<\/p>\n","protected":false},"featured_media":905,"template":"","meta":{"_acf_changed":false},"product_cat":[2629],"product_tag":[2726,2808,3690,2710,3344,5476,3289,3693,5475,5477,3722,3730,2578],"class_list":{"0":"post-2554","1":"product","2":"type-product","3":"status-publish","4":"has-post-thumbnail","6":"product_cat-cultura-y-sociedad","7":"product_tag-analisis","8":"product_tag-comunicacion","9":"product_tag-datos","10":"product_tag-diagnostico","11":"product_tag-eia","12":"product_tag-escritura","13":"product_tag-espiral","14":"product_tag-informacion","15":"product_tag-lectura","16":"product_tag-oralidad","17":"product_tag-politicas","18":"product_tag-publicas","19":"product_tag-tecnnova","21":"first","22":"instock","23":"shipping-taxable","24":"product-type-simple"},"acf":[],"yoast_head":"<!-- This site is optimized with the Yoast SEO plugin v23.3 - https:\/\/yoast.com\/wordpress\/plugins\/seo\/ -->\n<title>Diagnosticar procesos de lectura, escritura y oralidad para el levantamiento de informaci\u00f3n para delineaci\u00f3n de pol\u00edticas p\u00fablicas. - Portafolio de capacidades - Tecnnova<\/title>\n<meta name=\"robots\" content=\"index, follow, max-snippet:-1, max-image-preview:large, max-video-preview:-1\" \/>\n<link rel=\"canonical\" href=\"https:\/\/tecnnova.org\/portafolio-de-capacidades\/tienda\/sin%20categor\u00eda\/diagnosticar-procesos-de-lectura-escritura-y-oralidad-para-el-levantamiento-de-informacion-para-delineacion-de-politicas-publicas\/\" \/>\n<meta property=\"og:locale\" content=\"es_ES\" \/>\n<meta property=\"og:type\" content=\"article\" \/>\n<meta property=\"og:title\" content=\"Diagnosticar procesos de lectura, escritura y oralidad para el levantamiento de informaci\u00f3n para delineaci\u00f3n de pol\u00edticas p\u00fablicas. - Portafolio de capacidades - Tecnnova\" \/>\n<meta property=\"og:description\" content=\"El valor agregado reside en la creaci\u00f3n de pol\u00edticas educativas efectivas y basadas en datos, la mejora de la calidad de la educaci\u00f3n, la promoci\u00f3n de la inclusi\u00f3n, la alineaci\u00f3n con est\u00e1ndares internacionales, y el fortalecimiento de la capacidad profesional y comunitaria en el \u00e1mbito de la lectura, escritura y oralidad. Esta combinaci\u00f3n asegura un [&hellip;]\" \/>\n<meta property=\"og:url\" content=\"https:\/\/tecnnova.org\/portafolio-de-capacidades\/tienda\/sin categor\u00eda\/diagnosticar-procesos-de-lectura-escritura-y-oralidad-para-el-levantamiento-de-informacion-para-delineacion-de-politicas-publicas\/\" \/>\n<meta property=\"og:site_name\" content=\"Portafolio de capacidades - Tecnnova\" \/>\n<meta property=\"article:publisher\" content=\"https:\/\/www.facebook.com\/Tecnnova_UEE-637591033015381\" \/>\n<meta name=\"twitter:card\" content=\"summary_large_image\" \/>\n<meta name=\"twitter:site\" content=\"@Tecnnova_UEE\" \/>\n<meta name=\"twitter:label1\" content=\"Tiempo de lectura\" \/>\n\t<meta name=\"twitter:data1\" content=\"1 minuto\" \/>\n<script type=\"application\/ld+json\" class=\"yoast-schema-graph\">{\"@context\":\"https:\/\/schema.org\",\"@graph\":[{\"@type\":\"WebPage\",\"@id\":\"https:\/\/tecnnova.org\/portafolio-de-capacidades\/tienda\/sin categor\u00eda\/diagnosticar-procesos-de-lectura-escritura-y-oralidad-para-el-levantamiento-de-informacion-para-delineacion-de-politicas-publicas\/\",\"url\":\"https:\/\/tecnnova.org\/portafolio-de-capacidades\/tienda\/sin categor\u00eda\/diagnosticar-procesos-de-lectura-escritura-y-oralidad-para-el-levantamiento-de-informacion-para-delineacion-de-politicas-publicas\/\",\"name\":\"Diagnosticar procesos de lectura, escritura y oralidad para el levantamiento de informaci\u00f3n para delineaci\u00f3n de pol\u00edticas p\u00fablicas. - Portafolio de capacidades - Tecnnova\",\"isPartOf\":{\"@id\":\"https:\/\/tecnnova.org\/portafolio-de-capacidades\/#website\"},\"primaryImageOfPage\":{\"@id\":\"https:\/\/tecnnova.org\/portafolio-de-capacidades\/tienda\/sin categor\u00eda\/diagnosticar-procesos-de-lectura-escritura-y-oralidad-para-el-levantamiento-de-informacion-para-delineacion-de-politicas-publicas\/#primaryimage\"},\"image\":{\"@id\":\"https:\/\/tecnnova.org\/portafolio-de-capacidades\/tienda\/sin categor\u00eda\/diagnosticar-procesos-de-lectura-escritura-y-oralidad-para-el-levantamiento-de-informacion-para-delineacion-de-politicas-publicas\/#primaryimage\"},\"thumbnailUrl\":\"https:\/\/tecnnova.org\/portafolio-de-capacidades\/wp-content\/uploads\/2024\/08\/iconcultura.png\",\"datePublished\":\"2024-08-29T20:37:26+00:00\",\"dateModified\":\"2024-08-29T20:37:26+00:00\",\"breadcrumb\":{\"@id\":\"https:\/\/tecnnova.org\/portafolio-de-capacidades\/tienda\/sin categor\u00eda\/diagnosticar-procesos-de-lectura-escritura-y-oralidad-para-el-levantamiento-de-informacion-para-delineacion-de-politicas-publicas\/#breadcrumb\"},\"inLanguage\":\"es-CO\",\"potentialAction\":[{\"@type\":\"ReadAction\",\"target\":[\"https:\/\/tecnnova.org\/portafolio-de-capacidades\/tienda\/sin categor\u00eda\/diagnosticar-procesos-de-lectura-escritura-y-oralidad-para-el-levantamiento-de-informacion-para-delineacion-de-politicas-publicas\/\"]}]},{\"@type\":\"ImageObject\",\"inLanguage\":\"es-CO\",\"@id\":\"https:\/\/tecnnova.org\/portafolio-de-capacidades\/tienda\/sin categor\u00eda\/diagnosticar-procesos-de-lectura-escritura-y-oralidad-para-el-levantamiento-de-informacion-para-delineacion-de-politicas-publicas\/#primaryimage\",\"url\":\"https:\/\/tecnnova.org\/portafolio-de-capacidades\/wp-content\/uploads\/2024\/08\/iconcultura.png\",\"contentUrl\":\"https:\/\/tecnnova.org\/portafolio-de-capacidades\/wp-content\/uploads\/2024\/08\/iconcultura.png\",\"width\":100,\"height\":100},{\"@type\":\"BreadcrumbList\",\"@id\":\"https:\/\/tecnnova.org\/portafolio-de-capacidades\/tienda\/sin categor\u00eda\/diagnosticar-procesos-de-lectura-escritura-y-oralidad-para-el-levantamiento-de-informacion-para-delineacion-de-politicas-publicas\/#breadcrumb\",\"itemListElement\":[{\"@type\":\"ListItem\",\"position\":1,\"name\":\"Inicio\",\"item\":\"https:\/\/tecnnova.org\/portafolio-de-capacidades\/\"},{\"@type\":\"ListItem\",\"position\":2,\"name\":\"Portafolio de Capacidades\",\"item\":\"https:\/\/tecnnova.org\/portafolio-de-capacidades\/\"},{\"@type\":\"ListItem\",\"position\":3,\"name\":\"Diagnosticar procesos de lectura, escritura y oralidad para el levantamiento de informaci\u00f3n para delineaci\u00f3n de pol\u00edticas p\u00fablicas.\"}]},{\"@type\":\"WebSite\",\"@id\":\"https:\/\/tecnnova.org\/portafolio-de-capacidades\/#website\",\"url\":\"https:\/\/tecnnova.org\/portafolio-de-capacidades\/\",\"name\":\"Portafolio de capacidades - Tecnnova\",\"description\":\"\",\"publisher\":{\"@id\":\"https:\/\/tecnnova.org\/portafolio-de-capacidades\/#organization\"},\"potentialAction\":[{\"@type\":\"SearchAction\",\"target\":{\"@type\":\"EntryPoint\",\"urlTemplate\":\"https:\/\/tecnnova.org\/portafolio-de-capacidades\/?s={search_term_string}\"},\"query-input\":\"required name=search_term_string\"}],\"inLanguage\":\"es-CO\"},{\"@type\":\"Organization\",\"@id\":\"https:\/\/tecnnova.org\/portafolio-de-capacidades\/#organization\",\"name\":\"Portafolio de capacidades - Tecnnova\",\"url\":\"https:\/\/tecnnova.org\/portafolio-de-capacidades\/\",\"logo\":{\"@type\":\"ImageObject\",\"inLanguage\":\"es-CO\",\"@id\":\"https:\/\/tecnnova.org\/portafolio-de-capacidades\/#\/schema\/logo\/image\/\",\"url\":\"https:\/\/tecnnova.org\/portafolio-de-capacidades\/wp-content\/uploads\/2024\/07\/cropped-TECNNOVA-2022-02.png\",\"contentUrl\":\"https:\/\/tecnnova.org\/portafolio-de-capacidades\/wp-content\/uploads\/2024\/07\/cropped-TECNNOVA-2022-02.png\",\"width\":1609,\"height\":428,\"caption\":\"Portafolio de capacidades - Tecnnova\"},\"image\":{\"@id\":\"https:\/\/tecnnova.org\/portafolio-de-capacidades\/#\/schema\/logo\/image\/\"},\"sameAs\":[\"https:\/\/www.facebook.com\/Tecnnova_UEE-637591033015381\",\"https:\/\/x.com\/Tecnnova_UEE\"]}]}<\/script>\n<!-- \/ Yoast SEO plugin. -->","yoast_head_json":{"title":"Diagnosticar procesos de lectura, escritura y oralidad para el levantamiento de informaci\u00f3n para delineaci\u00f3n de pol\u00edticas p\u00fablicas. - Portafolio de capacidades - Tecnnova","robots":{"index":"index","follow":"follow","max-snippet":"max-snippet:-1","max-image-preview":"max-image-preview:large","max-video-preview":"max-video-preview:-1"},"canonical":"https:\/\/tecnnova.org\/portafolio-de-capacidades\/tienda\/sin categor\u00eda\/diagnosticar-procesos-de-lectura-escritura-y-oralidad-para-el-levantamiento-de-informacion-para-delineacion-de-politicas-publicas\/","og_locale":"es_ES","og_type":"article","og_title":"Diagnosticar procesos de lectura, escritura y oralidad para el levantamiento de informaci\u00f3n para delineaci\u00f3n de pol\u00edticas p\u00fablicas. - Portafolio de capacidades - Tecnnova","og_description":"El valor agregado reside en la creaci\u00f3n de pol\u00edticas educativas efectivas y basadas en datos, la mejora de la calidad de la educaci\u00f3n, la promoci\u00f3n de la inclusi\u00f3n, la alineaci\u00f3n con est\u00e1ndares internacionales, y el fortalecimiento de la capacidad profesional y comunitaria en el \u00e1mbito de la lectura, escritura y oralidad. Esta combinaci\u00f3n asegura un [&hellip;]","og_url":"https:\/\/tecnnova.org\/portafolio-de-capacidades\/tienda\/sin categor\u00eda\/diagnosticar-procesos-de-lectura-escritura-y-oralidad-para-el-levantamiento-de-informacion-para-delineacion-de-politicas-publicas\/","og_site_name":"Portafolio de capacidades - Tecnnova","article_publisher":"https:\/\/www.facebook.com\/Tecnnova_UEE-637591033015381","twitter_card":"summary_large_image","twitter_site":"@Tecnnova_UEE","twitter_misc":{"Tiempo de lectura":"1 minuto"},"schema":{"@context":"https:\/\/schema.org","@graph":[{"@type":"WebPage","@id":"https:\/\/tecnnova.org\/portafolio-de-capacidades\/tienda\/sin categor\u00eda\/diagnosticar-procesos-de-lectura-escritura-y-oralidad-para-el-levantamiento-de-informacion-para-delineacion-de-politicas-publicas\/","url":"https:\/\/tecnnova.org\/portafolio-de-capacidades\/tienda\/sin categor\u00eda\/diagnosticar-procesos-de-lectura-escritura-y-oralidad-para-el-levantamiento-de-informacion-para-delineacion-de-politicas-publicas\/","name":"Diagnosticar procesos de lectura, escritura y oralidad para el levantamiento de informaci\u00f3n para delineaci\u00f3n de pol\u00edticas p\u00fablicas. - Portafolio de capacidades - Tecnnova","isPartOf":{"@id":"https:\/\/tecnnova.org\/portafolio-de-capacidades\/#website"},"primaryImageOfPage":{"@id":"https:\/\/tecnnova.org\/portafolio-de-capacidades\/tienda\/sin categor\u00eda\/diagnosticar-procesos-de-lectura-escritura-y-oralidad-para-el-levantamiento-de-informacion-para-delineacion-de-politicas-publicas\/#primaryimage"},"image":{"@id":"https:\/\/tecnnova.org\/portafolio-de-capacidades\/tienda\/sin categor\u00eda\/diagnosticar-procesos-de-lectura-escritura-y-oralidad-para-el-levantamiento-de-informacion-para-delineacion-de-politicas-publicas\/#primaryimage"},"thumbnailUrl":"https:\/\/tecnnova.org\/portafolio-de-capacidades\/wp-content\/uploads\/2024\/08\/iconcultura.png","datePublished":"2024-08-29T20:37:26+00:00","dateModified":"2024-08-29T20:37:26+00:00","breadcrumb":{"@id":"https:\/\/tecnnova.org\/portafolio-de-capacidades\/tienda\/sin categor\u00eda\/diagnosticar-procesos-de-lectura-escritura-y-oralidad-para-el-levantamiento-de-informacion-para-delineacion-de-politicas-publicas\/#breadcrumb"},"inLanguage":"es-CO","potentialAction":[{"@type":"ReadAction","target":["https:\/\/tecnnova.org\/portafolio-de-capacidades\/tienda\/sin categor\u00eda\/diagnosticar-procesos-de-lectura-escritura-y-oralidad-para-el-levantamiento-de-informacion-para-delineacion-de-politicas-publicas\/"]}]},{"@type":"ImageObject","inLanguage":"es-CO","@id":"https:\/\/tecnnova.org\/portafolio-de-capacidades\/tienda\/sin categor\u00eda\/diagnosticar-procesos-de-lectura-escritura-y-oralidad-para-el-levantamiento-de-informacion-para-delineacion-de-politicas-publicas\/#primaryimage","url":"https:\/\/tecnnova.org\/portafolio-de-capacidades\/wp-content\/uploads\/2024\/08\/iconcultura.png","contentUrl":"https:\/\/tecnnova.org\/portafolio-de-capacidades\/wp-content\/uploads\/2024\/08\/iconcultura.png","width":100,"height":100},{"@type":"BreadcrumbList","@id":"https:\/\/tecnnova.org\/portafolio-de-capacidades\/tienda\/sin categor\u00eda\/diagnosticar-procesos-de-lectura-escritura-y-oralidad-para-el-levantamiento-de-informacion-para-delineacion-de-politicas-publicas\/#breadcrumb","itemListElement":[{"@type":"ListItem","position":1,"name":"Inicio","item":"https:\/\/tecnnova.org\/portafolio-de-capacidades\/"},{"@type":"ListItem","position":2,"name":"Portafolio de Capacidades","item":"https:\/\/tecnnova.org\/portafolio-de-capacidades\/"},{"@type":"ListItem","position":3,"name":"Diagnosticar procesos de lectura, escritura y oralidad para el levantamiento de informaci\u00f3n para delineaci\u00f3n de pol\u00edticas p\u00fablicas."}]},{"@type":"WebSite","@id":"https:\/\/tecnnova.org\/portafolio-de-capacidades\/#website","url":"https:\/\/tecnnova.org\/portafolio-de-capacidades\/","name":"Portafolio de capacidades - Tecnnova","description":"","publisher":{"@id":"https:\/\/tecnnova.org\/portafolio-de-capacidades\/#organization"},"potentialAction":[{"@type":"SearchAction","target":{"@type":"EntryPoint","urlTemplate":"https:\/\/tecnnova.org\/portafolio-de-capacidades\/?s={search_term_string}"},"query-input":"required name=search_term_string"}],"inLanguage":"es-CO"},{"@type":"Organization","@id":"https:\/\/tecnnova.org\/portafolio-de-capacidades\/#organization","name":"Portafolio de capacidades - Tecnnova","url":"https:\/\/tecnnova.org\/portafolio-de-capacidades\/","logo":{"@type":"ImageObject","inLanguage":"es-CO","@id":"https:\/\/tecnnova.org\/portafolio-de-capacidades\/#\/schema\/logo\/image\/","url":"https:\/\/tecnnova.org\/portafolio-de-capacidades\/wp-content\/uploads\/2024\/07\/cropped-TECNNOVA-2022-02.png","contentUrl":"https:\/\/tecnnova.org\/portafolio-de-capacidades\/wp-content\/uploads\/2024\/07\/cropped-TECNNOVA-2022-02.png","width":1609,"height":428,"caption":"Portafolio de capacidades - Tecnnova"},"image":{"@id":"https:\/\/tecnnova.org\/portafolio-de-capacidades\/#\/schema\/logo\/image\/"},"sameAs":["https:\/\/www.facebook.com\/Tecnnova_UEE-637591033015381","https:\/\/x.com\/Tecnnova_UEE"]}]}},"_links":{"self":[{"href":"https:\/\/tecnnova.org\/portafolio-de-capacidades\/wp-json\/wp\/v2\/product\/2554","targetHints":{"allow":["GET"]}}],"collection":[{"href":"https:\/\/tecnnova.org\/portafolio-de-capacidades\/wp-json\/wp\/v2\/product"}],"about":[{"href":"https:\/\/tecnnova.org\/portafolio-de-capacidades\/wp-json\/wp\/v2\/types\/product"}],"version-history":[{"count":0,"href":"https:\/\/tecnnova.org\/portafolio-de-capacidades\/wp-json\/wp\/v2\/product\/2554\/revisions"}],"wp:featuredmedia":[{"embeddable":true,"href":"https:\/\/tecnnova.org\/portafolio-de-capacidades\/wp-json\/wp\/v2\/media\/905"}],"wp:attachment":[{"href":"https:\/\/tecnnova.org\/portafolio-de-capacidades\/wp-json\/wp\/v2\/media?parent=2554"}],"wp:term":[{"taxonomy":"product_cat","embeddable":true,"href":"https:\/\/tecnnova.org\/portafolio-de-capacidades\/wp-json\/wp\/v2\/product_cat?post=2554"},{"taxonomy":"product_tag","embeddable":true,"href":"https:\/\/tecnnova.org\/portafolio-de-capacidades\/wp-json\/wp\/v2\/product_tag?post=2554"}],"curies":[{"name":"wp","href":"https:\/\/api.w.org\/{rel}","templated":true}]}}