{"id":2555,"date":"2024-08-29T15:37:26","date_gmt":"2024-08-29T20:37:26","guid":{"rendered":"https:\/\/tecnnova.org\/portafolio-de-capacidades\/tienda\/sin categor\u00eda\/disenar-sistemas-autonomos-para-la-ubicacion-de-y-desplazamientos-de-robots-moviles-mediante-el-uso-de-instrumentacion-software-predisenado\/"},"modified":"2024-08-29T15:37:26","modified_gmt":"2024-08-29T20:37:26","slug":"disenar-sistemas-autonomos-para-la-ubicacion-de-y-desplazamientos-de-robots-moviles-mediante-el-uso-de-instrumentacion-software-predisenado","status":"publish","type":"product","link":"https:\/\/tecnnova.org\/portafolio-de-capacidades\/organizaciones-y-territorios-competitivos\/sistemas-autonomos-para-robots-moviles-con-instrumentacion-software\/","title":{"rendered":"Dise\u00f1ar sistemas aut\u00f3nomos para la ubicaci\u00f3n de y desplazamientos de robots m\u00f3viles mediante el uso de instrumentaci\u00f3n software predise\u00f1ado."},"content":{"rendered":"<p>El valor agregado radica en la combinaci\u00f3n de eficiencia operativa, reducci\u00f3n de costos, mejora en la productividad, seguridad, innovaci\u00f3n tecnol\u00f3gica, flexibilidad, optimizaci\u00f3n de recursos, y una mejor toma de decisiones, todo facilitado por el dise\u00f1o y la implementaci\u00f3n de sistemas aut\u00f3nomos avanzados. Puede aplicarse a escenarios din\u00e1micos<\/p>\n","protected":false},"excerpt":{"rendered":"<p>El valor agregado radica en la combinaci\u00f3n de eficiencia operativa, reducci\u00f3n de costos, mejora en la productividad, seguridad, innovaci\u00f3n tecnol\u00f3gica, flexibilidad, optimizaci\u00f3n de recursos, y una mejor toma de decisiones, todo facilitado por el dise\u00f1o y la implementaci\u00f3n de sistemas aut\u00f3nomos avanzados. Puede aplicarse a escenarios din\u00e1micos<\/p>\n","protected":false},"featured_media":904,"template":"","meta":{"_acf_changed":false},"product_cat":[2925],"product_tag":[5478,5482,2718,5099,3681,3658,2573,5480,5483,3683,5479,3695,2826,2578,5481],"class_list":{"0":"post-2555","1":"product","2":"type-product","3":"status-publish","4":"has-post-thumbnail","6":"product_cat-organizaciones-y-territorios-competitivos","7":"product_tag-autonomos","8":"product_tag-desplazamientos","9":"product_tag-diseno","10":"product_tag-ia","11":"product_tag-iar","12":"product_tag-instrumentacion","13":"product_tag-inteligencia-artificial","14":"product_tag-moviles","15":"product_tag-predisenado","16":"product_tag-robotica","17":"product_tag-robots","18":"product_tag-sistemas","19":"product_tag-software","20":"product_tag-tecnnova","21":"product_tag-ubicacion","23":"first","24":"instock","25":"shipping-taxable","26":"product-type-simple"},"acf":[],"yoast_head":"<!-- This site is optimized with the Yoast SEO plugin v23.3 - https:\/\/yoast.com\/wordpress\/plugins\/seo\/ -->\n<title>Dise\u00f1ar sistemas aut\u00f3nomos para la ubicaci\u00f3n de y desplazamientos de robots m\u00f3viles mediante el uso de instrumentaci\u00f3n software predise\u00f1ado. - Portafolio de capacidades - Tecnnova<\/title>\n<meta name=\"robots\" content=\"index, follow, max-snippet:-1, max-image-preview:large, max-video-preview:-1\" \/>\n<link rel=\"canonical\" href=\"https:\/\/tecnnova.org\/portafolio-de-capacidades\/tienda\/sin%20categor\u00eda\/disenar-sistemas-autonomos-para-la-ubicacion-de-y-desplazamientos-de-robots-moviles-mediante-el-uso-de-instrumentacion-software-predisenado\/\" \/>\n<meta property=\"og:locale\" content=\"es_ES\" \/>\n<meta property=\"og:type\" content=\"article\" \/>\n<meta property=\"og:title\" content=\"Dise\u00f1ar sistemas aut\u00f3nomos para la ubicaci\u00f3n de y desplazamientos de robots m\u00f3viles mediante el uso de instrumentaci\u00f3n software predise\u00f1ado. - Portafolio de capacidades - Tecnnova\" \/>\n<meta property=\"og:description\" content=\"El valor agregado radica en la combinaci\u00f3n de eficiencia operativa, reducci\u00f3n de costos, mejora en la productividad, seguridad, innovaci\u00f3n tecnol\u00f3gica, flexibilidad, optimizaci\u00f3n de recursos, y una mejor toma de decisiones, todo facilitado por el dise\u00f1o y la implementaci\u00f3n de sistemas aut\u00f3nomos avanzados. Puede aplicarse a escenarios din\u00e1micos\" \/>\n<meta property=\"og:url\" content=\"https:\/\/tecnnova.org\/portafolio-de-capacidades\/tienda\/sin categor\u00eda\/disenar-sistemas-autonomos-para-la-ubicacion-de-y-desplazamientos-de-robots-moviles-mediante-el-uso-de-instrumentacion-software-predisenado\/\" \/>\n<meta property=\"og:site_name\" content=\"Portafolio de capacidades - Tecnnova\" \/>\n<meta property=\"article:publisher\" content=\"https:\/\/www.facebook.com\/Tecnnova_UEE-637591033015381\" \/>\n<meta name=\"twitter:card\" content=\"summary_large_image\" \/>\n<meta name=\"twitter:site\" content=\"@Tecnnova_UEE\" \/>\n<script type=\"application\/ld+json\" class=\"yoast-schema-graph\">{\"@context\":\"https:\/\/schema.org\",\"@graph\":[{\"@type\":\"WebPage\",\"@id\":\"https:\/\/tecnnova.org\/portafolio-de-capacidades\/tienda\/sin categor\u00eda\/disenar-sistemas-autonomos-para-la-ubicacion-de-y-desplazamientos-de-robots-moviles-mediante-el-uso-de-instrumentacion-software-predisenado\/\",\"url\":\"https:\/\/tecnnova.org\/portafolio-de-capacidades\/tienda\/sin categor\u00eda\/disenar-sistemas-autonomos-para-la-ubicacion-de-y-desplazamientos-de-robots-moviles-mediante-el-uso-de-instrumentacion-software-predisenado\/\",\"name\":\"Dise\u00f1ar sistemas aut\u00f3nomos para la ubicaci\u00f3n de y desplazamientos de robots m\u00f3viles mediante el uso de instrumentaci\u00f3n software predise\u00f1ado. - Portafolio de capacidades - Tecnnova\",\"isPartOf\":{\"@id\":\"https:\/\/tecnnova.org\/portafolio-de-capacidades\/#website\"},\"primaryImageOfPage\":{\"@id\":\"https:\/\/tecnnova.org\/portafolio-de-capacidades\/tienda\/sin categor\u00eda\/disenar-sistemas-autonomos-para-la-ubicacion-de-y-desplazamientos-de-robots-moviles-mediante-el-uso-de-instrumentacion-software-predisenado\/#primaryimage\"},\"image\":{\"@id\":\"https:\/\/tecnnova.org\/portafolio-de-capacidades\/tienda\/sin categor\u00eda\/disenar-sistemas-autonomos-para-la-ubicacion-de-y-desplazamientos-de-robots-moviles-mediante-el-uso-de-instrumentacion-software-predisenado\/#primaryimage\"},\"thumbnailUrl\":\"https:\/\/tecnnova.org\/portafolio-de-capacidades\/wp-content\/uploads\/2024\/08\/iconorganizaciones.png\",\"datePublished\":\"2024-08-29T20:37:26+00:00\",\"dateModified\":\"2024-08-29T20:37:26+00:00\",\"breadcrumb\":{\"@id\":\"https:\/\/tecnnova.org\/portafolio-de-capacidades\/tienda\/sin categor\u00eda\/disenar-sistemas-autonomos-para-la-ubicacion-de-y-desplazamientos-de-robots-moviles-mediante-el-uso-de-instrumentacion-software-predisenado\/#breadcrumb\"},\"inLanguage\":\"es-CO\",\"potentialAction\":[{\"@type\":\"ReadAction\",\"target\":[\"https:\/\/tecnnova.org\/portafolio-de-capacidades\/tienda\/sin categor\u00eda\/disenar-sistemas-autonomos-para-la-ubicacion-de-y-desplazamientos-de-robots-moviles-mediante-el-uso-de-instrumentacion-software-predisenado\/\"]}]},{\"@type\":\"ImageObject\",\"inLanguage\":\"es-CO\",\"@id\":\"https:\/\/tecnnova.org\/portafolio-de-capacidades\/tienda\/sin categor\u00eda\/disenar-sistemas-autonomos-para-la-ubicacion-de-y-desplazamientos-de-robots-moviles-mediante-el-uso-de-instrumentacion-software-predisenado\/#primaryimage\",\"url\":\"https:\/\/tecnnova.org\/portafolio-de-capacidades\/wp-content\/uploads\/2024\/08\/iconorganizaciones.png\",\"contentUrl\":\"https:\/\/tecnnova.org\/portafolio-de-capacidades\/wp-content\/uploads\/2024\/08\/iconorganizaciones.png\",\"width\":100,\"height\":100},{\"@type\":\"BreadcrumbList\",\"@id\":\"https:\/\/tecnnova.org\/portafolio-de-capacidades\/tienda\/sin categor\u00eda\/disenar-sistemas-autonomos-para-la-ubicacion-de-y-desplazamientos-de-robots-moviles-mediante-el-uso-de-instrumentacion-software-predisenado\/#breadcrumb\",\"itemListElement\":[{\"@type\":\"ListItem\",\"position\":1,\"name\":\"Inicio\",\"item\":\"https:\/\/tecnnova.org\/portafolio-de-capacidades\/\"},{\"@type\":\"ListItem\",\"position\":2,\"name\":\"Portafolio de Capacidades\",\"item\":\"https:\/\/tecnnova.org\/portafolio-de-capacidades\/\"},{\"@type\":\"ListItem\",\"position\":3,\"name\":\"Dise\u00f1ar sistemas aut\u00f3nomos para la ubicaci\u00f3n de y desplazamientos de robots m\u00f3viles mediante el uso de instrumentaci\u00f3n software predise\u00f1ado.\"}]},{\"@type\":\"WebSite\",\"@id\":\"https:\/\/tecnnova.org\/portafolio-de-capacidades\/#website\",\"url\":\"https:\/\/tecnnova.org\/portafolio-de-capacidades\/\",\"name\":\"Portafolio de capacidades - Tecnnova\",\"description\":\"\",\"publisher\":{\"@id\":\"https:\/\/tecnnova.org\/portafolio-de-capacidades\/#organization\"},\"potentialAction\":[{\"@type\":\"SearchAction\",\"target\":{\"@type\":\"EntryPoint\",\"urlTemplate\":\"https:\/\/tecnnova.org\/portafolio-de-capacidades\/?s={search_term_string}\"},\"query-input\":\"required name=search_term_string\"}],\"inLanguage\":\"es-CO\"},{\"@type\":\"Organization\",\"@id\":\"https:\/\/tecnnova.org\/portafolio-de-capacidades\/#organization\",\"name\":\"Portafolio de capacidades - Tecnnova\",\"url\":\"https:\/\/tecnnova.org\/portafolio-de-capacidades\/\",\"logo\":{\"@type\":\"ImageObject\",\"inLanguage\":\"es-CO\",\"@id\":\"https:\/\/tecnnova.org\/portafolio-de-capacidades\/#\/schema\/logo\/image\/\",\"url\":\"https:\/\/tecnnova.org\/portafolio-de-capacidades\/wp-content\/uploads\/2024\/07\/cropped-TECNNOVA-2022-02.png\",\"contentUrl\":\"https:\/\/tecnnova.org\/portafolio-de-capacidades\/wp-content\/uploads\/2024\/07\/cropped-TECNNOVA-2022-02.png\",\"width\":1609,\"height\":428,\"caption\":\"Portafolio de capacidades - Tecnnova\"},\"image\":{\"@id\":\"https:\/\/tecnnova.org\/portafolio-de-capacidades\/#\/schema\/logo\/image\/\"},\"sameAs\":[\"https:\/\/www.facebook.com\/Tecnnova_UEE-637591033015381\",\"https:\/\/x.com\/Tecnnova_UEE\"]}]}<\/script>\n<!-- \/ Yoast SEO plugin. -->","yoast_head_json":{"title":"Dise\u00f1ar sistemas aut\u00f3nomos para la ubicaci\u00f3n de y desplazamientos de robots m\u00f3viles mediante el uso de instrumentaci\u00f3n software predise\u00f1ado. - Portafolio de capacidades - Tecnnova","robots":{"index":"index","follow":"follow","max-snippet":"max-snippet:-1","max-image-preview":"max-image-preview:large","max-video-preview":"max-video-preview:-1"},"canonical":"https:\/\/tecnnova.org\/portafolio-de-capacidades\/tienda\/sin categor\u00eda\/disenar-sistemas-autonomos-para-la-ubicacion-de-y-desplazamientos-de-robots-moviles-mediante-el-uso-de-instrumentacion-software-predisenado\/","og_locale":"es_ES","og_type":"article","og_title":"Dise\u00f1ar sistemas aut\u00f3nomos para la ubicaci\u00f3n de y desplazamientos de robots m\u00f3viles mediante el uso de instrumentaci\u00f3n software predise\u00f1ado. - Portafolio de capacidades - Tecnnova","og_description":"El valor agregado radica en la combinaci\u00f3n de eficiencia operativa, reducci\u00f3n de costos, mejora en la productividad, seguridad, innovaci\u00f3n tecnol\u00f3gica, flexibilidad, optimizaci\u00f3n de recursos, y una mejor toma de decisiones, todo facilitado por el dise\u00f1o y la implementaci\u00f3n de sistemas aut\u00f3nomos avanzados. Puede aplicarse a escenarios din\u00e1micos","og_url":"https:\/\/tecnnova.org\/portafolio-de-capacidades\/tienda\/sin categor\u00eda\/disenar-sistemas-autonomos-para-la-ubicacion-de-y-desplazamientos-de-robots-moviles-mediante-el-uso-de-instrumentacion-software-predisenado\/","og_site_name":"Portafolio de capacidades - Tecnnova","article_publisher":"https:\/\/www.facebook.com\/Tecnnova_UEE-637591033015381","twitter_card":"summary_large_image","twitter_site":"@Tecnnova_UEE","schema":{"@context":"https:\/\/schema.org","@graph":[{"@type":"WebPage","@id":"https:\/\/tecnnova.org\/portafolio-de-capacidades\/tienda\/sin categor\u00eda\/disenar-sistemas-autonomos-para-la-ubicacion-de-y-desplazamientos-de-robots-moviles-mediante-el-uso-de-instrumentacion-software-predisenado\/","url":"https:\/\/tecnnova.org\/portafolio-de-capacidades\/tienda\/sin categor\u00eda\/disenar-sistemas-autonomos-para-la-ubicacion-de-y-desplazamientos-de-robots-moviles-mediante-el-uso-de-instrumentacion-software-predisenado\/","name":"Dise\u00f1ar sistemas aut\u00f3nomos para la ubicaci\u00f3n de y desplazamientos de robots m\u00f3viles mediante el uso de instrumentaci\u00f3n software predise\u00f1ado. - Portafolio de capacidades - Tecnnova","isPartOf":{"@id":"https:\/\/tecnnova.org\/portafolio-de-capacidades\/#website"},"primaryImageOfPage":{"@id":"https:\/\/tecnnova.org\/portafolio-de-capacidades\/tienda\/sin categor\u00eda\/disenar-sistemas-autonomos-para-la-ubicacion-de-y-desplazamientos-de-robots-moviles-mediante-el-uso-de-instrumentacion-software-predisenado\/#primaryimage"},"image":{"@id":"https:\/\/tecnnova.org\/portafolio-de-capacidades\/tienda\/sin categor\u00eda\/disenar-sistemas-autonomos-para-la-ubicacion-de-y-desplazamientos-de-robots-moviles-mediante-el-uso-de-instrumentacion-software-predisenado\/#primaryimage"},"thumbnailUrl":"https:\/\/tecnnova.org\/portafolio-de-capacidades\/wp-content\/uploads\/2024\/08\/iconorganizaciones.png","datePublished":"2024-08-29T20:37:26+00:00","dateModified":"2024-08-29T20:37:26+00:00","breadcrumb":{"@id":"https:\/\/tecnnova.org\/portafolio-de-capacidades\/tienda\/sin categor\u00eda\/disenar-sistemas-autonomos-para-la-ubicacion-de-y-desplazamientos-de-robots-moviles-mediante-el-uso-de-instrumentacion-software-predisenado\/#breadcrumb"},"inLanguage":"es-CO","potentialAction":[{"@type":"ReadAction","target":["https:\/\/tecnnova.org\/portafolio-de-capacidades\/tienda\/sin categor\u00eda\/disenar-sistemas-autonomos-para-la-ubicacion-de-y-desplazamientos-de-robots-moviles-mediante-el-uso-de-instrumentacion-software-predisenado\/"]}]},{"@type":"ImageObject","inLanguage":"es-CO","@id":"https:\/\/tecnnova.org\/portafolio-de-capacidades\/tienda\/sin categor\u00eda\/disenar-sistemas-autonomos-para-la-ubicacion-de-y-desplazamientos-de-robots-moviles-mediante-el-uso-de-instrumentacion-software-predisenado\/#primaryimage","url":"https:\/\/tecnnova.org\/portafolio-de-capacidades\/wp-content\/uploads\/2024\/08\/iconorganizaciones.png","contentUrl":"https:\/\/tecnnova.org\/portafolio-de-capacidades\/wp-content\/uploads\/2024\/08\/iconorganizaciones.png","width":100,"height":100},{"@type":"BreadcrumbList","@id":"https:\/\/tecnnova.org\/portafolio-de-capacidades\/tienda\/sin categor\u00eda\/disenar-sistemas-autonomos-para-la-ubicacion-de-y-desplazamientos-de-robots-moviles-mediante-el-uso-de-instrumentacion-software-predisenado\/#breadcrumb","itemListElement":[{"@type":"ListItem","position":1,"name":"Inicio","item":"https:\/\/tecnnova.org\/portafolio-de-capacidades\/"},{"@type":"ListItem","position":2,"name":"Portafolio de Capacidades","item":"https:\/\/tecnnova.org\/portafolio-de-capacidades\/"},{"@type":"ListItem","position":3,"name":"Dise\u00f1ar sistemas aut\u00f3nomos para la ubicaci\u00f3n de y desplazamientos de robots m\u00f3viles mediante el uso de instrumentaci\u00f3n software predise\u00f1ado."}]},{"@type":"WebSite","@id":"https:\/\/tecnnova.org\/portafolio-de-capacidades\/#website","url":"https:\/\/tecnnova.org\/portafolio-de-capacidades\/","name":"Portafolio de capacidades - Tecnnova","description":"","publisher":{"@id":"https:\/\/tecnnova.org\/portafolio-de-capacidades\/#organization"},"potentialAction":[{"@type":"SearchAction","target":{"@type":"EntryPoint","urlTemplate":"https:\/\/tecnnova.org\/portafolio-de-capacidades\/?s={search_term_string}"},"query-input":"required name=search_term_string"}],"inLanguage":"es-CO"},{"@type":"Organization","@id":"https:\/\/tecnnova.org\/portafolio-de-capacidades\/#organization","name":"Portafolio de capacidades - Tecnnova","url":"https:\/\/tecnnova.org\/portafolio-de-capacidades\/","logo":{"@type":"ImageObject","inLanguage":"es-CO","@id":"https:\/\/tecnnova.org\/portafolio-de-capacidades\/#\/schema\/logo\/image\/","url":"https:\/\/tecnnova.org\/portafolio-de-capacidades\/wp-content\/uploads\/2024\/07\/cropped-TECNNOVA-2022-02.png","contentUrl":"https:\/\/tecnnova.org\/portafolio-de-capacidades\/wp-content\/uploads\/2024\/07\/cropped-TECNNOVA-2022-02.png","width":1609,"height":428,"caption":"Portafolio de capacidades - Tecnnova"},"image":{"@id":"https:\/\/tecnnova.org\/portafolio-de-capacidades\/#\/schema\/logo\/image\/"},"sameAs":["https:\/\/www.facebook.com\/Tecnnova_UEE-637591033015381","https:\/\/x.com\/Tecnnova_UEE"]}]}},"_links":{"self":[{"href":"https:\/\/tecnnova.org\/portafolio-de-capacidades\/wp-json\/wp\/v2\/product\/2555","targetHints":{"allow":["GET"]}}],"collection":[{"href":"https:\/\/tecnnova.org\/portafolio-de-capacidades\/wp-json\/wp\/v2\/product"}],"about":[{"href":"https:\/\/tecnnova.org\/portafolio-de-capacidades\/wp-json\/wp\/v2\/types\/product"}],"version-history":[{"count":0,"href":"https:\/\/tecnnova.org\/portafolio-de-capacidades\/wp-json\/wp\/v2\/product\/2555\/revisions"}],"wp:featuredmedia":[{"embeddable":true,"href":"https:\/\/tecnnova.org\/portafolio-de-capacidades\/wp-json\/wp\/v2\/media\/904"}],"wp:attachment":[{"href":"https:\/\/tecnnova.org\/portafolio-de-capacidades\/wp-json\/wp\/v2\/media?parent=2555"}],"wp:term":[{"taxonomy":"product_cat","embeddable":true,"href":"https:\/\/tecnnova.org\/portafolio-de-capacidades\/wp-json\/wp\/v2\/product_cat?post=2555"},{"taxonomy":"product_tag","embeddable":true,"href":"https:\/\/tecnnova.org\/portafolio-de-capacidades\/wp-json\/wp\/v2\/product_tag?post=2555"}],"curies":[{"name":"wp","href":"https:\/\/api.w.org\/{rel}","templated":true}]}}