{"id":2559,"date":"2024-08-29T15:37:27","date_gmt":"2024-08-29T20:37:27","guid":{"rendered":"https:\/\/tecnnova.org\/portafolio-de-capacidades\/tienda\/sin categor\u00eda\/disenar-proyectos-de-investigacion-en-fenomenologia-y-hermeneutica-aplicadas-a-las-ciencias-de-la-salud\/"},"modified":"2024-08-29T15:37:27","modified_gmt":"2024-08-29T20:37:27","slug":"disenar-proyectos-de-investigacion-en-fenomenologia-y-hermeneutica-aplicadas-a-las-ciencias-de-la-salud","status":"publish","type":"product","link":"https:\/\/tecnnova.org\/portafolio-de-capacidades\/salud-y-vida\/investigacion-en-fenomenologia-y-hermeneutica-en-ciencias-de-la-salud\/","title":{"rendered":"Dise\u00f1ar proyectos de investigaci\u00f3n en fenomenolog\u00eda y hermen\u00e9utica aplicadas a las ciencias de la salud"},"content":{"rendered":"<p>El valor agregado de dise\u00f1ar proyectos de investigaci\u00f3n en fenomenolog\u00eda y hermen\u00e9utica contempor\u00e1neas aplicadas a las ciencias emp\u00edricas de la salud radica en la profundizaci\u00f3n en la comprensi\u00f3n de las experiencias del paciente, el desarrollo de intervenciones m\u00e1s humanizadas, la generaci\u00f3n de conocimiento original, la contextualizaci\u00f3n de resultados, el apoyo en la formaci\u00f3n acad\u00e9mica y profesional, y el impacto en pol\u00edticas y pr\u00e1cticas de salud. Este enfoque integral enriquece tanto la teor\u00eda como la pr\u00e1ctica en el \u00e1mbito de la salud.<\/p>\n","protected":false},"excerpt":{"rendered":"<p>El valor agregado de dise\u00f1ar proyectos de investigaci\u00f3n en fenomenolog\u00eda y hermen\u00e9utica contempor\u00e1neas aplicadas a las ciencias emp\u00edricas de la salud radica en la profundizaci\u00f3n en la comprensi\u00f3n de las experiencias del paciente, el desarrollo de intervenciones m\u00e1s humanizadas, la generaci\u00f3n de conocimiento original, la contextualizaci\u00f3n de resultados, el apoyo en la formaci\u00f3n acad\u00e9mica y [&hellip;]<\/p>\n","protected":false},"featured_media":902,"template":"","meta":{"_acf_changed":false},"product_cat":[2566],"product_tag":[],"class_list":{"0":"post-2559","1":"product","2":"type-product","3":"status-publish","4":"has-post-thumbnail","6":"product_cat-salud-y-vida","8":"first","9":"instock","10":"shipping-taxable","11":"product-type-simple"},"acf":[],"yoast_head":"<!-- This site is optimized with the Yoast SEO plugin v23.3 - https:\/\/yoast.com\/wordpress\/plugins\/seo\/ -->\n<title>Dise\u00f1ar proyectos de investigaci\u00f3n en fenomenolog\u00eda y hermen\u00e9utica aplicadas a las ciencias de la salud - Portafolio de capacidades - Tecnnova<\/title>\n<meta name=\"robots\" content=\"index, follow, max-snippet:-1, max-image-preview:large, max-video-preview:-1\" \/>\n<link rel=\"canonical\" href=\"https:\/\/tecnnova.org\/portafolio-de-capacidades\/tienda\/sin%20categor\u00eda\/disenar-proyectos-de-investigacion-en-fenomenologia-y-hermeneutica-aplicadas-a-las-ciencias-de-la-salud\/\" \/>\n<meta property=\"og:locale\" content=\"es_ES\" \/>\n<meta property=\"og:type\" content=\"article\" \/>\n<meta property=\"og:title\" content=\"Dise\u00f1ar proyectos de investigaci\u00f3n en fenomenolog\u00eda y hermen\u00e9utica aplicadas a las ciencias de la salud - Portafolio de capacidades - Tecnnova\" \/>\n<meta property=\"og:description\" content=\"El valor agregado de dise\u00f1ar proyectos de investigaci\u00f3n en fenomenolog\u00eda y hermen\u00e9utica contempor\u00e1neas aplicadas a las ciencias emp\u00edricas de la salud radica en la profundizaci\u00f3n en la comprensi\u00f3n de las experiencias del paciente, el desarrollo de intervenciones m\u00e1s humanizadas, la generaci\u00f3n de conocimiento original, la contextualizaci\u00f3n de resultados, el apoyo en la formaci\u00f3n acad\u00e9mica y [&hellip;]\" \/>\n<meta property=\"og:url\" content=\"https:\/\/tecnnova.org\/portafolio-de-capacidades\/tienda\/sin categor\u00eda\/disenar-proyectos-de-investigacion-en-fenomenologia-y-hermeneutica-aplicadas-a-las-ciencias-de-la-salud\/\" \/>\n<meta property=\"og:site_name\" content=\"Portafolio de capacidades - Tecnnova\" \/>\n<meta property=\"article:publisher\" content=\"https:\/\/www.facebook.com\/Tecnnova_UEE-637591033015381\" \/>\n<meta name=\"twitter:card\" content=\"summary_large_image\" \/>\n<meta name=\"twitter:site\" content=\"@Tecnnova_UEE\" \/>\n<script type=\"application\/ld+json\" class=\"yoast-schema-graph\">{\"@context\":\"https:\/\/schema.org\",\"@graph\":[{\"@type\":\"WebPage\",\"@id\":\"https:\/\/tecnnova.org\/portafolio-de-capacidades\/tienda\/sin categor\u00eda\/disenar-proyectos-de-investigacion-en-fenomenologia-y-hermeneutica-aplicadas-a-las-ciencias-de-la-salud\/\",\"url\":\"https:\/\/tecnnova.org\/portafolio-de-capacidades\/tienda\/sin categor\u00eda\/disenar-proyectos-de-investigacion-en-fenomenologia-y-hermeneutica-aplicadas-a-las-ciencias-de-la-salud\/\",\"name\":\"Dise\u00f1ar proyectos de investigaci\u00f3n en fenomenolog\u00eda y hermen\u00e9utica aplicadas a las ciencias de la salud - Portafolio de capacidades - Tecnnova\",\"isPartOf\":{\"@id\":\"https:\/\/tecnnova.org\/portafolio-de-capacidades\/#website\"},\"primaryImageOfPage\":{\"@id\":\"https:\/\/tecnnova.org\/portafolio-de-capacidades\/tienda\/sin categor\u00eda\/disenar-proyectos-de-investigacion-en-fenomenologia-y-hermeneutica-aplicadas-a-las-ciencias-de-la-salud\/#primaryimage\"},\"image\":{\"@id\":\"https:\/\/tecnnova.org\/portafolio-de-capacidades\/tienda\/sin categor\u00eda\/disenar-proyectos-de-investigacion-en-fenomenologia-y-hermeneutica-aplicadas-a-las-ciencias-de-la-salud\/#primaryimage\"},\"thumbnailUrl\":\"https:\/\/tecnnova.org\/portafolio-de-capacidades\/wp-content\/uploads\/2024\/08\/iconsaludyvida.png\",\"datePublished\":\"2024-08-29T20:37:27+00:00\",\"dateModified\":\"2024-08-29T20:37:27+00:00\",\"breadcrumb\":{\"@id\":\"https:\/\/tecnnova.org\/portafolio-de-capacidades\/tienda\/sin categor\u00eda\/disenar-proyectos-de-investigacion-en-fenomenologia-y-hermeneutica-aplicadas-a-las-ciencias-de-la-salud\/#breadcrumb\"},\"inLanguage\":\"es-CO\",\"potentialAction\":[{\"@type\":\"ReadAction\",\"target\":[\"https:\/\/tecnnova.org\/portafolio-de-capacidades\/tienda\/sin categor\u00eda\/disenar-proyectos-de-investigacion-en-fenomenologia-y-hermeneutica-aplicadas-a-las-ciencias-de-la-salud\/\"]}]},{\"@type\":\"ImageObject\",\"inLanguage\":\"es-CO\",\"@id\":\"https:\/\/tecnnova.org\/portafolio-de-capacidades\/tienda\/sin categor\u00eda\/disenar-proyectos-de-investigacion-en-fenomenologia-y-hermeneutica-aplicadas-a-las-ciencias-de-la-salud\/#primaryimage\",\"url\":\"https:\/\/tecnnova.org\/portafolio-de-capacidades\/wp-content\/uploads\/2024\/08\/iconsaludyvida.png\",\"contentUrl\":\"https:\/\/tecnnova.org\/portafolio-de-capacidades\/wp-content\/uploads\/2024\/08\/iconsaludyvida.png\",\"width\":100,\"height\":100},{\"@type\":\"BreadcrumbList\",\"@id\":\"https:\/\/tecnnova.org\/portafolio-de-capacidades\/tienda\/sin categor\u00eda\/disenar-proyectos-de-investigacion-en-fenomenologia-y-hermeneutica-aplicadas-a-las-ciencias-de-la-salud\/#breadcrumb\",\"itemListElement\":[{\"@type\":\"ListItem\",\"position\":1,\"name\":\"Inicio\",\"item\":\"https:\/\/tecnnova.org\/portafolio-de-capacidades\/\"},{\"@type\":\"ListItem\",\"position\":2,\"name\":\"Portafolio de Capacidades\",\"item\":\"https:\/\/tecnnova.org\/portafolio-de-capacidades\/\"},{\"@type\":\"ListItem\",\"position\":3,\"name\":\"Dise\u00f1ar proyectos de investigaci\u00f3n en fenomenolog\u00eda y hermen\u00e9utica aplicadas a las ciencias de la salud\"}]},{\"@type\":\"WebSite\",\"@id\":\"https:\/\/tecnnova.org\/portafolio-de-capacidades\/#website\",\"url\":\"https:\/\/tecnnova.org\/portafolio-de-capacidades\/\",\"name\":\"Portafolio de capacidades - Tecnnova\",\"description\":\"\",\"publisher\":{\"@id\":\"https:\/\/tecnnova.org\/portafolio-de-capacidades\/#organization\"},\"potentialAction\":[{\"@type\":\"SearchAction\",\"target\":{\"@type\":\"EntryPoint\",\"urlTemplate\":\"https:\/\/tecnnova.org\/portafolio-de-capacidades\/?s={search_term_string}\"},\"query-input\":\"required name=search_term_string\"}],\"inLanguage\":\"es-CO\"},{\"@type\":\"Organization\",\"@id\":\"https:\/\/tecnnova.org\/portafolio-de-capacidades\/#organization\",\"name\":\"Portafolio de capacidades - Tecnnova\",\"url\":\"https:\/\/tecnnova.org\/portafolio-de-capacidades\/\",\"logo\":{\"@type\":\"ImageObject\",\"inLanguage\":\"es-CO\",\"@id\":\"https:\/\/tecnnova.org\/portafolio-de-capacidades\/#\/schema\/logo\/image\/\",\"url\":\"https:\/\/tecnnova.org\/portafolio-de-capacidades\/wp-content\/uploads\/2024\/07\/cropped-TECNNOVA-2022-02.png\",\"contentUrl\":\"https:\/\/tecnnova.org\/portafolio-de-capacidades\/wp-content\/uploads\/2024\/07\/cropped-TECNNOVA-2022-02.png\",\"width\":1609,\"height\":428,\"caption\":\"Portafolio de capacidades - Tecnnova\"},\"image\":{\"@id\":\"https:\/\/tecnnova.org\/portafolio-de-capacidades\/#\/schema\/logo\/image\/\"},\"sameAs\":[\"https:\/\/www.facebook.com\/Tecnnova_UEE-637591033015381\",\"https:\/\/x.com\/Tecnnova_UEE\"]}]}<\/script>\n<!-- \/ Yoast SEO plugin. -->","yoast_head_json":{"title":"Dise\u00f1ar proyectos de investigaci\u00f3n en fenomenolog\u00eda y hermen\u00e9utica aplicadas a las ciencias de la salud - Portafolio de capacidades - Tecnnova","robots":{"index":"index","follow":"follow","max-snippet":"max-snippet:-1","max-image-preview":"max-image-preview:large","max-video-preview":"max-video-preview:-1"},"canonical":"https:\/\/tecnnova.org\/portafolio-de-capacidades\/tienda\/sin categor\u00eda\/disenar-proyectos-de-investigacion-en-fenomenologia-y-hermeneutica-aplicadas-a-las-ciencias-de-la-salud\/","og_locale":"es_ES","og_type":"article","og_title":"Dise\u00f1ar proyectos de investigaci\u00f3n en fenomenolog\u00eda y hermen\u00e9utica aplicadas a las ciencias de la salud - Portafolio de capacidades - Tecnnova","og_description":"El valor agregado de dise\u00f1ar proyectos de investigaci\u00f3n en fenomenolog\u00eda y hermen\u00e9utica contempor\u00e1neas aplicadas a las ciencias emp\u00edricas de la salud radica en la profundizaci\u00f3n en la comprensi\u00f3n de las experiencias del paciente, el desarrollo de intervenciones m\u00e1s humanizadas, la generaci\u00f3n de conocimiento original, la contextualizaci\u00f3n de resultados, el apoyo en la formaci\u00f3n acad\u00e9mica y [&hellip;]","og_url":"https:\/\/tecnnova.org\/portafolio-de-capacidades\/tienda\/sin categor\u00eda\/disenar-proyectos-de-investigacion-en-fenomenologia-y-hermeneutica-aplicadas-a-las-ciencias-de-la-salud\/","og_site_name":"Portafolio de capacidades - Tecnnova","article_publisher":"https:\/\/www.facebook.com\/Tecnnova_UEE-637591033015381","twitter_card":"summary_large_image","twitter_site":"@Tecnnova_UEE","schema":{"@context":"https:\/\/schema.org","@graph":[{"@type":"WebPage","@id":"https:\/\/tecnnova.org\/portafolio-de-capacidades\/tienda\/sin categor\u00eda\/disenar-proyectos-de-investigacion-en-fenomenologia-y-hermeneutica-aplicadas-a-las-ciencias-de-la-salud\/","url":"https:\/\/tecnnova.org\/portafolio-de-capacidades\/tienda\/sin categor\u00eda\/disenar-proyectos-de-investigacion-en-fenomenologia-y-hermeneutica-aplicadas-a-las-ciencias-de-la-salud\/","name":"Dise\u00f1ar proyectos de investigaci\u00f3n en fenomenolog\u00eda y hermen\u00e9utica aplicadas a las ciencias de la salud - Portafolio de capacidades - Tecnnova","isPartOf":{"@id":"https:\/\/tecnnova.org\/portafolio-de-capacidades\/#website"},"primaryImageOfPage":{"@id":"https:\/\/tecnnova.org\/portafolio-de-capacidades\/tienda\/sin categor\u00eda\/disenar-proyectos-de-investigacion-en-fenomenologia-y-hermeneutica-aplicadas-a-las-ciencias-de-la-salud\/#primaryimage"},"image":{"@id":"https:\/\/tecnnova.org\/portafolio-de-capacidades\/tienda\/sin categor\u00eda\/disenar-proyectos-de-investigacion-en-fenomenologia-y-hermeneutica-aplicadas-a-las-ciencias-de-la-salud\/#primaryimage"},"thumbnailUrl":"https:\/\/tecnnova.org\/portafolio-de-capacidades\/wp-content\/uploads\/2024\/08\/iconsaludyvida.png","datePublished":"2024-08-29T20:37:27+00:00","dateModified":"2024-08-29T20:37:27+00:00","breadcrumb":{"@id":"https:\/\/tecnnova.org\/portafolio-de-capacidades\/tienda\/sin categor\u00eda\/disenar-proyectos-de-investigacion-en-fenomenologia-y-hermeneutica-aplicadas-a-las-ciencias-de-la-salud\/#breadcrumb"},"inLanguage":"es-CO","potentialAction":[{"@type":"ReadAction","target":["https:\/\/tecnnova.org\/portafolio-de-capacidades\/tienda\/sin categor\u00eda\/disenar-proyectos-de-investigacion-en-fenomenologia-y-hermeneutica-aplicadas-a-las-ciencias-de-la-salud\/"]}]},{"@type":"ImageObject","inLanguage":"es-CO","@id":"https:\/\/tecnnova.org\/portafolio-de-capacidades\/tienda\/sin categor\u00eda\/disenar-proyectos-de-investigacion-en-fenomenologia-y-hermeneutica-aplicadas-a-las-ciencias-de-la-salud\/#primaryimage","url":"https:\/\/tecnnova.org\/portafolio-de-capacidades\/wp-content\/uploads\/2024\/08\/iconsaludyvida.png","contentUrl":"https:\/\/tecnnova.org\/portafolio-de-capacidades\/wp-content\/uploads\/2024\/08\/iconsaludyvida.png","width":100,"height":100},{"@type":"BreadcrumbList","@id":"https:\/\/tecnnova.org\/portafolio-de-capacidades\/tienda\/sin categor\u00eda\/disenar-proyectos-de-investigacion-en-fenomenologia-y-hermeneutica-aplicadas-a-las-ciencias-de-la-salud\/#breadcrumb","itemListElement":[{"@type":"ListItem","position":1,"name":"Inicio","item":"https:\/\/tecnnova.org\/portafolio-de-capacidades\/"},{"@type":"ListItem","position":2,"name":"Portafolio de Capacidades","item":"https:\/\/tecnnova.org\/portafolio-de-capacidades\/"},{"@type":"ListItem","position":3,"name":"Dise\u00f1ar proyectos de investigaci\u00f3n en fenomenolog\u00eda y hermen\u00e9utica aplicadas a las ciencias de la salud"}]},{"@type":"WebSite","@id":"https:\/\/tecnnova.org\/portafolio-de-capacidades\/#website","url":"https:\/\/tecnnova.org\/portafolio-de-capacidades\/","name":"Portafolio de capacidades - Tecnnova","description":"","publisher":{"@id":"https:\/\/tecnnova.org\/portafolio-de-capacidades\/#organization"},"potentialAction":[{"@type":"SearchAction","target":{"@type":"EntryPoint","urlTemplate":"https:\/\/tecnnova.org\/portafolio-de-capacidades\/?s={search_term_string}"},"query-input":"required name=search_term_string"}],"inLanguage":"es-CO"},{"@type":"Organization","@id":"https:\/\/tecnnova.org\/portafolio-de-capacidades\/#organization","name":"Portafolio de capacidades - Tecnnova","url":"https:\/\/tecnnova.org\/portafolio-de-capacidades\/","logo":{"@type":"ImageObject","inLanguage":"es-CO","@id":"https:\/\/tecnnova.org\/portafolio-de-capacidades\/#\/schema\/logo\/image\/","url":"https:\/\/tecnnova.org\/portafolio-de-capacidades\/wp-content\/uploads\/2024\/07\/cropped-TECNNOVA-2022-02.png","contentUrl":"https:\/\/tecnnova.org\/portafolio-de-capacidades\/wp-content\/uploads\/2024\/07\/cropped-TECNNOVA-2022-02.png","width":1609,"height":428,"caption":"Portafolio de capacidades - Tecnnova"},"image":{"@id":"https:\/\/tecnnova.org\/portafolio-de-capacidades\/#\/schema\/logo\/image\/"},"sameAs":["https:\/\/www.facebook.com\/Tecnnova_UEE-637591033015381","https:\/\/x.com\/Tecnnova_UEE"]}]}},"_links":{"self":[{"href":"https:\/\/tecnnova.org\/portafolio-de-capacidades\/wp-json\/wp\/v2\/product\/2559","targetHints":{"allow":["GET"]}}],"collection":[{"href":"https:\/\/tecnnova.org\/portafolio-de-capacidades\/wp-json\/wp\/v2\/product"}],"about":[{"href":"https:\/\/tecnnova.org\/portafolio-de-capacidades\/wp-json\/wp\/v2\/types\/product"}],"version-history":[{"count":0,"href":"https:\/\/tecnnova.org\/portafolio-de-capacidades\/wp-json\/wp\/v2\/product\/2559\/revisions"}],"wp:featuredmedia":[{"embeddable":true,"href":"https:\/\/tecnnova.org\/portafolio-de-capacidades\/wp-json\/wp\/v2\/media\/902"}],"wp:attachment":[{"href":"https:\/\/tecnnova.org\/portafolio-de-capacidades\/wp-json\/wp\/v2\/media?parent=2559"}],"wp:term":[{"taxonomy":"product_cat","embeddable":true,"href":"https:\/\/tecnnova.org\/portafolio-de-capacidades\/wp-json\/wp\/v2\/product_cat?post=2559"},{"taxonomy":"product_tag","embeddable":true,"href":"https:\/\/tecnnova.org\/portafolio-de-capacidades\/wp-json\/wp\/v2\/product_tag?post=2559"}],"curies":[{"name":"wp","href":"https:\/\/api.w.org\/{rel}","templated":true}]}}