{"id":2560,"date":"2024-08-29T15:37:27","date_gmt":"2024-08-29T20:37:27","guid":{"rendered":"https:\/\/tecnnova.org\/portafolio-de-capacidades\/tienda\/sin categor\u00eda\/identificar-y-resolver-problemas-de-investigacion-aplicada-en-gestion-de-operaciones-y-logistica-utilizando-herramientas-de-analitica-prescriptiva\/"},"modified":"2024-08-29T15:37:27","modified_gmt":"2024-08-29T20:37:27","slug":"identificar-y-resolver-problemas-de-investigacion-aplicada-en-gestion-de-operaciones-y-logistica-utilizando-herramientas-de-analitica-prescriptiva","status":"publish","type":"product","link":"https:\/\/tecnnova.org\/portafolio-de-capacidades\/organizaciones-y-territorios-competitivos\/resolucion-de-problemas-en-logistica-con-analitica-prescriptiva\/","title":{"rendered":"Identificar y resolver problemas de investigaci\u00f3n aplicada en gesti\u00f3n de operaciones y log\u00edstica utilizando herramientas de anal\u00edtica prescriptiva."},"content":{"rendered":"<p>Muchas de los retos de las organizaciones en gesti\u00f3n de operaciones y logistica rebasan las capacidades analiticas y de modelaci\u00f3n de las organizaciones, por eso el valor agregado de identificar y resolver problemas de investigaci\u00f3n aplicada en gesti\u00f3n de operaciones y log\u00edstica utilizando herramientas de anal\u00edtica prescriptiva radica en la optimizaci\u00f3n de la eficiencia operativa, el dise\u00f1o eficaz de cadenas de suministro, la localizaci\u00f3n estrat\u00e9gica, la resoluci\u00f3n de problemas complejos, la reducci\u00f3n de costos, la mejora del servicio al cliente, la adaptabilidad, la toma de decisiones basada en datos, la innovaci\u00f3n continua, y el impacto positivo en la competitividad.<\/p>\n","protected":false},"excerpt":{"rendered":"<p>Muchas de los retos de las organizaciones en gesti\u00f3n de operaciones y logistica rebasan las capacidades analiticas y de modelaci\u00f3n de las organizaciones, por eso el valor agregado de identificar y resolver problemas de investigaci\u00f3n aplicada en gesti\u00f3n de operaciones y log\u00edstica utilizando herramientas de anal\u00edtica prescriptiva radica en la optimizaci\u00f3n de la eficiencia operativa, [&hellip;]<\/p>\n","protected":false},"featured_media":904,"template":"","meta":{"_acf_changed":false},"product_cat":[2925],"product_tag":[],"class_list":{"0":"post-2560","1":"product","2":"type-product","3":"status-publish","4":"has-post-thumbnail","6":"product_cat-organizaciones-y-territorios-competitivos","8":"first","9":"instock","10":"shipping-taxable","11":"product-type-simple"},"acf":[],"yoast_head":"<!-- This site is optimized with the Yoast SEO plugin v23.3 - https:\/\/yoast.com\/wordpress\/plugins\/seo\/ -->\n<title>Identificar y resolver problemas de investigaci\u00f3n aplicada en gesti\u00f3n de operaciones y log\u00edstica utilizando herramientas de anal\u00edtica prescriptiva. - Portafolio de capacidades - Tecnnova<\/title>\n<meta name=\"robots\" content=\"index, follow, max-snippet:-1, max-image-preview:large, max-video-preview:-1\" \/>\n<link rel=\"canonical\" href=\"https:\/\/tecnnova.org\/portafolio-de-capacidades\/tienda\/sin%20categor\u00eda\/identificar-y-resolver-problemas-de-investigacion-aplicada-en-gestion-de-operaciones-y-logistica-utilizando-herramientas-de-analitica-prescriptiva\/\" \/>\n<meta property=\"og:locale\" content=\"es_ES\" \/>\n<meta property=\"og:type\" content=\"article\" \/>\n<meta property=\"og:title\" content=\"Identificar y resolver problemas de investigaci\u00f3n aplicada en gesti\u00f3n de operaciones y log\u00edstica utilizando herramientas de anal\u00edtica prescriptiva. - Portafolio de capacidades - Tecnnova\" \/>\n<meta property=\"og:description\" content=\"Muchas de los retos de las organizaciones en gesti\u00f3n de operaciones y logistica rebasan las capacidades analiticas y de modelaci\u00f3n de las organizaciones, por eso el valor agregado de identificar y resolver problemas de investigaci\u00f3n aplicada en gesti\u00f3n de operaciones y log\u00edstica utilizando herramientas de anal\u00edtica prescriptiva radica en la optimizaci\u00f3n de la eficiencia operativa, [&hellip;]\" \/>\n<meta property=\"og:url\" content=\"https:\/\/tecnnova.org\/portafolio-de-capacidades\/tienda\/sin categor\u00eda\/identificar-y-resolver-problemas-de-investigacion-aplicada-en-gestion-de-operaciones-y-logistica-utilizando-herramientas-de-analitica-prescriptiva\/\" \/>\n<meta property=\"og:site_name\" content=\"Portafolio de capacidades - Tecnnova\" \/>\n<meta property=\"article:publisher\" content=\"https:\/\/www.facebook.com\/Tecnnova_UEE-637591033015381\" \/>\n<meta name=\"twitter:card\" content=\"summary_large_image\" \/>\n<meta name=\"twitter:site\" content=\"@Tecnnova_UEE\" \/>\n<meta name=\"twitter:label1\" content=\"Tiempo de lectura\" \/>\n\t<meta name=\"twitter:data1\" content=\"1 minuto\" \/>\n<script type=\"application\/ld+json\" class=\"yoast-schema-graph\">{\"@context\":\"https:\/\/schema.org\",\"@graph\":[{\"@type\":\"WebPage\",\"@id\":\"https:\/\/tecnnova.org\/portafolio-de-capacidades\/tienda\/sin categor\u00eda\/identificar-y-resolver-problemas-de-investigacion-aplicada-en-gestion-de-operaciones-y-logistica-utilizando-herramientas-de-analitica-prescriptiva\/\",\"url\":\"https:\/\/tecnnova.org\/portafolio-de-capacidades\/tienda\/sin categor\u00eda\/identificar-y-resolver-problemas-de-investigacion-aplicada-en-gestion-de-operaciones-y-logistica-utilizando-herramientas-de-analitica-prescriptiva\/\",\"name\":\"Identificar y resolver problemas de investigaci\u00f3n aplicada en gesti\u00f3n de operaciones y log\u00edstica utilizando herramientas de anal\u00edtica prescriptiva. - Portafolio de capacidades - Tecnnova\",\"isPartOf\":{\"@id\":\"https:\/\/tecnnova.org\/portafolio-de-capacidades\/#website\"},\"primaryImageOfPage\":{\"@id\":\"https:\/\/tecnnova.org\/portafolio-de-capacidades\/tienda\/sin categor\u00eda\/identificar-y-resolver-problemas-de-investigacion-aplicada-en-gestion-de-operaciones-y-logistica-utilizando-herramientas-de-analitica-prescriptiva\/#primaryimage\"},\"image\":{\"@id\":\"https:\/\/tecnnova.org\/portafolio-de-capacidades\/tienda\/sin categor\u00eda\/identificar-y-resolver-problemas-de-investigacion-aplicada-en-gestion-de-operaciones-y-logistica-utilizando-herramientas-de-analitica-prescriptiva\/#primaryimage\"},\"thumbnailUrl\":\"https:\/\/tecnnova.org\/portafolio-de-capacidades\/wp-content\/uploads\/2024\/08\/iconorganizaciones.png\",\"datePublished\":\"2024-08-29T20:37:27+00:00\",\"dateModified\":\"2024-08-29T20:37:27+00:00\",\"breadcrumb\":{\"@id\":\"https:\/\/tecnnova.org\/portafolio-de-capacidades\/tienda\/sin categor\u00eda\/identificar-y-resolver-problemas-de-investigacion-aplicada-en-gestion-de-operaciones-y-logistica-utilizando-herramientas-de-analitica-prescriptiva\/#breadcrumb\"},\"inLanguage\":\"es-CO\",\"potentialAction\":[{\"@type\":\"ReadAction\",\"target\":[\"https:\/\/tecnnova.org\/portafolio-de-capacidades\/tienda\/sin categor\u00eda\/identificar-y-resolver-problemas-de-investigacion-aplicada-en-gestion-de-operaciones-y-logistica-utilizando-herramientas-de-analitica-prescriptiva\/\"]}]},{\"@type\":\"ImageObject\",\"inLanguage\":\"es-CO\",\"@id\":\"https:\/\/tecnnova.org\/portafolio-de-capacidades\/tienda\/sin categor\u00eda\/identificar-y-resolver-problemas-de-investigacion-aplicada-en-gestion-de-operaciones-y-logistica-utilizando-herramientas-de-analitica-prescriptiva\/#primaryimage\",\"url\":\"https:\/\/tecnnova.org\/portafolio-de-capacidades\/wp-content\/uploads\/2024\/08\/iconorganizaciones.png\",\"contentUrl\":\"https:\/\/tecnnova.org\/portafolio-de-capacidades\/wp-content\/uploads\/2024\/08\/iconorganizaciones.png\",\"width\":100,\"height\":100},{\"@type\":\"BreadcrumbList\",\"@id\":\"https:\/\/tecnnova.org\/portafolio-de-capacidades\/tienda\/sin categor\u00eda\/identificar-y-resolver-problemas-de-investigacion-aplicada-en-gestion-de-operaciones-y-logistica-utilizando-herramientas-de-analitica-prescriptiva\/#breadcrumb\",\"itemListElement\":[{\"@type\":\"ListItem\",\"position\":1,\"name\":\"Inicio\",\"item\":\"https:\/\/tecnnova.org\/portafolio-de-capacidades\/\"},{\"@type\":\"ListItem\",\"position\":2,\"name\":\"Portafolio de Capacidades\",\"item\":\"https:\/\/tecnnova.org\/portafolio-de-capacidades\/\"},{\"@type\":\"ListItem\",\"position\":3,\"name\":\"Identificar y resolver problemas de investigaci\u00f3n aplicada en gesti\u00f3n de operaciones y log\u00edstica utilizando herramientas de anal\u00edtica prescriptiva.\"}]},{\"@type\":\"WebSite\",\"@id\":\"https:\/\/tecnnova.org\/portafolio-de-capacidades\/#website\",\"url\":\"https:\/\/tecnnova.org\/portafolio-de-capacidades\/\",\"name\":\"Portafolio de capacidades - Tecnnova\",\"description\":\"\",\"publisher\":{\"@id\":\"https:\/\/tecnnova.org\/portafolio-de-capacidades\/#organization\"},\"potentialAction\":[{\"@type\":\"SearchAction\",\"target\":{\"@type\":\"EntryPoint\",\"urlTemplate\":\"https:\/\/tecnnova.org\/portafolio-de-capacidades\/?s={search_term_string}\"},\"query-input\":\"required name=search_term_string\"}],\"inLanguage\":\"es-CO\"},{\"@type\":\"Organization\",\"@id\":\"https:\/\/tecnnova.org\/portafolio-de-capacidades\/#organization\",\"name\":\"Portafolio de capacidades - Tecnnova\",\"url\":\"https:\/\/tecnnova.org\/portafolio-de-capacidades\/\",\"logo\":{\"@type\":\"ImageObject\",\"inLanguage\":\"es-CO\",\"@id\":\"https:\/\/tecnnova.org\/portafolio-de-capacidades\/#\/schema\/logo\/image\/\",\"url\":\"https:\/\/tecnnova.org\/portafolio-de-capacidades\/wp-content\/uploads\/2024\/07\/cropped-TECNNOVA-2022-02.png\",\"contentUrl\":\"https:\/\/tecnnova.org\/portafolio-de-capacidades\/wp-content\/uploads\/2024\/07\/cropped-TECNNOVA-2022-02.png\",\"width\":1609,\"height\":428,\"caption\":\"Portafolio de capacidades - Tecnnova\"},\"image\":{\"@id\":\"https:\/\/tecnnova.org\/portafolio-de-capacidades\/#\/schema\/logo\/image\/\"},\"sameAs\":[\"https:\/\/www.facebook.com\/Tecnnova_UEE-637591033015381\",\"https:\/\/x.com\/Tecnnova_UEE\"]}]}<\/script>\n<!-- \/ Yoast SEO plugin. -->","yoast_head_json":{"title":"Identificar y resolver problemas de investigaci\u00f3n aplicada en gesti\u00f3n de operaciones y log\u00edstica utilizando herramientas de anal\u00edtica prescriptiva. - Portafolio de capacidades - Tecnnova","robots":{"index":"index","follow":"follow","max-snippet":"max-snippet:-1","max-image-preview":"max-image-preview:large","max-video-preview":"max-video-preview:-1"},"canonical":"https:\/\/tecnnova.org\/portafolio-de-capacidades\/tienda\/sin categor\u00eda\/identificar-y-resolver-problemas-de-investigacion-aplicada-en-gestion-de-operaciones-y-logistica-utilizando-herramientas-de-analitica-prescriptiva\/","og_locale":"es_ES","og_type":"article","og_title":"Identificar y resolver problemas de investigaci\u00f3n aplicada en gesti\u00f3n de operaciones y log\u00edstica utilizando herramientas de anal\u00edtica prescriptiva. - Portafolio de capacidades - Tecnnova","og_description":"Muchas de los retos de las organizaciones en gesti\u00f3n de operaciones y logistica rebasan las capacidades analiticas y de modelaci\u00f3n de las organizaciones, por eso el valor agregado de identificar y resolver problemas de investigaci\u00f3n aplicada en gesti\u00f3n de operaciones y log\u00edstica utilizando herramientas de anal\u00edtica prescriptiva radica en la optimizaci\u00f3n de la eficiencia operativa, [&hellip;]","og_url":"https:\/\/tecnnova.org\/portafolio-de-capacidades\/tienda\/sin categor\u00eda\/identificar-y-resolver-problemas-de-investigacion-aplicada-en-gestion-de-operaciones-y-logistica-utilizando-herramientas-de-analitica-prescriptiva\/","og_site_name":"Portafolio de capacidades - Tecnnova","article_publisher":"https:\/\/www.facebook.com\/Tecnnova_UEE-637591033015381","twitter_card":"summary_large_image","twitter_site":"@Tecnnova_UEE","twitter_misc":{"Tiempo de lectura":"1 minuto"},"schema":{"@context":"https:\/\/schema.org","@graph":[{"@type":"WebPage","@id":"https:\/\/tecnnova.org\/portafolio-de-capacidades\/tienda\/sin categor\u00eda\/identificar-y-resolver-problemas-de-investigacion-aplicada-en-gestion-de-operaciones-y-logistica-utilizando-herramientas-de-analitica-prescriptiva\/","url":"https:\/\/tecnnova.org\/portafolio-de-capacidades\/tienda\/sin categor\u00eda\/identificar-y-resolver-problemas-de-investigacion-aplicada-en-gestion-de-operaciones-y-logistica-utilizando-herramientas-de-analitica-prescriptiva\/","name":"Identificar y resolver problemas de investigaci\u00f3n aplicada en gesti\u00f3n de operaciones y log\u00edstica utilizando herramientas de anal\u00edtica prescriptiva. - Portafolio de capacidades - Tecnnova","isPartOf":{"@id":"https:\/\/tecnnova.org\/portafolio-de-capacidades\/#website"},"primaryImageOfPage":{"@id":"https:\/\/tecnnova.org\/portafolio-de-capacidades\/tienda\/sin categor\u00eda\/identificar-y-resolver-problemas-de-investigacion-aplicada-en-gestion-de-operaciones-y-logistica-utilizando-herramientas-de-analitica-prescriptiva\/#primaryimage"},"image":{"@id":"https:\/\/tecnnova.org\/portafolio-de-capacidades\/tienda\/sin categor\u00eda\/identificar-y-resolver-problemas-de-investigacion-aplicada-en-gestion-de-operaciones-y-logistica-utilizando-herramientas-de-analitica-prescriptiva\/#primaryimage"},"thumbnailUrl":"https:\/\/tecnnova.org\/portafolio-de-capacidades\/wp-content\/uploads\/2024\/08\/iconorganizaciones.png","datePublished":"2024-08-29T20:37:27+00:00","dateModified":"2024-08-29T20:37:27+00:00","breadcrumb":{"@id":"https:\/\/tecnnova.org\/portafolio-de-capacidades\/tienda\/sin categor\u00eda\/identificar-y-resolver-problemas-de-investigacion-aplicada-en-gestion-de-operaciones-y-logistica-utilizando-herramientas-de-analitica-prescriptiva\/#breadcrumb"},"inLanguage":"es-CO","potentialAction":[{"@type":"ReadAction","target":["https:\/\/tecnnova.org\/portafolio-de-capacidades\/tienda\/sin categor\u00eda\/identificar-y-resolver-problemas-de-investigacion-aplicada-en-gestion-de-operaciones-y-logistica-utilizando-herramientas-de-analitica-prescriptiva\/"]}]},{"@type":"ImageObject","inLanguage":"es-CO","@id":"https:\/\/tecnnova.org\/portafolio-de-capacidades\/tienda\/sin categor\u00eda\/identificar-y-resolver-problemas-de-investigacion-aplicada-en-gestion-de-operaciones-y-logistica-utilizando-herramientas-de-analitica-prescriptiva\/#primaryimage","url":"https:\/\/tecnnova.org\/portafolio-de-capacidades\/wp-content\/uploads\/2024\/08\/iconorganizaciones.png","contentUrl":"https:\/\/tecnnova.org\/portafolio-de-capacidades\/wp-content\/uploads\/2024\/08\/iconorganizaciones.png","width":100,"height":100},{"@type":"BreadcrumbList","@id":"https:\/\/tecnnova.org\/portafolio-de-capacidades\/tienda\/sin categor\u00eda\/identificar-y-resolver-problemas-de-investigacion-aplicada-en-gestion-de-operaciones-y-logistica-utilizando-herramientas-de-analitica-prescriptiva\/#breadcrumb","itemListElement":[{"@type":"ListItem","position":1,"name":"Inicio","item":"https:\/\/tecnnova.org\/portafolio-de-capacidades\/"},{"@type":"ListItem","position":2,"name":"Portafolio de Capacidades","item":"https:\/\/tecnnova.org\/portafolio-de-capacidades\/"},{"@type":"ListItem","position":3,"name":"Identificar y resolver problemas de investigaci\u00f3n aplicada en gesti\u00f3n de operaciones y log\u00edstica utilizando herramientas de anal\u00edtica prescriptiva."}]},{"@type":"WebSite","@id":"https:\/\/tecnnova.org\/portafolio-de-capacidades\/#website","url":"https:\/\/tecnnova.org\/portafolio-de-capacidades\/","name":"Portafolio de capacidades - Tecnnova","description":"","publisher":{"@id":"https:\/\/tecnnova.org\/portafolio-de-capacidades\/#organization"},"potentialAction":[{"@type":"SearchAction","target":{"@type":"EntryPoint","urlTemplate":"https:\/\/tecnnova.org\/portafolio-de-capacidades\/?s={search_term_string}"},"query-input":"required name=search_term_string"}],"inLanguage":"es-CO"},{"@type":"Organization","@id":"https:\/\/tecnnova.org\/portafolio-de-capacidades\/#organization","name":"Portafolio de capacidades - Tecnnova","url":"https:\/\/tecnnova.org\/portafolio-de-capacidades\/","logo":{"@type":"ImageObject","inLanguage":"es-CO","@id":"https:\/\/tecnnova.org\/portafolio-de-capacidades\/#\/schema\/logo\/image\/","url":"https:\/\/tecnnova.org\/portafolio-de-capacidades\/wp-content\/uploads\/2024\/07\/cropped-TECNNOVA-2022-02.png","contentUrl":"https:\/\/tecnnova.org\/portafolio-de-capacidades\/wp-content\/uploads\/2024\/07\/cropped-TECNNOVA-2022-02.png","width":1609,"height":428,"caption":"Portafolio de capacidades - Tecnnova"},"image":{"@id":"https:\/\/tecnnova.org\/portafolio-de-capacidades\/#\/schema\/logo\/image\/"},"sameAs":["https:\/\/www.facebook.com\/Tecnnova_UEE-637591033015381","https:\/\/x.com\/Tecnnova_UEE"]}]}},"_links":{"self":[{"href":"https:\/\/tecnnova.org\/portafolio-de-capacidades\/wp-json\/wp\/v2\/product\/2560","targetHints":{"allow":["GET"]}}],"collection":[{"href":"https:\/\/tecnnova.org\/portafolio-de-capacidades\/wp-json\/wp\/v2\/product"}],"about":[{"href":"https:\/\/tecnnova.org\/portafolio-de-capacidades\/wp-json\/wp\/v2\/types\/product"}],"version-history":[{"count":0,"href":"https:\/\/tecnnova.org\/portafolio-de-capacidades\/wp-json\/wp\/v2\/product\/2560\/revisions"}],"wp:featuredmedia":[{"embeddable":true,"href":"https:\/\/tecnnova.org\/portafolio-de-capacidades\/wp-json\/wp\/v2\/media\/904"}],"wp:attachment":[{"href":"https:\/\/tecnnova.org\/portafolio-de-capacidades\/wp-json\/wp\/v2\/media?parent=2560"}],"wp:term":[{"taxonomy":"product_cat","embeddable":true,"href":"https:\/\/tecnnova.org\/portafolio-de-capacidades\/wp-json\/wp\/v2\/product_cat?post=2560"},{"taxonomy":"product_tag","embeddable":true,"href":"https:\/\/tecnnova.org\/portafolio-de-capacidades\/wp-json\/wp\/v2\/product_tag?post=2560"}],"curies":[{"name":"wp","href":"https:\/\/api.w.org\/{rel}","templated":true}]}}