{"id":2562,"date":"2024-08-29T15:37:27","date_gmt":"2024-08-29T20:37:27","guid":{"rendered":"https:\/\/tecnnova.org\/portafolio-de-capacidades\/tienda\/sin categor\u00eda\/gestionar-los-datos-de-investigacion-en-historia-en-clave-de-red-para-la-construccion-de-grafos-y-apcacion-de-ars\/"},"modified":"2024-08-29T15:37:27","modified_gmt":"2024-08-29T20:37:27","slug":"gestionar-los-datos-de-investigacion-en-historia-en-clave-de-red-para-la-construccion-de-grafos-y-apcacion-de-ars","status":"publish","type":"product","link":"https:\/\/tecnnova.org\/portafolio-de-capacidades\/cultura-y-sociedad\/gestion-de-datos-de-investigacion-en-historia-con-ars\/","title":{"rendered":"Gestionar los datos de investigaci\u00f3n en Historia en clave de red para la construcci\u00f3n de grafos y apcacion de ARS"},"content":{"rendered":"<p>El valor agregado de &#8220;Gestionar los datos de investigaci\u00f3n en Historia en clave de red para la construcci\u00f3n de grafos y aplicaci\u00f3n de An\u00e1lisis de Redes Sociales (ARS)&#8221; radica en la optimizaci\u00f3n del an\u00e1lisis de datos hist\u00f3ricos, la construcci\u00f3n y visualizaci\u00f3n de grafos, la aplicaci\u00f3n de ARS, el desarrollo de nuevas perspectivas hist\u00f3ricas, la mejora en la gesti\u00f3n de datos complejos, el fomento de la colaboraci\u00f3n interdisciplinaria, la facilitaci\u00f3n de la ense\u00f1anza y divulgaci\u00f3n del conocimiento, la mejora en la interpretaci\u00f3n hist\u00f3rica, la innovaci\u00f3n en m\u00e9todos de investigaci\u00f3n y el impacto positivo en la investigaci\u00f3n hist\u00f3rica.<\/p>\n","protected":false},"excerpt":{"rendered":"<p>El valor agregado de &#8220;Gestionar los datos de investigaci\u00f3n en Historia en clave de red para la construcci\u00f3n de grafos y aplicaci\u00f3n de An\u00e1lisis de Redes Sociales (ARS)&#8221; radica en la optimizaci\u00f3n del an\u00e1lisis de datos hist\u00f3ricos, la construcci\u00f3n y visualizaci\u00f3n de grafos, la aplicaci\u00f3n de ARS, el desarrollo de nuevas perspectivas hist\u00f3ricas, la mejora [&hellip;]<\/p>\n","protected":false},"featured_media":905,"template":"","meta":{"_acf_changed":false},"product_cat":[2629],"product_tag":[],"class_list":{"0":"post-2562","1":"product","2":"type-product","3":"status-publish","4":"has-post-thumbnail","6":"product_cat-cultura-y-sociedad","8":"first","9":"instock","10":"shipping-taxable","11":"product-type-simple"},"acf":[],"yoast_head":"<!-- This site is optimized with the Yoast SEO plugin v23.3 - https:\/\/yoast.com\/wordpress\/plugins\/seo\/ -->\n<title>Gestionar los datos de investigaci\u00f3n en Historia en clave de red para la construcci\u00f3n de grafos y apcacion de ARS - Portafolio de capacidades - Tecnnova<\/title>\n<meta name=\"robots\" content=\"index, follow, max-snippet:-1, max-image-preview:large, max-video-preview:-1\" \/>\n<link rel=\"canonical\" href=\"https:\/\/tecnnova.org\/portafolio-de-capacidades\/tienda\/sin%20categor\u00eda\/gestionar-los-datos-de-investigacion-en-historia-en-clave-de-red-para-la-construccion-de-grafos-y-apcacion-de-ars\/\" \/>\n<meta property=\"og:locale\" content=\"es_ES\" \/>\n<meta property=\"og:type\" content=\"article\" \/>\n<meta property=\"og:title\" content=\"Gestionar los datos de investigaci\u00f3n en Historia en clave de red para la construcci\u00f3n de grafos y apcacion de ARS - Portafolio de capacidades - Tecnnova\" \/>\n<meta property=\"og:description\" content=\"El valor agregado de &#8220;Gestionar los datos de investigaci\u00f3n en Historia en clave de red para la construcci\u00f3n de grafos y aplicaci\u00f3n de An\u00e1lisis de Redes Sociales (ARS)&#8221; radica en la optimizaci\u00f3n del an\u00e1lisis de datos hist\u00f3ricos, la construcci\u00f3n y visualizaci\u00f3n de grafos, la aplicaci\u00f3n de ARS, el desarrollo de nuevas perspectivas hist\u00f3ricas, la mejora [&hellip;]\" \/>\n<meta property=\"og:url\" content=\"https:\/\/tecnnova.org\/portafolio-de-capacidades\/tienda\/sin categor\u00eda\/gestionar-los-datos-de-investigacion-en-historia-en-clave-de-red-para-la-construccion-de-grafos-y-apcacion-de-ars\/\" \/>\n<meta property=\"og:site_name\" content=\"Portafolio de capacidades - Tecnnova\" \/>\n<meta property=\"article:publisher\" content=\"https:\/\/www.facebook.com\/Tecnnova_UEE-637591033015381\" \/>\n<meta name=\"twitter:card\" content=\"summary_large_image\" \/>\n<meta name=\"twitter:site\" content=\"@Tecnnova_UEE\" \/>\n<meta name=\"twitter:label1\" content=\"Tiempo de lectura\" \/>\n\t<meta name=\"twitter:data1\" content=\"1 minuto\" \/>\n<script type=\"application\/ld+json\" class=\"yoast-schema-graph\">{\"@context\":\"https:\/\/schema.org\",\"@graph\":[{\"@type\":\"WebPage\",\"@id\":\"https:\/\/tecnnova.org\/portafolio-de-capacidades\/tienda\/sin categor\u00eda\/gestionar-los-datos-de-investigacion-en-historia-en-clave-de-red-para-la-construccion-de-grafos-y-apcacion-de-ars\/\",\"url\":\"https:\/\/tecnnova.org\/portafolio-de-capacidades\/tienda\/sin categor\u00eda\/gestionar-los-datos-de-investigacion-en-historia-en-clave-de-red-para-la-construccion-de-grafos-y-apcacion-de-ars\/\",\"name\":\"Gestionar los datos de investigaci\u00f3n en Historia en clave de red para la construcci\u00f3n de grafos y apcacion de ARS - Portafolio de capacidades - Tecnnova\",\"isPartOf\":{\"@id\":\"https:\/\/tecnnova.org\/portafolio-de-capacidades\/#website\"},\"primaryImageOfPage\":{\"@id\":\"https:\/\/tecnnova.org\/portafolio-de-capacidades\/tienda\/sin categor\u00eda\/gestionar-los-datos-de-investigacion-en-historia-en-clave-de-red-para-la-construccion-de-grafos-y-apcacion-de-ars\/#primaryimage\"},\"image\":{\"@id\":\"https:\/\/tecnnova.org\/portafolio-de-capacidades\/tienda\/sin categor\u00eda\/gestionar-los-datos-de-investigacion-en-historia-en-clave-de-red-para-la-construccion-de-grafos-y-apcacion-de-ars\/#primaryimage\"},\"thumbnailUrl\":\"https:\/\/tecnnova.org\/portafolio-de-capacidades\/wp-content\/uploads\/2024\/08\/iconcultura.png\",\"datePublished\":\"2024-08-29T20:37:27+00:00\",\"dateModified\":\"2024-08-29T20:37:27+00:00\",\"breadcrumb\":{\"@id\":\"https:\/\/tecnnova.org\/portafolio-de-capacidades\/tienda\/sin categor\u00eda\/gestionar-los-datos-de-investigacion-en-historia-en-clave-de-red-para-la-construccion-de-grafos-y-apcacion-de-ars\/#breadcrumb\"},\"inLanguage\":\"es-CO\",\"potentialAction\":[{\"@type\":\"ReadAction\",\"target\":[\"https:\/\/tecnnova.org\/portafolio-de-capacidades\/tienda\/sin categor\u00eda\/gestionar-los-datos-de-investigacion-en-historia-en-clave-de-red-para-la-construccion-de-grafos-y-apcacion-de-ars\/\"]}]},{\"@type\":\"ImageObject\",\"inLanguage\":\"es-CO\",\"@id\":\"https:\/\/tecnnova.org\/portafolio-de-capacidades\/tienda\/sin categor\u00eda\/gestionar-los-datos-de-investigacion-en-historia-en-clave-de-red-para-la-construccion-de-grafos-y-apcacion-de-ars\/#primaryimage\",\"url\":\"https:\/\/tecnnova.org\/portafolio-de-capacidades\/wp-content\/uploads\/2024\/08\/iconcultura.png\",\"contentUrl\":\"https:\/\/tecnnova.org\/portafolio-de-capacidades\/wp-content\/uploads\/2024\/08\/iconcultura.png\",\"width\":100,\"height\":100},{\"@type\":\"BreadcrumbList\",\"@id\":\"https:\/\/tecnnova.org\/portafolio-de-capacidades\/tienda\/sin categor\u00eda\/gestionar-los-datos-de-investigacion-en-historia-en-clave-de-red-para-la-construccion-de-grafos-y-apcacion-de-ars\/#breadcrumb\",\"itemListElement\":[{\"@type\":\"ListItem\",\"position\":1,\"name\":\"Inicio\",\"item\":\"https:\/\/tecnnova.org\/portafolio-de-capacidades\/\"},{\"@type\":\"ListItem\",\"position\":2,\"name\":\"Portafolio de Capacidades\",\"item\":\"https:\/\/tecnnova.org\/portafolio-de-capacidades\/\"},{\"@type\":\"ListItem\",\"position\":3,\"name\":\"Gestionar los datos de investigaci\u00f3n en Historia en clave de red para la construcci\u00f3n de grafos y apcacion de ARS\"}]},{\"@type\":\"WebSite\",\"@id\":\"https:\/\/tecnnova.org\/portafolio-de-capacidades\/#website\",\"url\":\"https:\/\/tecnnova.org\/portafolio-de-capacidades\/\",\"name\":\"Portafolio de capacidades - Tecnnova\",\"description\":\"\",\"publisher\":{\"@id\":\"https:\/\/tecnnova.org\/portafolio-de-capacidades\/#organization\"},\"potentialAction\":[{\"@type\":\"SearchAction\",\"target\":{\"@type\":\"EntryPoint\",\"urlTemplate\":\"https:\/\/tecnnova.org\/portafolio-de-capacidades\/?s={search_term_string}\"},\"query-input\":\"required name=search_term_string\"}],\"inLanguage\":\"es-CO\"},{\"@type\":\"Organization\",\"@id\":\"https:\/\/tecnnova.org\/portafolio-de-capacidades\/#organization\",\"name\":\"Portafolio de capacidades - Tecnnova\",\"url\":\"https:\/\/tecnnova.org\/portafolio-de-capacidades\/\",\"logo\":{\"@type\":\"ImageObject\",\"inLanguage\":\"es-CO\",\"@id\":\"https:\/\/tecnnova.org\/portafolio-de-capacidades\/#\/schema\/logo\/image\/\",\"url\":\"https:\/\/tecnnova.org\/portafolio-de-capacidades\/wp-content\/uploads\/2024\/07\/cropped-TECNNOVA-2022-02.png\",\"contentUrl\":\"https:\/\/tecnnova.org\/portafolio-de-capacidades\/wp-content\/uploads\/2024\/07\/cropped-TECNNOVA-2022-02.png\",\"width\":1609,\"height\":428,\"caption\":\"Portafolio de capacidades - Tecnnova\"},\"image\":{\"@id\":\"https:\/\/tecnnova.org\/portafolio-de-capacidades\/#\/schema\/logo\/image\/\"},\"sameAs\":[\"https:\/\/www.facebook.com\/Tecnnova_UEE-637591033015381\",\"https:\/\/x.com\/Tecnnova_UEE\"]}]}<\/script>\n<!-- \/ Yoast SEO plugin. -->","yoast_head_json":{"title":"Gestionar los datos de investigaci\u00f3n en Historia en clave de red para la construcci\u00f3n de grafos y apcacion de ARS - Portafolio de capacidades - Tecnnova","robots":{"index":"index","follow":"follow","max-snippet":"max-snippet:-1","max-image-preview":"max-image-preview:large","max-video-preview":"max-video-preview:-1"},"canonical":"https:\/\/tecnnova.org\/portafolio-de-capacidades\/tienda\/sin categor\u00eda\/gestionar-los-datos-de-investigacion-en-historia-en-clave-de-red-para-la-construccion-de-grafos-y-apcacion-de-ars\/","og_locale":"es_ES","og_type":"article","og_title":"Gestionar los datos de investigaci\u00f3n en Historia en clave de red para la construcci\u00f3n de grafos y apcacion de ARS - Portafolio de capacidades - Tecnnova","og_description":"El valor agregado de &#8220;Gestionar los datos de investigaci\u00f3n en Historia en clave de red para la construcci\u00f3n de grafos y aplicaci\u00f3n de An\u00e1lisis de Redes Sociales (ARS)&#8221; radica en la optimizaci\u00f3n del an\u00e1lisis de datos hist\u00f3ricos, la construcci\u00f3n y visualizaci\u00f3n de grafos, la aplicaci\u00f3n de ARS, el desarrollo de nuevas perspectivas hist\u00f3ricas, la mejora [&hellip;]","og_url":"https:\/\/tecnnova.org\/portafolio-de-capacidades\/tienda\/sin categor\u00eda\/gestionar-los-datos-de-investigacion-en-historia-en-clave-de-red-para-la-construccion-de-grafos-y-apcacion-de-ars\/","og_site_name":"Portafolio de capacidades - Tecnnova","article_publisher":"https:\/\/www.facebook.com\/Tecnnova_UEE-637591033015381","twitter_card":"summary_large_image","twitter_site":"@Tecnnova_UEE","twitter_misc":{"Tiempo de lectura":"1 minuto"},"schema":{"@context":"https:\/\/schema.org","@graph":[{"@type":"WebPage","@id":"https:\/\/tecnnova.org\/portafolio-de-capacidades\/tienda\/sin categor\u00eda\/gestionar-los-datos-de-investigacion-en-historia-en-clave-de-red-para-la-construccion-de-grafos-y-apcacion-de-ars\/","url":"https:\/\/tecnnova.org\/portafolio-de-capacidades\/tienda\/sin categor\u00eda\/gestionar-los-datos-de-investigacion-en-historia-en-clave-de-red-para-la-construccion-de-grafos-y-apcacion-de-ars\/","name":"Gestionar los datos de investigaci\u00f3n en Historia en clave de red para la construcci\u00f3n de grafos y apcacion de ARS - Portafolio de capacidades - Tecnnova","isPartOf":{"@id":"https:\/\/tecnnova.org\/portafolio-de-capacidades\/#website"},"primaryImageOfPage":{"@id":"https:\/\/tecnnova.org\/portafolio-de-capacidades\/tienda\/sin categor\u00eda\/gestionar-los-datos-de-investigacion-en-historia-en-clave-de-red-para-la-construccion-de-grafos-y-apcacion-de-ars\/#primaryimage"},"image":{"@id":"https:\/\/tecnnova.org\/portafolio-de-capacidades\/tienda\/sin categor\u00eda\/gestionar-los-datos-de-investigacion-en-historia-en-clave-de-red-para-la-construccion-de-grafos-y-apcacion-de-ars\/#primaryimage"},"thumbnailUrl":"https:\/\/tecnnova.org\/portafolio-de-capacidades\/wp-content\/uploads\/2024\/08\/iconcultura.png","datePublished":"2024-08-29T20:37:27+00:00","dateModified":"2024-08-29T20:37:27+00:00","breadcrumb":{"@id":"https:\/\/tecnnova.org\/portafolio-de-capacidades\/tienda\/sin categor\u00eda\/gestionar-los-datos-de-investigacion-en-historia-en-clave-de-red-para-la-construccion-de-grafos-y-apcacion-de-ars\/#breadcrumb"},"inLanguage":"es-CO","potentialAction":[{"@type":"ReadAction","target":["https:\/\/tecnnova.org\/portafolio-de-capacidades\/tienda\/sin categor\u00eda\/gestionar-los-datos-de-investigacion-en-historia-en-clave-de-red-para-la-construccion-de-grafos-y-apcacion-de-ars\/"]}]},{"@type":"ImageObject","inLanguage":"es-CO","@id":"https:\/\/tecnnova.org\/portafolio-de-capacidades\/tienda\/sin categor\u00eda\/gestionar-los-datos-de-investigacion-en-historia-en-clave-de-red-para-la-construccion-de-grafos-y-apcacion-de-ars\/#primaryimage","url":"https:\/\/tecnnova.org\/portafolio-de-capacidades\/wp-content\/uploads\/2024\/08\/iconcultura.png","contentUrl":"https:\/\/tecnnova.org\/portafolio-de-capacidades\/wp-content\/uploads\/2024\/08\/iconcultura.png","width":100,"height":100},{"@type":"BreadcrumbList","@id":"https:\/\/tecnnova.org\/portafolio-de-capacidades\/tienda\/sin categor\u00eda\/gestionar-los-datos-de-investigacion-en-historia-en-clave-de-red-para-la-construccion-de-grafos-y-apcacion-de-ars\/#breadcrumb","itemListElement":[{"@type":"ListItem","position":1,"name":"Inicio","item":"https:\/\/tecnnova.org\/portafolio-de-capacidades\/"},{"@type":"ListItem","position":2,"name":"Portafolio de Capacidades","item":"https:\/\/tecnnova.org\/portafolio-de-capacidades\/"},{"@type":"ListItem","position":3,"name":"Gestionar los datos de investigaci\u00f3n en Historia en clave de red para la construcci\u00f3n de grafos y apcacion de ARS"}]},{"@type":"WebSite","@id":"https:\/\/tecnnova.org\/portafolio-de-capacidades\/#website","url":"https:\/\/tecnnova.org\/portafolio-de-capacidades\/","name":"Portafolio de capacidades - Tecnnova","description":"","publisher":{"@id":"https:\/\/tecnnova.org\/portafolio-de-capacidades\/#organization"},"potentialAction":[{"@type":"SearchAction","target":{"@type":"EntryPoint","urlTemplate":"https:\/\/tecnnova.org\/portafolio-de-capacidades\/?s={search_term_string}"},"query-input":"required name=search_term_string"}],"inLanguage":"es-CO"},{"@type":"Organization","@id":"https:\/\/tecnnova.org\/portafolio-de-capacidades\/#organization","name":"Portafolio de capacidades - Tecnnova","url":"https:\/\/tecnnova.org\/portafolio-de-capacidades\/","logo":{"@type":"ImageObject","inLanguage":"es-CO","@id":"https:\/\/tecnnova.org\/portafolio-de-capacidades\/#\/schema\/logo\/image\/","url":"https:\/\/tecnnova.org\/portafolio-de-capacidades\/wp-content\/uploads\/2024\/07\/cropped-TECNNOVA-2022-02.png","contentUrl":"https:\/\/tecnnova.org\/portafolio-de-capacidades\/wp-content\/uploads\/2024\/07\/cropped-TECNNOVA-2022-02.png","width":1609,"height":428,"caption":"Portafolio de capacidades - Tecnnova"},"image":{"@id":"https:\/\/tecnnova.org\/portafolio-de-capacidades\/#\/schema\/logo\/image\/"},"sameAs":["https:\/\/www.facebook.com\/Tecnnova_UEE-637591033015381","https:\/\/x.com\/Tecnnova_UEE"]}]}},"_links":{"self":[{"href":"https:\/\/tecnnova.org\/portafolio-de-capacidades\/wp-json\/wp\/v2\/product\/2562","targetHints":{"allow":["GET"]}}],"collection":[{"href":"https:\/\/tecnnova.org\/portafolio-de-capacidades\/wp-json\/wp\/v2\/product"}],"about":[{"href":"https:\/\/tecnnova.org\/portafolio-de-capacidades\/wp-json\/wp\/v2\/types\/product"}],"version-history":[{"count":0,"href":"https:\/\/tecnnova.org\/portafolio-de-capacidades\/wp-json\/wp\/v2\/product\/2562\/revisions"}],"wp:featuredmedia":[{"embeddable":true,"href":"https:\/\/tecnnova.org\/portafolio-de-capacidades\/wp-json\/wp\/v2\/media\/905"}],"wp:attachment":[{"href":"https:\/\/tecnnova.org\/portafolio-de-capacidades\/wp-json\/wp\/v2\/media?parent=2562"}],"wp:term":[{"taxonomy":"product_cat","embeddable":true,"href":"https:\/\/tecnnova.org\/portafolio-de-capacidades\/wp-json\/wp\/v2\/product_cat?post=2562"},{"taxonomy":"product_tag","embeddable":true,"href":"https:\/\/tecnnova.org\/portafolio-de-capacidades\/wp-json\/wp\/v2\/product_tag?post=2562"}],"curies":[{"name":"wp","href":"https:\/\/api.w.org\/{rel}","templated":true}]}}