{"id":2567,"date":"2024-08-29T15:37:28","date_gmt":"2024-08-29T20:37:28","guid":{"rendered":""},"modified":"2024-08-29T15:37:28","modified_gmt":"2024-08-29T20:37:28","slug":"analizar-el-material-genetico-de-hongos-patogenos-humanos-por-secuenciacion-con-tecnologias-ilumina-y-o-nanopre-para-identificar-genes-o-grupos-de-genes-asociados-a-resistencia-antimicrobiana-patoge","status":"publish","type":"product","link":"https:\/\/tecnnova.org\/portafolio-de-capacidades\/salud-y-vida\/analisis-de-genetica-de-hongos-patogenos-para-resistencia-antimicrobiana\/","title":{"rendered":"Analizar el material gen\u00e9tico de hongos pat\u00f3genos humanos por secuenciaci\u00f3n con tecnolog\u00edas Ilumina y\/o Nanopre, para identificar genes o grupos de genes asociados a resistencia antimicrobiana, patogenicidad y\/o virulencia."},"content":{"rendered":"<p>Agrega valor al mejorar la comprensi\u00f3n de la patogenia y su posible aplicaci\u00f3n a otros microorganismos y enfermedades humanas, desarrollar nuevas estrategias de tratamiento, optimizar diagn\u00f3sticos, innovar en tecnolog\u00edas de secuenciaci\u00f3n, impactar en la salud p\u00fablica, avanzar en conocimientos cient\u00edficos, desarrollar capacidades t\u00e9cnicas, mejorar la gesti\u00f3n de datos gen\u00e9ticos, fomentar la colaboraci\u00f3n interdisciplinaria, y aplicar los conocimientos en el \u00e1mbito cl\u00ednico y terap\u00e9utico.<\/p>\n","protected":false},"excerpt":{"rendered":"<p>Agrega valor al mejorar la comprensi\u00f3n de la patogenia y su posible aplicaci\u00f3n a otros microorganismos y enfermedades humanas, desarrollar nuevas estrategias de tratamiento, optimizar diagn\u00f3sticos, innovar en tecnolog\u00edas de secuenciaci\u00f3n, impactar en la salud p\u00fablica, avanzar en conocimientos cient\u00edficos, desarrollar capacidades t\u00e9cnicas, mejorar la gesti\u00f3n de datos gen\u00e9ticos, fomentar la colaboraci\u00f3n interdisciplinaria, y aplicar [&hellip;]<\/p>\n","protected":false},"featured_media":902,"template":"","meta":{"_acf_changed":false},"product_cat":[2566],"product_tag":[],"class_list":{"0":"post-2567","1":"product","2":"type-product","3":"status-publish","4":"has-post-thumbnail","6":"product_cat-salud-y-vida","8":"first","9":"instock","10":"shipping-taxable","11":"product-type-simple"},"acf":[],"yoast_head":"<!-- This site is optimized with the Yoast SEO plugin v23.3 - https:\/\/yoast.com\/wordpress\/plugins\/seo\/ -->\n<title>Analizar el material gen\u00e9tico de hongos pat\u00f3genos humanos por secuenciaci\u00f3n con tecnolog\u00edas Ilumina y\/o Nanopre, para identificar genes o grupos de genes asociados a resistencia antimicrobiana, patogenicidad y\/o virulencia. - Portafolio de capacidades - Tecnnova<\/title>\n<meta name=\"robots\" content=\"index, follow, max-snippet:-1, max-image-preview:large, max-video-preview:-1\" \/>\n<link rel=\"canonical\" href=\"https:\/\/tecnnova.org\/portafolio-de-capacidades\/tienda\/sin%20categor\u00eda\/analizar-el-material-genetico-de-hongos-patogenos-humanos-por-secuenciacion-con-tecnologias-ilumina-y-o-nanopre-para-identificar-genes-o-grupos-de-genes-asociados-a-resistencia-antimicrobiana-patoge\/\" \/>\n<meta property=\"og:locale\" content=\"es_ES\" \/>\n<meta property=\"og:type\" content=\"article\" \/>\n<meta property=\"og:title\" content=\"Analizar el material gen\u00e9tico de hongos pat\u00f3genos humanos por secuenciaci\u00f3n con tecnolog\u00edas Ilumina y\/o Nanopre, para identificar genes o grupos de genes asociados a resistencia antimicrobiana, patogenicidad y\/o virulencia. - Portafolio de capacidades - Tecnnova\" \/>\n<meta property=\"og:description\" content=\"Agrega valor al mejorar la comprensi\u00f3n de la patogenia y su posible aplicaci\u00f3n a otros microorganismos y enfermedades humanas, desarrollar nuevas estrategias de tratamiento, optimizar diagn\u00f3sticos, innovar en tecnolog\u00edas de secuenciaci\u00f3n, impactar en la salud p\u00fablica, avanzar en conocimientos cient\u00edficos, desarrollar capacidades t\u00e9cnicas, mejorar la gesti\u00f3n de datos gen\u00e9ticos, fomentar la colaboraci\u00f3n interdisciplinaria, y aplicar [&hellip;]\" \/>\n<meta property=\"og:url\" content=\"https:\/\/tecnnova.org\/portafolio-de-capacidades\/tienda\/sin categor\u00eda\/analizar-el-material-genetico-de-hongos-patogenos-humanos-por-secuenciacion-con-tecnologias-ilumina-y-o-nanopre-para-identificar-genes-o-grupos-de-genes-asociados-a-resistencia-antimicrobiana-patoge\/\" \/>\n<meta property=\"og:site_name\" content=\"Portafolio de capacidades - Tecnnova\" \/>\n<meta property=\"article:publisher\" content=\"https:\/\/www.facebook.com\/Tecnnova_UEE-637591033015381\" \/>\n<meta name=\"twitter:card\" content=\"summary_large_image\" \/>\n<meta name=\"twitter:site\" content=\"@Tecnnova_UEE\" \/>\n<script type=\"application\/ld+json\" class=\"yoast-schema-graph\">{\"@context\":\"https:\/\/schema.org\",\"@graph\":[{\"@type\":\"WebPage\",\"@id\":\"https:\/\/tecnnova.org\/portafolio-de-capacidades\/tienda\/sin categor\u00eda\/analizar-el-material-genetico-de-hongos-patogenos-humanos-por-secuenciacion-con-tecnologias-ilumina-y-o-nanopre-para-identificar-genes-o-grupos-de-genes-asociados-a-resistencia-antimicrobiana-patoge\/\",\"url\":\"https:\/\/tecnnova.org\/portafolio-de-capacidades\/tienda\/sin categor\u00eda\/analizar-el-material-genetico-de-hongos-patogenos-humanos-por-secuenciacion-con-tecnologias-ilumina-y-o-nanopre-para-identificar-genes-o-grupos-de-genes-asociados-a-resistencia-antimicrobiana-patoge\/\",\"name\":\"Analizar el material gen\u00e9tico de hongos pat\u00f3genos humanos por secuenciaci\u00f3n con tecnolog\u00edas Ilumina y\/o Nanopre, para identificar genes o grupos de genes asociados a resistencia antimicrobiana, patogenicidad y\/o virulencia. - Portafolio de capacidades - Tecnnova\",\"isPartOf\":{\"@id\":\"https:\/\/tecnnova.org\/portafolio-de-capacidades\/#website\"},\"primaryImageOfPage\":{\"@id\":\"https:\/\/tecnnova.org\/portafolio-de-capacidades\/tienda\/sin categor\u00eda\/analizar-el-material-genetico-de-hongos-patogenos-humanos-por-secuenciacion-con-tecnologias-ilumina-y-o-nanopre-para-identificar-genes-o-grupos-de-genes-asociados-a-resistencia-antimicrobiana-patoge\/#primaryimage\"},\"image\":{\"@id\":\"https:\/\/tecnnova.org\/portafolio-de-capacidades\/tienda\/sin categor\u00eda\/analizar-el-material-genetico-de-hongos-patogenos-humanos-por-secuenciacion-con-tecnologias-ilumina-y-o-nanopre-para-identificar-genes-o-grupos-de-genes-asociados-a-resistencia-antimicrobiana-patoge\/#primaryimage\"},\"thumbnailUrl\":\"https:\/\/tecnnova.org\/portafolio-de-capacidades\/wp-content\/uploads\/2024\/08\/iconsaludyvida.png\",\"datePublished\":\"2024-08-29T20:37:28+00:00\",\"dateModified\":\"2024-08-29T20:37:28+00:00\",\"breadcrumb\":{\"@id\":\"https:\/\/tecnnova.org\/portafolio-de-capacidades\/tienda\/sin categor\u00eda\/analizar-el-material-genetico-de-hongos-patogenos-humanos-por-secuenciacion-con-tecnologias-ilumina-y-o-nanopre-para-identificar-genes-o-grupos-de-genes-asociados-a-resistencia-antimicrobiana-patoge\/#breadcrumb\"},\"inLanguage\":\"es-CO\",\"potentialAction\":[{\"@type\":\"ReadAction\",\"target\":[\"https:\/\/tecnnova.org\/portafolio-de-capacidades\/tienda\/sin categor\u00eda\/analizar-el-material-genetico-de-hongos-patogenos-humanos-por-secuenciacion-con-tecnologias-ilumina-y-o-nanopre-para-identificar-genes-o-grupos-de-genes-asociados-a-resistencia-antimicrobiana-patoge\/\"]}]},{\"@type\":\"ImageObject\",\"inLanguage\":\"es-CO\",\"@id\":\"https:\/\/tecnnova.org\/portafolio-de-capacidades\/tienda\/sin categor\u00eda\/analizar-el-material-genetico-de-hongos-patogenos-humanos-por-secuenciacion-con-tecnologias-ilumina-y-o-nanopre-para-identificar-genes-o-grupos-de-genes-asociados-a-resistencia-antimicrobiana-patoge\/#primaryimage\",\"url\":\"https:\/\/tecnnova.org\/portafolio-de-capacidades\/wp-content\/uploads\/2024\/08\/iconsaludyvida.png\",\"contentUrl\":\"https:\/\/tecnnova.org\/portafolio-de-capacidades\/wp-content\/uploads\/2024\/08\/iconsaludyvida.png\",\"width\":100,\"height\":100},{\"@type\":\"BreadcrumbList\",\"@id\":\"https:\/\/tecnnova.org\/portafolio-de-capacidades\/tienda\/sin categor\u00eda\/analizar-el-material-genetico-de-hongos-patogenos-humanos-por-secuenciacion-con-tecnologias-ilumina-y-o-nanopre-para-identificar-genes-o-grupos-de-genes-asociados-a-resistencia-antimicrobiana-patoge\/#breadcrumb\",\"itemListElement\":[{\"@type\":\"ListItem\",\"position\":1,\"name\":\"Inicio\",\"item\":\"https:\/\/tecnnova.org\/portafolio-de-capacidades\/\"},{\"@type\":\"ListItem\",\"position\":2,\"name\":\"Portafolio de Capacidades\",\"item\":\"https:\/\/tecnnova.org\/portafolio-de-capacidades\/\"},{\"@type\":\"ListItem\",\"position\":3,\"name\":\"Analizar el material gen\u00e9tico de hongos pat\u00f3genos humanos por secuenciaci\u00f3n con tecnolog\u00edas Ilumina y\/o Nanopre, para identificar genes o grupos de genes asociados a resistencia antimicrobiana, patogenicidad y\/o virulencia.\"}]},{\"@type\":\"WebSite\",\"@id\":\"https:\/\/tecnnova.org\/portafolio-de-capacidades\/#website\",\"url\":\"https:\/\/tecnnova.org\/portafolio-de-capacidades\/\",\"name\":\"Portafolio de capacidades - Tecnnova\",\"description\":\"\",\"publisher\":{\"@id\":\"https:\/\/tecnnova.org\/portafolio-de-capacidades\/#organization\"},\"potentialAction\":[{\"@type\":\"SearchAction\",\"target\":{\"@type\":\"EntryPoint\",\"urlTemplate\":\"https:\/\/tecnnova.org\/portafolio-de-capacidades\/?s={search_term_string}\"},\"query-input\":\"required name=search_term_string\"}],\"inLanguage\":\"es-CO\"},{\"@type\":\"Organization\",\"@id\":\"https:\/\/tecnnova.org\/portafolio-de-capacidades\/#organization\",\"name\":\"Portafolio de capacidades - Tecnnova\",\"url\":\"https:\/\/tecnnova.org\/portafolio-de-capacidades\/\",\"logo\":{\"@type\":\"ImageObject\",\"inLanguage\":\"es-CO\",\"@id\":\"https:\/\/tecnnova.org\/portafolio-de-capacidades\/#\/schema\/logo\/image\/\",\"url\":\"https:\/\/tecnnova.org\/portafolio-de-capacidades\/wp-content\/uploads\/2024\/07\/cropped-TECNNOVA-2022-02.png\",\"contentUrl\":\"https:\/\/tecnnova.org\/portafolio-de-capacidades\/wp-content\/uploads\/2024\/07\/cropped-TECNNOVA-2022-02.png\",\"width\":1609,\"height\":428,\"caption\":\"Portafolio de capacidades - Tecnnova\"},\"image\":{\"@id\":\"https:\/\/tecnnova.org\/portafolio-de-capacidades\/#\/schema\/logo\/image\/\"},\"sameAs\":[\"https:\/\/www.facebook.com\/Tecnnova_UEE-637591033015381\",\"https:\/\/x.com\/Tecnnova_UEE\"]}]}<\/script>\n<!-- \/ Yoast SEO plugin. -->","yoast_head_json":{"title":"Analizar el material gen\u00e9tico de hongos pat\u00f3genos humanos por secuenciaci\u00f3n con tecnolog\u00edas Ilumina y\/o Nanopre, para identificar genes o grupos de genes asociados a resistencia antimicrobiana, patogenicidad y\/o virulencia. - Portafolio de capacidades - Tecnnova","robots":{"index":"index","follow":"follow","max-snippet":"max-snippet:-1","max-image-preview":"max-image-preview:large","max-video-preview":"max-video-preview:-1"},"canonical":"https:\/\/tecnnova.org\/portafolio-de-capacidades\/tienda\/sin categor\u00eda\/analizar-el-material-genetico-de-hongos-patogenos-humanos-por-secuenciacion-con-tecnologias-ilumina-y-o-nanopre-para-identificar-genes-o-grupos-de-genes-asociados-a-resistencia-antimicrobiana-patoge\/","og_locale":"es_ES","og_type":"article","og_title":"Analizar el material gen\u00e9tico de hongos pat\u00f3genos humanos por secuenciaci\u00f3n con tecnolog\u00edas Ilumina y\/o Nanopre, para identificar genes o grupos de genes asociados a resistencia antimicrobiana, patogenicidad y\/o virulencia. - Portafolio de capacidades - Tecnnova","og_description":"Agrega valor al mejorar la comprensi\u00f3n de la patogenia y su posible aplicaci\u00f3n a otros microorganismos y enfermedades humanas, desarrollar nuevas estrategias de tratamiento, optimizar diagn\u00f3sticos, innovar en tecnolog\u00edas de secuenciaci\u00f3n, impactar en la salud p\u00fablica, avanzar en conocimientos cient\u00edficos, desarrollar capacidades t\u00e9cnicas, mejorar la gesti\u00f3n de datos gen\u00e9ticos, fomentar la colaboraci\u00f3n interdisciplinaria, y aplicar [&hellip;]","og_url":"https:\/\/tecnnova.org\/portafolio-de-capacidades\/tienda\/sin categor\u00eda\/analizar-el-material-genetico-de-hongos-patogenos-humanos-por-secuenciacion-con-tecnologias-ilumina-y-o-nanopre-para-identificar-genes-o-grupos-de-genes-asociados-a-resistencia-antimicrobiana-patoge\/","og_site_name":"Portafolio de capacidades - Tecnnova","article_publisher":"https:\/\/www.facebook.com\/Tecnnova_UEE-637591033015381","twitter_card":"summary_large_image","twitter_site":"@Tecnnova_UEE","schema":{"@context":"https:\/\/schema.org","@graph":[{"@type":"WebPage","@id":"https:\/\/tecnnova.org\/portafolio-de-capacidades\/tienda\/sin categor\u00eda\/analizar-el-material-genetico-de-hongos-patogenos-humanos-por-secuenciacion-con-tecnologias-ilumina-y-o-nanopre-para-identificar-genes-o-grupos-de-genes-asociados-a-resistencia-antimicrobiana-patoge\/","url":"https:\/\/tecnnova.org\/portafolio-de-capacidades\/tienda\/sin categor\u00eda\/analizar-el-material-genetico-de-hongos-patogenos-humanos-por-secuenciacion-con-tecnologias-ilumina-y-o-nanopre-para-identificar-genes-o-grupos-de-genes-asociados-a-resistencia-antimicrobiana-patoge\/","name":"Analizar el material gen\u00e9tico de hongos pat\u00f3genos humanos por secuenciaci\u00f3n con tecnolog\u00edas Ilumina y\/o Nanopre, para identificar genes o grupos de genes asociados a resistencia antimicrobiana, patogenicidad y\/o virulencia. - Portafolio de capacidades - Tecnnova","isPartOf":{"@id":"https:\/\/tecnnova.org\/portafolio-de-capacidades\/#website"},"primaryImageOfPage":{"@id":"https:\/\/tecnnova.org\/portafolio-de-capacidades\/tienda\/sin categor\u00eda\/analizar-el-material-genetico-de-hongos-patogenos-humanos-por-secuenciacion-con-tecnologias-ilumina-y-o-nanopre-para-identificar-genes-o-grupos-de-genes-asociados-a-resistencia-antimicrobiana-patoge\/#primaryimage"},"image":{"@id":"https:\/\/tecnnova.org\/portafolio-de-capacidades\/tienda\/sin categor\u00eda\/analizar-el-material-genetico-de-hongos-patogenos-humanos-por-secuenciacion-con-tecnologias-ilumina-y-o-nanopre-para-identificar-genes-o-grupos-de-genes-asociados-a-resistencia-antimicrobiana-patoge\/#primaryimage"},"thumbnailUrl":"https:\/\/tecnnova.org\/portafolio-de-capacidades\/wp-content\/uploads\/2024\/08\/iconsaludyvida.png","datePublished":"2024-08-29T20:37:28+00:00","dateModified":"2024-08-29T20:37:28+00:00","breadcrumb":{"@id":"https:\/\/tecnnova.org\/portafolio-de-capacidades\/tienda\/sin categor\u00eda\/analizar-el-material-genetico-de-hongos-patogenos-humanos-por-secuenciacion-con-tecnologias-ilumina-y-o-nanopre-para-identificar-genes-o-grupos-de-genes-asociados-a-resistencia-antimicrobiana-patoge\/#breadcrumb"},"inLanguage":"es-CO","potentialAction":[{"@type":"ReadAction","target":["https:\/\/tecnnova.org\/portafolio-de-capacidades\/tienda\/sin categor\u00eda\/analizar-el-material-genetico-de-hongos-patogenos-humanos-por-secuenciacion-con-tecnologias-ilumina-y-o-nanopre-para-identificar-genes-o-grupos-de-genes-asociados-a-resistencia-antimicrobiana-patoge\/"]}]},{"@type":"ImageObject","inLanguage":"es-CO","@id":"https:\/\/tecnnova.org\/portafolio-de-capacidades\/tienda\/sin categor\u00eda\/analizar-el-material-genetico-de-hongos-patogenos-humanos-por-secuenciacion-con-tecnologias-ilumina-y-o-nanopre-para-identificar-genes-o-grupos-de-genes-asociados-a-resistencia-antimicrobiana-patoge\/#primaryimage","url":"https:\/\/tecnnova.org\/portafolio-de-capacidades\/wp-content\/uploads\/2024\/08\/iconsaludyvida.png","contentUrl":"https:\/\/tecnnova.org\/portafolio-de-capacidades\/wp-content\/uploads\/2024\/08\/iconsaludyvida.png","width":100,"height":100},{"@type":"BreadcrumbList","@id":"https:\/\/tecnnova.org\/portafolio-de-capacidades\/tienda\/sin categor\u00eda\/analizar-el-material-genetico-de-hongos-patogenos-humanos-por-secuenciacion-con-tecnologias-ilumina-y-o-nanopre-para-identificar-genes-o-grupos-de-genes-asociados-a-resistencia-antimicrobiana-patoge\/#breadcrumb","itemListElement":[{"@type":"ListItem","position":1,"name":"Inicio","item":"https:\/\/tecnnova.org\/portafolio-de-capacidades\/"},{"@type":"ListItem","position":2,"name":"Portafolio de Capacidades","item":"https:\/\/tecnnova.org\/portafolio-de-capacidades\/"},{"@type":"ListItem","position":3,"name":"Analizar el material gen\u00e9tico de hongos pat\u00f3genos humanos por secuenciaci\u00f3n con tecnolog\u00edas Ilumina y\/o Nanopre, para identificar genes o grupos de genes asociados a resistencia antimicrobiana, patogenicidad y\/o virulencia."}]},{"@type":"WebSite","@id":"https:\/\/tecnnova.org\/portafolio-de-capacidades\/#website","url":"https:\/\/tecnnova.org\/portafolio-de-capacidades\/","name":"Portafolio de capacidades - Tecnnova","description":"","publisher":{"@id":"https:\/\/tecnnova.org\/portafolio-de-capacidades\/#organization"},"potentialAction":[{"@type":"SearchAction","target":{"@type":"EntryPoint","urlTemplate":"https:\/\/tecnnova.org\/portafolio-de-capacidades\/?s={search_term_string}"},"query-input":"required name=search_term_string"}],"inLanguage":"es-CO"},{"@type":"Organization","@id":"https:\/\/tecnnova.org\/portafolio-de-capacidades\/#organization","name":"Portafolio de capacidades - Tecnnova","url":"https:\/\/tecnnova.org\/portafolio-de-capacidades\/","logo":{"@type":"ImageObject","inLanguage":"es-CO","@id":"https:\/\/tecnnova.org\/portafolio-de-capacidades\/#\/schema\/logo\/image\/","url":"https:\/\/tecnnova.org\/portafolio-de-capacidades\/wp-content\/uploads\/2024\/07\/cropped-TECNNOVA-2022-02.png","contentUrl":"https:\/\/tecnnova.org\/portafolio-de-capacidades\/wp-content\/uploads\/2024\/07\/cropped-TECNNOVA-2022-02.png","width":1609,"height":428,"caption":"Portafolio de capacidades - Tecnnova"},"image":{"@id":"https:\/\/tecnnova.org\/portafolio-de-capacidades\/#\/schema\/logo\/image\/"},"sameAs":["https:\/\/www.facebook.com\/Tecnnova_UEE-637591033015381","https:\/\/x.com\/Tecnnova_UEE"]}]}},"_links":{"self":[{"href":"https:\/\/tecnnova.org\/portafolio-de-capacidades\/wp-json\/wp\/v2\/product\/2567","targetHints":{"allow":["GET"]}}],"collection":[{"href":"https:\/\/tecnnova.org\/portafolio-de-capacidades\/wp-json\/wp\/v2\/product"}],"about":[{"href":"https:\/\/tecnnova.org\/portafolio-de-capacidades\/wp-json\/wp\/v2\/types\/product"}],"version-history":[{"count":0,"href":"https:\/\/tecnnova.org\/portafolio-de-capacidades\/wp-json\/wp\/v2\/product\/2567\/revisions"}],"wp:featuredmedia":[{"embeddable":true,"href":"https:\/\/tecnnova.org\/portafolio-de-capacidades\/wp-json\/wp\/v2\/media\/902"}],"wp:attachment":[{"href":"https:\/\/tecnnova.org\/portafolio-de-capacidades\/wp-json\/wp\/v2\/media?parent=2567"}],"wp:term":[{"taxonomy":"product_cat","embeddable":true,"href":"https:\/\/tecnnova.org\/portafolio-de-capacidades\/wp-json\/wp\/v2\/product_cat?post=2567"},{"taxonomy":"product_tag","embeddable":true,"href":"https:\/\/tecnnova.org\/portafolio-de-capacidades\/wp-json\/wp\/v2\/product_tag?post=2567"}],"curies":[{"name":"wp","href":"https:\/\/api.w.org\/{rel}","templated":true}]}}