{"id":2602,"date":"2024-10-10T10:30:54","date_gmt":"2024-10-10T15:30:54","guid":{"rendered":"https:\/\/tecnnova.org\/portafolio-de-capacidades\/tienda\/sin categor\u00eda\/prestar-servicios-para-promover-el-desarrollo-del-area-estrategica-de-procesos-de-manufactura\/"},"modified":"2024-10-10T10:30:54","modified_gmt":"2024-10-10T15:30:54","slug":"prestar-servicios-para-promover-el-desarrollo-del-area-estrategica-de-procesos-de-manufactura","status":"publish","type":"product","link":"https:\/\/tecnnova.org\/portafolio-de-capacidades\/organizaciones-y-territorios-competitivos\/servicios-para-procesos-de-manufactura\/","title":{"rendered":"Prestar servicios para promover el desarrollo del \u00e1rea estrat\u00e9gica de procesos de manufactura"},"content":{"rendered":"<p>Procesos convencionales, manufactura aditiva, dise\u00f1o de herramental y moldes, sistemas de manufactura integrados por computadora, gesti\u00f3n de la manufactura, procesamiento de materiales compuestos, procesos de uni\u00f3n y ensamble y tratamientos de superficie<\/p>\n","protected":false},"excerpt":{"rendered":"<p>Procesos convencionales, manufactura aditiva, dise\u00f1o de herramental y moldes, sistemas de manufactura integrados por computadora, gesti\u00f3n de la manufactura, procesamiento de materiales compuestos, procesos de uni\u00f3n y ensamble y tratamientos de superficie<\/p>\n","protected":false},"featured_media":904,"template":"","meta":{"_acf_changed":false},"product_cat":[2925],"product_tag":[5600,5597,5602,3771,3098,5603,5601,5599,5598,3315],"class_list":{"0":"post-2602","1":"product","2":"type-product","3":"status-publish","4":"has-post-thumbnail","6":"product_cat-organizaciones-y-territorios-competitivos","7":"product_tag-desarrollo-de-areas-estrategicas","8":"product_tag-dimec","9":"product_tag-eficiencia-industrial","10":"product_tag-manufactura","11":"product_tag-mejora-de-procesos","12":"product_tag-optimizacion-de-produccion","13":"product_tag-procesos-de-manufactura","14":"product_tag-promocion-de-areas-estrategicas-desarrollo-estrategico","15":"product_tag-servicios-de-promocion","16":"product_tag-tecnova","18":"first","19":"instock","20":"shipping-taxable","21":"product-type-simple"},"acf":[],"yoast_head":"<!-- This site is optimized with the Yoast SEO plugin v23.3 - https:\/\/yoast.com\/wordpress\/plugins\/seo\/ -->\n<title>Prestar servicios para promover el desarrollo del \u00e1rea estrat\u00e9gica de procesos de manufactura - Portafolio de capacidades - Tecnnova<\/title>\n<meta name=\"robots\" content=\"index, follow, max-snippet:-1, max-image-preview:large, max-video-preview:-1\" \/>\n<link rel=\"canonical\" href=\"https:\/\/tecnnova.org\/portafolio-de-capacidades\/tienda\/sin%20categor\u00eda\/prestar-servicios-para-promover-el-desarrollo-del-area-estrategica-de-procesos-de-manufactura\/\" \/>\n<meta property=\"og:locale\" content=\"es_ES\" \/>\n<meta property=\"og:type\" content=\"article\" \/>\n<meta property=\"og:title\" content=\"Prestar servicios para promover el desarrollo del \u00e1rea estrat\u00e9gica de procesos de manufactura - Portafolio de capacidades - Tecnnova\" \/>\n<meta property=\"og:description\" content=\"Procesos convencionales, manufactura aditiva, dise\u00f1o de herramental y moldes, sistemas de manufactura integrados por computadora, gesti\u00f3n de la manufactura, procesamiento de materiales compuestos, procesos de uni\u00f3n y ensamble y tratamientos de superficie\" \/>\n<meta property=\"og:url\" content=\"https:\/\/tecnnova.org\/portafolio-de-capacidades\/tienda\/sin categor\u00eda\/prestar-servicios-para-promover-el-desarrollo-del-area-estrategica-de-procesos-de-manufactura\/\" \/>\n<meta property=\"og:site_name\" content=\"Portafolio de capacidades - Tecnnova\" \/>\n<meta property=\"article:publisher\" content=\"https:\/\/www.facebook.com\/Tecnnova_UEE-637591033015381\" \/>\n<meta name=\"twitter:card\" content=\"summary_large_image\" \/>\n<meta name=\"twitter:site\" content=\"@Tecnnova_UEE\" \/>\n<script type=\"application\/ld+json\" class=\"yoast-schema-graph\">{\"@context\":\"https:\/\/schema.org\",\"@graph\":[{\"@type\":\"WebPage\",\"@id\":\"https:\/\/tecnnova.org\/portafolio-de-capacidades\/tienda\/sin categor\u00eda\/prestar-servicios-para-promover-el-desarrollo-del-area-estrategica-de-procesos-de-manufactura\/\",\"url\":\"https:\/\/tecnnova.org\/portafolio-de-capacidades\/tienda\/sin categor\u00eda\/prestar-servicios-para-promover-el-desarrollo-del-area-estrategica-de-procesos-de-manufactura\/\",\"name\":\"Prestar servicios para promover el desarrollo del \u00e1rea estrat\u00e9gica de procesos de manufactura - Portafolio de capacidades - Tecnnova\",\"isPartOf\":{\"@id\":\"https:\/\/tecnnova.org\/portafolio-de-capacidades\/#website\"},\"primaryImageOfPage\":{\"@id\":\"https:\/\/tecnnova.org\/portafolio-de-capacidades\/tienda\/sin categor\u00eda\/prestar-servicios-para-promover-el-desarrollo-del-area-estrategica-de-procesos-de-manufactura\/#primaryimage\"},\"image\":{\"@id\":\"https:\/\/tecnnova.org\/portafolio-de-capacidades\/tienda\/sin categor\u00eda\/prestar-servicios-para-promover-el-desarrollo-del-area-estrategica-de-procesos-de-manufactura\/#primaryimage\"},\"thumbnailUrl\":\"https:\/\/tecnnova.org\/portafolio-de-capacidades\/wp-content\/uploads\/2024\/08\/iconorganizaciones.png\",\"datePublished\":\"2024-10-10T15:30:54+00:00\",\"dateModified\":\"2024-10-10T15:30:54+00:00\",\"breadcrumb\":{\"@id\":\"https:\/\/tecnnova.org\/portafolio-de-capacidades\/tienda\/sin categor\u00eda\/prestar-servicios-para-promover-el-desarrollo-del-area-estrategica-de-procesos-de-manufactura\/#breadcrumb\"},\"inLanguage\":\"es-CO\",\"potentialAction\":[{\"@type\":\"ReadAction\",\"target\":[\"https:\/\/tecnnova.org\/portafolio-de-capacidades\/tienda\/sin categor\u00eda\/prestar-servicios-para-promover-el-desarrollo-del-area-estrategica-de-procesos-de-manufactura\/\"]}]},{\"@type\":\"ImageObject\",\"inLanguage\":\"es-CO\",\"@id\":\"https:\/\/tecnnova.org\/portafolio-de-capacidades\/tienda\/sin categor\u00eda\/prestar-servicios-para-promover-el-desarrollo-del-area-estrategica-de-procesos-de-manufactura\/#primaryimage\",\"url\":\"https:\/\/tecnnova.org\/portafolio-de-capacidades\/wp-content\/uploads\/2024\/08\/iconorganizaciones.png\",\"contentUrl\":\"https:\/\/tecnnova.org\/portafolio-de-capacidades\/wp-content\/uploads\/2024\/08\/iconorganizaciones.png\",\"width\":100,\"height\":100},{\"@type\":\"BreadcrumbList\",\"@id\":\"https:\/\/tecnnova.org\/portafolio-de-capacidades\/tienda\/sin categor\u00eda\/prestar-servicios-para-promover-el-desarrollo-del-area-estrategica-de-procesos-de-manufactura\/#breadcrumb\",\"itemListElement\":[{\"@type\":\"ListItem\",\"position\":1,\"name\":\"Inicio\",\"item\":\"https:\/\/tecnnova.org\/portafolio-de-capacidades\/\"},{\"@type\":\"ListItem\",\"position\":2,\"name\":\"Portafolio de Capacidades\",\"item\":\"https:\/\/tecnnova.org\/portafolio-de-capacidades\/\"},{\"@type\":\"ListItem\",\"position\":3,\"name\":\"Prestar servicios para promover el desarrollo del \u00e1rea estrat\u00e9gica de procesos de manufactura\"}]},{\"@type\":\"WebSite\",\"@id\":\"https:\/\/tecnnova.org\/portafolio-de-capacidades\/#website\",\"url\":\"https:\/\/tecnnova.org\/portafolio-de-capacidades\/\",\"name\":\"Portafolio de capacidades - Tecnnova\",\"description\":\"\",\"publisher\":{\"@id\":\"https:\/\/tecnnova.org\/portafolio-de-capacidades\/#organization\"},\"potentialAction\":[{\"@type\":\"SearchAction\",\"target\":{\"@type\":\"EntryPoint\",\"urlTemplate\":\"https:\/\/tecnnova.org\/portafolio-de-capacidades\/?s={search_term_string}\"},\"query-input\":\"required name=search_term_string\"}],\"inLanguage\":\"es-CO\"},{\"@type\":\"Organization\",\"@id\":\"https:\/\/tecnnova.org\/portafolio-de-capacidades\/#organization\",\"name\":\"Portafolio de capacidades - Tecnnova\",\"url\":\"https:\/\/tecnnova.org\/portafolio-de-capacidades\/\",\"logo\":{\"@type\":\"ImageObject\",\"inLanguage\":\"es-CO\",\"@id\":\"https:\/\/tecnnova.org\/portafolio-de-capacidades\/#\/schema\/logo\/image\/\",\"url\":\"https:\/\/tecnnova.org\/portafolio-de-capacidades\/wp-content\/uploads\/2024\/07\/cropped-TECNNOVA-2022-02.png\",\"contentUrl\":\"https:\/\/tecnnova.org\/portafolio-de-capacidades\/wp-content\/uploads\/2024\/07\/cropped-TECNNOVA-2022-02.png\",\"width\":1609,\"height\":428,\"caption\":\"Portafolio de capacidades - Tecnnova\"},\"image\":{\"@id\":\"https:\/\/tecnnova.org\/portafolio-de-capacidades\/#\/schema\/logo\/image\/\"},\"sameAs\":[\"https:\/\/www.facebook.com\/Tecnnova_UEE-637591033015381\",\"https:\/\/x.com\/Tecnnova_UEE\"]}]}<\/script>\n<!-- \/ Yoast SEO plugin. -->","yoast_head_json":{"title":"Prestar servicios para promover el desarrollo del \u00e1rea estrat\u00e9gica de procesos de manufactura - Portafolio de capacidades - Tecnnova","robots":{"index":"index","follow":"follow","max-snippet":"max-snippet:-1","max-image-preview":"max-image-preview:large","max-video-preview":"max-video-preview:-1"},"canonical":"https:\/\/tecnnova.org\/portafolio-de-capacidades\/tienda\/sin categor\u00eda\/prestar-servicios-para-promover-el-desarrollo-del-area-estrategica-de-procesos-de-manufactura\/","og_locale":"es_ES","og_type":"article","og_title":"Prestar servicios para promover el desarrollo del \u00e1rea estrat\u00e9gica de procesos de manufactura - Portafolio de capacidades - Tecnnova","og_description":"Procesos convencionales, manufactura aditiva, dise\u00f1o de herramental y moldes, sistemas de manufactura integrados por computadora, gesti\u00f3n de la manufactura, procesamiento de materiales compuestos, procesos de uni\u00f3n y ensamble y tratamientos de superficie","og_url":"https:\/\/tecnnova.org\/portafolio-de-capacidades\/tienda\/sin categor\u00eda\/prestar-servicios-para-promover-el-desarrollo-del-area-estrategica-de-procesos-de-manufactura\/","og_site_name":"Portafolio de capacidades - Tecnnova","article_publisher":"https:\/\/www.facebook.com\/Tecnnova_UEE-637591033015381","twitter_card":"summary_large_image","twitter_site":"@Tecnnova_UEE","schema":{"@context":"https:\/\/schema.org","@graph":[{"@type":"WebPage","@id":"https:\/\/tecnnova.org\/portafolio-de-capacidades\/tienda\/sin categor\u00eda\/prestar-servicios-para-promover-el-desarrollo-del-area-estrategica-de-procesos-de-manufactura\/","url":"https:\/\/tecnnova.org\/portafolio-de-capacidades\/tienda\/sin categor\u00eda\/prestar-servicios-para-promover-el-desarrollo-del-area-estrategica-de-procesos-de-manufactura\/","name":"Prestar servicios para promover el desarrollo del \u00e1rea estrat\u00e9gica de procesos de manufactura - Portafolio de capacidades - Tecnnova","isPartOf":{"@id":"https:\/\/tecnnova.org\/portafolio-de-capacidades\/#website"},"primaryImageOfPage":{"@id":"https:\/\/tecnnova.org\/portafolio-de-capacidades\/tienda\/sin categor\u00eda\/prestar-servicios-para-promover-el-desarrollo-del-area-estrategica-de-procesos-de-manufactura\/#primaryimage"},"image":{"@id":"https:\/\/tecnnova.org\/portafolio-de-capacidades\/tienda\/sin categor\u00eda\/prestar-servicios-para-promover-el-desarrollo-del-area-estrategica-de-procesos-de-manufactura\/#primaryimage"},"thumbnailUrl":"https:\/\/tecnnova.org\/portafolio-de-capacidades\/wp-content\/uploads\/2024\/08\/iconorganizaciones.png","datePublished":"2024-10-10T15:30:54+00:00","dateModified":"2024-10-10T15:30:54+00:00","breadcrumb":{"@id":"https:\/\/tecnnova.org\/portafolio-de-capacidades\/tienda\/sin categor\u00eda\/prestar-servicios-para-promover-el-desarrollo-del-area-estrategica-de-procesos-de-manufactura\/#breadcrumb"},"inLanguage":"es-CO","potentialAction":[{"@type":"ReadAction","target":["https:\/\/tecnnova.org\/portafolio-de-capacidades\/tienda\/sin categor\u00eda\/prestar-servicios-para-promover-el-desarrollo-del-area-estrategica-de-procesos-de-manufactura\/"]}]},{"@type":"ImageObject","inLanguage":"es-CO","@id":"https:\/\/tecnnova.org\/portafolio-de-capacidades\/tienda\/sin categor\u00eda\/prestar-servicios-para-promover-el-desarrollo-del-area-estrategica-de-procesos-de-manufactura\/#primaryimage","url":"https:\/\/tecnnova.org\/portafolio-de-capacidades\/wp-content\/uploads\/2024\/08\/iconorganizaciones.png","contentUrl":"https:\/\/tecnnova.org\/portafolio-de-capacidades\/wp-content\/uploads\/2024\/08\/iconorganizaciones.png","width":100,"height":100},{"@type":"BreadcrumbList","@id":"https:\/\/tecnnova.org\/portafolio-de-capacidades\/tienda\/sin categor\u00eda\/prestar-servicios-para-promover-el-desarrollo-del-area-estrategica-de-procesos-de-manufactura\/#breadcrumb","itemListElement":[{"@type":"ListItem","position":1,"name":"Inicio","item":"https:\/\/tecnnova.org\/portafolio-de-capacidades\/"},{"@type":"ListItem","position":2,"name":"Portafolio de Capacidades","item":"https:\/\/tecnnova.org\/portafolio-de-capacidades\/"},{"@type":"ListItem","position":3,"name":"Prestar servicios para promover el desarrollo del \u00e1rea estrat\u00e9gica de procesos de manufactura"}]},{"@type":"WebSite","@id":"https:\/\/tecnnova.org\/portafolio-de-capacidades\/#website","url":"https:\/\/tecnnova.org\/portafolio-de-capacidades\/","name":"Portafolio de capacidades - Tecnnova","description":"","publisher":{"@id":"https:\/\/tecnnova.org\/portafolio-de-capacidades\/#organization"},"potentialAction":[{"@type":"SearchAction","target":{"@type":"EntryPoint","urlTemplate":"https:\/\/tecnnova.org\/portafolio-de-capacidades\/?s={search_term_string}"},"query-input":"required name=search_term_string"}],"inLanguage":"es-CO"},{"@type":"Organization","@id":"https:\/\/tecnnova.org\/portafolio-de-capacidades\/#organization","name":"Portafolio de capacidades - Tecnnova","url":"https:\/\/tecnnova.org\/portafolio-de-capacidades\/","logo":{"@type":"ImageObject","inLanguage":"es-CO","@id":"https:\/\/tecnnova.org\/portafolio-de-capacidades\/#\/schema\/logo\/image\/","url":"https:\/\/tecnnova.org\/portafolio-de-capacidades\/wp-content\/uploads\/2024\/07\/cropped-TECNNOVA-2022-02.png","contentUrl":"https:\/\/tecnnova.org\/portafolio-de-capacidades\/wp-content\/uploads\/2024\/07\/cropped-TECNNOVA-2022-02.png","width":1609,"height":428,"caption":"Portafolio de capacidades - Tecnnova"},"image":{"@id":"https:\/\/tecnnova.org\/portafolio-de-capacidades\/#\/schema\/logo\/image\/"},"sameAs":["https:\/\/www.facebook.com\/Tecnnova_UEE-637591033015381","https:\/\/x.com\/Tecnnova_UEE"]}]}},"_links":{"self":[{"href":"https:\/\/tecnnova.org\/portafolio-de-capacidades\/wp-json\/wp\/v2\/product\/2602","targetHints":{"allow":["GET"]}}],"collection":[{"href":"https:\/\/tecnnova.org\/portafolio-de-capacidades\/wp-json\/wp\/v2\/product"}],"about":[{"href":"https:\/\/tecnnova.org\/portafolio-de-capacidades\/wp-json\/wp\/v2\/types\/product"}],"version-history":[{"count":0,"href":"https:\/\/tecnnova.org\/portafolio-de-capacidades\/wp-json\/wp\/v2\/product\/2602\/revisions"}],"wp:featuredmedia":[{"embeddable":true,"href":"https:\/\/tecnnova.org\/portafolio-de-capacidades\/wp-json\/wp\/v2\/media\/904"}],"wp:attachment":[{"href":"https:\/\/tecnnova.org\/portafolio-de-capacidades\/wp-json\/wp\/v2\/media?parent=2602"}],"wp:term":[{"taxonomy":"product_cat","embeddable":true,"href":"https:\/\/tecnnova.org\/portafolio-de-capacidades\/wp-json\/wp\/v2\/product_cat?post=2602"},{"taxonomy":"product_tag","embeddable":true,"href":"https:\/\/tecnnova.org\/portafolio-de-capacidades\/wp-json\/wp\/v2\/product_tag?post=2602"}],"curies":[{"name":"wp","href":"https:\/\/api.w.org\/{rel}","templated":true}]}}