{"id":2610,"date":"2024-10-10T10:30:55","date_gmt":"2024-10-10T15:30:55","guid":{"rendered":"https:\/\/tecnnova.org\/portafolio-de-capacidades\/tienda\/sin categor\u00eda\/elaborar-estudios-de-prefactibilidad-para-establecer-la-viabilidad-normativa-y-tecnica-para-la-construccion-de-proyectos-de-vivienda\/"},"modified":"2024-10-10T10:30:55","modified_gmt":"2024-10-10T15:30:55","slug":"elaborar-estudios-de-prefactibilidad-para-establecer-la-viabilidad-normativa-y-tecnica-para-la-construccion-de-proyectos-de-vivienda","status":"publish","type":"product","link":"https:\/\/tecnnova.org\/portafolio-de-capacidades\/organizaciones-y-territorios-competitivos\/estudios-de-prefactibilidad-para-proyectos-de-vivienda\/","title":{"rendered":"Elaborar estudios de prefactibilidad para establecer la viabilidad normativa y t\u00e9cnica, para la construcci\u00f3n de proyectos de vivienda"},"content":{"rendered":"<p>Capacidad de determinar la viabilidad normativa y t\u00e9cnica antes de iniciar un proyecto. esto asegura que los proyectos cumplan con las regulaciones y requisitos t\u00e9cnicos necesarios, optimizando recursos y minimizando riesgos, lo que contribuye al desarrollo ordenado y eficiente del sector de la construcci\u00f3n.<\/p>\n","protected":false},"excerpt":{"rendered":"<p>Capacidad de determinar la viabilidad normativa y t\u00e9cnica antes de iniciar un proyecto. esto asegura que los proyectos cumplan con las regulaciones y requisitos t\u00e9cnicos necesarios, optimizando recursos y minimizando riesgos, lo que contribuye al desarrollo ordenado y eficiente del sector de la construcci\u00f3n.<\/p>\n","protected":false},"featured_media":904,"template":"","meta":{"_acf_changed":false},"product_cat":[2925],"product_tag":[5669,5666,5670,5663,5662,5668,5667,3315,5664,5665],"class_list":{"0":"post-2610","1":"product","2":"type-product","3":"status-publish","4":"has-post-thumbnail","6":"product_cat-organizaciones-y-territorios-competitivos","7":"product_tag-analisis-de-factibilidad","8":"product_tag-construccion-de-vivienda","9":"product_tag-desarrollo-urbano","10":"product_tag-estudios-de-prefactibilidad","11":"product_tag-gea","12":"product_tag-planificacion-urbana","13":"product_tag-proyectos-de-vivienda","14":"product_tag-tecnova","15":"product_tag-viabilidad-normativa","16":"product_tag-viabilidad-tecnica","18":"first","19":"instock","20":"shipping-taxable","21":"product-type-simple"},"acf":[],"yoast_head":"<!-- This site is optimized with the Yoast SEO plugin v23.3 - https:\/\/yoast.com\/wordpress\/plugins\/seo\/ -->\n<title>Elaborar estudios de prefactibilidad para establecer la viabilidad normativa y t\u00e9cnica, para la construcci\u00f3n de proyectos de vivienda - Portafolio de capacidades - Tecnnova<\/title>\n<meta name=\"robots\" content=\"index, follow, max-snippet:-1, max-image-preview:large, max-video-preview:-1\" \/>\n<link rel=\"canonical\" href=\"https:\/\/tecnnova.org\/portafolio-de-capacidades\/tienda\/sin%20categor\u00eda\/elaborar-estudios-de-prefactibilidad-para-establecer-la-viabilidad-normativa-y-tecnica-para-la-construccion-de-proyectos-de-vivienda\/\" \/>\n<meta property=\"og:locale\" content=\"es_ES\" \/>\n<meta property=\"og:type\" content=\"article\" \/>\n<meta property=\"og:title\" content=\"Elaborar estudios de prefactibilidad para establecer la viabilidad normativa y t\u00e9cnica, para la construcci\u00f3n de proyectos de vivienda - Portafolio de capacidades - Tecnnova\" \/>\n<meta property=\"og:description\" content=\"Capacidad de determinar la viabilidad normativa y t\u00e9cnica antes de iniciar un proyecto. esto asegura que los proyectos cumplan con las regulaciones y requisitos t\u00e9cnicos necesarios, optimizando recursos y minimizando riesgos, lo que contribuye al desarrollo ordenado y eficiente del sector de la construcci\u00f3n.\" \/>\n<meta property=\"og:url\" content=\"https:\/\/tecnnova.org\/portafolio-de-capacidades\/tienda\/sin categor\u00eda\/elaborar-estudios-de-prefactibilidad-para-establecer-la-viabilidad-normativa-y-tecnica-para-la-construccion-de-proyectos-de-vivienda\/\" \/>\n<meta property=\"og:site_name\" content=\"Portafolio de capacidades - Tecnnova\" \/>\n<meta property=\"article:publisher\" content=\"https:\/\/www.facebook.com\/Tecnnova_UEE-637591033015381\" \/>\n<meta name=\"twitter:card\" content=\"summary_large_image\" \/>\n<meta name=\"twitter:site\" content=\"@Tecnnova_UEE\" \/>\n<script type=\"application\/ld+json\" class=\"yoast-schema-graph\">{\"@context\":\"https:\/\/schema.org\",\"@graph\":[{\"@type\":\"WebPage\",\"@id\":\"https:\/\/tecnnova.org\/portafolio-de-capacidades\/tienda\/sin categor\u00eda\/elaborar-estudios-de-prefactibilidad-para-establecer-la-viabilidad-normativa-y-tecnica-para-la-construccion-de-proyectos-de-vivienda\/\",\"url\":\"https:\/\/tecnnova.org\/portafolio-de-capacidades\/tienda\/sin categor\u00eda\/elaborar-estudios-de-prefactibilidad-para-establecer-la-viabilidad-normativa-y-tecnica-para-la-construccion-de-proyectos-de-vivienda\/\",\"name\":\"Elaborar estudios de prefactibilidad para establecer la viabilidad normativa y t\u00e9cnica, para la construcci\u00f3n de proyectos de vivienda - Portafolio de capacidades - Tecnnova\",\"isPartOf\":{\"@id\":\"https:\/\/tecnnova.org\/portafolio-de-capacidades\/#website\"},\"primaryImageOfPage\":{\"@id\":\"https:\/\/tecnnova.org\/portafolio-de-capacidades\/tienda\/sin categor\u00eda\/elaborar-estudios-de-prefactibilidad-para-establecer-la-viabilidad-normativa-y-tecnica-para-la-construccion-de-proyectos-de-vivienda\/#primaryimage\"},\"image\":{\"@id\":\"https:\/\/tecnnova.org\/portafolio-de-capacidades\/tienda\/sin categor\u00eda\/elaborar-estudios-de-prefactibilidad-para-establecer-la-viabilidad-normativa-y-tecnica-para-la-construccion-de-proyectos-de-vivienda\/#primaryimage\"},\"thumbnailUrl\":\"https:\/\/tecnnova.org\/portafolio-de-capacidades\/wp-content\/uploads\/2024\/08\/iconorganizaciones.png\",\"datePublished\":\"2024-10-10T15:30:55+00:00\",\"dateModified\":\"2024-10-10T15:30:55+00:00\",\"breadcrumb\":{\"@id\":\"https:\/\/tecnnova.org\/portafolio-de-capacidades\/tienda\/sin categor\u00eda\/elaborar-estudios-de-prefactibilidad-para-establecer-la-viabilidad-normativa-y-tecnica-para-la-construccion-de-proyectos-de-vivienda\/#breadcrumb\"},\"inLanguage\":\"es-CO\",\"potentialAction\":[{\"@type\":\"ReadAction\",\"target\":[\"https:\/\/tecnnova.org\/portafolio-de-capacidades\/tienda\/sin categor\u00eda\/elaborar-estudios-de-prefactibilidad-para-establecer-la-viabilidad-normativa-y-tecnica-para-la-construccion-de-proyectos-de-vivienda\/\"]}]},{\"@type\":\"ImageObject\",\"inLanguage\":\"es-CO\",\"@id\":\"https:\/\/tecnnova.org\/portafolio-de-capacidades\/tienda\/sin categor\u00eda\/elaborar-estudios-de-prefactibilidad-para-establecer-la-viabilidad-normativa-y-tecnica-para-la-construccion-de-proyectos-de-vivienda\/#primaryimage\",\"url\":\"https:\/\/tecnnova.org\/portafolio-de-capacidades\/wp-content\/uploads\/2024\/08\/iconorganizaciones.png\",\"contentUrl\":\"https:\/\/tecnnova.org\/portafolio-de-capacidades\/wp-content\/uploads\/2024\/08\/iconorganizaciones.png\",\"width\":100,\"height\":100},{\"@type\":\"BreadcrumbList\",\"@id\":\"https:\/\/tecnnova.org\/portafolio-de-capacidades\/tienda\/sin categor\u00eda\/elaborar-estudios-de-prefactibilidad-para-establecer-la-viabilidad-normativa-y-tecnica-para-la-construccion-de-proyectos-de-vivienda\/#breadcrumb\",\"itemListElement\":[{\"@type\":\"ListItem\",\"position\":1,\"name\":\"Inicio\",\"item\":\"https:\/\/tecnnova.org\/portafolio-de-capacidades\/\"},{\"@type\":\"ListItem\",\"position\":2,\"name\":\"Portafolio de Capacidades\",\"item\":\"https:\/\/tecnnova.org\/portafolio-de-capacidades\/\"},{\"@type\":\"ListItem\",\"position\":3,\"name\":\"Elaborar estudios de prefactibilidad para establecer la viabilidad normativa y t\u00e9cnica, para la construcci\u00f3n de proyectos de vivienda\"}]},{\"@type\":\"WebSite\",\"@id\":\"https:\/\/tecnnova.org\/portafolio-de-capacidades\/#website\",\"url\":\"https:\/\/tecnnova.org\/portafolio-de-capacidades\/\",\"name\":\"Portafolio de capacidades - Tecnnova\",\"description\":\"\",\"publisher\":{\"@id\":\"https:\/\/tecnnova.org\/portafolio-de-capacidades\/#organization\"},\"potentialAction\":[{\"@type\":\"SearchAction\",\"target\":{\"@type\":\"EntryPoint\",\"urlTemplate\":\"https:\/\/tecnnova.org\/portafolio-de-capacidades\/?s={search_term_string}\"},\"query-input\":\"required name=search_term_string\"}],\"inLanguage\":\"es-CO\"},{\"@type\":\"Organization\",\"@id\":\"https:\/\/tecnnova.org\/portafolio-de-capacidades\/#organization\",\"name\":\"Portafolio de capacidades - Tecnnova\",\"url\":\"https:\/\/tecnnova.org\/portafolio-de-capacidades\/\",\"logo\":{\"@type\":\"ImageObject\",\"inLanguage\":\"es-CO\",\"@id\":\"https:\/\/tecnnova.org\/portafolio-de-capacidades\/#\/schema\/logo\/image\/\",\"url\":\"https:\/\/tecnnova.org\/portafolio-de-capacidades\/wp-content\/uploads\/2024\/07\/cropped-TECNNOVA-2022-02.png\",\"contentUrl\":\"https:\/\/tecnnova.org\/portafolio-de-capacidades\/wp-content\/uploads\/2024\/07\/cropped-TECNNOVA-2022-02.png\",\"width\":1609,\"height\":428,\"caption\":\"Portafolio de capacidades - Tecnnova\"},\"image\":{\"@id\":\"https:\/\/tecnnova.org\/portafolio-de-capacidades\/#\/schema\/logo\/image\/\"},\"sameAs\":[\"https:\/\/www.facebook.com\/Tecnnova_UEE-637591033015381\",\"https:\/\/x.com\/Tecnnova_UEE\"]}]}<\/script>\n<!-- \/ Yoast SEO plugin. -->","yoast_head_json":{"title":"Elaborar estudios de prefactibilidad para establecer la viabilidad normativa y t\u00e9cnica, para la construcci\u00f3n de proyectos de vivienda - Portafolio de capacidades - Tecnnova","robots":{"index":"index","follow":"follow","max-snippet":"max-snippet:-1","max-image-preview":"max-image-preview:large","max-video-preview":"max-video-preview:-1"},"canonical":"https:\/\/tecnnova.org\/portafolio-de-capacidades\/tienda\/sin categor\u00eda\/elaborar-estudios-de-prefactibilidad-para-establecer-la-viabilidad-normativa-y-tecnica-para-la-construccion-de-proyectos-de-vivienda\/","og_locale":"es_ES","og_type":"article","og_title":"Elaborar estudios de prefactibilidad para establecer la viabilidad normativa y t\u00e9cnica, para la construcci\u00f3n de proyectos de vivienda - Portafolio de capacidades - Tecnnova","og_description":"Capacidad de determinar la viabilidad normativa y t\u00e9cnica antes de iniciar un proyecto. esto asegura que los proyectos cumplan con las regulaciones y requisitos t\u00e9cnicos necesarios, optimizando recursos y minimizando riesgos, lo que contribuye al desarrollo ordenado y eficiente del sector de la construcci\u00f3n.","og_url":"https:\/\/tecnnova.org\/portafolio-de-capacidades\/tienda\/sin categor\u00eda\/elaborar-estudios-de-prefactibilidad-para-establecer-la-viabilidad-normativa-y-tecnica-para-la-construccion-de-proyectos-de-vivienda\/","og_site_name":"Portafolio de capacidades - Tecnnova","article_publisher":"https:\/\/www.facebook.com\/Tecnnova_UEE-637591033015381","twitter_card":"summary_large_image","twitter_site":"@Tecnnova_UEE","schema":{"@context":"https:\/\/schema.org","@graph":[{"@type":"WebPage","@id":"https:\/\/tecnnova.org\/portafolio-de-capacidades\/tienda\/sin categor\u00eda\/elaborar-estudios-de-prefactibilidad-para-establecer-la-viabilidad-normativa-y-tecnica-para-la-construccion-de-proyectos-de-vivienda\/","url":"https:\/\/tecnnova.org\/portafolio-de-capacidades\/tienda\/sin categor\u00eda\/elaborar-estudios-de-prefactibilidad-para-establecer-la-viabilidad-normativa-y-tecnica-para-la-construccion-de-proyectos-de-vivienda\/","name":"Elaborar estudios de prefactibilidad para establecer la viabilidad normativa y t\u00e9cnica, para la construcci\u00f3n de proyectos de vivienda - Portafolio de capacidades - Tecnnova","isPartOf":{"@id":"https:\/\/tecnnova.org\/portafolio-de-capacidades\/#website"},"primaryImageOfPage":{"@id":"https:\/\/tecnnova.org\/portafolio-de-capacidades\/tienda\/sin categor\u00eda\/elaborar-estudios-de-prefactibilidad-para-establecer-la-viabilidad-normativa-y-tecnica-para-la-construccion-de-proyectos-de-vivienda\/#primaryimage"},"image":{"@id":"https:\/\/tecnnova.org\/portafolio-de-capacidades\/tienda\/sin categor\u00eda\/elaborar-estudios-de-prefactibilidad-para-establecer-la-viabilidad-normativa-y-tecnica-para-la-construccion-de-proyectos-de-vivienda\/#primaryimage"},"thumbnailUrl":"https:\/\/tecnnova.org\/portafolio-de-capacidades\/wp-content\/uploads\/2024\/08\/iconorganizaciones.png","datePublished":"2024-10-10T15:30:55+00:00","dateModified":"2024-10-10T15:30:55+00:00","breadcrumb":{"@id":"https:\/\/tecnnova.org\/portafolio-de-capacidades\/tienda\/sin categor\u00eda\/elaborar-estudios-de-prefactibilidad-para-establecer-la-viabilidad-normativa-y-tecnica-para-la-construccion-de-proyectos-de-vivienda\/#breadcrumb"},"inLanguage":"es-CO","potentialAction":[{"@type":"ReadAction","target":["https:\/\/tecnnova.org\/portafolio-de-capacidades\/tienda\/sin categor\u00eda\/elaborar-estudios-de-prefactibilidad-para-establecer-la-viabilidad-normativa-y-tecnica-para-la-construccion-de-proyectos-de-vivienda\/"]}]},{"@type":"ImageObject","inLanguage":"es-CO","@id":"https:\/\/tecnnova.org\/portafolio-de-capacidades\/tienda\/sin categor\u00eda\/elaborar-estudios-de-prefactibilidad-para-establecer-la-viabilidad-normativa-y-tecnica-para-la-construccion-de-proyectos-de-vivienda\/#primaryimage","url":"https:\/\/tecnnova.org\/portafolio-de-capacidades\/wp-content\/uploads\/2024\/08\/iconorganizaciones.png","contentUrl":"https:\/\/tecnnova.org\/portafolio-de-capacidades\/wp-content\/uploads\/2024\/08\/iconorganizaciones.png","width":100,"height":100},{"@type":"BreadcrumbList","@id":"https:\/\/tecnnova.org\/portafolio-de-capacidades\/tienda\/sin categor\u00eda\/elaborar-estudios-de-prefactibilidad-para-establecer-la-viabilidad-normativa-y-tecnica-para-la-construccion-de-proyectos-de-vivienda\/#breadcrumb","itemListElement":[{"@type":"ListItem","position":1,"name":"Inicio","item":"https:\/\/tecnnova.org\/portafolio-de-capacidades\/"},{"@type":"ListItem","position":2,"name":"Portafolio de Capacidades","item":"https:\/\/tecnnova.org\/portafolio-de-capacidades\/"},{"@type":"ListItem","position":3,"name":"Elaborar estudios de prefactibilidad para establecer la viabilidad normativa y t\u00e9cnica, para la construcci\u00f3n de proyectos de vivienda"}]},{"@type":"WebSite","@id":"https:\/\/tecnnova.org\/portafolio-de-capacidades\/#website","url":"https:\/\/tecnnova.org\/portafolio-de-capacidades\/","name":"Portafolio de capacidades - Tecnnova","description":"","publisher":{"@id":"https:\/\/tecnnova.org\/portafolio-de-capacidades\/#organization"},"potentialAction":[{"@type":"SearchAction","target":{"@type":"EntryPoint","urlTemplate":"https:\/\/tecnnova.org\/portafolio-de-capacidades\/?s={search_term_string}"},"query-input":"required name=search_term_string"}],"inLanguage":"es-CO"},{"@type":"Organization","@id":"https:\/\/tecnnova.org\/portafolio-de-capacidades\/#organization","name":"Portafolio de capacidades - Tecnnova","url":"https:\/\/tecnnova.org\/portafolio-de-capacidades\/","logo":{"@type":"ImageObject","inLanguage":"es-CO","@id":"https:\/\/tecnnova.org\/portafolio-de-capacidades\/#\/schema\/logo\/image\/","url":"https:\/\/tecnnova.org\/portafolio-de-capacidades\/wp-content\/uploads\/2024\/07\/cropped-TECNNOVA-2022-02.png","contentUrl":"https:\/\/tecnnova.org\/portafolio-de-capacidades\/wp-content\/uploads\/2024\/07\/cropped-TECNNOVA-2022-02.png","width":1609,"height":428,"caption":"Portafolio de capacidades - Tecnnova"},"image":{"@id":"https:\/\/tecnnova.org\/portafolio-de-capacidades\/#\/schema\/logo\/image\/"},"sameAs":["https:\/\/www.facebook.com\/Tecnnova_UEE-637591033015381","https:\/\/x.com\/Tecnnova_UEE"]}]}},"_links":{"self":[{"href":"https:\/\/tecnnova.org\/portafolio-de-capacidades\/wp-json\/wp\/v2\/product\/2610","targetHints":{"allow":["GET"]}}],"collection":[{"href":"https:\/\/tecnnova.org\/portafolio-de-capacidades\/wp-json\/wp\/v2\/product"}],"about":[{"href":"https:\/\/tecnnova.org\/portafolio-de-capacidades\/wp-json\/wp\/v2\/types\/product"}],"version-history":[{"count":0,"href":"https:\/\/tecnnova.org\/portafolio-de-capacidades\/wp-json\/wp\/v2\/product\/2610\/revisions"}],"wp:featuredmedia":[{"embeddable":true,"href":"https:\/\/tecnnova.org\/portafolio-de-capacidades\/wp-json\/wp\/v2\/media\/904"}],"wp:attachment":[{"href":"https:\/\/tecnnova.org\/portafolio-de-capacidades\/wp-json\/wp\/v2\/media?parent=2610"}],"wp:term":[{"taxonomy":"product_cat","embeddable":true,"href":"https:\/\/tecnnova.org\/portafolio-de-capacidades\/wp-json\/wp\/v2\/product_cat?post=2610"},{"taxonomy":"product_tag","embeddable":true,"href":"https:\/\/tecnnova.org\/portafolio-de-capacidades\/wp-json\/wp\/v2\/product_tag?post=2610"}],"curies":[{"name":"wp","href":"https:\/\/api.w.org\/{rel}","templated":true}]}}