{"id":2636,"date":"2024-10-10T10:30:59","date_gmt":"2024-10-10T15:30:59","guid":{"rendered":"https:\/\/tecnnova.org\/portafolio-de-capacidades\/tienda\/sin categor\u00eda\/disenar-quemadores-compactos-y-eficientes-para-la-combustion-de-hidrogeno-en-procesos-industriales-sin-necesidad-de-ventilacion-forzada-y-sin-emisiones-de-co2\/"},"modified":"2024-10-10T10:30:59","modified_gmt":"2024-10-10T15:30:59","slug":"disenar-quemadores-compactos-y-eficientes-para-la-combustion-de-hidrogeno-en-procesos-industriales-sin-necesidad-de-ventilacion-forzada-y-sin-emisiones-de-co2","status":"publish","type":"product","link":"https:\/\/tecnnova.org\/portafolio-de-capacidades\/naturaleza-y-recursos\/quemadores-eficientes-para-combusti\u00f3n-de-hidr\u00f3geno\/","title":{"rendered":"Dise\u00f1ar quemadores compactos y eficientes para la combusti\u00f3n de hidr\u00f3geno en procesos industriales, sin necesidad de ventilaci\u00f3n forzada y sin emisiones de CO2."},"content":{"rendered":"<p>El quemador de aire inducido para hidr\u00f3geno ofrece una soluci\u00f3n limpia y eficiente para procesos industriales al eliminar la necesidad de ventiladores y reducir el tama\u00f1o del equipo. Con su capacidad para operar sin emisiones de CO2, contribuye a las metas de sostenibilidad y descarbonizaci\u00f3n de las industrias. Adem\u00e1s, su versatilidad permite su adaptaci\u00f3n tanto en procesos de alta como de baja temperatura, promoviendo la eficiencia energ\u00e9tica y la seguridad operativa. Esta tecnolog\u00eda tiene el potencial de acelerar la transici\u00f3n hacia la energ\u00eda limpia en diversas aplicaciones industriales, proporcionando beneficios econ\u00f3micos y ambientales a largo plazo.<\/p>\n","protected":false},"excerpt":{"rendered":"<p>El quemador de aire inducido para hidr\u00f3geno ofrece una soluci\u00f3n limpia y eficiente para procesos industriales al eliminar la necesidad de ventiladores y reducir el tama\u00f1o del equipo. Con su capacidad para operar sin emisiones de CO2, contribuye a las metas de sostenibilidad y descarbonizaci\u00f3n de las industrias. Adem\u00e1s, su versatilidad permite su adaptaci\u00f3n tanto [&hellip;]<\/p>\n","protected":false},"featured_media":903,"template":"","meta":{"_acf_changed":false},"product_cat":[2579,2925],"product_tag":[5863,5862,5859,2837,3416,5858,3712,4870,3077,5861,2626,2578,5860,3239],"class_list":{"0":"post-2636","1":"product","2":"type-product","3":"status-publish","4":"has-post-thumbnail","6":"product_cat-naturaleza-y-recursos","7":"product_cat-organizaciones-y-territorios-competitivos","8":"product_tag-co2","9":"product_tag-combustion","10":"product_tag-descarbonizacion","11":"product_tag-eficiencia-energetica","12":"product_tag-energia","13":"product_tag-gasure","14":"product_tag-hidrogeno","15":"product_tag-industriales","16":"product_tag-procesos","17":"product_tag-quemadores-compactos","18":"product_tag-sostenibilidad","19":"product_tag-tecnnova","20":"product_tag-transicion-energetica","21":"product_tag-udea","23":"first","24":"instock","25":"shipping-taxable","26":"product-type-simple"},"acf":[],"yoast_head":"<!-- This site is optimized with the Yoast SEO plugin v23.3 - https:\/\/yoast.com\/wordpress\/plugins\/seo\/ -->\n<title>Dise\u00f1ar quemadores compactos y eficientes para la combusti\u00f3n de hidr\u00f3geno en procesos industriales, sin necesidad de ventilaci\u00f3n forzada y sin emisiones de CO2. - Portafolio de capacidades - Tecnnova<\/title>\n<meta name=\"robots\" content=\"index, follow, max-snippet:-1, max-image-preview:large, max-video-preview:-1\" \/>\n<link rel=\"canonical\" href=\"https:\/\/tecnnova.org\/portafolio-de-capacidades\/tienda\/sin%20categor\u00eda\/disenar-quemadores-compactos-y-eficientes-para-la-combustion-de-hidrogeno-en-procesos-industriales-sin-necesidad-de-ventilacion-forzada-y-sin-emisiones-de-co2\/\" \/>\n<meta property=\"og:locale\" content=\"es_ES\" \/>\n<meta property=\"og:type\" content=\"article\" \/>\n<meta property=\"og:title\" content=\"Dise\u00f1ar quemadores compactos y eficientes para la combusti\u00f3n de hidr\u00f3geno en procesos industriales, sin necesidad de ventilaci\u00f3n forzada y sin emisiones de CO2. - Portafolio de capacidades - Tecnnova\" \/>\n<meta property=\"og:description\" content=\"El quemador de aire inducido para hidr\u00f3geno ofrece una soluci\u00f3n limpia y eficiente para procesos industriales al eliminar la necesidad de ventiladores y reducir el tama\u00f1o del equipo. Con su capacidad para operar sin emisiones de CO2, contribuye a las metas de sostenibilidad y descarbonizaci\u00f3n de las industrias. Adem\u00e1s, su versatilidad permite su adaptaci\u00f3n tanto [&hellip;]\" \/>\n<meta property=\"og:url\" content=\"https:\/\/tecnnova.org\/portafolio-de-capacidades\/tienda\/sin categor\u00eda\/disenar-quemadores-compactos-y-eficientes-para-la-combustion-de-hidrogeno-en-procesos-industriales-sin-necesidad-de-ventilacion-forzada-y-sin-emisiones-de-co2\/\" \/>\n<meta property=\"og:site_name\" content=\"Portafolio de capacidades - Tecnnova\" \/>\n<meta property=\"article:publisher\" content=\"https:\/\/www.facebook.com\/Tecnnova_UEE-637591033015381\" \/>\n<meta name=\"twitter:card\" content=\"summary_large_image\" \/>\n<meta name=\"twitter:site\" content=\"@Tecnnova_UEE\" \/>\n<meta name=\"twitter:label1\" content=\"Tiempo de lectura\" \/>\n\t<meta name=\"twitter:data1\" content=\"1 minuto\" \/>\n<script type=\"application\/ld+json\" class=\"yoast-schema-graph\">{\"@context\":\"https:\/\/schema.org\",\"@graph\":[{\"@type\":\"WebPage\",\"@id\":\"https:\/\/tecnnova.org\/portafolio-de-capacidades\/tienda\/sin categor\u00eda\/disenar-quemadores-compactos-y-eficientes-para-la-combustion-de-hidrogeno-en-procesos-industriales-sin-necesidad-de-ventilacion-forzada-y-sin-emisiones-de-co2\/\",\"url\":\"https:\/\/tecnnova.org\/portafolio-de-capacidades\/tienda\/sin categor\u00eda\/disenar-quemadores-compactos-y-eficientes-para-la-combustion-de-hidrogeno-en-procesos-industriales-sin-necesidad-de-ventilacion-forzada-y-sin-emisiones-de-co2\/\",\"name\":\"Dise\u00f1ar quemadores compactos y eficientes para la combusti\u00f3n de hidr\u00f3geno en procesos industriales, sin necesidad de ventilaci\u00f3n forzada y sin emisiones de CO2. - Portafolio de capacidades - Tecnnova\",\"isPartOf\":{\"@id\":\"https:\/\/tecnnova.org\/portafolio-de-capacidades\/#website\"},\"primaryImageOfPage\":{\"@id\":\"https:\/\/tecnnova.org\/portafolio-de-capacidades\/tienda\/sin categor\u00eda\/disenar-quemadores-compactos-y-eficientes-para-la-combustion-de-hidrogeno-en-procesos-industriales-sin-necesidad-de-ventilacion-forzada-y-sin-emisiones-de-co2\/#primaryimage\"},\"image\":{\"@id\":\"https:\/\/tecnnova.org\/portafolio-de-capacidades\/tienda\/sin categor\u00eda\/disenar-quemadores-compactos-y-eficientes-para-la-combustion-de-hidrogeno-en-procesos-industriales-sin-necesidad-de-ventilacion-forzada-y-sin-emisiones-de-co2\/#primaryimage\"},\"thumbnailUrl\":\"https:\/\/tecnnova.org\/portafolio-de-capacidades\/wp-content\/uploads\/2024\/08\/iconnaturalezayrecursos.png\",\"datePublished\":\"2024-10-10T15:30:59+00:00\",\"dateModified\":\"2024-10-10T15:30:59+00:00\",\"breadcrumb\":{\"@id\":\"https:\/\/tecnnova.org\/portafolio-de-capacidades\/tienda\/sin categor\u00eda\/disenar-quemadores-compactos-y-eficientes-para-la-combustion-de-hidrogeno-en-procesos-industriales-sin-necesidad-de-ventilacion-forzada-y-sin-emisiones-de-co2\/#breadcrumb\"},\"inLanguage\":\"es-CO\",\"potentialAction\":[{\"@type\":\"ReadAction\",\"target\":[\"https:\/\/tecnnova.org\/portafolio-de-capacidades\/tienda\/sin categor\u00eda\/disenar-quemadores-compactos-y-eficientes-para-la-combustion-de-hidrogeno-en-procesos-industriales-sin-necesidad-de-ventilacion-forzada-y-sin-emisiones-de-co2\/\"]}]},{\"@type\":\"ImageObject\",\"inLanguage\":\"es-CO\",\"@id\":\"https:\/\/tecnnova.org\/portafolio-de-capacidades\/tienda\/sin categor\u00eda\/disenar-quemadores-compactos-y-eficientes-para-la-combustion-de-hidrogeno-en-procesos-industriales-sin-necesidad-de-ventilacion-forzada-y-sin-emisiones-de-co2\/#primaryimage\",\"url\":\"https:\/\/tecnnova.org\/portafolio-de-capacidades\/wp-content\/uploads\/2024\/08\/iconnaturalezayrecursos.png\",\"contentUrl\":\"https:\/\/tecnnova.org\/portafolio-de-capacidades\/wp-content\/uploads\/2024\/08\/iconnaturalezayrecursos.png\",\"width\":100,\"height\":100},{\"@type\":\"BreadcrumbList\",\"@id\":\"https:\/\/tecnnova.org\/portafolio-de-capacidades\/tienda\/sin categor\u00eda\/disenar-quemadores-compactos-y-eficientes-para-la-combustion-de-hidrogeno-en-procesos-industriales-sin-necesidad-de-ventilacion-forzada-y-sin-emisiones-de-co2\/#breadcrumb\",\"itemListElement\":[{\"@type\":\"ListItem\",\"position\":1,\"name\":\"Inicio\",\"item\":\"https:\/\/tecnnova.org\/portafolio-de-capacidades\/\"},{\"@type\":\"ListItem\",\"position\":2,\"name\":\"Portafolio de Capacidades\",\"item\":\"https:\/\/tecnnova.org\/portafolio-de-capacidades\/\"},{\"@type\":\"ListItem\",\"position\":3,\"name\":\"Dise\u00f1ar quemadores compactos y eficientes para la combusti\u00f3n de hidr\u00f3geno en procesos industriales, sin necesidad de ventilaci\u00f3n forzada y sin emisiones de CO2.\"}]},{\"@type\":\"WebSite\",\"@id\":\"https:\/\/tecnnova.org\/portafolio-de-capacidades\/#website\",\"url\":\"https:\/\/tecnnova.org\/portafolio-de-capacidades\/\",\"name\":\"Portafolio de capacidades - Tecnnova\",\"description\":\"\",\"publisher\":{\"@id\":\"https:\/\/tecnnova.org\/portafolio-de-capacidades\/#organization\"},\"potentialAction\":[{\"@type\":\"SearchAction\",\"target\":{\"@type\":\"EntryPoint\",\"urlTemplate\":\"https:\/\/tecnnova.org\/portafolio-de-capacidades\/?s={search_term_string}\"},\"query-input\":\"required name=search_term_string\"}],\"inLanguage\":\"es-CO\"},{\"@type\":\"Organization\",\"@id\":\"https:\/\/tecnnova.org\/portafolio-de-capacidades\/#organization\",\"name\":\"Portafolio de capacidades - Tecnnova\",\"url\":\"https:\/\/tecnnova.org\/portafolio-de-capacidades\/\",\"logo\":{\"@type\":\"ImageObject\",\"inLanguage\":\"es-CO\",\"@id\":\"https:\/\/tecnnova.org\/portafolio-de-capacidades\/#\/schema\/logo\/image\/\",\"url\":\"https:\/\/tecnnova.org\/portafolio-de-capacidades\/wp-content\/uploads\/2024\/07\/cropped-TECNNOVA-2022-02.png\",\"contentUrl\":\"https:\/\/tecnnova.org\/portafolio-de-capacidades\/wp-content\/uploads\/2024\/07\/cropped-TECNNOVA-2022-02.png\",\"width\":1609,\"height\":428,\"caption\":\"Portafolio de capacidades - Tecnnova\"},\"image\":{\"@id\":\"https:\/\/tecnnova.org\/portafolio-de-capacidades\/#\/schema\/logo\/image\/\"},\"sameAs\":[\"https:\/\/www.facebook.com\/Tecnnova_UEE-637591033015381\",\"https:\/\/x.com\/Tecnnova_UEE\"]}]}<\/script>\n<!-- \/ Yoast SEO plugin. -->","yoast_head_json":{"title":"Dise\u00f1ar quemadores compactos y eficientes para la combusti\u00f3n de hidr\u00f3geno en procesos industriales, sin necesidad de ventilaci\u00f3n forzada y sin emisiones de CO2. - Portafolio de capacidades - Tecnnova","robots":{"index":"index","follow":"follow","max-snippet":"max-snippet:-1","max-image-preview":"max-image-preview:large","max-video-preview":"max-video-preview:-1"},"canonical":"https:\/\/tecnnova.org\/portafolio-de-capacidades\/tienda\/sin categor\u00eda\/disenar-quemadores-compactos-y-eficientes-para-la-combustion-de-hidrogeno-en-procesos-industriales-sin-necesidad-de-ventilacion-forzada-y-sin-emisiones-de-co2\/","og_locale":"es_ES","og_type":"article","og_title":"Dise\u00f1ar quemadores compactos y eficientes para la combusti\u00f3n de hidr\u00f3geno en procesos industriales, sin necesidad de ventilaci\u00f3n forzada y sin emisiones de CO2. - Portafolio de capacidades - Tecnnova","og_description":"El quemador de aire inducido para hidr\u00f3geno ofrece una soluci\u00f3n limpia y eficiente para procesos industriales al eliminar la necesidad de ventiladores y reducir el tama\u00f1o del equipo. Con su capacidad para operar sin emisiones de CO2, contribuye a las metas de sostenibilidad y descarbonizaci\u00f3n de las industrias. Adem\u00e1s, su versatilidad permite su adaptaci\u00f3n tanto [&hellip;]","og_url":"https:\/\/tecnnova.org\/portafolio-de-capacidades\/tienda\/sin categor\u00eda\/disenar-quemadores-compactos-y-eficientes-para-la-combustion-de-hidrogeno-en-procesos-industriales-sin-necesidad-de-ventilacion-forzada-y-sin-emisiones-de-co2\/","og_site_name":"Portafolio de capacidades - Tecnnova","article_publisher":"https:\/\/www.facebook.com\/Tecnnova_UEE-637591033015381","twitter_card":"summary_large_image","twitter_site":"@Tecnnova_UEE","twitter_misc":{"Tiempo de lectura":"1 minuto"},"schema":{"@context":"https:\/\/schema.org","@graph":[{"@type":"WebPage","@id":"https:\/\/tecnnova.org\/portafolio-de-capacidades\/tienda\/sin categor\u00eda\/disenar-quemadores-compactos-y-eficientes-para-la-combustion-de-hidrogeno-en-procesos-industriales-sin-necesidad-de-ventilacion-forzada-y-sin-emisiones-de-co2\/","url":"https:\/\/tecnnova.org\/portafolio-de-capacidades\/tienda\/sin categor\u00eda\/disenar-quemadores-compactos-y-eficientes-para-la-combustion-de-hidrogeno-en-procesos-industriales-sin-necesidad-de-ventilacion-forzada-y-sin-emisiones-de-co2\/","name":"Dise\u00f1ar quemadores compactos y eficientes para la combusti\u00f3n de hidr\u00f3geno en procesos industriales, sin necesidad de ventilaci\u00f3n forzada y sin emisiones de CO2. - Portafolio de capacidades - Tecnnova","isPartOf":{"@id":"https:\/\/tecnnova.org\/portafolio-de-capacidades\/#website"},"primaryImageOfPage":{"@id":"https:\/\/tecnnova.org\/portafolio-de-capacidades\/tienda\/sin categor\u00eda\/disenar-quemadores-compactos-y-eficientes-para-la-combustion-de-hidrogeno-en-procesos-industriales-sin-necesidad-de-ventilacion-forzada-y-sin-emisiones-de-co2\/#primaryimage"},"image":{"@id":"https:\/\/tecnnova.org\/portafolio-de-capacidades\/tienda\/sin categor\u00eda\/disenar-quemadores-compactos-y-eficientes-para-la-combustion-de-hidrogeno-en-procesos-industriales-sin-necesidad-de-ventilacion-forzada-y-sin-emisiones-de-co2\/#primaryimage"},"thumbnailUrl":"https:\/\/tecnnova.org\/portafolio-de-capacidades\/wp-content\/uploads\/2024\/08\/iconnaturalezayrecursos.png","datePublished":"2024-10-10T15:30:59+00:00","dateModified":"2024-10-10T15:30:59+00:00","breadcrumb":{"@id":"https:\/\/tecnnova.org\/portafolio-de-capacidades\/tienda\/sin categor\u00eda\/disenar-quemadores-compactos-y-eficientes-para-la-combustion-de-hidrogeno-en-procesos-industriales-sin-necesidad-de-ventilacion-forzada-y-sin-emisiones-de-co2\/#breadcrumb"},"inLanguage":"es-CO","potentialAction":[{"@type":"ReadAction","target":["https:\/\/tecnnova.org\/portafolio-de-capacidades\/tienda\/sin categor\u00eda\/disenar-quemadores-compactos-y-eficientes-para-la-combustion-de-hidrogeno-en-procesos-industriales-sin-necesidad-de-ventilacion-forzada-y-sin-emisiones-de-co2\/"]}]},{"@type":"ImageObject","inLanguage":"es-CO","@id":"https:\/\/tecnnova.org\/portafolio-de-capacidades\/tienda\/sin categor\u00eda\/disenar-quemadores-compactos-y-eficientes-para-la-combustion-de-hidrogeno-en-procesos-industriales-sin-necesidad-de-ventilacion-forzada-y-sin-emisiones-de-co2\/#primaryimage","url":"https:\/\/tecnnova.org\/portafolio-de-capacidades\/wp-content\/uploads\/2024\/08\/iconnaturalezayrecursos.png","contentUrl":"https:\/\/tecnnova.org\/portafolio-de-capacidades\/wp-content\/uploads\/2024\/08\/iconnaturalezayrecursos.png","width":100,"height":100},{"@type":"BreadcrumbList","@id":"https:\/\/tecnnova.org\/portafolio-de-capacidades\/tienda\/sin categor\u00eda\/disenar-quemadores-compactos-y-eficientes-para-la-combustion-de-hidrogeno-en-procesos-industriales-sin-necesidad-de-ventilacion-forzada-y-sin-emisiones-de-co2\/#breadcrumb","itemListElement":[{"@type":"ListItem","position":1,"name":"Inicio","item":"https:\/\/tecnnova.org\/portafolio-de-capacidades\/"},{"@type":"ListItem","position":2,"name":"Portafolio de Capacidades","item":"https:\/\/tecnnova.org\/portafolio-de-capacidades\/"},{"@type":"ListItem","position":3,"name":"Dise\u00f1ar quemadores compactos y eficientes para la combusti\u00f3n de hidr\u00f3geno en procesos industriales, sin necesidad de ventilaci\u00f3n forzada y sin emisiones de CO2."}]},{"@type":"WebSite","@id":"https:\/\/tecnnova.org\/portafolio-de-capacidades\/#website","url":"https:\/\/tecnnova.org\/portafolio-de-capacidades\/","name":"Portafolio de capacidades - Tecnnova","description":"","publisher":{"@id":"https:\/\/tecnnova.org\/portafolio-de-capacidades\/#organization"},"potentialAction":[{"@type":"SearchAction","target":{"@type":"EntryPoint","urlTemplate":"https:\/\/tecnnova.org\/portafolio-de-capacidades\/?s={search_term_string}"},"query-input":"required name=search_term_string"}],"inLanguage":"es-CO"},{"@type":"Organization","@id":"https:\/\/tecnnova.org\/portafolio-de-capacidades\/#organization","name":"Portafolio de capacidades - Tecnnova","url":"https:\/\/tecnnova.org\/portafolio-de-capacidades\/","logo":{"@type":"ImageObject","inLanguage":"es-CO","@id":"https:\/\/tecnnova.org\/portafolio-de-capacidades\/#\/schema\/logo\/image\/","url":"https:\/\/tecnnova.org\/portafolio-de-capacidades\/wp-content\/uploads\/2024\/07\/cropped-TECNNOVA-2022-02.png","contentUrl":"https:\/\/tecnnova.org\/portafolio-de-capacidades\/wp-content\/uploads\/2024\/07\/cropped-TECNNOVA-2022-02.png","width":1609,"height":428,"caption":"Portafolio de capacidades - Tecnnova"},"image":{"@id":"https:\/\/tecnnova.org\/portafolio-de-capacidades\/#\/schema\/logo\/image\/"},"sameAs":["https:\/\/www.facebook.com\/Tecnnova_UEE-637591033015381","https:\/\/x.com\/Tecnnova_UEE"]}]}},"_links":{"self":[{"href":"https:\/\/tecnnova.org\/portafolio-de-capacidades\/wp-json\/wp\/v2\/product\/2636","targetHints":{"allow":["GET"]}}],"collection":[{"href":"https:\/\/tecnnova.org\/portafolio-de-capacidades\/wp-json\/wp\/v2\/product"}],"about":[{"href":"https:\/\/tecnnova.org\/portafolio-de-capacidades\/wp-json\/wp\/v2\/types\/product"}],"version-history":[{"count":0,"href":"https:\/\/tecnnova.org\/portafolio-de-capacidades\/wp-json\/wp\/v2\/product\/2636\/revisions"}],"wp:featuredmedia":[{"embeddable":true,"href":"https:\/\/tecnnova.org\/portafolio-de-capacidades\/wp-json\/wp\/v2\/media\/903"}],"wp:attachment":[{"href":"https:\/\/tecnnova.org\/portafolio-de-capacidades\/wp-json\/wp\/v2\/media?parent=2636"}],"wp:term":[{"taxonomy":"product_cat","embeddable":true,"href":"https:\/\/tecnnova.org\/portafolio-de-capacidades\/wp-json\/wp\/v2\/product_cat?post=2636"},{"taxonomy":"product_tag","embeddable":true,"href":"https:\/\/tecnnova.org\/portafolio-de-capacidades\/wp-json\/wp\/v2\/product_tag?post=2636"}],"curies":[{"name":"wp","href":"https:\/\/api.w.org\/{rel}","templated":true}]}}