{"id":2639,"date":"2024-10-10T10:30:59","date_gmt":"2024-10-10T15:30:59","guid":{"rendered":""},"modified":"2024-10-10T10:30:59","modified_gmt":"2024-10-10T15:30:59","slug":"disenar-modelos-para-conversaciones-poderosas-tipo-coaching-con-docentes-identificar-el-origen-de-los-bloqueos-de-los-docentes-en-el-aula-de-clase-a-traves-de-la-conversacion-tipo-coaching-asisti","status":"publish","type":"product","link":"https:\/\/tecnnova.org\/portafolio-de-capacidades\/organizaciones-y-territorios-competitivos\/modelos-para-conversaciones-tipo-coaching-con-docentes\/","title":{"rendered":"Dise\u00f1ar modelos para conversaciones poderosas (tipo coaching) con docentes. Identificar el origen de los bloqueos de los docentes en el aula de clase a trav\u00e9s de la conversaci\u00f3n tipo coaching.  Asistir a conferencias nacionales e internacionales en las cuales aprend\u00ed mucho m\u00e1s sobre mis talentos personales.  Analizar el papel de la psicolog\u00eda y el coaching en el proceso de toma de decisiones de docentes. Identificar las similitudes y diferencias entre el desempe\u00f1o de un docentes y el de un coach en el proceso de aprendizaje del estudiantado."},"content":{"rendered":"<p>A trav\u00e9s de canciones ayudo a las personas a reflexionar durante las conversaciones.<\/p>\n","protected":false},"excerpt":{"rendered":"<p>A trav\u00e9s de canciones ayudo a las personas a reflexionar durante las conversaciones.<\/p>\n","protected":false},"featured_media":904,"template":"","meta":{"_acf_changed":false},"product_cat":[2925],"product_tag":[5877,5876,5875,5873,3359,3360,5491,5878,5874,2578,3239],"class_list":{"0":"post-2639","1":"product","2":"type-product","3":"status-publish","4":"has-post-thumbnail","6":"product_cat-organizaciones-y-territorios-competitivos","7":"product_tag-aula-de-clase","8":"product_tag-bloqueos-de-docentes","9":"product_tag-coaching","10":"product_tag-diseno-de-modelos","11":"product_tag-educacion","12":"product_tag-estrategias","13":"product_tag-giae","14":"product_tag-impacto-educativo","15":"product_tag-modelos-conversacionales","16":"product_tag-tecnnova","17":"product_tag-udea","19":"first","20":"instock","21":"shipping-taxable","22":"product-type-simple"},"acf":[],"yoast_head":"<!-- This site is optimized with the Yoast SEO plugin v23.3 - https:\/\/yoast.com\/wordpress\/plugins\/seo\/ -->\n<title>Dise\u00f1ar modelos para conversaciones poderosas (tipo coaching) con docentes. Identificar el origen de los bloqueos de los docentes en el aula de clase a trav\u00e9s de la conversaci\u00f3n tipo coaching. Asistir a conferencias nacionales e internacionales en las cuales aprend\u00ed mucho m\u00e1s sobre mis talentos personales. Analizar el papel de la psicolog\u00eda y el coaching en el proceso de toma de decisiones de docentes. Identificar las similitudes y diferencias entre el desempe\u00f1o de un docentes y el de un coach en el proceso de aprendizaje del estudiantado. - Portafolio de capacidades - Tecnnova<\/title>\n<meta name=\"robots\" content=\"index, follow, max-snippet:-1, max-image-preview:large, max-video-preview:-1\" \/>\n<link rel=\"canonical\" href=\"https:\/\/tecnnova.org\/portafolio-de-capacidades\/tienda\/sin%20categor\u00eda\/disenar-modelos-para-conversaciones-poderosas-tipo-coaching-con-docentes-identificar-el-origen-de-los-bloqueos-de-los-docentes-en-el-aula-de-clase-a-traves-de-la-conversacion-tipo-coaching-asisti\/\" \/>\n<meta property=\"og:locale\" content=\"es_ES\" \/>\n<meta property=\"og:type\" content=\"article\" \/>\n<meta property=\"og:title\" content=\"Dise\u00f1ar modelos para conversaciones poderosas (tipo coaching) con docentes. Identificar el origen de los bloqueos de los docentes en el aula de clase a trav\u00e9s de la conversaci\u00f3n tipo coaching. Asistir a conferencias nacionales e internacionales en las cuales aprend\u00ed mucho m\u00e1s sobre mis talentos personales. Analizar el papel de la psicolog\u00eda y el coaching en el proceso de toma de decisiones de docentes. Identificar las similitudes y diferencias entre el desempe\u00f1o de un docentes y el de un coach en el proceso de aprendizaje del estudiantado. - Portafolio de capacidades - Tecnnova\" \/>\n<meta property=\"og:description\" content=\"A trav\u00e9s de canciones ayudo a las personas a reflexionar durante las conversaciones.\" \/>\n<meta property=\"og:url\" content=\"https:\/\/tecnnova.org\/portafolio-de-capacidades\/tienda\/sin categor\u00eda\/disenar-modelos-para-conversaciones-poderosas-tipo-coaching-con-docentes-identificar-el-origen-de-los-bloqueos-de-los-docentes-en-el-aula-de-clase-a-traves-de-la-conversacion-tipo-coaching-asisti\/\" \/>\n<meta property=\"og:site_name\" content=\"Portafolio de capacidades - Tecnnova\" \/>\n<meta property=\"article:publisher\" content=\"https:\/\/www.facebook.com\/Tecnnova_UEE-637591033015381\" \/>\n<meta name=\"twitter:card\" content=\"summary_large_image\" \/>\n<meta name=\"twitter:site\" content=\"@Tecnnova_UEE\" \/>\n<script type=\"application\/ld+json\" class=\"yoast-schema-graph\">{\"@context\":\"https:\/\/schema.org\",\"@graph\":[{\"@type\":\"WebPage\",\"@id\":\"https:\/\/tecnnova.org\/portafolio-de-capacidades\/tienda\/sin categor\u00eda\/disenar-modelos-para-conversaciones-poderosas-tipo-coaching-con-docentes-identificar-el-origen-de-los-bloqueos-de-los-docentes-en-el-aula-de-clase-a-traves-de-la-conversacion-tipo-coaching-asisti\/\",\"url\":\"https:\/\/tecnnova.org\/portafolio-de-capacidades\/tienda\/sin categor\u00eda\/disenar-modelos-para-conversaciones-poderosas-tipo-coaching-con-docentes-identificar-el-origen-de-los-bloqueos-de-los-docentes-en-el-aula-de-clase-a-traves-de-la-conversacion-tipo-coaching-asisti\/\",\"name\":\"Dise\u00f1ar modelos para conversaciones poderosas (tipo coaching) con docentes. Identificar el origen de los bloqueos de los docentes en el aula de clase a trav\u00e9s de la conversaci\u00f3n tipo coaching. Asistir a conferencias nacionales e internacionales en las cuales aprend\u00ed mucho m\u00e1s sobre mis talentos personales. Analizar el papel de la psicolog\u00eda y el coaching en el proceso de toma de decisiones de docentes. Identificar las similitudes y diferencias entre el desempe\u00f1o de un docentes y el de un coach en el proceso de aprendizaje del estudiantado. - Portafolio de capacidades - Tecnnova\",\"isPartOf\":{\"@id\":\"https:\/\/tecnnova.org\/portafolio-de-capacidades\/#website\"},\"primaryImageOfPage\":{\"@id\":\"https:\/\/tecnnova.org\/portafolio-de-capacidades\/tienda\/sin categor\u00eda\/disenar-modelos-para-conversaciones-poderosas-tipo-coaching-con-docentes-identificar-el-origen-de-los-bloqueos-de-los-docentes-en-el-aula-de-clase-a-traves-de-la-conversacion-tipo-coaching-asisti\/#primaryimage\"},\"image\":{\"@id\":\"https:\/\/tecnnova.org\/portafolio-de-capacidades\/tienda\/sin categor\u00eda\/disenar-modelos-para-conversaciones-poderosas-tipo-coaching-con-docentes-identificar-el-origen-de-los-bloqueos-de-los-docentes-en-el-aula-de-clase-a-traves-de-la-conversacion-tipo-coaching-asisti\/#primaryimage\"},\"thumbnailUrl\":\"https:\/\/tecnnova.org\/portafolio-de-capacidades\/wp-content\/uploads\/2024\/08\/iconorganizaciones.png\",\"datePublished\":\"2024-10-10T15:30:59+00:00\",\"dateModified\":\"2024-10-10T15:30:59+00:00\",\"breadcrumb\":{\"@id\":\"https:\/\/tecnnova.org\/portafolio-de-capacidades\/tienda\/sin categor\u00eda\/disenar-modelos-para-conversaciones-poderosas-tipo-coaching-con-docentes-identificar-el-origen-de-los-bloqueos-de-los-docentes-en-el-aula-de-clase-a-traves-de-la-conversacion-tipo-coaching-asisti\/#breadcrumb\"},\"inLanguage\":\"es-CO\",\"potentialAction\":[{\"@type\":\"ReadAction\",\"target\":[\"https:\/\/tecnnova.org\/portafolio-de-capacidades\/tienda\/sin categor\u00eda\/disenar-modelos-para-conversaciones-poderosas-tipo-coaching-con-docentes-identificar-el-origen-de-los-bloqueos-de-los-docentes-en-el-aula-de-clase-a-traves-de-la-conversacion-tipo-coaching-asisti\/\"]}]},{\"@type\":\"ImageObject\",\"inLanguage\":\"es-CO\",\"@id\":\"https:\/\/tecnnova.org\/portafolio-de-capacidades\/tienda\/sin categor\u00eda\/disenar-modelos-para-conversaciones-poderosas-tipo-coaching-con-docentes-identificar-el-origen-de-los-bloqueos-de-los-docentes-en-el-aula-de-clase-a-traves-de-la-conversacion-tipo-coaching-asisti\/#primaryimage\",\"url\":\"https:\/\/tecnnova.org\/portafolio-de-capacidades\/wp-content\/uploads\/2024\/08\/iconorganizaciones.png\",\"contentUrl\":\"https:\/\/tecnnova.org\/portafolio-de-capacidades\/wp-content\/uploads\/2024\/08\/iconorganizaciones.png\",\"width\":100,\"height\":100},{\"@type\":\"BreadcrumbList\",\"@id\":\"https:\/\/tecnnova.org\/portafolio-de-capacidades\/tienda\/sin categor\u00eda\/disenar-modelos-para-conversaciones-poderosas-tipo-coaching-con-docentes-identificar-el-origen-de-los-bloqueos-de-los-docentes-en-el-aula-de-clase-a-traves-de-la-conversacion-tipo-coaching-asisti\/#breadcrumb\",\"itemListElement\":[{\"@type\":\"ListItem\",\"position\":1,\"name\":\"Inicio\",\"item\":\"https:\/\/tecnnova.org\/portafolio-de-capacidades\/\"},{\"@type\":\"ListItem\",\"position\":2,\"name\":\"Portafolio de Capacidades\",\"item\":\"https:\/\/tecnnova.org\/portafolio-de-capacidades\/\"},{\"@type\":\"ListItem\",\"position\":3,\"name\":\"Dise\u00f1ar modelos para conversaciones poderosas (tipo coaching) con docentes. Identificar el origen de los bloqueos de los docentes en el aula de clase a trav\u00e9s de la conversaci\u00f3n tipo coaching. Asistir a conferencias nacionales e internacionales en las cuales aprend\u00ed mucho m\u00e1s sobre mis talentos personales. Analizar el papel de la psicolog\u00eda y el coaching en el proceso de toma de decisiones de docentes. Identificar las similitudes y diferencias entre el desempe\u00f1o de un docentes y el de un coach en el proceso de aprendizaje del estudiantado.\"}]},{\"@type\":\"WebSite\",\"@id\":\"https:\/\/tecnnova.org\/portafolio-de-capacidades\/#website\",\"url\":\"https:\/\/tecnnova.org\/portafolio-de-capacidades\/\",\"name\":\"Portafolio de capacidades - Tecnnova\",\"description\":\"\",\"publisher\":{\"@id\":\"https:\/\/tecnnova.org\/portafolio-de-capacidades\/#organization\"},\"potentialAction\":[{\"@type\":\"SearchAction\",\"target\":{\"@type\":\"EntryPoint\",\"urlTemplate\":\"https:\/\/tecnnova.org\/portafolio-de-capacidades\/?s={search_term_string}\"},\"query-input\":\"required name=search_term_string\"}],\"inLanguage\":\"es-CO\"},{\"@type\":\"Organization\",\"@id\":\"https:\/\/tecnnova.org\/portafolio-de-capacidades\/#organization\",\"name\":\"Portafolio de capacidades - Tecnnova\",\"url\":\"https:\/\/tecnnova.org\/portafolio-de-capacidades\/\",\"logo\":{\"@type\":\"ImageObject\",\"inLanguage\":\"es-CO\",\"@id\":\"https:\/\/tecnnova.org\/portafolio-de-capacidades\/#\/schema\/logo\/image\/\",\"url\":\"https:\/\/tecnnova.org\/portafolio-de-capacidades\/wp-content\/uploads\/2024\/07\/cropped-TECNNOVA-2022-02.png\",\"contentUrl\":\"https:\/\/tecnnova.org\/portafolio-de-capacidades\/wp-content\/uploads\/2024\/07\/cropped-TECNNOVA-2022-02.png\",\"width\":1609,\"height\":428,\"caption\":\"Portafolio de capacidades - Tecnnova\"},\"image\":{\"@id\":\"https:\/\/tecnnova.org\/portafolio-de-capacidades\/#\/schema\/logo\/image\/\"},\"sameAs\":[\"https:\/\/www.facebook.com\/Tecnnova_UEE-637591033015381\",\"https:\/\/x.com\/Tecnnova_UEE\"]}]}<\/script>\n<!-- \/ Yoast SEO plugin. -->","yoast_head_json":{"title":"Dise\u00f1ar modelos para conversaciones poderosas (tipo coaching) con docentes. Identificar el origen de los bloqueos de los docentes en el aula de clase a trav\u00e9s de la conversaci\u00f3n tipo coaching. Asistir a conferencias nacionales e internacionales en las cuales aprend\u00ed mucho m\u00e1s sobre mis talentos personales. Analizar el papel de la psicolog\u00eda y el coaching en el proceso de toma de decisiones de docentes. Identificar las similitudes y diferencias entre el desempe\u00f1o de un docentes y el de un coach en el proceso de aprendizaje del estudiantado. - Portafolio de capacidades - Tecnnova","robots":{"index":"index","follow":"follow","max-snippet":"max-snippet:-1","max-image-preview":"max-image-preview:large","max-video-preview":"max-video-preview:-1"},"canonical":"https:\/\/tecnnova.org\/portafolio-de-capacidades\/tienda\/sin categor\u00eda\/disenar-modelos-para-conversaciones-poderosas-tipo-coaching-con-docentes-identificar-el-origen-de-los-bloqueos-de-los-docentes-en-el-aula-de-clase-a-traves-de-la-conversacion-tipo-coaching-asisti\/","og_locale":"es_ES","og_type":"article","og_title":"Dise\u00f1ar modelos para conversaciones poderosas (tipo coaching) con docentes. Identificar el origen de los bloqueos de los docentes en el aula de clase a trav\u00e9s de la conversaci\u00f3n tipo coaching. Asistir a conferencias nacionales e internacionales en las cuales aprend\u00ed mucho m\u00e1s sobre mis talentos personales. Analizar el papel de la psicolog\u00eda y el coaching en el proceso de toma de decisiones de docentes. Identificar las similitudes y diferencias entre el desempe\u00f1o de un docentes y el de un coach en el proceso de aprendizaje del estudiantado. - Portafolio de capacidades - Tecnnova","og_description":"A trav\u00e9s de canciones ayudo a las personas a reflexionar durante las conversaciones.","og_url":"https:\/\/tecnnova.org\/portafolio-de-capacidades\/tienda\/sin categor\u00eda\/disenar-modelos-para-conversaciones-poderosas-tipo-coaching-con-docentes-identificar-el-origen-de-los-bloqueos-de-los-docentes-en-el-aula-de-clase-a-traves-de-la-conversacion-tipo-coaching-asisti\/","og_site_name":"Portafolio de capacidades - Tecnnova","article_publisher":"https:\/\/www.facebook.com\/Tecnnova_UEE-637591033015381","twitter_card":"summary_large_image","twitter_site":"@Tecnnova_UEE","schema":{"@context":"https:\/\/schema.org","@graph":[{"@type":"WebPage","@id":"https:\/\/tecnnova.org\/portafolio-de-capacidades\/tienda\/sin categor\u00eda\/disenar-modelos-para-conversaciones-poderosas-tipo-coaching-con-docentes-identificar-el-origen-de-los-bloqueos-de-los-docentes-en-el-aula-de-clase-a-traves-de-la-conversacion-tipo-coaching-asisti\/","url":"https:\/\/tecnnova.org\/portafolio-de-capacidades\/tienda\/sin categor\u00eda\/disenar-modelos-para-conversaciones-poderosas-tipo-coaching-con-docentes-identificar-el-origen-de-los-bloqueos-de-los-docentes-en-el-aula-de-clase-a-traves-de-la-conversacion-tipo-coaching-asisti\/","name":"Dise\u00f1ar modelos para conversaciones poderosas (tipo coaching) con docentes. Identificar el origen de los bloqueos de los docentes en el aula de clase a trav\u00e9s de la conversaci\u00f3n tipo coaching. Asistir a conferencias nacionales e internacionales en las cuales aprend\u00ed mucho m\u00e1s sobre mis talentos personales. Analizar el papel de la psicolog\u00eda y el coaching en el proceso de toma de decisiones de docentes. Identificar las similitudes y diferencias entre el desempe\u00f1o de un docentes y el de un coach en el proceso de aprendizaje del estudiantado. - Portafolio de capacidades - Tecnnova","isPartOf":{"@id":"https:\/\/tecnnova.org\/portafolio-de-capacidades\/#website"},"primaryImageOfPage":{"@id":"https:\/\/tecnnova.org\/portafolio-de-capacidades\/tienda\/sin categor\u00eda\/disenar-modelos-para-conversaciones-poderosas-tipo-coaching-con-docentes-identificar-el-origen-de-los-bloqueos-de-los-docentes-en-el-aula-de-clase-a-traves-de-la-conversacion-tipo-coaching-asisti\/#primaryimage"},"image":{"@id":"https:\/\/tecnnova.org\/portafolio-de-capacidades\/tienda\/sin categor\u00eda\/disenar-modelos-para-conversaciones-poderosas-tipo-coaching-con-docentes-identificar-el-origen-de-los-bloqueos-de-los-docentes-en-el-aula-de-clase-a-traves-de-la-conversacion-tipo-coaching-asisti\/#primaryimage"},"thumbnailUrl":"https:\/\/tecnnova.org\/portafolio-de-capacidades\/wp-content\/uploads\/2024\/08\/iconorganizaciones.png","datePublished":"2024-10-10T15:30:59+00:00","dateModified":"2024-10-10T15:30:59+00:00","breadcrumb":{"@id":"https:\/\/tecnnova.org\/portafolio-de-capacidades\/tienda\/sin categor\u00eda\/disenar-modelos-para-conversaciones-poderosas-tipo-coaching-con-docentes-identificar-el-origen-de-los-bloqueos-de-los-docentes-en-el-aula-de-clase-a-traves-de-la-conversacion-tipo-coaching-asisti\/#breadcrumb"},"inLanguage":"es-CO","potentialAction":[{"@type":"ReadAction","target":["https:\/\/tecnnova.org\/portafolio-de-capacidades\/tienda\/sin categor\u00eda\/disenar-modelos-para-conversaciones-poderosas-tipo-coaching-con-docentes-identificar-el-origen-de-los-bloqueos-de-los-docentes-en-el-aula-de-clase-a-traves-de-la-conversacion-tipo-coaching-asisti\/"]}]},{"@type":"ImageObject","inLanguage":"es-CO","@id":"https:\/\/tecnnova.org\/portafolio-de-capacidades\/tienda\/sin categor\u00eda\/disenar-modelos-para-conversaciones-poderosas-tipo-coaching-con-docentes-identificar-el-origen-de-los-bloqueos-de-los-docentes-en-el-aula-de-clase-a-traves-de-la-conversacion-tipo-coaching-asisti\/#primaryimage","url":"https:\/\/tecnnova.org\/portafolio-de-capacidades\/wp-content\/uploads\/2024\/08\/iconorganizaciones.png","contentUrl":"https:\/\/tecnnova.org\/portafolio-de-capacidades\/wp-content\/uploads\/2024\/08\/iconorganizaciones.png","width":100,"height":100},{"@type":"BreadcrumbList","@id":"https:\/\/tecnnova.org\/portafolio-de-capacidades\/tienda\/sin categor\u00eda\/disenar-modelos-para-conversaciones-poderosas-tipo-coaching-con-docentes-identificar-el-origen-de-los-bloqueos-de-los-docentes-en-el-aula-de-clase-a-traves-de-la-conversacion-tipo-coaching-asisti\/#breadcrumb","itemListElement":[{"@type":"ListItem","position":1,"name":"Inicio","item":"https:\/\/tecnnova.org\/portafolio-de-capacidades\/"},{"@type":"ListItem","position":2,"name":"Portafolio de Capacidades","item":"https:\/\/tecnnova.org\/portafolio-de-capacidades\/"},{"@type":"ListItem","position":3,"name":"Dise\u00f1ar modelos para conversaciones poderosas (tipo coaching) con docentes. Identificar el origen de los bloqueos de los docentes en el aula de clase a trav\u00e9s de la conversaci\u00f3n tipo coaching. Asistir a conferencias nacionales e internacionales en las cuales aprend\u00ed mucho m\u00e1s sobre mis talentos personales. Analizar el papel de la psicolog\u00eda y el coaching en el proceso de toma de decisiones de docentes. Identificar las similitudes y diferencias entre el desempe\u00f1o de un docentes y el de un coach en el proceso de aprendizaje del estudiantado."}]},{"@type":"WebSite","@id":"https:\/\/tecnnova.org\/portafolio-de-capacidades\/#website","url":"https:\/\/tecnnova.org\/portafolio-de-capacidades\/","name":"Portafolio de capacidades - Tecnnova","description":"","publisher":{"@id":"https:\/\/tecnnova.org\/portafolio-de-capacidades\/#organization"},"potentialAction":[{"@type":"SearchAction","target":{"@type":"EntryPoint","urlTemplate":"https:\/\/tecnnova.org\/portafolio-de-capacidades\/?s={search_term_string}"},"query-input":"required name=search_term_string"}],"inLanguage":"es-CO"},{"@type":"Organization","@id":"https:\/\/tecnnova.org\/portafolio-de-capacidades\/#organization","name":"Portafolio de capacidades - Tecnnova","url":"https:\/\/tecnnova.org\/portafolio-de-capacidades\/","logo":{"@type":"ImageObject","inLanguage":"es-CO","@id":"https:\/\/tecnnova.org\/portafolio-de-capacidades\/#\/schema\/logo\/image\/","url":"https:\/\/tecnnova.org\/portafolio-de-capacidades\/wp-content\/uploads\/2024\/07\/cropped-TECNNOVA-2022-02.png","contentUrl":"https:\/\/tecnnova.org\/portafolio-de-capacidades\/wp-content\/uploads\/2024\/07\/cropped-TECNNOVA-2022-02.png","width":1609,"height":428,"caption":"Portafolio de capacidades - Tecnnova"},"image":{"@id":"https:\/\/tecnnova.org\/portafolio-de-capacidades\/#\/schema\/logo\/image\/"},"sameAs":["https:\/\/www.facebook.com\/Tecnnova_UEE-637591033015381","https:\/\/x.com\/Tecnnova_UEE"]}]}},"_links":{"self":[{"href":"https:\/\/tecnnova.org\/portafolio-de-capacidades\/wp-json\/wp\/v2\/product\/2639","targetHints":{"allow":["GET"]}}],"collection":[{"href":"https:\/\/tecnnova.org\/portafolio-de-capacidades\/wp-json\/wp\/v2\/product"}],"about":[{"href":"https:\/\/tecnnova.org\/portafolio-de-capacidades\/wp-json\/wp\/v2\/types\/product"}],"version-history":[{"count":0,"href":"https:\/\/tecnnova.org\/portafolio-de-capacidades\/wp-json\/wp\/v2\/product\/2639\/revisions"}],"wp:featuredmedia":[{"embeddable":true,"href":"https:\/\/tecnnova.org\/portafolio-de-capacidades\/wp-json\/wp\/v2\/media\/904"}],"wp:attachment":[{"href":"https:\/\/tecnnova.org\/portafolio-de-capacidades\/wp-json\/wp\/v2\/media?parent=2639"}],"wp:term":[{"taxonomy":"product_cat","embeddable":true,"href":"https:\/\/tecnnova.org\/portafolio-de-capacidades\/wp-json\/wp\/v2\/product_cat?post=2639"},{"taxonomy":"product_tag","embeddable":true,"href":"https:\/\/tecnnova.org\/portafolio-de-capacidades\/wp-json\/wp\/v2\/product_tag?post=2639"}],"curies":[{"name":"wp","href":"https:\/\/api.w.org\/{rel}","templated":true}]}}