{"id":2799,"date":"2025-05-22T07:48:00","date_gmt":"2025-05-22T12:48:00","guid":{"rendered":"https:\/\/tecnnova.org\/portafolio-de-capacidades\/?post_type=product&#038;p=2799"},"modified":"2025-05-22T07:48:01","modified_gmt":"2025-05-22T12:48:01","slug":"identificar-problematicas-de-ruido-a-traves-de-informacion-suministrada-o-tomada-en-campo","status":"publish","type":"product","link":"https:\/\/tecnnova.org\/portafolio-de-capacidades\/salud-y-vida\/problematicas-de-ruido\/","title":{"rendered":"Identificar problem\u00e1ticas de ruido a trav\u00e9s de informaci\u00f3n suministrada o tomada en campo"},"content":{"rendered":"<p>Pocas personas en el medio industrial cuentan con el conocimiento espec\u00edfico del ruido. Es una capacidad que se potencia en el trabajo en equipo.<\/p>\n","protected":false},"excerpt":{"rendered":"<p>Pocas personas en el medio industrial cuentan con el conocimiento espec\u00edfico del ruido. Es una capacidad que se potencia en el trabajo en equipo.<\/p>\n","protected":false},"featured_media":902,"template":"","meta":{"_acf_changed":false},"product_cat":[2566],"product_tag":[6123,2726,6006,3879,6125,6122,2703,2671,6124,2578],"class_list":{"0":"post-2799","1":"product","2":"type-product","3":"status-publish","4":"has-post-thumbnail","6":"product_cat-salud-y-vida","7":"product_tag-acustica","8":"product_tag-analisis","9":"product_tag-graficacion","10":"product_tag-programacion","11":"product_tag-redaccion","12":"product_tag-ruido","13":"product_tag-salud","14":"product_tag-simulacion","15":"product_tag-sonido","16":"product_tag-tecnnova","18":"first","19":"instock","20":"shipping-taxable","21":"product-type-simple"},"acf":[],"yoast_head":"<!-- This site is optimized with the Yoast SEO plugin v23.3 - https:\/\/yoast.com\/wordpress\/plugins\/seo\/ -->\n<title>Identificar problem\u00e1ticas de ruido a trav\u00e9s de informaci\u00f3n suministrada o tomada en campo - Portafolio de capacidades - Tecnnova<\/title>\n<meta name=\"robots\" content=\"index, follow, max-snippet:-1, max-image-preview:large, max-video-preview:-1\" \/>\n<link rel=\"canonical\" href=\"https:\/\/tecnnova.org\/portafolio-de-capacidades\/problematicas-de-ruido\/\" \/>\n<meta property=\"og:locale\" content=\"es_ES\" \/>\n<meta property=\"og:type\" content=\"article\" \/>\n<meta property=\"og:title\" content=\"Identificar problem\u00e1ticas de ruido a trav\u00e9s de informaci\u00f3n suministrada o tomada en campo - Portafolio de capacidades - Tecnnova\" \/>\n<meta property=\"og:description\" content=\"Pocas personas en el medio industrial cuentan con el conocimiento espec\u00edfico del ruido. Es una capacidad que se potencia en el trabajo en equipo.\" \/>\n<meta property=\"og:url\" content=\"https:\/\/tecnnova.org\/portafolio-de-capacidades\/problematicas-de-ruido\/\" \/>\n<meta property=\"og:site_name\" content=\"Portafolio de capacidades - Tecnnova\" \/>\n<meta property=\"article:publisher\" content=\"https:\/\/www.facebook.com\/Tecnnova_UEE-637591033015381\" \/>\n<meta property=\"article:modified_time\" content=\"2025-05-22T12:48:01+00:00\" \/>\n<meta property=\"og:image\" content=\"https:\/\/tecnnova.org\/portafolio-de-capacidades\/wp-content\/uploads\/2024\/08\/iconsaludyvida.png\" \/>\n\t<meta property=\"og:image:width\" content=\"100\" \/>\n\t<meta property=\"og:image:height\" content=\"100\" \/>\n\t<meta property=\"og:image:type\" content=\"image\/png\" \/>\n<meta name=\"twitter:card\" content=\"summary_large_image\" \/>\n<meta name=\"twitter:site\" content=\"@Tecnnova_UEE\" \/>\n<script type=\"application\/ld+json\" class=\"yoast-schema-graph\">{\"@context\":\"https:\/\/schema.org\",\"@graph\":[{\"@type\":\"WebPage\",\"@id\":\"https:\/\/tecnnova.org\/portafolio-de-capacidades\/problematicas-de-ruido\/\",\"url\":\"https:\/\/tecnnova.org\/portafolio-de-capacidades\/problematicas-de-ruido\/\",\"name\":\"Identificar problem\u00e1ticas de ruido a trav\u00e9s de informaci\u00f3n suministrada o tomada en campo - Portafolio de capacidades - Tecnnova\",\"isPartOf\":{\"@id\":\"https:\/\/tecnnova.org\/portafolio-de-capacidades\/#website\"},\"primaryImageOfPage\":{\"@id\":\"https:\/\/tecnnova.org\/portafolio-de-capacidades\/problematicas-de-ruido\/#primaryimage\"},\"image\":{\"@id\":\"https:\/\/tecnnova.org\/portafolio-de-capacidades\/problematicas-de-ruido\/#primaryimage\"},\"thumbnailUrl\":\"https:\/\/tecnnova.org\/portafolio-de-capacidades\/wp-content\/uploads\/2024\/08\/iconsaludyvida.png\",\"datePublished\":\"2025-05-22T12:48:00+00:00\",\"dateModified\":\"2025-05-22T12:48:01+00:00\",\"breadcrumb\":{\"@id\":\"https:\/\/tecnnova.org\/portafolio-de-capacidades\/problematicas-de-ruido\/#breadcrumb\"},\"inLanguage\":\"es-CO\",\"potentialAction\":[{\"@type\":\"ReadAction\",\"target\":[\"https:\/\/tecnnova.org\/portafolio-de-capacidades\/problematicas-de-ruido\/\"]}]},{\"@type\":\"ImageObject\",\"inLanguage\":\"es-CO\",\"@id\":\"https:\/\/tecnnova.org\/portafolio-de-capacidades\/problematicas-de-ruido\/#primaryimage\",\"url\":\"https:\/\/tecnnova.org\/portafolio-de-capacidades\/wp-content\/uploads\/2024\/08\/iconsaludyvida.png\",\"contentUrl\":\"https:\/\/tecnnova.org\/portafolio-de-capacidades\/wp-content\/uploads\/2024\/08\/iconsaludyvida.png\",\"width\":100,\"height\":100},{\"@type\":\"BreadcrumbList\",\"@id\":\"https:\/\/tecnnova.org\/portafolio-de-capacidades\/problematicas-de-ruido\/#breadcrumb\",\"itemListElement\":[{\"@type\":\"ListItem\",\"position\":1,\"name\":\"Inicio\",\"item\":\"https:\/\/tecnnova.org\/portafolio-de-capacidades\/\"},{\"@type\":\"ListItem\",\"position\":2,\"name\":\"Portafolio de Capacidades\",\"item\":\"https:\/\/tecnnova.org\/portafolio-de-capacidades\/\"},{\"@type\":\"ListItem\",\"position\":3,\"name\":\"Identificar problem\u00e1ticas de ruido a trav\u00e9s de informaci\u00f3n suministrada o tomada en campo\"}]},{\"@type\":\"WebSite\",\"@id\":\"https:\/\/tecnnova.org\/portafolio-de-capacidades\/#website\",\"url\":\"https:\/\/tecnnova.org\/portafolio-de-capacidades\/\",\"name\":\"Portafolio de capacidades - Tecnnova\",\"description\":\"\",\"publisher\":{\"@id\":\"https:\/\/tecnnova.org\/portafolio-de-capacidades\/#organization\"},\"potentialAction\":[{\"@type\":\"SearchAction\",\"target\":{\"@type\":\"EntryPoint\",\"urlTemplate\":\"https:\/\/tecnnova.org\/portafolio-de-capacidades\/?s={search_term_string}\"},\"query-input\":\"required name=search_term_string\"}],\"inLanguage\":\"es-CO\"},{\"@type\":\"Organization\",\"@id\":\"https:\/\/tecnnova.org\/portafolio-de-capacidades\/#organization\",\"name\":\"Portafolio de capacidades - Tecnnova\",\"url\":\"https:\/\/tecnnova.org\/portafolio-de-capacidades\/\",\"logo\":{\"@type\":\"ImageObject\",\"inLanguage\":\"es-CO\",\"@id\":\"https:\/\/tecnnova.org\/portafolio-de-capacidades\/#\/schema\/logo\/image\/\",\"url\":\"https:\/\/tecnnova.org\/portafolio-de-capacidades\/wp-content\/uploads\/2024\/07\/cropped-TECNNOVA-2022-02.png\",\"contentUrl\":\"https:\/\/tecnnova.org\/portafolio-de-capacidades\/wp-content\/uploads\/2024\/07\/cropped-TECNNOVA-2022-02.png\",\"width\":1609,\"height\":428,\"caption\":\"Portafolio de capacidades - Tecnnova\"},\"image\":{\"@id\":\"https:\/\/tecnnova.org\/portafolio-de-capacidades\/#\/schema\/logo\/image\/\"},\"sameAs\":[\"https:\/\/www.facebook.com\/Tecnnova_UEE-637591033015381\",\"https:\/\/x.com\/Tecnnova_UEE\"]}]}<\/script>\n<!-- \/ Yoast SEO plugin. -->","yoast_head_json":{"title":"Identificar problem\u00e1ticas de ruido a trav\u00e9s de informaci\u00f3n suministrada o tomada en campo - Portafolio de capacidades - Tecnnova","robots":{"index":"index","follow":"follow","max-snippet":"max-snippet:-1","max-image-preview":"max-image-preview:large","max-video-preview":"max-video-preview:-1"},"canonical":"https:\/\/tecnnova.org\/portafolio-de-capacidades\/problematicas-de-ruido\/","og_locale":"es_ES","og_type":"article","og_title":"Identificar problem\u00e1ticas de ruido a trav\u00e9s de informaci\u00f3n suministrada o tomada en campo - Portafolio de capacidades - Tecnnova","og_description":"Pocas personas en el medio industrial cuentan con el conocimiento espec\u00edfico del ruido. Es una capacidad que se potencia en el trabajo en equipo.","og_url":"https:\/\/tecnnova.org\/portafolio-de-capacidades\/problematicas-de-ruido\/","og_site_name":"Portafolio de capacidades - Tecnnova","article_publisher":"https:\/\/www.facebook.com\/Tecnnova_UEE-637591033015381","article_modified_time":"2025-05-22T12:48:01+00:00","og_image":[{"width":100,"height":100,"url":"https:\/\/tecnnova.org\/portafolio-de-capacidades\/wp-content\/uploads\/2024\/08\/iconsaludyvida.png","type":"image\/png"}],"twitter_card":"summary_large_image","twitter_site":"@Tecnnova_UEE","schema":{"@context":"https:\/\/schema.org","@graph":[{"@type":"WebPage","@id":"https:\/\/tecnnova.org\/portafolio-de-capacidades\/problematicas-de-ruido\/","url":"https:\/\/tecnnova.org\/portafolio-de-capacidades\/problematicas-de-ruido\/","name":"Identificar problem\u00e1ticas de ruido a trav\u00e9s de informaci\u00f3n suministrada o tomada en campo - Portafolio de capacidades - Tecnnova","isPartOf":{"@id":"https:\/\/tecnnova.org\/portafolio-de-capacidades\/#website"},"primaryImageOfPage":{"@id":"https:\/\/tecnnova.org\/portafolio-de-capacidades\/problematicas-de-ruido\/#primaryimage"},"image":{"@id":"https:\/\/tecnnova.org\/portafolio-de-capacidades\/problematicas-de-ruido\/#primaryimage"},"thumbnailUrl":"https:\/\/tecnnova.org\/portafolio-de-capacidades\/wp-content\/uploads\/2024\/08\/iconsaludyvida.png","datePublished":"2025-05-22T12:48:00+00:00","dateModified":"2025-05-22T12:48:01+00:00","breadcrumb":{"@id":"https:\/\/tecnnova.org\/portafolio-de-capacidades\/problematicas-de-ruido\/#breadcrumb"},"inLanguage":"es-CO","potentialAction":[{"@type":"ReadAction","target":["https:\/\/tecnnova.org\/portafolio-de-capacidades\/problematicas-de-ruido\/"]}]},{"@type":"ImageObject","inLanguage":"es-CO","@id":"https:\/\/tecnnova.org\/portafolio-de-capacidades\/problematicas-de-ruido\/#primaryimage","url":"https:\/\/tecnnova.org\/portafolio-de-capacidades\/wp-content\/uploads\/2024\/08\/iconsaludyvida.png","contentUrl":"https:\/\/tecnnova.org\/portafolio-de-capacidades\/wp-content\/uploads\/2024\/08\/iconsaludyvida.png","width":100,"height":100},{"@type":"BreadcrumbList","@id":"https:\/\/tecnnova.org\/portafolio-de-capacidades\/problematicas-de-ruido\/#breadcrumb","itemListElement":[{"@type":"ListItem","position":1,"name":"Inicio","item":"https:\/\/tecnnova.org\/portafolio-de-capacidades\/"},{"@type":"ListItem","position":2,"name":"Portafolio de Capacidades","item":"https:\/\/tecnnova.org\/portafolio-de-capacidades\/"},{"@type":"ListItem","position":3,"name":"Identificar problem\u00e1ticas de ruido a trav\u00e9s de informaci\u00f3n suministrada o tomada en campo"}]},{"@type":"WebSite","@id":"https:\/\/tecnnova.org\/portafolio-de-capacidades\/#website","url":"https:\/\/tecnnova.org\/portafolio-de-capacidades\/","name":"Portafolio de capacidades - Tecnnova","description":"","publisher":{"@id":"https:\/\/tecnnova.org\/portafolio-de-capacidades\/#organization"},"potentialAction":[{"@type":"SearchAction","target":{"@type":"EntryPoint","urlTemplate":"https:\/\/tecnnova.org\/portafolio-de-capacidades\/?s={search_term_string}"},"query-input":"required name=search_term_string"}],"inLanguage":"es-CO"},{"@type":"Organization","@id":"https:\/\/tecnnova.org\/portafolio-de-capacidades\/#organization","name":"Portafolio de capacidades - Tecnnova","url":"https:\/\/tecnnova.org\/portafolio-de-capacidades\/","logo":{"@type":"ImageObject","inLanguage":"es-CO","@id":"https:\/\/tecnnova.org\/portafolio-de-capacidades\/#\/schema\/logo\/image\/","url":"https:\/\/tecnnova.org\/portafolio-de-capacidades\/wp-content\/uploads\/2024\/07\/cropped-TECNNOVA-2022-02.png","contentUrl":"https:\/\/tecnnova.org\/portafolio-de-capacidades\/wp-content\/uploads\/2024\/07\/cropped-TECNNOVA-2022-02.png","width":1609,"height":428,"caption":"Portafolio de capacidades - Tecnnova"},"image":{"@id":"https:\/\/tecnnova.org\/portafolio-de-capacidades\/#\/schema\/logo\/image\/"},"sameAs":["https:\/\/www.facebook.com\/Tecnnova_UEE-637591033015381","https:\/\/x.com\/Tecnnova_UEE"]}]}},"_links":{"self":[{"href":"https:\/\/tecnnova.org\/portafolio-de-capacidades\/wp-json\/wp\/v2\/product\/2799","targetHints":{"allow":["GET"]}}],"collection":[{"href":"https:\/\/tecnnova.org\/portafolio-de-capacidades\/wp-json\/wp\/v2\/product"}],"about":[{"href":"https:\/\/tecnnova.org\/portafolio-de-capacidades\/wp-json\/wp\/v2\/types\/product"}],"version-history":[{"count":1,"href":"https:\/\/tecnnova.org\/portafolio-de-capacidades\/wp-json\/wp\/v2\/product\/2799\/revisions"}],"predecessor-version":[{"id":2800,"href":"https:\/\/tecnnova.org\/portafolio-de-capacidades\/wp-json\/wp\/v2\/product\/2799\/revisions\/2800"}],"wp:featuredmedia":[{"embeddable":true,"href":"https:\/\/tecnnova.org\/portafolio-de-capacidades\/wp-json\/wp\/v2\/media\/902"}],"wp:attachment":[{"href":"https:\/\/tecnnova.org\/portafolio-de-capacidades\/wp-json\/wp\/v2\/media?parent=2799"}],"wp:term":[{"taxonomy":"product_cat","embeddable":true,"href":"https:\/\/tecnnova.org\/portafolio-de-capacidades\/wp-json\/wp\/v2\/product_cat?post=2799"},{"taxonomy":"product_tag","embeddable":true,"href":"https:\/\/tecnnova.org\/portafolio-de-capacidades\/wp-json\/wp\/v2\/product_tag?post=2799"}],"curies":[{"name":"wp","href":"https:\/\/api.w.org\/{rel}","templated":true}]}}