{"id":2878,"date":"2025-05-22T08:52:15","date_gmt":"2025-05-22T13:52:15","guid":{"rendered":"https:\/\/tecnnova.org\/portafolio-de-capacidades\/?post_type=product&#038;p=2878"},"modified":"2025-07-18T12:35:02","modified_gmt":"2025-07-18T17:35:02","slug":"analizar-la-dinamica-de-uso-del-suelo-y-su-relacion-con-la-productividad-territorial-para-identificar-patrones-de-vulnerabilidad-ambiental-y-oportunidades-de-adaptacion-al-cambio-climatico","status":"publish","type":"product","link":"https:\/\/tecnnova.org\/portafolio-de-capacidades\/naturaleza-y-recursos\/productividad-territorial-para-identificar-patrones\/","title":{"rendered":"Analizar la din\u00e1mica de uso del suelo y su relaci\u00f3n con la productividad territorial para identificar patrones de vulnerabilidad ambiental y oportunidades de adaptaci\u00f3n al cambio clim\u00e1tico"},"content":{"rendered":"<p>Optimizar la planificaci\u00f3n territorial, fortalecer la resiliencia ambiental y mejorar la toma de decisiones estrat\u00e9gicas.<\/p>\n","protected":false},"excerpt":{"rendered":"<p>Optimizar la planificaci\u00f3n territorial, fortalecer la resiliencia ambiental y mejorar la toma de decisiones estrat\u00e9gicas.<\/p>\n","protected":false},"featured_media":903,"template":"","meta":{"_acf_changed":false},"product_cat":[2579],"product_tag":[4150,6279,3739,6281,6283,2578,6280,6282],"class_list":{"0":"post-2878","1":"product","2":"type-product","3":"status-publish","4":"has-post-thumbnail","6":"product_cat-naturaleza-y-recursos","7":"product_tag-adaptacion-climatica","8":"product_tag-analisis-territorial","9":"product_tag-gestion-ambiental","10":"product_tag-productividad-sostenible","11":"product_tag-resiliencia-territorial-simulacion-de-escenarios-planificacion-estrategica-sostenibilidad-productiva","12":"product_tag-tecnnova","13":"product_tag-uso-del-suelo","14":"product_tag-vulnerabilidad-ecologica","16":"first","17":"instock","18":"shipping-taxable","19":"product-type-simple"},"acf":[],"yoast_head":"<!-- This site is optimized with the Yoast SEO plugin v23.3 - https:\/\/yoast.com\/wordpress\/plugins\/seo\/ -->\n<title>Analizar la din\u00e1mica de uso del suelo y su relaci\u00f3n con la productividad territorial para identificar patrones de vulnerabilidad ambiental y oportunidades de adaptaci\u00f3n al cambio clim\u00e1tico - Portafolio de capacidades - Tecnnova<\/title>\n<meta name=\"robots\" content=\"index, follow, max-snippet:-1, max-image-preview:large, max-video-preview:-1\" \/>\n<link rel=\"canonical\" href=\"https:\/\/tecnnova.org\/portafolio-de-capacidades\/naturaleza-y-recursos\/productividad-territorial-para-identificar-patrones\/\" \/>\n<meta property=\"og:locale\" content=\"es_ES\" \/>\n<meta property=\"og:type\" content=\"article\" \/>\n<meta property=\"og:title\" content=\"Analizar la din\u00e1mica de uso del suelo y su relaci\u00f3n con la productividad territorial para identificar patrones de vulnerabilidad ambiental y oportunidades de adaptaci\u00f3n al cambio clim\u00e1tico - Portafolio de capacidades - Tecnnova\" \/>\n<meta property=\"og:description\" content=\"Optimizar la planificaci\u00f3n territorial, fortalecer la resiliencia ambiental y mejorar la toma de decisiones estrat\u00e9gicas.\" \/>\n<meta property=\"og:url\" content=\"https:\/\/tecnnova.org\/portafolio-de-capacidades\/naturaleza-y-recursos\/productividad-territorial-para-identificar-patrones\/\" \/>\n<meta property=\"og:site_name\" content=\"Portafolio de capacidades - Tecnnova\" \/>\n<meta property=\"article:publisher\" content=\"https:\/\/www.facebook.com\/Tecnnova_UEE-637591033015381\" \/>\n<meta property=\"article:modified_time\" content=\"2025-07-18T17:35:02+00:00\" \/>\n<meta property=\"og:image\" content=\"https:\/\/tecnnova.org\/portafolio-de-capacidades\/wp-content\/uploads\/2024\/08\/iconnaturalezayrecursos.png\" \/>\n\t<meta property=\"og:image:width\" content=\"100\" \/>\n\t<meta property=\"og:image:height\" content=\"100\" \/>\n\t<meta property=\"og:image:type\" content=\"image\/png\" \/>\n<meta name=\"twitter:card\" content=\"summary_large_image\" \/>\n<meta name=\"twitter:site\" content=\"@Tecnnova_UEE\" \/>\n<meta name=\"twitter:label1\" content=\"Tiempo de lectura\" \/>\n\t<meta name=\"twitter:data1\" content=\"1 minuto\" \/>\n<script type=\"application\/ld+json\" class=\"yoast-schema-graph\">{\"@context\":\"https:\/\/schema.org\",\"@graph\":[{\"@type\":\"WebPage\",\"@id\":\"https:\/\/tecnnova.org\/portafolio-de-capacidades\/naturaleza-y-recursos\/productividad-territorial-para-identificar-patrones\/\",\"url\":\"https:\/\/tecnnova.org\/portafolio-de-capacidades\/naturaleza-y-recursos\/productividad-territorial-para-identificar-patrones\/\",\"name\":\"Analizar la din\u00e1mica de uso del suelo y su relaci\u00f3n con la productividad territorial para identificar patrones de vulnerabilidad ambiental y oportunidades de adaptaci\u00f3n al cambio clim\u00e1tico - Portafolio de capacidades - Tecnnova\",\"isPartOf\":{\"@id\":\"https:\/\/tecnnova.org\/portafolio-de-capacidades\/#website\"},\"primaryImageOfPage\":{\"@id\":\"https:\/\/tecnnova.org\/portafolio-de-capacidades\/naturaleza-y-recursos\/productividad-territorial-para-identificar-patrones\/#primaryimage\"},\"image\":{\"@id\":\"https:\/\/tecnnova.org\/portafolio-de-capacidades\/naturaleza-y-recursos\/productividad-territorial-para-identificar-patrones\/#primaryimage\"},\"thumbnailUrl\":\"https:\/\/tecnnova.org\/portafolio-de-capacidades\/wp-content\/uploads\/2024\/08\/iconnaturalezayrecursos.png\",\"datePublished\":\"2025-05-22T13:52:15+00:00\",\"dateModified\":\"2025-07-18T17:35:02+00:00\",\"breadcrumb\":{\"@id\":\"https:\/\/tecnnova.org\/portafolio-de-capacidades\/naturaleza-y-recursos\/productividad-territorial-para-identificar-patrones\/#breadcrumb\"},\"inLanguage\":\"es-CO\",\"potentialAction\":[{\"@type\":\"ReadAction\",\"target\":[\"https:\/\/tecnnova.org\/portafolio-de-capacidades\/naturaleza-y-recursos\/productividad-territorial-para-identificar-patrones\/\"]}]},{\"@type\":\"ImageObject\",\"inLanguage\":\"es-CO\",\"@id\":\"https:\/\/tecnnova.org\/portafolio-de-capacidades\/naturaleza-y-recursos\/productividad-territorial-para-identificar-patrones\/#primaryimage\",\"url\":\"https:\/\/tecnnova.org\/portafolio-de-capacidades\/wp-content\/uploads\/2024\/08\/iconnaturalezayrecursos.png\",\"contentUrl\":\"https:\/\/tecnnova.org\/portafolio-de-capacidades\/wp-content\/uploads\/2024\/08\/iconnaturalezayrecursos.png\",\"width\":100,\"height\":100},{\"@type\":\"BreadcrumbList\",\"@id\":\"https:\/\/tecnnova.org\/portafolio-de-capacidades\/naturaleza-y-recursos\/productividad-territorial-para-identificar-patrones\/#breadcrumb\",\"itemListElement\":[{\"@type\":\"ListItem\",\"position\":1,\"name\":\"Inicio\",\"item\":\"https:\/\/tecnnova.org\/portafolio-de-capacidades\/\"},{\"@type\":\"ListItem\",\"position\":2,\"name\":\"Portafolio de Capacidades\",\"item\":\"https:\/\/tecnnova.org\/portafolio-de-capacidades\/\"},{\"@type\":\"ListItem\",\"position\":3,\"name\":\"Analizar la din\u00e1mica de uso del suelo y su relaci\u00f3n con la productividad territorial para identificar patrones de vulnerabilidad ambiental y oportunidades de adaptaci\u00f3n al cambio clim\u00e1tico\"}]},{\"@type\":\"WebSite\",\"@id\":\"https:\/\/tecnnova.org\/portafolio-de-capacidades\/#website\",\"url\":\"https:\/\/tecnnova.org\/portafolio-de-capacidades\/\",\"name\":\"Portafolio de capacidades - Tecnnova\",\"description\":\"\",\"publisher\":{\"@id\":\"https:\/\/tecnnova.org\/portafolio-de-capacidades\/#organization\"},\"potentialAction\":[{\"@type\":\"SearchAction\",\"target\":{\"@type\":\"EntryPoint\",\"urlTemplate\":\"https:\/\/tecnnova.org\/portafolio-de-capacidades\/?s={search_term_string}\"},\"query-input\":\"required name=search_term_string\"}],\"inLanguage\":\"es-CO\"},{\"@type\":\"Organization\",\"@id\":\"https:\/\/tecnnova.org\/portafolio-de-capacidades\/#organization\",\"name\":\"Portafolio de capacidades - Tecnnova\",\"url\":\"https:\/\/tecnnova.org\/portafolio-de-capacidades\/\",\"logo\":{\"@type\":\"ImageObject\",\"inLanguage\":\"es-CO\",\"@id\":\"https:\/\/tecnnova.org\/portafolio-de-capacidades\/#\/schema\/logo\/image\/\",\"url\":\"https:\/\/tecnnova.org\/portafolio-de-capacidades\/wp-content\/uploads\/2024\/07\/cropped-TECNNOVA-2022-02.png\",\"contentUrl\":\"https:\/\/tecnnova.org\/portafolio-de-capacidades\/wp-content\/uploads\/2024\/07\/cropped-TECNNOVA-2022-02.png\",\"width\":1609,\"height\":428,\"caption\":\"Portafolio de capacidades - Tecnnova\"},\"image\":{\"@id\":\"https:\/\/tecnnova.org\/portafolio-de-capacidades\/#\/schema\/logo\/image\/\"},\"sameAs\":[\"https:\/\/www.facebook.com\/Tecnnova_UEE-637591033015381\",\"https:\/\/x.com\/Tecnnova_UEE\"]}]}<\/script>\n<!-- \/ Yoast SEO plugin. -->","yoast_head_json":{"title":"Analizar la din\u00e1mica de uso del suelo y su relaci\u00f3n con la productividad territorial para identificar patrones de vulnerabilidad ambiental y oportunidades de adaptaci\u00f3n al cambio clim\u00e1tico - Portafolio de capacidades - Tecnnova","robots":{"index":"index","follow":"follow","max-snippet":"max-snippet:-1","max-image-preview":"max-image-preview:large","max-video-preview":"max-video-preview:-1"},"canonical":"https:\/\/tecnnova.org\/portafolio-de-capacidades\/naturaleza-y-recursos\/productividad-territorial-para-identificar-patrones\/","og_locale":"es_ES","og_type":"article","og_title":"Analizar la din\u00e1mica de uso del suelo y su relaci\u00f3n con la productividad territorial para identificar patrones de vulnerabilidad ambiental y oportunidades de adaptaci\u00f3n al cambio clim\u00e1tico - Portafolio de capacidades - Tecnnova","og_description":"Optimizar la planificaci\u00f3n territorial, fortalecer la resiliencia ambiental y mejorar la toma de decisiones estrat\u00e9gicas.","og_url":"https:\/\/tecnnova.org\/portafolio-de-capacidades\/naturaleza-y-recursos\/productividad-territorial-para-identificar-patrones\/","og_site_name":"Portafolio de capacidades - Tecnnova","article_publisher":"https:\/\/www.facebook.com\/Tecnnova_UEE-637591033015381","article_modified_time":"2025-07-18T17:35:02+00:00","og_image":[{"width":100,"height":100,"url":"https:\/\/tecnnova.org\/portafolio-de-capacidades\/wp-content\/uploads\/2024\/08\/iconnaturalezayrecursos.png","type":"image\/png"}],"twitter_card":"summary_large_image","twitter_site":"@Tecnnova_UEE","twitter_misc":{"Tiempo de lectura":"1 minuto"},"schema":{"@context":"https:\/\/schema.org","@graph":[{"@type":"WebPage","@id":"https:\/\/tecnnova.org\/portafolio-de-capacidades\/naturaleza-y-recursos\/productividad-territorial-para-identificar-patrones\/","url":"https:\/\/tecnnova.org\/portafolio-de-capacidades\/naturaleza-y-recursos\/productividad-territorial-para-identificar-patrones\/","name":"Analizar la din\u00e1mica de uso del suelo y su relaci\u00f3n con la productividad territorial para identificar patrones de vulnerabilidad ambiental y oportunidades de adaptaci\u00f3n al cambio clim\u00e1tico - Portafolio de capacidades - Tecnnova","isPartOf":{"@id":"https:\/\/tecnnova.org\/portafolio-de-capacidades\/#website"},"primaryImageOfPage":{"@id":"https:\/\/tecnnova.org\/portafolio-de-capacidades\/naturaleza-y-recursos\/productividad-territorial-para-identificar-patrones\/#primaryimage"},"image":{"@id":"https:\/\/tecnnova.org\/portafolio-de-capacidades\/naturaleza-y-recursos\/productividad-territorial-para-identificar-patrones\/#primaryimage"},"thumbnailUrl":"https:\/\/tecnnova.org\/portafolio-de-capacidades\/wp-content\/uploads\/2024\/08\/iconnaturalezayrecursos.png","datePublished":"2025-05-22T13:52:15+00:00","dateModified":"2025-07-18T17:35:02+00:00","breadcrumb":{"@id":"https:\/\/tecnnova.org\/portafolio-de-capacidades\/naturaleza-y-recursos\/productividad-territorial-para-identificar-patrones\/#breadcrumb"},"inLanguage":"es-CO","potentialAction":[{"@type":"ReadAction","target":["https:\/\/tecnnova.org\/portafolio-de-capacidades\/naturaleza-y-recursos\/productividad-territorial-para-identificar-patrones\/"]}]},{"@type":"ImageObject","inLanguage":"es-CO","@id":"https:\/\/tecnnova.org\/portafolio-de-capacidades\/naturaleza-y-recursos\/productividad-territorial-para-identificar-patrones\/#primaryimage","url":"https:\/\/tecnnova.org\/portafolio-de-capacidades\/wp-content\/uploads\/2024\/08\/iconnaturalezayrecursos.png","contentUrl":"https:\/\/tecnnova.org\/portafolio-de-capacidades\/wp-content\/uploads\/2024\/08\/iconnaturalezayrecursos.png","width":100,"height":100},{"@type":"BreadcrumbList","@id":"https:\/\/tecnnova.org\/portafolio-de-capacidades\/naturaleza-y-recursos\/productividad-territorial-para-identificar-patrones\/#breadcrumb","itemListElement":[{"@type":"ListItem","position":1,"name":"Inicio","item":"https:\/\/tecnnova.org\/portafolio-de-capacidades\/"},{"@type":"ListItem","position":2,"name":"Portafolio de Capacidades","item":"https:\/\/tecnnova.org\/portafolio-de-capacidades\/"},{"@type":"ListItem","position":3,"name":"Analizar la din\u00e1mica de uso del suelo y su relaci\u00f3n con la productividad territorial para identificar patrones de vulnerabilidad ambiental y oportunidades de adaptaci\u00f3n al cambio clim\u00e1tico"}]},{"@type":"WebSite","@id":"https:\/\/tecnnova.org\/portafolio-de-capacidades\/#website","url":"https:\/\/tecnnova.org\/portafolio-de-capacidades\/","name":"Portafolio de capacidades - Tecnnova","description":"","publisher":{"@id":"https:\/\/tecnnova.org\/portafolio-de-capacidades\/#organization"},"potentialAction":[{"@type":"SearchAction","target":{"@type":"EntryPoint","urlTemplate":"https:\/\/tecnnova.org\/portafolio-de-capacidades\/?s={search_term_string}"},"query-input":"required name=search_term_string"}],"inLanguage":"es-CO"},{"@type":"Organization","@id":"https:\/\/tecnnova.org\/portafolio-de-capacidades\/#organization","name":"Portafolio de capacidades - Tecnnova","url":"https:\/\/tecnnova.org\/portafolio-de-capacidades\/","logo":{"@type":"ImageObject","inLanguage":"es-CO","@id":"https:\/\/tecnnova.org\/portafolio-de-capacidades\/#\/schema\/logo\/image\/","url":"https:\/\/tecnnova.org\/portafolio-de-capacidades\/wp-content\/uploads\/2024\/07\/cropped-TECNNOVA-2022-02.png","contentUrl":"https:\/\/tecnnova.org\/portafolio-de-capacidades\/wp-content\/uploads\/2024\/07\/cropped-TECNNOVA-2022-02.png","width":1609,"height":428,"caption":"Portafolio de capacidades - Tecnnova"},"image":{"@id":"https:\/\/tecnnova.org\/portafolio-de-capacidades\/#\/schema\/logo\/image\/"},"sameAs":["https:\/\/www.facebook.com\/Tecnnova_UEE-637591033015381","https:\/\/x.com\/Tecnnova_UEE"]}]}},"_links":{"self":[{"href":"https:\/\/tecnnova.org\/portafolio-de-capacidades\/wp-json\/wp\/v2\/product\/2878","targetHints":{"allow":["GET"]}}],"collection":[{"href":"https:\/\/tecnnova.org\/portafolio-de-capacidades\/wp-json\/wp\/v2\/product"}],"about":[{"href":"https:\/\/tecnnova.org\/portafolio-de-capacidades\/wp-json\/wp\/v2\/types\/product"}],"version-history":[{"count":2,"href":"https:\/\/tecnnova.org\/portafolio-de-capacidades\/wp-json\/wp\/v2\/product\/2878\/revisions"}],"predecessor-version":[{"id":4087,"href":"https:\/\/tecnnova.org\/portafolio-de-capacidades\/wp-json\/wp\/v2\/product\/2878\/revisions\/4087"}],"wp:featuredmedia":[{"embeddable":true,"href":"https:\/\/tecnnova.org\/portafolio-de-capacidades\/wp-json\/wp\/v2\/media\/903"}],"wp:attachment":[{"href":"https:\/\/tecnnova.org\/portafolio-de-capacidades\/wp-json\/wp\/v2\/media?parent=2878"}],"wp:term":[{"taxonomy":"product_cat","embeddable":true,"href":"https:\/\/tecnnova.org\/portafolio-de-capacidades\/wp-json\/wp\/v2\/product_cat?post=2878"},{"taxonomy":"product_tag","embeddable":true,"href":"https:\/\/tecnnova.org\/portafolio-de-capacidades\/wp-json\/wp\/v2\/product_tag?post=2878"}],"curies":[{"name":"wp","href":"https:\/\/api.w.org\/{rel}","templated":true}]}}