{"id":2888,"date":"2025-05-22T09:00:27","date_gmt":"2025-05-22T14:00:27","guid":{"rendered":"https:\/\/tecnnova.org\/portafolio-de-capacidades\/?post_type=product&#038;p=2888"},"modified":"2025-05-22T09:00:28","modified_gmt":"2025-05-22T14:00:28","slug":"1-identificar-las-habilidades-y-competencias-que-permitan-la-adaptacion-y-el-aprendizaje-continuo-en-los-procesos-de-diseno-e-investigacion-2-analizar-las-problematicas-y-desafios-relacionados-con","status":"publish","type":"product","link":"https:\/\/tecnnova.org\/portafolio-de-capacidades\/naturaleza-y-recursos\/adaptacion-y-el-aprendizaje-continuo\/","title":{"rendered":"1. Identificar las habilidades y competencias que permitan la adaptaci\u00f3n y el aprendizaje continuo en los procesos de dise\u00f1o e investigaci\u00f3n. 2. Analizar las problem\u00e1ticas y desaf\u00edos relacionados con la disciplina para la creaci\u00f3n de soluciones y estrategias innovadoras."},"content":{"rendered":"<p>Capacidad de integrar estrategias innovadoras, adaptables y sostenibles en el dise\u00f1o y en la formaci\u00f3n integral de estudiantes, para abordar los desaf\u00edos que supone el medio y el contexto de cambio clim\u00e1tico, como la creaci\u00f3n de espacios saludables y confortables, que responden tanto a las necesidades humanas como a las exigencias medioambientales.<\/p>\n","protected":false},"excerpt":{"rendered":"<p>Capacidad de integrar estrategias innovadoras, adaptables y sostenibles en el dise\u00f1o y en la formaci\u00f3n integral de estudiantes, para abordar los desaf\u00edos que supone el medio y el contexto de cambio clim\u00e1tico, como la creaci\u00f3n de espacios saludables y confortables, que responden tanto a las necesidades humanas como a las exigencias medioambientales.<\/p>\n","protected":false},"featured_media":903,"template":"","meta":{"_acf_changed":false},"product_cat":[2579],"product_tag":[5801,6309,6311,4796,6312,2837,3360,2735,3091,6310,2578],"class_list":{"0":"post-2888","1":"product","2":"type-product","3":"status-publish","4":"has-post-thumbnail","6":"product_cat-naturaleza-y-recursos","7":"product_tag-adaptabilidad","8":"product_tag-aprendizaje-continuo","9":"product_tag-bienestar-humano","10":"product_tag-clima","11":"product_tag-confort","12":"product_tag-eficiencia-energetica","13":"product_tag-estrategias","14":"product_tag-innovacion","15":"product_tag-optimizacion","16":"product_tag-simulacion-ambiental","17":"product_tag-tecnnova","19":"first","20":"instock","21":"shipping-taxable","22":"product-type-simple"},"acf":[],"yoast_head":"<!-- This site is optimized with the Yoast SEO plugin v23.3 - https:\/\/yoast.com\/wordpress\/plugins\/seo\/ -->\n<title>1. Identificar las habilidades y competencias que permitan la adaptaci\u00f3n y el aprendizaje continuo en los procesos de dise\u00f1o e investigaci\u00f3n. 2. Analizar las problem\u00e1ticas y desaf\u00edos relacionados con la disciplina para la creaci\u00f3n de soluciones y estrategias innovadoras. - Portafolio de capacidades - Tecnnova<\/title>\n<meta name=\"robots\" content=\"index, follow, max-snippet:-1, max-image-preview:large, max-video-preview:-1\" \/>\n<link rel=\"canonical\" href=\"https:\/\/tecnnova.org\/portafolio-de-capacidades\/adaptacion-y-el-aprendizaje-continuo\/\" \/>\n<meta property=\"og:locale\" content=\"es_ES\" \/>\n<meta property=\"og:type\" content=\"article\" \/>\n<meta property=\"og:title\" content=\"1. Identificar las habilidades y competencias que permitan la adaptaci\u00f3n y el aprendizaje continuo en los procesos de dise\u00f1o e investigaci\u00f3n. 2. Analizar las problem\u00e1ticas y desaf\u00edos relacionados con la disciplina para la creaci\u00f3n de soluciones y estrategias innovadoras. - Portafolio de capacidades - Tecnnova\" \/>\n<meta property=\"og:description\" content=\"Capacidad de integrar estrategias innovadoras, adaptables y sostenibles en el dise\u00f1o y en la formaci\u00f3n integral de estudiantes, para abordar los desaf\u00edos que supone el medio y el contexto de cambio clim\u00e1tico, como la creaci\u00f3n de espacios saludables y confortables, que responden tanto a las necesidades humanas como a las exigencias medioambientales.\" \/>\n<meta property=\"og:url\" content=\"https:\/\/tecnnova.org\/portafolio-de-capacidades\/adaptacion-y-el-aprendizaje-continuo\/\" \/>\n<meta property=\"og:site_name\" content=\"Portafolio de capacidades - Tecnnova\" \/>\n<meta property=\"article:publisher\" content=\"https:\/\/www.facebook.com\/Tecnnova_UEE-637591033015381\" \/>\n<meta property=\"article:modified_time\" content=\"2025-05-22T14:00:28+00:00\" \/>\n<meta property=\"og:image\" content=\"https:\/\/tecnnova.org\/portafolio-de-capacidades\/wp-content\/uploads\/2024\/08\/iconnaturalezayrecursos.png\" \/>\n\t<meta property=\"og:image:width\" content=\"100\" \/>\n\t<meta property=\"og:image:height\" content=\"100\" \/>\n\t<meta property=\"og:image:type\" content=\"image\/png\" \/>\n<meta name=\"twitter:card\" content=\"summary_large_image\" \/>\n<meta name=\"twitter:site\" content=\"@Tecnnova_UEE\" \/>\n<meta name=\"twitter:label1\" content=\"Tiempo de lectura\" \/>\n\t<meta name=\"twitter:data1\" content=\"1 minuto\" \/>\n<script type=\"application\/ld+json\" class=\"yoast-schema-graph\">{\"@context\":\"https:\/\/schema.org\",\"@graph\":[{\"@type\":\"WebPage\",\"@id\":\"https:\/\/tecnnova.org\/portafolio-de-capacidades\/adaptacion-y-el-aprendizaje-continuo\/\",\"url\":\"https:\/\/tecnnova.org\/portafolio-de-capacidades\/adaptacion-y-el-aprendizaje-continuo\/\",\"name\":\"1. Identificar las habilidades y competencias que permitan la adaptaci\u00f3n y el aprendizaje continuo en los procesos de dise\u00f1o e investigaci\u00f3n. 2. Analizar las problem\u00e1ticas y desaf\u00edos relacionados con la disciplina para la creaci\u00f3n de soluciones y estrategias innovadoras. - Portafolio de capacidades - Tecnnova\",\"isPartOf\":{\"@id\":\"https:\/\/tecnnova.org\/portafolio-de-capacidades\/#website\"},\"primaryImageOfPage\":{\"@id\":\"https:\/\/tecnnova.org\/portafolio-de-capacidades\/adaptacion-y-el-aprendizaje-continuo\/#primaryimage\"},\"image\":{\"@id\":\"https:\/\/tecnnova.org\/portafolio-de-capacidades\/adaptacion-y-el-aprendizaje-continuo\/#primaryimage\"},\"thumbnailUrl\":\"https:\/\/tecnnova.org\/portafolio-de-capacidades\/wp-content\/uploads\/2024\/08\/iconnaturalezayrecursos.png\",\"datePublished\":\"2025-05-22T14:00:27+00:00\",\"dateModified\":\"2025-05-22T14:00:28+00:00\",\"breadcrumb\":{\"@id\":\"https:\/\/tecnnova.org\/portafolio-de-capacidades\/adaptacion-y-el-aprendizaje-continuo\/#breadcrumb\"},\"inLanguage\":\"es-CO\",\"potentialAction\":[{\"@type\":\"ReadAction\",\"target\":[\"https:\/\/tecnnova.org\/portafolio-de-capacidades\/adaptacion-y-el-aprendizaje-continuo\/\"]}]},{\"@type\":\"ImageObject\",\"inLanguage\":\"es-CO\",\"@id\":\"https:\/\/tecnnova.org\/portafolio-de-capacidades\/adaptacion-y-el-aprendizaje-continuo\/#primaryimage\",\"url\":\"https:\/\/tecnnova.org\/portafolio-de-capacidades\/wp-content\/uploads\/2024\/08\/iconnaturalezayrecursos.png\",\"contentUrl\":\"https:\/\/tecnnova.org\/portafolio-de-capacidades\/wp-content\/uploads\/2024\/08\/iconnaturalezayrecursos.png\",\"width\":100,\"height\":100},{\"@type\":\"BreadcrumbList\",\"@id\":\"https:\/\/tecnnova.org\/portafolio-de-capacidades\/adaptacion-y-el-aprendizaje-continuo\/#breadcrumb\",\"itemListElement\":[{\"@type\":\"ListItem\",\"position\":1,\"name\":\"Inicio\",\"item\":\"https:\/\/tecnnova.org\/portafolio-de-capacidades\/\"},{\"@type\":\"ListItem\",\"position\":2,\"name\":\"Portafolio de Capacidades\",\"item\":\"https:\/\/tecnnova.org\/portafolio-de-capacidades\/\"},{\"@type\":\"ListItem\",\"position\":3,\"name\":\"1. Identificar las habilidades y competencias que permitan la adaptaci\u00f3n y el aprendizaje continuo en los procesos de dise\u00f1o e investigaci\u00f3n. 2. Analizar las problem\u00e1ticas y desaf\u00edos relacionados con la disciplina para la creaci\u00f3n de soluciones y estrategias innovadoras.\"}]},{\"@type\":\"WebSite\",\"@id\":\"https:\/\/tecnnova.org\/portafolio-de-capacidades\/#website\",\"url\":\"https:\/\/tecnnova.org\/portafolio-de-capacidades\/\",\"name\":\"Portafolio de capacidades - Tecnnova\",\"description\":\"\",\"publisher\":{\"@id\":\"https:\/\/tecnnova.org\/portafolio-de-capacidades\/#organization\"},\"potentialAction\":[{\"@type\":\"SearchAction\",\"target\":{\"@type\":\"EntryPoint\",\"urlTemplate\":\"https:\/\/tecnnova.org\/portafolio-de-capacidades\/?s={search_term_string}\"},\"query-input\":\"required name=search_term_string\"}],\"inLanguage\":\"es-CO\"},{\"@type\":\"Organization\",\"@id\":\"https:\/\/tecnnova.org\/portafolio-de-capacidades\/#organization\",\"name\":\"Portafolio de capacidades - Tecnnova\",\"url\":\"https:\/\/tecnnova.org\/portafolio-de-capacidades\/\",\"logo\":{\"@type\":\"ImageObject\",\"inLanguage\":\"es-CO\",\"@id\":\"https:\/\/tecnnova.org\/portafolio-de-capacidades\/#\/schema\/logo\/image\/\",\"url\":\"https:\/\/tecnnova.org\/portafolio-de-capacidades\/wp-content\/uploads\/2024\/07\/cropped-TECNNOVA-2022-02.png\",\"contentUrl\":\"https:\/\/tecnnova.org\/portafolio-de-capacidades\/wp-content\/uploads\/2024\/07\/cropped-TECNNOVA-2022-02.png\",\"width\":1609,\"height\":428,\"caption\":\"Portafolio de capacidades - Tecnnova\"},\"image\":{\"@id\":\"https:\/\/tecnnova.org\/portafolio-de-capacidades\/#\/schema\/logo\/image\/\"},\"sameAs\":[\"https:\/\/www.facebook.com\/Tecnnova_UEE-637591033015381\",\"https:\/\/x.com\/Tecnnova_UEE\"]}]}<\/script>\n<!-- \/ Yoast SEO plugin. -->","yoast_head_json":{"title":"1. Identificar las habilidades y competencias que permitan la adaptaci\u00f3n y el aprendizaje continuo en los procesos de dise\u00f1o e investigaci\u00f3n. 2. Analizar las problem\u00e1ticas y desaf\u00edos relacionados con la disciplina para la creaci\u00f3n de soluciones y estrategias innovadoras. - Portafolio de capacidades - Tecnnova","robots":{"index":"index","follow":"follow","max-snippet":"max-snippet:-1","max-image-preview":"max-image-preview:large","max-video-preview":"max-video-preview:-1"},"canonical":"https:\/\/tecnnova.org\/portafolio-de-capacidades\/adaptacion-y-el-aprendizaje-continuo\/","og_locale":"es_ES","og_type":"article","og_title":"1. Identificar las habilidades y competencias que permitan la adaptaci\u00f3n y el aprendizaje continuo en los procesos de dise\u00f1o e investigaci\u00f3n. 2. Analizar las problem\u00e1ticas y desaf\u00edos relacionados con la disciplina para la creaci\u00f3n de soluciones y estrategias innovadoras. - Portafolio de capacidades - Tecnnova","og_description":"Capacidad de integrar estrategias innovadoras, adaptables y sostenibles en el dise\u00f1o y en la formaci\u00f3n integral de estudiantes, para abordar los desaf\u00edos que supone el medio y el contexto de cambio clim\u00e1tico, como la creaci\u00f3n de espacios saludables y confortables, que responden tanto a las necesidades humanas como a las exigencias medioambientales.","og_url":"https:\/\/tecnnova.org\/portafolio-de-capacidades\/adaptacion-y-el-aprendizaje-continuo\/","og_site_name":"Portafolio de capacidades - Tecnnova","article_publisher":"https:\/\/www.facebook.com\/Tecnnova_UEE-637591033015381","article_modified_time":"2025-05-22T14:00:28+00:00","og_image":[{"width":100,"height":100,"url":"https:\/\/tecnnova.org\/portafolio-de-capacidades\/wp-content\/uploads\/2024\/08\/iconnaturalezayrecursos.png","type":"image\/png"}],"twitter_card":"summary_large_image","twitter_site":"@Tecnnova_UEE","twitter_misc":{"Tiempo de lectura":"1 minuto"},"schema":{"@context":"https:\/\/schema.org","@graph":[{"@type":"WebPage","@id":"https:\/\/tecnnova.org\/portafolio-de-capacidades\/adaptacion-y-el-aprendizaje-continuo\/","url":"https:\/\/tecnnova.org\/portafolio-de-capacidades\/adaptacion-y-el-aprendizaje-continuo\/","name":"1. Identificar las habilidades y competencias que permitan la adaptaci\u00f3n y el aprendizaje continuo en los procesos de dise\u00f1o e investigaci\u00f3n. 2. Analizar las problem\u00e1ticas y desaf\u00edos relacionados con la disciplina para la creaci\u00f3n de soluciones y estrategias innovadoras. - Portafolio de capacidades - Tecnnova","isPartOf":{"@id":"https:\/\/tecnnova.org\/portafolio-de-capacidades\/#website"},"primaryImageOfPage":{"@id":"https:\/\/tecnnova.org\/portafolio-de-capacidades\/adaptacion-y-el-aprendizaje-continuo\/#primaryimage"},"image":{"@id":"https:\/\/tecnnova.org\/portafolio-de-capacidades\/adaptacion-y-el-aprendizaje-continuo\/#primaryimage"},"thumbnailUrl":"https:\/\/tecnnova.org\/portafolio-de-capacidades\/wp-content\/uploads\/2024\/08\/iconnaturalezayrecursos.png","datePublished":"2025-05-22T14:00:27+00:00","dateModified":"2025-05-22T14:00:28+00:00","breadcrumb":{"@id":"https:\/\/tecnnova.org\/portafolio-de-capacidades\/adaptacion-y-el-aprendizaje-continuo\/#breadcrumb"},"inLanguage":"es-CO","potentialAction":[{"@type":"ReadAction","target":["https:\/\/tecnnova.org\/portafolio-de-capacidades\/adaptacion-y-el-aprendizaje-continuo\/"]}]},{"@type":"ImageObject","inLanguage":"es-CO","@id":"https:\/\/tecnnova.org\/portafolio-de-capacidades\/adaptacion-y-el-aprendizaje-continuo\/#primaryimage","url":"https:\/\/tecnnova.org\/portafolio-de-capacidades\/wp-content\/uploads\/2024\/08\/iconnaturalezayrecursos.png","contentUrl":"https:\/\/tecnnova.org\/portafolio-de-capacidades\/wp-content\/uploads\/2024\/08\/iconnaturalezayrecursos.png","width":100,"height":100},{"@type":"BreadcrumbList","@id":"https:\/\/tecnnova.org\/portafolio-de-capacidades\/adaptacion-y-el-aprendizaje-continuo\/#breadcrumb","itemListElement":[{"@type":"ListItem","position":1,"name":"Inicio","item":"https:\/\/tecnnova.org\/portafolio-de-capacidades\/"},{"@type":"ListItem","position":2,"name":"Portafolio de Capacidades","item":"https:\/\/tecnnova.org\/portafolio-de-capacidades\/"},{"@type":"ListItem","position":3,"name":"1. Identificar las habilidades y competencias que permitan la adaptaci\u00f3n y el aprendizaje continuo en los procesos de dise\u00f1o e investigaci\u00f3n. 2. Analizar las problem\u00e1ticas y desaf\u00edos relacionados con la disciplina para la creaci\u00f3n de soluciones y estrategias innovadoras."}]},{"@type":"WebSite","@id":"https:\/\/tecnnova.org\/portafolio-de-capacidades\/#website","url":"https:\/\/tecnnova.org\/portafolio-de-capacidades\/","name":"Portafolio de capacidades - Tecnnova","description":"","publisher":{"@id":"https:\/\/tecnnova.org\/portafolio-de-capacidades\/#organization"},"potentialAction":[{"@type":"SearchAction","target":{"@type":"EntryPoint","urlTemplate":"https:\/\/tecnnova.org\/portafolio-de-capacidades\/?s={search_term_string}"},"query-input":"required name=search_term_string"}],"inLanguage":"es-CO"},{"@type":"Organization","@id":"https:\/\/tecnnova.org\/portafolio-de-capacidades\/#organization","name":"Portafolio de capacidades - Tecnnova","url":"https:\/\/tecnnova.org\/portafolio-de-capacidades\/","logo":{"@type":"ImageObject","inLanguage":"es-CO","@id":"https:\/\/tecnnova.org\/portafolio-de-capacidades\/#\/schema\/logo\/image\/","url":"https:\/\/tecnnova.org\/portafolio-de-capacidades\/wp-content\/uploads\/2024\/07\/cropped-TECNNOVA-2022-02.png","contentUrl":"https:\/\/tecnnova.org\/portafolio-de-capacidades\/wp-content\/uploads\/2024\/07\/cropped-TECNNOVA-2022-02.png","width":1609,"height":428,"caption":"Portafolio de capacidades - Tecnnova"},"image":{"@id":"https:\/\/tecnnova.org\/portafolio-de-capacidades\/#\/schema\/logo\/image\/"},"sameAs":["https:\/\/www.facebook.com\/Tecnnova_UEE-637591033015381","https:\/\/x.com\/Tecnnova_UEE"]}]}},"_links":{"self":[{"href":"https:\/\/tecnnova.org\/portafolio-de-capacidades\/wp-json\/wp\/v2\/product\/2888","targetHints":{"allow":["GET"]}}],"collection":[{"href":"https:\/\/tecnnova.org\/portafolio-de-capacidades\/wp-json\/wp\/v2\/product"}],"about":[{"href":"https:\/\/tecnnova.org\/portafolio-de-capacidades\/wp-json\/wp\/v2\/types\/product"}],"version-history":[{"count":1,"href":"https:\/\/tecnnova.org\/portafolio-de-capacidades\/wp-json\/wp\/v2\/product\/2888\/revisions"}],"predecessor-version":[{"id":2889,"href":"https:\/\/tecnnova.org\/portafolio-de-capacidades\/wp-json\/wp\/v2\/product\/2888\/revisions\/2889"}],"wp:featuredmedia":[{"embeddable":true,"href":"https:\/\/tecnnova.org\/portafolio-de-capacidades\/wp-json\/wp\/v2\/media\/903"}],"wp:attachment":[{"href":"https:\/\/tecnnova.org\/portafolio-de-capacidades\/wp-json\/wp\/v2\/media?parent=2888"}],"wp:term":[{"taxonomy":"product_cat","embeddable":true,"href":"https:\/\/tecnnova.org\/portafolio-de-capacidades\/wp-json\/wp\/v2\/product_cat?post=2888"},{"taxonomy":"product_tag","embeddable":true,"href":"https:\/\/tecnnova.org\/portafolio-de-capacidades\/wp-json\/wp\/v2\/product_tag?post=2888"}],"curies":[{"name":"wp","href":"https:\/\/api.w.org\/{rel}","templated":true}]}}