{"id":3112,"date":"2025-07-17T13:29:45","date_gmt":"2025-07-17T18:29:45","guid":{"rendered":"https:\/\/tecnnova.org\/portafolio-de-capacidades\/?post_type=product&#038;p=3112"},"modified":"2026-01-20T12:53:14","modified_gmt":"2026-01-20T17:53:14","slug":"asistir-procesos-enfocados-en-mejorar-la-calidad-funcionalidad-y-seguridad-de-los-alimentos","status":"publish","type":"product","link":"https:\/\/tecnnova.org\/portafolio-de-capacidades\/naturaleza-y-recursos\/mejorar-la-calidad-seguridad-de-los-alimentos\/","title":{"rendered":"Asistir procesos enfocados en mejorar la calidad, funcionalidad y seguridad de los alimentos"},"content":{"rendered":"<p>Servicios de extracci\u00f3n por Fluidos supercr\u00edticos en matrices vegetales, Servicios de ultra pasteurizaci\u00f3n a escala piloto por UHT, an\u00e1lisis microbiol\u00f3gicos, Asesor\u00eda en la obtenci\u00f3n de ingredientes y alimentos funcionales, Asesor\u00eda en la formulaci\u00f3n y reformulaci\u00f3n de productos alimentarios de consumo masivo para humanos y animales y Formaci\u00f3n en sistemas de producci\u00f3n alimenticia, huertas caseras y seguridad alimentaria.<\/p>\n","protected":false},"excerpt":{"rendered":"<p>Servicios de extracci\u00f3n por Fluidos supercr\u00edticos en matrices vegetales, Servicios de ultra pasteurizaci\u00f3n a escala piloto por UHT, an\u00e1lisis microbiol\u00f3gicos, Asesor\u00eda en la obtenci\u00f3n de ingredientes y alimentos funcionales, Asesor\u00eda en la formulaci\u00f3n y reformulaci\u00f3n de productos alimentarios de consumo masivo para humanos y animales y Formaci\u00f3n en sistemas de producci\u00f3n alimenticia, huertas caseras y [&hellip;]<\/p>\n","protected":false},"featured_media":903,"template":"","meta":{"_acf_changed":false},"product_cat":[2579],"product_tag":[6565],"class_list":{"0":"post-3112","1":"product","2":"type-product","3":"status-publish","4":"has-post-thumbnail","6":"product_cat-naturaleza-y-recursos","7":"product_tag-salud-alimentos-tecnnova","9":"first","10":"instock","11":"shipping-taxable","12":"product-type-simple"},"acf":[],"yoast_head":"<!-- This site is optimized with the Yoast SEO plugin v23.3 - https:\/\/yoast.com\/wordpress\/plugins\/seo\/ -->\n<title>Asistir procesos enfocados en mejorar la calidad, funcionalidad y seguridad de los alimentos - Portafolio de capacidades - Tecnnova<\/title>\n<meta name=\"robots\" content=\"index, follow, max-snippet:-1, max-image-preview:large, max-video-preview:-1\" \/>\n<link rel=\"canonical\" href=\"https:\/\/tecnnova.org\/portafolio-de-capacidades\/naturaleza-y-recursos\/mejorar-la-calidad-seguridad-de-los-alimentos\/\" \/>\n<meta property=\"og:locale\" content=\"es_ES\" \/>\n<meta property=\"og:type\" content=\"article\" \/>\n<meta property=\"og:title\" content=\"Asistir procesos enfocados en mejorar la calidad, funcionalidad y seguridad de los alimentos - Portafolio de capacidades - Tecnnova\" \/>\n<meta property=\"og:description\" content=\"Servicios de extracci\u00f3n por Fluidos supercr\u00edticos en matrices vegetales, Servicios de ultra pasteurizaci\u00f3n a escala piloto por UHT, an\u00e1lisis microbiol\u00f3gicos, Asesor\u00eda en la obtenci\u00f3n de ingredientes y alimentos funcionales, Asesor\u00eda en la formulaci\u00f3n y reformulaci\u00f3n de productos alimentarios de consumo masivo para humanos y animales y Formaci\u00f3n en sistemas de producci\u00f3n alimenticia, huertas caseras y [&hellip;]\" \/>\n<meta property=\"og:url\" content=\"https:\/\/tecnnova.org\/portafolio-de-capacidades\/naturaleza-y-recursos\/mejorar-la-calidad-seguridad-de-los-alimentos\/\" \/>\n<meta property=\"og:site_name\" content=\"Portafolio de capacidades - Tecnnova\" \/>\n<meta property=\"article:publisher\" content=\"https:\/\/www.facebook.com\/Tecnnova_UEE-637591033015381\" \/>\n<meta property=\"article:modified_time\" content=\"2026-01-20T17:53:14+00:00\" \/>\n<meta property=\"og:image\" content=\"https:\/\/tecnnova.org\/portafolio-de-capacidades\/wp-content\/uploads\/2024\/08\/iconnaturalezayrecursos.png\" \/>\n\t<meta property=\"og:image:width\" content=\"100\" \/>\n\t<meta property=\"og:image:height\" content=\"100\" \/>\n\t<meta property=\"og:image:type\" content=\"image\/png\" \/>\n<meta name=\"twitter:card\" content=\"summary_large_image\" \/>\n<meta name=\"twitter:site\" content=\"@Tecnnova_UEE\" \/>\n<meta name=\"twitter:label1\" content=\"Tiempo de lectura\" \/>\n\t<meta name=\"twitter:data1\" content=\"1 minuto\" \/>\n<script type=\"application\/ld+json\" class=\"yoast-schema-graph\">{\"@context\":\"https:\/\/schema.org\",\"@graph\":[{\"@type\":\"WebPage\",\"@id\":\"https:\/\/tecnnova.org\/portafolio-de-capacidades\/naturaleza-y-recursos\/mejorar-la-calidad-seguridad-de-los-alimentos\/\",\"url\":\"https:\/\/tecnnova.org\/portafolio-de-capacidades\/naturaleza-y-recursos\/mejorar-la-calidad-seguridad-de-los-alimentos\/\",\"name\":\"Asistir procesos enfocados en mejorar la calidad, funcionalidad y seguridad de los alimentos - Portafolio de capacidades - Tecnnova\",\"isPartOf\":{\"@id\":\"https:\/\/tecnnova.org\/portafolio-de-capacidades\/#website\"},\"primaryImageOfPage\":{\"@id\":\"https:\/\/tecnnova.org\/portafolio-de-capacidades\/naturaleza-y-recursos\/mejorar-la-calidad-seguridad-de-los-alimentos\/#primaryimage\"},\"image\":{\"@id\":\"https:\/\/tecnnova.org\/portafolio-de-capacidades\/naturaleza-y-recursos\/mejorar-la-calidad-seguridad-de-los-alimentos\/#primaryimage\"},\"thumbnailUrl\":\"https:\/\/tecnnova.org\/portafolio-de-capacidades\/wp-content\/uploads\/2024\/08\/iconnaturalezayrecursos.png\",\"datePublished\":\"2025-07-17T18:29:45+00:00\",\"dateModified\":\"2026-01-20T17:53:14+00:00\",\"breadcrumb\":{\"@id\":\"https:\/\/tecnnova.org\/portafolio-de-capacidades\/naturaleza-y-recursos\/mejorar-la-calidad-seguridad-de-los-alimentos\/#breadcrumb\"},\"inLanguage\":\"es-CO\",\"potentialAction\":[{\"@type\":\"ReadAction\",\"target\":[\"https:\/\/tecnnova.org\/portafolio-de-capacidades\/naturaleza-y-recursos\/mejorar-la-calidad-seguridad-de-los-alimentos\/\"]}]},{\"@type\":\"ImageObject\",\"inLanguage\":\"es-CO\",\"@id\":\"https:\/\/tecnnova.org\/portafolio-de-capacidades\/naturaleza-y-recursos\/mejorar-la-calidad-seguridad-de-los-alimentos\/#primaryimage\",\"url\":\"https:\/\/tecnnova.org\/portafolio-de-capacidades\/wp-content\/uploads\/2024\/08\/iconnaturalezayrecursos.png\",\"contentUrl\":\"https:\/\/tecnnova.org\/portafolio-de-capacidades\/wp-content\/uploads\/2024\/08\/iconnaturalezayrecursos.png\",\"width\":100,\"height\":100},{\"@type\":\"BreadcrumbList\",\"@id\":\"https:\/\/tecnnova.org\/portafolio-de-capacidades\/naturaleza-y-recursos\/mejorar-la-calidad-seguridad-de-los-alimentos\/#breadcrumb\",\"itemListElement\":[{\"@type\":\"ListItem\",\"position\":1,\"name\":\"Inicio\",\"item\":\"https:\/\/tecnnova.org\/portafolio-de-capacidades\/\"},{\"@type\":\"ListItem\",\"position\":2,\"name\":\"Portafolio de Capacidades\",\"item\":\"https:\/\/tecnnova.org\/portafolio-de-capacidades\/\"},{\"@type\":\"ListItem\",\"position\":3,\"name\":\"Asistir procesos enfocados en mejorar la calidad, funcionalidad y seguridad de los alimentos\"}]},{\"@type\":\"WebSite\",\"@id\":\"https:\/\/tecnnova.org\/portafolio-de-capacidades\/#website\",\"url\":\"https:\/\/tecnnova.org\/portafolio-de-capacidades\/\",\"name\":\"Portafolio de capacidades - Tecnnova\",\"description\":\"\",\"publisher\":{\"@id\":\"https:\/\/tecnnova.org\/portafolio-de-capacidades\/#organization\"},\"potentialAction\":[{\"@type\":\"SearchAction\",\"target\":{\"@type\":\"EntryPoint\",\"urlTemplate\":\"https:\/\/tecnnova.org\/portafolio-de-capacidades\/?s={search_term_string}\"},\"query-input\":\"required name=search_term_string\"}],\"inLanguage\":\"es-CO\"},{\"@type\":\"Organization\",\"@id\":\"https:\/\/tecnnova.org\/portafolio-de-capacidades\/#organization\",\"name\":\"Portafolio de capacidades - Tecnnova\",\"url\":\"https:\/\/tecnnova.org\/portafolio-de-capacidades\/\",\"logo\":{\"@type\":\"ImageObject\",\"inLanguage\":\"es-CO\",\"@id\":\"https:\/\/tecnnova.org\/portafolio-de-capacidades\/#\/schema\/logo\/image\/\",\"url\":\"https:\/\/tecnnova.org\/portafolio-de-capacidades\/wp-content\/uploads\/2024\/07\/cropped-TECNNOVA-2022-02.png\",\"contentUrl\":\"https:\/\/tecnnova.org\/portafolio-de-capacidades\/wp-content\/uploads\/2024\/07\/cropped-TECNNOVA-2022-02.png\",\"width\":1609,\"height\":428,\"caption\":\"Portafolio de capacidades - Tecnnova\"},\"image\":{\"@id\":\"https:\/\/tecnnova.org\/portafolio-de-capacidades\/#\/schema\/logo\/image\/\"},\"sameAs\":[\"https:\/\/www.facebook.com\/Tecnnova_UEE-637591033015381\",\"https:\/\/x.com\/Tecnnova_UEE\"]}]}<\/script>\n<!-- \/ Yoast SEO plugin. -->","yoast_head_json":{"title":"Asistir procesos enfocados en mejorar la calidad, funcionalidad y seguridad de los alimentos - Portafolio de capacidades - Tecnnova","robots":{"index":"index","follow":"follow","max-snippet":"max-snippet:-1","max-image-preview":"max-image-preview:large","max-video-preview":"max-video-preview:-1"},"canonical":"https:\/\/tecnnova.org\/portafolio-de-capacidades\/naturaleza-y-recursos\/mejorar-la-calidad-seguridad-de-los-alimentos\/","og_locale":"es_ES","og_type":"article","og_title":"Asistir procesos enfocados en mejorar la calidad, funcionalidad y seguridad de los alimentos - Portafolio de capacidades - Tecnnova","og_description":"Servicios de extracci\u00f3n por Fluidos supercr\u00edticos en matrices vegetales, Servicios de ultra pasteurizaci\u00f3n a escala piloto por UHT, an\u00e1lisis microbiol\u00f3gicos, Asesor\u00eda en la obtenci\u00f3n de ingredientes y alimentos funcionales, Asesor\u00eda en la formulaci\u00f3n y reformulaci\u00f3n de productos alimentarios de consumo masivo para humanos y animales y Formaci\u00f3n en sistemas de producci\u00f3n alimenticia, huertas caseras y [&hellip;]","og_url":"https:\/\/tecnnova.org\/portafolio-de-capacidades\/naturaleza-y-recursos\/mejorar-la-calidad-seguridad-de-los-alimentos\/","og_site_name":"Portafolio de capacidades - Tecnnova","article_publisher":"https:\/\/www.facebook.com\/Tecnnova_UEE-637591033015381","article_modified_time":"2026-01-20T17:53:14+00:00","og_image":[{"width":100,"height":100,"url":"https:\/\/tecnnova.org\/portafolio-de-capacidades\/wp-content\/uploads\/2024\/08\/iconnaturalezayrecursos.png","type":"image\/png"}],"twitter_card":"summary_large_image","twitter_site":"@Tecnnova_UEE","twitter_misc":{"Tiempo de lectura":"1 minuto"},"schema":{"@context":"https:\/\/schema.org","@graph":[{"@type":"WebPage","@id":"https:\/\/tecnnova.org\/portafolio-de-capacidades\/naturaleza-y-recursos\/mejorar-la-calidad-seguridad-de-los-alimentos\/","url":"https:\/\/tecnnova.org\/portafolio-de-capacidades\/naturaleza-y-recursos\/mejorar-la-calidad-seguridad-de-los-alimentos\/","name":"Asistir procesos enfocados en mejorar la calidad, funcionalidad y seguridad de los alimentos - Portafolio de capacidades - Tecnnova","isPartOf":{"@id":"https:\/\/tecnnova.org\/portafolio-de-capacidades\/#website"},"primaryImageOfPage":{"@id":"https:\/\/tecnnova.org\/portafolio-de-capacidades\/naturaleza-y-recursos\/mejorar-la-calidad-seguridad-de-los-alimentos\/#primaryimage"},"image":{"@id":"https:\/\/tecnnova.org\/portafolio-de-capacidades\/naturaleza-y-recursos\/mejorar-la-calidad-seguridad-de-los-alimentos\/#primaryimage"},"thumbnailUrl":"https:\/\/tecnnova.org\/portafolio-de-capacidades\/wp-content\/uploads\/2024\/08\/iconnaturalezayrecursos.png","datePublished":"2025-07-17T18:29:45+00:00","dateModified":"2026-01-20T17:53:14+00:00","breadcrumb":{"@id":"https:\/\/tecnnova.org\/portafolio-de-capacidades\/naturaleza-y-recursos\/mejorar-la-calidad-seguridad-de-los-alimentos\/#breadcrumb"},"inLanguage":"es-CO","potentialAction":[{"@type":"ReadAction","target":["https:\/\/tecnnova.org\/portafolio-de-capacidades\/naturaleza-y-recursos\/mejorar-la-calidad-seguridad-de-los-alimentos\/"]}]},{"@type":"ImageObject","inLanguage":"es-CO","@id":"https:\/\/tecnnova.org\/portafolio-de-capacidades\/naturaleza-y-recursos\/mejorar-la-calidad-seguridad-de-los-alimentos\/#primaryimage","url":"https:\/\/tecnnova.org\/portafolio-de-capacidades\/wp-content\/uploads\/2024\/08\/iconnaturalezayrecursos.png","contentUrl":"https:\/\/tecnnova.org\/portafolio-de-capacidades\/wp-content\/uploads\/2024\/08\/iconnaturalezayrecursos.png","width":100,"height":100},{"@type":"BreadcrumbList","@id":"https:\/\/tecnnova.org\/portafolio-de-capacidades\/naturaleza-y-recursos\/mejorar-la-calidad-seguridad-de-los-alimentos\/#breadcrumb","itemListElement":[{"@type":"ListItem","position":1,"name":"Inicio","item":"https:\/\/tecnnova.org\/portafolio-de-capacidades\/"},{"@type":"ListItem","position":2,"name":"Portafolio de Capacidades","item":"https:\/\/tecnnova.org\/portafolio-de-capacidades\/"},{"@type":"ListItem","position":3,"name":"Asistir procesos enfocados en mejorar la calidad, funcionalidad y seguridad de los alimentos"}]},{"@type":"WebSite","@id":"https:\/\/tecnnova.org\/portafolio-de-capacidades\/#website","url":"https:\/\/tecnnova.org\/portafolio-de-capacidades\/","name":"Portafolio de capacidades - Tecnnova","description":"","publisher":{"@id":"https:\/\/tecnnova.org\/portafolio-de-capacidades\/#organization"},"potentialAction":[{"@type":"SearchAction","target":{"@type":"EntryPoint","urlTemplate":"https:\/\/tecnnova.org\/portafolio-de-capacidades\/?s={search_term_string}"},"query-input":"required name=search_term_string"}],"inLanguage":"es-CO"},{"@type":"Organization","@id":"https:\/\/tecnnova.org\/portafolio-de-capacidades\/#organization","name":"Portafolio de capacidades - Tecnnova","url":"https:\/\/tecnnova.org\/portafolio-de-capacidades\/","logo":{"@type":"ImageObject","inLanguage":"es-CO","@id":"https:\/\/tecnnova.org\/portafolio-de-capacidades\/#\/schema\/logo\/image\/","url":"https:\/\/tecnnova.org\/portafolio-de-capacidades\/wp-content\/uploads\/2024\/07\/cropped-TECNNOVA-2022-02.png","contentUrl":"https:\/\/tecnnova.org\/portafolio-de-capacidades\/wp-content\/uploads\/2024\/07\/cropped-TECNNOVA-2022-02.png","width":1609,"height":428,"caption":"Portafolio de capacidades - Tecnnova"},"image":{"@id":"https:\/\/tecnnova.org\/portafolio-de-capacidades\/#\/schema\/logo\/image\/"},"sameAs":["https:\/\/www.facebook.com\/Tecnnova_UEE-637591033015381","https:\/\/x.com\/Tecnnova_UEE"]}]}},"_links":{"self":[{"href":"https:\/\/tecnnova.org\/portafolio-de-capacidades\/wp-json\/wp\/v2\/product\/3112","targetHints":{"allow":["GET"]}}],"collection":[{"href":"https:\/\/tecnnova.org\/portafolio-de-capacidades\/wp-json\/wp\/v2\/product"}],"about":[{"href":"https:\/\/tecnnova.org\/portafolio-de-capacidades\/wp-json\/wp\/v2\/types\/product"}],"version-history":[{"count":1,"href":"https:\/\/tecnnova.org\/portafolio-de-capacidades\/wp-json\/wp\/v2\/product\/3112\/revisions"}],"predecessor-version":[{"id":3113,"href":"https:\/\/tecnnova.org\/portafolio-de-capacidades\/wp-json\/wp\/v2\/product\/3112\/revisions\/3113"}],"wp:featuredmedia":[{"embeddable":true,"href":"https:\/\/tecnnova.org\/portafolio-de-capacidades\/wp-json\/wp\/v2\/media\/903"}],"wp:attachment":[{"href":"https:\/\/tecnnova.org\/portafolio-de-capacidades\/wp-json\/wp\/v2\/media?parent=3112"}],"wp:term":[{"taxonomy":"product_cat","embeddable":true,"href":"https:\/\/tecnnova.org\/portafolio-de-capacidades\/wp-json\/wp\/v2\/product_cat?post=3112"},{"taxonomy":"product_tag","embeddable":true,"href":"https:\/\/tecnnova.org\/portafolio-de-capacidades\/wp-json\/wp\/v2\/product_tag?post=3112"}],"curies":[{"name":"wp","href":"https:\/\/api.w.org\/{rel}","templated":true}]}}