{"id":3130,"date":"2025-07-17T13:52:01","date_gmt":"2025-07-17T18:52:01","guid":{"rendered":"https:\/\/tecnnova.org\/portafolio-de-capacidades\/?post_type=product&#038;p=3130"},"modified":"2025-07-17T13:52:01","modified_gmt":"2025-07-17T18:52:01","slug":"disenar-e-implementar-cursos-de-extension-para-la-prevencion-de-la-violencia-intrafamiliar","status":"publish","type":"product","link":"https:\/\/tecnnova.org\/portafolio-de-capacidades\/tienda\/cultura-y-sociedad\/disenar-e-implementar-cursos-de-extension-para-la-prevencion-de-la-violencia-intrafamiliar\/","title":{"rendered":"Dise\u00f1ar e implementar cursos de extensi\u00f3n para la prevenci\u00f3n de la violencia intrafamiliar"},"content":{"rendered":"<p>Dise\u00f1o e implementaci\u00f3n de cursos educativos que integran especialistas de diferentes \u00e1reas (derecho, trabajo social, psicolog\u00eda, comisarios de familia, ONGs) para la formaci\u00f3n integral de las personas para la prevenci\u00f3n de la violencia intrafamiliar, de g\u00e9nero, as\u00ed como las presentes en centros de reclusi\u00f3n a nivel regional<\/p>\n","protected":false},"excerpt":{"rendered":"<p>Dise\u00f1o e implementaci\u00f3n de cursos educativos que integran especialistas de diferentes \u00e1reas (derecho, trabajo social, psicolog\u00eda, comisarios de familia, ONGs) para la formaci\u00f3n integral de las personas para la prevenci\u00f3n de la violencia intrafamiliar, de g\u00e9nero, as\u00ed como las presentes en centros de reclusi\u00f3n a nivel regional<\/p>\n","protected":false},"featured_media":905,"template":"","meta":{"_acf_changed":false},"product_cat":[2629],"product_tag":[3359,2932,2578],"class_list":{"0":"post-3130","1":"product","2":"type-product","3":"status-publish","4":"has-post-thumbnail","6":"product_cat-cultura-y-sociedad","7":"product_tag-educacion","8":"product_tag-seguridad","9":"product_tag-tecnnova","11":"first","12":"instock","13":"shipping-taxable","14":"product-type-simple"},"acf":[],"yoast_head":"<!-- This site is optimized with the Yoast SEO plugin v23.3 - https:\/\/yoast.com\/wordpress\/plugins\/seo\/ -->\n<title>Dise\u00f1ar e implementar cursos de extensi\u00f3n para la prevenci\u00f3n de la violencia intrafamiliar - Portafolio de capacidades - Tecnnova<\/title>\n<meta name=\"robots\" content=\"index, follow, max-snippet:-1, max-image-preview:large, max-video-preview:-1\" \/>\n<link rel=\"canonical\" href=\"https:\/\/tecnnova.org\/portafolio-de-capacidades\/tienda\/cultura-y-sociedad\/disenar-e-implementar-cursos-de-extension-para-la-prevencion-de-la-violencia-intrafamiliar\/\" \/>\n<meta property=\"og:locale\" content=\"es_ES\" \/>\n<meta property=\"og:type\" content=\"article\" \/>\n<meta property=\"og:title\" content=\"Dise\u00f1ar e implementar cursos de extensi\u00f3n para la prevenci\u00f3n de la violencia intrafamiliar - Portafolio de capacidades - Tecnnova\" \/>\n<meta property=\"og:description\" content=\"Dise\u00f1o e implementaci\u00f3n de cursos educativos que integran especialistas de diferentes \u00e1reas (derecho, trabajo social, psicolog\u00eda, comisarios de familia, ONGs) para la formaci\u00f3n integral de las personas para la prevenci\u00f3n de la violencia intrafamiliar, de g\u00e9nero, as\u00ed como las presentes en centros de reclusi\u00f3n a nivel regional\" \/>\n<meta property=\"og:url\" content=\"https:\/\/tecnnova.org\/portafolio-de-capacidades\/tienda\/cultura-y-sociedad\/disenar-e-implementar-cursos-de-extension-para-la-prevencion-de-la-violencia-intrafamiliar\/\" \/>\n<meta property=\"og:site_name\" content=\"Portafolio de capacidades - Tecnnova\" \/>\n<meta property=\"article:publisher\" content=\"https:\/\/www.facebook.com\/Tecnnova_UEE-637591033015381\" \/>\n<meta property=\"og:image\" content=\"https:\/\/tecnnova.org\/portafolio-de-capacidades\/wp-content\/uploads\/2024\/08\/iconcultura.png\" \/>\n\t<meta property=\"og:image:width\" content=\"100\" \/>\n\t<meta property=\"og:image:height\" content=\"100\" \/>\n\t<meta property=\"og:image:type\" content=\"image\/png\" \/>\n<meta name=\"twitter:card\" content=\"summary_large_image\" \/>\n<meta name=\"twitter:site\" content=\"@Tecnnova_UEE\" \/>\n<meta name=\"twitter:label1\" content=\"Tiempo de lectura\" \/>\n\t<meta name=\"twitter:data1\" content=\"1 minuto\" \/>\n<script type=\"application\/ld+json\" class=\"yoast-schema-graph\">{\"@context\":\"https:\/\/schema.org\",\"@graph\":[{\"@type\":\"WebPage\",\"@id\":\"https:\/\/tecnnova.org\/portafolio-de-capacidades\/tienda\/cultura-y-sociedad\/disenar-e-implementar-cursos-de-extension-para-la-prevencion-de-la-violencia-intrafamiliar\/\",\"url\":\"https:\/\/tecnnova.org\/portafolio-de-capacidades\/tienda\/cultura-y-sociedad\/disenar-e-implementar-cursos-de-extension-para-la-prevencion-de-la-violencia-intrafamiliar\/\",\"name\":\"Dise\u00f1ar e implementar cursos de extensi\u00f3n para la prevenci\u00f3n de la violencia intrafamiliar - Portafolio de capacidades - Tecnnova\",\"isPartOf\":{\"@id\":\"https:\/\/tecnnova.org\/portafolio-de-capacidades\/#website\"},\"primaryImageOfPage\":{\"@id\":\"https:\/\/tecnnova.org\/portafolio-de-capacidades\/tienda\/cultura-y-sociedad\/disenar-e-implementar-cursos-de-extension-para-la-prevencion-de-la-violencia-intrafamiliar\/#primaryimage\"},\"image\":{\"@id\":\"https:\/\/tecnnova.org\/portafolio-de-capacidades\/tienda\/cultura-y-sociedad\/disenar-e-implementar-cursos-de-extension-para-la-prevencion-de-la-violencia-intrafamiliar\/#primaryimage\"},\"thumbnailUrl\":\"https:\/\/tecnnova.org\/portafolio-de-capacidades\/wp-content\/uploads\/2024\/08\/iconcultura.png\",\"datePublished\":\"2025-07-17T18:52:01+00:00\",\"dateModified\":\"2025-07-17T18:52:01+00:00\",\"breadcrumb\":{\"@id\":\"https:\/\/tecnnova.org\/portafolio-de-capacidades\/tienda\/cultura-y-sociedad\/disenar-e-implementar-cursos-de-extension-para-la-prevencion-de-la-violencia-intrafamiliar\/#breadcrumb\"},\"inLanguage\":\"es-CO\",\"potentialAction\":[{\"@type\":\"ReadAction\",\"target\":[\"https:\/\/tecnnova.org\/portafolio-de-capacidades\/tienda\/cultura-y-sociedad\/disenar-e-implementar-cursos-de-extension-para-la-prevencion-de-la-violencia-intrafamiliar\/\"]}]},{\"@type\":\"ImageObject\",\"inLanguage\":\"es-CO\",\"@id\":\"https:\/\/tecnnova.org\/portafolio-de-capacidades\/tienda\/cultura-y-sociedad\/disenar-e-implementar-cursos-de-extension-para-la-prevencion-de-la-violencia-intrafamiliar\/#primaryimage\",\"url\":\"https:\/\/tecnnova.org\/portafolio-de-capacidades\/wp-content\/uploads\/2024\/08\/iconcultura.png\",\"contentUrl\":\"https:\/\/tecnnova.org\/portafolio-de-capacidades\/wp-content\/uploads\/2024\/08\/iconcultura.png\",\"width\":100,\"height\":100},{\"@type\":\"BreadcrumbList\",\"@id\":\"https:\/\/tecnnova.org\/portafolio-de-capacidades\/tienda\/cultura-y-sociedad\/disenar-e-implementar-cursos-de-extension-para-la-prevencion-de-la-violencia-intrafamiliar\/#breadcrumb\",\"itemListElement\":[{\"@type\":\"ListItem\",\"position\":1,\"name\":\"Inicio\",\"item\":\"https:\/\/tecnnova.org\/portafolio-de-capacidades\/\"},{\"@type\":\"ListItem\",\"position\":2,\"name\":\"Portafolio de Capacidades\",\"item\":\"https:\/\/tecnnova.org\/portafolio-de-capacidades\/\"},{\"@type\":\"ListItem\",\"position\":3,\"name\":\"Dise\u00f1ar e implementar cursos de extensi\u00f3n para la prevenci\u00f3n de la violencia intrafamiliar\"}]},{\"@type\":\"WebSite\",\"@id\":\"https:\/\/tecnnova.org\/portafolio-de-capacidades\/#website\",\"url\":\"https:\/\/tecnnova.org\/portafolio-de-capacidades\/\",\"name\":\"Portafolio de capacidades - Tecnnova\",\"description\":\"\",\"publisher\":{\"@id\":\"https:\/\/tecnnova.org\/portafolio-de-capacidades\/#organization\"},\"potentialAction\":[{\"@type\":\"SearchAction\",\"target\":{\"@type\":\"EntryPoint\",\"urlTemplate\":\"https:\/\/tecnnova.org\/portafolio-de-capacidades\/?s={search_term_string}\"},\"query-input\":\"required name=search_term_string\"}],\"inLanguage\":\"es-CO\"},{\"@type\":\"Organization\",\"@id\":\"https:\/\/tecnnova.org\/portafolio-de-capacidades\/#organization\",\"name\":\"Portafolio de capacidades - Tecnnova\",\"url\":\"https:\/\/tecnnova.org\/portafolio-de-capacidades\/\",\"logo\":{\"@type\":\"ImageObject\",\"inLanguage\":\"es-CO\",\"@id\":\"https:\/\/tecnnova.org\/portafolio-de-capacidades\/#\/schema\/logo\/image\/\",\"url\":\"https:\/\/tecnnova.org\/portafolio-de-capacidades\/wp-content\/uploads\/2024\/07\/cropped-TECNNOVA-2022-02.png\",\"contentUrl\":\"https:\/\/tecnnova.org\/portafolio-de-capacidades\/wp-content\/uploads\/2024\/07\/cropped-TECNNOVA-2022-02.png\",\"width\":1609,\"height\":428,\"caption\":\"Portafolio de capacidades - Tecnnova\"},\"image\":{\"@id\":\"https:\/\/tecnnova.org\/portafolio-de-capacidades\/#\/schema\/logo\/image\/\"},\"sameAs\":[\"https:\/\/www.facebook.com\/Tecnnova_UEE-637591033015381\",\"https:\/\/x.com\/Tecnnova_UEE\"]}]}<\/script>\n<!-- \/ Yoast SEO plugin. -->","yoast_head_json":{"title":"Dise\u00f1ar e implementar cursos de extensi\u00f3n para la prevenci\u00f3n de la violencia intrafamiliar - Portafolio de capacidades - Tecnnova","robots":{"index":"index","follow":"follow","max-snippet":"max-snippet:-1","max-image-preview":"max-image-preview:large","max-video-preview":"max-video-preview:-1"},"canonical":"https:\/\/tecnnova.org\/portafolio-de-capacidades\/tienda\/cultura-y-sociedad\/disenar-e-implementar-cursos-de-extension-para-la-prevencion-de-la-violencia-intrafamiliar\/","og_locale":"es_ES","og_type":"article","og_title":"Dise\u00f1ar e implementar cursos de extensi\u00f3n para la prevenci\u00f3n de la violencia intrafamiliar - Portafolio de capacidades - Tecnnova","og_description":"Dise\u00f1o e implementaci\u00f3n de cursos educativos que integran especialistas de diferentes \u00e1reas (derecho, trabajo social, psicolog\u00eda, comisarios de familia, ONGs) para la formaci\u00f3n integral de las personas para la prevenci\u00f3n de la violencia intrafamiliar, de g\u00e9nero, as\u00ed como las presentes en centros de reclusi\u00f3n a nivel regional","og_url":"https:\/\/tecnnova.org\/portafolio-de-capacidades\/tienda\/cultura-y-sociedad\/disenar-e-implementar-cursos-de-extension-para-la-prevencion-de-la-violencia-intrafamiliar\/","og_site_name":"Portafolio de capacidades - Tecnnova","article_publisher":"https:\/\/www.facebook.com\/Tecnnova_UEE-637591033015381","og_image":[{"width":100,"height":100,"url":"https:\/\/tecnnova.org\/portafolio-de-capacidades\/wp-content\/uploads\/2024\/08\/iconcultura.png","type":"image\/png"}],"twitter_card":"summary_large_image","twitter_site":"@Tecnnova_UEE","twitter_misc":{"Tiempo de lectura":"1 minuto"},"schema":{"@context":"https:\/\/schema.org","@graph":[{"@type":"WebPage","@id":"https:\/\/tecnnova.org\/portafolio-de-capacidades\/tienda\/cultura-y-sociedad\/disenar-e-implementar-cursos-de-extension-para-la-prevencion-de-la-violencia-intrafamiliar\/","url":"https:\/\/tecnnova.org\/portafolio-de-capacidades\/tienda\/cultura-y-sociedad\/disenar-e-implementar-cursos-de-extension-para-la-prevencion-de-la-violencia-intrafamiliar\/","name":"Dise\u00f1ar e implementar cursos de extensi\u00f3n para la prevenci\u00f3n de la violencia intrafamiliar - Portafolio de capacidades - Tecnnova","isPartOf":{"@id":"https:\/\/tecnnova.org\/portafolio-de-capacidades\/#website"},"primaryImageOfPage":{"@id":"https:\/\/tecnnova.org\/portafolio-de-capacidades\/tienda\/cultura-y-sociedad\/disenar-e-implementar-cursos-de-extension-para-la-prevencion-de-la-violencia-intrafamiliar\/#primaryimage"},"image":{"@id":"https:\/\/tecnnova.org\/portafolio-de-capacidades\/tienda\/cultura-y-sociedad\/disenar-e-implementar-cursos-de-extension-para-la-prevencion-de-la-violencia-intrafamiliar\/#primaryimage"},"thumbnailUrl":"https:\/\/tecnnova.org\/portafolio-de-capacidades\/wp-content\/uploads\/2024\/08\/iconcultura.png","datePublished":"2025-07-17T18:52:01+00:00","dateModified":"2025-07-17T18:52:01+00:00","breadcrumb":{"@id":"https:\/\/tecnnova.org\/portafolio-de-capacidades\/tienda\/cultura-y-sociedad\/disenar-e-implementar-cursos-de-extension-para-la-prevencion-de-la-violencia-intrafamiliar\/#breadcrumb"},"inLanguage":"es-CO","potentialAction":[{"@type":"ReadAction","target":["https:\/\/tecnnova.org\/portafolio-de-capacidades\/tienda\/cultura-y-sociedad\/disenar-e-implementar-cursos-de-extension-para-la-prevencion-de-la-violencia-intrafamiliar\/"]}]},{"@type":"ImageObject","inLanguage":"es-CO","@id":"https:\/\/tecnnova.org\/portafolio-de-capacidades\/tienda\/cultura-y-sociedad\/disenar-e-implementar-cursos-de-extension-para-la-prevencion-de-la-violencia-intrafamiliar\/#primaryimage","url":"https:\/\/tecnnova.org\/portafolio-de-capacidades\/wp-content\/uploads\/2024\/08\/iconcultura.png","contentUrl":"https:\/\/tecnnova.org\/portafolio-de-capacidades\/wp-content\/uploads\/2024\/08\/iconcultura.png","width":100,"height":100},{"@type":"BreadcrumbList","@id":"https:\/\/tecnnova.org\/portafolio-de-capacidades\/tienda\/cultura-y-sociedad\/disenar-e-implementar-cursos-de-extension-para-la-prevencion-de-la-violencia-intrafamiliar\/#breadcrumb","itemListElement":[{"@type":"ListItem","position":1,"name":"Inicio","item":"https:\/\/tecnnova.org\/portafolio-de-capacidades\/"},{"@type":"ListItem","position":2,"name":"Portafolio de Capacidades","item":"https:\/\/tecnnova.org\/portafolio-de-capacidades\/"},{"@type":"ListItem","position":3,"name":"Dise\u00f1ar e implementar cursos de extensi\u00f3n para la prevenci\u00f3n de la violencia intrafamiliar"}]},{"@type":"WebSite","@id":"https:\/\/tecnnova.org\/portafolio-de-capacidades\/#website","url":"https:\/\/tecnnova.org\/portafolio-de-capacidades\/","name":"Portafolio de capacidades - Tecnnova","description":"","publisher":{"@id":"https:\/\/tecnnova.org\/portafolio-de-capacidades\/#organization"},"potentialAction":[{"@type":"SearchAction","target":{"@type":"EntryPoint","urlTemplate":"https:\/\/tecnnova.org\/portafolio-de-capacidades\/?s={search_term_string}"},"query-input":"required name=search_term_string"}],"inLanguage":"es-CO"},{"@type":"Organization","@id":"https:\/\/tecnnova.org\/portafolio-de-capacidades\/#organization","name":"Portafolio de capacidades - Tecnnova","url":"https:\/\/tecnnova.org\/portafolio-de-capacidades\/","logo":{"@type":"ImageObject","inLanguage":"es-CO","@id":"https:\/\/tecnnova.org\/portafolio-de-capacidades\/#\/schema\/logo\/image\/","url":"https:\/\/tecnnova.org\/portafolio-de-capacidades\/wp-content\/uploads\/2024\/07\/cropped-TECNNOVA-2022-02.png","contentUrl":"https:\/\/tecnnova.org\/portafolio-de-capacidades\/wp-content\/uploads\/2024\/07\/cropped-TECNNOVA-2022-02.png","width":1609,"height":428,"caption":"Portafolio de capacidades - Tecnnova"},"image":{"@id":"https:\/\/tecnnova.org\/portafolio-de-capacidades\/#\/schema\/logo\/image\/"},"sameAs":["https:\/\/www.facebook.com\/Tecnnova_UEE-637591033015381","https:\/\/x.com\/Tecnnova_UEE"]}]}},"_links":{"self":[{"href":"https:\/\/tecnnova.org\/portafolio-de-capacidades\/wp-json\/wp\/v2\/product\/3130","targetHints":{"allow":["GET"]}}],"collection":[{"href":"https:\/\/tecnnova.org\/portafolio-de-capacidades\/wp-json\/wp\/v2\/product"}],"about":[{"href":"https:\/\/tecnnova.org\/portafolio-de-capacidades\/wp-json\/wp\/v2\/types\/product"}],"version-history":[{"count":1,"href":"https:\/\/tecnnova.org\/portafolio-de-capacidades\/wp-json\/wp\/v2\/product\/3130\/revisions"}],"predecessor-version":[{"id":3131,"href":"https:\/\/tecnnova.org\/portafolio-de-capacidades\/wp-json\/wp\/v2\/product\/3130\/revisions\/3131"}],"wp:featuredmedia":[{"embeddable":true,"href":"https:\/\/tecnnova.org\/portafolio-de-capacidades\/wp-json\/wp\/v2\/media\/905"}],"wp:attachment":[{"href":"https:\/\/tecnnova.org\/portafolio-de-capacidades\/wp-json\/wp\/v2\/media?parent=3130"}],"wp:term":[{"taxonomy":"product_cat","embeddable":true,"href":"https:\/\/tecnnova.org\/portafolio-de-capacidades\/wp-json\/wp\/v2\/product_cat?post=3130"},{"taxonomy":"product_tag","embeddable":true,"href":"https:\/\/tecnnova.org\/portafolio-de-capacidades\/wp-json\/wp\/v2\/product_tag?post=3130"}],"curies":[{"name":"wp","href":"https:\/\/api.w.org\/{rel}","templated":true}]}}