{"id":3302,"date":"2025-07-18T04:35:07","date_gmt":"2025-07-18T09:35:07","guid":{"rendered":"https:\/\/tecnnova.org\/portafolio-de-capacidades\/?post_type=product&#038;p=3302"},"modified":"2025-07-18T04:35:07","modified_gmt":"2025-07-18T09:35:07","slug":"analizar-la-pertinencia-de-las-practicas-pedagogicas-de-acuerdo-con-los-contextos-y-o-situaciones-de-la-construccion-curricular-mediante-la-evaluacion-de-enfoques-educativos-la-adaptacion-a-necesidad","status":"publish","type":"product","link":"https:\/\/tecnnova.org\/portafolio-de-capacidades\/tienda\/cultura-y-sociedad\/analizar-la-pertinencia-de-las-practicas-pedagogicas-de-acuerdo-con-los-contextos-y-o-situaciones-de-la-construccion-curricular-mediante-la-evaluacion-de-enfoques-educativos-la-adaptacion-a-necesidad\/","title":{"rendered":"Analizar la pertinencia de las pr\u00e1cticas pedag\u00f3gicas de acuerdo con los contextos y\/o situaciones de la construcci\u00f3n curricular mediante la evaluaci\u00f3n de enfoques educativos, la adaptaci\u00f3n a necesidades espec\u00edficas y la implementaci\u00f3n de metodolog\u00edas contextualizadas"},"content":{"rendered":"<p>Formulaci\u00f3n de proyectos de investigaci\u00f3n educativa y pedag\u00f3gica.<\/p>\n","protected":false},"excerpt":{"rendered":"<p>Formulaci\u00f3n de proyectos de investigaci\u00f3n educativa y pedag\u00f3gica.<\/p>\n","protected":false},"featured_media":905,"template":"","meta":{"_acf_changed":false},"product_cat":[2629],"product_tag":[3359,2578],"class_list":{"0":"post-3302","1":"product","2":"type-product","3":"status-publish","4":"has-post-thumbnail","6":"product_cat-cultura-y-sociedad","7":"product_tag-educacion","8":"product_tag-tecnnova","10":"first","11":"instock","12":"shipping-taxable","13":"product-type-simple"},"acf":[],"yoast_head":"<!-- This site is optimized with the Yoast SEO plugin v23.3 - https:\/\/yoast.com\/wordpress\/plugins\/seo\/ -->\n<title>Analizar la pertinencia de las pr\u00e1cticas pedag\u00f3gicas de acuerdo con los contextos y\/o situaciones de la construcci\u00f3n curricular mediante la evaluaci\u00f3n de enfoques educativos, la adaptaci\u00f3n a necesidades espec\u00edficas y la implementaci\u00f3n de metodolog\u00edas contextualizadas - Portafolio de capacidades - Tecnnova<\/title>\n<meta name=\"robots\" content=\"index, follow, max-snippet:-1, max-image-preview:large, max-video-preview:-1\" \/>\n<link rel=\"canonical\" href=\"https:\/\/tecnnova.org\/portafolio-de-capacidades\/tienda\/cultura-y-sociedad\/analizar-la-pertinencia-de-las-practicas-pedagogicas-de-acuerdo-con-los-contextos-y-o-situaciones-de-la-construccion-curricular-mediante-la-evaluacion-de-enfoques-educativos-la-adaptacion-a-necesidad\/\" \/>\n<meta property=\"og:locale\" content=\"es_ES\" \/>\n<meta property=\"og:type\" content=\"article\" \/>\n<meta property=\"og:title\" content=\"Analizar la pertinencia de las pr\u00e1cticas pedag\u00f3gicas de acuerdo con los contextos y\/o situaciones de la construcci\u00f3n curricular mediante la evaluaci\u00f3n de enfoques educativos, la adaptaci\u00f3n a necesidades espec\u00edficas y la implementaci\u00f3n de metodolog\u00edas contextualizadas - Portafolio de capacidades - Tecnnova\" \/>\n<meta property=\"og:description\" content=\"Formulaci\u00f3n de proyectos de investigaci\u00f3n educativa y pedag\u00f3gica.\" \/>\n<meta property=\"og:url\" content=\"https:\/\/tecnnova.org\/portafolio-de-capacidades\/tienda\/cultura-y-sociedad\/analizar-la-pertinencia-de-las-practicas-pedagogicas-de-acuerdo-con-los-contextos-y-o-situaciones-de-la-construccion-curricular-mediante-la-evaluacion-de-enfoques-educativos-la-adaptacion-a-necesidad\/\" \/>\n<meta property=\"og:site_name\" content=\"Portafolio de capacidades - Tecnnova\" \/>\n<meta property=\"article:publisher\" content=\"https:\/\/www.facebook.com\/Tecnnova_UEE-637591033015381\" \/>\n<meta property=\"og:image\" content=\"https:\/\/tecnnova.org\/portafolio-de-capacidades\/wp-content\/uploads\/2024\/08\/iconcultura.png\" \/>\n\t<meta property=\"og:image:width\" content=\"100\" \/>\n\t<meta property=\"og:image:height\" content=\"100\" \/>\n\t<meta property=\"og:image:type\" content=\"image\/png\" \/>\n<meta name=\"twitter:card\" content=\"summary_large_image\" \/>\n<meta name=\"twitter:site\" content=\"@Tecnnova_UEE\" \/>\n<meta name=\"twitter:label1\" content=\"Tiempo de lectura\" \/>\n\t<meta name=\"twitter:data1\" content=\"1 minuto\" \/>\n<script type=\"application\/ld+json\" class=\"yoast-schema-graph\">{\"@context\":\"https:\/\/schema.org\",\"@graph\":[{\"@type\":\"WebPage\",\"@id\":\"https:\/\/tecnnova.org\/portafolio-de-capacidades\/tienda\/cultura-y-sociedad\/analizar-la-pertinencia-de-las-practicas-pedagogicas-de-acuerdo-con-los-contextos-y-o-situaciones-de-la-construccion-curricular-mediante-la-evaluacion-de-enfoques-educativos-la-adaptacion-a-necesidad\/\",\"url\":\"https:\/\/tecnnova.org\/portafolio-de-capacidades\/tienda\/cultura-y-sociedad\/analizar-la-pertinencia-de-las-practicas-pedagogicas-de-acuerdo-con-los-contextos-y-o-situaciones-de-la-construccion-curricular-mediante-la-evaluacion-de-enfoques-educativos-la-adaptacion-a-necesidad\/\",\"name\":\"Analizar la pertinencia de las pr\u00e1cticas pedag\u00f3gicas de acuerdo con los contextos y\/o situaciones de la construcci\u00f3n curricular mediante la evaluaci\u00f3n de enfoques educativos, la adaptaci\u00f3n a necesidades espec\u00edficas y la implementaci\u00f3n de metodolog\u00edas contextualizadas - Portafolio de capacidades - Tecnnova\",\"isPartOf\":{\"@id\":\"https:\/\/tecnnova.org\/portafolio-de-capacidades\/#website\"},\"primaryImageOfPage\":{\"@id\":\"https:\/\/tecnnova.org\/portafolio-de-capacidades\/tienda\/cultura-y-sociedad\/analizar-la-pertinencia-de-las-practicas-pedagogicas-de-acuerdo-con-los-contextos-y-o-situaciones-de-la-construccion-curricular-mediante-la-evaluacion-de-enfoques-educativos-la-adaptacion-a-necesidad\/#primaryimage\"},\"image\":{\"@id\":\"https:\/\/tecnnova.org\/portafolio-de-capacidades\/tienda\/cultura-y-sociedad\/analizar-la-pertinencia-de-las-practicas-pedagogicas-de-acuerdo-con-los-contextos-y-o-situaciones-de-la-construccion-curricular-mediante-la-evaluacion-de-enfoques-educativos-la-adaptacion-a-necesidad\/#primaryimage\"},\"thumbnailUrl\":\"https:\/\/tecnnova.org\/portafolio-de-capacidades\/wp-content\/uploads\/2024\/08\/iconcultura.png\",\"datePublished\":\"2025-07-18T09:35:07+00:00\",\"dateModified\":\"2025-07-18T09:35:07+00:00\",\"breadcrumb\":{\"@id\":\"https:\/\/tecnnova.org\/portafolio-de-capacidades\/tienda\/cultura-y-sociedad\/analizar-la-pertinencia-de-las-practicas-pedagogicas-de-acuerdo-con-los-contextos-y-o-situaciones-de-la-construccion-curricular-mediante-la-evaluacion-de-enfoques-educativos-la-adaptacion-a-necesidad\/#breadcrumb\"},\"inLanguage\":\"es-CO\",\"potentialAction\":[{\"@type\":\"ReadAction\",\"target\":[\"https:\/\/tecnnova.org\/portafolio-de-capacidades\/tienda\/cultura-y-sociedad\/analizar-la-pertinencia-de-las-practicas-pedagogicas-de-acuerdo-con-los-contextos-y-o-situaciones-de-la-construccion-curricular-mediante-la-evaluacion-de-enfoques-educativos-la-adaptacion-a-necesidad\/\"]}]},{\"@type\":\"ImageObject\",\"inLanguage\":\"es-CO\",\"@id\":\"https:\/\/tecnnova.org\/portafolio-de-capacidades\/tienda\/cultura-y-sociedad\/analizar-la-pertinencia-de-las-practicas-pedagogicas-de-acuerdo-con-los-contextos-y-o-situaciones-de-la-construccion-curricular-mediante-la-evaluacion-de-enfoques-educativos-la-adaptacion-a-necesidad\/#primaryimage\",\"url\":\"https:\/\/tecnnova.org\/portafolio-de-capacidades\/wp-content\/uploads\/2024\/08\/iconcultura.png\",\"contentUrl\":\"https:\/\/tecnnova.org\/portafolio-de-capacidades\/wp-content\/uploads\/2024\/08\/iconcultura.png\",\"width\":100,\"height\":100},{\"@type\":\"BreadcrumbList\",\"@id\":\"https:\/\/tecnnova.org\/portafolio-de-capacidades\/tienda\/cultura-y-sociedad\/analizar-la-pertinencia-de-las-practicas-pedagogicas-de-acuerdo-con-los-contextos-y-o-situaciones-de-la-construccion-curricular-mediante-la-evaluacion-de-enfoques-educativos-la-adaptacion-a-necesidad\/#breadcrumb\",\"itemListElement\":[{\"@type\":\"ListItem\",\"position\":1,\"name\":\"Inicio\",\"item\":\"https:\/\/tecnnova.org\/portafolio-de-capacidades\/\"},{\"@type\":\"ListItem\",\"position\":2,\"name\":\"Portafolio de Capacidades\",\"item\":\"https:\/\/tecnnova.org\/portafolio-de-capacidades\/\"},{\"@type\":\"ListItem\",\"position\":3,\"name\":\"Analizar la pertinencia de las pr\u00e1cticas pedag\u00f3gicas de acuerdo con los contextos y\/o situaciones de la construcci\u00f3n curricular mediante la evaluaci\u00f3n de enfoques educativos, la adaptaci\u00f3n a necesidades espec\u00edficas y la implementaci\u00f3n de metodolog\u00edas contextualizadas\"}]},{\"@type\":\"WebSite\",\"@id\":\"https:\/\/tecnnova.org\/portafolio-de-capacidades\/#website\",\"url\":\"https:\/\/tecnnova.org\/portafolio-de-capacidades\/\",\"name\":\"Portafolio de capacidades - Tecnnova\",\"description\":\"\",\"publisher\":{\"@id\":\"https:\/\/tecnnova.org\/portafolio-de-capacidades\/#organization\"},\"potentialAction\":[{\"@type\":\"SearchAction\",\"target\":{\"@type\":\"EntryPoint\",\"urlTemplate\":\"https:\/\/tecnnova.org\/portafolio-de-capacidades\/?s={search_term_string}\"},\"query-input\":\"required name=search_term_string\"}],\"inLanguage\":\"es-CO\"},{\"@type\":\"Organization\",\"@id\":\"https:\/\/tecnnova.org\/portafolio-de-capacidades\/#organization\",\"name\":\"Portafolio de capacidades - Tecnnova\",\"url\":\"https:\/\/tecnnova.org\/portafolio-de-capacidades\/\",\"logo\":{\"@type\":\"ImageObject\",\"inLanguage\":\"es-CO\",\"@id\":\"https:\/\/tecnnova.org\/portafolio-de-capacidades\/#\/schema\/logo\/image\/\",\"url\":\"https:\/\/tecnnova.org\/portafolio-de-capacidades\/wp-content\/uploads\/2024\/07\/cropped-TECNNOVA-2022-02.png\",\"contentUrl\":\"https:\/\/tecnnova.org\/portafolio-de-capacidades\/wp-content\/uploads\/2024\/07\/cropped-TECNNOVA-2022-02.png\",\"width\":1609,\"height\":428,\"caption\":\"Portafolio de capacidades - Tecnnova\"},\"image\":{\"@id\":\"https:\/\/tecnnova.org\/portafolio-de-capacidades\/#\/schema\/logo\/image\/\"},\"sameAs\":[\"https:\/\/www.facebook.com\/Tecnnova_UEE-637591033015381\",\"https:\/\/x.com\/Tecnnova_UEE\"]}]}<\/script>\n<!-- \/ Yoast SEO plugin. -->","yoast_head_json":{"title":"Analizar la pertinencia de las pr\u00e1cticas pedag\u00f3gicas de acuerdo con los contextos y\/o situaciones de la construcci\u00f3n curricular mediante la evaluaci\u00f3n de enfoques educativos, la adaptaci\u00f3n a necesidades espec\u00edficas y la implementaci\u00f3n de metodolog\u00edas contextualizadas - Portafolio de capacidades - Tecnnova","robots":{"index":"index","follow":"follow","max-snippet":"max-snippet:-1","max-image-preview":"max-image-preview:large","max-video-preview":"max-video-preview:-1"},"canonical":"https:\/\/tecnnova.org\/portafolio-de-capacidades\/tienda\/cultura-y-sociedad\/analizar-la-pertinencia-de-las-practicas-pedagogicas-de-acuerdo-con-los-contextos-y-o-situaciones-de-la-construccion-curricular-mediante-la-evaluacion-de-enfoques-educativos-la-adaptacion-a-necesidad\/","og_locale":"es_ES","og_type":"article","og_title":"Analizar la pertinencia de las pr\u00e1cticas pedag\u00f3gicas de acuerdo con los contextos y\/o situaciones de la construcci\u00f3n curricular mediante la evaluaci\u00f3n de enfoques educativos, la adaptaci\u00f3n a necesidades espec\u00edficas y la implementaci\u00f3n de metodolog\u00edas contextualizadas - Portafolio de capacidades - Tecnnova","og_description":"Formulaci\u00f3n de proyectos de investigaci\u00f3n educativa y pedag\u00f3gica.","og_url":"https:\/\/tecnnova.org\/portafolio-de-capacidades\/tienda\/cultura-y-sociedad\/analizar-la-pertinencia-de-las-practicas-pedagogicas-de-acuerdo-con-los-contextos-y-o-situaciones-de-la-construccion-curricular-mediante-la-evaluacion-de-enfoques-educativos-la-adaptacion-a-necesidad\/","og_site_name":"Portafolio de capacidades - Tecnnova","article_publisher":"https:\/\/www.facebook.com\/Tecnnova_UEE-637591033015381","og_image":[{"width":100,"height":100,"url":"https:\/\/tecnnova.org\/portafolio-de-capacidades\/wp-content\/uploads\/2024\/08\/iconcultura.png","type":"image\/png"}],"twitter_card":"summary_large_image","twitter_site":"@Tecnnova_UEE","twitter_misc":{"Tiempo de lectura":"1 minuto"},"schema":{"@context":"https:\/\/schema.org","@graph":[{"@type":"WebPage","@id":"https:\/\/tecnnova.org\/portafolio-de-capacidades\/tienda\/cultura-y-sociedad\/analizar-la-pertinencia-de-las-practicas-pedagogicas-de-acuerdo-con-los-contextos-y-o-situaciones-de-la-construccion-curricular-mediante-la-evaluacion-de-enfoques-educativos-la-adaptacion-a-necesidad\/","url":"https:\/\/tecnnova.org\/portafolio-de-capacidades\/tienda\/cultura-y-sociedad\/analizar-la-pertinencia-de-las-practicas-pedagogicas-de-acuerdo-con-los-contextos-y-o-situaciones-de-la-construccion-curricular-mediante-la-evaluacion-de-enfoques-educativos-la-adaptacion-a-necesidad\/","name":"Analizar la pertinencia de las pr\u00e1cticas pedag\u00f3gicas de acuerdo con los contextos y\/o situaciones de la construcci\u00f3n curricular mediante la evaluaci\u00f3n de enfoques educativos, la adaptaci\u00f3n a necesidades espec\u00edficas y la implementaci\u00f3n de metodolog\u00edas contextualizadas - Portafolio de capacidades - Tecnnova","isPartOf":{"@id":"https:\/\/tecnnova.org\/portafolio-de-capacidades\/#website"},"primaryImageOfPage":{"@id":"https:\/\/tecnnova.org\/portafolio-de-capacidades\/tienda\/cultura-y-sociedad\/analizar-la-pertinencia-de-las-practicas-pedagogicas-de-acuerdo-con-los-contextos-y-o-situaciones-de-la-construccion-curricular-mediante-la-evaluacion-de-enfoques-educativos-la-adaptacion-a-necesidad\/#primaryimage"},"image":{"@id":"https:\/\/tecnnova.org\/portafolio-de-capacidades\/tienda\/cultura-y-sociedad\/analizar-la-pertinencia-de-las-practicas-pedagogicas-de-acuerdo-con-los-contextos-y-o-situaciones-de-la-construccion-curricular-mediante-la-evaluacion-de-enfoques-educativos-la-adaptacion-a-necesidad\/#primaryimage"},"thumbnailUrl":"https:\/\/tecnnova.org\/portafolio-de-capacidades\/wp-content\/uploads\/2024\/08\/iconcultura.png","datePublished":"2025-07-18T09:35:07+00:00","dateModified":"2025-07-18T09:35:07+00:00","breadcrumb":{"@id":"https:\/\/tecnnova.org\/portafolio-de-capacidades\/tienda\/cultura-y-sociedad\/analizar-la-pertinencia-de-las-practicas-pedagogicas-de-acuerdo-con-los-contextos-y-o-situaciones-de-la-construccion-curricular-mediante-la-evaluacion-de-enfoques-educativos-la-adaptacion-a-necesidad\/#breadcrumb"},"inLanguage":"es-CO","potentialAction":[{"@type":"ReadAction","target":["https:\/\/tecnnova.org\/portafolio-de-capacidades\/tienda\/cultura-y-sociedad\/analizar-la-pertinencia-de-las-practicas-pedagogicas-de-acuerdo-con-los-contextos-y-o-situaciones-de-la-construccion-curricular-mediante-la-evaluacion-de-enfoques-educativos-la-adaptacion-a-necesidad\/"]}]},{"@type":"ImageObject","inLanguage":"es-CO","@id":"https:\/\/tecnnova.org\/portafolio-de-capacidades\/tienda\/cultura-y-sociedad\/analizar-la-pertinencia-de-las-practicas-pedagogicas-de-acuerdo-con-los-contextos-y-o-situaciones-de-la-construccion-curricular-mediante-la-evaluacion-de-enfoques-educativos-la-adaptacion-a-necesidad\/#primaryimage","url":"https:\/\/tecnnova.org\/portafolio-de-capacidades\/wp-content\/uploads\/2024\/08\/iconcultura.png","contentUrl":"https:\/\/tecnnova.org\/portafolio-de-capacidades\/wp-content\/uploads\/2024\/08\/iconcultura.png","width":100,"height":100},{"@type":"BreadcrumbList","@id":"https:\/\/tecnnova.org\/portafolio-de-capacidades\/tienda\/cultura-y-sociedad\/analizar-la-pertinencia-de-las-practicas-pedagogicas-de-acuerdo-con-los-contextos-y-o-situaciones-de-la-construccion-curricular-mediante-la-evaluacion-de-enfoques-educativos-la-adaptacion-a-necesidad\/#breadcrumb","itemListElement":[{"@type":"ListItem","position":1,"name":"Inicio","item":"https:\/\/tecnnova.org\/portafolio-de-capacidades\/"},{"@type":"ListItem","position":2,"name":"Portafolio de Capacidades","item":"https:\/\/tecnnova.org\/portafolio-de-capacidades\/"},{"@type":"ListItem","position":3,"name":"Analizar la pertinencia de las pr\u00e1cticas pedag\u00f3gicas de acuerdo con los contextos y\/o situaciones de la construcci\u00f3n curricular mediante la evaluaci\u00f3n de enfoques educativos, la adaptaci\u00f3n a necesidades espec\u00edficas y la implementaci\u00f3n de metodolog\u00edas contextualizadas"}]},{"@type":"WebSite","@id":"https:\/\/tecnnova.org\/portafolio-de-capacidades\/#website","url":"https:\/\/tecnnova.org\/portafolio-de-capacidades\/","name":"Portafolio de capacidades - Tecnnova","description":"","publisher":{"@id":"https:\/\/tecnnova.org\/portafolio-de-capacidades\/#organization"},"potentialAction":[{"@type":"SearchAction","target":{"@type":"EntryPoint","urlTemplate":"https:\/\/tecnnova.org\/portafolio-de-capacidades\/?s={search_term_string}"},"query-input":"required name=search_term_string"}],"inLanguage":"es-CO"},{"@type":"Organization","@id":"https:\/\/tecnnova.org\/portafolio-de-capacidades\/#organization","name":"Portafolio de capacidades - Tecnnova","url":"https:\/\/tecnnova.org\/portafolio-de-capacidades\/","logo":{"@type":"ImageObject","inLanguage":"es-CO","@id":"https:\/\/tecnnova.org\/portafolio-de-capacidades\/#\/schema\/logo\/image\/","url":"https:\/\/tecnnova.org\/portafolio-de-capacidades\/wp-content\/uploads\/2024\/07\/cropped-TECNNOVA-2022-02.png","contentUrl":"https:\/\/tecnnova.org\/portafolio-de-capacidades\/wp-content\/uploads\/2024\/07\/cropped-TECNNOVA-2022-02.png","width":1609,"height":428,"caption":"Portafolio de capacidades - Tecnnova"},"image":{"@id":"https:\/\/tecnnova.org\/portafolio-de-capacidades\/#\/schema\/logo\/image\/"},"sameAs":["https:\/\/www.facebook.com\/Tecnnova_UEE-637591033015381","https:\/\/x.com\/Tecnnova_UEE"]}]}},"_links":{"self":[{"href":"https:\/\/tecnnova.org\/portafolio-de-capacidades\/wp-json\/wp\/v2\/product\/3302","targetHints":{"allow":["GET"]}}],"collection":[{"href":"https:\/\/tecnnova.org\/portafolio-de-capacidades\/wp-json\/wp\/v2\/product"}],"about":[{"href":"https:\/\/tecnnova.org\/portafolio-de-capacidades\/wp-json\/wp\/v2\/types\/product"}],"version-history":[{"count":1,"href":"https:\/\/tecnnova.org\/portafolio-de-capacidades\/wp-json\/wp\/v2\/product\/3302\/revisions"}],"predecessor-version":[{"id":3303,"href":"https:\/\/tecnnova.org\/portafolio-de-capacidades\/wp-json\/wp\/v2\/product\/3302\/revisions\/3303"}],"wp:featuredmedia":[{"embeddable":true,"href":"https:\/\/tecnnova.org\/portafolio-de-capacidades\/wp-json\/wp\/v2\/media\/905"}],"wp:attachment":[{"href":"https:\/\/tecnnova.org\/portafolio-de-capacidades\/wp-json\/wp\/v2\/media?parent=3302"}],"wp:term":[{"taxonomy":"product_cat","embeddable":true,"href":"https:\/\/tecnnova.org\/portafolio-de-capacidades\/wp-json\/wp\/v2\/product_cat?post=3302"},{"taxonomy":"product_tag","embeddable":true,"href":"https:\/\/tecnnova.org\/portafolio-de-capacidades\/wp-json\/wp\/v2\/product_tag?post=3302"}],"curies":[{"name":"wp","href":"https:\/\/api.w.org\/{rel}","templated":true}]}}