{"id":3322,"date":"2025-07-18T04:44:30","date_gmt":"2025-07-18T09:44:30","guid":{"rendered":"https:\/\/tecnnova.org\/portafolio-de-capacidades\/?post_type=product&#038;p=3322"},"modified":"2025-07-18T04:44:30","modified_gmt":"2025-07-18T09:44:30","slug":"asesorar-la-resignificacion-del-proyecto-educativo-institucional-pei-mediante-la-incorporacion-de-fundamentos-de-identidad-misional-en-la-comunidad-educativa","status":"publish","type":"product","link":"https:\/\/tecnnova.org\/portafolio-de-capacidades\/tienda\/cultura-y-sociedad\/asesorar-la-resignificacion-del-proyecto-educativo-institucional-pei-mediante-la-incorporacion-de-fundamentos-de-identidad-misional-en-la-comunidad-educativa\/","title":{"rendered":"Asesorar la resignificaci\u00f3n del Proyecto Educativo Institucional (PEI) mediante la incorporaci\u00f3n de fundamentos de identidad misional en la comunidad educativa"},"content":{"rendered":"<p>M\u00e1s all\u00e1 de resignificar el PEI se tiene conocimiento en un proceso para desarrollar procesos de identidad misional, donde las Instituciones Educativas pueden incentivar en la comunidad educativa una apropiaci\u00f3n pr\u00e1ctica de la misi\u00f3n.<\/p>\n","protected":false},"excerpt":{"rendered":"<p>M\u00e1s all\u00e1 de resignificar el PEI se tiene conocimiento en un proceso para desarrollar procesos de identidad misional, donde las Instituciones Educativas pueden incentivar en la comunidad educativa una apropiaci\u00f3n pr\u00e1ctica de la misi\u00f3n.<\/p>\n","protected":false},"featured_media":905,"template":"","meta":{"_acf_changed":false},"product_cat":[2629],"product_tag":[3359,2578],"class_list":{"0":"post-3322","1":"product","2":"type-product","3":"status-publish","4":"has-post-thumbnail","6":"product_cat-cultura-y-sociedad","7":"product_tag-educacion","8":"product_tag-tecnnova","10":"first","11":"instock","12":"shipping-taxable","13":"product-type-simple"},"acf":[],"yoast_head":"<!-- This site is optimized with the Yoast SEO plugin v23.3 - https:\/\/yoast.com\/wordpress\/plugins\/seo\/ -->\n<title>Asesorar la resignificaci\u00f3n del Proyecto Educativo Institucional (PEI) mediante la incorporaci\u00f3n de fundamentos de identidad misional en la comunidad educativa - Portafolio de capacidades - Tecnnova<\/title>\n<meta name=\"robots\" content=\"index, follow, max-snippet:-1, max-image-preview:large, max-video-preview:-1\" \/>\n<link rel=\"canonical\" href=\"https:\/\/tecnnova.org\/portafolio-de-capacidades\/tienda\/cultura-y-sociedad\/asesorar-la-resignificacion-del-proyecto-educativo-institucional-pei-mediante-la-incorporacion-de-fundamentos-de-identidad-misional-en-la-comunidad-educativa\/\" \/>\n<meta property=\"og:locale\" content=\"es_ES\" \/>\n<meta property=\"og:type\" content=\"article\" \/>\n<meta property=\"og:title\" content=\"Asesorar la resignificaci\u00f3n del Proyecto Educativo Institucional (PEI) mediante la incorporaci\u00f3n de fundamentos de identidad misional en la comunidad educativa - Portafolio de capacidades - Tecnnova\" \/>\n<meta property=\"og:description\" content=\"M\u00e1s all\u00e1 de resignificar el PEI se tiene conocimiento en un proceso para desarrollar procesos de identidad misional, donde las Instituciones Educativas pueden incentivar en la comunidad educativa una apropiaci\u00f3n pr\u00e1ctica de la misi\u00f3n.\" \/>\n<meta property=\"og:url\" content=\"https:\/\/tecnnova.org\/portafolio-de-capacidades\/tienda\/cultura-y-sociedad\/asesorar-la-resignificacion-del-proyecto-educativo-institucional-pei-mediante-la-incorporacion-de-fundamentos-de-identidad-misional-en-la-comunidad-educativa\/\" \/>\n<meta property=\"og:site_name\" content=\"Portafolio de capacidades - Tecnnova\" \/>\n<meta property=\"article:publisher\" content=\"https:\/\/www.facebook.com\/Tecnnova_UEE-637591033015381\" \/>\n<meta property=\"og:image\" content=\"https:\/\/tecnnova.org\/portafolio-de-capacidades\/wp-content\/uploads\/2024\/08\/iconcultura.png\" \/>\n\t<meta property=\"og:image:width\" content=\"100\" \/>\n\t<meta property=\"og:image:height\" content=\"100\" \/>\n\t<meta property=\"og:image:type\" content=\"image\/png\" \/>\n<meta name=\"twitter:card\" content=\"summary_large_image\" \/>\n<meta name=\"twitter:site\" content=\"@Tecnnova_UEE\" \/>\n<meta name=\"twitter:label1\" content=\"Tiempo de lectura\" \/>\n\t<meta name=\"twitter:data1\" content=\"1 minuto\" \/>\n<script type=\"application\/ld+json\" class=\"yoast-schema-graph\">{\"@context\":\"https:\/\/schema.org\",\"@graph\":[{\"@type\":\"WebPage\",\"@id\":\"https:\/\/tecnnova.org\/portafolio-de-capacidades\/tienda\/cultura-y-sociedad\/asesorar-la-resignificacion-del-proyecto-educativo-institucional-pei-mediante-la-incorporacion-de-fundamentos-de-identidad-misional-en-la-comunidad-educativa\/\",\"url\":\"https:\/\/tecnnova.org\/portafolio-de-capacidades\/tienda\/cultura-y-sociedad\/asesorar-la-resignificacion-del-proyecto-educativo-institucional-pei-mediante-la-incorporacion-de-fundamentos-de-identidad-misional-en-la-comunidad-educativa\/\",\"name\":\"Asesorar la resignificaci\u00f3n del Proyecto Educativo Institucional (PEI) mediante la incorporaci\u00f3n de fundamentos de identidad misional en la comunidad educativa - Portafolio de capacidades - Tecnnova\",\"isPartOf\":{\"@id\":\"https:\/\/tecnnova.org\/portafolio-de-capacidades\/#website\"},\"primaryImageOfPage\":{\"@id\":\"https:\/\/tecnnova.org\/portafolio-de-capacidades\/tienda\/cultura-y-sociedad\/asesorar-la-resignificacion-del-proyecto-educativo-institucional-pei-mediante-la-incorporacion-de-fundamentos-de-identidad-misional-en-la-comunidad-educativa\/#primaryimage\"},\"image\":{\"@id\":\"https:\/\/tecnnova.org\/portafolio-de-capacidades\/tienda\/cultura-y-sociedad\/asesorar-la-resignificacion-del-proyecto-educativo-institucional-pei-mediante-la-incorporacion-de-fundamentos-de-identidad-misional-en-la-comunidad-educativa\/#primaryimage\"},\"thumbnailUrl\":\"https:\/\/tecnnova.org\/portafolio-de-capacidades\/wp-content\/uploads\/2024\/08\/iconcultura.png\",\"datePublished\":\"2025-07-18T09:44:30+00:00\",\"dateModified\":\"2025-07-18T09:44:30+00:00\",\"breadcrumb\":{\"@id\":\"https:\/\/tecnnova.org\/portafolio-de-capacidades\/tienda\/cultura-y-sociedad\/asesorar-la-resignificacion-del-proyecto-educativo-institucional-pei-mediante-la-incorporacion-de-fundamentos-de-identidad-misional-en-la-comunidad-educativa\/#breadcrumb\"},\"inLanguage\":\"es-CO\",\"potentialAction\":[{\"@type\":\"ReadAction\",\"target\":[\"https:\/\/tecnnova.org\/portafolio-de-capacidades\/tienda\/cultura-y-sociedad\/asesorar-la-resignificacion-del-proyecto-educativo-institucional-pei-mediante-la-incorporacion-de-fundamentos-de-identidad-misional-en-la-comunidad-educativa\/\"]}]},{\"@type\":\"ImageObject\",\"inLanguage\":\"es-CO\",\"@id\":\"https:\/\/tecnnova.org\/portafolio-de-capacidades\/tienda\/cultura-y-sociedad\/asesorar-la-resignificacion-del-proyecto-educativo-institucional-pei-mediante-la-incorporacion-de-fundamentos-de-identidad-misional-en-la-comunidad-educativa\/#primaryimage\",\"url\":\"https:\/\/tecnnova.org\/portafolio-de-capacidades\/wp-content\/uploads\/2024\/08\/iconcultura.png\",\"contentUrl\":\"https:\/\/tecnnova.org\/portafolio-de-capacidades\/wp-content\/uploads\/2024\/08\/iconcultura.png\",\"width\":100,\"height\":100},{\"@type\":\"BreadcrumbList\",\"@id\":\"https:\/\/tecnnova.org\/portafolio-de-capacidades\/tienda\/cultura-y-sociedad\/asesorar-la-resignificacion-del-proyecto-educativo-institucional-pei-mediante-la-incorporacion-de-fundamentos-de-identidad-misional-en-la-comunidad-educativa\/#breadcrumb\",\"itemListElement\":[{\"@type\":\"ListItem\",\"position\":1,\"name\":\"Inicio\",\"item\":\"https:\/\/tecnnova.org\/portafolio-de-capacidades\/\"},{\"@type\":\"ListItem\",\"position\":2,\"name\":\"Portafolio de Capacidades\",\"item\":\"https:\/\/tecnnova.org\/portafolio-de-capacidades\/\"},{\"@type\":\"ListItem\",\"position\":3,\"name\":\"Asesorar la resignificaci\u00f3n del Proyecto Educativo Institucional (PEI) mediante la incorporaci\u00f3n de fundamentos de identidad misional en la comunidad educativa\"}]},{\"@type\":\"WebSite\",\"@id\":\"https:\/\/tecnnova.org\/portafolio-de-capacidades\/#website\",\"url\":\"https:\/\/tecnnova.org\/portafolio-de-capacidades\/\",\"name\":\"Portafolio de capacidades - Tecnnova\",\"description\":\"\",\"publisher\":{\"@id\":\"https:\/\/tecnnova.org\/portafolio-de-capacidades\/#organization\"},\"potentialAction\":[{\"@type\":\"SearchAction\",\"target\":{\"@type\":\"EntryPoint\",\"urlTemplate\":\"https:\/\/tecnnova.org\/portafolio-de-capacidades\/?s={search_term_string}\"},\"query-input\":\"required name=search_term_string\"}],\"inLanguage\":\"es-CO\"},{\"@type\":\"Organization\",\"@id\":\"https:\/\/tecnnova.org\/portafolio-de-capacidades\/#organization\",\"name\":\"Portafolio de capacidades - Tecnnova\",\"url\":\"https:\/\/tecnnova.org\/portafolio-de-capacidades\/\",\"logo\":{\"@type\":\"ImageObject\",\"inLanguage\":\"es-CO\",\"@id\":\"https:\/\/tecnnova.org\/portafolio-de-capacidades\/#\/schema\/logo\/image\/\",\"url\":\"https:\/\/tecnnova.org\/portafolio-de-capacidades\/wp-content\/uploads\/2024\/07\/cropped-TECNNOVA-2022-02.png\",\"contentUrl\":\"https:\/\/tecnnova.org\/portafolio-de-capacidades\/wp-content\/uploads\/2024\/07\/cropped-TECNNOVA-2022-02.png\",\"width\":1609,\"height\":428,\"caption\":\"Portafolio de capacidades - Tecnnova\"},\"image\":{\"@id\":\"https:\/\/tecnnova.org\/portafolio-de-capacidades\/#\/schema\/logo\/image\/\"},\"sameAs\":[\"https:\/\/www.facebook.com\/Tecnnova_UEE-637591033015381\",\"https:\/\/x.com\/Tecnnova_UEE\"]}]}<\/script>\n<!-- \/ Yoast SEO plugin. -->","yoast_head_json":{"title":"Asesorar la resignificaci\u00f3n del Proyecto Educativo Institucional (PEI) mediante la incorporaci\u00f3n de fundamentos de identidad misional en la comunidad educativa - Portafolio de capacidades - Tecnnova","robots":{"index":"index","follow":"follow","max-snippet":"max-snippet:-1","max-image-preview":"max-image-preview:large","max-video-preview":"max-video-preview:-1"},"canonical":"https:\/\/tecnnova.org\/portafolio-de-capacidades\/tienda\/cultura-y-sociedad\/asesorar-la-resignificacion-del-proyecto-educativo-institucional-pei-mediante-la-incorporacion-de-fundamentos-de-identidad-misional-en-la-comunidad-educativa\/","og_locale":"es_ES","og_type":"article","og_title":"Asesorar la resignificaci\u00f3n del Proyecto Educativo Institucional (PEI) mediante la incorporaci\u00f3n de fundamentos de identidad misional en la comunidad educativa - Portafolio de capacidades - Tecnnova","og_description":"M\u00e1s all\u00e1 de resignificar el PEI se tiene conocimiento en un proceso para desarrollar procesos de identidad misional, donde las Instituciones Educativas pueden incentivar en la comunidad educativa una apropiaci\u00f3n pr\u00e1ctica de la misi\u00f3n.","og_url":"https:\/\/tecnnova.org\/portafolio-de-capacidades\/tienda\/cultura-y-sociedad\/asesorar-la-resignificacion-del-proyecto-educativo-institucional-pei-mediante-la-incorporacion-de-fundamentos-de-identidad-misional-en-la-comunidad-educativa\/","og_site_name":"Portafolio de capacidades - Tecnnova","article_publisher":"https:\/\/www.facebook.com\/Tecnnova_UEE-637591033015381","og_image":[{"width":100,"height":100,"url":"https:\/\/tecnnova.org\/portafolio-de-capacidades\/wp-content\/uploads\/2024\/08\/iconcultura.png","type":"image\/png"}],"twitter_card":"summary_large_image","twitter_site":"@Tecnnova_UEE","twitter_misc":{"Tiempo de lectura":"1 minuto"},"schema":{"@context":"https:\/\/schema.org","@graph":[{"@type":"WebPage","@id":"https:\/\/tecnnova.org\/portafolio-de-capacidades\/tienda\/cultura-y-sociedad\/asesorar-la-resignificacion-del-proyecto-educativo-institucional-pei-mediante-la-incorporacion-de-fundamentos-de-identidad-misional-en-la-comunidad-educativa\/","url":"https:\/\/tecnnova.org\/portafolio-de-capacidades\/tienda\/cultura-y-sociedad\/asesorar-la-resignificacion-del-proyecto-educativo-institucional-pei-mediante-la-incorporacion-de-fundamentos-de-identidad-misional-en-la-comunidad-educativa\/","name":"Asesorar la resignificaci\u00f3n del Proyecto Educativo Institucional (PEI) mediante la incorporaci\u00f3n de fundamentos de identidad misional en la comunidad educativa - Portafolio de capacidades - Tecnnova","isPartOf":{"@id":"https:\/\/tecnnova.org\/portafolio-de-capacidades\/#website"},"primaryImageOfPage":{"@id":"https:\/\/tecnnova.org\/portafolio-de-capacidades\/tienda\/cultura-y-sociedad\/asesorar-la-resignificacion-del-proyecto-educativo-institucional-pei-mediante-la-incorporacion-de-fundamentos-de-identidad-misional-en-la-comunidad-educativa\/#primaryimage"},"image":{"@id":"https:\/\/tecnnova.org\/portafolio-de-capacidades\/tienda\/cultura-y-sociedad\/asesorar-la-resignificacion-del-proyecto-educativo-institucional-pei-mediante-la-incorporacion-de-fundamentos-de-identidad-misional-en-la-comunidad-educativa\/#primaryimage"},"thumbnailUrl":"https:\/\/tecnnova.org\/portafolio-de-capacidades\/wp-content\/uploads\/2024\/08\/iconcultura.png","datePublished":"2025-07-18T09:44:30+00:00","dateModified":"2025-07-18T09:44:30+00:00","breadcrumb":{"@id":"https:\/\/tecnnova.org\/portafolio-de-capacidades\/tienda\/cultura-y-sociedad\/asesorar-la-resignificacion-del-proyecto-educativo-institucional-pei-mediante-la-incorporacion-de-fundamentos-de-identidad-misional-en-la-comunidad-educativa\/#breadcrumb"},"inLanguage":"es-CO","potentialAction":[{"@type":"ReadAction","target":["https:\/\/tecnnova.org\/portafolio-de-capacidades\/tienda\/cultura-y-sociedad\/asesorar-la-resignificacion-del-proyecto-educativo-institucional-pei-mediante-la-incorporacion-de-fundamentos-de-identidad-misional-en-la-comunidad-educativa\/"]}]},{"@type":"ImageObject","inLanguage":"es-CO","@id":"https:\/\/tecnnova.org\/portafolio-de-capacidades\/tienda\/cultura-y-sociedad\/asesorar-la-resignificacion-del-proyecto-educativo-institucional-pei-mediante-la-incorporacion-de-fundamentos-de-identidad-misional-en-la-comunidad-educativa\/#primaryimage","url":"https:\/\/tecnnova.org\/portafolio-de-capacidades\/wp-content\/uploads\/2024\/08\/iconcultura.png","contentUrl":"https:\/\/tecnnova.org\/portafolio-de-capacidades\/wp-content\/uploads\/2024\/08\/iconcultura.png","width":100,"height":100},{"@type":"BreadcrumbList","@id":"https:\/\/tecnnova.org\/portafolio-de-capacidades\/tienda\/cultura-y-sociedad\/asesorar-la-resignificacion-del-proyecto-educativo-institucional-pei-mediante-la-incorporacion-de-fundamentos-de-identidad-misional-en-la-comunidad-educativa\/#breadcrumb","itemListElement":[{"@type":"ListItem","position":1,"name":"Inicio","item":"https:\/\/tecnnova.org\/portafolio-de-capacidades\/"},{"@type":"ListItem","position":2,"name":"Portafolio de Capacidades","item":"https:\/\/tecnnova.org\/portafolio-de-capacidades\/"},{"@type":"ListItem","position":3,"name":"Asesorar la resignificaci\u00f3n del Proyecto Educativo Institucional (PEI) mediante la incorporaci\u00f3n de fundamentos de identidad misional en la comunidad educativa"}]},{"@type":"WebSite","@id":"https:\/\/tecnnova.org\/portafolio-de-capacidades\/#website","url":"https:\/\/tecnnova.org\/portafolio-de-capacidades\/","name":"Portafolio de capacidades - Tecnnova","description":"","publisher":{"@id":"https:\/\/tecnnova.org\/portafolio-de-capacidades\/#organization"},"potentialAction":[{"@type":"SearchAction","target":{"@type":"EntryPoint","urlTemplate":"https:\/\/tecnnova.org\/portafolio-de-capacidades\/?s={search_term_string}"},"query-input":"required name=search_term_string"}],"inLanguage":"es-CO"},{"@type":"Organization","@id":"https:\/\/tecnnova.org\/portafolio-de-capacidades\/#organization","name":"Portafolio de capacidades - Tecnnova","url":"https:\/\/tecnnova.org\/portafolio-de-capacidades\/","logo":{"@type":"ImageObject","inLanguage":"es-CO","@id":"https:\/\/tecnnova.org\/portafolio-de-capacidades\/#\/schema\/logo\/image\/","url":"https:\/\/tecnnova.org\/portafolio-de-capacidades\/wp-content\/uploads\/2024\/07\/cropped-TECNNOVA-2022-02.png","contentUrl":"https:\/\/tecnnova.org\/portafolio-de-capacidades\/wp-content\/uploads\/2024\/07\/cropped-TECNNOVA-2022-02.png","width":1609,"height":428,"caption":"Portafolio de capacidades - Tecnnova"},"image":{"@id":"https:\/\/tecnnova.org\/portafolio-de-capacidades\/#\/schema\/logo\/image\/"},"sameAs":["https:\/\/www.facebook.com\/Tecnnova_UEE-637591033015381","https:\/\/x.com\/Tecnnova_UEE"]}]}},"_links":{"self":[{"href":"https:\/\/tecnnova.org\/portafolio-de-capacidades\/wp-json\/wp\/v2\/product\/3322","targetHints":{"allow":["GET"]}}],"collection":[{"href":"https:\/\/tecnnova.org\/portafolio-de-capacidades\/wp-json\/wp\/v2\/product"}],"about":[{"href":"https:\/\/tecnnova.org\/portafolio-de-capacidades\/wp-json\/wp\/v2\/types\/product"}],"version-history":[{"count":1,"href":"https:\/\/tecnnova.org\/portafolio-de-capacidades\/wp-json\/wp\/v2\/product\/3322\/revisions"}],"predecessor-version":[{"id":3323,"href":"https:\/\/tecnnova.org\/portafolio-de-capacidades\/wp-json\/wp\/v2\/product\/3322\/revisions\/3323"}],"wp:featuredmedia":[{"embeddable":true,"href":"https:\/\/tecnnova.org\/portafolio-de-capacidades\/wp-json\/wp\/v2\/media\/905"}],"wp:attachment":[{"href":"https:\/\/tecnnova.org\/portafolio-de-capacidades\/wp-json\/wp\/v2\/media?parent=3322"}],"wp:term":[{"taxonomy":"product_cat","embeddable":true,"href":"https:\/\/tecnnova.org\/portafolio-de-capacidades\/wp-json\/wp\/v2\/product_cat?post=3322"},{"taxonomy":"product_tag","embeddable":true,"href":"https:\/\/tecnnova.org\/portafolio-de-capacidades\/wp-json\/wp\/v2\/product_tag?post=3322"}],"curies":[{"name":"wp","href":"https:\/\/api.w.org\/{rel}","templated":true}]}}