{"id":3355,"date":"2025-07-18T04:57:59","date_gmt":"2025-07-18T09:57:59","guid":{"rendered":"https:\/\/tecnnova.org\/portafolio-de-capacidades\/?post_type=product&#038;p=3355"},"modified":"2025-07-18T04:57:59","modified_gmt":"2025-07-18T09:57:59","slug":"disenar-planes-de-intervencion-desde-la-psicologia-deportiva-para-deportistas-y-bailarines-mediante-el-analisis-de-factores-psicologicos-el-desarrollo-de-estrategias-de-bienestar-y-el-fortalecimiento","status":"publish","type":"product","link":"https:\/\/tecnnova.org\/portafolio-de-capacidades\/tienda\/cultura-y-sociedad\/disenar-planes-de-intervencion-desde-la-psicologia-deportiva-para-deportistas-y-bailarines-mediante-el-analisis-de-factores-psicologicos-el-desarrollo-de-estrategias-de-bienestar-y-el-fortalecimiento\/","title":{"rendered":"Dise\u00f1ar planes de intervenci\u00f3n desde la psicolog\u00eda deportiva para deportistas y bailarines mediante el an\u00e1lisis de factores psicol\u00f3gicos, el desarrollo de estrategias de bienestar y el fortalecimiento del rendimiento mental en el \u00e1mbito art\u00edstico y deportivo"},"content":{"rendered":"<p>El pole dance y danzas afines presentan una oferta de mercado reducida, por lo cual la capacidad en s\u00ed misma es de valor dentro del mercado, asimismo, la psicolog\u00eda del deporte no se ha centrado en esta poblaci\u00f3n, por lo que es una poblaci\u00f3n con mucho potencial de exploraci\u00f3n cient\u00edfica.<\/p>\n","protected":false},"excerpt":{"rendered":"<p>El pole dance y danzas afines presentan una oferta de mercado reducida, por lo cual la capacidad en s\u00ed misma es de valor dentro del mercado, asimismo, la psicolog\u00eda del deporte no se ha centrado en esta poblaci\u00f3n, por lo que es una poblaci\u00f3n con mucho potencial de exploraci\u00f3n cient\u00edfica.<\/p>\n","protected":false},"featured_media":905,"template":"","meta":{"_acf_changed":false},"product_cat":[2629],"product_tag":[6602,4454,2578],"class_list":{"0":"post-3355","1":"product","2":"type-product","3":"status-publish","4":"has-post-thumbnail","6":"product_cat-cultura-y-sociedad","7":"product_tag-deportiva","8":"product_tag-social","9":"product_tag-tecnnova","11":"first","12":"instock","13":"shipping-taxable","14":"product-type-simple"},"acf":[],"yoast_head":"<!-- This site is optimized with the Yoast SEO plugin v23.3 - https:\/\/yoast.com\/wordpress\/plugins\/seo\/ -->\n<title>Dise\u00f1ar planes de intervenci\u00f3n desde la psicolog\u00eda deportiva para deportistas y bailarines mediante el an\u00e1lisis de factores psicol\u00f3gicos, el desarrollo de estrategias de bienestar y el fortalecimiento del rendimiento mental en el \u00e1mbito art\u00edstico y deportivo - Portafolio de capacidades - Tecnnova<\/title>\n<meta name=\"robots\" content=\"index, follow, max-snippet:-1, max-image-preview:large, max-video-preview:-1\" \/>\n<link rel=\"canonical\" href=\"https:\/\/tecnnova.org\/portafolio-de-capacidades\/tienda\/cultura-y-sociedad\/disenar-planes-de-intervencion-desde-la-psicologia-deportiva-para-deportistas-y-bailarines-mediante-el-analisis-de-factores-psicologicos-el-desarrollo-de-estrategias-de-bienestar-y-el-fortalecimiento\/\" \/>\n<meta property=\"og:locale\" content=\"es_ES\" \/>\n<meta property=\"og:type\" content=\"article\" \/>\n<meta property=\"og:title\" content=\"Dise\u00f1ar planes de intervenci\u00f3n desde la psicolog\u00eda deportiva para deportistas y bailarines mediante el an\u00e1lisis de factores psicol\u00f3gicos, el desarrollo de estrategias de bienestar y el fortalecimiento del rendimiento mental en el \u00e1mbito art\u00edstico y deportivo - Portafolio de capacidades - Tecnnova\" \/>\n<meta property=\"og:description\" content=\"El pole dance y danzas afines presentan una oferta de mercado reducida, por lo cual la capacidad en s\u00ed misma es de valor dentro del mercado, asimismo, la psicolog\u00eda del deporte no se ha centrado en esta poblaci\u00f3n, por lo que es una poblaci\u00f3n con mucho potencial de exploraci\u00f3n cient\u00edfica.\" \/>\n<meta property=\"og:url\" content=\"https:\/\/tecnnova.org\/portafolio-de-capacidades\/tienda\/cultura-y-sociedad\/disenar-planes-de-intervencion-desde-la-psicologia-deportiva-para-deportistas-y-bailarines-mediante-el-analisis-de-factores-psicologicos-el-desarrollo-de-estrategias-de-bienestar-y-el-fortalecimiento\/\" \/>\n<meta property=\"og:site_name\" content=\"Portafolio de capacidades - Tecnnova\" \/>\n<meta property=\"article:publisher\" content=\"https:\/\/www.facebook.com\/Tecnnova_UEE-637591033015381\" \/>\n<meta property=\"og:image\" content=\"https:\/\/tecnnova.org\/portafolio-de-capacidades\/wp-content\/uploads\/2024\/08\/iconcultura.png\" \/>\n\t<meta property=\"og:image:width\" content=\"100\" \/>\n\t<meta property=\"og:image:height\" content=\"100\" \/>\n\t<meta property=\"og:image:type\" content=\"image\/png\" \/>\n<meta name=\"twitter:card\" content=\"summary_large_image\" \/>\n<meta name=\"twitter:site\" content=\"@Tecnnova_UEE\" \/>\n<meta name=\"twitter:label1\" content=\"Tiempo de lectura\" \/>\n\t<meta name=\"twitter:data1\" content=\"1 minuto\" \/>\n<script type=\"application\/ld+json\" class=\"yoast-schema-graph\">{\"@context\":\"https:\/\/schema.org\",\"@graph\":[{\"@type\":\"WebPage\",\"@id\":\"https:\/\/tecnnova.org\/portafolio-de-capacidades\/tienda\/cultura-y-sociedad\/disenar-planes-de-intervencion-desde-la-psicologia-deportiva-para-deportistas-y-bailarines-mediante-el-analisis-de-factores-psicologicos-el-desarrollo-de-estrategias-de-bienestar-y-el-fortalecimiento\/\",\"url\":\"https:\/\/tecnnova.org\/portafolio-de-capacidades\/tienda\/cultura-y-sociedad\/disenar-planes-de-intervencion-desde-la-psicologia-deportiva-para-deportistas-y-bailarines-mediante-el-analisis-de-factores-psicologicos-el-desarrollo-de-estrategias-de-bienestar-y-el-fortalecimiento\/\",\"name\":\"Dise\u00f1ar planes de intervenci\u00f3n desde la psicolog\u00eda deportiva para deportistas y bailarines mediante el an\u00e1lisis de factores psicol\u00f3gicos, el desarrollo de estrategias de bienestar y el fortalecimiento del rendimiento mental en el \u00e1mbito art\u00edstico y deportivo - Portafolio de capacidades - Tecnnova\",\"isPartOf\":{\"@id\":\"https:\/\/tecnnova.org\/portafolio-de-capacidades\/#website\"},\"primaryImageOfPage\":{\"@id\":\"https:\/\/tecnnova.org\/portafolio-de-capacidades\/tienda\/cultura-y-sociedad\/disenar-planes-de-intervencion-desde-la-psicologia-deportiva-para-deportistas-y-bailarines-mediante-el-analisis-de-factores-psicologicos-el-desarrollo-de-estrategias-de-bienestar-y-el-fortalecimiento\/#primaryimage\"},\"image\":{\"@id\":\"https:\/\/tecnnova.org\/portafolio-de-capacidades\/tienda\/cultura-y-sociedad\/disenar-planes-de-intervencion-desde-la-psicologia-deportiva-para-deportistas-y-bailarines-mediante-el-analisis-de-factores-psicologicos-el-desarrollo-de-estrategias-de-bienestar-y-el-fortalecimiento\/#primaryimage\"},\"thumbnailUrl\":\"https:\/\/tecnnova.org\/portafolio-de-capacidades\/wp-content\/uploads\/2024\/08\/iconcultura.png\",\"datePublished\":\"2025-07-18T09:57:59+00:00\",\"dateModified\":\"2025-07-18T09:57:59+00:00\",\"breadcrumb\":{\"@id\":\"https:\/\/tecnnova.org\/portafolio-de-capacidades\/tienda\/cultura-y-sociedad\/disenar-planes-de-intervencion-desde-la-psicologia-deportiva-para-deportistas-y-bailarines-mediante-el-analisis-de-factores-psicologicos-el-desarrollo-de-estrategias-de-bienestar-y-el-fortalecimiento\/#breadcrumb\"},\"inLanguage\":\"es-CO\",\"potentialAction\":[{\"@type\":\"ReadAction\",\"target\":[\"https:\/\/tecnnova.org\/portafolio-de-capacidades\/tienda\/cultura-y-sociedad\/disenar-planes-de-intervencion-desde-la-psicologia-deportiva-para-deportistas-y-bailarines-mediante-el-analisis-de-factores-psicologicos-el-desarrollo-de-estrategias-de-bienestar-y-el-fortalecimiento\/\"]}]},{\"@type\":\"ImageObject\",\"inLanguage\":\"es-CO\",\"@id\":\"https:\/\/tecnnova.org\/portafolio-de-capacidades\/tienda\/cultura-y-sociedad\/disenar-planes-de-intervencion-desde-la-psicologia-deportiva-para-deportistas-y-bailarines-mediante-el-analisis-de-factores-psicologicos-el-desarrollo-de-estrategias-de-bienestar-y-el-fortalecimiento\/#primaryimage\",\"url\":\"https:\/\/tecnnova.org\/portafolio-de-capacidades\/wp-content\/uploads\/2024\/08\/iconcultura.png\",\"contentUrl\":\"https:\/\/tecnnova.org\/portafolio-de-capacidades\/wp-content\/uploads\/2024\/08\/iconcultura.png\",\"width\":100,\"height\":100},{\"@type\":\"BreadcrumbList\",\"@id\":\"https:\/\/tecnnova.org\/portafolio-de-capacidades\/tienda\/cultura-y-sociedad\/disenar-planes-de-intervencion-desde-la-psicologia-deportiva-para-deportistas-y-bailarines-mediante-el-analisis-de-factores-psicologicos-el-desarrollo-de-estrategias-de-bienestar-y-el-fortalecimiento\/#breadcrumb\",\"itemListElement\":[{\"@type\":\"ListItem\",\"position\":1,\"name\":\"Inicio\",\"item\":\"https:\/\/tecnnova.org\/portafolio-de-capacidades\/\"},{\"@type\":\"ListItem\",\"position\":2,\"name\":\"Portafolio de Capacidades\",\"item\":\"https:\/\/tecnnova.org\/portafolio-de-capacidades\/\"},{\"@type\":\"ListItem\",\"position\":3,\"name\":\"Dise\u00f1ar planes de intervenci\u00f3n desde la psicolog\u00eda deportiva para deportistas y bailarines mediante el an\u00e1lisis de factores psicol\u00f3gicos, el desarrollo de estrategias de bienestar y el fortalecimiento del rendimiento mental en el \u00e1mbito art\u00edstico y deportivo\"}]},{\"@type\":\"WebSite\",\"@id\":\"https:\/\/tecnnova.org\/portafolio-de-capacidades\/#website\",\"url\":\"https:\/\/tecnnova.org\/portafolio-de-capacidades\/\",\"name\":\"Portafolio de capacidades - Tecnnova\",\"description\":\"\",\"publisher\":{\"@id\":\"https:\/\/tecnnova.org\/portafolio-de-capacidades\/#organization\"},\"potentialAction\":[{\"@type\":\"SearchAction\",\"target\":{\"@type\":\"EntryPoint\",\"urlTemplate\":\"https:\/\/tecnnova.org\/portafolio-de-capacidades\/?s={search_term_string}\"},\"query-input\":\"required name=search_term_string\"}],\"inLanguage\":\"es-CO\"},{\"@type\":\"Organization\",\"@id\":\"https:\/\/tecnnova.org\/portafolio-de-capacidades\/#organization\",\"name\":\"Portafolio de capacidades - Tecnnova\",\"url\":\"https:\/\/tecnnova.org\/portafolio-de-capacidades\/\",\"logo\":{\"@type\":\"ImageObject\",\"inLanguage\":\"es-CO\",\"@id\":\"https:\/\/tecnnova.org\/portafolio-de-capacidades\/#\/schema\/logo\/image\/\",\"url\":\"https:\/\/tecnnova.org\/portafolio-de-capacidades\/wp-content\/uploads\/2024\/07\/cropped-TECNNOVA-2022-02.png\",\"contentUrl\":\"https:\/\/tecnnova.org\/portafolio-de-capacidades\/wp-content\/uploads\/2024\/07\/cropped-TECNNOVA-2022-02.png\",\"width\":1609,\"height\":428,\"caption\":\"Portafolio de capacidades - Tecnnova\"},\"image\":{\"@id\":\"https:\/\/tecnnova.org\/portafolio-de-capacidades\/#\/schema\/logo\/image\/\"},\"sameAs\":[\"https:\/\/www.facebook.com\/Tecnnova_UEE-637591033015381\",\"https:\/\/x.com\/Tecnnova_UEE\"]}]}<\/script>\n<!-- \/ Yoast SEO plugin. -->","yoast_head_json":{"title":"Dise\u00f1ar planes de intervenci\u00f3n desde la psicolog\u00eda deportiva para deportistas y bailarines mediante el an\u00e1lisis de factores psicol\u00f3gicos, el desarrollo de estrategias de bienestar y el fortalecimiento del rendimiento mental en el \u00e1mbito art\u00edstico y deportivo - Portafolio de capacidades - Tecnnova","robots":{"index":"index","follow":"follow","max-snippet":"max-snippet:-1","max-image-preview":"max-image-preview:large","max-video-preview":"max-video-preview:-1"},"canonical":"https:\/\/tecnnova.org\/portafolio-de-capacidades\/tienda\/cultura-y-sociedad\/disenar-planes-de-intervencion-desde-la-psicologia-deportiva-para-deportistas-y-bailarines-mediante-el-analisis-de-factores-psicologicos-el-desarrollo-de-estrategias-de-bienestar-y-el-fortalecimiento\/","og_locale":"es_ES","og_type":"article","og_title":"Dise\u00f1ar planes de intervenci\u00f3n desde la psicolog\u00eda deportiva para deportistas y bailarines mediante el an\u00e1lisis de factores psicol\u00f3gicos, el desarrollo de estrategias de bienestar y el fortalecimiento del rendimiento mental en el \u00e1mbito art\u00edstico y deportivo - Portafolio de capacidades - Tecnnova","og_description":"El pole dance y danzas afines presentan una oferta de mercado reducida, por lo cual la capacidad en s\u00ed misma es de valor dentro del mercado, asimismo, la psicolog\u00eda del deporte no se ha centrado en esta poblaci\u00f3n, por lo que es una poblaci\u00f3n con mucho potencial de exploraci\u00f3n cient\u00edfica.","og_url":"https:\/\/tecnnova.org\/portafolio-de-capacidades\/tienda\/cultura-y-sociedad\/disenar-planes-de-intervencion-desde-la-psicologia-deportiva-para-deportistas-y-bailarines-mediante-el-analisis-de-factores-psicologicos-el-desarrollo-de-estrategias-de-bienestar-y-el-fortalecimiento\/","og_site_name":"Portafolio de capacidades - Tecnnova","article_publisher":"https:\/\/www.facebook.com\/Tecnnova_UEE-637591033015381","og_image":[{"width":100,"height":100,"url":"https:\/\/tecnnova.org\/portafolio-de-capacidades\/wp-content\/uploads\/2024\/08\/iconcultura.png","type":"image\/png"}],"twitter_card":"summary_large_image","twitter_site":"@Tecnnova_UEE","twitter_misc":{"Tiempo de lectura":"1 minuto"},"schema":{"@context":"https:\/\/schema.org","@graph":[{"@type":"WebPage","@id":"https:\/\/tecnnova.org\/portafolio-de-capacidades\/tienda\/cultura-y-sociedad\/disenar-planes-de-intervencion-desde-la-psicologia-deportiva-para-deportistas-y-bailarines-mediante-el-analisis-de-factores-psicologicos-el-desarrollo-de-estrategias-de-bienestar-y-el-fortalecimiento\/","url":"https:\/\/tecnnova.org\/portafolio-de-capacidades\/tienda\/cultura-y-sociedad\/disenar-planes-de-intervencion-desde-la-psicologia-deportiva-para-deportistas-y-bailarines-mediante-el-analisis-de-factores-psicologicos-el-desarrollo-de-estrategias-de-bienestar-y-el-fortalecimiento\/","name":"Dise\u00f1ar planes de intervenci\u00f3n desde la psicolog\u00eda deportiva para deportistas y bailarines mediante el an\u00e1lisis de factores psicol\u00f3gicos, el desarrollo de estrategias de bienestar y el fortalecimiento del rendimiento mental en el \u00e1mbito art\u00edstico y deportivo - Portafolio de capacidades - Tecnnova","isPartOf":{"@id":"https:\/\/tecnnova.org\/portafolio-de-capacidades\/#website"},"primaryImageOfPage":{"@id":"https:\/\/tecnnova.org\/portafolio-de-capacidades\/tienda\/cultura-y-sociedad\/disenar-planes-de-intervencion-desde-la-psicologia-deportiva-para-deportistas-y-bailarines-mediante-el-analisis-de-factores-psicologicos-el-desarrollo-de-estrategias-de-bienestar-y-el-fortalecimiento\/#primaryimage"},"image":{"@id":"https:\/\/tecnnova.org\/portafolio-de-capacidades\/tienda\/cultura-y-sociedad\/disenar-planes-de-intervencion-desde-la-psicologia-deportiva-para-deportistas-y-bailarines-mediante-el-analisis-de-factores-psicologicos-el-desarrollo-de-estrategias-de-bienestar-y-el-fortalecimiento\/#primaryimage"},"thumbnailUrl":"https:\/\/tecnnova.org\/portafolio-de-capacidades\/wp-content\/uploads\/2024\/08\/iconcultura.png","datePublished":"2025-07-18T09:57:59+00:00","dateModified":"2025-07-18T09:57:59+00:00","breadcrumb":{"@id":"https:\/\/tecnnova.org\/portafolio-de-capacidades\/tienda\/cultura-y-sociedad\/disenar-planes-de-intervencion-desde-la-psicologia-deportiva-para-deportistas-y-bailarines-mediante-el-analisis-de-factores-psicologicos-el-desarrollo-de-estrategias-de-bienestar-y-el-fortalecimiento\/#breadcrumb"},"inLanguage":"es-CO","potentialAction":[{"@type":"ReadAction","target":["https:\/\/tecnnova.org\/portafolio-de-capacidades\/tienda\/cultura-y-sociedad\/disenar-planes-de-intervencion-desde-la-psicologia-deportiva-para-deportistas-y-bailarines-mediante-el-analisis-de-factores-psicologicos-el-desarrollo-de-estrategias-de-bienestar-y-el-fortalecimiento\/"]}]},{"@type":"ImageObject","inLanguage":"es-CO","@id":"https:\/\/tecnnova.org\/portafolio-de-capacidades\/tienda\/cultura-y-sociedad\/disenar-planes-de-intervencion-desde-la-psicologia-deportiva-para-deportistas-y-bailarines-mediante-el-analisis-de-factores-psicologicos-el-desarrollo-de-estrategias-de-bienestar-y-el-fortalecimiento\/#primaryimage","url":"https:\/\/tecnnova.org\/portafolio-de-capacidades\/wp-content\/uploads\/2024\/08\/iconcultura.png","contentUrl":"https:\/\/tecnnova.org\/portafolio-de-capacidades\/wp-content\/uploads\/2024\/08\/iconcultura.png","width":100,"height":100},{"@type":"BreadcrumbList","@id":"https:\/\/tecnnova.org\/portafolio-de-capacidades\/tienda\/cultura-y-sociedad\/disenar-planes-de-intervencion-desde-la-psicologia-deportiva-para-deportistas-y-bailarines-mediante-el-analisis-de-factores-psicologicos-el-desarrollo-de-estrategias-de-bienestar-y-el-fortalecimiento\/#breadcrumb","itemListElement":[{"@type":"ListItem","position":1,"name":"Inicio","item":"https:\/\/tecnnova.org\/portafolio-de-capacidades\/"},{"@type":"ListItem","position":2,"name":"Portafolio de Capacidades","item":"https:\/\/tecnnova.org\/portafolio-de-capacidades\/"},{"@type":"ListItem","position":3,"name":"Dise\u00f1ar planes de intervenci\u00f3n desde la psicolog\u00eda deportiva para deportistas y bailarines mediante el an\u00e1lisis de factores psicol\u00f3gicos, el desarrollo de estrategias de bienestar y el fortalecimiento del rendimiento mental en el \u00e1mbito art\u00edstico y deportivo"}]},{"@type":"WebSite","@id":"https:\/\/tecnnova.org\/portafolio-de-capacidades\/#website","url":"https:\/\/tecnnova.org\/portafolio-de-capacidades\/","name":"Portafolio de capacidades - Tecnnova","description":"","publisher":{"@id":"https:\/\/tecnnova.org\/portafolio-de-capacidades\/#organization"},"potentialAction":[{"@type":"SearchAction","target":{"@type":"EntryPoint","urlTemplate":"https:\/\/tecnnova.org\/portafolio-de-capacidades\/?s={search_term_string}"},"query-input":"required name=search_term_string"}],"inLanguage":"es-CO"},{"@type":"Organization","@id":"https:\/\/tecnnova.org\/portafolio-de-capacidades\/#organization","name":"Portafolio de capacidades - Tecnnova","url":"https:\/\/tecnnova.org\/portafolio-de-capacidades\/","logo":{"@type":"ImageObject","inLanguage":"es-CO","@id":"https:\/\/tecnnova.org\/portafolio-de-capacidades\/#\/schema\/logo\/image\/","url":"https:\/\/tecnnova.org\/portafolio-de-capacidades\/wp-content\/uploads\/2024\/07\/cropped-TECNNOVA-2022-02.png","contentUrl":"https:\/\/tecnnova.org\/portafolio-de-capacidades\/wp-content\/uploads\/2024\/07\/cropped-TECNNOVA-2022-02.png","width":1609,"height":428,"caption":"Portafolio de capacidades - Tecnnova"},"image":{"@id":"https:\/\/tecnnova.org\/portafolio-de-capacidades\/#\/schema\/logo\/image\/"},"sameAs":["https:\/\/www.facebook.com\/Tecnnova_UEE-637591033015381","https:\/\/x.com\/Tecnnova_UEE"]}]}},"_links":{"self":[{"href":"https:\/\/tecnnova.org\/portafolio-de-capacidades\/wp-json\/wp\/v2\/product\/3355","targetHints":{"allow":["GET"]}}],"collection":[{"href":"https:\/\/tecnnova.org\/portafolio-de-capacidades\/wp-json\/wp\/v2\/product"}],"about":[{"href":"https:\/\/tecnnova.org\/portafolio-de-capacidades\/wp-json\/wp\/v2\/types\/product"}],"version-history":[{"count":1,"href":"https:\/\/tecnnova.org\/portafolio-de-capacidades\/wp-json\/wp\/v2\/product\/3355\/revisions"}],"predecessor-version":[{"id":3356,"href":"https:\/\/tecnnova.org\/portafolio-de-capacidades\/wp-json\/wp\/v2\/product\/3355\/revisions\/3356"}],"wp:featuredmedia":[{"embeddable":true,"href":"https:\/\/tecnnova.org\/portafolio-de-capacidades\/wp-json\/wp\/v2\/media\/905"}],"wp:attachment":[{"href":"https:\/\/tecnnova.org\/portafolio-de-capacidades\/wp-json\/wp\/v2\/media?parent=3355"}],"wp:term":[{"taxonomy":"product_cat","embeddable":true,"href":"https:\/\/tecnnova.org\/portafolio-de-capacidades\/wp-json\/wp\/v2\/product_cat?post=3355"},{"taxonomy":"product_tag","embeddable":true,"href":"https:\/\/tecnnova.org\/portafolio-de-capacidades\/wp-json\/wp\/v2\/product_tag?post=3355"}],"curies":[{"name":"wp","href":"https:\/\/api.w.org\/{rel}","templated":true}]}}