{"id":3404,"date":"2025-07-18T05:21:56","date_gmt":"2025-07-18T10:21:56","guid":{"rendered":"https:\/\/tecnnova.org\/portafolio-de-capacidades\/?post_type=product&#038;p=3404"},"modified":"2025-07-18T05:21:56","modified_gmt":"2025-07-18T10:21:56","slug":"analisis-de-textos-investigativos-y-academicos-mediante-metodologia-linguistica-en-pregrado-y-posgrado","status":"publish","type":"product","link":"https:\/\/tecnnova.org\/portafolio-de-capacidades\/tienda\/cultura-y-sociedad\/analisis-de-textos-investigativos-y-academicos-mediante-metodologia-linguistica-en-pregrado-y-posgrado\/","title":{"rendered":"An\u00e1lisis de textos investigativos y acad\u00e9micos mediante metodolog\u00eda ling\u00fc\u00edstica en pregrado y posgrado"},"content":{"rendered":"<p>Abordar problem\u00e1ticas de escritura cient\u00edfica en nichos por atendidos a nivel de pregrado, posgrado y gubernamental mediante al perspectiva de lenguaje claro.<\/p>\n","protected":false},"excerpt":{"rendered":"<p>Abordar problem\u00e1ticas de escritura cient\u00edfica en nichos por atendidos a nivel de pregrado, posgrado y gubernamental mediante al perspectiva de lenguaje claro.<\/p>\n","protected":false},"featured_media":905,"template":"","meta":{"_acf_changed":false},"product_cat":[2629],"product_tag":[3359,2578],"class_list":{"0":"post-3404","1":"product","2":"type-product","3":"status-publish","4":"has-post-thumbnail","6":"product_cat-cultura-y-sociedad","7":"product_tag-educacion","8":"product_tag-tecnnova","10":"first","11":"instock","12":"shipping-taxable","13":"product-type-simple"},"acf":[],"yoast_head":"<!-- This site is optimized with the Yoast SEO plugin v23.3 - https:\/\/yoast.com\/wordpress\/plugins\/seo\/ -->\n<title>An\u00e1lisis de textos investigativos y acad\u00e9micos mediante metodolog\u00eda ling\u00fc\u00edstica en pregrado y posgrado - Portafolio de capacidades - Tecnnova<\/title>\n<meta name=\"robots\" content=\"index, follow, max-snippet:-1, max-image-preview:large, max-video-preview:-1\" \/>\n<link rel=\"canonical\" href=\"https:\/\/tecnnova.org\/portafolio-de-capacidades\/tienda\/cultura-y-sociedad\/analisis-de-textos-investigativos-y-academicos-mediante-metodologia-linguistica-en-pregrado-y-posgrado\/\" \/>\n<meta property=\"og:locale\" content=\"es_ES\" \/>\n<meta property=\"og:type\" content=\"article\" \/>\n<meta property=\"og:title\" content=\"An\u00e1lisis de textos investigativos y acad\u00e9micos mediante metodolog\u00eda ling\u00fc\u00edstica en pregrado y posgrado - Portafolio de capacidades - Tecnnova\" \/>\n<meta property=\"og:description\" content=\"Abordar problem\u00e1ticas de escritura cient\u00edfica en nichos por atendidos a nivel de pregrado, posgrado y gubernamental mediante al perspectiva de lenguaje claro.\" \/>\n<meta property=\"og:url\" content=\"https:\/\/tecnnova.org\/portafolio-de-capacidades\/tienda\/cultura-y-sociedad\/analisis-de-textos-investigativos-y-academicos-mediante-metodologia-linguistica-en-pregrado-y-posgrado\/\" \/>\n<meta property=\"og:site_name\" content=\"Portafolio de capacidades - Tecnnova\" \/>\n<meta property=\"article:publisher\" content=\"https:\/\/www.facebook.com\/Tecnnova_UEE-637591033015381\" \/>\n<meta property=\"og:image\" content=\"https:\/\/tecnnova.org\/portafolio-de-capacidades\/wp-content\/uploads\/2024\/08\/iconcultura.png\" \/>\n\t<meta property=\"og:image:width\" content=\"100\" \/>\n\t<meta property=\"og:image:height\" content=\"100\" \/>\n\t<meta property=\"og:image:type\" content=\"image\/png\" \/>\n<meta name=\"twitter:card\" content=\"summary_large_image\" \/>\n<meta name=\"twitter:site\" content=\"@Tecnnova_UEE\" \/>\n<meta name=\"twitter:label1\" content=\"Tiempo de lectura\" \/>\n\t<meta name=\"twitter:data1\" content=\"1 minuto\" \/>\n<script type=\"application\/ld+json\" class=\"yoast-schema-graph\">{\"@context\":\"https:\/\/schema.org\",\"@graph\":[{\"@type\":\"WebPage\",\"@id\":\"https:\/\/tecnnova.org\/portafolio-de-capacidades\/tienda\/cultura-y-sociedad\/analisis-de-textos-investigativos-y-academicos-mediante-metodologia-linguistica-en-pregrado-y-posgrado\/\",\"url\":\"https:\/\/tecnnova.org\/portafolio-de-capacidades\/tienda\/cultura-y-sociedad\/analisis-de-textos-investigativos-y-academicos-mediante-metodologia-linguistica-en-pregrado-y-posgrado\/\",\"name\":\"An\u00e1lisis de textos investigativos y acad\u00e9micos mediante metodolog\u00eda ling\u00fc\u00edstica en pregrado y posgrado - Portafolio de capacidades - Tecnnova\",\"isPartOf\":{\"@id\":\"https:\/\/tecnnova.org\/portafolio-de-capacidades\/#website\"},\"primaryImageOfPage\":{\"@id\":\"https:\/\/tecnnova.org\/portafolio-de-capacidades\/tienda\/cultura-y-sociedad\/analisis-de-textos-investigativos-y-academicos-mediante-metodologia-linguistica-en-pregrado-y-posgrado\/#primaryimage\"},\"image\":{\"@id\":\"https:\/\/tecnnova.org\/portafolio-de-capacidades\/tienda\/cultura-y-sociedad\/analisis-de-textos-investigativos-y-academicos-mediante-metodologia-linguistica-en-pregrado-y-posgrado\/#primaryimage\"},\"thumbnailUrl\":\"https:\/\/tecnnova.org\/portafolio-de-capacidades\/wp-content\/uploads\/2024\/08\/iconcultura.png\",\"datePublished\":\"2025-07-18T10:21:56+00:00\",\"dateModified\":\"2025-07-18T10:21:56+00:00\",\"breadcrumb\":{\"@id\":\"https:\/\/tecnnova.org\/portafolio-de-capacidades\/tienda\/cultura-y-sociedad\/analisis-de-textos-investigativos-y-academicos-mediante-metodologia-linguistica-en-pregrado-y-posgrado\/#breadcrumb\"},\"inLanguage\":\"es-CO\",\"potentialAction\":[{\"@type\":\"ReadAction\",\"target\":[\"https:\/\/tecnnova.org\/portafolio-de-capacidades\/tienda\/cultura-y-sociedad\/analisis-de-textos-investigativos-y-academicos-mediante-metodologia-linguistica-en-pregrado-y-posgrado\/\"]}]},{\"@type\":\"ImageObject\",\"inLanguage\":\"es-CO\",\"@id\":\"https:\/\/tecnnova.org\/portafolio-de-capacidades\/tienda\/cultura-y-sociedad\/analisis-de-textos-investigativos-y-academicos-mediante-metodologia-linguistica-en-pregrado-y-posgrado\/#primaryimage\",\"url\":\"https:\/\/tecnnova.org\/portafolio-de-capacidades\/wp-content\/uploads\/2024\/08\/iconcultura.png\",\"contentUrl\":\"https:\/\/tecnnova.org\/portafolio-de-capacidades\/wp-content\/uploads\/2024\/08\/iconcultura.png\",\"width\":100,\"height\":100},{\"@type\":\"BreadcrumbList\",\"@id\":\"https:\/\/tecnnova.org\/portafolio-de-capacidades\/tienda\/cultura-y-sociedad\/analisis-de-textos-investigativos-y-academicos-mediante-metodologia-linguistica-en-pregrado-y-posgrado\/#breadcrumb\",\"itemListElement\":[{\"@type\":\"ListItem\",\"position\":1,\"name\":\"Inicio\",\"item\":\"https:\/\/tecnnova.org\/portafolio-de-capacidades\/\"},{\"@type\":\"ListItem\",\"position\":2,\"name\":\"Portafolio de Capacidades\",\"item\":\"https:\/\/tecnnova.org\/portafolio-de-capacidades\/\"},{\"@type\":\"ListItem\",\"position\":3,\"name\":\"An\u00e1lisis de textos investigativos y acad\u00e9micos mediante metodolog\u00eda ling\u00fc\u00edstica en pregrado y posgrado\"}]},{\"@type\":\"WebSite\",\"@id\":\"https:\/\/tecnnova.org\/portafolio-de-capacidades\/#website\",\"url\":\"https:\/\/tecnnova.org\/portafolio-de-capacidades\/\",\"name\":\"Portafolio de capacidades - Tecnnova\",\"description\":\"\",\"publisher\":{\"@id\":\"https:\/\/tecnnova.org\/portafolio-de-capacidades\/#organization\"},\"potentialAction\":[{\"@type\":\"SearchAction\",\"target\":{\"@type\":\"EntryPoint\",\"urlTemplate\":\"https:\/\/tecnnova.org\/portafolio-de-capacidades\/?s={search_term_string}\"},\"query-input\":\"required name=search_term_string\"}],\"inLanguage\":\"es-CO\"},{\"@type\":\"Organization\",\"@id\":\"https:\/\/tecnnova.org\/portafolio-de-capacidades\/#organization\",\"name\":\"Portafolio de capacidades - Tecnnova\",\"url\":\"https:\/\/tecnnova.org\/portafolio-de-capacidades\/\",\"logo\":{\"@type\":\"ImageObject\",\"inLanguage\":\"es-CO\",\"@id\":\"https:\/\/tecnnova.org\/portafolio-de-capacidades\/#\/schema\/logo\/image\/\",\"url\":\"https:\/\/tecnnova.org\/portafolio-de-capacidades\/wp-content\/uploads\/2024\/07\/cropped-TECNNOVA-2022-02.png\",\"contentUrl\":\"https:\/\/tecnnova.org\/portafolio-de-capacidades\/wp-content\/uploads\/2024\/07\/cropped-TECNNOVA-2022-02.png\",\"width\":1609,\"height\":428,\"caption\":\"Portafolio de capacidades - Tecnnova\"},\"image\":{\"@id\":\"https:\/\/tecnnova.org\/portafolio-de-capacidades\/#\/schema\/logo\/image\/\"},\"sameAs\":[\"https:\/\/www.facebook.com\/Tecnnova_UEE-637591033015381\",\"https:\/\/x.com\/Tecnnova_UEE\"]}]}<\/script>\n<!-- \/ Yoast SEO plugin. -->","yoast_head_json":{"title":"An\u00e1lisis de textos investigativos y acad\u00e9micos mediante metodolog\u00eda ling\u00fc\u00edstica en pregrado y posgrado - Portafolio de capacidades - Tecnnova","robots":{"index":"index","follow":"follow","max-snippet":"max-snippet:-1","max-image-preview":"max-image-preview:large","max-video-preview":"max-video-preview:-1"},"canonical":"https:\/\/tecnnova.org\/portafolio-de-capacidades\/tienda\/cultura-y-sociedad\/analisis-de-textos-investigativos-y-academicos-mediante-metodologia-linguistica-en-pregrado-y-posgrado\/","og_locale":"es_ES","og_type":"article","og_title":"An\u00e1lisis de textos investigativos y acad\u00e9micos mediante metodolog\u00eda ling\u00fc\u00edstica en pregrado y posgrado - Portafolio de capacidades - Tecnnova","og_description":"Abordar problem\u00e1ticas de escritura cient\u00edfica en nichos por atendidos a nivel de pregrado, posgrado y gubernamental mediante al perspectiva de lenguaje claro.","og_url":"https:\/\/tecnnova.org\/portafolio-de-capacidades\/tienda\/cultura-y-sociedad\/analisis-de-textos-investigativos-y-academicos-mediante-metodologia-linguistica-en-pregrado-y-posgrado\/","og_site_name":"Portafolio de capacidades - Tecnnova","article_publisher":"https:\/\/www.facebook.com\/Tecnnova_UEE-637591033015381","og_image":[{"width":100,"height":100,"url":"https:\/\/tecnnova.org\/portafolio-de-capacidades\/wp-content\/uploads\/2024\/08\/iconcultura.png","type":"image\/png"}],"twitter_card":"summary_large_image","twitter_site":"@Tecnnova_UEE","twitter_misc":{"Tiempo de lectura":"1 minuto"},"schema":{"@context":"https:\/\/schema.org","@graph":[{"@type":"WebPage","@id":"https:\/\/tecnnova.org\/portafolio-de-capacidades\/tienda\/cultura-y-sociedad\/analisis-de-textos-investigativos-y-academicos-mediante-metodologia-linguistica-en-pregrado-y-posgrado\/","url":"https:\/\/tecnnova.org\/portafolio-de-capacidades\/tienda\/cultura-y-sociedad\/analisis-de-textos-investigativos-y-academicos-mediante-metodologia-linguistica-en-pregrado-y-posgrado\/","name":"An\u00e1lisis de textos investigativos y acad\u00e9micos mediante metodolog\u00eda ling\u00fc\u00edstica en pregrado y posgrado - Portafolio de capacidades - Tecnnova","isPartOf":{"@id":"https:\/\/tecnnova.org\/portafolio-de-capacidades\/#website"},"primaryImageOfPage":{"@id":"https:\/\/tecnnova.org\/portafolio-de-capacidades\/tienda\/cultura-y-sociedad\/analisis-de-textos-investigativos-y-academicos-mediante-metodologia-linguistica-en-pregrado-y-posgrado\/#primaryimage"},"image":{"@id":"https:\/\/tecnnova.org\/portafolio-de-capacidades\/tienda\/cultura-y-sociedad\/analisis-de-textos-investigativos-y-academicos-mediante-metodologia-linguistica-en-pregrado-y-posgrado\/#primaryimage"},"thumbnailUrl":"https:\/\/tecnnova.org\/portafolio-de-capacidades\/wp-content\/uploads\/2024\/08\/iconcultura.png","datePublished":"2025-07-18T10:21:56+00:00","dateModified":"2025-07-18T10:21:56+00:00","breadcrumb":{"@id":"https:\/\/tecnnova.org\/portafolio-de-capacidades\/tienda\/cultura-y-sociedad\/analisis-de-textos-investigativos-y-academicos-mediante-metodologia-linguistica-en-pregrado-y-posgrado\/#breadcrumb"},"inLanguage":"es-CO","potentialAction":[{"@type":"ReadAction","target":["https:\/\/tecnnova.org\/portafolio-de-capacidades\/tienda\/cultura-y-sociedad\/analisis-de-textos-investigativos-y-academicos-mediante-metodologia-linguistica-en-pregrado-y-posgrado\/"]}]},{"@type":"ImageObject","inLanguage":"es-CO","@id":"https:\/\/tecnnova.org\/portafolio-de-capacidades\/tienda\/cultura-y-sociedad\/analisis-de-textos-investigativos-y-academicos-mediante-metodologia-linguistica-en-pregrado-y-posgrado\/#primaryimage","url":"https:\/\/tecnnova.org\/portafolio-de-capacidades\/wp-content\/uploads\/2024\/08\/iconcultura.png","contentUrl":"https:\/\/tecnnova.org\/portafolio-de-capacidades\/wp-content\/uploads\/2024\/08\/iconcultura.png","width":100,"height":100},{"@type":"BreadcrumbList","@id":"https:\/\/tecnnova.org\/portafolio-de-capacidades\/tienda\/cultura-y-sociedad\/analisis-de-textos-investigativos-y-academicos-mediante-metodologia-linguistica-en-pregrado-y-posgrado\/#breadcrumb","itemListElement":[{"@type":"ListItem","position":1,"name":"Inicio","item":"https:\/\/tecnnova.org\/portafolio-de-capacidades\/"},{"@type":"ListItem","position":2,"name":"Portafolio de Capacidades","item":"https:\/\/tecnnova.org\/portafolio-de-capacidades\/"},{"@type":"ListItem","position":3,"name":"An\u00e1lisis de textos investigativos y acad\u00e9micos mediante metodolog\u00eda ling\u00fc\u00edstica en pregrado y posgrado"}]},{"@type":"WebSite","@id":"https:\/\/tecnnova.org\/portafolio-de-capacidades\/#website","url":"https:\/\/tecnnova.org\/portafolio-de-capacidades\/","name":"Portafolio de capacidades - Tecnnova","description":"","publisher":{"@id":"https:\/\/tecnnova.org\/portafolio-de-capacidades\/#organization"},"potentialAction":[{"@type":"SearchAction","target":{"@type":"EntryPoint","urlTemplate":"https:\/\/tecnnova.org\/portafolio-de-capacidades\/?s={search_term_string}"},"query-input":"required name=search_term_string"}],"inLanguage":"es-CO"},{"@type":"Organization","@id":"https:\/\/tecnnova.org\/portafolio-de-capacidades\/#organization","name":"Portafolio de capacidades - Tecnnova","url":"https:\/\/tecnnova.org\/portafolio-de-capacidades\/","logo":{"@type":"ImageObject","inLanguage":"es-CO","@id":"https:\/\/tecnnova.org\/portafolio-de-capacidades\/#\/schema\/logo\/image\/","url":"https:\/\/tecnnova.org\/portafolio-de-capacidades\/wp-content\/uploads\/2024\/07\/cropped-TECNNOVA-2022-02.png","contentUrl":"https:\/\/tecnnova.org\/portafolio-de-capacidades\/wp-content\/uploads\/2024\/07\/cropped-TECNNOVA-2022-02.png","width":1609,"height":428,"caption":"Portafolio de capacidades - Tecnnova"},"image":{"@id":"https:\/\/tecnnova.org\/portafolio-de-capacidades\/#\/schema\/logo\/image\/"},"sameAs":["https:\/\/www.facebook.com\/Tecnnova_UEE-637591033015381","https:\/\/x.com\/Tecnnova_UEE"]}]}},"_links":{"self":[{"href":"https:\/\/tecnnova.org\/portafolio-de-capacidades\/wp-json\/wp\/v2\/product\/3404","targetHints":{"allow":["GET"]}}],"collection":[{"href":"https:\/\/tecnnova.org\/portafolio-de-capacidades\/wp-json\/wp\/v2\/product"}],"about":[{"href":"https:\/\/tecnnova.org\/portafolio-de-capacidades\/wp-json\/wp\/v2\/types\/product"}],"version-history":[{"count":2,"href":"https:\/\/tecnnova.org\/portafolio-de-capacidades\/wp-json\/wp\/v2\/product\/3404\/revisions"}],"predecessor-version":[{"id":3406,"href":"https:\/\/tecnnova.org\/portafolio-de-capacidades\/wp-json\/wp\/v2\/product\/3404\/revisions\/3406"}],"wp:featuredmedia":[{"embeddable":true,"href":"https:\/\/tecnnova.org\/portafolio-de-capacidades\/wp-json\/wp\/v2\/media\/905"}],"wp:attachment":[{"href":"https:\/\/tecnnova.org\/portafolio-de-capacidades\/wp-json\/wp\/v2\/media?parent=3404"}],"wp:term":[{"taxonomy":"product_cat","embeddable":true,"href":"https:\/\/tecnnova.org\/portafolio-de-capacidades\/wp-json\/wp\/v2\/product_cat?post=3404"},{"taxonomy":"product_tag","embeddable":true,"href":"https:\/\/tecnnova.org\/portafolio-de-capacidades\/wp-json\/wp\/v2\/product_tag?post=3404"}],"curies":[{"name":"wp","href":"https:\/\/api.w.org\/{rel}","templated":true}]}}