{"id":3429,"date":"2025-07-18T05:31:16","date_gmt":"2025-07-18T10:31:16","guid":{"rendered":"https:\/\/tecnnova.org\/portafolio-de-capacidades\/?post_type=product&#038;p=3429"},"modified":"2025-07-18T05:31:17","modified_gmt":"2025-07-18T10:31:17","slug":"gestionar-programas-educativos-de-basica-y-media-mediante-modalidad-virtual-asistida-para-publicos-diferenciados-en-extraedad-y-o-discapacidad","status":"publish","type":"product","link":"https:\/\/tecnnova.org\/portafolio-de-capacidades\/tienda\/organizaciones-y-territorios-competitivos\/gestionar-programas-educativos-de-basica-y-media-mediante-modalidad-virtual-asistida-para-publicos-diferenciados-en-extraedad-y-o-discapacidad\/","title":{"rendered":"Gestionar programas educativos de b\u00e1sica y media mediante modalidad Virtual Asistida para p\u00fablicos diferenciados en Extraedad y\/o Discapacidad"},"content":{"rendered":"<p>La modalidad Virtual Asistida que se dise\u00f1a como opci\u00f3n diferencial para poblaciones vulnerables espec\u00edficas, donde se busca entregar un derecho vital como lo es la educaci\u00f3n, sin barreras de acceso. La modalidad combina las bondades de la virtualidad sin dejar de lado el acompa\u00f1amiento que supone y requiere un ejercicio de aprendizaje, siempre adaptado a las condiciones y necesidades de ese p\u00fablico objetivo<\/p>\n","protected":false},"excerpt":{"rendered":"<p>La modalidad Virtual Asistida que se dise\u00f1a como opci\u00f3n diferencial para poblaciones vulnerables espec\u00edficas, donde se busca entregar un derecho vital como lo es la educaci\u00f3n, sin barreras de acceso. La modalidad combina las bondades de la virtualidad sin dejar de lado el acompa\u00f1amiento que supone y requiere un ejercicio de aprendizaje, siempre adaptado a [&hellip;]<\/p>\n","protected":false},"featured_media":904,"template":"","meta":{"_acf_changed":false},"product_cat":[2925],"product_tag":[3359,2578],"class_list":{"0":"post-3429","1":"product","2":"type-product","3":"status-publish","4":"has-post-thumbnail","6":"product_cat-organizaciones-y-territorios-competitivos","7":"product_tag-educacion","8":"product_tag-tecnnova","10":"first","11":"instock","12":"shipping-taxable","13":"product-type-simple"},"acf":[],"yoast_head":"<!-- This site is optimized with the Yoast SEO plugin v23.3 - https:\/\/yoast.com\/wordpress\/plugins\/seo\/ -->\n<title>Gestionar programas educativos de b\u00e1sica y media mediante modalidad Virtual Asistida para p\u00fablicos diferenciados en Extraedad y\/o Discapacidad - Portafolio de capacidades - Tecnnova<\/title>\n<meta name=\"robots\" content=\"index, follow, max-snippet:-1, max-image-preview:large, max-video-preview:-1\" \/>\n<link rel=\"canonical\" href=\"https:\/\/tecnnova.org\/portafolio-de-capacidades\/tienda\/organizaciones-y-territorios-competitivos\/gestionar-programas-educativos-de-basica-y-media-mediante-modalidad-virtual-asistida-para-publicos-diferenciados-en-extraedad-y-o-discapacidad\/\" \/>\n<meta property=\"og:locale\" content=\"es_ES\" \/>\n<meta property=\"og:type\" content=\"article\" \/>\n<meta property=\"og:title\" content=\"Gestionar programas educativos de b\u00e1sica y media mediante modalidad Virtual Asistida para p\u00fablicos diferenciados en Extraedad y\/o Discapacidad - Portafolio de capacidades - Tecnnova\" \/>\n<meta property=\"og:description\" content=\"La modalidad Virtual Asistida que se dise\u00f1a como opci\u00f3n diferencial para poblaciones vulnerables espec\u00edficas, donde se busca entregar un derecho vital como lo es la educaci\u00f3n, sin barreras de acceso. La modalidad combina las bondades de la virtualidad sin dejar de lado el acompa\u00f1amiento que supone y requiere un ejercicio de aprendizaje, siempre adaptado a [&hellip;]\" \/>\n<meta property=\"og:url\" content=\"https:\/\/tecnnova.org\/portafolio-de-capacidades\/tienda\/organizaciones-y-territorios-competitivos\/gestionar-programas-educativos-de-basica-y-media-mediante-modalidad-virtual-asistida-para-publicos-diferenciados-en-extraedad-y-o-discapacidad\/\" \/>\n<meta property=\"og:site_name\" content=\"Portafolio de capacidades - Tecnnova\" \/>\n<meta property=\"article:publisher\" content=\"https:\/\/www.facebook.com\/Tecnnova_UEE-637591033015381\" \/>\n<meta property=\"article:modified_time\" content=\"2025-07-18T10:31:17+00:00\" \/>\n<meta property=\"og:image\" content=\"https:\/\/tecnnova.org\/portafolio-de-capacidades\/wp-content\/uploads\/2024\/08\/iconorganizaciones.png\" \/>\n\t<meta property=\"og:image:width\" content=\"100\" \/>\n\t<meta property=\"og:image:height\" content=\"100\" \/>\n\t<meta property=\"og:image:type\" content=\"image\/png\" \/>\n<meta name=\"twitter:card\" content=\"summary_large_image\" \/>\n<meta name=\"twitter:site\" content=\"@Tecnnova_UEE\" \/>\n<meta name=\"twitter:label1\" content=\"Tiempo de lectura\" \/>\n\t<meta name=\"twitter:data1\" content=\"1 minuto\" \/>\n<script type=\"application\/ld+json\" class=\"yoast-schema-graph\">{\"@context\":\"https:\/\/schema.org\",\"@graph\":[{\"@type\":\"WebPage\",\"@id\":\"https:\/\/tecnnova.org\/portafolio-de-capacidades\/tienda\/organizaciones-y-territorios-competitivos\/gestionar-programas-educativos-de-basica-y-media-mediante-modalidad-virtual-asistida-para-publicos-diferenciados-en-extraedad-y-o-discapacidad\/\",\"url\":\"https:\/\/tecnnova.org\/portafolio-de-capacidades\/tienda\/organizaciones-y-territorios-competitivos\/gestionar-programas-educativos-de-basica-y-media-mediante-modalidad-virtual-asistida-para-publicos-diferenciados-en-extraedad-y-o-discapacidad\/\",\"name\":\"Gestionar programas educativos de b\u00e1sica y media mediante modalidad Virtual Asistida para p\u00fablicos diferenciados en Extraedad y\/o Discapacidad - Portafolio de capacidades - Tecnnova\",\"isPartOf\":{\"@id\":\"https:\/\/tecnnova.org\/portafolio-de-capacidades\/#website\"},\"primaryImageOfPage\":{\"@id\":\"https:\/\/tecnnova.org\/portafolio-de-capacidades\/tienda\/organizaciones-y-territorios-competitivos\/gestionar-programas-educativos-de-basica-y-media-mediante-modalidad-virtual-asistida-para-publicos-diferenciados-en-extraedad-y-o-discapacidad\/#primaryimage\"},\"image\":{\"@id\":\"https:\/\/tecnnova.org\/portafolio-de-capacidades\/tienda\/organizaciones-y-territorios-competitivos\/gestionar-programas-educativos-de-basica-y-media-mediante-modalidad-virtual-asistida-para-publicos-diferenciados-en-extraedad-y-o-discapacidad\/#primaryimage\"},\"thumbnailUrl\":\"https:\/\/tecnnova.org\/portafolio-de-capacidades\/wp-content\/uploads\/2024\/08\/iconorganizaciones.png\",\"datePublished\":\"2025-07-18T10:31:16+00:00\",\"dateModified\":\"2025-07-18T10:31:17+00:00\",\"breadcrumb\":{\"@id\":\"https:\/\/tecnnova.org\/portafolio-de-capacidades\/tienda\/organizaciones-y-territorios-competitivos\/gestionar-programas-educativos-de-basica-y-media-mediante-modalidad-virtual-asistida-para-publicos-diferenciados-en-extraedad-y-o-discapacidad\/#breadcrumb\"},\"inLanguage\":\"es-CO\",\"potentialAction\":[{\"@type\":\"ReadAction\",\"target\":[\"https:\/\/tecnnova.org\/portafolio-de-capacidades\/tienda\/organizaciones-y-territorios-competitivos\/gestionar-programas-educativos-de-basica-y-media-mediante-modalidad-virtual-asistida-para-publicos-diferenciados-en-extraedad-y-o-discapacidad\/\"]}]},{\"@type\":\"ImageObject\",\"inLanguage\":\"es-CO\",\"@id\":\"https:\/\/tecnnova.org\/portafolio-de-capacidades\/tienda\/organizaciones-y-territorios-competitivos\/gestionar-programas-educativos-de-basica-y-media-mediante-modalidad-virtual-asistida-para-publicos-diferenciados-en-extraedad-y-o-discapacidad\/#primaryimage\",\"url\":\"https:\/\/tecnnova.org\/portafolio-de-capacidades\/wp-content\/uploads\/2024\/08\/iconorganizaciones.png\",\"contentUrl\":\"https:\/\/tecnnova.org\/portafolio-de-capacidades\/wp-content\/uploads\/2024\/08\/iconorganizaciones.png\",\"width\":100,\"height\":100},{\"@type\":\"BreadcrumbList\",\"@id\":\"https:\/\/tecnnova.org\/portafolio-de-capacidades\/tienda\/organizaciones-y-territorios-competitivos\/gestionar-programas-educativos-de-basica-y-media-mediante-modalidad-virtual-asistida-para-publicos-diferenciados-en-extraedad-y-o-discapacidad\/#breadcrumb\",\"itemListElement\":[{\"@type\":\"ListItem\",\"position\":1,\"name\":\"Inicio\",\"item\":\"https:\/\/tecnnova.org\/portafolio-de-capacidades\/\"},{\"@type\":\"ListItem\",\"position\":2,\"name\":\"Portafolio de Capacidades\",\"item\":\"https:\/\/tecnnova.org\/portafolio-de-capacidades\/\"},{\"@type\":\"ListItem\",\"position\":3,\"name\":\"Gestionar programas educativos de b\u00e1sica y media mediante modalidad Virtual Asistida para p\u00fablicos diferenciados en Extraedad y\/o Discapacidad\"}]},{\"@type\":\"WebSite\",\"@id\":\"https:\/\/tecnnova.org\/portafolio-de-capacidades\/#website\",\"url\":\"https:\/\/tecnnova.org\/portafolio-de-capacidades\/\",\"name\":\"Portafolio de capacidades - Tecnnova\",\"description\":\"\",\"publisher\":{\"@id\":\"https:\/\/tecnnova.org\/portafolio-de-capacidades\/#organization\"},\"potentialAction\":[{\"@type\":\"SearchAction\",\"target\":{\"@type\":\"EntryPoint\",\"urlTemplate\":\"https:\/\/tecnnova.org\/portafolio-de-capacidades\/?s={search_term_string}\"},\"query-input\":\"required name=search_term_string\"}],\"inLanguage\":\"es-CO\"},{\"@type\":\"Organization\",\"@id\":\"https:\/\/tecnnova.org\/portafolio-de-capacidades\/#organization\",\"name\":\"Portafolio de capacidades - Tecnnova\",\"url\":\"https:\/\/tecnnova.org\/portafolio-de-capacidades\/\",\"logo\":{\"@type\":\"ImageObject\",\"inLanguage\":\"es-CO\",\"@id\":\"https:\/\/tecnnova.org\/portafolio-de-capacidades\/#\/schema\/logo\/image\/\",\"url\":\"https:\/\/tecnnova.org\/portafolio-de-capacidades\/wp-content\/uploads\/2024\/07\/cropped-TECNNOVA-2022-02.png\",\"contentUrl\":\"https:\/\/tecnnova.org\/portafolio-de-capacidades\/wp-content\/uploads\/2024\/07\/cropped-TECNNOVA-2022-02.png\",\"width\":1609,\"height\":428,\"caption\":\"Portafolio de capacidades - Tecnnova\"},\"image\":{\"@id\":\"https:\/\/tecnnova.org\/portafolio-de-capacidades\/#\/schema\/logo\/image\/\"},\"sameAs\":[\"https:\/\/www.facebook.com\/Tecnnova_UEE-637591033015381\",\"https:\/\/x.com\/Tecnnova_UEE\"]}]}<\/script>\n<!-- \/ Yoast SEO plugin. -->","yoast_head_json":{"title":"Gestionar programas educativos de b\u00e1sica y media mediante modalidad Virtual Asistida para p\u00fablicos diferenciados en Extraedad y\/o Discapacidad - Portafolio de capacidades - Tecnnova","robots":{"index":"index","follow":"follow","max-snippet":"max-snippet:-1","max-image-preview":"max-image-preview:large","max-video-preview":"max-video-preview:-1"},"canonical":"https:\/\/tecnnova.org\/portafolio-de-capacidades\/tienda\/organizaciones-y-territorios-competitivos\/gestionar-programas-educativos-de-basica-y-media-mediante-modalidad-virtual-asistida-para-publicos-diferenciados-en-extraedad-y-o-discapacidad\/","og_locale":"es_ES","og_type":"article","og_title":"Gestionar programas educativos de b\u00e1sica y media mediante modalidad Virtual Asistida para p\u00fablicos diferenciados en Extraedad y\/o Discapacidad - Portafolio de capacidades - Tecnnova","og_description":"La modalidad Virtual Asistida que se dise\u00f1a como opci\u00f3n diferencial para poblaciones vulnerables espec\u00edficas, donde se busca entregar un derecho vital como lo es la educaci\u00f3n, sin barreras de acceso. La modalidad combina las bondades de la virtualidad sin dejar de lado el acompa\u00f1amiento que supone y requiere un ejercicio de aprendizaje, siempre adaptado a [&hellip;]","og_url":"https:\/\/tecnnova.org\/portafolio-de-capacidades\/tienda\/organizaciones-y-territorios-competitivos\/gestionar-programas-educativos-de-basica-y-media-mediante-modalidad-virtual-asistida-para-publicos-diferenciados-en-extraedad-y-o-discapacidad\/","og_site_name":"Portafolio de capacidades - Tecnnova","article_publisher":"https:\/\/www.facebook.com\/Tecnnova_UEE-637591033015381","article_modified_time":"2025-07-18T10:31:17+00:00","og_image":[{"width":100,"height":100,"url":"https:\/\/tecnnova.org\/portafolio-de-capacidades\/wp-content\/uploads\/2024\/08\/iconorganizaciones.png","type":"image\/png"}],"twitter_card":"summary_large_image","twitter_site":"@Tecnnova_UEE","twitter_misc":{"Tiempo de lectura":"1 minuto"},"schema":{"@context":"https:\/\/schema.org","@graph":[{"@type":"WebPage","@id":"https:\/\/tecnnova.org\/portafolio-de-capacidades\/tienda\/organizaciones-y-territorios-competitivos\/gestionar-programas-educativos-de-basica-y-media-mediante-modalidad-virtual-asistida-para-publicos-diferenciados-en-extraedad-y-o-discapacidad\/","url":"https:\/\/tecnnova.org\/portafolio-de-capacidades\/tienda\/organizaciones-y-territorios-competitivos\/gestionar-programas-educativos-de-basica-y-media-mediante-modalidad-virtual-asistida-para-publicos-diferenciados-en-extraedad-y-o-discapacidad\/","name":"Gestionar programas educativos de b\u00e1sica y media mediante modalidad Virtual Asistida para p\u00fablicos diferenciados en Extraedad y\/o Discapacidad - Portafolio de capacidades - Tecnnova","isPartOf":{"@id":"https:\/\/tecnnova.org\/portafolio-de-capacidades\/#website"},"primaryImageOfPage":{"@id":"https:\/\/tecnnova.org\/portafolio-de-capacidades\/tienda\/organizaciones-y-territorios-competitivos\/gestionar-programas-educativos-de-basica-y-media-mediante-modalidad-virtual-asistida-para-publicos-diferenciados-en-extraedad-y-o-discapacidad\/#primaryimage"},"image":{"@id":"https:\/\/tecnnova.org\/portafolio-de-capacidades\/tienda\/organizaciones-y-territorios-competitivos\/gestionar-programas-educativos-de-basica-y-media-mediante-modalidad-virtual-asistida-para-publicos-diferenciados-en-extraedad-y-o-discapacidad\/#primaryimage"},"thumbnailUrl":"https:\/\/tecnnova.org\/portafolio-de-capacidades\/wp-content\/uploads\/2024\/08\/iconorganizaciones.png","datePublished":"2025-07-18T10:31:16+00:00","dateModified":"2025-07-18T10:31:17+00:00","breadcrumb":{"@id":"https:\/\/tecnnova.org\/portafolio-de-capacidades\/tienda\/organizaciones-y-territorios-competitivos\/gestionar-programas-educativos-de-basica-y-media-mediante-modalidad-virtual-asistida-para-publicos-diferenciados-en-extraedad-y-o-discapacidad\/#breadcrumb"},"inLanguage":"es-CO","potentialAction":[{"@type":"ReadAction","target":["https:\/\/tecnnova.org\/portafolio-de-capacidades\/tienda\/organizaciones-y-territorios-competitivos\/gestionar-programas-educativos-de-basica-y-media-mediante-modalidad-virtual-asistida-para-publicos-diferenciados-en-extraedad-y-o-discapacidad\/"]}]},{"@type":"ImageObject","inLanguage":"es-CO","@id":"https:\/\/tecnnova.org\/portafolio-de-capacidades\/tienda\/organizaciones-y-territorios-competitivos\/gestionar-programas-educativos-de-basica-y-media-mediante-modalidad-virtual-asistida-para-publicos-diferenciados-en-extraedad-y-o-discapacidad\/#primaryimage","url":"https:\/\/tecnnova.org\/portafolio-de-capacidades\/wp-content\/uploads\/2024\/08\/iconorganizaciones.png","contentUrl":"https:\/\/tecnnova.org\/portafolio-de-capacidades\/wp-content\/uploads\/2024\/08\/iconorganizaciones.png","width":100,"height":100},{"@type":"BreadcrumbList","@id":"https:\/\/tecnnova.org\/portafolio-de-capacidades\/tienda\/organizaciones-y-territorios-competitivos\/gestionar-programas-educativos-de-basica-y-media-mediante-modalidad-virtual-asistida-para-publicos-diferenciados-en-extraedad-y-o-discapacidad\/#breadcrumb","itemListElement":[{"@type":"ListItem","position":1,"name":"Inicio","item":"https:\/\/tecnnova.org\/portafolio-de-capacidades\/"},{"@type":"ListItem","position":2,"name":"Portafolio de Capacidades","item":"https:\/\/tecnnova.org\/portafolio-de-capacidades\/"},{"@type":"ListItem","position":3,"name":"Gestionar programas educativos de b\u00e1sica y media mediante modalidad Virtual Asistida para p\u00fablicos diferenciados en Extraedad y\/o Discapacidad"}]},{"@type":"WebSite","@id":"https:\/\/tecnnova.org\/portafolio-de-capacidades\/#website","url":"https:\/\/tecnnova.org\/portafolio-de-capacidades\/","name":"Portafolio de capacidades - Tecnnova","description":"","publisher":{"@id":"https:\/\/tecnnova.org\/portafolio-de-capacidades\/#organization"},"potentialAction":[{"@type":"SearchAction","target":{"@type":"EntryPoint","urlTemplate":"https:\/\/tecnnova.org\/portafolio-de-capacidades\/?s={search_term_string}"},"query-input":"required name=search_term_string"}],"inLanguage":"es-CO"},{"@type":"Organization","@id":"https:\/\/tecnnova.org\/portafolio-de-capacidades\/#organization","name":"Portafolio de capacidades - Tecnnova","url":"https:\/\/tecnnova.org\/portafolio-de-capacidades\/","logo":{"@type":"ImageObject","inLanguage":"es-CO","@id":"https:\/\/tecnnova.org\/portafolio-de-capacidades\/#\/schema\/logo\/image\/","url":"https:\/\/tecnnova.org\/portafolio-de-capacidades\/wp-content\/uploads\/2024\/07\/cropped-TECNNOVA-2022-02.png","contentUrl":"https:\/\/tecnnova.org\/portafolio-de-capacidades\/wp-content\/uploads\/2024\/07\/cropped-TECNNOVA-2022-02.png","width":1609,"height":428,"caption":"Portafolio de capacidades - Tecnnova"},"image":{"@id":"https:\/\/tecnnova.org\/portafolio-de-capacidades\/#\/schema\/logo\/image\/"},"sameAs":["https:\/\/www.facebook.com\/Tecnnova_UEE-637591033015381","https:\/\/x.com\/Tecnnova_UEE"]}]}},"_links":{"self":[{"href":"https:\/\/tecnnova.org\/portafolio-de-capacidades\/wp-json\/wp\/v2\/product\/3429","targetHints":{"allow":["GET"]}}],"collection":[{"href":"https:\/\/tecnnova.org\/portafolio-de-capacidades\/wp-json\/wp\/v2\/product"}],"about":[{"href":"https:\/\/tecnnova.org\/portafolio-de-capacidades\/wp-json\/wp\/v2\/types\/product"}],"version-history":[{"count":1,"href":"https:\/\/tecnnova.org\/portafolio-de-capacidades\/wp-json\/wp\/v2\/product\/3429\/revisions"}],"predecessor-version":[{"id":3430,"href":"https:\/\/tecnnova.org\/portafolio-de-capacidades\/wp-json\/wp\/v2\/product\/3429\/revisions\/3430"}],"wp:featuredmedia":[{"embeddable":true,"href":"https:\/\/tecnnova.org\/portafolio-de-capacidades\/wp-json\/wp\/v2\/media\/904"}],"wp:attachment":[{"href":"https:\/\/tecnnova.org\/portafolio-de-capacidades\/wp-json\/wp\/v2\/media?parent=3429"}],"wp:term":[{"taxonomy":"product_cat","embeddable":true,"href":"https:\/\/tecnnova.org\/portafolio-de-capacidades\/wp-json\/wp\/v2\/product_cat?post=3429"},{"taxonomy":"product_tag","embeddable":true,"href":"https:\/\/tecnnova.org\/portafolio-de-capacidades\/wp-json\/wp\/v2\/product_tag?post=3429"}],"curies":[{"name":"wp","href":"https:\/\/api.w.org\/{rel}","templated":true}]}}