{"id":4120,"date":"2025-09-26T09:00:28","date_gmt":"2025-09-26T14:00:28","guid":{"rendered":"https:\/\/tecnnova.org\/portafolio-de-capacidades\/?post_type=product&#038;p=4120"},"modified":"2025-09-26T09:00:29","modified_gmt":"2025-09-26T14:00:29","slug":"investigacion-y-desarrollo-de-soluciones-alimenticias","status":"publish","type":"product","link":"https:\/\/tecnnova.org\/portafolio-de-capacidades\/tienda\/salud-y-vida\/investigacion-y-desarrollo-de-soluciones-alimenticias\/","title":{"rendered":"Investigaci\u00f3n y desarrollo de soluciones alimenticias"},"content":{"rendered":"<p>Centro de estudios avanzados en nutrici\u00f3n y alimentaci\u00f3n CESNUTRAL de la Universidad CES, ser\u00e1 un Centro de innovaci\u00f3n y productividad que tendr\u00e1 por objeto generar, transformar y comunicar conocimientos en las ciencias de la nutrici\u00f3n y los alimentos mediante el relacionamiento efectivo entre Universidad \u2013 Empresa \u2013 Estado, dinamizando actividades de I+D+i, asesor\u00eda, consultor\u00eda y de transferencia tecnol\u00f3gica para el fortalecimiento de la productividad, la competitividad y el desarrollo econ\u00f3mico sostenible, con una perspectiva global\u00a0 y de pa\u00eds,\u00a0 brindando respuestas dirigidas a impactar la situaci\u00f3n alimentaria y nutricional de personas y comunidades a nivel local, regional y nacional.<\/p>\n","protected":false},"excerpt":{"rendered":"<p>Centro de estudios avanzados en nutrici\u00f3n y alimentaci\u00f3n CESNUTRAL de la Universidad CES, ser\u00e1 un Centro de innovaci\u00f3n y productividad que tendr\u00e1 por objeto generar, transformar y comunicar conocimientos en las ciencias de la nutrici\u00f3n y los alimentos mediante el relacionamiento efectivo entre Universidad \u2013 Empresa \u2013 Estado, dinamizando actividades de I+D+i, asesor\u00eda, consultor\u00eda y [&hellip;]<\/p>\n","protected":false},"featured_media":902,"template":"","meta":{"_acf_changed":false},"product_cat":[2566],"product_tag":[4632,3004,6631,6630,3150,2703,2578],"class_list":{"0":"post-4120","1":"product","2":"type-product","3":"status-publish","4":"has-post-thumbnail","6":"product_cat-salud-y-vida","7":"product_tag-alimentacion","8":"product_tag-alimentacion-sostenible","9":"product_tag-alimentario","10":"product_tag-ces","11":"product_tag-nutricion","12":"product_tag-salud","13":"product_tag-tecnnova","15":"first","16":"instock","17":"shipping-taxable","18":"product-type-simple"},"acf":[],"yoast_head":"<!-- This site is optimized with the Yoast SEO plugin v23.3 - https:\/\/yoast.com\/wordpress\/plugins\/seo\/ -->\n<title>Investigaci\u00f3n y desarrollo de soluciones alimenticias - Portafolio de capacidades - Tecnnova<\/title>\n<meta name=\"robots\" content=\"index, follow, max-snippet:-1, max-image-preview:large, max-video-preview:-1\" \/>\n<link rel=\"canonical\" href=\"https:\/\/tecnnova.org\/portafolio-de-capacidades\/tienda\/salud-y-vida\/investigacion-y-desarrollo-de-soluciones-alimenticias\/\" \/>\n<meta property=\"og:locale\" content=\"es_ES\" \/>\n<meta property=\"og:type\" content=\"article\" \/>\n<meta property=\"og:title\" content=\"Investigaci\u00f3n y desarrollo de soluciones alimenticias - Portafolio de capacidades - Tecnnova\" \/>\n<meta property=\"og:description\" content=\"Centro de estudios avanzados en nutrici\u00f3n y alimentaci\u00f3n CESNUTRAL de la Universidad CES, ser\u00e1 un Centro de innovaci\u00f3n y productividad que tendr\u00e1 por objeto generar, transformar y comunicar conocimientos en las ciencias de la nutrici\u00f3n y los alimentos mediante el relacionamiento efectivo entre Universidad \u2013 Empresa \u2013 Estado, dinamizando actividades de I+D+i, asesor\u00eda, consultor\u00eda y [&hellip;]\" \/>\n<meta property=\"og:url\" content=\"https:\/\/tecnnova.org\/portafolio-de-capacidades\/tienda\/salud-y-vida\/investigacion-y-desarrollo-de-soluciones-alimenticias\/\" \/>\n<meta property=\"og:site_name\" content=\"Portafolio de capacidades - Tecnnova\" \/>\n<meta property=\"article:publisher\" content=\"https:\/\/www.facebook.com\/Tecnnova_UEE-637591033015381\" \/>\n<meta property=\"article:modified_time\" content=\"2025-09-26T14:00:29+00:00\" \/>\n<meta property=\"og:image\" content=\"https:\/\/tecnnova.org\/portafolio-de-capacidades\/wp-content\/uploads\/2024\/08\/iconsaludyvida.png\" \/>\n\t<meta property=\"og:image:width\" content=\"100\" \/>\n\t<meta property=\"og:image:height\" content=\"100\" \/>\n\t<meta property=\"og:image:type\" content=\"image\/png\" \/>\n<meta name=\"twitter:card\" content=\"summary_large_image\" \/>\n<meta name=\"twitter:site\" content=\"@Tecnnova_UEE\" \/>\n<meta name=\"twitter:label1\" content=\"Tiempo de lectura\" \/>\n\t<meta name=\"twitter:data1\" content=\"1 minuto\" \/>\n<script type=\"application\/ld+json\" class=\"yoast-schema-graph\">{\"@context\":\"https:\/\/schema.org\",\"@graph\":[{\"@type\":\"WebPage\",\"@id\":\"https:\/\/tecnnova.org\/portafolio-de-capacidades\/tienda\/salud-y-vida\/investigacion-y-desarrollo-de-soluciones-alimenticias\/\",\"url\":\"https:\/\/tecnnova.org\/portafolio-de-capacidades\/tienda\/salud-y-vida\/investigacion-y-desarrollo-de-soluciones-alimenticias\/\",\"name\":\"Investigaci\u00f3n y desarrollo de soluciones alimenticias - Portafolio de capacidades - Tecnnova\",\"isPartOf\":{\"@id\":\"https:\/\/tecnnova.org\/portafolio-de-capacidades\/#website\"},\"primaryImageOfPage\":{\"@id\":\"https:\/\/tecnnova.org\/portafolio-de-capacidades\/tienda\/salud-y-vida\/investigacion-y-desarrollo-de-soluciones-alimenticias\/#primaryimage\"},\"image\":{\"@id\":\"https:\/\/tecnnova.org\/portafolio-de-capacidades\/tienda\/salud-y-vida\/investigacion-y-desarrollo-de-soluciones-alimenticias\/#primaryimage\"},\"thumbnailUrl\":\"https:\/\/tecnnova.org\/portafolio-de-capacidades\/wp-content\/uploads\/2024\/08\/iconsaludyvida.png\",\"datePublished\":\"2025-09-26T14:00:28+00:00\",\"dateModified\":\"2025-09-26T14:00:29+00:00\",\"breadcrumb\":{\"@id\":\"https:\/\/tecnnova.org\/portafolio-de-capacidades\/tienda\/salud-y-vida\/investigacion-y-desarrollo-de-soluciones-alimenticias\/#breadcrumb\"},\"inLanguage\":\"es-CO\",\"potentialAction\":[{\"@type\":\"ReadAction\",\"target\":[\"https:\/\/tecnnova.org\/portafolio-de-capacidades\/tienda\/salud-y-vida\/investigacion-y-desarrollo-de-soluciones-alimenticias\/\"]}]},{\"@type\":\"ImageObject\",\"inLanguage\":\"es-CO\",\"@id\":\"https:\/\/tecnnova.org\/portafolio-de-capacidades\/tienda\/salud-y-vida\/investigacion-y-desarrollo-de-soluciones-alimenticias\/#primaryimage\",\"url\":\"https:\/\/tecnnova.org\/portafolio-de-capacidades\/wp-content\/uploads\/2024\/08\/iconsaludyvida.png\",\"contentUrl\":\"https:\/\/tecnnova.org\/portafolio-de-capacidades\/wp-content\/uploads\/2024\/08\/iconsaludyvida.png\",\"width\":100,\"height\":100},{\"@type\":\"BreadcrumbList\",\"@id\":\"https:\/\/tecnnova.org\/portafolio-de-capacidades\/tienda\/salud-y-vida\/investigacion-y-desarrollo-de-soluciones-alimenticias\/#breadcrumb\",\"itemListElement\":[{\"@type\":\"ListItem\",\"position\":1,\"name\":\"Inicio\",\"item\":\"https:\/\/tecnnova.org\/portafolio-de-capacidades\/\"},{\"@type\":\"ListItem\",\"position\":2,\"name\":\"Portafolio de Capacidades\",\"item\":\"https:\/\/tecnnova.org\/portafolio-de-capacidades\/\"},{\"@type\":\"ListItem\",\"position\":3,\"name\":\"Investigaci\u00f3n y desarrollo de soluciones alimenticias\"}]},{\"@type\":\"WebSite\",\"@id\":\"https:\/\/tecnnova.org\/portafolio-de-capacidades\/#website\",\"url\":\"https:\/\/tecnnova.org\/portafolio-de-capacidades\/\",\"name\":\"Portafolio de capacidades - Tecnnova\",\"description\":\"\",\"publisher\":{\"@id\":\"https:\/\/tecnnova.org\/portafolio-de-capacidades\/#organization\"},\"potentialAction\":[{\"@type\":\"SearchAction\",\"target\":{\"@type\":\"EntryPoint\",\"urlTemplate\":\"https:\/\/tecnnova.org\/portafolio-de-capacidades\/?s={search_term_string}\"},\"query-input\":\"required name=search_term_string\"}],\"inLanguage\":\"es-CO\"},{\"@type\":\"Organization\",\"@id\":\"https:\/\/tecnnova.org\/portafolio-de-capacidades\/#organization\",\"name\":\"Portafolio de capacidades - Tecnnova\",\"url\":\"https:\/\/tecnnova.org\/portafolio-de-capacidades\/\",\"logo\":{\"@type\":\"ImageObject\",\"inLanguage\":\"es-CO\",\"@id\":\"https:\/\/tecnnova.org\/portafolio-de-capacidades\/#\/schema\/logo\/image\/\",\"url\":\"https:\/\/tecnnova.org\/portafolio-de-capacidades\/wp-content\/uploads\/2024\/07\/cropped-TECNNOVA-2022-02.png\",\"contentUrl\":\"https:\/\/tecnnova.org\/portafolio-de-capacidades\/wp-content\/uploads\/2024\/07\/cropped-TECNNOVA-2022-02.png\",\"width\":1609,\"height\":428,\"caption\":\"Portafolio de capacidades - Tecnnova\"},\"image\":{\"@id\":\"https:\/\/tecnnova.org\/portafolio-de-capacidades\/#\/schema\/logo\/image\/\"},\"sameAs\":[\"https:\/\/www.facebook.com\/Tecnnova_UEE-637591033015381\",\"https:\/\/x.com\/Tecnnova_UEE\"]}]}<\/script>\n<!-- \/ Yoast SEO plugin. -->","yoast_head_json":{"title":"Investigaci\u00f3n y desarrollo de soluciones alimenticias - Portafolio de capacidades - Tecnnova","robots":{"index":"index","follow":"follow","max-snippet":"max-snippet:-1","max-image-preview":"max-image-preview:large","max-video-preview":"max-video-preview:-1"},"canonical":"https:\/\/tecnnova.org\/portafolio-de-capacidades\/tienda\/salud-y-vida\/investigacion-y-desarrollo-de-soluciones-alimenticias\/","og_locale":"es_ES","og_type":"article","og_title":"Investigaci\u00f3n y desarrollo de soluciones alimenticias - Portafolio de capacidades - Tecnnova","og_description":"Centro de estudios avanzados en nutrici\u00f3n y alimentaci\u00f3n CESNUTRAL de la Universidad CES, ser\u00e1 un Centro de innovaci\u00f3n y productividad que tendr\u00e1 por objeto generar, transformar y comunicar conocimientos en las ciencias de la nutrici\u00f3n y los alimentos mediante el relacionamiento efectivo entre Universidad \u2013 Empresa \u2013 Estado, dinamizando actividades de I+D+i, asesor\u00eda, consultor\u00eda y [&hellip;]","og_url":"https:\/\/tecnnova.org\/portafolio-de-capacidades\/tienda\/salud-y-vida\/investigacion-y-desarrollo-de-soluciones-alimenticias\/","og_site_name":"Portafolio de capacidades - Tecnnova","article_publisher":"https:\/\/www.facebook.com\/Tecnnova_UEE-637591033015381","article_modified_time":"2025-09-26T14:00:29+00:00","og_image":[{"width":100,"height":100,"url":"https:\/\/tecnnova.org\/portafolio-de-capacidades\/wp-content\/uploads\/2024\/08\/iconsaludyvida.png","type":"image\/png"}],"twitter_card":"summary_large_image","twitter_site":"@Tecnnova_UEE","twitter_misc":{"Tiempo de lectura":"1 minuto"},"schema":{"@context":"https:\/\/schema.org","@graph":[{"@type":"WebPage","@id":"https:\/\/tecnnova.org\/portafolio-de-capacidades\/tienda\/salud-y-vida\/investigacion-y-desarrollo-de-soluciones-alimenticias\/","url":"https:\/\/tecnnova.org\/portafolio-de-capacidades\/tienda\/salud-y-vida\/investigacion-y-desarrollo-de-soluciones-alimenticias\/","name":"Investigaci\u00f3n y desarrollo de soluciones alimenticias - Portafolio de capacidades - Tecnnova","isPartOf":{"@id":"https:\/\/tecnnova.org\/portafolio-de-capacidades\/#website"},"primaryImageOfPage":{"@id":"https:\/\/tecnnova.org\/portafolio-de-capacidades\/tienda\/salud-y-vida\/investigacion-y-desarrollo-de-soluciones-alimenticias\/#primaryimage"},"image":{"@id":"https:\/\/tecnnova.org\/portafolio-de-capacidades\/tienda\/salud-y-vida\/investigacion-y-desarrollo-de-soluciones-alimenticias\/#primaryimage"},"thumbnailUrl":"https:\/\/tecnnova.org\/portafolio-de-capacidades\/wp-content\/uploads\/2024\/08\/iconsaludyvida.png","datePublished":"2025-09-26T14:00:28+00:00","dateModified":"2025-09-26T14:00:29+00:00","breadcrumb":{"@id":"https:\/\/tecnnova.org\/portafolio-de-capacidades\/tienda\/salud-y-vida\/investigacion-y-desarrollo-de-soluciones-alimenticias\/#breadcrumb"},"inLanguage":"es-CO","potentialAction":[{"@type":"ReadAction","target":["https:\/\/tecnnova.org\/portafolio-de-capacidades\/tienda\/salud-y-vida\/investigacion-y-desarrollo-de-soluciones-alimenticias\/"]}]},{"@type":"ImageObject","inLanguage":"es-CO","@id":"https:\/\/tecnnova.org\/portafolio-de-capacidades\/tienda\/salud-y-vida\/investigacion-y-desarrollo-de-soluciones-alimenticias\/#primaryimage","url":"https:\/\/tecnnova.org\/portafolio-de-capacidades\/wp-content\/uploads\/2024\/08\/iconsaludyvida.png","contentUrl":"https:\/\/tecnnova.org\/portafolio-de-capacidades\/wp-content\/uploads\/2024\/08\/iconsaludyvida.png","width":100,"height":100},{"@type":"BreadcrumbList","@id":"https:\/\/tecnnova.org\/portafolio-de-capacidades\/tienda\/salud-y-vida\/investigacion-y-desarrollo-de-soluciones-alimenticias\/#breadcrumb","itemListElement":[{"@type":"ListItem","position":1,"name":"Inicio","item":"https:\/\/tecnnova.org\/portafolio-de-capacidades\/"},{"@type":"ListItem","position":2,"name":"Portafolio de Capacidades","item":"https:\/\/tecnnova.org\/portafolio-de-capacidades\/"},{"@type":"ListItem","position":3,"name":"Investigaci\u00f3n y desarrollo de soluciones alimenticias"}]},{"@type":"WebSite","@id":"https:\/\/tecnnova.org\/portafolio-de-capacidades\/#website","url":"https:\/\/tecnnova.org\/portafolio-de-capacidades\/","name":"Portafolio de capacidades - Tecnnova","description":"","publisher":{"@id":"https:\/\/tecnnova.org\/portafolio-de-capacidades\/#organization"},"potentialAction":[{"@type":"SearchAction","target":{"@type":"EntryPoint","urlTemplate":"https:\/\/tecnnova.org\/portafolio-de-capacidades\/?s={search_term_string}"},"query-input":"required name=search_term_string"}],"inLanguage":"es-CO"},{"@type":"Organization","@id":"https:\/\/tecnnova.org\/portafolio-de-capacidades\/#organization","name":"Portafolio de capacidades - Tecnnova","url":"https:\/\/tecnnova.org\/portafolio-de-capacidades\/","logo":{"@type":"ImageObject","inLanguage":"es-CO","@id":"https:\/\/tecnnova.org\/portafolio-de-capacidades\/#\/schema\/logo\/image\/","url":"https:\/\/tecnnova.org\/portafolio-de-capacidades\/wp-content\/uploads\/2024\/07\/cropped-TECNNOVA-2022-02.png","contentUrl":"https:\/\/tecnnova.org\/portafolio-de-capacidades\/wp-content\/uploads\/2024\/07\/cropped-TECNNOVA-2022-02.png","width":1609,"height":428,"caption":"Portafolio de capacidades - Tecnnova"},"image":{"@id":"https:\/\/tecnnova.org\/portafolio-de-capacidades\/#\/schema\/logo\/image\/"},"sameAs":["https:\/\/www.facebook.com\/Tecnnova_UEE-637591033015381","https:\/\/x.com\/Tecnnova_UEE"]}]}},"_links":{"self":[{"href":"https:\/\/tecnnova.org\/portafolio-de-capacidades\/wp-json\/wp\/v2\/product\/4120","targetHints":{"allow":["GET"]}}],"collection":[{"href":"https:\/\/tecnnova.org\/portafolio-de-capacidades\/wp-json\/wp\/v2\/product"}],"about":[{"href":"https:\/\/tecnnova.org\/portafolio-de-capacidades\/wp-json\/wp\/v2\/types\/product"}],"version-history":[{"count":1,"href":"https:\/\/tecnnova.org\/portafolio-de-capacidades\/wp-json\/wp\/v2\/product\/4120\/revisions"}],"predecessor-version":[{"id":4121,"href":"https:\/\/tecnnova.org\/portafolio-de-capacidades\/wp-json\/wp\/v2\/product\/4120\/revisions\/4121"}],"wp:featuredmedia":[{"embeddable":true,"href":"https:\/\/tecnnova.org\/portafolio-de-capacidades\/wp-json\/wp\/v2\/media\/902"}],"wp:attachment":[{"href":"https:\/\/tecnnova.org\/portafolio-de-capacidades\/wp-json\/wp\/v2\/media?parent=4120"}],"wp:term":[{"taxonomy":"product_cat","embeddable":true,"href":"https:\/\/tecnnova.org\/portafolio-de-capacidades\/wp-json\/wp\/v2\/product_cat?post=4120"},{"taxonomy":"product_tag","embeddable":true,"href":"https:\/\/tecnnova.org\/portafolio-de-capacidades\/wp-json\/wp\/v2\/product_tag?post=4120"}],"curies":[{"name":"wp","href":"https:\/\/api.w.org\/{rel}","templated":true}]}}