{"id":4139,"date":"2025-10-22T12:00:52","date_gmt":"2025-10-22T17:00:52","guid":{"rendered":"https:\/\/tecnnova.org\/portafolio-de-capacidades\/?post_type=product&#038;p=4139"},"modified":"2025-10-22T12:00:52","modified_gmt":"2025-10-22T17:00:52","slug":"fabricar-aceites-esenciales-naturales-como-materia-prima-para-las-industrias-cosmetica-y-alimenticia","status":"publish","type":"product","link":"https:\/\/tecnnova.org\/portafolio-de-capacidades\/tienda\/salud-y-vida\/fabricar-aceites-esenciales-naturales-como-materia-prima-para-las-industrias-cosmetica-y-alimenticia\/","title":{"rendered":"Fabricar aceites esenciales naturales como materia prima para las industrias cosm\u00e9tica y alimenticia"},"content":{"rendered":"<p>Pr\u00e1cticas de extracci\u00f3n respetuosas con el medio ambiente, asegurando la preservaci\u00f3n de la biodiversidad y la sustentabilidad a largo plazo. Fabricar aceites esenciales naturales como materia prima para las industrias cosm\u00e9tica y alimenticia, aumentando el valor agregado de los recursos locales y fortaleciendo el desarrollo econ\u00f3mico sostenible.<\/p>\n","protected":false},"excerpt":{"rendered":"<p>Pr\u00e1cticas de extracci\u00f3n respetuosas con el medio ambiente, asegurando la preservaci\u00f3n de la biodiversidad y la sustentabilidad a largo plazo. Fabricar aceites esenciales naturales como materia prima para las industrias cosm\u00e9tica y alimenticia, aumentando el valor agregado de los recursos locales y fortaleciendo el desarrollo econ\u00f3mico sostenible.<\/p>\n","protected":false},"featured_media":902,"template":"","meta":{"_acf_changed":false},"product_cat":[2566],"product_tag":[6638,6260,6613,3857,2728,2578,6635],"class_list":{"0":"post-4139","1":"product","2":"type-product","3":"status-publish","4":"has-post-thumbnail","6":"product_cat-salud-y-vida","7":"product_tag-alimentaria","8":"product_tag-capacidad","9":"product_tag-cosmetica","10":"product_tag-extraccion","11":"product_tag-medio-ambiente","12":"product_tag-tecnnova","13":"product_tag-uniclaretiana","15":"first","16":"instock","17":"shipping-taxable","18":"product-type-simple"},"acf":[],"yoast_head":"<!-- This site is optimized with the Yoast SEO plugin v23.3 - https:\/\/yoast.com\/wordpress\/plugins\/seo\/ -->\n<title>Fabricar aceites esenciales naturales como materia prima para las industrias cosm\u00e9tica y alimenticia - Portafolio de capacidades - Tecnnova<\/title>\n<meta name=\"robots\" content=\"index, follow, max-snippet:-1, max-image-preview:large, max-video-preview:-1\" \/>\n<link rel=\"canonical\" href=\"https:\/\/tecnnova.org\/portafolio-de-capacidades\/tienda\/salud-y-vida\/fabricar-aceites-esenciales-naturales-como-materia-prima-para-las-industrias-cosmetica-y-alimenticia\/\" \/>\n<meta property=\"og:locale\" content=\"es_ES\" \/>\n<meta property=\"og:type\" content=\"article\" \/>\n<meta property=\"og:title\" content=\"Fabricar aceites esenciales naturales como materia prima para las industrias cosm\u00e9tica y alimenticia - Portafolio de capacidades - Tecnnova\" \/>\n<meta property=\"og:description\" content=\"Pr\u00e1cticas de extracci\u00f3n respetuosas con el medio ambiente, asegurando la preservaci\u00f3n de la biodiversidad y la sustentabilidad a largo plazo. Fabricar aceites esenciales naturales como materia prima para las industrias cosm\u00e9tica y alimenticia, aumentando el valor agregado de los recursos locales y fortaleciendo el desarrollo econ\u00f3mico sostenible.\" \/>\n<meta property=\"og:url\" content=\"https:\/\/tecnnova.org\/portafolio-de-capacidades\/tienda\/salud-y-vida\/fabricar-aceites-esenciales-naturales-como-materia-prima-para-las-industrias-cosmetica-y-alimenticia\/\" \/>\n<meta property=\"og:site_name\" content=\"Portafolio de capacidades - Tecnnova\" \/>\n<meta property=\"article:publisher\" content=\"https:\/\/www.facebook.com\/Tecnnova_UEE-637591033015381\" \/>\n<meta property=\"og:image\" content=\"https:\/\/tecnnova.org\/portafolio-de-capacidades\/wp-content\/uploads\/2024\/08\/iconsaludyvida.png\" \/>\n\t<meta property=\"og:image:width\" content=\"100\" \/>\n\t<meta property=\"og:image:height\" content=\"100\" \/>\n\t<meta property=\"og:image:type\" content=\"image\/png\" \/>\n<meta name=\"twitter:card\" content=\"summary_large_image\" \/>\n<meta name=\"twitter:site\" content=\"@Tecnnova_UEE\" \/>\n<meta name=\"twitter:label1\" content=\"Tiempo de lectura\" \/>\n\t<meta name=\"twitter:data1\" content=\"1 minuto\" \/>\n<script type=\"application\/ld+json\" class=\"yoast-schema-graph\">{\"@context\":\"https:\/\/schema.org\",\"@graph\":[{\"@type\":\"WebPage\",\"@id\":\"https:\/\/tecnnova.org\/portafolio-de-capacidades\/tienda\/salud-y-vida\/fabricar-aceites-esenciales-naturales-como-materia-prima-para-las-industrias-cosmetica-y-alimenticia\/\",\"url\":\"https:\/\/tecnnova.org\/portafolio-de-capacidades\/tienda\/salud-y-vida\/fabricar-aceites-esenciales-naturales-como-materia-prima-para-las-industrias-cosmetica-y-alimenticia\/\",\"name\":\"Fabricar aceites esenciales naturales como materia prima para las industrias cosm\u00e9tica y alimenticia - Portafolio de capacidades - Tecnnova\",\"isPartOf\":{\"@id\":\"https:\/\/tecnnova.org\/portafolio-de-capacidades\/#website\"},\"primaryImageOfPage\":{\"@id\":\"https:\/\/tecnnova.org\/portafolio-de-capacidades\/tienda\/salud-y-vida\/fabricar-aceites-esenciales-naturales-como-materia-prima-para-las-industrias-cosmetica-y-alimenticia\/#primaryimage\"},\"image\":{\"@id\":\"https:\/\/tecnnova.org\/portafolio-de-capacidades\/tienda\/salud-y-vida\/fabricar-aceites-esenciales-naturales-como-materia-prima-para-las-industrias-cosmetica-y-alimenticia\/#primaryimage\"},\"thumbnailUrl\":\"https:\/\/tecnnova.org\/portafolio-de-capacidades\/wp-content\/uploads\/2024\/08\/iconsaludyvida.png\",\"datePublished\":\"2025-10-22T17:00:52+00:00\",\"dateModified\":\"2025-10-22T17:00:52+00:00\",\"breadcrumb\":{\"@id\":\"https:\/\/tecnnova.org\/portafolio-de-capacidades\/tienda\/salud-y-vida\/fabricar-aceites-esenciales-naturales-como-materia-prima-para-las-industrias-cosmetica-y-alimenticia\/#breadcrumb\"},\"inLanguage\":\"es-CO\",\"potentialAction\":[{\"@type\":\"ReadAction\",\"target\":[\"https:\/\/tecnnova.org\/portafolio-de-capacidades\/tienda\/salud-y-vida\/fabricar-aceites-esenciales-naturales-como-materia-prima-para-las-industrias-cosmetica-y-alimenticia\/\"]}]},{\"@type\":\"ImageObject\",\"inLanguage\":\"es-CO\",\"@id\":\"https:\/\/tecnnova.org\/portafolio-de-capacidades\/tienda\/salud-y-vida\/fabricar-aceites-esenciales-naturales-como-materia-prima-para-las-industrias-cosmetica-y-alimenticia\/#primaryimage\",\"url\":\"https:\/\/tecnnova.org\/portafolio-de-capacidades\/wp-content\/uploads\/2024\/08\/iconsaludyvida.png\",\"contentUrl\":\"https:\/\/tecnnova.org\/portafolio-de-capacidades\/wp-content\/uploads\/2024\/08\/iconsaludyvida.png\",\"width\":100,\"height\":100},{\"@type\":\"BreadcrumbList\",\"@id\":\"https:\/\/tecnnova.org\/portafolio-de-capacidades\/tienda\/salud-y-vida\/fabricar-aceites-esenciales-naturales-como-materia-prima-para-las-industrias-cosmetica-y-alimenticia\/#breadcrumb\",\"itemListElement\":[{\"@type\":\"ListItem\",\"position\":1,\"name\":\"Inicio\",\"item\":\"https:\/\/tecnnova.org\/portafolio-de-capacidades\/\"},{\"@type\":\"ListItem\",\"position\":2,\"name\":\"Portafolio de Capacidades\",\"item\":\"https:\/\/tecnnova.org\/portafolio-de-capacidades\/\"},{\"@type\":\"ListItem\",\"position\":3,\"name\":\"Fabricar aceites esenciales naturales como materia prima para las industrias cosm\u00e9tica y alimenticia\"}]},{\"@type\":\"WebSite\",\"@id\":\"https:\/\/tecnnova.org\/portafolio-de-capacidades\/#website\",\"url\":\"https:\/\/tecnnova.org\/portafolio-de-capacidades\/\",\"name\":\"Portafolio de capacidades - Tecnnova\",\"description\":\"\",\"publisher\":{\"@id\":\"https:\/\/tecnnova.org\/portafolio-de-capacidades\/#organization\"},\"potentialAction\":[{\"@type\":\"SearchAction\",\"target\":{\"@type\":\"EntryPoint\",\"urlTemplate\":\"https:\/\/tecnnova.org\/portafolio-de-capacidades\/?s={search_term_string}\"},\"query-input\":\"required name=search_term_string\"}],\"inLanguage\":\"es-CO\"},{\"@type\":\"Organization\",\"@id\":\"https:\/\/tecnnova.org\/portafolio-de-capacidades\/#organization\",\"name\":\"Portafolio de capacidades - Tecnnova\",\"url\":\"https:\/\/tecnnova.org\/portafolio-de-capacidades\/\",\"logo\":{\"@type\":\"ImageObject\",\"inLanguage\":\"es-CO\",\"@id\":\"https:\/\/tecnnova.org\/portafolio-de-capacidades\/#\/schema\/logo\/image\/\",\"url\":\"https:\/\/tecnnova.org\/portafolio-de-capacidades\/wp-content\/uploads\/2024\/07\/cropped-TECNNOVA-2022-02.png\",\"contentUrl\":\"https:\/\/tecnnova.org\/portafolio-de-capacidades\/wp-content\/uploads\/2024\/07\/cropped-TECNNOVA-2022-02.png\",\"width\":1609,\"height\":428,\"caption\":\"Portafolio de capacidades - Tecnnova\"},\"image\":{\"@id\":\"https:\/\/tecnnova.org\/portafolio-de-capacidades\/#\/schema\/logo\/image\/\"},\"sameAs\":[\"https:\/\/www.facebook.com\/Tecnnova_UEE-637591033015381\",\"https:\/\/x.com\/Tecnnova_UEE\"]}]}<\/script>\n<!-- \/ Yoast SEO plugin. -->","yoast_head_json":{"title":"Fabricar aceites esenciales naturales como materia prima para las industrias cosm\u00e9tica y alimenticia - Portafolio de capacidades - Tecnnova","robots":{"index":"index","follow":"follow","max-snippet":"max-snippet:-1","max-image-preview":"max-image-preview:large","max-video-preview":"max-video-preview:-1"},"canonical":"https:\/\/tecnnova.org\/portafolio-de-capacidades\/tienda\/salud-y-vida\/fabricar-aceites-esenciales-naturales-como-materia-prima-para-las-industrias-cosmetica-y-alimenticia\/","og_locale":"es_ES","og_type":"article","og_title":"Fabricar aceites esenciales naturales como materia prima para las industrias cosm\u00e9tica y alimenticia - Portafolio de capacidades - Tecnnova","og_description":"Pr\u00e1cticas de extracci\u00f3n respetuosas con el medio ambiente, asegurando la preservaci\u00f3n de la biodiversidad y la sustentabilidad a largo plazo. Fabricar aceites esenciales naturales como materia prima para las industrias cosm\u00e9tica y alimenticia, aumentando el valor agregado de los recursos locales y fortaleciendo el desarrollo econ\u00f3mico sostenible.","og_url":"https:\/\/tecnnova.org\/portafolio-de-capacidades\/tienda\/salud-y-vida\/fabricar-aceites-esenciales-naturales-como-materia-prima-para-las-industrias-cosmetica-y-alimenticia\/","og_site_name":"Portafolio de capacidades - Tecnnova","article_publisher":"https:\/\/www.facebook.com\/Tecnnova_UEE-637591033015381","og_image":[{"width":100,"height":100,"url":"https:\/\/tecnnova.org\/portafolio-de-capacidades\/wp-content\/uploads\/2024\/08\/iconsaludyvida.png","type":"image\/png"}],"twitter_card":"summary_large_image","twitter_site":"@Tecnnova_UEE","twitter_misc":{"Tiempo de lectura":"1 minuto"},"schema":{"@context":"https:\/\/schema.org","@graph":[{"@type":"WebPage","@id":"https:\/\/tecnnova.org\/portafolio-de-capacidades\/tienda\/salud-y-vida\/fabricar-aceites-esenciales-naturales-como-materia-prima-para-las-industrias-cosmetica-y-alimenticia\/","url":"https:\/\/tecnnova.org\/portafolio-de-capacidades\/tienda\/salud-y-vida\/fabricar-aceites-esenciales-naturales-como-materia-prima-para-las-industrias-cosmetica-y-alimenticia\/","name":"Fabricar aceites esenciales naturales como materia prima para las industrias cosm\u00e9tica y alimenticia - Portafolio de capacidades - Tecnnova","isPartOf":{"@id":"https:\/\/tecnnova.org\/portafolio-de-capacidades\/#website"},"primaryImageOfPage":{"@id":"https:\/\/tecnnova.org\/portafolio-de-capacidades\/tienda\/salud-y-vida\/fabricar-aceites-esenciales-naturales-como-materia-prima-para-las-industrias-cosmetica-y-alimenticia\/#primaryimage"},"image":{"@id":"https:\/\/tecnnova.org\/portafolio-de-capacidades\/tienda\/salud-y-vida\/fabricar-aceites-esenciales-naturales-como-materia-prima-para-las-industrias-cosmetica-y-alimenticia\/#primaryimage"},"thumbnailUrl":"https:\/\/tecnnova.org\/portafolio-de-capacidades\/wp-content\/uploads\/2024\/08\/iconsaludyvida.png","datePublished":"2025-10-22T17:00:52+00:00","dateModified":"2025-10-22T17:00:52+00:00","breadcrumb":{"@id":"https:\/\/tecnnova.org\/portafolio-de-capacidades\/tienda\/salud-y-vida\/fabricar-aceites-esenciales-naturales-como-materia-prima-para-las-industrias-cosmetica-y-alimenticia\/#breadcrumb"},"inLanguage":"es-CO","potentialAction":[{"@type":"ReadAction","target":["https:\/\/tecnnova.org\/portafolio-de-capacidades\/tienda\/salud-y-vida\/fabricar-aceites-esenciales-naturales-como-materia-prima-para-las-industrias-cosmetica-y-alimenticia\/"]}]},{"@type":"ImageObject","inLanguage":"es-CO","@id":"https:\/\/tecnnova.org\/portafolio-de-capacidades\/tienda\/salud-y-vida\/fabricar-aceites-esenciales-naturales-como-materia-prima-para-las-industrias-cosmetica-y-alimenticia\/#primaryimage","url":"https:\/\/tecnnova.org\/portafolio-de-capacidades\/wp-content\/uploads\/2024\/08\/iconsaludyvida.png","contentUrl":"https:\/\/tecnnova.org\/portafolio-de-capacidades\/wp-content\/uploads\/2024\/08\/iconsaludyvida.png","width":100,"height":100},{"@type":"BreadcrumbList","@id":"https:\/\/tecnnova.org\/portafolio-de-capacidades\/tienda\/salud-y-vida\/fabricar-aceites-esenciales-naturales-como-materia-prima-para-las-industrias-cosmetica-y-alimenticia\/#breadcrumb","itemListElement":[{"@type":"ListItem","position":1,"name":"Inicio","item":"https:\/\/tecnnova.org\/portafolio-de-capacidades\/"},{"@type":"ListItem","position":2,"name":"Portafolio de Capacidades","item":"https:\/\/tecnnova.org\/portafolio-de-capacidades\/"},{"@type":"ListItem","position":3,"name":"Fabricar aceites esenciales naturales como materia prima para las industrias cosm\u00e9tica y alimenticia"}]},{"@type":"WebSite","@id":"https:\/\/tecnnova.org\/portafolio-de-capacidades\/#website","url":"https:\/\/tecnnova.org\/portafolio-de-capacidades\/","name":"Portafolio de capacidades - Tecnnova","description":"","publisher":{"@id":"https:\/\/tecnnova.org\/portafolio-de-capacidades\/#organization"},"potentialAction":[{"@type":"SearchAction","target":{"@type":"EntryPoint","urlTemplate":"https:\/\/tecnnova.org\/portafolio-de-capacidades\/?s={search_term_string}"},"query-input":"required name=search_term_string"}],"inLanguage":"es-CO"},{"@type":"Organization","@id":"https:\/\/tecnnova.org\/portafolio-de-capacidades\/#organization","name":"Portafolio de capacidades - Tecnnova","url":"https:\/\/tecnnova.org\/portafolio-de-capacidades\/","logo":{"@type":"ImageObject","inLanguage":"es-CO","@id":"https:\/\/tecnnova.org\/portafolio-de-capacidades\/#\/schema\/logo\/image\/","url":"https:\/\/tecnnova.org\/portafolio-de-capacidades\/wp-content\/uploads\/2024\/07\/cropped-TECNNOVA-2022-02.png","contentUrl":"https:\/\/tecnnova.org\/portafolio-de-capacidades\/wp-content\/uploads\/2024\/07\/cropped-TECNNOVA-2022-02.png","width":1609,"height":428,"caption":"Portafolio de capacidades - Tecnnova"},"image":{"@id":"https:\/\/tecnnova.org\/portafolio-de-capacidades\/#\/schema\/logo\/image\/"},"sameAs":["https:\/\/www.facebook.com\/Tecnnova_UEE-637591033015381","https:\/\/x.com\/Tecnnova_UEE"]}]}},"_links":{"self":[{"href":"https:\/\/tecnnova.org\/portafolio-de-capacidades\/wp-json\/wp\/v2\/product\/4139","targetHints":{"allow":["GET"]}}],"collection":[{"href":"https:\/\/tecnnova.org\/portafolio-de-capacidades\/wp-json\/wp\/v2\/product"}],"about":[{"href":"https:\/\/tecnnova.org\/portafolio-de-capacidades\/wp-json\/wp\/v2\/types\/product"}],"version-history":[{"count":1,"href":"https:\/\/tecnnova.org\/portafolio-de-capacidades\/wp-json\/wp\/v2\/product\/4139\/revisions"}],"predecessor-version":[{"id":4140,"href":"https:\/\/tecnnova.org\/portafolio-de-capacidades\/wp-json\/wp\/v2\/product\/4139\/revisions\/4140"}],"wp:featuredmedia":[{"embeddable":true,"href":"https:\/\/tecnnova.org\/portafolio-de-capacidades\/wp-json\/wp\/v2\/media\/902"}],"wp:attachment":[{"href":"https:\/\/tecnnova.org\/portafolio-de-capacidades\/wp-json\/wp\/v2\/media?parent=4139"}],"wp:term":[{"taxonomy":"product_cat","embeddable":true,"href":"https:\/\/tecnnova.org\/portafolio-de-capacidades\/wp-json\/wp\/v2\/product_cat?post=4139"},{"taxonomy":"product_tag","embeddable":true,"href":"https:\/\/tecnnova.org\/portafolio-de-capacidades\/wp-json\/wp\/v2\/product_tag?post=4139"}],"curies":[{"name":"wp","href":"https:\/\/api.w.org\/{rel}","templated":true}]}}